{"id":14828,"date":"2022-09-19T11:20:08","date_gmt":"2022-09-19T03:20:08","guid":{"rendered":"https:\/\/sumkcaps.com\/?post_type=product&#038;p=14828"},"modified":"2026-04-03T15:36:09","modified_gmt":"2026-04-03T07:36:09","slug":"sufox-2920-custom-five-panel-printing-hip-hop-snapback-cap","status":"publish","type":"product","link":"https:\/\/sumkcaps.com\/sv\/produkt\/sufox-2920-custom-fem-panel-tryck-hip-hop-snapback-keps\/","title":{"rendered":"Sumkcaps 2920 Custom Five Panel Printing Hip Hop Snapback keps"},"content":{"rendered":"<h3 data-section-id=\"1fbq7kg\" data-start=\"126\" data-end=\"178\"><span role=\"text\"><strong data-start=\"130\" data-end=\"176\">Dekoration<\/strong><\/span><\/h3>\n<p data-start=\"179\" data-end=\"448\">Den h\u00e4r kepsen kombinerar 3D-broderi med helt\u00e4ckande tryck, vilket skapar en dynamisk och skiktad visuell effekt. Det upph\u00f6jda broderiet ger djup och textur, medan det helt\u00e4ckande trycket m\u00f6jligg\u00f6r dj\u00e4rva, kreativa m\u00f6nster, vilket g\u00f6r den idealisk f\u00f6r hiphopstilar och framst\u00e5ende varum\u00e4rkesprofilering.<\/p>\n<h3 data-section-id=\"kpdawz\" data-start=\"455\" data-end=\"492\"><span role=\"text\"><strong data-start=\"459\" data-end=\"490\">Material<\/strong><\/span><\/h3>\n<p data-start=\"493\" data-end=\"752\">Denna keps \u00e4r tillverkad av en polyester- och bomullsblandning och \u00e4r b\u00e5de h\u00e5llbar och bekv\u00e4m. Polyester f\u00f6rb\u00e4ttrar tryckets tydlighet och f\u00e4rgbest\u00e4ndighet, medan bomull ger andningsf\u00f6rm\u00e5ga och en mjuk touch, vilket garanterar l\u00e5ngvarig anv\u00e4ndning och en bekv\u00e4m passform f\u00f6r daglig anv\u00e4ndning.<\/p>\n<h3 data-section-id=\"slu0w9\" data-start=\"759\" data-end=\"787\"><span role=\"text\"><strong data-start=\"763\" data-end=\"785\">F\u00e4rg<\/strong><\/span><\/h3>\n<p data-start=\"788\" data-end=\"1051\">Kepsen \u00e4r helt anpassningsbar i f\u00e4rg och har ett brett utbud av designm\u00f6jligheter, fr\u00e5n livfulla m\u00f6nster till subtila toner. Varum\u00e4rken kan matcha exakta f\u00e4rgkrav eller skapa unika kombinationer, vilket ger en stark visuell identitet och attraktionskraft p\u00e5 konkurrensutsatta marknader.<\/p>\n<h3 data-section-id=\"1ujt2bk\" data-start=\"1058\" data-end=\"1097\"><span role=\"text\"><strong data-start=\"1062\" data-end=\"1095\">Passform och storlek<\/strong><\/span><\/h3>\n<p data-start=\"1098\" data-end=\"1343\">Den h\u00e4r kepsen har en justerbar snapback-st\u00e4ngning och passar i en storlek som str\u00e4cker sig fr\u00e5n 7 till 7 3\/4. Den ger en s\u00e4ker och bekv\u00e4m passform f\u00f6r olika huvudstorlekar, vilket g\u00f6r den till ett utm\u00e4rkt val f\u00f6r bulkproduktion och olika m\u00e5lgrupper.<\/p>\n<h3 data-section-id=\"3asju8\" data-start=\"1350\" data-end=\"1377\"><span role=\"text\"><strong data-start=\"1354\" data-end=\"1375\">Visir<\/strong><\/span><\/h3>\n<p data-start=\"1378\" data-end=\"1606\">Visiret med platt sk\u00e4rm ger en modern, strukturerad look som passar hiphop- och streetwear-trender. Det beh\u00e5ller sin form \u00f6ver tid samtidigt som det ger ett effektivt solskydd och kombinerar stil och funktionalitet f\u00f6r vardagsbruk.<\/p>\n<h3 data-section-id=\"3nymbz\" data-start=\"1613\" data-end=\"1642\"><span role=\"text\"><strong data-start=\"1617\" data-end=\"1640\">Service<\/strong><\/span><\/h3>\n<p data-start=\"1643\" data-end=\"1889\">Vi erbjuder omfattande OEM- och ODM-tj\u00e4nster, inklusive anpassade logotyper, material, f\u00e4rger och f\u00f6rpackningar. V\u00e5rt erfarna team s\u00e4kerst\u00e4ller exakt utf\u00f6rande av dina m\u00f6nster och hj\u00e4lper till att f\u00f6rverkliga din varum\u00e4rkesvision med h\u00f6gkvalitativa produktionsstandarder.<\/p>\n<h3 data-section-id=\"1mx9aa5\" data-start=\"1896\" data-end=\"1921\"><span role=\"text\"><strong data-start=\"1900\" data-end=\"1919\">Genomf\u00f6randetid<\/strong><\/span><\/h3>\n<p data-start=\"1922\" data-end=\"2161\" data-is-last-node=\"\" data-is-only-node=\"\">V\u00e5r effektiva produktionsprocess s\u00e4kerst\u00e4ller snabba leveranstider, med prover som f\u00e4rdigst\u00e4lls inom 7-9 arbetsdagar och bulkproduktion som f\u00e4rdigst\u00e4lls inom 18-22 arbetsdagar. Detta g\u00f6r det m\u00f6jligt f\u00f6r varum\u00e4rken att h\u00e5lla deadlines och snabbt svara p\u00e5 marknadens krav.<\/p>","protected":false},"excerpt":{"rendered":"<p>Sumkcaps 2920 Custom Five Panel Printing Hip Hop Snapback Cap \u00e4r en av popul\u00e4ra Cap Style, l\u00e4tt vikt och andningsbar v\u00e4l. V\u00e5ra Snapbacks kommer i en m\u00e4ngd olika stilar och f\u00e4rger fr\u00e5n alla de b\u00e4sta varum\u00e4rkena.<\/p>","protected":false},"featured_media":14829,"template":"","meta":{"_acf_changed":false,"_kad_blocks_custom_css":"","_kad_blocks_head_custom_js":"","_kad_blocks_body_custom_js":"","_kad_blocks_footer_custom_js":""},"product_brand":[],"product_cat":[42],"product_tag":[],"class_list":{"0":"post-14828","1":"product","2":"type-product","3":"status-publish","4":"has-post-thumbnail","6":"product_cat-snapback-cap","8":"first","9":"outofstock","10":"shipping-taxable","11":"product-type-simple"},"acf":[],"yoast_head":"<!-- This site is optimized with the Yoast SEO Premium plugin v20.8 (Yoast SEO v25.9) - https:\/\/yoast.com\/wordpress\/plugins\/seo\/ -->\n<title>Custom Printing Hip Hop Snapback Cap | China Manufactuer<\/title>\n<meta name=\"description\" content=\"High Quality China Custom Headwear Manufacturer. Top Quality Products At Best Prices. Add Your Logo or Custom Design Online. Expert Service. Bulk Discount.\" \/>\n<meta name=\"robots\" content=\"index, follow, max-snippet:-1, max-image-preview:large, max-video-preview:-1\" \/>\n<link rel=\"canonical\" href=\"https:\/\/sumkcaps.com\/sv\/produkt\/sufox-2920-custom-fem-panel-tryck-hip-hop-snapback-keps\/\" \/>\n<meta property=\"og:locale\" content=\"sv_SE\" \/>\n<meta property=\"og:type\" content=\"article\" \/>\n<meta property=\"og:title\" content=\"Sumkcaps 2920 Custom Five Panel Printing Hip Hop Snapback Cap - Sumkcaps\" \/>\n<meta property=\"og:description\" content=\"High Quality China Custom Headwear Manufacturer. Top Quality Products At Best Prices. Add Your Logo or Custom Design Online. Expert Service. Bulk Discount.\" \/>\n<meta property=\"og:url\" content=\"https:\/\/sumkcaps.com\/sv\/produkt\/sufox-2920-custom-fem-panel-tryck-hip-hop-snapback-keps\/\" \/>\n<meta property=\"og:site_name\" content=\"Sumkcaps-China Original Headwear Manufacturer and Suppliers\" \/>\n<meta property=\"article:publisher\" content=\"https:\/\/www.facebook.com\/sumkcap\" \/>\n<meta property=\"article:modified_time\" content=\"2026-04-03T07:36:09+00:00\" \/>\n<meta property=\"og:image\" content=\"https:\/\/sumkcaps.com\/wp-content\/uploads\/2022\/09\/Printed_Hip_Hop_Snapback_Hat-2.jpg\" \/>\n\t<meta property=\"og:image:width\" content=\"1000\" \/>\n\t<meta property=\"og:image:height\" content=\"1000\" \/>\n\t<meta property=\"og:image:type\" content=\"image\/jpeg\" \/>\n<meta name=\"twitter:card\" content=\"summary_large_image\" \/>\n<meta name=\"twitter:label1\" content=\"Ber\u00e4knad l\u00e4stid\" \/>\n\t<meta name=\"twitter:data1\" content=\"2 minuter\" \/>\n<script type=\"application\/ld+json\" class=\"yoast-schema-graph\">{\"@context\":\"https:\/\/schema.org\",\"@graph\":[{\"@type\":\"WebPage\",\"@id\":\"https:\/\/sumkcaps.com\/product\/sufox-2920-custom-five-panel-printing-hip-hop-snapback-cap\/\",\"url\":\"https:\/\/sumkcaps.com\/product\/sufox-2920-custom-five-panel-printing-hip-hop-snapback-cap\/\",\"name\":\"Custom Printing Hip Hop Snapback Cap | China Manufactuer\",\"isPartOf\":{\"@id\":\"https:\/\/sumkcaps.com\/#website\"},\"primaryImageOfPage\":{\"@id\":\"https:\/\/sumkcaps.com\/product\/sufox-2920-custom-five-panel-printing-hip-hop-snapback-cap\/#primaryimage\"},\"image\":{\"@id\":\"https:\/\/sumkcaps.com\/product\/sufox-2920-custom-five-panel-printing-hip-hop-snapback-cap\/#primaryimage\"},\"thumbnailUrl\":\"https:\/\/sumkcaps.com\/wp-content\/uploads\/2022\/09\/Printed_Hip_Hop_Snapback_Hat-2.jpg\",\"datePublished\":\"2022-09-19T03:20:08+00:00\",\"dateModified\":\"2026-04-03T07:36:09+00:00\",\"description\":\"High Quality China Custom Headwear Manufacturer. Top Quality Products At Best Prices. Add Your Logo or Custom Design Online. Expert Service. Bulk Discount.\",\"breadcrumb\":{\"@id\":\"https:\/\/sumkcaps.com\/product\/sufox-2920-custom-five-panel-printing-hip-hop-snapback-cap\/#breadcrumb\"},\"inLanguage\":\"sv-SE\",\"potentialAction\":[{\"@type\":\"ReadAction\",\"target\":[\"https:\/\/sumkcaps.com\/product\/sufox-2920-custom-five-panel-printing-hip-hop-snapback-cap\/\"]}]},{\"@type\":\"ImageObject\",\"inLanguage\":\"sv-SE\",\"@id\":\"https:\/\/sumkcaps.com\/product\/sufox-2920-custom-five-panel-printing-hip-hop-snapback-cap\/#primaryimage\",\"url\":\"https:\/\/sumkcaps.com\/wp-content\/uploads\/2022\/09\/Printed_Hip_Hop_Snapback_Hat-2.jpg\",\"contentUrl\":\"https:\/\/sumkcaps.com\/wp-content\/uploads\/2022\/09\/Printed_Hip_Hop_Snapback_Hat-2.jpg\",\"width\":1000,\"height\":1000,\"caption\":\"Custom Printing Snapback\"},{\"@type\":\"BreadcrumbList\",\"@id\":\"https:\/\/sumkcaps.com\/product\/sufox-2920-custom-five-panel-printing-hip-hop-snapback-cap\/#breadcrumb\",\"itemListElement\":[{\"@type\":\"ListItem\",\"position\":1,\"name\":\"Home\",\"item\":\"https:\/\/sumkcaps.com\/\"},{\"@type\":\"ListItem\",\"position\":2,\"name\":\"Products\",\"item\":\"https:\/\/sumkcaps.com\/product\/\"},{\"@type\":\"ListItem\",\"position\":3,\"name\":\"Sumkcaps 2920 Custom Five Panel Printing Hip Hop Snapback Cap\"}]},{\"@type\":\"WebSite\",\"@id\":\"https:\/\/sumkcaps.com\/#website\",\"url\":\"https:\/\/sumkcaps.com\/\",\"name\":\"Sumkcaps-China Original Headwear Manufacturer and Suppliers\",\"description\":\"We are China Cap And Hat Original Factory, whose main business is to custom cap and hat as client&#039;s LOGO. Any cap style, any cap color, any qty, any material and qty is no problem. In one words, any small details can be customized as your request.\",\"publisher\":{\"@id\":\"https:\/\/sumkcaps.com\/#organization\"},\"potentialAction\":[{\"@type\":\"SearchAction\",\"target\":{\"@type\":\"EntryPoint\",\"urlTemplate\":\"https:\/\/sumkcaps.com\/?s={search_term_string}\"},\"query-input\":{\"@type\":\"PropertyValueSpecification\",\"valueRequired\":true,\"valueName\":\"search_term_string\"}}],\"inLanguage\":\"sv-SE\"},{\"@type\":\"Organization\",\"@id\":\"https:\/\/sumkcaps.com\/#organization\",\"name\":\"Sumkcaps-China Original Headwear Manufacturer and Suppliers\",\"url\":\"https:\/\/sumkcaps.com\/\",\"logo\":{\"@type\":\"ImageObject\",\"inLanguage\":\"sv-SE\",\"@id\":\"https:\/\/sumkcaps.com\/#\/schema\/logo\/image\/\",\"url\":\"https:\/\/sumkcaps.com\/wp-content\/uploads\/2025\/12\/1234.jpg\",\"contentUrl\":\"https:\/\/sumkcaps.com\/wp-content\/uploads\/2025\/12\/1234.jpg\",\"width\":800,\"height\":800,\"caption\":\"Sumkcaps-China Original Headwear Manufacturer and Suppliers\"},\"image\":{\"@id\":\"https:\/\/sumkcaps.com\/#\/schema\/logo\/image\/\"},\"sameAs\":[\"https:\/\/www.facebook.com\/sumkcap\",\"https:\/\/www.instagram.com\/sumkcaps7\/\",\"https:\/\/www.pinterest.com\/sumkcapschina\/\"]}]}<\/script>\n<!-- \/ Yoast SEO Premium plugin. -->","yoast_head_json":{"title":"Anpassat tryck Hip Hop Snapback Cap | Kina Tillverkare","description":"H\u00f6gkvalitativ tillverkare av anpassade huvudbonader i Kina. Produkter av h\u00f6gsta kvalitet till b\u00e4sta priser. L\u00e4gg till din logotyp eller anpassad design online. Expert service. Bulk rabatt.","robots":{"index":"index","follow":"follow","max-snippet":"max-snippet:-1","max-image-preview":"max-image-preview:large","max-video-preview":"max-video-preview:-1"},"canonical":"https:\/\/sumkcaps.com\/sv\/produkt\/sufox-2920-custom-fem-panel-tryck-hip-hop-snapback-keps\/","og_locale":"sv_SE","og_type":"article","og_title":"Sumkcaps 2920 Custom Five Panel Printing Hip Hop Snapback Cap - Sumkcaps","og_description":"High Quality China Custom Headwear Manufacturer. Top Quality Products At Best Prices. Add Your Logo or Custom Design Online. Expert Service. Bulk Discount.","og_url":"https:\/\/sumkcaps.com\/sv\/produkt\/sufox-2920-custom-fem-panel-tryck-hip-hop-snapback-keps\/","og_site_name":"Sumkcaps-China Original Headwear Manufacturer and Suppliers","article_publisher":"https:\/\/www.facebook.com\/sumkcap","article_modified_time":"2026-04-03T07:36:09+00:00","og_image":[{"width":1000,"height":1000,"url":"https:\/\/sumkcaps.com\/wp-content\/uploads\/2022\/09\/Printed_Hip_Hop_Snapback_Hat-2.jpg","type":"image\/jpeg"}],"twitter_card":"summary_large_image","twitter_misc":{"Ber\u00e4knad l\u00e4stid":"2 minuter"},"schema":{"@context":"https:\/\/schema.org","@graph":[{"@type":"WebPage","@id":"https:\/\/sumkcaps.com\/product\/sufox-2920-custom-five-panel-printing-hip-hop-snapback-cap\/","url":"https:\/\/sumkcaps.com\/product\/sufox-2920-custom-five-panel-printing-hip-hop-snapback-cap\/","name":"Anpassat tryck Hip Hop Snapback Cap | Kina Tillverkare","isPartOf":{"@id":"https:\/\/sumkcaps.com\/#website"},"primaryImageOfPage":{"@id":"https:\/\/sumkcaps.com\/product\/sufox-2920-custom-five-panel-printing-hip-hop-snapback-cap\/#primaryimage"},"image":{"@id":"https:\/\/sumkcaps.com\/product\/sufox-2920-custom-five-panel-printing-hip-hop-snapback-cap\/#primaryimage"},"thumbnailUrl":"https:\/\/sumkcaps.com\/wp-content\/uploads\/2022\/09\/Printed_Hip_Hop_Snapback_Hat-2.jpg","datePublished":"2022-09-19T03:20:08+00:00","dateModified":"2026-04-03T07:36:09+00:00","description":"H\u00f6gkvalitativ tillverkare av anpassade huvudbonader i Kina. Produkter av h\u00f6gsta kvalitet till b\u00e4sta priser. L\u00e4gg till din logotyp eller anpassad design online. Expert service. Bulk rabatt.","breadcrumb":{"@id":"https:\/\/sumkcaps.com\/product\/sufox-2920-custom-five-panel-printing-hip-hop-snapback-cap\/#breadcrumb"},"inLanguage":"sv-SE","potentialAction":[{"@type":"ReadAction","target":["https:\/\/sumkcaps.com\/product\/sufox-2920-custom-five-panel-printing-hip-hop-snapback-cap\/"]}]},{"@type":"ImageObject","inLanguage":"sv-SE","@id":"https:\/\/sumkcaps.com\/product\/sufox-2920-custom-five-panel-printing-hip-hop-snapback-cap\/#primaryimage","url":"https:\/\/sumkcaps.com\/wp-content\/uploads\/2022\/09\/Printed_Hip_Hop_Snapback_Hat-2.jpg","contentUrl":"https:\/\/sumkcaps.com\/wp-content\/uploads\/2022\/09\/Printed_Hip_Hop_Snapback_Hat-2.jpg","width":1000,"height":1000,"caption":"Custom Printing Snapback"},{"@type":"BreadcrumbList","@id":"https:\/\/sumkcaps.com\/product\/sufox-2920-custom-five-panel-printing-hip-hop-snapback-cap\/#breadcrumb","itemListElement":[{"@type":"ListItem","position":1,"name":"Home","item":"https:\/\/sumkcaps.com\/"},{"@type":"ListItem","position":2,"name":"Products","item":"https:\/\/sumkcaps.com\/product\/"},{"@type":"ListItem","position":3,"name":"Sumkcaps 2920 Custom Five Panel Printing Hip Hop Snapback Cap"}]},{"@type":"WebSite","@id":"https:\/\/sumkcaps.com\/#website","url":"https:\/\/sumkcaps.com\/","name":"Sumkcaps - tillverkare och leverant\u00f6rer av originalhuvudbonader i Kina","description":"Vi \u00e4r China Cap And Hat Original Factory, vars huvudsakliga verksamhet \u00e4r att anpassa m\u00f6ssa och hatt som klient &amp; #03939; s LOGO. Vilken keps som helst, vilken kepsf\u00e4rg som helst, vilket antal som helst, vilket material som helst och antal \u00e4r inget problem. Med ett ord kan alla sm\u00e5 detaljer anpassas efter din beg\u00e4ran.","publisher":{"@id":"https:\/\/sumkcaps.com\/#organization"},"potentialAction":[{"@type":"SearchAction","target":{"@type":"EntryPoint","urlTemplate":"https:\/\/sumkcaps.com\/?s={search_term_string}"},"query-input":{"@type":"PropertyValueSpecification","valueRequired":true,"valueName":"search_term_string"}}],"inLanguage":"sv-SE"},{"@type":"Organization","@id":"https:\/\/sumkcaps.com\/#organization","name":"Sumkcaps - tillverkare och leverant\u00f6rer av originalhuvudbonader i Kina","url":"https:\/\/sumkcaps.com\/","logo":{"@type":"ImageObject","inLanguage":"sv-SE","@id":"https:\/\/sumkcaps.com\/#\/schema\/logo\/image\/","url":"https:\/\/sumkcaps.com\/wp-content\/uploads\/2025\/12\/1234.jpg","contentUrl":"https:\/\/sumkcaps.com\/wp-content\/uploads\/2025\/12\/1234.jpg","width":800,"height":800,"caption":"Sumkcaps-China Original Headwear Manufacturer and Suppliers"},"image":{"@id":"https:\/\/sumkcaps.com\/#\/schema\/logo\/image\/"},"sameAs":["https:\/\/www.facebook.com\/sumkcap","https:\/\/www.instagram.com\/sumkcaps7\/","https:\/\/www.pinterest.com\/sumkcapschina\/"]}]}},"taxonomy_info":{"product_cat":[{"value":42,"label":"Snapback Hats Wholesale"}]},"featured_image_src_large":["https:\/\/sumkcaps.com\/wp-content\/uploads\/2022\/09\/Printed_Hip_Hop_Snapback_Hat-2.jpg",800,800,false],"author_info":[],"comment_info":"","_links":{"self":[{"href":"https:\/\/sumkcaps.com\/sv\/wp-json\/wp\/v2\/product\/14828","targetHints":{"allow":["GET"]}}],"collection":[{"href":"https:\/\/sumkcaps.com\/sv\/wp-json\/wp\/v2\/product"}],"about":[{"href":"https:\/\/sumkcaps.com\/sv\/wp-json\/wp\/v2\/types\/product"}],"wp:featuredmedia":[{"embeddable":true,"href":"https:\/\/sumkcaps.com\/sv\/wp-json\/wp\/v2\/media\/14829"}],"wp:attachment":[{"href":"https:\/\/sumkcaps.com\/sv\/wp-json\/wp\/v2\/media?parent=14828"}],"wp:term":[{"taxonomy":"product_brand","embeddable":true,"href":"https:\/\/sumkcaps.com\/sv\/wp-json\/wp\/v2\/product_brand?post=14828"},{"taxonomy":"product_cat","embeddable":true,"href":"https:\/\/sumkcaps.com\/sv\/wp-json\/wp\/v2\/product_cat?post=14828"},{"taxonomy":"product_tag","embeddable":true,"href":"https:\/\/sumkcaps.com\/sv\/wp-json\/wp\/v2\/product_tag?post=14828"}],"curies":[{"name":"wp","href":"https:\/\/api.w.org\/{rel}","templated":true}]}}