{"id":14782,"date":"2022-09-19T10:03:39","date_gmt":"2022-09-19T02:03:39","guid":{"rendered":"https:\/\/sumkcaps.com\/?post_type=product&#038;p=14782"},"modified":"2026-04-03T15:51:39","modified_gmt":"2026-04-03T07:51:39","slug":"sufox-2905-custom-six-panel-acrylic-3d-embroidered-snapback-cap","status":"publish","type":"product","link":"https:\/\/sumkcaps.com\/sv\/produkt\/sufox-2905-custom-sex-paneler-akryl-3d-broderad-snapback-keps\/","title":{"rendered":"Sumkcaps 2905 Custom sex paneler akryl 3D-broderad snapback keps"},"content":{"rendered":"<h3 data-section-id=\"172k1up\" data-start=\"126\" data-end=\"171\"><span role=\"text\"><strong data-start=\"130\" data-end=\"169\">Dekoration<\/strong><\/span><\/h3>\n<p data-start=\"172\" data-end=\"458\">Denna keps har premium 3D-broderi kombinerat med helt anpassningsbara designalternativ, vilket m\u00f6jligg\u00f6r upph\u00f6jda, texturerade logotyper med stark visuell effekt. De detaljerade s\u00f6mmarna garanterar h\u00e5llbarhet och precision, vilket g\u00f6r den idealisk f\u00f6r dj\u00e4rv branding, teamidentitet och streetwear-kollektioner.<\/p>\n<h3 data-section-id=\"1p2br5x\" data-start=\"465\" data-end=\"498\"><span role=\"text\"><strong data-start=\"469\" data-end=\"496\">Material<\/strong><\/span><\/h3>\n<p data-start=\"499\" data-end=\"770\">Den h\u00e4r kepsen \u00e4r tillverkad av 100% akryl och har utm\u00e4rkt h\u00e5llbarhet och formbest\u00e4ndighet. Tyget \u00e4r l\u00e4tt, skrynkelfritt och l\u00e4ttsk\u00f6tt, vilket ger ett strukturerat och rent utseende. Den \u00e4r v\u00e4l l\u00e4mpad f\u00f6r vardagsbruk med bibeh\u00e5llen l\u00e5ngsiktig prestanda.<\/p>\n<h3 data-section-id=\"slu0w9\" data-start=\"777\" data-end=\"805\"><span role=\"text\"><strong data-start=\"781\" data-end=\"803\">F\u00e4rg<\/strong><\/span><\/h3>\n<p data-start=\"806\" data-end=\"1064\">Kepsen finns i helt anpassade f\u00e4rger och g\u00f6r det m\u00f6jligt f\u00f6r varum\u00e4rken att matcha Pantone-nyanser eller skapa unika kombinationer. Oavsett om du f\u00f6redrar subtila toner eller dj\u00e4rva kontraster bidrar de flexibla f\u00e4rgalternativen till att f\u00f6rst\u00e4rka varum\u00e4rkesidentiteten och skapa en stark visuell n\u00e4rvaro.<\/p>\n<h3 data-section-id=\"1ujt2bk\" data-start=\"1071\" data-end=\"1110\"><span role=\"text\"><strong data-start=\"1075\" data-end=\"1108\">Passform och storlek<\/strong><\/span><\/h3>\n<p data-start=\"1111\" data-end=\"1355\">Den h\u00e4r kepsen har en justerbar snapback-st\u00e4ngning och passar i en storlek fr\u00e5n 7 till 7 3\/4. Den ger en s\u00e4ker och bekv\u00e4m passform f\u00f6r m\u00e5nga olika huvudstorlekar, vilket g\u00f6r den idealisk f\u00f6r bulkbest\u00e4llningar och olika kundgrupper.<\/p>\n<h3 data-section-id=\"3asju8\" data-start=\"1362\" data-end=\"1389\"><span role=\"text\"><strong data-start=\"1366\" data-end=\"1387\">Visir<\/strong><\/span><\/h3>\n<p data-start=\"1390\" data-end=\"1613\">Det platta visiret ger en modern och strukturerad look som passar in i dagens streetwear-trender. Det beh\u00e5ller sin form \u00f6ver tid och erbjuder ett effektivt solskydd som kombinerar b\u00e5de stil och funktion f\u00f6r daglig anv\u00e4ndning.<\/p>\n<h3 data-section-id=\"3nymbz\" data-start=\"1620\" data-end=\"1649\"><span role=\"text\"><strong data-start=\"1624\" data-end=\"1647\">Service<\/strong><\/span><\/h3>\n<p data-start=\"1650\" data-end=\"1885\">Vi tillhandah\u00e5ller omfattande OEM- och ODM-tj\u00e4nster, med st\u00f6d f\u00f6r anpassade logotyper, material, f\u00e4rger och f\u00f6rpackningar. V\u00e5rt professionella team arbetar n\u00e4ra kunderna f\u00f6r att s\u00e4kerst\u00e4lla h\u00f6gkvalitativ produktion och korrekt utf\u00f6rande av varje designdetalj.<\/p>\n<h3 data-section-id=\"1mx9aa5\" data-start=\"1892\" data-end=\"1917\"><span role=\"text\"><strong data-start=\"1896\" data-end=\"1915\">Genomf\u00f6randetid<\/strong><\/span><\/h3>\n<p data-start=\"1918\" data-end=\"2151\" data-is-last-node=\"\" data-is-only-node=\"\">V\u00e5r effektiva produktionsprocess s\u00e4kerst\u00e4ller snabba leveranstider. Prover f\u00e4rdigst\u00e4lls inom 7-9 arbetsdagar, medan bulkproduktion tar 18-22 arbetsdagar, vilket hj\u00e4lper dig att h\u00e5lla deadlines och reagera snabbt p\u00e5 f\u00f6r\u00e4ndrade marknadskrav.<\/p>","protected":false},"excerpt":{"rendered":"<p>Sumkcaps 2905 Anpassad sexpanel akryl 3D-broderad Snapback Cap \u00e4r en av popul\u00e4ra Cap Style, l\u00e4tt vikt och andas v\u00e4l. V\u00e5ra Snapbacks kommer i en m\u00e4ngd olika stilar och f\u00e4rger fr\u00e5n alla de b\u00e4sta varum\u00e4rkena.<\/p>","protected":false},"featured_media":14783,"template":"","meta":{"_acf_changed":false,"_kad_blocks_custom_css":"","_kad_blocks_head_custom_js":"","_kad_blocks_body_custom_js":"","_kad_blocks_footer_custom_js":""},"product_brand":[],"product_cat":[42],"product_tag":[],"class_list":{"0":"post-14782","1":"product","2":"type-product","3":"status-publish","4":"has-post-thumbnail","6":"product_cat-snapback-cap","8":"first","9":"outofstock","10":"shipping-taxable","11":"product-type-simple"},"acf":[],"yoast_head":"<!-- This site is optimized with the Yoast SEO Premium plugin v20.8 (Yoast SEO v25.9) - https:\/\/yoast.com\/wordpress\/plugins\/seo\/ -->\n<title>Custom 3D Embroidered Snapback Cap | China Manufactuer<\/title>\n<meta name=\"description\" content=\"High Quality China Custom Headwear Manufacturer. Top Quality Products At Best Prices. Add Your Logo or Custom Design Online. Expert Service. Bulk Discount.\" \/>\n<meta name=\"robots\" content=\"index, follow, max-snippet:-1, max-image-preview:large, max-video-preview:-1\" \/>\n<link rel=\"canonical\" href=\"https:\/\/sumkcaps.com\/sv\/produkt\/sufox-2905-custom-sex-paneler-akryl-3d-broderad-snapback-keps\/\" \/>\n<meta property=\"og:locale\" content=\"sv_SE\" \/>\n<meta property=\"og:type\" content=\"article\" \/>\n<meta property=\"og:title\" content=\"Sumkcaps 2905 Custom Six Panel Acrylic 3D Embroidered Snapback Cap - Sumkcaps\" \/>\n<meta property=\"og:description\" content=\"High Quality China Custom Headwear Manufacturer. Top Quality Products At Best Prices. Add Your Logo or Custom Design Online. Expert Service. Bulk Discount.\" \/>\n<meta property=\"og:url\" content=\"https:\/\/sumkcaps.com\/sv\/produkt\/sufox-2905-custom-sex-paneler-akryl-3d-broderad-snapback-keps\/\" \/>\n<meta property=\"og:site_name\" content=\"Sumkcaps-China Original Headwear Manufacturer and Suppliers\" \/>\n<meta property=\"article:publisher\" content=\"https:\/\/www.facebook.com\/sumkcap\" \/>\n<meta property=\"article:modified_time\" content=\"2026-04-03T07:51:39+00:00\" \/>\n<meta property=\"og:image\" content=\"https:\/\/sumkcaps.com\/wp-content\/uploads\/2022\/09\/3d_puff_satin_hat-2.jpg\" \/>\n\t<meta property=\"og:image:width\" content=\"1000\" \/>\n\t<meta property=\"og:image:height\" content=\"1000\" \/>\n\t<meta property=\"og:image:type\" content=\"image\/jpeg\" \/>\n<meta name=\"twitter:card\" content=\"summary_large_image\" \/>\n<meta name=\"twitter:label1\" content=\"Ber\u00e4knad l\u00e4stid\" \/>\n\t<meta name=\"twitter:data1\" content=\"2 minuter\" \/>\n<script type=\"application\/ld+json\" class=\"yoast-schema-graph\">{\"@context\":\"https:\/\/schema.org\",\"@graph\":[{\"@type\":\"WebPage\",\"@id\":\"https:\/\/sumkcaps.com\/product\/sufox-2905-custom-six-panel-acrylic-3d-embroidered-snapback-cap\/\",\"url\":\"https:\/\/sumkcaps.com\/product\/sufox-2905-custom-six-panel-acrylic-3d-embroidered-snapback-cap\/\",\"name\":\"Custom 3D Embroidered Snapback Cap | China Manufactuer\",\"isPartOf\":{\"@id\":\"https:\/\/sumkcaps.com\/#website\"},\"primaryImageOfPage\":{\"@id\":\"https:\/\/sumkcaps.com\/product\/sufox-2905-custom-six-panel-acrylic-3d-embroidered-snapback-cap\/#primaryimage\"},\"image\":{\"@id\":\"https:\/\/sumkcaps.com\/product\/sufox-2905-custom-six-panel-acrylic-3d-embroidered-snapback-cap\/#primaryimage\"},\"thumbnailUrl\":\"https:\/\/sumkcaps.com\/wp-content\/uploads\/2022\/09\/3d_puff_satin_hat-2.jpg\",\"datePublished\":\"2022-09-19T02:03:39+00:00\",\"dateModified\":\"2026-04-03T07:51:39+00:00\",\"description\":\"High Quality China Custom Headwear Manufacturer. Top Quality Products At Best Prices. Add Your Logo or Custom Design Online. Expert Service. Bulk Discount.\",\"breadcrumb\":{\"@id\":\"https:\/\/sumkcaps.com\/product\/sufox-2905-custom-six-panel-acrylic-3d-embroidered-snapback-cap\/#breadcrumb\"},\"inLanguage\":\"sv-SE\",\"potentialAction\":[{\"@type\":\"ReadAction\",\"target\":[\"https:\/\/sumkcaps.com\/product\/sufox-2905-custom-six-panel-acrylic-3d-embroidered-snapback-cap\/\"]}]},{\"@type\":\"ImageObject\",\"inLanguage\":\"sv-SE\",\"@id\":\"https:\/\/sumkcaps.com\/product\/sufox-2905-custom-six-panel-acrylic-3d-embroidered-snapback-cap\/#primaryimage\",\"url\":\"https:\/\/sumkcaps.com\/wp-content\/uploads\/2022\/09\/3d_puff_satin_hat-2.jpg\",\"contentUrl\":\"https:\/\/sumkcaps.com\/wp-content\/uploads\/2022\/09\/3d_puff_satin_hat-2.jpg\",\"width\":1000,\"height\":1000,\"caption\":\"Custom Snapback Cap\"},{\"@type\":\"BreadcrumbList\",\"@id\":\"https:\/\/sumkcaps.com\/product\/sufox-2905-custom-six-panel-acrylic-3d-embroidered-snapback-cap\/#breadcrumb\",\"itemListElement\":[{\"@type\":\"ListItem\",\"position\":1,\"name\":\"Home\",\"item\":\"https:\/\/sumkcaps.com\/\"},{\"@type\":\"ListItem\",\"position\":2,\"name\":\"Products\",\"item\":\"https:\/\/sumkcaps.com\/product\/\"},{\"@type\":\"ListItem\",\"position\":3,\"name\":\"Sumkcaps 2905 Custom Six Panel Acrylic 3D Embroidered Snapback Cap\"}]},{\"@type\":\"WebSite\",\"@id\":\"https:\/\/sumkcaps.com\/#website\",\"url\":\"https:\/\/sumkcaps.com\/\",\"name\":\"Sumkcaps-China Original Headwear Manufacturer and Suppliers\",\"description\":\"We are China Cap And Hat Original Factory, whose main business is to custom cap and hat as client&#039;s LOGO. Any cap style, any cap color, any qty, any material and qty is no problem. In one words, any small details can be customized as your request.\",\"publisher\":{\"@id\":\"https:\/\/sumkcaps.com\/#organization\"},\"potentialAction\":[{\"@type\":\"SearchAction\",\"target\":{\"@type\":\"EntryPoint\",\"urlTemplate\":\"https:\/\/sumkcaps.com\/?s={search_term_string}\"},\"query-input\":{\"@type\":\"PropertyValueSpecification\",\"valueRequired\":true,\"valueName\":\"search_term_string\"}}],\"inLanguage\":\"sv-SE\"},{\"@type\":\"Organization\",\"@id\":\"https:\/\/sumkcaps.com\/#organization\",\"name\":\"Sumkcaps-China Original Headwear Manufacturer and Suppliers\",\"url\":\"https:\/\/sumkcaps.com\/\",\"logo\":{\"@type\":\"ImageObject\",\"inLanguage\":\"sv-SE\",\"@id\":\"https:\/\/sumkcaps.com\/#\/schema\/logo\/image\/\",\"url\":\"https:\/\/sumkcaps.com\/wp-content\/uploads\/2025\/12\/1234.jpg\",\"contentUrl\":\"https:\/\/sumkcaps.com\/wp-content\/uploads\/2025\/12\/1234.jpg\",\"width\":800,\"height\":800,\"caption\":\"Sumkcaps-China Original Headwear Manufacturer and Suppliers\"},\"image\":{\"@id\":\"https:\/\/sumkcaps.com\/#\/schema\/logo\/image\/\"},\"sameAs\":[\"https:\/\/www.facebook.com\/sumkcap\",\"https:\/\/www.instagram.com\/sumkcaps7\/\",\"https:\/\/www.pinterest.com\/sumkcapschina\/\"]}]}<\/script>\n<!-- \/ Yoast SEO Premium plugin. -->","yoast_head_json":{"title":"Anpassad 3D-broderad Snapback-keps | Kina Tillverkare","description":"H\u00f6gkvalitativ tillverkare av anpassade huvudbonader i Kina. Produkter av h\u00f6gsta kvalitet till b\u00e4sta priser. L\u00e4gg till din logotyp eller anpassad design online. Expert service. Bulk rabatt.","robots":{"index":"index","follow":"follow","max-snippet":"max-snippet:-1","max-image-preview":"max-image-preview:large","max-video-preview":"max-video-preview:-1"},"canonical":"https:\/\/sumkcaps.com\/sv\/produkt\/sufox-2905-custom-sex-paneler-akryl-3d-broderad-snapback-keps\/","og_locale":"sv_SE","og_type":"article","og_title":"Sumkcaps 2905 Custom Six Panel Acrylic 3D Embroidered Snapback Cap - Sumkcaps","og_description":"High Quality China Custom Headwear Manufacturer. Top Quality Products At Best Prices. Add Your Logo or Custom Design Online. Expert Service. Bulk Discount.","og_url":"https:\/\/sumkcaps.com\/sv\/produkt\/sufox-2905-custom-sex-paneler-akryl-3d-broderad-snapback-keps\/","og_site_name":"Sumkcaps-China Original Headwear Manufacturer and Suppliers","article_publisher":"https:\/\/www.facebook.com\/sumkcap","article_modified_time":"2026-04-03T07:51:39+00:00","og_image":[{"width":1000,"height":1000,"url":"https:\/\/sumkcaps.com\/wp-content\/uploads\/2022\/09\/3d_puff_satin_hat-2.jpg","type":"image\/jpeg"}],"twitter_card":"summary_large_image","twitter_misc":{"Ber\u00e4knad l\u00e4stid":"2 minuter"},"schema":{"@context":"https:\/\/schema.org","@graph":[{"@type":"WebPage","@id":"https:\/\/sumkcaps.com\/product\/sufox-2905-custom-six-panel-acrylic-3d-embroidered-snapback-cap\/","url":"https:\/\/sumkcaps.com\/product\/sufox-2905-custom-six-panel-acrylic-3d-embroidered-snapback-cap\/","name":"Anpassad 3D-broderad Snapback-keps | Kina Tillverkare","isPartOf":{"@id":"https:\/\/sumkcaps.com\/#website"},"primaryImageOfPage":{"@id":"https:\/\/sumkcaps.com\/product\/sufox-2905-custom-six-panel-acrylic-3d-embroidered-snapback-cap\/#primaryimage"},"image":{"@id":"https:\/\/sumkcaps.com\/product\/sufox-2905-custom-six-panel-acrylic-3d-embroidered-snapback-cap\/#primaryimage"},"thumbnailUrl":"https:\/\/sumkcaps.com\/wp-content\/uploads\/2022\/09\/3d_puff_satin_hat-2.jpg","datePublished":"2022-09-19T02:03:39+00:00","dateModified":"2026-04-03T07:51:39+00:00","description":"H\u00f6gkvalitativ tillverkare av anpassade huvudbonader i Kina. Produkter av h\u00f6gsta kvalitet till b\u00e4sta priser. L\u00e4gg till din logotyp eller anpassad design online. Expert service. Bulk rabatt.","breadcrumb":{"@id":"https:\/\/sumkcaps.com\/product\/sufox-2905-custom-six-panel-acrylic-3d-embroidered-snapback-cap\/#breadcrumb"},"inLanguage":"sv-SE","potentialAction":[{"@type":"ReadAction","target":["https:\/\/sumkcaps.com\/product\/sufox-2905-custom-six-panel-acrylic-3d-embroidered-snapback-cap\/"]}]},{"@type":"ImageObject","inLanguage":"sv-SE","@id":"https:\/\/sumkcaps.com\/product\/sufox-2905-custom-six-panel-acrylic-3d-embroidered-snapback-cap\/#primaryimage","url":"https:\/\/sumkcaps.com\/wp-content\/uploads\/2022\/09\/3d_puff_satin_hat-2.jpg","contentUrl":"https:\/\/sumkcaps.com\/wp-content\/uploads\/2022\/09\/3d_puff_satin_hat-2.jpg","width":1000,"height":1000,"caption":"Custom Snapback Cap"},{"@type":"BreadcrumbList","@id":"https:\/\/sumkcaps.com\/product\/sufox-2905-custom-six-panel-acrylic-3d-embroidered-snapback-cap\/#breadcrumb","itemListElement":[{"@type":"ListItem","position":1,"name":"Home","item":"https:\/\/sumkcaps.com\/"},{"@type":"ListItem","position":2,"name":"Products","item":"https:\/\/sumkcaps.com\/product\/"},{"@type":"ListItem","position":3,"name":"Sumkcaps 2905 Custom Six Panel Acrylic 3D Embroidered Snapback Cap"}]},{"@type":"WebSite","@id":"https:\/\/sumkcaps.com\/#website","url":"https:\/\/sumkcaps.com\/","name":"Sumkcaps - tillverkare och leverant\u00f6rer av originalhuvudbonader i Kina","description":"Vi \u00e4r China Cap And Hat Original Factory, vars huvudsakliga verksamhet \u00e4r att anpassa m\u00f6ssa och hatt som klient &amp; #03939; s LOGO. Vilken keps som helst, vilken kepsf\u00e4rg som helst, vilket antal som helst, vilket material som helst och antal \u00e4r inget problem. Med ett ord kan alla sm\u00e5 detaljer anpassas efter din beg\u00e4ran.","publisher":{"@id":"https:\/\/sumkcaps.com\/#organization"},"potentialAction":[{"@type":"SearchAction","target":{"@type":"EntryPoint","urlTemplate":"https:\/\/sumkcaps.com\/?s={search_term_string}"},"query-input":{"@type":"PropertyValueSpecification","valueRequired":true,"valueName":"search_term_string"}}],"inLanguage":"sv-SE"},{"@type":"Organization","@id":"https:\/\/sumkcaps.com\/#organization","name":"Sumkcaps - tillverkare och leverant\u00f6rer av originalhuvudbonader i Kina","url":"https:\/\/sumkcaps.com\/","logo":{"@type":"ImageObject","inLanguage":"sv-SE","@id":"https:\/\/sumkcaps.com\/#\/schema\/logo\/image\/","url":"https:\/\/sumkcaps.com\/wp-content\/uploads\/2025\/12\/1234.jpg","contentUrl":"https:\/\/sumkcaps.com\/wp-content\/uploads\/2025\/12\/1234.jpg","width":800,"height":800,"caption":"Sumkcaps-China Original Headwear Manufacturer and Suppliers"},"image":{"@id":"https:\/\/sumkcaps.com\/#\/schema\/logo\/image\/"},"sameAs":["https:\/\/www.facebook.com\/sumkcap","https:\/\/www.instagram.com\/sumkcaps7\/","https:\/\/www.pinterest.com\/sumkcapschina\/"]}]}},"taxonomy_info":{"product_cat":[{"value":42,"label":"Snapback Hats Wholesale"}]},"featured_image_src_large":["https:\/\/sumkcaps.com\/wp-content\/uploads\/2022\/09\/3d_puff_satin_hat-2.jpg",800,800,false],"author_info":[],"comment_info":"","_links":{"self":[{"href":"https:\/\/sumkcaps.com\/sv\/wp-json\/wp\/v2\/product\/14782","targetHints":{"allow":["GET"]}}],"collection":[{"href":"https:\/\/sumkcaps.com\/sv\/wp-json\/wp\/v2\/product"}],"about":[{"href":"https:\/\/sumkcaps.com\/sv\/wp-json\/wp\/v2\/types\/product"}],"wp:featuredmedia":[{"embeddable":true,"href":"https:\/\/sumkcaps.com\/sv\/wp-json\/wp\/v2\/media\/14783"}],"wp:attachment":[{"href":"https:\/\/sumkcaps.com\/sv\/wp-json\/wp\/v2\/media?parent=14782"}],"wp:term":[{"taxonomy":"product_brand","embeddable":true,"href":"https:\/\/sumkcaps.com\/sv\/wp-json\/wp\/v2\/product_brand?post=14782"},{"taxonomy":"product_cat","embeddable":true,"href":"https:\/\/sumkcaps.com\/sv\/wp-json\/wp\/v2\/product_cat?post=14782"},{"taxonomy":"product_tag","embeddable":true,"href":"https:\/\/sumkcaps.com\/sv\/wp-json\/wp\/v2\/product_tag?post=14782"}],"curies":[{"name":"wp","href":"https:\/\/api.w.org\/{rel}","templated":true}]}}