{"id":14775,"date":"2022-09-19T09:39:57","date_gmt":"2022-09-19T01:39:57","guid":{"rendered":"https:\/\/sumkcaps.com\/?post_type=product&#038;p=14775"},"modified":"2026-04-07T16:42:18","modified_gmt":"2026-04-07T08:42:18","slug":"sufox-2903-custom-six-panel-cotton-leather-patch-snapback-cap","status":"publish","type":"product","link":"https:\/\/sumkcaps.com\/sv\/produkt\/sufox-2903-custom-sex-paneler-bomull-lader-patch-snapback-keps\/","title":{"rendered":"Sumkcaps 2903 Custom Six Panel 100% Snapback-keps med lapp i bomull och l\u00e4der"},"content":{"rendered":"<div class=\"flex flex-col text-sm\">\n<section class=\"text-token-text-primary w-full focus:outline-none [--shadow-height:45px] has-data-writing-block:pointer-events-none has-data-writing-block:-mt-(--shadow-height) has-data-writing-block:pt-(--shadow-height) [&amp;:has([data-writing-block])&gt;*]:pointer-events-auto scroll-mt-[calc(var(--header-height)+min(200px,max(70px,20svh)))]\" dir=\"auto\" data-turn-id=\"request-69d46a48-2150-8322-9da9-675f93883aa6-5\" data-testid=\"conversation-turn-20\" data-scroll-anchor=\"true\" data-turn=\"assistant\">\n<div class=\"text-base my-auto mx-auto pb-10 [--thread-content-margin:var(--thread-content-margin-xs,calc(var(--spacing)*4))] @w-sm\/main:[--thread-content-margin:var(--thread-content-margin-sm,calc(var(--spacing)*6))] @w-lg\/main:[--thread-content-margin:var(--thread-content-margin-lg,calc(var(--spacing)*16))] px-(--thread-content-margin)\">\n<div class=\"[--thread-content-max-width:40rem] @w-lg\/main:[--thread-content-max-width:48rem] mx-auto max-w-(--thread-content-max-width) flex-1 group\/turn-messages focus-visible:outline-hidden relative flex w-full min-w-0 flex-col agent-turn\">\n<div class=\"flex max-w-full flex-col gap-4 grow\">\n<div class=\"min-h-8 text-message relative flex w-full flex-col items-end gap-2 text-start break-words whitespace-normal outline-none keyboard-focused:focus-ring [.text-message+&amp;]:mt-1\" dir=\"auto\" tabindex=\"0\" data-message-author-role=\"assistant\" data-message-id=\"a84b72be-b98a-4203-86b6-480e3b1acb70\" data-message-model-slug=\"gpt-5-3\" data-turn-start-message=\"true\">\n<div class=\"flex w-full flex-col gap-1 empty:hidden\">\n<div class=\"markdown prose dark:prose-invert w-full wrap-break-word light markdown-new-styling\">\n<h3 data-section-id=\"1ac7lgk\" data-start=\"104\" data-end=\"122\"><span role=\"text\"><strong data-start=\"108\" data-end=\"122\">Dekoration<\/strong><\/span><\/h3>\n<p data-start=\"123\" data-end=\"338\">Med en anpassad l\u00e4derdekoration som erbjuder ett f\u00f6rstklassigt och h\u00e5llbart alternativ f\u00f6r varum\u00e4rkesprofilering. L\u00e4derlappen ger textur, djup och ett avancerat utseende, vilket g\u00f6r att din logotyp sticker ut med en unik och professionell finish.<\/p>\n<h3 data-section-id=\"jotr71\" data-start=\"345\" data-end=\"361\"><span role=\"text\"><strong data-start=\"349\" data-end=\"361\">Material<\/strong><\/span><\/h3>\n<p data-start=\"362\" data-end=\"572\">Kepsen \u00e4r tillverkad av 100%-bomull och har utm\u00e4rkt andningsf\u00f6rm\u00e5ga och komfort. Det naturliga tyget \u00e4r mjukt, l\u00e4tt och passar f\u00f6r hela dagen, vilket g\u00f6r den idealisk f\u00f6r b\u00e5de avslappnad anv\u00e4ndning och reklam\u00e4ndam\u00e5l.<\/p>\n<h3 data-section-id=\"x6tn17\" data-start=\"579\" data-end=\"592\"><span role=\"text\"><strong data-start=\"583\" data-end=\"592\">F\u00e4rg<\/strong><\/span><\/h3>\n<p data-start=\"593\" data-end=\"776\">Finns i khaki och helt anpassningsbara f\u00e4rgalternativ. Oavsett om du f\u00f6redrar klassiska toner eller dj\u00e4rva nyanser kan den h\u00e4r kepsen skr\u00e4ddarsys f\u00f6r att matcha din varum\u00e4rkesidentitet eller designkrav.<\/p>\n<h3 data-section-id=\"1jmdqm6\" data-start=\"783\" data-end=\"801\"><span role=\"text\"><strong data-start=\"787\" data-end=\"801\">Passform och storlek<\/strong><\/span><\/h3>\n<p data-start=\"802\" data-end=\"979\">Designad med en OSFM-struktur (One Size Fits Most) som passar storlekarna 7 till 7 3\/4. Den justerbara snapback-st\u00e4ngningen ger en s\u00e4ker och flexibel passform f\u00f6r m\u00e5nga olika huvudstorlekar.<\/p>\n<h3 data-section-id=\"rstlxz\" data-start=\"986\" data-end=\"999\"><span role=\"text\"><strong data-start=\"990\" data-end=\"999\">Visir<\/strong><\/span><\/h3>\n<p data-start=\"1000\" data-end=\"1173\">Utrustad med ett platt visir som ger en modern streetwear-look. Det strukturerade br\u00e4ttet beh\u00e5ller sin form samtidigt som det ger ett effektivt solskydd och en m\u00e5ngsidig stil.<\/p>\n<h3 data-section-id=\"tq75sr\" data-start=\"1180\" data-end=\"1195\"><span role=\"text\"><strong data-start=\"1184\" data-end=\"1195\">Service<\/strong><\/span><\/h3>\n<p data-start=\"1196\" data-end=\"1372\">St\u00f6djer OEM- och ODM-tj\u00e4nster, vilket m\u00f6jligg\u00f6r full anpassning fr\u00e5n design till produktion. Perfekt f\u00f6r varum\u00e4rken, grossister och f\u00f6retag som letar efter personliga l\u00f6sningar f\u00f6r huvudbonader.<\/p>\n<h3 data-section-id=\"cbe9fx\" data-start=\"1379\" data-end=\"1402\"><span role=\"text\"><strong data-start=\"1383\" data-end=\"1402\">Genomf\u00f6randetid<\/strong><\/span><\/h3>\n<p data-start=\"1403\" data-end=\"1569\" data-is-last-node=\"\" data-is-only-node=\"\">Provproduktion tar 7-9 arbetsdagar, medan bulkproduktion tar 18-22 arbetsdagar. Effektiva ledtider bidrar till att s\u00e4kerst\u00e4lla snabb leverans f\u00f6r dina aff\u00e4rsbehov.<\/p>\n<\/div>\n<\/div>\n<\/div>\n<\/div>\n<\/div>\n<\/div>\n<\/section>\n<\/div>","protected":false},"excerpt":{"rendered":"<p>Sumkcaps 2903 Custom Six Panel 100% Cotton Leather Patch Snapback Cap \u00e4r en av popul\u00e4ra Cap Style, l\u00e4tt vikt och andas v\u00e4l. Perfekt hatt f\u00f6r ditt lilla f\u00f6retag, sportlag, specialevenemang och mer. \u00c4ndra din egen logotyp enkelt.<\/p>","protected":false},"featured_media":14776,"template":"","meta":{"_acf_changed":false,"_kad_blocks_custom_css":"","_kad_blocks_head_custom_js":"","_kad_blocks_body_custom_js":"","_kad_blocks_footer_custom_js":""},"product_brand":[],"product_cat":[42],"product_tag":[],"class_list":{"0":"post-14775","1":"product","2":"type-product","3":"status-publish","4":"has-post-thumbnail","6":"product_cat-snapback-cap","8":"first","9":"outofstock","10":"shipping-taxable","11":"product-type-simple"},"acf":[],"yoast_head":"<!-- This site is optimized with the Yoast SEO Premium plugin v20.8 (Yoast SEO v25.9) - https:\/\/yoast.com\/wordpress\/plugins\/seo\/ -->\n<title>Custom Leather Patch Cotton Snapback Cap | China Manufactuer<\/title>\n<meta name=\"description\" content=\"Custom Cap, Logo Cap, Brand Caps, Custom Foam Trucker Hats, Custom Snapback Baseball Hats. Premium China Cap Manufacturer since 2006. Min order 100pcs.\" \/>\n<meta name=\"robots\" content=\"index, follow, max-snippet:-1, max-image-preview:large, max-video-preview:-1\" \/>\n<link rel=\"canonical\" href=\"https:\/\/sumkcaps.com\/sv\/produkt\/sufox-2903-custom-sex-paneler-bomull-lader-patch-snapback-keps\/\" \/>\n<meta property=\"og:locale\" content=\"sv_SE\" \/>\n<meta property=\"og:type\" content=\"article\" \/>\n<meta property=\"og:title\" content=\"Sumkcaps 2903 Custom Six Panel 100% Cotton Leather Patch Snapback Cap - Sumkcaps\" \/>\n<meta property=\"og:description\" content=\"Custom Cap, Logo Cap, Brand Caps, Custom Foam Trucker Hats, Custom Snapback Baseball Hats. Premium China Cap Manufacturer since 2006. Min order 100pcs.\" \/>\n<meta property=\"og:url\" content=\"https:\/\/sumkcaps.com\/sv\/produkt\/sufox-2903-custom-sex-paneler-bomull-lader-patch-snapback-keps\/\" \/>\n<meta property=\"og:site_name\" content=\"Sumkcaps-China Original Headwear Manufacturer and Suppliers\" \/>\n<meta property=\"article:publisher\" content=\"https:\/\/www.facebook.com\/sumkcap\" \/>\n<meta property=\"article:modified_time\" content=\"2026-04-07T08:42:18+00:00\" \/>\n<meta property=\"og:image\" content=\"https:\/\/sumkcaps.com\/wp-content\/uploads\/2022\/09\/100_Cotton_hat-2.jpg\" \/>\n\t<meta property=\"og:image:width\" content=\"1000\" \/>\n\t<meta property=\"og:image:height\" content=\"1000\" \/>\n\t<meta property=\"og:image:type\" content=\"image\/jpeg\" \/>\n<meta name=\"twitter:card\" content=\"summary_large_image\" \/>\n<meta name=\"twitter:label1\" content=\"Ber\u00e4knad l\u00e4stid\" \/>\n\t<meta name=\"twitter:data1\" content=\"2 minuter\" \/>\n<script type=\"application\/ld+json\" class=\"yoast-schema-graph\">{\"@context\":\"https:\/\/schema.org\",\"@graph\":[{\"@type\":\"WebPage\",\"@id\":\"https:\/\/sumkcaps.com\/product\/sufox-2903-custom-six-panel-cotton-leather-patch-snapback-cap\/\",\"url\":\"https:\/\/sumkcaps.com\/product\/sufox-2903-custom-six-panel-cotton-leather-patch-snapback-cap\/\",\"name\":\"Custom Leather Patch Cotton Snapback Cap | China Manufactuer\",\"isPartOf\":{\"@id\":\"https:\/\/sumkcaps.com\/#website\"},\"primaryImageOfPage\":{\"@id\":\"https:\/\/sumkcaps.com\/product\/sufox-2903-custom-six-panel-cotton-leather-patch-snapback-cap\/#primaryimage\"},\"image\":{\"@id\":\"https:\/\/sumkcaps.com\/product\/sufox-2903-custom-six-panel-cotton-leather-patch-snapback-cap\/#primaryimage\"},\"thumbnailUrl\":\"https:\/\/sumkcaps.com\/wp-content\/uploads\/2022\/09\/100_Cotton_hat-2.jpg\",\"datePublished\":\"2022-09-19T01:39:57+00:00\",\"dateModified\":\"2026-04-07T08:42:18+00:00\",\"description\":\"Custom Cap, Logo Cap, Brand Caps, Custom Foam Trucker Hats, Custom Snapback Baseball Hats. Premium China Cap Manufacturer since 2006. Min order 100pcs.\",\"breadcrumb\":{\"@id\":\"https:\/\/sumkcaps.com\/product\/sufox-2903-custom-six-panel-cotton-leather-patch-snapback-cap\/#breadcrumb\"},\"inLanguage\":\"sv-SE\",\"potentialAction\":[{\"@type\":\"ReadAction\",\"target\":[\"https:\/\/sumkcaps.com\/product\/sufox-2903-custom-six-panel-cotton-leather-patch-snapback-cap\/\"]}]},{\"@type\":\"ImageObject\",\"inLanguage\":\"sv-SE\",\"@id\":\"https:\/\/sumkcaps.com\/product\/sufox-2903-custom-six-panel-cotton-leather-patch-snapback-cap\/#primaryimage\",\"url\":\"https:\/\/sumkcaps.com\/wp-content\/uploads\/2022\/09\/100_Cotton_hat-2.jpg\",\"contentUrl\":\"https:\/\/sumkcaps.com\/wp-content\/uploads\/2022\/09\/100_Cotton_hat-2.jpg\",\"width\":1000,\"height\":1000,\"caption\":\"custom leather patch snapback cap\"},{\"@type\":\"BreadcrumbList\",\"@id\":\"https:\/\/sumkcaps.com\/product\/sufox-2903-custom-six-panel-cotton-leather-patch-snapback-cap\/#breadcrumb\",\"itemListElement\":[{\"@type\":\"ListItem\",\"position\":1,\"name\":\"Home\",\"item\":\"https:\/\/sumkcaps.com\/\"},{\"@type\":\"ListItem\",\"position\":2,\"name\":\"Products\",\"item\":\"https:\/\/sumkcaps.com\/product\/\"},{\"@type\":\"ListItem\",\"position\":3,\"name\":\"Sumkcaps 2903 Custom Six Panel 100% Cotton Leather Patch Snapback Cap\"}]},{\"@type\":\"WebSite\",\"@id\":\"https:\/\/sumkcaps.com\/#website\",\"url\":\"https:\/\/sumkcaps.com\/\",\"name\":\"Sumkcaps-China Original Headwear Manufacturer and Suppliers\",\"description\":\"We are China Cap And Hat Original Factory, whose main business is to custom cap and hat as client&#039;s LOGO. Any cap style, any cap color, any qty, any material and qty is no problem. In one words, any small details can be customized as your request.\",\"publisher\":{\"@id\":\"https:\/\/sumkcaps.com\/#organization\"},\"potentialAction\":[{\"@type\":\"SearchAction\",\"target\":{\"@type\":\"EntryPoint\",\"urlTemplate\":\"https:\/\/sumkcaps.com\/?s={search_term_string}\"},\"query-input\":{\"@type\":\"PropertyValueSpecification\",\"valueRequired\":true,\"valueName\":\"search_term_string\"}}],\"inLanguage\":\"sv-SE\"},{\"@type\":\"Organization\",\"@id\":\"https:\/\/sumkcaps.com\/#organization\",\"name\":\"Sumkcaps-China Original Headwear Manufacturer and Suppliers\",\"url\":\"https:\/\/sumkcaps.com\/\",\"logo\":{\"@type\":\"ImageObject\",\"inLanguage\":\"sv-SE\",\"@id\":\"https:\/\/sumkcaps.com\/#\/schema\/logo\/image\/\",\"url\":\"https:\/\/sumkcaps.com\/wp-content\/uploads\/2025\/12\/1234.jpg\",\"contentUrl\":\"https:\/\/sumkcaps.com\/wp-content\/uploads\/2025\/12\/1234.jpg\",\"width\":800,\"height\":800,\"caption\":\"Sumkcaps-China Original Headwear Manufacturer and Suppliers\"},\"image\":{\"@id\":\"https:\/\/sumkcaps.com\/#\/schema\/logo\/image\/\"},\"sameAs\":[\"https:\/\/www.facebook.com\/sumkcap\",\"https:\/\/www.instagram.com\/sumkcaps7\/\",\"https:\/\/www.pinterest.com\/sumkcapschina\/\"]}]}<\/script>\n<!-- \/ Yoast SEO Premium plugin. -->","yoast_head_json":{"title":"Snapback-keps i bomull med l\u00e4derlapp med tryck | Kina Tillverkare","description":"Anpassad keps, logotypkeps, varum\u00e4rkeskepsar, anpassade skum truckerhattar, anpassade snapback baseballhattar. Premium Kina Cap Tillverkare sedan 2006. Min order 100st.","robots":{"index":"index","follow":"follow","max-snippet":"max-snippet:-1","max-image-preview":"max-image-preview:large","max-video-preview":"max-video-preview:-1"},"canonical":"https:\/\/sumkcaps.com\/sv\/produkt\/sufox-2903-custom-sex-paneler-bomull-lader-patch-snapback-keps\/","og_locale":"sv_SE","og_type":"article","og_title":"Sumkcaps 2903 Custom Six Panel 100% Cotton Leather Patch Snapback Cap - Sumkcaps","og_description":"Custom Cap, Logo Cap, Brand Caps, Custom Foam Trucker Hats, Custom Snapback Baseball Hats. Premium China Cap Manufacturer since 2006. Min order 100pcs.","og_url":"https:\/\/sumkcaps.com\/sv\/produkt\/sufox-2903-custom-sex-paneler-bomull-lader-patch-snapback-keps\/","og_site_name":"Sumkcaps-China Original Headwear Manufacturer and Suppliers","article_publisher":"https:\/\/www.facebook.com\/sumkcap","article_modified_time":"2026-04-07T08:42:18+00:00","og_image":[{"width":1000,"height":1000,"url":"https:\/\/sumkcaps.com\/wp-content\/uploads\/2022\/09\/100_Cotton_hat-2.jpg","type":"image\/jpeg"}],"twitter_card":"summary_large_image","twitter_misc":{"Ber\u00e4knad l\u00e4stid":"2 minuter"},"schema":{"@context":"https:\/\/schema.org","@graph":[{"@type":"WebPage","@id":"https:\/\/sumkcaps.com\/product\/sufox-2903-custom-six-panel-cotton-leather-patch-snapback-cap\/","url":"https:\/\/sumkcaps.com\/product\/sufox-2903-custom-six-panel-cotton-leather-patch-snapback-cap\/","name":"Snapback-keps i bomull med l\u00e4derlapp med tryck | Kina Tillverkare","isPartOf":{"@id":"https:\/\/sumkcaps.com\/#website"},"primaryImageOfPage":{"@id":"https:\/\/sumkcaps.com\/product\/sufox-2903-custom-six-panel-cotton-leather-patch-snapback-cap\/#primaryimage"},"image":{"@id":"https:\/\/sumkcaps.com\/product\/sufox-2903-custom-six-panel-cotton-leather-patch-snapback-cap\/#primaryimage"},"thumbnailUrl":"https:\/\/sumkcaps.com\/wp-content\/uploads\/2022\/09\/100_Cotton_hat-2.jpg","datePublished":"2022-09-19T01:39:57+00:00","dateModified":"2026-04-07T08:42:18+00:00","description":"Anpassad keps, logotypkeps, varum\u00e4rkeskepsar, anpassade skum truckerhattar, anpassade snapback baseballhattar. Premium Kina Cap Tillverkare sedan 2006. Min order 100st.","breadcrumb":{"@id":"https:\/\/sumkcaps.com\/product\/sufox-2903-custom-six-panel-cotton-leather-patch-snapback-cap\/#breadcrumb"},"inLanguage":"sv-SE","potentialAction":[{"@type":"ReadAction","target":["https:\/\/sumkcaps.com\/product\/sufox-2903-custom-six-panel-cotton-leather-patch-snapback-cap\/"]}]},{"@type":"ImageObject","inLanguage":"sv-SE","@id":"https:\/\/sumkcaps.com\/product\/sufox-2903-custom-six-panel-cotton-leather-patch-snapback-cap\/#primaryimage","url":"https:\/\/sumkcaps.com\/wp-content\/uploads\/2022\/09\/100_Cotton_hat-2.jpg","contentUrl":"https:\/\/sumkcaps.com\/wp-content\/uploads\/2022\/09\/100_Cotton_hat-2.jpg","width":1000,"height":1000,"caption":"custom leather patch snapback cap"},{"@type":"BreadcrumbList","@id":"https:\/\/sumkcaps.com\/product\/sufox-2903-custom-six-panel-cotton-leather-patch-snapback-cap\/#breadcrumb","itemListElement":[{"@type":"ListItem","position":1,"name":"Home","item":"https:\/\/sumkcaps.com\/"},{"@type":"ListItem","position":2,"name":"Products","item":"https:\/\/sumkcaps.com\/product\/"},{"@type":"ListItem","position":3,"name":"Sumkcaps 2903 Custom Six Panel 100% Cotton Leather Patch Snapback Cap"}]},{"@type":"WebSite","@id":"https:\/\/sumkcaps.com\/#website","url":"https:\/\/sumkcaps.com\/","name":"Sumkcaps - tillverkare och leverant\u00f6rer av originalhuvudbonader i Kina","description":"Vi \u00e4r China Cap And Hat Original Factory, vars huvudsakliga verksamhet \u00e4r att anpassa m\u00f6ssa och hatt som klient &amp; #03939; s LOGO. Vilken keps som helst, vilken kepsf\u00e4rg som helst, vilket antal som helst, vilket material som helst och antal \u00e4r inget problem. Med ett ord kan alla sm\u00e5 detaljer anpassas efter din beg\u00e4ran.","publisher":{"@id":"https:\/\/sumkcaps.com\/#organization"},"potentialAction":[{"@type":"SearchAction","target":{"@type":"EntryPoint","urlTemplate":"https:\/\/sumkcaps.com\/?s={search_term_string}"},"query-input":{"@type":"PropertyValueSpecification","valueRequired":true,"valueName":"search_term_string"}}],"inLanguage":"sv-SE"},{"@type":"Organization","@id":"https:\/\/sumkcaps.com\/#organization","name":"Sumkcaps - tillverkare och leverant\u00f6rer av originalhuvudbonader i Kina","url":"https:\/\/sumkcaps.com\/","logo":{"@type":"ImageObject","inLanguage":"sv-SE","@id":"https:\/\/sumkcaps.com\/#\/schema\/logo\/image\/","url":"https:\/\/sumkcaps.com\/wp-content\/uploads\/2025\/12\/1234.jpg","contentUrl":"https:\/\/sumkcaps.com\/wp-content\/uploads\/2025\/12\/1234.jpg","width":800,"height":800,"caption":"Sumkcaps-China Original Headwear Manufacturer and Suppliers"},"image":{"@id":"https:\/\/sumkcaps.com\/#\/schema\/logo\/image\/"},"sameAs":["https:\/\/www.facebook.com\/sumkcap","https:\/\/www.instagram.com\/sumkcaps7\/","https:\/\/www.pinterest.com\/sumkcapschina\/"]}]}},"taxonomy_info":{"product_cat":[{"value":42,"label":"Snapback Hats Wholesale"}]},"featured_image_src_large":["https:\/\/sumkcaps.com\/wp-content\/uploads\/2022\/09\/100_Cotton_hat-2.jpg",800,800,false],"author_info":[],"comment_info":"","_links":{"self":[{"href":"https:\/\/sumkcaps.com\/sv\/wp-json\/wp\/v2\/product\/14775","targetHints":{"allow":["GET"]}}],"collection":[{"href":"https:\/\/sumkcaps.com\/sv\/wp-json\/wp\/v2\/product"}],"about":[{"href":"https:\/\/sumkcaps.com\/sv\/wp-json\/wp\/v2\/types\/product"}],"wp:featuredmedia":[{"embeddable":true,"href":"https:\/\/sumkcaps.com\/sv\/wp-json\/wp\/v2\/media\/14776"}],"wp:attachment":[{"href":"https:\/\/sumkcaps.com\/sv\/wp-json\/wp\/v2\/media?parent=14775"}],"wp:term":[{"taxonomy":"product_brand","embeddable":true,"href":"https:\/\/sumkcaps.com\/sv\/wp-json\/wp\/v2\/product_brand?post=14775"},{"taxonomy":"product_cat","embeddable":true,"href":"https:\/\/sumkcaps.com\/sv\/wp-json\/wp\/v2\/product_cat?post=14775"},{"taxonomy":"product_tag","embeddable":true,"href":"https:\/\/sumkcaps.com\/sv\/wp-json\/wp\/v2\/product_tag?post=14775"}],"curies":[{"name":"wp","href":"https:\/\/api.w.org\/{rel}","templated":true}]}}