{"id":14769,"date":"2022-09-15T13:17:24","date_gmt":"2022-09-15T05:17:24","guid":{"rendered":"https:\/\/sumkcaps.com\/?post_type=product&#038;p=14769"},"modified":"2026-01-12T10:44:31","modified_gmt":"2026-01-12T02:44:31","slug":"sufox-2713-custom-woven-label-sublimation-printing-bucket-hats","status":"publish","type":"product","link":"https:\/\/sumkcaps.com\/sv\/produkt\/sufox-2713-anpassad-vavd-etikett-sublimeringstryck-hinkhattar\/","title":{"rendered":"Sumkcaps 2713 Specialv\u00e4vd etikett med sublimeringstryck Bucket Hats"},"content":{"rendered":"<h3 data-start=\"98\" data-end=\"136\">Dekoration<\/h3>\n<p data-start=\"137\" data-end=\"585\">Denna bucket hat har en anpassad dekoration kombinerad med en h\u00f6gkvalitativ v\u00e4vd etikett, vilket ger designen ett premium branding-element. Sublimeringstryck g\u00f6r att detaljerade m\u00f6nster och livfulla f\u00e4rger kan infogas permanent i tyget, vilket garanterar l\u00e5ngvariga bilder som inte bleknar eller spricker. Den v\u00e4vda etiketten f\u00f6rst\u00e4rker varum\u00e4rkesidentiteten och det upplevda v\u00e4rdet, vilket g\u00f6r den h\u00e4r hatten idealisk f\u00f6r modem\u00e4rken, streetwear-f\u00f6retag och kampanjkollektioner.<\/p>\n<h3 data-start=\"592\" data-end=\"625\">Material<\/h3>\n<p data-start=\"626\" data-end=\"1044\">Denna bucket hat \u00e4r tillverkad av en balanserad polyester- och bomullsblandning och erbjuder den perfekta kombinationen av h\u00e5llbarhet, komfort och andningsf\u00f6rm\u00e5ga. Bomull ger en mjuk, naturlig k\u00e4nsla mot huden, medan polyester f\u00f6rb\u00e4ttrar styrka, skrynkelbest\u00e4ndighet och f\u00e4rgbest\u00e4ndighet. Denna materialblandning st\u00f6der sublimeringstryck exceptionellt bra, vilket hj\u00e4lper m\u00f6nster att h\u00e5lla sig levande samtidigt som de bibeh\u00e5ller en bekv\u00e4m b\u00e4rupplevelse.<\/p>\n<h3 data-start=\"1051\" data-end=\"1075\">Form<\/h3>\n<p data-start=\"1076\" data-end=\"1432\">Denna modell \u00e4r designad med en klassisk silhuett av en bucket hat och ger en tidl\u00f6s och m\u00e5ngsidig look. Den strukturerade kronan och det j\u00e4mnt formade br\u00e4ttet skapar en ren profil som fungerar \u00f6ver s\u00e4songer och modetrender. Denna universellt popul\u00e4ra form g\u00f6r hatten l\u00e4tt att styla och l\u00e4mplig f\u00f6r fritidskl\u00e4der, utomhusaktiviteter och kollektioner med m\u00e4rkesvaror.<\/p>\n<h3 data-start=\"1439\" data-end=\"1459\">F\u00e4rg<\/h3>\n<p data-start=\"1460\" data-end=\"1831\">Denna bucket hat kan anpassas i fullf\u00e4rg f\u00f6r att matcha varum\u00e4rkesriktlinjer eller kreativa koncept. Sublimeringstryck m\u00f6jligg\u00f6r mjuka f\u00e4rg\u00f6verg\u00e5ngar och komplexa m\u00f6nster utan att l\u00e4gga vikt p\u00e5 tyget. Fr\u00e5n dj\u00e4rv, i\u00f6gonfallande grafik till subtila tonala m\u00f6nster, anpassade f\u00e4rgalternativ ger flexibilitet f\u00f6r modedroppar, s\u00e4songsbetonade utg\u00e5vor och marknadsf\u00f6ringskampanjer.<\/p>\n<h3 data-start=\"1838\" data-end=\"1861\">Visir<\/h3>\n<p data-start=\"1862\" data-end=\"2193\">Denna bucket hat har en platt sk\u00e4rmdesign och ger ett modernt och strukturerat utseende. Det platta br\u00e4ttet ger ett b\u00e4ttre solskydd samtidigt som det ger den klassiska bucket hat-stilen en modern touch. Denna designdetalj g\u00f6r hatten s\u00e4rskilt tilltalande f\u00f6r streetwear-m\u00e4rken och modeinriktade m\u00e5lgrupper som s\u00f6ker en ren, dj\u00e4rv silhuett.<\/p>\n<h3 data-start=\"2200\" data-end=\"2235\">Passform och storlek<\/h3>\n<p data-start=\"2236\" data-end=\"2561\">Med en One Size Fits Most-konstruktion passar denna bucket hat bekv\u00e4mt huvudstorlekar fr\u00e5n 7 till 7 3\/4. Den v\u00e4lbalanserade strukturen ger en s\u00e4ker men \u00e4nd\u00e5 avslappnad passform f\u00f6r de flesta b\u00e4rare. Denna standardiserade storlek f\u00f6renklar bulkbest\u00e4llning och g\u00f6r hatten l\u00e4mplig f\u00f6r unisexkl\u00e4der, detaljhandel och distribution av kampanjer.<\/p>\n<h3 data-start=\"2568\" data-end=\"2589\">Genomf\u00f6randetid<\/h3>\n<p data-start=\"2590\" data-end=\"2914\" data-is-last-node=\"\" data-is-only-node=\"\">Denna anpassade bucket hat erbjuder effektiva och p\u00e5litliga produktionstider. Provbest\u00e4llningar slutf\u00f6rs vanligtvis inom 7-9 arbetsdagar f\u00f6r designbekr\u00e4ftelse. Efter godk\u00e4nnande tar full produktion cirka 18-22 arbetsdagar, vilket g\u00f6r det till ett p\u00e5litligt val f\u00f6r varum\u00e4rken som planerar s\u00e4songslanseringar eller storskaliga best\u00e4llningar.<\/p>","protected":false},"excerpt":{"rendered":"<div class=\"text-base my-auto mx-auto pb-10 [--thread-content-margin:--spacing(4)] @w-sm\/main:[--thread-content-margin:--spacing(6)] @w-lg\/main:[--thread-content-margin:--spacing(16)] px-(--thread-content-margin)\">\n<div class=\"[--thread-content-max-width:40rem] @w-lg\/main:[--thread-content-max-width:48rem] mx-auto max-w-(--thread-content-max-width) flex-1 group\/turn-messages focus-visible:outline-hidden relative flex w-full min-w-0 flex-col agent-turn\" tabindex=\"-1\">\n<div class=\"flex max-w-full flex-col grow\">\n<div class=\"min-h-8 text-message relative flex w-full flex-col items-end gap-2 text-start break-words whitespace-normal [.text-message+&amp;]:mt-1\" dir=\"auto\" data-message-author-role=\"assistant\" data-message-id=\"66a347df-c67b-45f3-aabe-677be1b17d06\" data-message-model-slug=\"gpt-5-2\">\n<div class=\"flex w-full flex-col gap-1 empty:hidden first:pt-[1px]\">\n<div class=\"markdown prose dark:prose-invert w-full break-words light markdown-new-styling\">\n<p data-start=\"0\" data-end=\"358\" data-is-last-node=\"\" data-is-only-node=\"\">Sumkcaps 2713 Custom Woven Label Sublimation Printing Bucket Hat \u00e4r tillverkad av en slitstark polyester \/ bomullsblandning och utformad f\u00f6r livfulla, l\u00e5ngvariga utskrifter. Med en klassisk hinkform med en modern platt sk\u00e4rm och specialv\u00e4vd etikett erbjuder den komfort, stark varum\u00e4rkesprofilering och enast\u00e5ende stil. Perfekt f\u00f6r streetwear, modekollektioner och reklamanv\u00e4ndning.<\/p>\n<\/div>\n<\/div>\n<\/div>\n<\/div>\n<\/div>\n<\/div>","protected":false},"featured_media":14770,"template":"","meta":{"_acf_changed":false,"_kad_blocks_custom_css":"","_kad_blocks_head_custom_js":"","_kad_blocks_body_custom_js":"","_kad_blocks_footer_custom_js":""},"product_brand":[],"product_cat":[55],"product_tag":[],"class_list":{"0":"post-14769","1":"product","2":"type-product","3":"status-publish","4":"has-post-thumbnail","6":"product_cat-bucket-hat-manufacturers","8":"first","9":"outofstock","10":"shipping-taxable","11":"product-type-simple"},"acf":[],"yoast_head":"<!-- This site is optimized with the Yoast SEO Premium plugin v20.8 (Yoast SEO v25.9) - https:\/\/yoast.com\/wordpress\/plugins\/seo\/ -->\n<title>Sufox Custom Woven Label Sublimation Printing Bucket Hats<\/title>\n<meta name=\"description\" content=\"Sumkcaps 2713 Custom Bucket Hat features sublimation printing, a woven label, flat bill, and OSFM fit\u2014perfect for streetwear and branding.\" \/>\n<meta name=\"robots\" content=\"index, follow, max-snippet:-1, max-image-preview:large, max-video-preview:-1\" \/>\n<link rel=\"canonical\" href=\"https:\/\/sumkcaps.com\/sv\/produkt\/sufox-2713-anpassad-vavd-etikett-sublimeringstryck-hinkhattar\/\" \/>\n<meta property=\"og:locale\" content=\"sv_SE\" \/>\n<meta property=\"og:type\" content=\"article\" \/>\n<meta property=\"og:title\" content=\"Sumkcaps 2713 Custom Woven Label Sublimation Printing Bucket Hats - Sumkcaps\" \/>\n<meta property=\"og:description\" content=\"Sumkcaps 2713 Custom Bucket Hat features sublimation printing, a woven label, flat bill, and OSFM fit\u2014perfect for streetwear and branding.\" \/>\n<meta property=\"og:url\" content=\"https:\/\/sumkcaps.com\/sv\/produkt\/sufox-2713-anpassad-vavd-etikett-sublimeringstryck-hinkhattar\/\" \/>\n<meta property=\"og:site_name\" content=\"Sumkcaps-China Original Headwear Manufacturer and Suppliers\" \/>\n<meta property=\"article:publisher\" content=\"https:\/\/www.facebook.com\/sumkcap\" \/>\n<meta property=\"article:modified_time\" content=\"2026-01-12T02:44:31+00:00\" \/>\n<meta property=\"og:image\" content=\"https:\/\/sumkcaps.com\/wp-content\/uploads\/2022\/09\/Full_printing_bucket_hat.jpg\" \/>\n\t<meta property=\"og:image:width\" content=\"1000\" \/>\n\t<meta property=\"og:image:height\" content=\"1000\" \/>\n\t<meta property=\"og:image:type\" content=\"image\/jpeg\" \/>\n<meta name=\"twitter:card\" content=\"summary_large_image\" \/>\n<meta name=\"twitter:label1\" content=\"Ber\u00e4knad l\u00e4stid\" \/>\n\t<meta name=\"twitter:data1\" content=\"2 minuter\" \/>\n<script type=\"application\/ld+json\" class=\"yoast-schema-graph\">{\"@context\":\"https:\/\/schema.org\",\"@graph\":[{\"@type\":\"WebPage\",\"@id\":\"https:\/\/sumkcaps.com\/product\/sufox-2713-custom-woven-label-sublimation-printing-bucket-hats\/\",\"url\":\"https:\/\/sumkcaps.com\/product\/sufox-2713-custom-woven-label-sublimation-printing-bucket-hats\/\",\"name\":\"Sufox Custom Woven Label Sublimation Printing Bucket Hats\",\"isPartOf\":{\"@id\":\"https:\/\/sumkcaps.com\/#website\"},\"primaryImageOfPage\":{\"@id\":\"https:\/\/sumkcaps.com\/product\/sufox-2713-custom-woven-label-sublimation-printing-bucket-hats\/#primaryimage\"},\"image\":{\"@id\":\"https:\/\/sumkcaps.com\/product\/sufox-2713-custom-woven-label-sublimation-printing-bucket-hats\/#primaryimage\"},\"thumbnailUrl\":\"https:\/\/sumkcaps.com\/wp-content\/uploads\/2022\/09\/Full_printing_bucket_hat.jpg\",\"datePublished\":\"2022-09-15T05:17:24+00:00\",\"dateModified\":\"2026-01-12T02:44:31+00:00\",\"description\":\"Sumkcaps 2713 Custom Bucket Hat features sublimation printing, a woven label, flat bill, and OSFM fit\u2014perfect for streetwear and branding.\",\"breadcrumb\":{\"@id\":\"https:\/\/sumkcaps.com\/product\/sufox-2713-custom-woven-label-sublimation-printing-bucket-hats\/#breadcrumb\"},\"inLanguage\":\"sv-SE\",\"potentialAction\":[{\"@type\":\"ReadAction\",\"target\":[\"https:\/\/sumkcaps.com\/product\/sufox-2713-custom-woven-label-sublimation-printing-bucket-hats\/\"]}]},{\"@type\":\"ImageObject\",\"inLanguage\":\"sv-SE\",\"@id\":\"https:\/\/sumkcaps.com\/product\/sufox-2713-custom-woven-label-sublimation-printing-bucket-hats\/#primaryimage\",\"url\":\"https:\/\/sumkcaps.com\/wp-content\/uploads\/2022\/09\/Full_printing_bucket_hat.jpg\",\"contentUrl\":\"https:\/\/sumkcaps.com\/wp-content\/uploads\/2022\/09\/Full_printing_bucket_hat.jpg\",\"width\":1000,\"height\":1000},{\"@type\":\"BreadcrumbList\",\"@id\":\"https:\/\/sumkcaps.com\/product\/sufox-2713-custom-woven-label-sublimation-printing-bucket-hats\/#breadcrumb\",\"itemListElement\":[{\"@type\":\"ListItem\",\"position\":1,\"name\":\"Home\",\"item\":\"https:\/\/sumkcaps.com\/\"},{\"@type\":\"ListItem\",\"position\":2,\"name\":\"Products\",\"item\":\"https:\/\/sumkcaps.com\/product\/\"},{\"@type\":\"ListItem\",\"position\":3,\"name\":\"Sumkcaps 2713 Custom Woven Label Sublimation Printing Bucket Hats\"}]},{\"@type\":\"WebSite\",\"@id\":\"https:\/\/sumkcaps.com\/#website\",\"url\":\"https:\/\/sumkcaps.com\/\",\"name\":\"Sumkcaps-China Original Headwear Manufacturer and Suppliers\",\"description\":\"We are China Cap And Hat Original Factory, whose main business is to custom cap and hat as client&#039;s LOGO. Any cap style, any cap color, any qty, any material and qty is no problem. In one words, any small details can be customized as your request.\",\"publisher\":{\"@id\":\"https:\/\/sumkcaps.com\/#organization\"},\"potentialAction\":[{\"@type\":\"SearchAction\",\"target\":{\"@type\":\"EntryPoint\",\"urlTemplate\":\"https:\/\/sumkcaps.com\/?s={search_term_string}\"},\"query-input\":{\"@type\":\"PropertyValueSpecification\",\"valueRequired\":true,\"valueName\":\"search_term_string\"}}],\"inLanguage\":\"sv-SE\"},{\"@type\":\"Organization\",\"@id\":\"https:\/\/sumkcaps.com\/#organization\",\"name\":\"Sumkcaps-China Original Headwear Manufacturer and Suppliers\",\"url\":\"https:\/\/sumkcaps.com\/\",\"logo\":{\"@type\":\"ImageObject\",\"inLanguage\":\"sv-SE\",\"@id\":\"https:\/\/sumkcaps.com\/#\/schema\/logo\/image\/\",\"url\":\"https:\/\/sumkcaps.com\/wp-content\/uploads\/2025\/12\/1234.jpg\",\"contentUrl\":\"https:\/\/sumkcaps.com\/wp-content\/uploads\/2025\/12\/1234.jpg\",\"width\":800,\"height\":800,\"caption\":\"Sumkcaps-China Original Headwear Manufacturer and Suppliers\"},\"image\":{\"@id\":\"https:\/\/sumkcaps.com\/#\/schema\/logo\/image\/\"},\"sameAs\":[\"https:\/\/www.facebook.com\/sumkcap\",\"https:\/\/www.instagram.com\/sumkcaps7\/\",\"https:\/\/www.pinterest.com\/sumkcapschina\/\"]}]}<\/script>\n<!-- \/ Yoast SEO Premium plugin. -->","yoast_head_json":{"title":"Sufox Custom Woven Label Sublimeringstryck Bucket Hats","description":"Sumkcaps 2713 Custom Bucket Hat har sublimeringstryck, en v\u00e4vd etikett, platt n\u00e4bb och OSFM-passform - perfekt f\u00f6r streetwear och varum\u00e4rkesprofilering.","robots":{"index":"index","follow":"follow","max-snippet":"max-snippet:-1","max-image-preview":"max-image-preview:large","max-video-preview":"max-video-preview:-1"},"canonical":"https:\/\/sumkcaps.com\/sv\/produkt\/sufox-2713-anpassad-vavd-etikett-sublimeringstryck-hinkhattar\/","og_locale":"sv_SE","og_type":"article","og_title":"Sumkcaps 2713 Custom Woven Label Sublimation Printing Bucket Hats - Sumkcaps","og_description":"Sumkcaps 2713 Custom Bucket Hat features sublimation printing, a woven label, flat bill, and OSFM fit\u2014perfect for streetwear and branding.","og_url":"https:\/\/sumkcaps.com\/sv\/produkt\/sufox-2713-anpassad-vavd-etikett-sublimeringstryck-hinkhattar\/","og_site_name":"Sumkcaps-China Original Headwear Manufacturer and Suppliers","article_publisher":"https:\/\/www.facebook.com\/sumkcap","article_modified_time":"2026-01-12T02:44:31+00:00","og_image":[{"width":1000,"height":1000,"url":"https:\/\/sumkcaps.com\/wp-content\/uploads\/2022\/09\/Full_printing_bucket_hat.jpg","type":"image\/jpeg"}],"twitter_card":"summary_large_image","twitter_misc":{"Ber\u00e4knad l\u00e4stid":"2 minuter"},"schema":{"@context":"https:\/\/schema.org","@graph":[{"@type":"WebPage","@id":"https:\/\/sumkcaps.com\/product\/sufox-2713-custom-woven-label-sublimation-printing-bucket-hats\/","url":"https:\/\/sumkcaps.com\/product\/sufox-2713-custom-woven-label-sublimation-printing-bucket-hats\/","name":"Sufox Custom Woven Label Sublimeringstryck Bucket Hats","isPartOf":{"@id":"https:\/\/sumkcaps.com\/#website"},"primaryImageOfPage":{"@id":"https:\/\/sumkcaps.com\/product\/sufox-2713-custom-woven-label-sublimation-printing-bucket-hats\/#primaryimage"},"image":{"@id":"https:\/\/sumkcaps.com\/product\/sufox-2713-custom-woven-label-sublimation-printing-bucket-hats\/#primaryimage"},"thumbnailUrl":"https:\/\/sumkcaps.com\/wp-content\/uploads\/2022\/09\/Full_printing_bucket_hat.jpg","datePublished":"2022-09-15T05:17:24+00:00","dateModified":"2026-01-12T02:44:31+00:00","description":"Sumkcaps 2713 Custom Bucket Hat har sublimeringstryck, en v\u00e4vd etikett, platt n\u00e4bb och OSFM-passform - perfekt f\u00f6r streetwear och varum\u00e4rkesprofilering.","breadcrumb":{"@id":"https:\/\/sumkcaps.com\/product\/sufox-2713-custom-woven-label-sublimation-printing-bucket-hats\/#breadcrumb"},"inLanguage":"sv-SE","potentialAction":[{"@type":"ReadAction","target":["https:\/\/sumkcaps.com\/product\/sufox-2713-custom-woven-label-sublimation-printing-bucket-hats\/"]}]},{"@type":"ImageObject","inLanguage":"sv-SE","@id":"https:\/\/sumkcaps.com\/product\/sufox-2713-custom-woven-label-sublimation-printing-bucket-hats\/#primaryimage","url":"https:\/\/sumkcaps.com\/wp-content\/uploads\/2022\/09\/Full_printing_bucket_hat.jpg","contentUrl":"https:\/\/sumkcaps.com\/wp-content\/uploads\/2022\/09\/Full_printing_bucket_hat.jpg","width":1000,"height":1000},{"@type":"BreadcrumbList","@id":"https:\/\/sumkcaps.com\/product\/sufox-2713-custom-woven-label-sublimation-printing-bucket-hats\/#breadcrumb","itemListElement":[{"@type":"ListItem","position":1,"name":"Home","item":"https:\/\/sumkcaps.com\/"},{"@type":"ListItem","position":2,"name":"Products","item":"https:\/\/sumkcaps.com\/product\/"},{"@type":"ListItem","position":3,"name":"Sumkcaps 2713 Custom Woven Label Sublimation Printing Bucket Hats"}]},{"@type":"WebSite","@id":"https:\/\/sumkcaps.com\/#website","url":"https:\/\/sumkcaps.com\/","name":"Sumkcaps - tillverkare och leverant\u00f6rer av originalhuvudbonader i Kina","description":"Vi \u00e4r China Cap And Hat Original Factory, vars huvudsakliga verksamhet \u00e4r att anpassa m\u00f6ssa och hatt som klient &amp; #03939; s LOGO. Vilken keps som helst, vilken kepsf\u00e4rg som helst, vilket antal som helst, vilket material som helst och antal \u00e4r inget problem. Med ett ord kan alla sm\u00e5 detaljer anpassas efter din beg\u00e4ran.","publisher":{"@id":"https:\/\/sumkcaps.com\/#organization"},"potentialAction":[{"@type":"SearchAction","target":{"@type":"EntryPoint","urlTemplate":"https:\/\/sumkcaps.com\/?s={search_term_string}"},"query-input":{"@type":"PropertyValueSpecification","valueRequired":true,"valueName":"search_term_string"}}],"inLanguage":"sv-SE"},{"@type":"Organization","@id":"https:\/\/sumkcaps.com\/#organization","name":"Sumkcaps - tillverkare och leverant\u00f6rer av originalhuvudbonader i Kina","url":"https:\/\/sumkcaps.com\/","logo":{"@type":"ImageObject","inLanguage":"sv-SE","@id":"https:\/\/sumkcaps.com\/#\/schema\/logo\/image\/","url":"https:\/\/sumkcaps.com\/wp-content\/uploads\/2025\/12\/1234.jpg","contentUrl":"https:\/\/sumkcaps.com\/wp-content\/uploads\/2025\/12\/1234.jpg","width":800,"height":800,"caption":"Sumkcaps-China Original Headwear Manufacturer and Suppliers"},"image":{"@id":"https:\/\/sumkcaps.com\/#\/schema\/logo\/image\/"},"sameAs":["https:\/\/www.facebook.com\/sumkcap","https:\/\/www.instagram.com\/sumkcaps7\/","https:\/\/www.pinterest.com\/sumkcapschina\/"]}]}},"taxonomy_info":{"product_cat":[{"value":55,"label":"Bucket Hat Wholesale"}]},"featured_image_src_large":["https:\/\/sumkcaps.com\/wp-content\/uploads\/2022\/09\/Full_printing_bucket_hat.jpg",800,800,false],"author_info":[],"comment_info":"","_links":{"self":[{"href":"https:\/\/sumkcaps.com\/sv\/wp-json\/wp\/v2\/product\/14769","targetHints":{"allow":["GET"]}}],"collection":[{"href":"https:\/\/sumkcaps.com\/sv\/wp-json\/wp\/v2\/product"}],"about":[{"href":"https:\/\/sumkcaps.com\/sv\/wp-json\/wp\/v2\/types\/product"}],"wp:featuredmedia":[{"embeddable":true,"href":"https:\/\/sumkcaps.com\/sv\/wp-json\/wp\/v2\/media\/14770"}],"wp:attachment":[{"href":"https:\/\/sumkcaps.com\/sv\/wp-json\/wp\/v2\/media?parent=14769"}],"wp:term":[{"taxonomy":"product_brand","embeddable":true,"href":"https:\/\/sumkcaps.com\/sv\/wp-json\/wp\/v2\/product_brand?post=14769"},{"taxonomy":"product_cat","embeddable":true,"href":"https:\/\/sumkcaps.com\/sv\/wp-json\/wp\/v2\/product_cat?post=14769"},{"taxonomy":"product_tag","embeddable":true,"href":"https:\/\/sumkcaps.com\/sv\/wp-json\/wp\/v2\/product_tag?post=14769"}],"curies":[{"name":"wp","href":"https:\/\/api.w.org\/{rel}","templated":true}]}}