{"id":14763,"date":"2022-09-15T13:05:58","date_gmt":"2022-09-15T05:05:58","guid":{"rendered":"https:\/\/sumkcaps.com\/?post_type=product&#038;p=14763"},"modified":"2026-01-12T10:56:24","modified_gmt":"2026-01-12T02:56:24","slug":"sufox-2712-custom-rubber-patch-full-printing-bucket-hats","status":"publish","type":"product","link":"https:\/\/sumkcaps.com\/sv\/produkt\/sufox-2712-specialtillverkade-hinkhattar-med-gummilapp-och-fullt-tryck\/","title":{"rendered":"Sumkcaps 2712 Custom Rubber Patch Fullt tryck Bucket Hats"},"content":{"rendered":"<div class=\"flex flex-col text-sm pb-25\">\n<article class=\"text-token-text-primary w-full focus:outline-none [--shadow-height:45px] has-data-writing-block:pointer-events-none has-data-writing-block:-mt-(--shadow-height) has-data-writing-block:pt-(--shadow-height) [&amp;:has([data-writing-block])&gt;*]:pointer-events-auto scroll-mt-[calc(var(--header-height)+min(200px,max(70px,20svh)))]\" dir=\"auto\" tabindex=\"-1\" data-turn-id=\"request-WEB:a19c8f3b-d9f5-4531-9910-bb9043c76dce-11\" data-testid=\"conversation-turn-24\" data-scroll-anchor=\"true\" data-turn=\"assistant\">\n<div class=\"text-base my-auto mx-auto pb-10 [--thread-content-margin:--spacing(4)] @w-sm\/main:[--thread-content-margin:--spacing(6)] @w-lg\/main:[--thread-content-margin:--spacing(16)] px-(--thread-content-margin)\">\n<div class=\"[--thread-content-max-width:40rem] @w-lg\/main:[--thread-content-max-width:48rem] mx-auto max-w-(--thread-content-max-width) flex-1 group\/turn-messages focus-visible:outline-hidden relative flex w-full min-w-0 flex-col agent-turn\" tabindex=\"-1\">\n<div class=\"flex max-w-full flex-col grow\">\n<div class=\"min-h-8 text-message relative flex w-full flex-col items-end gap-2 text-start break-words whitespace-normal [.text-message+&amp;]:mt-1\" dir=\"auto\" data-message-author-role=\"assistant\" data-message-id=\"cbddbcd5-59c1-430e-8903-ccef19375895\" data-message-model-slug=\"gpt-5-mini\">\n<div class=\"flex w-full flex-col gap-1 empty:hidden first:pt-[1px]\">\n<div class=\"markdown prose dark:prose-invert w-full break-words light markdown-new-styling\">\n<h3 data-start=\"94\" data-end=\"133\">Dekoration<\/h3>\n<p data-start=\"134\" data-end=\"519\">Denna bucket hat har ett anpassat tryck p\u00e5 hela ytan kombinerat med en premium gummilapp f\u00f6r varum\u00e4rkesprofilering eller dekorativa \u00e4ndam\u00e5l. Gummilappen ger ett taktilt 3D-element och en h\u00e5llbar visuell accent, medan fulltryck m\u00f6jligg\u00f6r livfulla, detaljerade m\u00f6nster \u00f6ver hela hatten. Perfekt f\u00f6r streetwear, reklamartiklar eller modekollektioner som s\u00f6ker dj\u00e4rv stil och h\u00f6g varum\u00e4rkessynlighet.<\/p>\n<h3 data-start=\"526\" data-end=\"548\">Material<\/h3>\n<p data-start=\"549\" data-end=\"913\">Denna bucket hat \u00e4r tillverkad av h\u00f6gkvalitativ nylon och \u00e4r l\u00e4tt, slitstark och t\u00e5lig mot slitage. Den sl\u00e4ta nylonytan f\u00f6rst\u00e4rker livfullheten i heltryckta m\u00f6nster och garanterar l\u00e5ngvarig f\u00e4rgbest\u00e4ndighet. De snabbtorkande och andningsbara egenskaperna g\u00f6r den l\u00e4mplig f\u00f6r utomhusaktiviteter, resor och vardagsbruk och kombinerar praktisk funktion med i\u00f6gonfallande stil.<\/p>\n<h3 data-start=\"920\" data-end=\"944\">Form<\/h3>\n<p data-start=\"945\" data-end=\"1279\">Denna modell \u00e4r designad med en klassisk silhuett av en bucket hat och ger en tidl\u00f6s, avslappnad look. Den strukturerade kronan och det j\u00e4mnt formade br\u00e4ttet skapar en ren, m\u00e5ngsidig profil som passar f\u00f6r alla \u00e5rstider. Den popul\u00e4ra formen tilltalar en bred publik, vilket g\u00f6r den idealisk f\u00f6r streetwear-varum\u00e4rken, livsstilskollektioner och casual fashion-marknader.<\/p>\n<h3 data-start=\"1286\" data-end=\"1306\">F\u00e4rg<\/h3>\n<p data-start=\"1307\" data-end=\"1664\">Denna hinkhatt kan anpassas i fullf\u00e4rg f\u00f6r att matcha varum\u00e4rkesriktlinjer eller kreativ design. Fr\u00e5n dj\u00e4rva m\u00f6nster till subtila toner, anpassade f\u00e4rgalternativ ger flexibilitet f\u00f6r unik styling. I kombination med fullt tryck blir hatten en i\u00f6gonfallande accessoar som kan \u00e5terspegla s\u00e4songstrender, varum\u00e4rkesidentitet eller kampanjteman med precision och stil.<\/p>\n<h3 data-start=\"1671\" data-end=\"1694\">Visir<\/h3>\n<p data-start=\"1695\" data-end=\"2025\">Denna bucket hat har en platt sk\u00e4rm och ger en modern, strukturerad look samtidigt som den ger full t\u00e4ckning. Det platta br\u00e4ttet f\u00f6rb\u00e4ttrar stil och funktionalitet och ger en modern kant till den klassiska bucket hat. Den h\u00e4r designen tilltalar modeintresserade och streetwear-entusiaster som s\u00f6ker en ren, dj\u00e4rv silhuett.<\/p>\n<h3 data-start=\"2032\" data-end=\"2067\">Passform och storlek<\/h3>\n<p data-start=\"2068\" data-end=\"2400\">Med en One Size Fits Most-design passar denna bucket hat huvudstorlekar fr\u00e5n 7 till 7 3\/4 bekv\u00e4mt. Den balanserade konstruktionen ger en s\u00e4ker men \u00e4nd\u00e5 avslappnad passform f\u00f6r de flesta b\u00e4rare. Denna standardiserade storlek g\u00f6r den l\u00e4mplig f\u00f6r unisexanv\u00e4ndning, grossistorder, detaljhandelsdistribution och reklamkampanjer, vilket f\u00f6renklar lagerhanteringen.<\/p>\n<h3 data-start=\"2407\" data-end=\"2428\">Genomf\u00f6randetid<\/h3>\n<p data-start=\"2429\" data-end=\"2744\" data-is-last-node=\"\" data-is-only-node=\"\">Effektiv produktion s\u00e4kerst\u00e4ller leverans i r\u00e4tt tid. Provproduktionen tar 7-9 arbetsdagar f\u00f6r designbekr\u00e4ftelse, och massproduktionen \u00e4r klar inom 18-22 arbetsdagar. Denna p\u00e5litliga tidslinje g\u00f6r den idealisk f\u00f6r varum\u00e4rken som planerar s\u00e4songskollektioner, eventvaror eller bulkbest\u00e4llningar utan att kompromissa med kvaliteten.<\/p>\n<\/div>\n<\/div>\n<\/div>\n<\/div>\n<\/div>\n<\/div>\n<\/article>\n<\/div>","protected":false},"excerpt":{"rendered":"<p>Sumkcaps 2712 Custom Rubber Patch Full Printing Bucket Hat \u00e4r tillverkad av slitstark nylon med livfullt allover-tryck och en premium gummilapp. Den klassiska bucket-formen med platt sk\u00e4rm och OSFM-passform ger komfort, stil och ett starkt varum\u00e4rke. Perfekt f\u00f6r streetwear, modekollektioner och reklamanv\u00e4ndning.<\/p>","protected":false},"featured_media":14764,"template":"","meta":{"_acf_changed":false,"_kad_blocks_custom_css":"","_kad_blocks_head_custom_js":"","_kad_blocks_body_custom_js":"","_kad_blocks_footer_custom_js":""},"product_brand":[],"product_cat":[55],"product_tag":[],"class_list":{"0":"post-14763","1":"product","2":"type-product","3":"status-publish","4":"has-post-thumbnail","6":"product_cat-bucket-hat-manufacturers","8":"first","9":"outofstock","10":"shipping-taxable","11":"product-type-simple"},"acf":[],"yoast_head":"<!-- This site is optimized with the Yoast SEO Premium plugin v20.8 (Yoast SEO v25.9) - https:\/\/yoast.com\/wordpress\/plugins\/seo\/ -->\n<title>Sufox Custom Rubber Patch Full Printing Bucket Hats<\/title>\n<meta name=\"description\" content=\"Sumkcaps 2712 Custom Nylon Bucket Hat features full printing, a rubber patch, flat bill, and OSFM fit\u2014perfect for streetwear and branding.\" \/>\n<meta name=\"robots\" content=\"index, follow, max-snippet:-1, max-image-preview:large, max-video-preview:-1\" \/>\n<link rel=\"canonical\" href=\"https:\/\/sumkcaps.com\/sv\/produkt\/sufox-2712-specialtillverkade-hinkhattar-med-gummilapp-och-fullt-tryck\/\" \/>\n<meta property=\"og:locale\" content=\"sv_SE\" \/>\n<meta property=\"og:type\" content=\"article\" \/>\n<meta property=\"og:title\" content=\"Sumkcaps 2712 Custom Rubber Patch Full Printing Bucket Hats - Sumkcaps\" \/>\n<meta property=\"og:description\" content=\"Sumkcaps 2712 Custom Nylon Bucket Hat features full printing, a rubber patch, flat bill, and OSFM fit\u2014perfect for streetwear and branding.\" \/>\n<meta property=\"og:url\" content=\"https:\/\/sumkcaps.com\/sv\/produkt\/sufox-2712-specialtillverkade-hinkhattar-med-gummilapp-och-fullt-tryck\/\" \/>\n<meta property=\"og:site_name\" content=\"Sumkcaps-China Original Headwear Manufacturer and Suppliers\" \/>\n<meta property=\"article:publisher\" content=\"https:\/\/www.facebook.com\/sumkcap\" \/>\n<meta property=\"article:modified_time\" content=\"2026-01-12T02:56:24+00:00\" \/>\n<meta property=\"og:image\" content=\"https:\/\/sumkcaps.com\/wp-content\/uploads\/2022\/09\/full_printing_bucket_hat-1.jpg\" \/>\n\t<meta property=\"og:image:width\" content=\"1000\" \/>\n\t<meta property=\"og:image:height\" content=\"1000\" \/>\n\t<meta property=\"og:image:type\" content=\"image\/jpeg\" \/>\n<meta name=\"twitter:card\" content=\"summary_large_image\" \/>\n<meta name=\"twitter:label1\" content=\"Ber\u00e4knad l\u00e4stid\" \/>\n\t<meta name=\"twitter:data1\" content=\"2 minuter\" \/>\n<script type=\"application\/ld+json\" class=\"yoast-schema-graph\">{\"@context\":\"https:\/\/schema.org\",\"@graph\":[{\"@type\":\"WebPage\",\"@id\":\"https:\/\/sumkcaps.com\/product\/sufox-2712-custom-rubber-patch-full-printing-bucket-hats\/\",\"url\":\"https:\/\/sumkcaps.com\/product\/sufox-2712-custom-rubber-patch-full-printing-bucket-hats\/\",\"name\":\"Sufox Custom Rubber Patch Full Printing Bucket Hats\",\"isPartOf\":{\"@id\":\"https:\/\/sumkcaps.com\/#website\"},\"primaryImageOfPage\":{\"@id\":\"https:\/\/sumkcaps.com\/product\/sufox-2712-custom-rubber-patch-full-printing-bucket-hats\/#primaryimage\"},\"image\":{\"@id\":\"https:\/\/sumkcaps.com\/product\/sufox-2712-custom-rubber-patch-full-printing-bucket-hats\/#primaryimage\"},\"thumbnailUrl\":\"https:\/\/sumkcaps.com\/wp-content\/uploads\/2022\/09\/full_printing_bucket_hat-1.jpg\",\"datePublished\":\"2022-09-15T05:05:58+00:00\",\"dateModified\":\"2026-01-12T02:56:24+00:00\",\"description\":\"Sumkcaps 2712 Custom Nylon Bucket Hat features full printing, a rubber patch, flat bill, and OSFM fit\u2014perfect for streetwear and branding.\",\"breadcrumb\":{\"@id\":\"https:\/\/sumkcaps.com\/product\/sufox-2712-custom-rubber-patch-full-printing-bucket-hats\/#breadcrumb\"},\"inLanguage\":\"sv-SE\",\"potentialAction\":[{\"@type\":\"ReadAction\",\"target\":[\"https:\/\/sumkcaps.com\/product\/sufox-2712-custom-rubber-patch-full-printing-bucket-hats\/\"]}]},{\"@type\":\"ImageObject\",\"inLanguage\":\"sv-SE\",\"@id\":\"https:\/\/sumkcaps.com\/product\/sufox-2712-custom-rubber-patch-full-printing-bucket-hats\/#primaryimage\",\"url\":\"https:\/\/sumkcaps.com\/wp-content\/uploads\/2022\/09\/full_printing_bucket_hat-1.jpg\",\"contentUrl\":\"https:\/\/sumkcaps.com\/wp-content\/uploads\/2022\/09\/full_printing_bucket_hat-1.jpg\",\"width\":1000,\"height\":1000},{\"@type\":\"BreadcrumbList\",\"@id\":\"https:\/\/sumkcaps.com\/product\/sufox-2712-custom-rubber-patch-full-printing-bucket-hats\/#breadcrumb\",\"itemListElement\":[{\"@type\":\"ListItem\",\"position\":1,\"name\":\"Home\",\"item\":\"https:\/\/sumkcaps.com\/\"},{\"@type\":\"ListItem\",\"position\":2,\"name\":\"Products\",\"item\":\"https:\/\/sumkcaps.com\/product\/\"},{\"@type\":\"ListItem\",\"position\":3,\"name\":\"Sumkcaps 2712 Custom Rubber Patch Full Printing Bucket Hats\"}]},{\"@type\":\"WebSite\",\"@id\":\"https:\/\/sumkcaps.com\/#website\",\"url\":\"https:\/\/sumkcaps.com\/\",\"name\":\"Sumkcaps-China Original Headwear Manufacturer and Suppliers\",\"description\":\"We are China Cap And Hat Original Factory, whose main business is to custom cap and hat as client&#039;s LOGO. Any cap style, any cap color, any qty, any material and qty is no problem. In one words, any small details can be customized as your request.\",\"publisher\":{\"@id\":\"https:\/\/sumkcaps.com\/#organization\"},\"potentialAction\":[{\"@type\":\"SearchAction\",\"target\":{\"@type\":\"EntryPoint\",\"urlTemplate\":\"https:\/\/sumkcaps.com\/?s={search_term_string}\"},\"query-input\":{\"@type\":\"PropertyValueSpecification\",\"valueRequired\":true,\"valueName\":\"search_term_string\"}}],\"inLanguage\":\"sv-SE\"},{\"@type\":\"Organization\",\"@id\":\"https:\/\/sumkcaps.com\/#organization\",\"name\":\"Sumkcaps-China Original Headwear Manufacturer and Suppliers\",\"url\":\"https:\/\/sumkcaps.com\/\",\"logo\":{\"@type\":\"ImageObject\",\"inLanguage\":\"sv-SE\",\"@id\":\"https:\/\/sumkcaps.com\/#\/schema\/logo\/image\/\",\"url\":\"https:\/\/sumkcaps.com\/wp-content\/uploads\/2025\/12\/1234.jpg\",\"contentUrl\":\"https:\/\/sumkcaps.com\/wp-content\/uploads\/2025\/12\/1234.jpg\",\"width\":800,\"height\":800,\"caption\":\"Sumkcaps-China Original Headwear Manufacturer and Suppliers\"},\"image\":{\"@id\":\"https:\/\/sumkcaps.com\/#\/schema\/logo\/image\/\"},\"sameAs\":[\"https:\/\/www.facebook.com\/sumkcap\",\"https:\/\/www.instagram.com\/sumkcaps7\/\",\"https:\/\/www.pinterest.com\/sumkcapschina\/\"]}]}<\/script>\n<!-- \/ Yoast SEO Premium plugin. -->","yoast_head_json":{"title":"Sufox gummim\u00e4rke med tryck p\u00e5 hela huvudet Bucket Hats","description":"Sumkcaps 2712 Custom Nylon Bucket Hat har fullt tryck, en gummipatch, platt n\u00e4bb och OSFM-passform - perfekt f\u00f6r streetwear och varum\u00e4rkesbyggande.","robots":{"index":"index","follow":"follow","max-snippet":"max-snippet:-1","max-image-preview":"max-image-preview:large","max-video-preview":"max-video-preview:-1"},"canonical":"https:\/\/sumkcaps.com\/sv\/produkt\/sufox-2712-specialtillverkade-hinkhattar-med-gummilapp-och-fullt-tryck\/","og_locale":"sv_SE","og_type":"article","og_title":"Sumkcaps 2712 Custom Rubber Patch Full Printing Bucket Hats - Sumkcaps","og_description":"Sumkcaps 2712 Custom Nylon Bucket Hat features full printing, a rubber patch, flat bill, and OSFM fit\u2014perfect for streetwear and branding.","og_url":"https:\/\/sumkcaps.com\/sv\/produkt\/sufox-2712-specialtillverkade-hinkhattar-med-gummilapp-och-fullt-tryck\/","og_site_name":"Sumkcaps-China Original Headwear Manufacturer and Suppliers","article_publisher":"https:\/\/www.facebook.com\/sumkcap","article_modified_time":"2026-01-12T02:56:24+00:00","og_image":[{"width":1000,"height":1000,"url":"https:\/\/sumkcaps.com\/wp-content\/uploads\/2022\/09\/full_printing_bucket_hat-1.jpg","type":"image\/jpeg"}],"twitter_card":"summary_large_image","twitter_misc":{"Ber\u00e4knad l\u00e4stid":"2 minuter"},"schema":{"@context":"https:\/\/schema.org","@graph":[{"@type":"WebPage","@id":"https:\/\/sumkcaps.com\/product\/sufox-2712-custom-rubber-patch-full-printing-bucket-hats\/","url":"https:\/\/sumkcaps.com\/product\/sufox-2712-custom-rubber-patch-full-printing-bucket-hats\/","name":"Sufox gummim\u00e4rke med tryck p\u00e5 hela huvudet Bucket Hats","isPartOf":{"@id":"https:\/\/sumkcaps.com\/#website"},"primaryImageOfPage":{"@id":"https:\/\/sumkcaps.com\/product\/sufox-2712-custom-rubber-patch-full-printing-bucket-hats\/#primaryimage"},"image":{"@id":"https:\/\/sumkcaps.com\/product\/sufox-2712-custom-rubber-patch-full-printing-bucket-hats\/#primaryimage"},"thumbnailUrl":"https:\/\/sumkcaps.com\/wp-content\/uploads\/2022\/09\/full_printing_bucket_hat-1.jpg","datePublished":"2022-09-15T05:05:58+00:00","dateModified":"2026-01-12T02:56:24+00:00","description":"Sumkcaps 2712 Custom Nylon Bucket Hat har fullt tryck, en gummipatch, platt n\u00e4bb och OSFM-passform - perfekt f\u00f6r streetwear och varum\u00e4rkesbyggande.","breadcrumb":{"@id":"https:\/\/sumkcaps.com\/product\/sufox-2712-custom-rubber-patch-full-printing-bucket-hats\/#breadcrumb"},"inLanguage":"sv-SE","potentialAction":[{"@type":"ReadAction","target":["https:\/\/sumkcaps.com\/product\/sufox-2712-custom-rubber-patch-full-printing-bucket-hats\/"]}]},{"@type":"ImageObject","inLanguage":"sv-SE","@id":"https:\/\/sumkcaps.com\/product\/sufox-2712-custom-rubber-patch-full-printing-bucket-hats\/#primaryimage","url":"https:\/\/sumkcaps.com\/wp-content\/uploads\/2022\/09\/full_printing_bucket_hat-1.jpg","contentUrl":"https:\/\/sumkcaps.com\/wp-content\/uploads\/2022\/09\/full_printing_bucket_hat-1.jpg","width":1000,"height":1000},{"@type":"BreadcrumbList","@id":"https:\/\/sumkcaps.com\/product\/sufox-2712-custom-rubber-patch-full-printing-bucket-hats\/#breadcrumb","itemListElement":[{"@type":"ListItem","position":1,"name":"Home","item":"https:\/\/sumkcaps.com\/"},{"@type":"ListItem","position":2,"name":"Products","item":"https:\/\/sumkcaps.com\/product\/"},{"@type":"ListItem","position":3,"name":"Sumkcaps 2712 Custom Rubber Patch Full Printing Bucket Hats"}]},{"@type":"WebSite","@id":"https:\/\/sumkcaps.com\/#website","url":"https:\/\/sumkcaps.com\/","name":"Sumkcaps - tillverkare och leverant\u00f6rer av originalhuvudbonader i Kina","description":"Vi \u00e4r China Cap And Hat Original Factory, vars huvudsakliga verksamhet \u00e4r att anpassa m\u00f6ssa och hatt som klient &amp; #03939; s LOGO. Vilken keps som helst, vilken kepsf\u00e4rg som helst, vilket antal som helst, vilket material som helst och antal \u00e4r inget problem. Med ett ord kan alla sm\u00e5 detaljer anpassas efter din beg\u00e4ran.","publisher":{"@id":"https:\/\/sumkcaps.com\/#organization"},"potentialAction":[{"@type":"SearchAction","target":{"@type":"EntryPoint","urlTemplate":"https:\/\/sumkcaps.com\/?s={search_term_string}"},"query-input":{"@type":"PropertyValueSpecification","valueRequired":true,"valueName":"search_term_string"}}],"inLanguage":"sv-SE"},{"@type":"Organization","@id":"https:\/\/sumkcaps.com\/#organization","name":"Sumkcaps - tillverkare och leverant\u00f6rer av originalhuvudbonader i Kina","url":"https:\/\/sumkcaps.com\/","logo":{"@type":"ImageObject","inLanguage":"sv-SE","@id":"https:\/\/sumkcaps.com\/#\/schema\/logo\/image\/","url":"https:\/\/sumkcaps.com\/wp-content\/uploads\/2025\/12\/1234.jpg","contentUrl":"https:\/\/sumkcaps.com\/wp-content\/uploads\/2025\/12\/1234.jpg","width":800,"height":800,"caption":"Sumkcaps-China Original Headwear Manufacturer and Suppliers"},"image":{"@id":"https:\/\/sumkcaps.com\/#\/schema\/logo\/image\/"},"sameAs":["https:\/\/www.facebook.com\/sumkcap","https:\/\/www.instagram.com\/sumkcaps7\/","https:\/\/www.pinterest.com\/sumkcapschina\/"]}]}},"taxonomy_info":{"product_cat":[{"value":55,"label":"Bucket Hat Wholesale"}]},"featured_image_src_large":["https:\/\/sumkcaps.com\/wp-content\/uploads\/2022\/09\/full_printing_bucket_hat-1.jpg",800,800,false],"author_info":[],"comment_info":"","_links":{"self":[{"href":"https:\/\/sumkcaps.com\/sv\/wp-json\/wp\/v2\/product\/14763","targetHints":{"allow":["GET"]}}],"collection":[{"href":"https:\/\/sumkcaps.com\/sv\/wp-json\/wp\/v2\/product"}],"about":[{"href":"https:\/\/sumkcaps.com\/sv\/wp-json\/wp\/v2\/types\/product"}],"wp:featuredmedia":[{"embeddable":true,"href":"https:\/\/sumkcaps.com\/sv\/wp-json\/wp\/v2\/media\/14764"}],"wp:attachment":[{"href":"https:\/\/sumkcaps.com\/sv\/wp-json\/wp\/v2\/media?parent=14763"}],"wp:term":[{"taxonomy":"product_brand","embeddable":true,"href":"https:\/\/sumkcaps.com\/sv\/wp-json\/wp\/v2\/product_brand?post=14763"},{"taxonomy":"product_cat","embeddable":true,"href":"https:\/\/sumkcaps.com\/sv\/wp-json\/wp\/v2\/product_cat?post=14763"},{"taxonomy":"product_tag","embeddable":true,"href":"https:\/\/sumkcaps.com\/sv\/wp-json\/wp\/v2\/product_tag?post=14763"}],"curies":[{"name":"wp","href":"https:\/\/api.w.org\/{rel}","templated":true}]}}