{"id":14636,"date":"2022-09-14T13:52:32","date_gmt":"2022-09-14T05:52:32","guid":{"rendered":"https:\/\/sumkcaps.com\/?post_type=product&#038;p=14636"},"modified":"2025-12-23T09:51:17","modified_gmt":"2025-12-23T01:51:17","slug":"sufox-2812-custom-five-panel-embroidered-camp-trucker-hat","status":"publish","type":"product","link":"https:\/\/sumkcaps.com\/sv\/produkt\/sufox-2812-custom-fem-panel-broderad-camp-truckerhatt\/","title":{"rendered":"Sumkcaps 2812 Custom Five Panel Broderad Camp Trucker Hatt"},"content":{"rendered":"<h3 data-start=\"407\" data-end=\"651\"><strong data-start=\"407\" data-end=\"421\">Dekoration<\/strong><\/h3>\n<p data-start=\"407\" data-end=\"651\">Med <strong data-start=\"433\" data-end=\"454\">specialbroderi<\/strong>, Denna keps m\u00f6jligg\u00f6r intrikata, detaljerade m\u00f6nster som f\u00e5r din logotyp eller grafik att sticka ut. Broderiet ger en touch av hantverksskicklighet och s\u00e4kerst\u00e4ller att ditt m\u00f6nster f\u00f6rblir levande och h\u00e5llbart \u00f6ver tid.<\/p>\n<h3 data-start=\"655\" data-end=\"881\"><strong data-start=\"655\" data-end=\"667\">Material<\/strong><\/h3>\n<p data-start=\"655\" data-end=\"881\">Tillverkad av h\u00f6gkvalitativt material <strong data-start=\"692\" data-end=\"705\">polyester<\/strong>, Denna hatt \u00e4r slitstark och har en mjuk k\u00e4nsla. Polyestertyget \u00e4r b\u00e5de l\u00e4tt och slitstarkt, vilket g\u00f6r den perfekt f\u00f6r b\u00e5de vardagsbruk och utomhus\u00e4ventyr.<\/p>\n<h3 data-start=\"885\" data-end=\"1116\"><strong data-start=\"885\" data-end=\"894\">F\u00e4rg<\/strong><\/h3>\n<p data-start=\"885\" data-end=\"1116\">Tillg\u00e4nglig i <strong data-start=\"909\" data-end=\"917\">bl\u00e5<\/strong>, med ytterligare <strong data-start=\"935\" data-end=\"958\">anpassningsbara f\u00e4rger<\/strong> som passar ditt varum\u00e4rke eller evenemangstema. Oavsett om du letar efter en specifik f\u00e4rg f\u00f6r varum\u00e4rkesprofilering eller ett unikt utseende kan denna hatt anpassas efter dina behov.<\/p>\n<h3 data-start=\"1120\" data-end=\"1371\"><strong data-start=\"1120\" data-end=\"1134\">Passform och storlek<\/strong><\/h3>\n<p data-start=\"1120\" data-end=\"1371\">Den <strong data-start=\"1140\" data-end=\"1169\">En storlek passar de flesta (OSFM)<\/strong> designen passar huvudstorlekar fr\u00e5n <strong data-start=\"1198\" data-end=\"1211\">7 \u2013 7 3\/4<\/strong>, vilket ger en bekv\u00e4m och s\u00e4ker passform f\u00f6r de flesta. Den justerbara konstruktionen s\u00e4kerst\u00e4ller att hatten sitter bekv\u00e4mt p\u00e5 olika huvudformer och storlekar.<\/p>\n<h3 data-start=\"1375\" data-end=\"1593\"><strong data-start=\"1375\" data-end=\"1384\">Visir<\/strong><\/h3>\n<p data-start=\"1375\" data-end=\"1593\">Med en <strong data-start=\"1398\" data-end=\"1411\">platt r\u00e4kning<\/strong>, Denna hatt har en modern, ren design och ger samtidigt ett gott solskydd. Den \u00e4r det perfekta valet f\u00f6r dig som s\u00f6ker ett snyggt och stilfullt tillbeh\u00f6r f\u00f6r utomhusaktiviteter eller vardagsbruk.<\/p>\n<h3 data-start=\"1597\" data-end=\"1849\"><strong data-start=\"1597\" data-end=\"1608\">Service<\/strong><\/h3>\n<p data-start=\"1597\" data-end=\"1849\">Vi erbjuder <strong data-start=\"1619\" data-end=\"1661\">OEM (Original Equipment Manufacturing)<\/strong> och <strong data-start=\"1666\" data-end=\"1705\">ODM (Original Design Manufacturing)<\/strong> tj\u00e4nster, vilket ger dig flexibiliteten att helt anpassa hatten efter dina specifikationer, fr\u00e5n broderim\u00f6nstret till f\u00e4rgschemat.<\/p>\n<h3 data-start=\"1851\" data-end=\"1868\">Ans\u00f6kningar<\/h3>\n<p data-start=\"1869\" data-end=\"2126\">Perfekt f\u00f6r f\u00f6retagspresenter, idrottslag, l\u00e4ger, utomhusevenemang och modemedvetna personer. Denna keps \u00e4r m\u00e5ngsidig och kan anpassas efter alla varum\u00e4rkes- eller marknadsf\u00f6ringsbehov, vilket g\u00f6r den till ett utm\u00e4rkt tillskott till din samling av marknadsf\u00f6ringsprodukter.<\/p>\n<p data-start=\"2128\" data-end=\"2357\">Med sin premium <strong data-start=\"2145\" data-end=\"2159\">broderi<\/strong>, h\u00e5llbar <strong data-start=\"2169\" data-end=\"2182\">polyester<\/strong> material och anpassningsbara alternativ, den <strong data-start=\"2223\" data-end=\"2287\">Sumkcaps 2812 Custom Five Panel Broderad Camp Trucker Hatt<\/strong> \u00e4r utformad f\u00f6r att uppfylla de h\u00f6gsta kraven p\u00e5 b\u00e5de stil och funktion.<\/p>","protected":false},"excerpt":{"rendered":"<p>Sumkcaps 2812 Custom Five Panel Broderad Camp Trucker Hat \u00e4r en av popul\u00e4ra Cap Style, l\u00e4tt vikt och andningsbar v\u00e4l. Perfekt hatt f\u00f6r ditt lilla f\u00f6retag, sportlag, specialevenemang och mer. \u00c4ndra din egen logotyp enkelt.<\/p>","protected":false},"featured_media":14637,"template":"","meta":{"_acf_changed":false,"_kad_blocks_custom_css":"","_kad_blocks_head_custom_js":"","_kad_blocks_body_custom_js":"","_kad_blocks_footer_custom_js":""},"product_brand":[],"product_cat":[693,945],"product_tag":[],"class_list":{"0":"post-14636","1":"product","2":"type-product","3":"status-publish","4":"has-post-thumbnail","6":"product_cat-hat","7":"product_cat-custom-5-panel-camp-hats","9":"first","10":"outofstock","11":"shipping-taxable","12":"product-type-simple"},"acf":[],"yoast_head":"<!-- This site is optimized with the Yoast SEO Premium plugin v20.8 (Yoast SEO v25.9) - https:\/\/yoast.com\/wordpress\/plugins\/seo\/ -->\n<title>Custom Embroidered Camp Trucker Hat | China Manufactuer<\/title>\n<meta name=\"description\" content=\"More Than 10 Years Of Experience In The Headwear Industry. Professional Custom Design Service Available. 100% Satisfaction Guarantee. Min order 200pcs.\" \/>\n<meta name=\"robots\" content=\"index, follow, max-snippet:-1, max-image-preview:large, max-video-preview:-1\" \/>\n<link rel=\"canonical\" href=\"https:\/\/sumkcaps.com\/sv\/produkt\/sufox-2812-custom-fem-panel-broderad-camp-truckerhatt\/\" \/>\n<meta property=\"og:locale\" content=\"sv_SE\" \/>\n<meta property=\"og:type\" content=\"article\" \/>\n<meta property=\"og:title\" content=\"Sumkcaps 2812 Custom Five Panel Embroidered Camp Trucker Hat - Sumkcaps\" \/>\n<meta property=\"og:description\" content=\"More Than 10 Years Of Experience In The Headwear Industry. Professional Custom Design Service Available. 100% Satisfaction Guarantee. Min order 200pcs.\" \/>\n<meta property=\"og:url\" content=\"https:\/\/sumkcaps.com\/sv\/produkt\/sufox-2812-custom-fem-panel-broderad-camp-truckerhatt\/\" \/>\n<meta property=\"og:site_name\" content=\"Sumkcaps-China Original Headwear Manufacturer and Suppliers\" \/>\n<meta property=\"article:publisher\" content=\"https:\/\/www.facebook.com\/sumkcap\" \/>\n<meta property=\"article:modified_time\" content=\"2025-12-23T01:51:17+00:00\" \/>\n<meta property=\"og:image\" content=\"https:\/\/sumkcaps.com\/wp-content\/uploads\/2022\/09\/Embroidery_Logo_5_panel_Hats-4.jpg\" \/>\n\t<meta property=\"og:image:width\" content=\"1000\" \/>\n\t<meta property=\"og:image:height\" content=\"1000\" \/>\n\t<meta property=\"og:image:type\" content=\"image\/jpeg\" \/>\n<meta name=\"twitter:card\" content=\"summary_large_image\" \/>\n<meta name=\"twitter:label1\" content=\"Ber\u00e4knad l\u00e4stid\" \/>\n\t<meta name=\"twitter:data1\" content=\"2 minuter\" \/>\n<script type=\"application\/ld+json\" class=\"yoast-schema-graph\">{\"@context\":\"https:\/\/schema.org\",\"@graph\":[{\"@type\":\"WebPage\",\"@id\":\"https:\/\/sumkcaps.com\/product\/sufox-2812-custom-five-panel-embroidered-camp-trucker-hat\/\",\"url\":\"https:\/\/sumkcaps.com\/product\/sufox-2812-custom-five-panel-embroidered-camp-trucker-hat\/\",\"name\":\"Custom Embroidered Camp Trucker Hat | China Manufactuer\",\"isPartOf\":{\"@id\":\"https:\/\/sumkcaps.com\/#website\"},\"primaryImageOfPage\":{\"@id\":\"https:\/\/sumkcaps.com\/product\/sufox-2812-custom-five-panel-embroidered-camp-trucker-hat\/#primaryimage\"},\"image\":{\"@id\":\"https:\/\/sumkcaps.com\/product\/sufox-2812-custom-five-panel-embroidered-camp-trucker-hat\/#primaryimage\"},\"thumbnailUrl\":\"https:\/\/sumkcaps.com\/wp-content\/uploads\/2022\/09\/Embroidery_Logo_5_panel_Hats-4.jpg\",\"datePublished\":\"2022-09-14T05:52:32+00:00\",\"dateModified\":\"2025-12-23T01:51:17+00:00\",\"description\":\"More Than 10 Years Of Experience In The Headwear Industry. Professional Custom Design Service Available. 100% Satisfaction Guarantee. Min order 200pcs.\",\"breadcrumb\":{\"@id\":\"https:\/\/sumkcaps.com\/product\/sufox-2812-custom-five-panel-embroidered-camp-trucker-hat\/#breadcrumb\"},\"inLanguage\":\"sv-SE\",\"potentialAction\":[{\"@type\":\"ReadAction\",\"target\":[\"https:\/\/sumkcaps.com\/product\/sufox-2812-custom-five-panel-embroidered-camp-trucker-hat\/\"]}]},{\"@type\":\"ImageObject\",\"inLanguage\":\"sv-SE\",\"@id\":\"https:\/\/sumkcaps.com\/product\/sufox-2812-custom-five-panel-embroidered-camp-trucker-hat\/#primaryimage\",\"url\":\"https:\/\/sumkcaps.com\/wp-content\/uploads\/2022\/09\/Embroidery_Logo_5_panel_Hats-4.jpg\",\"contentUrl\":\"https:\/\/sumkcaps.com\/wp-content\/uploads\/2022\/09\/Embroidery_Logo_5_panel_Hats-4.jpg\",\"width\":1000,\"height\":1000},{\"@type\":\"BreadcrumbList\",\"@id\":\"https:\/\/sumkcaps.com\/product\/sufox-2812-custom-five-panel-embroidered-camp-trucker-hat\/#breadcrumb\",\"itemListElement\":[{\"@type\":\"ListItem\",\"position\":1,\"name\":\"Home\",\"item\":\"https:\/\/sumkcaps.com\/\"},{\"@type\":\"ListItem\",\"position\":2,\"name\":\"Products\",\"item\":\"https:\/\/sumkcaps.com\/product\/\"},{\"@type\":\"ListItem\",\"position\":3,\"name\":\"Sumkcaps 2812 Custom Five Panel Embroidered Camp Trucker Hat\"}]},{\"@type\":\"WebSite\",\"@id\":\"https:\/\/sumkcaps.com\/#website\",\"url\":\"https:\/\/sumkcaps.com\/\",\"name\":\"Sumkcaps-China Original Headwear Manufacturer and Suppliers\",\"description\":\"We are China Cap And Hat Original Factory, whose main business is to custom cap and hat as client&#039;s LOGO. Any cap style, any cap color, any qty, any material and qty is no problem. In one words, any small details can be customized as your request.\",\"publisher\":{\"@id\":\"https:\/\/sumkcaps.com\/#organization\"},\"potentialAction\":[{\"@type\":\"SearchAction\",\"target\":{\"@type\":\"EntryPoint\",\"urlTemplate\":\"https:\/\/sumkcaps.com\/?s={search_term_string}\"},\"query-input\":{\"@type\":\"PropertyValueSpecification\",\"valueRequired\":true,\"valueName\":\"search_term_string\"}}],\"inLanguage\":\"sv-SE\"},{\"@type\":\"Organization\",\"@id\":\"https:\/\/sumkcaps.com\/#organization\",\"name\":\"Sumkcaps-China Original Headwear Manufacturer and Suppliers\",\"url\":\"https:\/\/sumkcaps.com\/\",\"logo\":{\"@type\":\"ImageObject\",\"inLanguage\":\"sv-SE\",\"@id\":\"https:\/\/sumkcaps.com\/#\/schema\/logo\/image\/\",\"url\":\"https:\/\/sumkcaps.com\/wp-content\/uploads\/2025\/12\/1234.jpg\",\"contentUrl\":\"https:\/\/sumkcaps.com\/wp-content\/uploads\/2025\/12\/1234.jpg\",\"width\":800,\"height\":800,\"caption\":\"Sumkcaps-China Original Headwear Manufacturer and Suppliers\"},\"image\":{\"@id\":\"https:\/\/sumkcaps.com\/#\/schema\/logo\/image\/\"},\"sameAs\":[\"https:\/\/www.facebook.com\/sumkcap\",\"https:\/\/www.instagram.com\/sumkcaps7\/\",\"https:\/\/www.pinterest.com\/sumkcapschina\/\"]}]}<\/script>\n<!-- \/ Yoast SEO Premium plugin. -->","yoast_head_json":{"title":"Specialbroderad Camp Trucker Hat | Kina Tillverkare","description":"Mer \u00e4n 10 \u00e5rs erfarenhet inom huvudbonadsbranschen. Professionell tj\u00e4nst f\u00f6r skr\u00e4ddarsydd design tillg\u00e4nglig. 100% N\u00f6jdhetsgaranti. Minsta best\u00e4llning 200 st.","robots":{"index":"index","follow":"follow","max-snippet":"max-snippet:-1","max-image-preview":"max-image-preview:large","max-video-preview":"max-video-preview:-1"},"canonical":"https:\/\/sumkcaps.com\/sv\/produkt\/sufox-2812-custom-fem-panel-broderad-camp-truckerhatt\/","og_locale":"sv_SE","og_type":"article","og_title":"Sumkcaps 2812 Custom Five Panel Embroidered Camp Trucker Hat - Sumkcaps","og_description":"More Than 10 Years Of Experience In The Headwear Industry. Professional Custom Design Service Available. 100% Satisfaction Guarantee. Min order 200pcs.","og_url":"https:\/\/sumkcaps.com\/sv\/produkt\/sufox-2812-custom-fem-panel-broderad-camp-truckerhatt\/","og_site_name":"Sumkcaps-China Original Headwear Manufacturer and Suppliers","article_publisher":"https:\/\/www.facebook.com\/sumkcap","article_modified_time":"2025-12-23T01:51:17+00:00","og_image":[{"width":1000,"height":1000,"url":"https:\/\/sumkcaps.com\/wp-content\/uploads\/2022\/09\/Embroidery_Logo_5_panel_Hats-4.jpg","type":"image\/jpeg"}],"twitter_card":"summary_large_image","twitter_misc":{"Ber\u00e4knad l\u00e4stid":"2 minuter"},"schema":{"@context":"https:\/\/schema.org","@graph":[{"@type":"WebPage","@id":"https:\/\/sumkcaps.com\/product\/sufox-2812-custom-five-panel-embroidered-camp-trucker-hat\/","url":"https:\/\/sumkcaps.com\/product\/sufox-2812-custom-five-panel-embroidered-camp-trucker-hat\/","name":"Specialbroderad Camp Trucker Hat | Kina Tillverkare","isPartOf":{"@id":"https:\/\/sumkcaps.com\/#website"},"primaryImageOfPage":{"@id":"https:\/\/sumkcaps.com\/product\/sufox-2812-custom-five-panel-embroidered-camp-trucker-hat\/#primaryimage"},"image":{"@id":"https:\/\/sumkcaps.com\/product\/sufox-2812-custom-five-panel-embroidered-camp-trucker-hat\/#primaryimage"},"thumbnailUrl":"https:\/\/sumkcaps.com\/wp-content\/uploads\/2022\/09\/Embroidery_Logo_5_panel_Hats-4.jpg","datePublished":"2022-09-14T05:52:32+00:00","dateModified":"2025-12-23T01:51:17+00:00","description":"Mer \u00e4n 10 \u00e5rs erfarenhet inom huvudbonadsbranschen. Professionell tj\u00e4nst f\u00f6r skr\u00e4ddarsydd design tillg\u00e4nglig. 100% N\u00f6jdhetsgaranti. Minsta best\u00e4llning 200 st.","breadcrumb":{"@id":"https:\/\/sumkcaps.com\/product\/sufox-2812-custom-five-panel-embroidered-camp-trucker-hat\/#breadcrumb"},"inLanguage":"sv-SE","potentialAction":[{"@type":"ReadAction","target":["https:\/\/sumkcaps.com\/product\/sufox-2812-custom-five-panel-embroidered-camp-trucker-hat\/"]}]},{"@type":"ImageObject","inLanguage":"sv-SE","@id":"https:\/\/sumkcaps.com\/product\/sufox-2812-custom-five-panel-embroidered-camp-trucker-hat\/#primaryimage","url":"https:\/\/sumkcaps.com\/wp-content\/uploads\/2022\/09\/Embroidery_Logo_5_panel_Hats-4.jpg","contentUrl":"https:\/\/sumkcaps.com\/wp-content\/uploads\/2022\/09\/Embroidery_Logo_5_panel_Hats-4.jpg","width":1000,"height":1000},{"@type":"BreadcrumbList","@id":"https:\/\/sumkcaps.com\/product\/sufox-2812-custom-five-panel-embroidered-camp-trucker-hat\/#breadcrumb","itemListElement":[{"@type":"ListItem","position":1,"name":"Home","item":"https:\/\/sumkcaps.com\/"},{"@type":"ListItem","position":2,"name":"Products","item":"https:\/\/sumkcaps.com\/product\/"},{"@type":"ListItem","position":3,"name":"Sumkcaps 2812 Custom Five Panel Embroidered Camp Trucker Hat"}]},{"@type":"WebSite","@id":"https:\/\/sumkcaps.com\/#website","url":"https:\/\/sumkcaps.com\/","name":"Sumkcaps - tillverkare och leverant\u00f6rer av originalhuvudbonader i Kina","description":"Vi \u00e4r China Cap And Hat Original Factory, vars huvudsakliga verksamhet \u00e4r att anpassa m\u00f6ssa och hatt som klient &amp; #03939; s LOGO. Vilken keps som helst, vilken kepsf\u00e4rg som helst, vilket antal som helst, vilket material som helst och antal \u00e4r inget problem. Med ett ord kan alla sm\u00e5 detaljer anpassas efter din beg\u00e4ran.","publisher":{"@id":"https:\/\/sumkcaps.com\/#organization"},"potentialAction":[{"@type":"SearchAction","target":{"@type":"EntryPoint","urlTemplate":"https:\/\/sumkcaps.com\/?s={search_term_string}"},"query-input":{"@type":"PropertyValueSpecification","valueRequired":true,"valueName":"search_term_string"}}],"inLanguage":"sv-SE"},{"@type":"Organization","@id":"https:\/\/sumkcaps.com\/#organization","name":"Sumkcaps - tillverkare och leverant\u00f6rer av originalhuvudbonader i Kina","url":"https:\/\/sumkcaps.com\/","logo":{"@type":"ImageObject","inLanguage":"sv-SE","@id":"https:\/\/sumkcaps.com\/#\/schema\/logo\/image\/","url":"https:\/\/sumkcaps.com\/wp-content\/uploads\/2025\/12\/1234.jpg","contentUrl":"https:\/\/sumkcaps.com\/wp-content\/uploads\/2025\/12\/1234.jpg","width":800,"height":800,"caption":"Sumkcaps-China Original Headwear Manufacturer and Suppliers"},"image":{"@id":"https:\/\/sumkcaps.com\/#\/schema\/logo\/image\/"},"sameAs":["https:\/\/www.facebook.com\/sumkcap","https:\/\/www.instagram.com\/sumkcaps7\/","https:\/\/www.pinterest.com\/sumkcapschina\/"]}]}},"taxonomy_info":{"product_cat":[{"value":693,"label":"Hat"},{"value":945,"label":"Custom 5 panel camp hats"}]},"featured_image_src_large":["https:\/\/sumkcaps.com\/wp-content\/uploads\/2022\/09\/Embroidery_Logo_5_panel_Hats-4.jpg",800,800,false],"author_info":[],"comment_info":"","_links":{"self":[{"href":"https:\/\/sumkcaps.com\/sv\/wp-json\/wp\/v2\/product\/14636","targetHints":{"allow":["GET"]}}],"collection":[{"href":"https:\/\/sumkcaps.com\/sv\/wp-json\/wp\/v2\/product"}],"about":[{"href":"https:\/\/sumkcaps.com\/sv\/wp-json\/wp\/v2\/types\/product"}],"wp:featuredmedia":[{"embeddable":true,"href":"https:\/\/sumkcaps.com\/sv\/wp-json\/wp\/v2\/media\/14637"}],"wp:attachment":[{"href":"https:\/\/sumkcaps.com\/sv\/wp-json\/wp\/v2\/media?parent=14636"}],"wp:term":[{"taxonomy":"product_brand","embeddable":true,"href":"https:\/\/sumkcaps.com\/sv\/wp-json\/wp\/v2\/product_brand?post=14636"},{"taxonomy":"product_cat","embeddable":true,"href":"https:\/\/sumkcaps.com\/sv\/wp-json\/wp\/v2\/product_cat?post=14636"},{"taxonomy":"product_tag","embeddable":true,"href":"https:\/\/sumkcaps.com\/sv\/wp-json\/wp\/v2\/product_tag?post=14636"}],"curies":[{"name":"wp","href":"https:\/\/api.w.org\/{rel}","templated":true}]}}