{"id":116,"date":"2021-07-03T10:56:35","date_gmt":"2021-07-03T02:56:35","guid":{"rendered":"https:\/\/sumkcaps.com\/?post_type=product&#038;p=116"},"modified":"2025-08-14T11:03:42","modified_gmt":"2025-08-14T03:03:42","slug":"5-panel-earflap-trapper-baseball-cap-winter-hat","status":"publish","type":"product","link":"https:\/\/sumkcaps.com\/sv\/produkt\/5-panel-oronlapp-trapper-basebollkeps-vintermossa\/","title":{"rendered":"5 Panel \u00f6ronlapp Trapper Baseball Cap Vinterhatt"},"content":{"rendered":"<h2>1. Detaljerad beskrivning \uff1a<\/h2>\n<p>Detta <span style=\"color: #000000;\"><a style=\"color: #000000;\" href=\"https:\/\/sumkcaps.com\/product\/5-panel-earflap-trapper-baseball-cap-winter-hat\/\"><strong data-start=\"106\" data-end=\"130\">trapperhatt i manchester<\/strong><\/a> <\/span>kombinerar klassisk vinterv\u00e4rme med en modern twist. Tillverkad av <strong data-start=\"196\" data-end=\"230\">h\u00f6gkvalitativt manchestermaterial<\/strong>Den \u00e4r slitstark och har en mjuk och bekv\u00e4m k\u00e4nsla. Den <strong data-start=\"287\" data-end=\"310\">\u00f6ronlappar i kamouflagem\u00f6nster<\/strong> ger inte bara en robust, utomhusbetonad stil utan ger ocks\u00e5 utm\u00e4rkt t\u00e4ckning f\u00f6r att h\u00e5lla huvudet och \u00f6ronen varma i kallt v\u00e4der. Designad med en <strong data-start=\"453\" data-end=\"481\">krona i basebollkeps-stil<\/strong>Den ger ett modernt utseende samtidigt som den ger det praktiska skydd som en trapperhatt ger.<\/p>\n<h2>2. Tyg:<\/h2>\n<p>Vi har olika tyger, bomull, akryl, camo-tyg, n\u00e4ttyg, m\u00f6nstertyg, ormskinnsl\u00e4der, leopardl\u00e4der och s\u00e5 vidare, du kan v\u00e4lja den du gillar att g\u00f6ra m\u00f6ssan.<\/p>\n<h2>3. F\u00e4rg:<\/h2>\n<p>Vi kan g\u00f6ra f\u00e4rgen som du vill.<\/p>\n<h2>4. Storlek:<\/h2>\n<p>Storlek Kan g\u00f6ra storleken som du vill.<\/p>\n<h2>5. Topp:<\/h2>\n<p>Toppen kan vara en b\u00f6jd topp eller en platt topp. Kan \u00e4ven broderas eller tryckas med din logotyp p\u00e5 toppen.<\/p>\n<p>Toppen kan vara runt och kan ocks\u00e5 vara i kvadrat.<\/p>\n<h2>6. Logotyp:Logotyp<\/h2>\n<p>Logotypen kan vara broderad eller tryckt eller lappad etc.<\/p>\n<h2>7. St\u00e4ngning p\u00e5 baksidan \uff1a<\/h2>\n<p>Ryggst\u00e4ngning kan vara snapback, st\u00e4ngd, flex fitted eller l\u00e4derrem.<\/p>\n<h2>8. MOQ:.<\/h2>\n<p>V\u00e5r MOQ \u00e4r 200st stil\/f\u00e4rg<\/p>\n<h2>9. Betalningsmetoder<\/h2>\n<p>F\u00f6r betalning accepterar vi Western Union; Money Gram; TT etc.<\/p>\n<p>F\u00f6r prov kan vi acceptera PayPal.<\/p>\n<h2>10.Leveranstid<\/h2>\n<p>Produktionen vi beh\u00f6ver 15-18 arbetsdagar f\u00f6r kvantiteten under 5000 st<br \/>\nF\u00f6r provet tar vi vanligtvis 5-7 arbetsdagar f\u00f6r att slutf\u00f6ra det.<\/p>\n<p>&nbsp;<\/p>","protected":false},"excerpt":{"rendered":"<p>Trapperhatt tillverkad av h\u00f6gkvalitativt manchestermaterial, under tiden h\u00e5ller camo \u00f6ronlappsdesign ditt huvud varmt; och basebollkepsutseende h\u00e5ller dig modern och fashional.<\/p>","protected":false},"featured_media":117,"template":"","meta":{"_acf_changed":false,"_kad_blocks_custom_css":"","_kad_blocks_head_custom_js":"","_kad_blocks_body_custom_js":"","_kad_blocks_footer_custom_js":""},"product_brand":[],"product_cat":[70],"product_tag":[],"class_list":{"0":"post-116","1":"product","2":"type-product","3":"status-publish","4":"has-post-thumbnail","6":"product_cat-trapper-hat","8":"first","9":"outofstock","10":"shipping-taxable","11":"product-type-simple"},"acf":[],"yoast_head":"<!-- This site is optimized with the Yoast SEO Premium plugin v20.8 (Yoast SEO v25.9) - https:\/\/yoast.com\/wordpress\/plugins\/seo\/ -->\n<title>5 Panel Earflap Trapper Baseball Cap Winter Hat - Sumkcaps<\/title>\n<meta name=\"robots\" content=\"index, follow, max-snippet:-1, max-image-preview:large, max-video-preview:-1\" \/>\n<link rel=\"canonical\" href=\"https:\/\/sumkcaps.com\/sv\/produkt\/5-panel-oronlapp-trapper-basebollkeps-vintermossa\/\" \/>\n<meta property=\"og:locale\" content=\"sv_SE\" \/>\n<meta property=\"og:type\" content=\"article\" \/>\n<meta property=\"og:title\" content=\"5 Panel Earflap Trapper Baseball Cap Winter Hat - Sumkcaps\" \/>\n<meta property=\"og:description\" content=\"Trapper hat made of high quality corduroy material, meanwhile camo earflap design keep your head warm; and baseball cap looks keep your modern and fashional.\" \/>\n<meta property=\"og:url\" content=\"https:\/\/sumkcaps.com\/sv\/produkt\/5-panel-oronlapp-trapper-basebollkeps-vintermossa\/\" \/>\n<meta property=\"og:site_name\" content=\"Sumkcaps-China Original Headwear Manufacturer and Suppliers\" \/>\n<meta property=\"article:publisher\" content=\"https:\/\/www.facebook.com\/sumkcap\" \/>\n<meta property=\"article:modified_time\" content=\"2025-08-14T03:03:42+00:00\" \/>\n<meta property=\"og:image\" content=\"https:\/\/sumkcaps.com\/wp-content\/uploads\/2021\/07\/Hat5_900x.jpg\" \/>\n\t<meta property=\"og:image:width\" content=\"900\" \/>\n\t<meta property=\"og:image:height\" content=\"900\" \/>\n\t<meta property=\"og:image:type\" content=\"image\/jpeg\" \/>\n<meta name=\"twitter:card\" content=\"summary_large_image\" \/>\n<meta name=\"twitter:label1\" content=\"Ber\u00e4knad l\u00e4stid\" \/>\n\t<meta name=\"twitter:data1\" content=\"2 minuter\" \/>\n<script type=\"application\/ld+json\" class=\"yoast-schema-graph\">{\"@context\":\"https:\/\/schema.org\",\"@graph\":[{\"@type\":\"WebPage\",\"@id\":\"https:\/\/sumkcaps.com\/product\/5-panel-earflap-trapper-baseball-cap-winter-hat\/\",\"url\":\"https:\/\/sumkcaps.com\/product\/5-panel-earflap-trapper-baseball-cap-winter-hat\/\",\"name\":\"5 Panel Earflap Trapper Baseball Cap Winter Hat - Sumkcaps\",\"isPartOf\":{\"@id\":\"https:\/\/sumkcaps.com\/#website\"},\"primaryImageOfPage\":{\"@id\":\"https:\/\/sumkcaps.com\/product\/5-panel-earflap-trapper-baseball-cap-winter-hat\/#primaryimage\"},\"image\":{\"@id\":\"https:\/\/sumkcaps.com\/product\/5-panel-earflap-trapper-baseball-cap-winter-hat\/#primaryimage\"},\"thumbnailUrl\":\"https:\/\/sumkcaps.com\/wp-content\/uploads\/2021\/07\/Hat5_900x.jpg\",\"datePublished\":\"2021-07-03T02:56:35+00:00\",\"dateModified\":\"2025-08-14T03:03:42+00:00\",\"breadcrumb\":{\"@id\":\"https:\/\/sumkcaps.com\/product\/5-panel-earflap-trapper-baseball-cap-winter-hat\/#breadcrumb\"},\"inLanguage\":\"sv-SE\",\"potentialAction\":[{\"@type\":\"ReadAction\",\"target\":[\"https:\/\/sumkcaps.com\/product\/5-panel-earflap-trapper-baseball-cap-winter-hat\/\"]}]},{\"@type\":\"ImageObject\",\"inLanguage\":\"sv-SE\",\"@id\":\"https:\/\/sumkcaps.com\/product\/5-panel-earflap-trapper-baseball-cap-winter-hat\/#primaryimage\",\"url\":\"https:\/\/sumkcaps.com\/wp-content\/uploads\/2021\/07\/Hat5_900x.jpg\",\"contentUrl\":\"https:\/\/sumkcaps.com\/wp-content\/uploads\/2021\/07\/Hat5_900x.jpg\",\"width\":900,\"height\":900},{\"@type\":\"BreadcrumbList\",\"@id\":\"https:\/\/sumkcaps.com\/product\/5-panel-earflap-trapper-baseball-cap-winter-hat\/#breadcrumb\",\"itemListElement\":[{\"@type\":\"ListItem\",\"position\":1,\"name\":\"Home\",\"item\":\"https:\/\/sumkcaps.com\/\"},{\"@type\":\"ListItem\",\"position\":2,\"name\":\"Products\",\"item\":\"https:\/\/sumkcaps.com\/product\/\"},{\"@type\":\"ListItem\",\"position\":3,\"name\":\"5 Panel Earflap Trapper Baseball Cap Winter Hat\"}]},{\"@type\":\"WebSite\",\"@id\":\"https:\/\/sumkcaps.com\/#website\",\"url\":\"https:\/\/sumkcaps.com\/\",\"name\":\"Sumkcaps-China Original Headwear Manufacturer and Suppliers\",\"description\":\"We are China Cap And Hat Original Factory, whose main business is to custom cap and hat as client&#039;s LOGO. Any cap style, any cap color, any qty, any material and qty is no problem. In one words, any small details can be customized as your request.\",\"publisher\":{\"@id\":\"https:\/\/sumkcaps.com\/#organization\"},\"potentialAction\":[{\"@type\":\"SearchAction\",\"target\":{\"@type\":\"EntryPoint\",\"urlTemplate\":\"https:\/\/sumkcaps.com\/?s={search_term_string}\"},\"query-input\":{\"@type\":\"PropertyValueSpecification\",\"valueRequired\":true,\"valueName\":\"search_term_string\"}}],\"inLanguage\":\"sv-SE\"},{\"@type\":\"Organization\",\"@id\":\"https:\/\/sumkcaps.com\/#organization\",\"name\":\"Sumkcaps-China Original Headwear Manufacturer and Suppliers\",\"url\":\"https:\/\/sumkcaps.com\/\",\"logo\":{\"@type\":\"ImageObject\",\"inLanguage\":\"sv-SE\",\"@id\":\"https:\/\/sumkcaps.com\/#\/schema\/logo\/image\/\",\"url\":\"https:\/\/sumkcaps.com\/wp-content\/uploads\/2025\/12\/1234.jpg\",\"contentUrl\":\"https:\/\/sumkcaps.com\/wp-content\/uploads\/2025\/12\/1234.jpg\",\"width\":800,\"height\":800,\"caption\":\"Sumkcaps-China Original Headwear Manufacturer and Suppliers\"},\"image\":{\"@id\":\"https:\/\/sumkcaps.com\/#\/schema\/logo\/image\/\"},\"sameAs\":[\"https:\/\/www.facebook.com\/sumkcap\",\"https:\/\/www.instagram.com\/sumkcaps7\/\",\"https:\/\/www.pinterest.com\/sumkcapschina\/\"]}]}<\/script>\n<!-- \/ Yoast SEO Premium plugin. -->","yoast_head_json":{"title":"5 Panel \u00d6ronlapp Trapper Basebollkeps Vinterhatt - Sumkcaps","robots":{"index":"index","follow":"follow","max-snippet":"max-snippet:-1","max-image-preview":"max-image-preview:large","max-video-preview":"max-video-preview:-1"},"canonical":"https:\/\/sumkcaps.com\/sv\/produkt\/5-panel-oronlapp-trapper-basebollkeps-vintermossa\/","og_locale":"sv_SE","og_type":"article","og_title":"5 Panel Earflap Trapper Baseball Cap Winter Hat - Sumkcaps","og_description":"Trapper hat made of high quality corduroy material, meanwhile camo earflap design keep your head warm; and baseball cap looks keep your modern and fashional.","og_url":"https:\/\/sumkcaps.com\/sv\/produkt\/5-panel-oronlapp-trapper-basebollkeps-vintermossa\/","og_site_name":"Sumkcaps-China Original Headwear Manufacturer and Suppliers","article_publisher":"https:\/\/www.facebook.com\/sumkcap","article_modified_time":"2025-08-14T03:03:42+00:00","og_image":[{"width":900,"height":900,"url":"https:\/\/sumkcaps.com\/wp-content\/uploads\/2021\/07\/Hat5_900x.jpg","type":"image\/jpeg"}],"twitter_card":"summary_large_image","twitter_misc":{"Ber\u00e4knad l\u00e4stid":"2 minuter"},"schema":{"@context":"https:\/\/schema.org","@graph":[{"@type":"WebPage","@id":"https:\/\/sumkcaps.com\/product\/5-panel-earflap-trapper-baseball-cap-winter-hat\/","url":"https:\/\/sumkcaps.com\/product\/5-panel-earflap-trapper-baseball-cap-winter-hat\/","name":"5 Panel \u00d6ronlapp Trapper Basebollkeps Vinterhatt - Sumkcaps","isPartOf":{"@id":"https:\/\/sumkcaps.com\/#website"},"primaryImageOfPage":{"@id":"https:\/\/sumkcaps.com\/product\/5-panel-earflap-trapper-baseball-cap-winter-hat\/#primaryimage"},"image":{"@id":"https:\/\/sumkcaps.com\/product\/5-panel-earflap-trapper-baseball-cap-winter-hat\/#primaryimage"},"thumbnailUrl":"https:\/\/sumkcaps.com\/wp-content\/uploads\/2021\/07\/Hat5_900x.jpg","datePublished":"2021-07-03T02:56:35+00:00","dateModified":"2025-08-14T03:03:42+00:00","breadcrumb":{"@id":"https:\/\/sumkcaps.com\/product\/5-panel-earflap-trapper-baseball-cap-winter-hat\/#breadcrumb"},"inLanguage":"sv-SE","potentialAction":[{"@type":"ReadAction","target":["https:\/\/sumkcaps.com\/product\/5-panel-earflap-trapper-baseball-cap-winter-hat\/"]}]},{"@type":"ImageObject","inLanguage":"sv-SE","@id":"https:\/\/sumkcaps.com\/product\/5-panel-earflap-trapper-baseball-cap-winter-hat\/#primaryimage","url":"https:\/\/sumkcaps.com\/wp-content\/uploads\/2021\/07\/Hat5_900x.jpg","contentUrl":"https:\/\/sumkcaps.com\/wp-content\/uploads\/2021\/07\/Hat5_900x.jpg","width":900,"height":900},{"@type":"BreadcrumbList","@id":"https:\/\/sumkcaps.com\/product\/5-panel-earflap-trapper-baseball-cap-winter-hat\/#breadcrumb","itemListElement":[{"@type":"ListItem","position":1,"name":"Home","item":"https:\/\/sumkcaps.com\/"},{"@type":"ListItem","position":2,"name":"Products","item":"https:\/\/sumkcaps.com\/product\/"},{"@type":"ListItem","position":3,"name":"5 Panel Earflap Trapper Baseball Cap Winter Hat"}]},{"@type":"WebSite","@id":"https:\/\/sumkcaps.com\/#website","url":"https:\/\/sumkcaps.com\/","name":"Sumkcaps - tillverkare och leverant\u00f6rer av originalhuvudbonader i Kina","description":"Vi \u00e4r China Cap And Hat Original Factory, vars huvudsakliga verksamhet \u00e4r att anpassa m\u00f6ssa och hatt som klient &amp; #03939; s LOGO. Vilken keps som helst, vilken kepsf\u00e4rg som helst, vilket antal som helst, vilket material som helst och antal \u00e4r inget problem. Med ett ord kan alla sm\u00e5 detaljer anpassas efter din beg\u00e4ran.","publisher":{"@id":"https:\/\/sumkcaps.com\/#organization"},"potentialAction":[{"@type":"SearchAction","target":{"@type":"EntryPoint","urlTemplate":"https:\/\/sumkcaps.com\/?s={search_term_string}"},"query-input":{"@type":"PropertyValueSpecification","valueRequired":true,"valueName":"search_term_string"}}],"inLanguage":"sv-SE"},{"@type":"Organization","@id":"https:\/\/sumkcaps.com\/#organization","name":"Sumkcaps - tillverkare och leverant\u00f6rer av originalhuvudbonader i Kina","url":"https:\/\/sumkcaps.com\/","logo":{"@type":"ImageObject","inLanguage":"sv-SE","@id":"https:\/\/sumkcaps.com\/#\/schema\/logo\/image\/","url":"https:\/\/sumkcaps.com\/wp-content\/uploads\/2025\/12\/1234.jpg","contentUrl":"https:\/\/sumkcaps.com\/wp-content\/uploads\/2025\/12\/1234.jpg","width":800,"height":800,"caption":"Sumkcaps-China Original Headwear Manufacturer and Suppliers"},"image":{"@id":"https:\/\/sumkcaps.com\/#\/schema\/logo\/image\/"},"sameAs":["https:\/\/www.facebook.com\/sumkcap","https:\/\/www.instagram.com\/sumkcaps7\/","https:\/\/www.pinterest.com\/sumkcapschina\/"]}]}},"taxonomy_info":{"product_cat":[{"value":70,"label":"Trapper Hat Wholesale"}]},"featured_image_src_large":["https:\/\/sumkcaps.com\/wp-content\/uploads\/2021\/07\/Hat5_900x.jpg",800,800,false],"author_info":[],"comment_info":"","_links":{"self":[{"href":"https:\/\/sumkcaps.com\/sv\/wp-json\/wp\/v2\/product\/116","targetHints":{"allow":["GET"]}}],"collection":[{"href":"https:\/\/sumkcaps.com\/sv\/wp-json\/wp\/v2\/product"}],"about":[{"href":"https:\/\/sumkcaps.com\/sv\/wp-json\/wp\/v2\/types\/product"}],"wp:featuredmedia":[{"embeddable":true,"href":"https:\/\/sumkcaps.com\/sv\/wp-json\/wp\/v2\/media\/117"}],"wp:attachment":[{"href":"https:\/\/sumkcaps.com\/sv\/wp-json\/wp\/v2\/media?parent=116"}],"wp:term":[{"taxonomy":"product_brand","embeddable":true,"href":"https:\/\/sumkcaps.com\/sv\/wp-json\/wp\/v2\/product_brand?post=116"},{"taxonomy":"product_cat","embeddable":true,"href":"https:\/\/sumkcaps.com\/sv\/wp-json\/wp\/v2\/product_cat?post=116"},{"taxonomy":"product_tag","embeddable":true,"href":"https:\/\/sumkcaps.com\/sv\/wp-json\/wp\/v2\/product_tag?post=116"}],"curies":[{"name":"wp","href":"https:\/\/api.w.org\/{rel}","templated":true}]}}