{"id":22856,"date":"2023-06-01T11:33:59","date_gmt":"2023-06-01T03:33:59","guid":{"rendered":"https:\/\/sumkcaps.com\/?page_id=22856"},"modified":"2025-07-29T15:34:09","modified_gmt":"2025-07-29T07:34:09","slug":"terms-of-use","status":"publish","type":"page","link":"https:\/\/sumkcaps.com\/sv\/anvandarvillkor\/","title":{"rendered":"Villkor f\u00f6r anv\u00e4ndning"},"content":{"rendered":"<div data-elementor-type=\"wp-page\" data-elementor-id=\"22856\" class=\"elementor elementor-22856\" data-elementor-post-type=\"page\">\n\t\t\t\t\t\t<section class=\"elementor-section elementor-top-section elementor-element elementor-element-9d2d261 elementor-section-full_width elementor-section-height-default elementor-section-height-default\" data-id=\"9d2d261\" data-element_type=\"section\" data-e-type=\"section\" data-settings=\"{&quot;background_background&quot;:&quot;classic&quot;}\">\n\t\t\t\t\t\t<div class=\"elementor-container elementor-column-gap-default\">\n\t\t\t\t\t<div class=\"elementor-column elementor-col-100 elementor-top-column elementor-element elementor-element-6459fc0\" data-id=\"6459fc0\" data-element_type=\"column\" data-e-type=\"column\">\n\t\t\t<div class=\"elementor-widget-wrap elementor-element-populated\">\n\t\t\t\t\t\t<div class=\"elementor-element elementor-element-3acc3f5 elementor-widget elementor-widget-heading\" data-id=\"3acc3f5\" data-element_type=\"widget\" data-e-type=\"widget\" data-widget_type=\"heading.default\">\n\t\t\t\t<div class=\"elementor-widget-container\">\n\t\t\t\t\t<h1 class=\"elementor-heading-title elementor-size-default\">Villkor f\u00f6r anv\u00e4ndning<\/h1>\t\t\t\t<\/div>\n\t\t\t\t<\/div>\n\t\t\t\t\t<\/div>\n\t\t<\/div>\n\t\t\t\t\t<\/div>\n\t\t<\/section>\n\t\t\t\t<section class=\"elementor-section elementor-top-section elementor-element elementor-element-183f71f elementor-section-boxed elementor-section-height-default elementor-section-height-default\" data-id=\"183f71f\" data-element_type=\"section\" data-e-type=\"section\" data-settings=\"{&quot;background_background&quot;:&quot;classic&quot;}\">\n\t\t\t\t\t\t<div class=\"elementor-container elementor-column-gap-default\">\n\t\t\t\t\t<div class=\"elementor-column elementor-col-100 elementor-top-column elementor-element elementor-element-1f215e0\" data-id=\"1f215e0\" data-element_type=\"column\" data-e-type=\"column\">\n\t\t\t<div class=\"elementor-widget-wrap elementor-element-populated\">\n\t\t\t\t\t\t<div class=\"elementor-element elementor-element-6dba8c7 elementor-widget elementor-widget-text-editor\" data-id=\"6dba8c7\" data-element_type=\"widget\" data-e-type=\"widget\" data-widget_type=\"text-editor.default\">\n\t\t\t\t<div class=\"elementor-widget-container\">\n\t\t\t\t\t\t\t\t\t<h3>1. Allm\u00e4nt, tolkning<\/h3><p>Denna webbplats \u00e4gs och drivs av Sumkcaps.<\/p><p>F\u00f6r till\u00e4mpningen av dessa villkor: h\u00e4nvisningar till \"Du\" och \"Din\" avser de personer som bes\u00f6ker denna webbplats (inklusive personer som bes\u00f6ker denna webbplats p\u00e5 uppdrag av andra personer) och \"webbplats\" inkluderar \u00e4ven mobilwebbplatsen och Sumkcaps mobilapplikation.<\/p><h3>2. Anv\u00e4ndning av webbplatsen<\/h3><p>Din anv\u00e4ndning av denna webbplats indikerar att du samtycker till att vara bunden av och agera i enlighet med dessa villkor mot bakgrund av den tillg\u00e5ng som ges till webbplatsen enligt nedan. Om du inte samtycker till dessa villkor \u00e4r du inte till\u00e5ten att och samtycker till att inte anv\u00e4nda eller f\u00e5 tillg\u00e5ng till denna webbplats.<\/p><h3>3. Till\u00e5ten anv\u00e4ndning<\/h3><p>Syftet med denna webbplats \u00e4r endast att till\u00e5ta dig att se tillg\u00e4ngligheten av Sumkcaps varor och tj\u00e4nster och att kontakta Sumkcaps, och inte f\u00f6r n\u00e5got annat \u00e4ndam\u00e5l.<\/p><p>Du f\u00e5r endast anv\u00e4nda denna webbplats i enlighet med dessa villkor och endast f\u00f6r dina privata, icke-kommersiella syften.<\/p><p>I synnerhet \u00e4r det inte till\u00e5tet f\u00f6r dig att:<\/p><ul><li>utan Sumkcaps f\u00f6reg\u00e5ende skriftliga medgivande, anv\u00e4nda n\u00e5got automatiserat system, algoritm eller programvara f\u00f6r att \u00f6vervaka, extrahera, s\u00f6ka eller kopiera n\u00e5got material eller data (helt eller delvis) fr\u00e5n eller genom att anv\u00e4nda denna webbplats (\"sk\u00e4rmskrapning\");<\/li><li>anv\u00e4nda n\u00e5gon programvara, rutin eller enhet eller vidta n\u00e5gon \u00e5tg\u00e4rd f\u00f6r att st\u00f6ra eller f\u00f6rs\u00f6ka st\u00f6ra driften av denna webbplats p\u00e5 n\u00e5got s\u00e4tt eller f\u00f6r att skapa en orimligt stor belastning p\u00e5 denna webbplats, oavsett om detta gjordes avsiktligt eller inte;<\/li><li>f\u00f6rs\u00f6ka skaffa eller f\u00e5 obeh\u00f6rig tillg\u00e5ng till n\u00e5got av Sumkcaps n\u00e4tverk eller konton eller till information om andra anv\u00e4ndare; eller<\/li><li>l\u00e4nka till denna webbplats utan Sumkcaps f\u00f6reg\u00e5ende skriftliga medgivande.<\/li><\/ul><p>I h\u00e4ndelse av brott mot dessa villkor av dig, utan att det p\u00e5verkar n\u00e5gon av Sumkcaps andra r\u00e4ttigheter, kan Sumkcaps avbryta dina applikationer och ink\u00f6p utan f\u00f6reg\u00e5ende meddelande; och \/ eller neka eller blockera din \u00e5tkomst till denna webbplats; eller st\u00e4lla s\u00e4rskilda villkor f\u00f6r din \u00e5tkomst till eller anv\u00e4ndning av denna webbplats.<\/p><h3>4. \u00c4gander\u00e4tt<\/h3><p>All information, data och material p\u00e5 denna webbplats (inklusive men inte begr\u00e4nsat till logotyper, utseende, struktur, f\u00e4rgschema och layout p\u00e5 denna webbplats, programvarukoden och underliggande data och databas) \u00e4r f\u00f6rem\u00e5l f\u00f6r varum\u00e4rkesr\u00e4ttigheter, upphovsr\u00e4tt, databasr\u00e4ttigheter och \/ eller andra registrerade och oregistrerade immateriella r\u00e4ttigheter. All anv\u00e4ndning eller reproduktion av information, data eller material som presenteras p\u00e5 denna webbplats annat \u00e4n f\u00f6r till\u00e5ten personlig, icke-kommersiell anv\u00e4ndning \u00e4r f\u00f6rbjuden och kommer att utg\u00f6ra ett brott mot dessa villkor och kan kr\u00e4nka Sumkcaps eller dess licensgivares immateriella r\u00e4ttigheter.<\/p><h3>5. Begr\u00e4nsning av ansvar<\/h3><p>Barterus ansvarar inte f\u00f6r n\u00e5gra direkta, indirekta, s\u00e4rskilda, straffr\u00e4ttsliga eller f\u00f6ljdf\u00f6rluster eller skador av n\u00e5got slag som uppst\u00e5r till f\u00f6ljd av anv\u00e4ndningen av denna webbplats eller n\u00e5gon information som finns p\u00e5 den.<\/p><h3>6. Till\u00e4mplig lag och jurisdiktion<\/h3><p>Dessa villkor och din anv\u00e4ndning av denna webbplats och alla tvister eller anspr\u00e5k som h\u00e4rr\u00f6r fr\u00e5n eller i samband med s\u00e5dana fr\u00e5gor ska regleras av och tolkas i enlighet med Kinas lagar och du samtycker till att underkasta dig den exklusiva jurisdiktionen f\u00f6r de kinesiska domstolarna. Sumkcaps f\u00f6rbeh\u00e5ller sig r\u00e4tten att v\u00e4cka talan mot n\u00e5gon part som bryter mot dessa villkor (\"f\u00f6rsumlig part\") i domstolarna p\u00e5 platsen f\u00f6r \u00f6vertr\u00e4delsen, domstolarna i landet f\u00f6r den f\u00f6rsumliga partens hemvist efter v\u00e5rt eget gottfinnande.<\/p><h3>7. Allm\u00e4nt<\/h3><p>Sumkcaps f\u00f6rbeh\u00e5ller sig r\u00e4tten att \u00e4ndra all information eller material som finns tillg\u00e4ngligt p\u00e5 denna webbplats n\u00e4r som helst utan f\u00f6reg\u00e5ende meddelande. Sumkcaps kan ocks\u00e5 \u00e4ndra dessa villkor n\u00e4r som helst utan f\u00f6reg\u00e5ende meddelande, och s\u00e5dan \u00e4ndring ska tr\u00e4da i kraft omedelbart efter publicering av de \u00e4ndrade villkoren p\u00e5 webbplatsen som anses vara accepterade av dig om du forts\u00e4tter att anv\u00e4nda webbplatsen.<\/p>\t\t\t\t\t\t\t\t<\/div>\n\t\t\t\t<\/div>\n\t\t\t\t\t<\/div>\n\t\t<\/div>\n\t\t\t\t\t<\/div>\n\t\t<\/section>\n\t\t\t\t<\/div>","protected":false},"excerpt":{"rendered":"<p>Anv\u00e4ndarvillkor 1. Allm\u00e4nt, tolkning Denna webbplats \u00e4gs och drivs av Sumkcaps. F\u00f6r till\u00e4mpningen av dessa villkor: h\u00e4nvisningar till \"Du\" och \"Din\" avser de personer som bes\u00f6ker denna webbplats (inklusive personer som bes\u00f6ker denna webbplats p\u00e5 uppdrag av andra personer) och \"webbplats\" inkluderar \u00e4ven mobilwebbplatsen och [...]<\/p>","protected":false},"author":1,"featured_media":22648,"parent":0,"menu_order":4,"comment_status":"closed","ping_status":"closed","template":"","meta":{"_acf_changed":false,"_kad_blocks_custom_css":"","_kad_blocks_head_custom_js":"","_kad_blocks_body_custom_js":"","_kad_blocks_footer_custom_js":"","footnotes":""},"class_list":["post-22856","page","type-page","status-publish","has-post-thumbnail","hentry"],"acf":[],"yoast_head":"<!-- This site is optimized with the Yoast SEO Premium plugin v20.8 (Yoast SEO v25.9) - https:\/\/yoast.com\/wordpress\/plugins\/seo\/ -->\n<title>Terms Of Use | Sumkcaps<\/title>\n<meta name=\"description\" content=\"Sumkcaps is leading of headwear manufacturer from China. OEMD &amp; ODM Avaible. 200pcs MOQ. Original cap factory. Full custom capacity.\" \/>\n<meta name=\"robots\" content=\"index, follow, max-snippet:-1, max-image-preview:large, max-video-preview:-1\" \/>\n<link rel=\"canonical\" href=\"https:\/\/sumkcaps.com\/sv\/anvandarvillkor\/\" \/>\n<meta property=\"og:locale\" content=\"sv_SE\" \/>\n<meta property=\"og:type\" content=\"article\" \/>\n<meta property=\"og:title\" content=\"Terms of Use - Sumkcaps\" \/>\n<meta property=\"og:description\" content=\"Terms of Use - Sumkcaps\" \/>\n<meta property=\"og:url\" content=\"https:\/\/sumkcaps.com\/sv\/anvandarvillkor\/\" \/>\n<meta property=\"og:site_name\" content=\"Sumkcaps-China Original Headwear Manufacturer and Suppliers\" \/>\n<meta property=\"article:publisher\" content=\"https:\/\/www.facebook.com\/sumkcap\" \/>\n<meta property=\"article:modified_time\" content=\"2025-07-29T07:34:09+00:00\" \/>\n<meta property=\"og:image\" content=\"https:\/\/sumkcaps.com\/wp-content\/uploads\/2023\/05\/China-hat-manufactuers.png\" \/>\n\t<meta property=\"og:image:width\" content=\"801\" \/>\n\t<meta property=\"og:image:height\" content=\"961\" \/>\n\t<meta property=\"og:image:type\" content=\"image\/png\" \/>\n<meta name=\"twitter:card\" content=\"summary_large_image\" \/>\n<meta name=\"twitter:label1\" content=\"Ber\u00e4knad l\u00e4stid\" \/>\n\t<meta name=\"twitter:data1\" content=\"3 minuter\" \/>\n<script type=\"application\/ld+json\" class=\"yoast-schema-graph\">{\"@context\":\"https:\/\/schema.org\",\"@graph\":[{\"@type\":\"WebPage\",\"@id\":\"https:\/\/sumkcaps.com\/terms-of-use\/\",\"url\":\"https:\/\/sumkcaps.com\/terms-of-use\/\",\"name\":\"Terms Of Use | Sumkcaps\",\"isPartOf\":{\"@id\":\"https:\/\/sumkcaps.com\/#website\"},\"primaryImageOfPage\":{\"@id\":\"https:\/\/sumkcaps.com\/terms-of-use\/#primaryimage\"},\"image\":{\"@id\":\"https:\/\/sumkcaps.com\/terms-of-use\/#primaryimage\"},\"thumbnailUrl\":\"https:\/\/sumkcaps.com\/wp-content\/uploads\/2023\/05\/China-hat-manufactuers.png\",\"datePublished\":\"2023-06-01T03:33:59+00:00\",\"dateModified\":\"2025-07-29T07:34:09+00:00\",\"description\":\"Sumkcaps is leading of headwear manufacturer from China. OEMD & ODM Avaible. 200pcs MOQ. Original cap factory. Full custom capacity.\",\"breadcrumb\":{\"@id\":\"https:\/\/sumkcaps.com\/terms-of-use\/#breadcrumb\"},\"inLanguage\":\"sv-SE\",\"potentialAction\":[{\"@type\":\"ReadAction\",\"target\":[\"https:\/\/sumkcaps.com\/terms-of-use\/\"]}]},{\"@type\":\"ImageObject\",\"inLanguage\":\"sv-SE\",\"@id\":\"https:\/\/sumkcaps.com\/terms-of-use\/#primaryimage\",\"url\":\"https:\/\/sumkcaps.com\/wp-content\/uploads\/2023\/05\/China-hat-manufactuers.png\",\"contentUrl\":\"https:\/\/sumkcaps.com\/wp-content\/uploads\/2023\/05\/China-hat-manufactuers.png\",\"width\":801,\"height\":961},{\"@type\":\"BreadcrumbList\",\"@id\":\"https:\/\/sumkcaps.com\/terms-of-use\/#breadcrumb\",\"itemListElement\":[{\"@type\":\"ListItem\",\"position\":1,\"name\":\"Home\",\"item\":\"https:\/\/sumkcaps.com\/\"},{\"@type\":\"ListItem\",\"position\":2,\"name\":\"Terms of Use\"}]},{\"@type\":\"WebSite\",\"@id\":\"https:\/\/sumkcaps.com\/#website\",\"url\":\"https:\/\/sumkcaps.com\/\",\"name\":\"Sumkcaps-China Original Headwear Manufacturer and Suppliers\",\"description\":\"We are China Cap And Hat Original Factory, whose main business is to custom cap and hat as client&#039;s LOGO. Any cap style, any cap color, any qty, any material and qty is no problem. In one words, any small details can be customized as your request.\",\"publisher\":{\"@id\":\"https:\/\/sumkcaps.com\/#organization\"},\"potentialAction\":[{\"@type\":\"SearchAction\",\"target\":{\"@type\":\"EntryPoint\",\"urlTemplate\":\"https:\/\/sumkcaps.com\/?s={search_term_string}\"},\"query-input\":{\"@type\":\"PropertyValueSpecification\",\"valueRequired\":true,\"valueName\":\"search_term_string\"}}],\"inLanguage\":\"sv-SE\"},{\"@type\":\"Organization\",\"@id\":\"https:\/\/sumkcaps.com\/#organization\",\"name\":\"Sumkcaps-China Original Headwear Manufacturer and Suppliers\",\"url\":\"https:\/\/sumkcaps.com\/\",\"logo\":{\"@type\":\"ImageObject\",\"inLanguage\":\"sv-SE\",\"@id\":\"https:\/\/sumkcaps.com\/#\/schema\/logo\/image\/\",\"url\":\"https:\/\/sumkcaps.com\/wp-content\/uploads\/2025\/12\/1234.jpg\",\"contentUrl\":\"https:\/\/sumkcaps.com\/wp-content\/uploads\/2025\/12\/1234.jpg\",\"width\":800,\"height\":800,\"caption\":\"Sumkcaps-China Original Headwear Manufacturer and Suppliers\"},\"image\":{\"@id\":\"https:\/\/sumkcaps.com\/#\/schema\/logo\/image\/\"},\"sameAs\":[\"https:\/\/www.facebook.com\/sumkcap\",\"https:\/\/www.instagram.com\/sumkcaps7\/\",\"https:\/\/www.pinterest.com\/sumkcapschina\/\"]}]}<\/script>\n<!-- \/ Yoast SEO Premium plugin. -->","yoast_head_json":{"title":"Anv\u00e4ndarvillkor | Sumkcaps","description":"Sumkcaps \u00e4r ledande inom tillverkare av huvudbonader fr\u00e5n Kina. OEMD &amp; ODM Tillg\u00e4nglig. 200st MOQ. Original cap fabrik. Full anpassad kapacitet.","robots":{"index":"index","follow":"follow","max-snippet":"max-snippet:-1","max-image-preview":"max-image-preview:large","max-video-preview":"max-video-preview:-1"},"canonical":"https:\/\/sumkcaps.com\/sv\/anvandarvillkor\/","og_locale":"sv_SE","og_type":"article","og_title":"Terms of Use - Sumkcaps","og_description":"Terms of Use - Sumkcaps","og_url":"https:\/\/sumkcaps.com\/sv\/anvandarvillkor\/","og_site_name":"Sumkcaps-China Original Headwear Manufacturer and Suppliers","article_publisher":"https:\/\/www.facebook.com\/sumkcap","article_modified_time":"2025-07-29T07:34:09+00:00","og_image":[{"width":801,"height":961,"url":"https:\/\/sumkcaps.com\/wp-content\/uploads\/2023\/05\/China-hat-manufactuers.png","type":"image\/png"}],"twitter_card":"summary_large_image","twitter_misc":{"Ber\u00e4knad l\u00e4stid":"3 minuter"},"schema":{"@context":"https:\/\/schema.org","@graph":[{"@type":"WebPage","@id":"https:\/\/sumkcaps.com\/terms-of-use\/","url":"https:\/\/sumkcaps.com\/terms-of-use\/","name":"Anv\u00e4ndarvillkor | Sumkcaps","isPartOf":{"@id":"https:\/\/sumkcaps.com\/#website"},"primaryImageOfPage":{"@id":"https:\/\/sumkcaps.com\/terms-of-use\/#primaryimage"},"image":{"@id":"https:\/\/sumkcaps.com\/terms-of-use\/#primaryimage"},"thumbnailUrl":"https:\/\/sumkcaps.com\/wp-content\/uploads\/2023\/05\/China-hat-manufactuers.png","datePublished":"2023-06-01T03:33:59+00:00","dateModified":"2025-07-29T07:34:09+00:00","description":"Sumkcaps \u00e4r ledande inom tillverkare av huvudbonader fr\u00e5n Kina. OEMD &amp; ODM Tillg\u00e4nglig. 200st MOQ. Original cap fabrik. Full anpassad kapacitet.","breadcrumb":{"@id":"https:\/\/sumkcaps.com\/terms-of-use\/#breadcrumb"},"inLanguage":"sv-SE","potentialAction":[{"@type":"ReadAction","target":["https:\/\/sumkcaps.com\/terms-of-use\/"]}]},{"@type":"ImageObject","inLanguage":"sv-SE","@id":"https:\/\/sumkcaps.com\/terms-of-use\/#primaryimage","url":"https:\/\/sumkcaps.com\/wp-content\/uploads\/2023\/05\/China-hat-manufactuers.png","contentUrl":"https:\/\/sumkcaps.com\/wp-content\/uploads\/2023\/05\/China-hat-manufactuers.png","width":801,"height":961},{"@type":"BreadcrumbList","@id":"https:\/\/sumkcaps.com\/terms-of-use\/#breadcrumb","itemListElement":[{"@type":"ListItem","position":1,"name":"Home","item":"https:\/\/sumkcaps.com\/"},{"@type":"ListItem","position":2,"name":"Terms of Use"}]},{"@type":"WebSite","@id":"https:\/\/sumkcaps.com\/#website","url":"https:\/\/sumkcaps.com\/","name":"Sumkcaps - tillverkare och leverant\u00f6rer av originalhuvudbonader i Kina","description":"Vi \u00e4r China Cap And Hat Original Factory, vars huvudsakliga verksamhet \u00e4r att anpassa m\u00f6ssa och hatt som klient &amp; #03939; s LOGO. Vilken keps som helst, vilken kepsf\u00e4rg som helst, vilket antal som helst, vilket material som helst och antal \u00e4r inget problem. Med ett ord kan alla sm\u00e5 detaljer anpassas efter din beg\u00e4ran.","publisher":{"@id":"https:\/\/sumkcaps.com\/#organization"},"potentialAction":[{"@type":"SearchAction","target":{"@type":"EntryPoint","urlTemplate":"https:\/\/sumkcaps.com\/?s={search_term_string}"},"query-input":{"@type":"PropertyValueSpecification","valueRequired":true,"valueName":"search_term_string"}}],"inLanguage":"sv-SE"},{"@type":"Organization","@id":"https:\/\/sumkcaps.com\/#organization","name":"Sumkcaps - tillverkare och leverant\u00f6rer av originalhuvudbonader i Kina","url":"https:\/\/sumkcaps.com\/","logo":{"@type":"ImageObject","inLanguage":"sv-SE","@id":"https:\/\/sumkcaps.com\/#\/schema\/logo\/image\/","url":"https:\/\/sumkcaps.com\/wp-content\/uploads\/2025\/12\/1234.jpg","contentUrl":"https:\/\/sumkcaps.com\/wp-content\/uploads\/2025\/12\/1234.jpg","width":800,"height":800,"caption":"Sumkcaps-China Original Headwear Manufacturer and Suppliers"},"image":{"@id":"https:\/\/sumkcaps.com\/#\/schema\/logo\/image\/"},"sameAs":["https:\/\/www.facebook.com\/sumkcap","https:\/\/www.instagram.com\/sumkcaps7\/","https:\/\/www.pinterest.com\/sumkcapschina\/"]}]}},"taxonomy_info":[],"featured_image_src_large":["https:\/\/sumkcaps.com\/wp-content\/uploads\/2023\/05\/China-hat-manufactuers.png",800,960,false],"author_info":{"display_name":"Bruce Su","author_link":"https:\/\/sumkcaps.com\/sv\/author\/bruce\/"},"comment_info":0,"_links":{"self":[{"href":"https:\/\/sumkcaps.com\/sv\/wp-json\/wp\/v2\/pages\/22856","targetHints":{"allow":["GET"]}}],"collection":[{"href":"https:\/\/sumkcaps.com\/sv\/wp-json\/wp\/v2\/pages"}],"about":[{"href":"https:\/\/sumkcaps.com\/sv\/wp-json\/wp\/v2\/types\/page"}],"author":[{"embeddable":true,"href":"https:\/\/sumkcaps.com\/sv\/wp-json\/wp\/v2\/users\/1"}],"replies":[{"embeddable":true,"href":"https:\/\/sumkcaps.com\/sv\/wp-json\/wp\/v2\/comments?post=22856"}],"version-history":[{"count":0,"href":"https:\/\/sumkcaps.com\/sv\/wp-json\/wp\/v2\/pages\/22856\/revisions"}],"wp:featuredmedia":[{"embeddable":true,"href":"https:\/\/sumkcaps.com\/sv\/wp-json\/wp\/v2\/media\/22648"}],"wp:attachment":[{"href":"https:\/\/sumkcaps.com\/sv\/wp-json\/wp\/v2\/media?parent=22856"}],"curies":[{"name":"wp","href":"https:\/\/api.w.org\/{rel}","templated":true}]}}