{"id":818,"date":"2021-07-09T14:30:29","date_gmt":"2021-07-09T06:30:29","guid":{"rendered":"https:\/\/sumkcaps.com\/?post_type=product&#038;p=818"},"modified":"2024-03-27T17:11:33","modified_gmt":"2024-03-27T09:11:33","slug":"velcro-patch-snapback-cap","status":"publish","type":"product","link":"https:\/\/sumkcaps.com\/pt\/produto\/bone-snapback-com-fecho-de-velcro\/","title":{"rendered":"Bon\u00e9 com fecho de velcro para tr\u00e1s"},"content":{"rendered":"<p>1. Estilo do bon\u00e9: bon\u00e9 snapback; bon\u00e9 de basebol; bon\u00e9 de camionista; bon\u00e9 de cinco pain\u00e9is; bon\u00e9 de balde; gorros, etc.; tamb\u00e9m pode ser feito com pochete<br \/>\n2. Tecido: Temos diferentes tecidos, algod\u00e3o, acr\u00edlico, tecido camuflado, tecido de malha, tecido com padr\u00e3o,<br \/>\npele de cobra, pele de leopardo, etc., pode escolher a que mais lhe agrada para fazer o bon\u00e9<br \/>\n3. Cor: Podemos fazer a cor que desejar<br \/>\n4. Tamanho: Pode fazer o tamanho que quiser<br \/>\n5. Pico: O pico pode ser curvo ou plano. Tamb\u00e9m \u00e9 poss\u00edvel bordar ou imprimir o seu log\u00f3tipo na ponta.<br \/>\nO pico pode ser circular e tamb\u00e9m pode ser quadrado.<br \/>\n6. O log\u00f3tipo pode ser bordado ou impresso ou remendado, etc.<br \/>\n7. O fecho posterior pode ser do tipo snapback, fechado, flex\u00edvel ou com tira de couro<br \/>\n8. O nosso MOQ \u00e9 200pcs estilo\/cor<br \/>\n9. Para pagamento, aceitamos Western Union; Money Gram; TT etc<\/p>\n<p>Para amostra, aceitamos PayPal<br \/>\n10. A produ\u00e7\u00e3o necessita de 15-18 dias \u00fateis para a quantidade inferior a 5000pcs<br \/>\n11. Para a amostra, normalmente levamos 5-7 dias \u00fateis para a terminar.<br \/>\n12. Entretanto, tamb\u00e9m podemos fazer etiquetas tecidas, autocolantes, impress\u00e3o em fita e etiquetas para si.<\/p>","protected":false},"excerpt":{"rendered":"<p>A Playgrnd pensou fora da caixa com este snapback com painel frontal de velcro e conseguimos dar vida ao seu design com op\u00e7\u00f5es personaliz\u00e1veis para criar este snapback de luxo.<\/p>","protected":false},"featured_media":819,"template":"","meta":{"_acf_changed":false,"_kad_blocks_custom_css":"","_kad_blocks_head_custom_js":"","_kad_blocks_body_custom_js":"","_kad_blocks_footer_custom_js":""},"product_brand":[],"product_cat":[42],"product_tag":[],"class_list":{"0":"post-818","1":"product","2":"type-product","3":"status-publish","4":"has-post-thumbnail","6":"product_cat-snapback-cap","8":"first","9":"outofstock","10":"shipping-taxable","11":"product-type-simple"},"acf":[],"yoast_head":"<!-- This site is optimized with the Yoast SEO Premium plugin v20.8 (Yoast SEO v25.9) - https:\/\/yoast.com\/wordpress\/plugins\/seo\/ -->\n<title>Velcro Patch Snapback Cap - Sumkcaps<\/title>\n<meta name=\"robots\" content=\"index, follow, max-snippet:-1, max-image-preview:large, max-video-preview:-1\" \/>\n<link rel=\"canonical\" href=\"https:\/\/sumkcaps.com\/pt\/produto\/bone-snapback-com-fecho-de-velcro\/\" \/>\n<meta property=\"og:locale\" content=\"pt_PT\" \/>\n<meta property=\"og:type\" content=\"article\" \/>\n<meta property=\"og:title\" content=\"Velcro Patch Snapback Cap - Sumkcaps\" \/>\n<meta property=\"og:description\" content=\"Playgrnd has thought outside the box with this velcro front panel snapback and we were able to bring their design to life with customisable options to create this deluxe snapback.\" \/>\n<meta property=\"og:url\" content=\"https:\/\/sumkcaps.com\/pt\/produto\/bone-snapback-com-fecho-de-velcro\/\" \/>\n<meta property=\"og:site_name\" content=\"Sumkcaps-China Original Headwear Manufacturer and Suppliers\" \/>\n<meta property=\"article:publisher\" content=\"https:\/\/www.facebook.com\/sumkcap\" \/>\n<meta property=\"article:modified_time\" content=\"2024-03-27T09:11:33+00:00\" \/>\n<meta property=\"og:image\" content=\"https:\/\/sumkcaps.com\/wp-content\/uploads\/2021\/07\/ARCADE-HEADWEAR-X-PLAYGRND-VELCRO-FLAT-BRIM-SNAPBACK-FRONT-420x420-1.jpg\" \/>\n\t<meta property=\"og:image:width\" content=\"420\" \/>\n\t<meta property=\"og:image:height\" content=\"420\" \/>\n\t<meta property=\"og:image:type\" content=\"image\/jpeg\" \/>\n<meta name=\"twitter:card\" content=\"summary_large_image\" \/>\n<meta name=\"twitter:label1\" content=\"Tempo estimado de leitura\" \/>\n\t<meta name=\"twitter:data1\" content=\"1 minuto\" \/>\n<script type=\"application\/ld+json\" class=\"yoast-schema-graph\">{\"@context\":\"https:\/\/schema.org\",\"@graph\":[{\"@type\":\"WebPage\",\"@id\":\"https:\/\/sumkcaps.com\/product\/velcro-patch-snapback-cap\/\",\"url\":\"https:\/\/sumkcaps.com\/product\/velcro-patch-snapback-cap\/\",\"name\":\"Velcro Patch Snapback Cap - Sumkcaps\",\"isPartOf\":{\"@id\":\"https:\/\/sumkcaps.com\/#website\"},\"primaryImageOfPage\":{\"@id\":\"https:\/\/sumkcaps.com\/product\/velcro-patch-snapback-cap\/#primaryimage\"},\"image\":{\"@id\":\"https:\/\/sumkcaps.com\/product\/velcro-patch-snapback-cap\/#primaryimage\"},\"thumbnailUrl\":\"https:\/\/sumkcaps.com\/wp-content\/uploads\/2021\/07\/ARCADE-HEADWEAR-X-PLAYGRND-VELCRO-FLAT-BRIM-SNAPBACK-FRONT-420x420-1.jpg\",\"datePublished\":\"2021-07-09T06:30:29+00:00\",\"dateModified\":\"2024-03-27T09:11:33+00:00\",\"breadcrumb\":{\"@id\":\"https:\/\/sumkcaps.com\/product\/velcro-patch-snapback-cap\/#breadcrumb\"},\"inLanguage\":\"pt-PT\",\"potentialAction\":[{\"@type\":\"ReadAction\",\"target\":[\"https:\/\/sumkcaps.com\/product\/velcro-patch-snapback-cap\/\"]}]},{\"@type\":\"ImageObject\",\"inLanguage\":\"pt-PT\",\"@id\":\"https:\/\/sumkcaps.com\/product\/velcro-patch-snapback-cap\/#primaryimage\",\"url\":\"https:\/\/sumkcaps.com\/wp-content\/uploads\/2021\/07\/ARCADE-HEADWEAR-X-PLAYGRND-VELCRO-FLAT-BRIM-SNAPBACK-FRONT-420x420-1.jpg\",\"contentUrl\":\"https:\/\/sumkcaps.com\/wp-content\/uploads\/2021\/07\/ARCADE-HEADWEAR-X-PLAYGRND-VELCRO-FLAT-BRIM-SNAPBACK-FRONT-420x420-1.jpg\",\"width\":420,\"height\":420},{\"@type\":\"BreadcrumbList\",\"@id\":\"https:\/\/sumkcaps.com\/product\/velcro-patch-snapback-cap\/#breadcrumb\",\"itemListElement\":[{\"@type\":\"ListItem\",\"position\":1,\"name\":\"Home\",\"item\":\"https:\/\/sumkcaps.com\/\"},{\"@type\":\"ListItem\",\"position\":2,\"name\":\"Products\",\"item\":\"https:\/\/sumkcaps.com\/product\/\"},{\"@type\":\"ListItem\",\"position\":3,\"name\":\"Velcro Patch Snapback Cap\"}]},{\"@type\":\"WebSite\",\"@id\":\"https:\/\/sumkcaps.com\/#website\",\"url\":\"https:\/\/sumkcaps.com\/\",\"name\":\"Sumkcaps-China Original Headwear Manufacturer and Suppliers\",\"description\":\"We are China Cap And Hat Original Factory, whose main business is to custom cap and hat as client&#039;s LOGO. Any cap style, any cap color, any qty, any material and qty is no problem. In one words, any small details can be customized as your request.\",\"publisher\":{\"@id\":\"https:\/\/sumkcaps.com\/#organization\"},\"potentialAction\":[{\"@type\":\"SearchAction\",\"target\":{\"@type\":\"EntryPoint\",\"urlTemplate\":\"https:\/\/sumkcaps.com\/?s={search_term_string}\"},\"query-input\":{\"@type\":\"PropertyValueSpecification\",\"valueRequired\":true,\"valueName\":\"search_term_string\"}}],\"inLanguage\":\"pt-PT\"},{\"@type\":\"Organization\",\"@id\":\"https:\/\/sumkcaps.com\/#organization\",\"name\":\"Sumkcaps-China Original Headwear Manufacturer and Suppliers\",\"url\":\"https:\/\/sumkcaps.com\/\",\"logo\":{\"@type\":\"ImageObject\",\"inLanguage\":\"pt-PT\",\"@id\":\"https:\/\/sumkcaps.com\/#\/schema\/logo\/image\/\",\"url\":\"https:\/\/sumkcaps.com\/wp-content\/uploads\/2025\/12\/1234.jpg\",\"contentUrl\":\"https:\/\/sumkcaps.com\/wp-content\/uploads\/2025\/12\/1234.jpg\",\"width\":800,\"height\":800,\"caption\":\"Sumkcaps-China Original Headwear Manufacturer and Suppliers\"},\"image\":{\"@id\":\"https:\/\/sumkcaps.com\/#\/schema\/logo\/image\/\"},\"sameAs\":[\"https:\/\/www.facebook.com\/sumkcap\",\"https:\/\/www.instagram.com\/sumkcaps7\/\",\"https:\/\/www.pinterest.com\/sumkcapschina\/\"]}]}<\/script>\n<!-- \/ Yoast SEO Premium plugin. -->","yoast_head_json":{"title":"Bon\u00e9 com fecho de velcro - Sumkcaps","robots":{"index":"index","follow":"follow","max-snippet":"max-snippet:-1","max-image-preview":"max-image-preview:large","max-video-preview":"max-video-preview:-1"},"canonical":"https:\/\/sumkcaps.com\/pt\/produto\/bone-snapback-com-fecho-de-velcro\/","og_locale":"pt_PT","og_type":"article","og_title":"Velcro Patch Snapback Cap - Sumkcaps","og_description":"Playgrnd has thought outside the box with this velcro front panel snapback and we were able to bring their design to life with customisable options to create this deluxe snapback.","og_url":"https:\/\/sumkcaps.com\/pt\/produto\/bone-snapback-com-fecho-de-velcro\/","og_site_name":"Sumkcaps-China Original Headwear Manufacturer and Suppliers","article_publisher":"https:\/\/www.facebook.com\/sumkcap","article_modified_time":"2024-03-27T09:11:33+00:00","og_image":[{"width":420,"height":420,"url":"https:\/\/sumkcaps.com\/wp-content\/uploads\/2021\/07\/ARCADE-HEADWEAR-X-PLAYGRND-VELCRO-FLAT-BRIM-SNAPBACK-FRONT-420x420-1.jpg","type":"image\/jpeg"}],"twitter_card":"summary_large_image","twitter_misc":{"Tempo estimado de leitura":"1 minuto"},"schema":{"@context":"https:\/\/schema.org","@graph":[{"@type":"WebPage","@id":"https:\/\/sumkcaps.com\/product\/velcro-patch-snapback-cap\/","url":"https:\/\/sumkcaps.com\/product\/velcro-patch-snapback-cap\/","name":"Bon\u00e9 com fecho de velcro - Sumkcaps","isPartOf":{"@id":"https:\/\/sumkcaps.com\/#website"},"primaryImageOfPage":{"@id":"https:\/\/sumkcaps.com\/product\/velcro-patch-snapback-cap\/#primaryimage"},"image":{"@id":"https:\/\/sumkcaps.com\/product\/velcro-patch-snapback-cap\/#primaryimage"},"thumbnailUrl":"https:\/\/sumkcaps.com\/wp-content\/uploads\/2021\/07\/ARCADE-HEADWEAR-X-PLAYGRND-VELCRO-FLAT-BRIM-SNAPBACK-FRONT-420x420-1.jpg","datePublished":"2021-07-09T06:30:29+00:00","dateModified":"2024-03-27T09:11:33+00:00","breadcrumb":{"@id":"https:\/\/sumkcaps.com\/product\/velcro-patch-snapback-cap\/#breadcrumb"},"inLanguage":"pt-PT","potentialAction":[{"@type":"ReadAction","target":["https:\/\/sumkcaps.com\/product\/velcro-patch-snapback-cap\/"]}]},{"@type":"ImageObject","inLanguage":"pt-PT","@id":"https:\/\/sumkcaps.com\/product\/velcro-patch-snapback-cap\/#primaryimage","url":"https:\/\/sumkcaps.com\/wp-content\/uploads\/2021\/07\/ARCADE-HEADWEAR-X-PLAYGRND-VELCRO-FLAT-BRIM-SNAPBACK-FRONT-420x420-1.jpg","contentUrl":"https:\/\/sumkcaps.com\/wp-content\/uploads\/2021\/07\/ARCADE-HEADWEAR-X-PLAYGRND-VELCRO-FLAT-BRIM-SNAPBACK-FRONT-420x420-1.jpg","width":420,"height":420},{"@type":"BreadcrumbList","@id":"https:\/\/sumkcaps.com\/product\/velcro-patch-snapback-cap\/#breadcrumb","itemListElement":[{"@type":"ListItem","position":1,"name":"Home","item":"https:\/\/sumkcaps.com\/"},{"@type":"ListItem","position":2,"name":"Products","item":"https:\/\/sumkcaps.com\/product\/"},{"@type":"ListItem","position":3,"name":"Velcro Patch Snapback Cap"}]},{"@type":"WebSite","@id":"https:\/\/sumkcaps.com\/#website","url":"https:\/\/sumkcaps.com\/","name":"Sumkcaps-China Original Headwear Fabricante e fornecedores","description":"Somos a F\u00e1brica Original de Bon\u00e9s e Chap\u00e9us da China, cujo principal neg\u00f3cio \u00e9 personalizar bon\u00e9s e chap\u00e9us de acordo com o LOGOTIPO do cliente. Qualquer estilo de bon\u00e9, qualquer cor de bon\u00e9, qualquer quantidade, qualquer material e quantidade n\u00e3o \u00e9 problema. Por outras palavras, todos os pequenos detalhes podem ser personalizados a seu pedido.","publisher":{"@id":"https:\/\/sumkcaps.com\/#organization"},"potentialAction":[{"@type":"SearchAction","target":{"@type":"EntryPoint","urlTemplate":"https:\/\/sumkcaps.com\/?s={search_term_string}"},"query-input":{"@type":"PropertyValueSpecification","valueRequired":true,"valueName":"search_term_string"}}],"inLanguage":"pt-PT"},{"@type":"Organization","@id":"https:\/\/sumkcaps.com\/#organization","name":"Sumkcaps-China Original Headwear Fabricante e fornecedores","url":"https:\/\/sumkcaps.com\/","logo":{"@type":"ImageObject","inLanguage":"pt-PT","@id":"https:\/\/sumkcaps.com\/#\/schema\/logo\/image\/","url":"https:\/\/sumkcaps.com\/wp-content\/uploads\/2025\/12\/1234.jpg","contentUrl":"https:\/\/sumkcaps.com\/wp-content\/uploads\/2025\/12\/1234.jpg","width":800,"height":800,"caption":"Sumkcaps-China Original Headwear Manufacturer and Suppliers"},"image":{"@id":"https:\/\/sumkcaps.com\/#\/schema\/logo\/image\/"},"sameAs":["https:\/\/www.facebook.com\/sumkcap","https:\/\/www.instagram.com\/sumkcaps7\/","https:\/\/www.pinterest.com\/sumkcapschina\/"]}]}},"taxonomy_info":{"product_cat":[{"value":42,"label":"Snapback Hats Wholesale"}]},"featured_image_src_large":["https:\/\/sumkcaps.com\/wp-content\/uploads\/2021\/07\/ARCADE-HEADWEAR-X-PLAYGRND-VELCRO-FLAT-BRIM-SNAPBACK-FRONT-420x420-1.jpg",420,420,false],"author_info":[],"comment_info":"","_links":{"self":[{"href":"https:\/\/sumkcaps.com\/pt\/wp-json\/wp\/v2\/product\/818","targetHints":{"allow":["GET"]}}],"collection":[{"href":"https:\/\/sumkcaps.com\/pt\/wp-json\/wp\/v2\/product"}],"about":[{"href":"https:\/\/sumkcaps.com\/pt\/wp-json\/wp\/v2\/types\/product"}],"wp:featuredmedia":[{"embeddable":true,"href":"https:\/\/sumkcaps.com\/pt\/wp-json\/wp\/v2\/media\/819"}],"wp:attachment":[{"href":"https:\/\/sumkcaps.com\/pt\/wp-json\/wp\/v2\/media?parent=818"}],"wp:term":[{"taxonomy":"product_brand","embeddable":true,"href":"https:\/\/sumkcaps.com\/pt\/wp-json\/wp\/v2\/product_brand?post=818"},{"taxonomy":"product_cat","embeddable":true,"href":"https:\/\/sumkcaps.com\/pt\/wp-json\/wp\/v2\/product_cat?post=818"},{"taxonomy":"product_tag","embeddable":true,"href":"https:\/\/sumkcaps.com\/pt\/wp-json\/wp\/v2\/product_tag?post=818"}],"curies":[{"name":"wp","href":"https:\/\/api.w.org\/{rel}","templated":true}]}}