{"id":67,"date":"2021-07-03T09:44:41","date_gmt":"2021-07-03T01:44:41","guid":{"rendered":"https:\/\/sumkcaps.com\/?post_type=product&#038;p=67"},"modified":"2025-07-30T15:41:26","modified_gmt":"2025-07-30T07:41:26","slug":"white-6-panel-white-unstructured-dad-hat-baseball-cap","status":"publish","type":"product","link":"https:\/\/sumkcaps.com\/pt\/produto\/bone-de-basebol-branco-com-6-paineis-branco-nao-estruturado\/","title":{"rendered":"Chap\u00e9u de basebol branco de 6 pain\u00e9is branco n\u00e3o estruturado Bon\u00e9 de basebol por atacado"},"content":{"rendered":"<p>O bon\u00e9 de basebol White 6 Panel White Unstructured Dad Hat apresenta um estilo intemporal que combina na perfei\u00e7\u00e3o com qualquer roupa casual. O design deste bon\u00e9 apresenta uma correia ajust\u00e1vel, garantindo um ajuste confort\u00e1vel e seguro para todos. Fabricado com materiais de primeira qualidade, garante durabilidade e um uso duradouro. Dispon\u00edvel na cor branca cl\u00e1ssica, \u00e9 uma escolha vers\u00e1til e elegante para qualquer ocasi\u00e3o.<\/p>\n<h2 data-start=\"87\" data-end=\"124\"><strong data-start=\"94\" data-end=\"124\">Personaliza\u00e7\u00e3o e decora\u00e7\u00e3o<\/strong><\/h2>\n<ul data-start=\"125\" data-end=\"383\">\n<li data-start=\"125\" data-end=\"209\">\n<p data-start=\"127\" data-end=\"209\"><strong data-start=\"127\" data-end=\"146\">Tipo de decora\u00e7\u00e3o<\/strong>: Bordado plano para uma coloca\u00e7\u00e3o simples e cl\u00e1ssica do log\u00f3tipo ou do desenho<\/p>\n<\/li>\n<li data-start=\"210\" data-end=\"304\">\n<p data-start=\"212\" data-end=\"304\"><strong data-start=\"212\" data-end=\"231\">Op\u00e7\u00f5es de servi\u00e7o<\/strong>: OEM e ODM dispon\u00edveis para personaliza\u00e7\u00e3o total e marca pr\u00f3pria<\/p>\n<\/li>\n<li data-start=\"305\" data-end=\"383\">\n<p data-start=\"307\" data-end=\"383\"><strong data-start=\"307\" data-end=\"314\">MOQ<\/strong>: 200 unidades por desenho e por cor - ideal para projectos de marcas personalizadas<\/p>\n<\/li>\n<\/ul>\n<h2 data-start=\"390\" data-end=\"424\"><strong data-start=\"397\" data-end=\"424\">Material e constru\u00e7\u00e3o<\/strong><\/h2>\n<ul data-start=\"425\" data-end=\"693\">\n<li data-start=\"425\" data-end=\"515\">\n<p data-start=\"427\" data-end=\"515\"><strong data-start=\"427\" data-end=\"439\">Material<\/strong>: Fabricado em sarja de algod\u00e3o 100% para um toque suave, respir\u00e1vel e confort\u00e1vel<\/p>\n<\/li>\n<li data-start=\"516\" data-end=\"612\">\n<p data-start=\"518\" data-end=\"612\"><strong data-start=\"518\" data-end=\"539\">Forma e estrutura<\/strong>Constru\u00e7\u00e3o n\u00e3o estruturada com 6 pain\u00e9is para uma silhueta descontra\u00edda e casual<\/p>\n<\/li>\n<li data-start=\"613\" data-end=\"693\">\n<p data-start=\"615\" data-end=\"693\"><strong data-start=\"615\" data-end=\"624\">Cor<\/strong>: Acabamento branco limpo, ideal para desenhos bordados m\u00ednimos ou arrojados<\/p>\n<\/li>\n<\/ul>\n<h2 data-start=\"700\" data-end=\"723\"><strong data-start=\"707\" data-end=\"723\">Ajuste e tamanho<\/strong><\/h2>\n<ul data-start=\"724\" data-end=\"946\">\n<li data-start=\"724\" data-end=\"803\">\n<p data-start=\"726\" data-end=\"803\"><strong data-start=\"726\" data-end=\"733\">Em forma<\/strong>: Tamanho \u00fanico (OSFM), adequado para tamanhos de cabe\u00e7a de 7 a 7 3\/4<\/p>\n<\/li>\n<li data-start=\"804\" data-end=\"875\">\n<p data-start=\"806\" data-end=\"875\"><strong data-start=\"806\" data-end=\"817\">Encerramento<\/strong>: A correia ajust\u00e1vel garante um ajuste personalizado e seguro<\/p>\n<\/li>\n<li data-start=\"876\" data-end=\"946\">\n<p data-start=\"878\" data-end=\"946\"><strong data-start=\"878\" data-end=\"887\">Viseira<\/strong>: Aba pr\u00e9-curvada para prote\u00e7\u00e3o solar e estilo sem esfor\u00e7o<\/p>\n<\/li>\n<\/ul>\n<h2>Contactar-nos<\/h2>\n<p>Procura um bon\u00e9 que ofere\u00e7a flexibilidade na personaliza\u00e7\u00e3o? O bon\u00e9 de basebol White 6 Panel White Unstructured Dad Hat \u00e9 perfeito para bordados ou impress\u00f5es personalizadas. A sua constru\u00e7\u00e3o n\u00e3o estruturada proporciona um aspeto descontra\u00eddo, mantendo a forma com a ajuda dos ilh\u00f3s bem concebidos que garantem a respirabilidade.<\/p>\n<p>A Sumkcaps est\u00e1 na ind\u00fastria de fabrico de tampas h\u00e1 20 anos, conhecida pelas suas baixas quantidades m\u00ednimas de encomenda e excelente rela\u00e7\u00e3o custo-desempenho. Estamos empenhados em fornecer produtos de alta qualidade. <a href=\"https:\/\/sumkcaps.com\/contact\/\">Contactar-nos<\/a> hoje para as suas necessidades de venda por grosso!<\/p>","protected":false},"excerpt":{"rendered":"<p>Forma b\u00e1sica branca e desestruturada, sendo tamb\u00e9m feita de algod\u00e3o org\u00e2nico, que recebe GOTS. Pode ser personalizado com o seu pr\u00f3prio log\u00f3tipo ou marca para promo\u00e7\u00e3o, evento ou neg\u00f3cio...<\/p>\n<p>Descubra o nosso bon\u00e9 de basebol branco de 6 pain\u00e9is branco desestruturado Dad Hat de alta qualidade, perfeito para compradores grossistas.<\/p>","protected":false},"featured_media":68,"template":"","meta":{"_acf_changed":false,"_kad_blocks_custom_css":"","_kad_blocks_head_custom_js":"","_kad_blocks_body_custom_js":"","_kad_blocks_footer_custom_js":""},"product_brand":[],"product_cat":[693,949],"product_tag":[],"class_list":{"0":"post-67","1":"product","2":"type-product","3":"status-publish","4":"has-post-thumbnail","6":"product_cat-hat","7":"product_cat-unstructured-5-panel-hat-wholesale","9":"first","10":"outofstock","11":"shipping-taxable","12":"product-type-simple"},"acf":[],"yoast_head":"<!-- This site is optimized with the Yoast SEO Premium plugin v20.8 (Yoast SEO v25.9) - https:\/\/yoast.com\/wordpress\/plugins\/seo\/ -->\n<title>White 6 Panel White Unstructured Dad Hat Baseball Cap<\/title>\n<meta name=\"description\" content=\"Shop our White 6 Panel Unstructured Dad Hat\u2014premium cotton, adjustable fit. Perfect for custom embroidery, casual wear, and wholesale orders with low MOQ.\" \/>\n<meta name=\"robots\" content=\"index, follow, max-snippet:-1, max-image-preview:large, max-video-preview:-1\" \/>\n<link rel=\"canonical\" href=\"https:\/\/sumkcaps.com\/pt\/produto\/bone-de-basebol-branco-com-6-paineis-branco-nao-estruturado\/\" \/>\n<meta property=\"og:locale\" content=\"pt_PT\" \/>\n<meta property=\"og:type\" content=\"article\" \/>\n<meta property=\"og:title\" content=\"White 6 Panel White Unstructured Dad Hat Baseball Cap Wholesale - Sumkcaps\" \/>\n<meta property=\"og:description\" content=\"Shop our White 6 Panel Unstructured Dad Hat\u2014premium cotton, adjustable fit. Perfect for custom embroidery, casual wear, and wholesale orders with low MOQ.\" \/>\n<meta property=\"og:url\" content=\"https:\/\/sumkcaps.com\/pt\/produto\/bone-de-basebol-branco-com-6-paineis-branco-nao-estruturado\/\" \/>\n<meta property=\"og:site_name\" content=\"Sumkcaps-China Original Headwear Manufacturer and Suppliers\" \/>\n<meta property=\"article:publisher\" content=\"https:\/\/www.facebook.com\/sumkcap\" \/>\n<meta property=\"article:modified_time\" content=\"2025-07-30T07:41:26+00:00\" \/>\n<meta property=\"og:image\" content=\"https:\/\/sumkcaps.com\/wp-content\/uploads\/2021\/07\/\u7ee3\u82b1\u65e0\u886c\u68d2\u7403\u5e3d-3.jpg\" \/>\n\t<meta property=\"og:image:width\" content=\"800\" \/>\n\t<meta property=\"og:image:height\" content=\"800\" \/>\n\t<meta property=\"og:image:type\" content=\"image\/jpeg\" \/>\n<meta name=\"twitter:card\" content=\"summary_large_image\" \/>\n<meta name=\"twitter:label1\" content=\"Tempo estimado de leitura\" \/>\n\t<meta name=\"twitter:data1\" content=\"2 minutos\" \/>\n<script type=\"application\/ld+json\" class=\"yoast-schema-graph\">{\"@context\":\"https:\/\/schema.org\",\"@graph\":[{\"@type\":\"WebPage\",\"@id\":\"https:\/\/sumkcaps.com\/product\/white-6-panel-white-unstructured-dad-hat-baseball-cap\/\",\"url\":\"https:\/\/sumkcaps.com\/product\/white-6-panel-white-unstructured-dad-hat-baseball-cap\/\",\"name\":\"White 6 Panel White Unstructured Dad Hat Baseball Cap\",\"isPartOf\":{\"@id\":\"https:\/\/sumkcaps.com\/#website\"},\"primaryImageOfPage\":{\"@id\":\"https:\/\/sumkcaps.com\/product\/white-6-panel-white-unstructured-dad-hat-baseball-cap\/#primaryimage\"},\"image\":{\"@id\":\"https:\/\/sumkcaps.com\/product\/white-6-panel-white-unstructured-dad-hat-baseball-cap\/#primaryimage\"},\"thumbnailUrl\":\"https:\/\/sumkcaps.com\/wp-content\/uploads\/2021\/07\/\u7ee3\u82b1\u65e0\u886c\u68d2\u7403\u5e3d-3.jpg\",\"datePublished\":\"2021-07-03T01:44:41+00:00\",\"dateModified\":\"2025-07-30T07:41:26+00:00\",\"description\":\"Shop our White 6 Panel Unstructured Dad Hat\u2014premium cotton, adjustable fit. Perfect for custom embroidery, casual wear, and wholesale orders with low MOQ.\",\"breadcrumb\":{\"@id\":\"https:\/\/sumkcaps.com\/product\/white-6-panel-white-unstructured-dad-hat-baseball-cap\/#breadcrumb\"},\"inLanguage\":\"pt-PT\",\"potentialAction\":[{\"@type\":\"ReadAction\",\"target\":[\"https:\/\/sumkcaps.com\/product\/white-6-panel-white-unstructured-dad-hat-baseball-cap\/\"]}]},{\"@type\":\"ImageObject\",\"inLanguage\":\"pt-PT\",\"@id\":\"https:\/\/sumkcaps.com\/product\/white-6-panel-white-unstructured-dad-hat-baseball-cap\/#primaryimage\",\"url\":\"https:\/\/sumkcaps.com\/wp-content\/uploads\/2021\/07\/\u7ee3\u82b1\u65e0\u886c\u68d2\u7403\u5e3d-3.jpg\",\"contentUrl\":\"https:\/\/sumkcaps.com\/wp-content\/uploads\/2021\/07\/\u7ee3\u82b1\u65e0\u886c\u68d2\u7403\u5e3d-3.jpg\",\"width\":800,\"height\":800,\"caption\":\"White 6 Panel White Unstructured Dad Hat Baseball Cap Wholesale\"},{\"@type\":\"BreadcrumbList\",\"@id\":\"https:\/\/sumkcaps.com\/product\/white-6-panel-white-unstructured-dad-hat-baseball-cap\/#breadcrumb\",\"itemListElement\":[{\"@type\":\"ListItem\",\"position\":1,\"name\":\"Home\",\"item\":\"https:\/\/sumkcaps.com\/\"},{\"@type\":\"ListItem\",\"position\":2,\"name\":\"Products\",\"item\":\"https:\/\/sumkcaps.com\/product\/\"},{\"@type\":\"ListItem\",\"position\":3,\"name\":\"White 6 Panel White Unstructured Dad Hat Baseball Cap Wholesale\"}]},{\"@type\":\"WebSite\",\"@id\":\"https:\/\/sumkcaps.com\/#website\",\"url\":\"https:\/\/sumkcaps.com\/\",\"name\":\"Sumkcaps-China Original Headwear Manufacturer and Suppliers\",\"description\":\"We are China Cap And Hat Original Factory, whose main business is to custom cap and hat as client&#039;s LOGO. Any cap style, any cap color, any qty, any material and qty is no problem. In one words, any small details can be customized as your request.\",\"publisher\":{\"@id\":\"https:\/\/sumkcaps.com\/#organization\"},\"potentialAction\":[{\"@type\":\"SearchAction\",\"target\":{\"@type\":\"EntryPoint\",\"urlTemplate\":\"https:\/\/sumkcaps.com\/?s={search_term_string}\"},\"query-input\":{\"@type\":\"PropertyValueSpecification\",\"valueRequired\":true,\"valueName\":\"search_term_string\"}}],\"inLanguage\":\"pt-PT\"},{\"@type\":\"Organization\",\"@id\":\"https:\/\/sumkcaps.com\/#organization\",\"name\":\"Sumkcaps-China Original Headwear Manufacturer and Suppliers\",\"url\":\"https:\/\/sumkcaps.com\/\",\"logo\":{\"@type\":\"ImageObject\",\"inLanguage\":\"pt-PT\",\"@id\":\"https:\/\/sumkcaps.com\/#\/schema\/logo\/image\/\",\"url\":\"https:\/\/sumkcaps.com\/wp-content\/uploads\/2025\/12\/1234.jpg\",\"contentUrl\":\"https:\/\/sumkcaps.com\/wp-content\/uploads\/2025\/12\/1234.jpg\",\"width\":800,\"height\":800,\"caption\":\"Sumkcaps-China Original Headwear Manufacturer and Suppliers\"},\"image\":{\"@id\":\"https:\/\/sumkcaps.com\/#\/schema\/logo\/image\/\"},\"sameAs\":[\"https:\/\/www.facebook.com\/sumkcap\",\"https:\/\/www.instagram.com\/sumkcaps7\/\",\"https:\/\/www.pinterest.com\/sumkcapschina\/\"]}]}<\/script>\n<!-- \/ Yoast SEO Premium plugin. -->","yoast_head_json":{"title":"Chap\u00e9u de basebol branco de 6 pain\u00e9is branco n\u00e3o estruturado","description":"Compre o nosso chap\u00e9u de pai branco de 6 pain\u00e9is n\u00e3o estruturado - algod\u00e3o de qualidade superior, ajuste ajust\u00e1vel. Perfeito para bordados personalizados, vestu\u00e1rio casual e encomendas por grosso com baixo MOQ.","robots":{"index":"index","follow":"follow","max-snippet":"max-snippet:-1","max-image-preview":"max-image-preview:large","max-video-preview":"max-video-preview:-1"},"canonical":"https:\/\/sumkcaps.com\/pt\/produto\/bone-de-basebol-branco-com-6-paineis-branco-nao-estruturado\/","og_locale":"pt_PT","og_type":"article","og_title":"White 6 Panel White Unstructured Dad Hat Baseball Cap Wholesale - Sumkcaps","og_description":"Shop our White 6 Panel Unstructured Dad Hat\u2014premium cotton, adjustable fit. Perfect for custom embroidery, casual wear, and wholesale orders with low MOQ.","og_url":"https:\/\/sumkcaps.com\/pt\/produto\/bone-de-basebol-branco-com-6-paineis-branco-nao-estruturado\/","og_site_name":"Sumkcaps-China Original Headwear Manufacturer and Suppliers","article_publisher":"https:\/\/www.facebook.com\/sumkcap","article_modified_time":"2025-07-30T07:41:26+00:00","og_image":[{"width":800,"height":800,"url":"https:\/\/sumkcaps.com\/wp-content\/uploads\/2021\/07\/\u7ee3\u82b1\u65e0\u886c\u68d2\u7403\u5e3d-3.jpg","type":"image\/jpeg"}],"twitter_card":"summary_large_image","twitter_misc":{"Tempo estimado de leitura":"2 minutos"},"schema":{"@context":"https:\/\/schema.org","@graph":[{"@type":"WebPage","@id":"https:\/\/sumkcaps.com\/product\/white-6-panel-white-unstructured-dad-hat-baseball-cap\/","url":"https:\/\/sumkcaps.com\/product\/white-6-panel-white-unstructured-dad-hat-baseball-cap\/","name":"Chap\u00e9u de basebol branco de 6 pain\u00e9is branco n\u00e3o estruturado","isPartOf":{"@id":"https:\/\/sumkcaps.com\/#website"},"primaryImageOfPage":{"@id":"https:\/\/sumkcaps.com\/product\/white-6-panel-white-unstructured-dad-hat-baseball-cap\/#primaryimage"},"image":{"@id":"https:\/\/sumkcaps.com\/product\/white-6-panel-white-unstructured-dad-hat-baseball-cap\/#primaryimage"},"thumbnailUrl":"https:\/\/sumkcaps.com\/wp-content\/uploads\/2021\/07\/\u7ee3\u82b1\u65e0\u886c\u68d2\u7403\u5e3d-3.jpg","datePublished":"2021-07-03T01:44:41+00:00","dateModified":"2025-07-30T07:41:26+00:00","description":"Compre o nosso chap\u00e9u de pai branco de 6 pain\u00e9is n\u00e3o estruturado - algod\u00e3o de qualidade superior, ajuste ajust\u00e1vel. Perfeito para bordados personalizados, vestu\u00e1rio casual e encomendas por grosso com baixo MOQ.","breadcrumb":{"@id":"https:\/\/sumkcaps.com\/product\/white-6-panel-white-unstructured-dad-hat-baseball-cap\/#breadcrumb"},"inLanguage":"pt-PT","potentialAction":[{"@type":"ReadAction","target":["https:\/\/sumkcaps.com\/product\/white-6-panel-white-unstructured-dad-hat-baseball-cap\/"]}]},{"@type":"ImageObject","inLanguage":"pt-PT","@id":"https:\/\/sumkcaps.com\/product\/white-6-panel-white-unstructured-dad-hat-baseball-cap\/#primaryimage","url":"https:\/\/sumkcaps.com\/wp-content\/uploads\/2021\/07\/\u7ee3\u82b1\u65e0\u886c\u68d2\u7403\u5e3d-3.jpg","contentUrl":"https:\/\/sumkcaps.com\/wp-content\/uploads\/2021\/07\/\u7ee3\u82b1\u65e0\u886c\u68d2\u7403\u5e3d-3.jpg","width":800,"height":800,"caption":"White 6 Panel White Unstructured Dad Hat Baseball Cap Wholesale"},{"@type":"BreadcrumbList","@id":"https:\/\/sumkcaps.com\/product\/white-6-panel-white-unstructured-dad-hat-baseball-cap\/#breadcrumb","itemListElement":[{"@type":"ListItem","position":1,"name":"Home","item":"https:\/\/sumkcaps.com\/"},{"@type":"ListItem","position":2,"name":"Products","item":"https:\/\/sumkcaps.com\/product\/"},{"@type":"ListItem","position":3,"name":"White 6 Panel White Unstructured Dad Hat Baseball Cap Wholesale"}]},{"@type":"WebSite","@id":"https:\/\/sumkcaps.com\/#website","url":"https:\/\/sumkcaps.com\/","name":"Sumkcaps-China Original Headwear Fabricante e fornecedores","description":"Somos a F\u00e1brica Original de Bon\u00e9s e Chap\u00e9us da China, cujo principal neg\u00f3cio \u00e9 personalizar bon\u00e9s e chap\u00e9us de acordo com o LOGOTIPO do cliente. Qualquer estilo de bon\u00e9, qualquer cor de bon\u00e9, qualquer quantidade, qualquer material e quantidade n\u00e3o \u00e9 problema. Por outras palavras, todos os pequenos detalhes podem ser personalizados a seu pedido.","publisher":{"@id":"https:\/\/sumkcaps.com\/#organization"},"potentialAction":[{"@type":"SearchAction","target":{"@type":"EntryPoint","urlTemplate":"https:\/\/sumkcaps.com\/?s={search_term_string}"},"query-input":{"@type":"PropertyValueSpecification","valueRequired":true,"valueName":"search_term_string"}}],"inLanguage":"pt-PT"},{"@type":"Organization","@id":"https:\/\/sumkcaps.com\/#organization","name":"Sumkcaps-China Original Headwear Fabricante e fornecedores","url":"https:\/\/sumkcaps.com\/","logo":{"@type":"ImageObject","inLanguage":"pt-PT","@id":"https:\/\/sumkcaps.com\/#\/schema\/logo\/image\/","url":"https:\/\/sumkcaps.com\/wp-content\/uploads\/2025\/12\/1234.jpg","contentUrl":"https:\/\/sumkcaps.com\/wp-content\/uploads\/2025\/12\/1234.jpg","width":800,"height":800,"caption":"Sumkcaps-China Original Headwear Manufacturer and Suppliers"},"image":{"@id":"https:\/\/sumkcaps.com\/#\/schema\/logo\/image\/"},"sameAs":["https:\/\/www.facebook.com\/sumkcap","https:\/\/www.instagram.com\/sumkcaps7\/","https:\/\/www.pinterest.com\/sumkcapschina\/"]}]}},"taxonomy_info":{"product_cat":[{"value":693,"label":"Hat"},{"value":949,"label":"Unstructured 5 Panel Hat Wholesale"}]},"featured_image_src_large":["https:\/\/sumkcaps.com\/wp-content\/uploads\/2021\/07\/\u7ee3\u82b1\u65e0\u886c\u68d2\u7403\u5e3d-3.jpg",800,800,false],"author_info":[],"comment_info":"","_links":{"self":[{"href":"https:\/\/sumkcaps.com\/pt\/wp-json\/wp\/v2\/product\/67","targetHints":{"allow":["GET"]}}],"collection":[{"href":"https:\/\/sumkcaps.com\/pt\/wp-json\/wp\/v2\/product"}],"about":[{"href":"https:\/\/sumkcaps.com\/pt\/wp-json\/wp\/v2\/types\/product"}],"wp:featuredmedia":[{"embeddable":true,"href":"https:\/\/sumkcaps.com\/pt\/wp-json\/wp\/v2\/media\/68"}],"wp:attachment":[{"href":"https:\/\/sumkcaps.com\/pt\/wp-json\/wp\/v2\/media?parent=67"}],"wp:term":[{"taxonomy":"product_brand","embeddable":true,"href":"https:\/\/sumkcaps.com\/pt\/wp-json\/wp\/v2\/product_brand?post=67"},{"taxonomy":"product_cat","embeddable":true,"href":"https:\/\/sumkcaps.com\/pt\/wp-json\/wp\/v2\/product_cat?post=67"},{"taxonomy":"product_tag","embeddable":true,"href":"https:\/\/sumkcaps.com\/pt\/wp-json\/wp\/v2\/product_tag?post=67"}],"curies":[{"name":"wp","href":"https:\/\/api.w.org\/{rel}","templated":true}]}}