{"id":5248,"date":"2022-04-24T13:29:53","date_gmt":"2022-04-24T05:29:53","guid":{"rendered":"https:\/\/sumkcaps.com\/?post_type=product&#038;p=5248"},"modified":"2025-11-05T14:36:14","modified_gmt":"2025-11-05T06:36:14","slug":"winter-beanie-hats-warm-skull-knitted-hats","status":"publish","type":"product","link":"https:\/\/sumkcaps.com\/pt\/produto\/gorros-de-inverno-gorros-de-malha-de-caveira-quentes\/","title":{"rendered":"Gorro de inverno Gorros de malha quentes e desca\u00eddos"},"content":{"rendered":"<h2 data-start=\"244\" data-end=\"265\"><strong data-start=\"249\" data-end=\"263\">Decora\u00e7\u00e3o<\/strong><\/h2>\n<ul data-start=\"266\" data-end=\"398\">\n<li data-start=\"266\" data-end=\"341\">\n<p data-start=\"268\" data-end=\"341\">Desenho cl\u00e1ssico em branco, pronto para bordados, patches ou impress\u00e3o personalizados<\/p>\n<\/li>\n<li data-start=\"342\" data-end=\"398\">\n<p data-start=\"344\" data-end=\"398\">Perfeito para criar acess\u00f3rios de inverno personalizados<\/p>\n<\/li>\n<\/ul>\n<h2 data-start=\"400\" data-end=\"419\"><strong data-start=\"405\" data-end=\"417\">Material<\/strong><\/h2>\n<ul data-start=\"420\" data-end=\"559\">\n<li data-start=\"420\" data-end=\"494\">\n<p data-start=\"422\" data-end=\"494\">Fabricado com uma mistura de acr\u00edlico\/algod\u00e3o para proporcionar calor, suavidade e respirabilidade<\/p>\n<\/li>\n<li data-start=\"495\" data-end=\"559\">\n<p data-start=\"497\" data-end=\"559\">Malha el\u00e1stica para um ajuste confort\u00e1vel e apertado no tempo frio<\/p>\n<\/li>\n<\/ul>\n<h2 data-start=\"561\" data-end=\"585\"><strong data-start=\"566\" data-end=\"583\">Op\u00e7\u00f5es de cores<\/strong><\/h2>\n<ul data-start=\"586\" data-end=\"651\">\n<li data-start=\"586\" data-end=\"651\">\n<p data-start=\"588\" data-end=\"651\">Cores totalmente personaliz\u00e1veis para combinar com a sua marca, equipa ou evento<\/p>\n<\/li>\n<\/ul>\n<h2 data-start=\"653\" data-end=\"681\"><strong data-start=\"658\" data-end=\"679\">Estrutura e estilo<\/strong><\/h2>\n<ul data-start=\"682\" data-end=\"873\">\n<li data-start=\"682\" data-end=\"740\">\n<p data-start=\"684\" data-end=\"740\">Forma tradicional de gorro para uma utiliza\u00e7\u00e3o vers\u00e1til no inverno<\/p>\n<\/li>\n<li data-start=\"741\" data-end=\"800\">\n<p data-start=\"743\" data-end=\"800\">O design em forma de caveira proporciona calor e uma silhueta elegante<\/p>\n<\/li>\n<li data-start=\"801\" data-end=\"873\">\n<p data-start=\"803\" data-end=\"873\">Ideal para uso di\u00e1rio, actividades ao ar livre e para usar por baixo de capacetes<\/p>\n<\/li>\n<\/ul>\n<h2 data-start=\"875\" data-end=\"904\"><strong data-start=\"880\" data-end=\"902\">Capacidade de servi\u00e7o<\/strong><\/h2>\n<ul data-start=\"905\" data-end=\"1059\">\n<li data-start=\"905\" data-end=\"989\">\n<p data-start=\"907\" data-end=\"989\">Servi\u00e7os OEM e ODM dispon\u00edveis para personaliza\u00e7\u00e3o total e produ\u00e7\u00e3o de marca pr\u00f3pria<\/p>\n<\/li>\n<li data-start=\"990\" data-end=\"1059\">\n<p data-start=\"992\" data-end=\"1059\">Ideal para marcas de moda, colec\u00e7\u00f5es de retalho e brindes empresariais<\/p>\n<\/li>\n<\/ul>\n<h2 data-start=\"1061\" data-end=\"1094\"><strong data-start=\"1066\" data-end=\"1092\">Quantidade m\u00ednima de encomenda<\/strong><\/h2>\n<ul data-start=\"1095\" data-end=\"1193\">\n<li data-start=\"1095\" data-end=\"1130\">\n<p data-start=\"1097\" data-end=\"1130\">200 unidades por desenho e cor<\/p>\n<\/li>\n<li data-start=\"1131\" data-end=\"1193\">\n<p data-start=\"1133\" data-end=\"1193\">Adequado para venda por grosso, vendas de produtos e promo\u00e7\u00f5es de inverno<\/p>\n<\/li>\n<\/ul>","protected":false},"excerpt":{"rendered":"<p>Gorro de inverno Slouch por grosso, feito de uma mistura quente de acr\u00edlico\/algod\u00e3o. Estilo em branco para personalizar a marca. Ajuste cl\u00e1ssico, cores personaliz\u00e1veis. Servi\u00e7o OEM e ODM. MOQ 200 pcs, perfeito para vestu\u00e1rio de exterior, marcas de retalho e acess\u00f3rios promocionais de inverno.<\/p>","protected":false},"featured_media":5249,"template":"","meta":{"_acf_changed":false,"_kad_blocks_custom_css":"","_kad_blocks_head_custom_js":"","_kad_blocks_body_custom_js":"","_kad_blocks_footer_custom_js":""},"product_brand":[],"product_cat":[980,1038,693],"product_tag":[],"class_list":{"0":"post-5248","1":"product","2":"type-product","3":"status-publish","4":"has-post-thumbnail","6":"product_cat-beanie-hat-wholesale","7":"product_cat-slouch-beanie-hat-wholesale","8":"product_cat-hat","10":"first","11":"outofstock","12":"shipping-taxable","13":"product-type-simple"},"acf":[],"yoast_head":"<!-- This site is optimized with the Yoast SEO Premium plugin v20.8 (Yoast SEO v25.9) - https:\/\/yoast.com\/wordpress\/plugins\/seo\/ -->\n<title>Winter Beanie Hats Warm Slouch Knitted Hats - Sumkcaps<\/title>\n<meta name=\"description\" content=\"Custom Winter Slouch Beanie Hats in acrylic\/cotton. Blank style, warm and comfy. OEM &amp; ODM available. Perfect for branding, retail, and outdoor wear.\" \/>\n<meta name=\"robots\" content=\"index, follow, max-snippet:-1, max-image-preview:large, max-video-preview:-1\" \/>\n<link rel=\"canonical\" href=\"https:\/\/sumkcaps.com\/pt\/produto\/gorros-de-inverno-gorros-de-malha-de-caveira-quentes\/\" \/>\n<meta property=\"og:locale\" content=\"pt_PT\" \/>\n<meta property=\"og:type\" content=\"article\" \/>\n<meta property=\"og:title\" content=\"Winter Beanie Hats Warm Slouch Knitted Hats - Sumkcaps\" \/>\n<meta property=\"og:description\" content=\"Custom Winter Slouch Beanie Hats in acrylic\/cotton. Blank style, warm and comfy. OEM &amp; ODM available. Perfect for branding, retail, and outdoor wear.\" \/>\n<meta property=\"og:url\" content=\"https:\/\/sumkcaps.com\/pt\/produto\/gorros-de-inverno-gorros-de-malha-de-caveira-quentes\/\" \/>\n<meta property=\"og:site_name\" content=\"Sumkcaps-China Original Headwear Manufacturer and Suppliers\" \/>\n<meta property=\"article:publisher\" content=\"https:\/\/www.facebook.com\/sumkcap\" \/>\n<meta property=\"article:modified_time\" content=\"2025-11-05T06:36:14+00:00\" \/>\n<meta property=\"og:image\" content=\"https:\/\/sumkcaps.com\/wp-content\/uploads\/2022\/04\/\u4ea7\u54c1\u4e3b\u56fe1-494.jpg\" \/>\n\t<meta property=\"og:image:width\" content=\"750\" \/>\n\t<meta property=\"og:image:height\" content=\"750\" \/>\n\t<meta property=\"og:image:type\" content=\"image\/jpeg\" \/>\n<meta name=\"twitter:card\" content=\"summary_large_image\" \/>\n<meta name=\"twitter:label1\" content=\"Tempo estimado de leitura\" \/>\n\t<meta name=\"twitter:data1\" content=\"1 minuto\" \/>\n<script type=\"application\/ld+json\" class=\"yoast-schema-graph\">{\"@context\":\"https:\/\/schema.org\",\"@graph\":[{\"@type\":\"WebPage\",\"@id\":\"https:\/\/sumkcaps.com\/product\/winter-beanie-hats-warm-skull-knitted-hats\/\",\"url\":\"https:\/\/sumkcaps.com\/product\/winter-beanie-hats-warm-skull-knitted-hats\/\",\"name\":\"Winter Beanie Hats Warm Slouch Knitted Hats - Sumkcaps\",\"isPartOf\":{\"@id\":\"https:\/\/sumkcaps.com\/#website\"},\"primaryImageOfPage\":{\"@id\":\"https:\/\/sumkcaps.com\/product\/winter-beanie-hats-warm-skull-knitted-hats\/#primaryimage\"},\"image\":{\"@id\":\"https:\/\/sumkcaps.com\/product\/winter-beanie-hats-warm-skull-knitted-hats\/#primaryimage\"},\"thumbnailUrl\":\"https:\/\/sumkcaps.com\/wp-content\/uploads\/2022\/04\/\u4ea7\u54c1\u4e3b\u56fe1-494.jpg\",\"datePublished\":\"2022-04-24T05:29:53+00:00\",\"dateModified\":\"2025-11-05T06:36:14+00:00\",\"description\":\"Custom Winter Slouch Beanie Hats in acrylic\/cotton. Blank style, warm and comfy. OEM & ODM available. Perfect for branding, retail, and outdoor wear.\",\"breadcrumb\":{\"@id\":\"https:\/\/sumkcaps.com\/product\/winter-beanie-hats-warm-skull-knitted-hats\/#breadcrumb\"},\"inLanguage\":\"pt-PT\",\"potentialAction\":[{\"@type\":\"ReadAction\",\"target\":[\"https:\/\/sumkcaps.com\/product\/winter-beanie-hats-warm-skull-knitted-hats\/\"]}]},{\"@type\":\"ImageObject\",\"inLanguage\":\"pt-PT\",\"@id\":\"https:\/\/sumkcaps.com\/product\/winter-beanie-hats-warm-skull-knitted-hats\/#primaryimage\",\"url\":\"https:\/\/sumkcaps.com\/wp-content\/uploads\/2022\/04\/\u4ea7\u54c1\u4e3b\u56fe1-494.jpg\",\"contentUrl\":\"https:\/\/sumkcaps.com\/wp-content\/uploads\/2022\/04\/\u4ea7\u54c1\u4e3b\u56fe1-494.jpg\",\"width\":750,\"height\":750},{\"@type\":\"BreadcrumbList\",\"@id\":\"https:\/\/sumkcaps.com\/product\/winter-beanie-hats-warm-skull-knitted-hats\/#breadcrumb\",\"itemListElement\":[{\"@type\":\"ListItem\",\"position\":1,\"name\":\"Home\",\"item\":\"https:\/\/sumkcaps.com\/\"},{\"@type\":\"ListItem\",\"position\":2,\"name\":\"Products\",\"item\":\"https:\/\/sumkcaps.com\/product\/\"},{\"@type\":\"ListItem\",\"position\":3,\"name\":\"Winter Beanie Hats Warm Slouch Knitted Hats\"}]},{\"@type\":\"WebSite\",\"@id\":\"https:\/\/sumkcaps.com\/#website\",\"url\":\"https:\/\/sumkcaps.com\/\",\"name\":\"Sumkcaps-China Original Headwear Manufacturer and Suppliers\",\"description\":\"We are China Cap And Hat Original Factory, whose main business is to custom cap and hat as client&#039;s LOGO. Any cap style, any cap color, any qty, any material and qty is no problem. In one words, any small details can be customized as your request.\",\"publisher\":{\"@id\":\"https:\/\/sumkcaps.com\/#organization\"},\"potentialAction\":[{\"@type\":\"SearchAction\",\"target\":{\"@type\":\"EntryPoint\",\"urlTemplate\":\"https:\/\/sumkcaps.com\/?s={search_term_string}\"},\"query-input\":{\"@type\":\"PropertyValueSpecification\",\"valueRequired\":true,\"valueName\":\"search_term_string\"}}],\"inLanguage\":\"pt-PT\"},{\"@type\":\"Organization\",\"@id\":\"https:\/\/sumkcaps.com\/#organization\",\"name\":\"Sumkcaps-China Original Headwear Manufacturer and Suppliers\",\"url\":\"https:\/\/sumkcaps.com\/\",\"logo\":{\"@type\":\"ImageObject\",\"inLanguage\":\"pt-PT\",\"@id\":\"https:\/\/sumkcaps.com\/#\/schema\/logo\/image\/\",\"url\":\"https:\/\/sumkcaps.com\/wp-content\/uploads\/2025\/12\/1234.jpg\",\"contentUrl\":\"https:\/\/sumkcaps.com\/wp-content\/uploads\/2025\/12\/1234.jpg\",\"width\":800,\"height\":800,\"caption\":\"Sumkcaps-China Original Headwear Manufacturer and Suppliers\"},\"image\":{\"@id\":\"https:\/\/sumkcaps.com\/#\/schema\/logo\/image\/\"},\"sameAs\":[\"https:\/\/www.facebook.com\/sumkcap\",\"https:\/\/www.instagram.com\/sumkcaps7\/\",\"https:\/\/www.pinterest.com\/sumkcapschina\/\"]}]}<\/script>\n<!-- \/ Yoast SEO Premium plugin. -->","yoast_head_json":{"title":"Gorro de inverno Gorros de Malha Quentes - Sumkcaps","description":"Gorro de inverno personalizado em acr\u00edlico\/algod\u00e3o. Estilo em branco, quente e confort\u00e1vel. Dispon\u00edvel em OEM e ODM. Perfeito para marcas, retalho e vestu\u00e1rio de exterior.","robots":{"index":"index","follow":"follow","max-snippet":"max-snippet:-1","max-image-preview":"max-image-preview:large","max-video-preview":"max-video-preview:-1"},"canonical":"https:\/\/sumkcaps.com\/pt\/produto\/gorros-de-inverno-gorros-de-malha-de-caveira-quentes\/","og_locale":"pt_PT","og_type":"article","og_title":"Winter Beanie Hats Warm Slouch Knitted Hats - Sumkcaps","og_description":"Custom Winter Slouch Beanie Hats in acrylic\/cotton. Blank style, warm and comfy. OEM & ODM available. Perfect for branding, retail, and outdoor wear.","og_url":"https:\/\/sumkcaps.com\/pt\/produto\/gorros-de-inverno-gorros-de-malha-de-caveira-quentes\/","og_site_name":"Sumkcaps-China Original Headwear Manufacturer and Suppliers","article_publisher":"https:\/\/www.facebook.com\/sumkcap","article_modified_time":"2025-11-05T06:36:14+00:00","og_image":[{"width":750,"height":750,"url":"https:\/\/sumkcaps.com\/wp-content\/uploads\/2022\/04\/\u4ea7\u54c1\u4e3b\u56fe1-494.jpg","type":"image\/jpeg"}],"twitter_card":"summary_large_image","twitter_misc":{"Tempo estimado de leitura":"1 minuto"},"schema":{"@context":"https:\/\/schema.org","@graph":[{"@type":"WebPage","@id":"https:\/\/sumkcaps.com\/product\/winter-beanie-hats-warm-skull-knitted-hats\/","url":"https:\/\/sumkcaps.com\/product\/winter-beanie-hats-warm-skull-knitted-hats\/","name":"Gorro de inverno Gorros de Malha Quentes - Sumkcaps","isPartOf":{"@id":"https:\/\/sumkcaps.com\/#website"},"primaryImageOfPage":{"@id":"https:\/\/sumkcaps.com\/product\/winter-beanie-hats-warm-skull-knitted-hats\/#primaryimage"},"image":{"@id":"https:\/\/sumkcaps.com\/product\/winter-beanie-hats-warm-skull-knitted-hats\/#primaryimage"},"thumbnailUrl":"https:\/\/sumkcaps.com\/wp-content\/uploads\/2022\/04\/\u4ea7\u54c1\u4e3b\u56fe1-494.jpg","datePublished":"2022-04-24T05:29:53+00:00","dateModified":"2025-11-05T06:36:14+00:00","description":"Gorro de inverno personalizado em acr\u00edlico\/algod\u00e3o. Estilo em branco, quente e confort\u00e1vel. Dispon\u00edvel em OEM e ODM. Perfeito para marcas, retalho e vestu\u00e1rio de exterior.","breadcrumb":{"@id":"https:\/\/sumkcaps.com\/product\/winter-beanie-hats-warm-skull-knitted-hats\/#breadcrumb"},"inLanguage":"pt-PT","potentialAction":[{"@type":"ReadAction","target":["https:\/\/sumkcaps.com\/product\/winter-beanie-hats-warm-skull-knitted-hats\/"]}]},{"@type":"ImageObject","inLanguage":"pt-PT","@id":"https:\/\/sumkcaps.com\/product\/winter-beanie-hats-warm-skull-knitted-hats\/#primaryimage","url":"https:\/\/sumkcaps.com\/wp-content\/uploads\/2022\/04\/\u4ea7\u54c1\u4e3b\u56fe1-494.jpg","contentUrl":"https:\/\/sumkcaps.com\/wp-content\/uploads\/2022\/04\/\u4ea7\u54c1\u4e3b\u56fe1-494.jpg","width":750,"height":750},{"@type":"BreadcrumbList","@id":"https:\/\/sumkcaps.com\/product\/winter-beanie-hats-warm-skull-knitted-hats\/#breadcrumb","itemListElement":[{"@type":"ListItem","position":1,"name":"Home","item":"https:\/\/sumkcaps.com\/"},{"@type":"ListItem","position":2,"name":"Products","item":"https:\/\/sumkcaps.com\/product\/"},{"@type":"ListItem","position":3,"name":"Winter Beanie Hats Warm Slouch Knitted Hats"}]},{"@type":"WebSite","@id":"https:\/\/sumkcaps.com\/#website","url":"https:\/\/sumkcaps.com\/","name":"Sumkcaps-China Original Headwear Fabricante e fornecedores","description":"Somos a F\u00e1brica Original de Bon\u00e9s e Chap\u00e9us da China, cujo principal neg\u00f3cio \u00e9 personalizar bon\u00e9s e chap\u00e9us de acordo com o LOGOTIPO do cliente. Qualquer estilo de bon\u00e9, qualquer cor de bon\u00e9, qualquer quantidade, qualquer material e quantidade n\u00e3o \u00e9 problema. Por outras palavras, todos os pequenos detalhes podem ser personalizados a seu pedido.","publisher":{"@id":"https:\/\/sumkcaps.com\/#organization"},"potentialAction":[{"@type":"SearchAction","target":{"@type":"EntryPoint","urlTemplate":"https:\/\/sumkcaps.com\/?s={search_term_string}"},"query-input":{"@type":"PropertyValueSpecification","valueRequired":true,"valueName":"search_term_string"}}],"inLanguage":"pt-PT"},{"@type":"Organization","@id":"https:\/\/sumkcaps.com\/#organization","name":"Sumkcaps-China Original Headwear Fabricante e fornecedores","url":"https:\/\/sumkcaps.com\/","logo":{"@type":"ImageObject","inLanguage":"pt-PT","@id":"https:\/\/sumkcaps.com\/#\/schema\/logo\/image\/","url":"https:\/\/sumkcaps.com\/wp-content\/uploads\/2025\/12\/1234.jpg","contentUrl":"https:\/\/sumkcaps.com\/wp-content\/uploads\/2025\/12\/1234.jpg","width":800,"height":800,"caption":"Sumkcaps-China Original Headwear Manufacturer and Suppliers"},"image":{"@id":"https:\/\/sumkcaps.com\/#\/schema\/logo\/image\/"},"sameAs":["https:\/\/www.facebook.com\/sumkcap","https:\/\/www.instagram.com\/sumkcaps7\/","https:\/\/www.pinterest.com\/sumkcapschina\/"]}]}},"taxonomy_info":{"product_cat":[{"value":980,"label":"Beanie Hat"},{"value":1038,"label":"Slouch Beanie Hats"},{"value":693,"label":"Hat"}]},"featured_image_src_large":["https:\/\/sumkcaps.com\/wp-content\/uploads\/2022\/04\/\u4ea7\u54c1\u4e3b\u56fe1-494.jpg",750,750,false],"author_info":[],"comment_info":"","_links":{"self":[{"href":"https:\/\/sumkcaps.com\/pt\/wp-json\/wp\/v2\/product\/5248","targetHints":{"allow":["GET"]}}],"collection":[{"href":"https:\/\/sumkcaps.com\/pt\/wp-json\/wp\/v2\/product"}],"about":[{"href":"https:\/\/sumkcaps.com\/pt\/wp-json\/wp\/v2\/types\/product"}],"wp:featuredmedia":[{"embeddable":true,"href":"https:\/\/sumkcaps.com\/pt\/wp-json\/wp\/v2\/media\/5249"}],"wp:attachment":[{"href":"https:\/\/sumkcaps.com\/pt\/wp-json\/wp\/v2\/media?parent=5248"}],"wp:term":[{"taxonomy":"product_brand","embeddable":true,"href":"https:\/\/sumkcaps.com\/pt\/wp-json\/wp\/v2\/product_brand?post=5248"},{"taxonomy":"product_cat","embeddable":true,"href":"https:\/\/sumkcaps.com\/pt\/wp-json\/wp\/v2\/product_cat?post=5248"},{"taxonomy":"product_tag","embeddable":true,"href":"https:\/\/sumkcaps.com\/pt\/wp-json\/wp\/v2\/product_tag?post=5248"}],"curies":[{"name":"wp","href":"https:\/\/api.w.org\/{rel}","templated":true}]}}