{"id":3837,"date":"2022-04-22T16:14:06","date_gmt":"2022-04-22T08:14:06","guid":{"rendered":"https:\/\/sumkcaps.com\/?post_type=product&#038;p=3837"},"modified":"2026-04-22T14:45:28","modified_gmt":"2026-04-22T06:45:28","slug":"structured-leather-patch-7-panels-caps","status":"publish","type":"product","link":"https:\/\/sumkcaps.com\/pt\/produto\/bones-estruturados-de-couro-com-7-paineis\/","title":{"rendered":"Bon\u00e9s estruturados de couro com 7 pain\u00e9is"},"content":{"rendered":"<section class=\"text-token-text-primary w-full focus:outline-none [--shadow-height:45px] has-data-writing-block:pointer-events-none has-data-writing-block:-mt-(--shadow-height) has-data-writing-block:pt-(--shadow-height) [&amp;:has([data-writing-block])&gt;*]:pointer-events-auto [content-visibility:auto] supports-[content-visibility:auto]:[contain-intrinsic-size:auto_100lvh] R6Vx5W_threadScrollVars scroll-mb-[calc(var(--scroll-root-safe-area-inset-bottom,0px)+var(--thread-response-height))] scroll-mt-[calc(var(--header-height)+min(200px,max(70px,20svh)))]\" dir=\"auto\" data-turn-id=\"request-69e83424-05e4-83ea-8311-41a64fca3a95-0\" data-testid=\"conversation-turn-14\" data-scroll-anchor=\"false\" data-turn=\"assistant\">\n<div class=\"text-base my-auto mx-auto pb-10 [--thread-content-margin:var(--thread-content-margin-xs,calc(var(--spacing)*4))] @w-sm\/main:[--thread-content-margin:var(--thread-content-margin-sm,calc(var(--spacing)*6))] @w-lg\/main:[--thread-content-margin:var(--thread-content-margin-lg,calc(var(--spacing)*16))] px-(--thread-content-margin)\">\n<div class=\"[--thread-content-max-width:40rem] @w-lg\/main:[--thread-content-max-width:48rem] mx-auto max-w-(--thread-content-max-width) flex-1 group\/turn-messages focus-visible:outline-hidden relative flex w-full min-w-0 flex-col agent-turn\">\n<div class=\"flex max-w-full flex-col gap-4 grow\">\n<div class=\"min-h-8 text-message relative flex w-full flex-col items-end gap-2 text-start break-words whitespace-normal outline-none keyboard-focused:focus-ring [.text-message+&amp;]:mt-1\" dir=\"auto\" tabindex=\"0\" data-message-author-role=\"assistant\" data-message-id=\"0062985a-9d2c-40a4-8d25-c22f061fb11d\" data-message-model-slug=\"gpt-5-3\" data-turn-start-message=\"true\">\n<div class=\"flex w-full flex-col gap-1 empty:hidden\">\n<div class=\"markdown prose dark:prose-invert w-full wrap-break-word light markdown-new-styling\">\n<h3 data-section-id=\"qp74jt\" data-start=\"0\" data-end=\"43\"><span role=\"text\"><strong data-start=\"4\" data-end=\"41\">Decora\u00e7\u00e3o<\/strong><\/span><\/h3>\n<p data-start=\"44\" data-end=\"293\">Inclui um remendo de couro personalizado de qualidade superior que acrescenta um elemento de marca refinado e duradouro. Ideal para log\u00f3tipos ou designs \u00fanicos, proporciona um visual de alta qualidade, mantendo um desgaste duradouro, tornando-o perfeito para colec\u00e7\u00f5es de estilo de vida e streetwear.<\/p>\n<h3 data-section-id=\"law3es\" data-start=\"300\" data-end=\"339\"><span role=\"text\"><strong data-start=\"304\" data-end=\"337\">Material<\/strong><\/span><\/h3>\n<p data-start=\"340\" data-end=\"562\">Fabricado a partir de uma mistura de acr\u00edlico e l\u00e3 de qualidade, este gorro oferece calor e durabilidade. O acr\u00edlico garante um conforto leve e a reten\u00e7\u00e3o da cor, enquanto a l\u00e3 melhora a textura e o isolamento, adequado para v\u00e1rias esta\u00e7\u00f5es.<\/p>\n<h3 data-section-id=\"z2yzwj\" data-start=\"569\" data-end=\"603\"><span role=\"text\"><strong data-start=\"573\" data-end=\"601\">Cor<\/strong><\/span><\/h3>\n<p data-start=\"604\" data-end=\"811\">Dispon\u00edvel em op\u00e7\u00f5es de cores totalmente personaliz\u00e1veis para corresponder \u00e0 identidade da sua marca. Quer se trate de tons arrojados ou de paletas neutras, esta flexibilidade permite designs \u00fanicos que se destacam nos mercados de retalho ou promocionais.<\/p>\n<h3 data-section-id=\"20ujm6\" data-start=\"818\" data-end=\"856\"><span role=\"text\"><strong data-start=\"822\" data-end=\"854\">Forma<\/strong><\/span><\/h3>\n<p data-start=\"857\" data-end=\"1065\">Concebido com uma constru\u00e7\u00e3o estruturada de 7 pain\u00e9is, este bon\u00e9 proporciona uma silhueta moderna e um espa\u00e7o frontal melhorado para decora\u00e7\u00e3o. O fecho de encaixe garante um estilo streetwear cl\u00e1ssico com conforto ajust\u00e1vel.<\/p>\n<h3 data-section-id=\"3asju8\" data-start=\"1072\" data-end=\"1099\"><span role=\"text\"><strong data-start=\"1076\" data-end=\"1097\">Viseira<\/strong><\/span><\/h3>\n<p data-start=\"1100\" data-end=\"1273\">Equipado com uma viseira plana, oferece um aspeto contempor\u00e2neo e arrojado. Proporciona prote\u00e7\u00e3o solar, mantendo um aspeto limpo e estruturado, popular na moda urbana.<\/p>\n<h3 data-section-id=\"1ujt2bk\" data-start=\"1280\" data-end=\"1319\"><span role=\"text\"><strong data-start=\"1284\" data-end=\"1317\">Ajuste e tamanho<\/strong><\/span><\/h3>\n<p data-start=\"1320\" data-end=\"1459\">Design de tamanho \u00fanico (OSFM) com um fecho de encaixe ajust\u00e1vel, garantindo um ajuste confort\u00e1vel e seguro para uma vasta gama de tamanhos de cabe\u00e7a.<\/p>\n<h3 data-section-id=\"1mx9aa5\" data-start=\"1466\" data-end=\"1491\"><span role=\"text\"><strong data-start=\"1470\" data-end=\"1489\">Tempo de resposta<\/strong><\/span><\/h3>\n<p data-start=\"1492\" data-end=\"1670\" data-is-last-node=\"\" data-is-only-node=\"\">Cronograma de produ\u00e7\u00e3o eficiente com desenvolvimento de amostras em 7-9 dias \u00fateis e produ\u00e7\u00e3o em massa conclu\u00edda em 18-22 dias \u00fateis, apoiando o cumprimento r\u00e1pido e fi\u00e1vel das encomendas.<\/p>\n<\/div>\n<\/div>\n<\/div>\n<\/div>\n<\/div>\n<\/div>\n<\/section>","protected":false},"excerpt":{"rendered":"<p>Patch de couro personalizado, mistura de acr\u00edlico\/l\u00e3, snapback de 7 pain\u00e9is com bico plano. Ajuste OSFM, cores personaliz\u00e1veis, amostragem r\u00e1pida (7-9 dias) e produ\u00e7\u00e3o (18-22 dias).<\/p>","protected":false},"featured_media":3841,"template":"","meta":{"_acf_changed":false,"_kad_blocks_custom_css":"","_kad_blocks_head_custom_js":"","_kad_blocks_body_custom_js":"","_kad_blocks_footer_custom_js":""},"product_brand":[],"product_cat":[42],"product_tag":[],"class_list":{"0":"post-3837","1":"product","2":"type-product","3":"status-publish","4":"has-post-thumbnail","6":"product_cat-snapback-cap","8":"first","9":"outofstock","10":"shipping-taxable","11":"product-type-simple"},"acf":[],"yoast_head":"<!-- This site is optimized with the Yoast SEO Premium plugin v20.8 (Yoast SEO v25.9) - https:\/\/yoast.com\/wordpress\/plugins\/seo\/ -->\n<title>Structured Leather Patch 7 Panels Caps - Sumkcaps<\/title>\n<meta name=\"description\" content=\"Leather patch 7-panel snapback, acrylic\/wool blend, flat bill, OSFM fit, custom colors, 7\u20139 day sample, 18\u201322 day production.\" \/>\n<meta name=\"robots\" content=\"index, follow, max-snippet:-1, max-image-preview:large, max-video-preview:-1\" \/>\n<link rel=\"canonical\" href=\"https:\/\/sumkcaps.com\/pt\/produto\/bones-estruturados-de-couro-com-7-paineis\/\" \/>\n<meta property=\"og:locale\" content=\"pt_PT\" \/>\n<meta property=\"og:type\" content=\"article\" \/>\n<meta property=\"og:title\" content=\"Structured Leather Patch 7 Panels Caps - Sumkcaps\" \/>\n<meta property=\"og:description\" content=\"Leather patch 7-panel snapback, acrylic\/wool blend, flat bill, OSFM fit, custom colors, 7\u20139 day sample, 18\u201322 day production.\" \/>\n<meta property=\"og:url\" content=\"https:\/\/sumkcaps.com\/pt\/produto\/bones-estruturados-de-couro-com-7-paineis\/\" \/>\n<meta property=\"og:site_name\" content=\"Sumkcaps-China Original Headwear Manufacturer and Suppliers\" \/>\n<meta property=\"article:publisher\" content=\"https:\/\/www.facebook.com\/sumkcap\" \/>\n<meta property=\"article:modified_time\" content=\"2026-04-22T06:45:28+00:00\" \/>\n<meta property=\"og:image\" content=\"https:\/\/sumkcaps.com\/wp-content\/uploads\/2022\/04\/\u4ea7\u54c1\u4e3b\u56fe1-336.jpg\" \/>\n\t<meta property=\"og:image:width\" content=\"800\" \/>\n\t<meta property=\"og:image:height\" content=\"800\" \/>\n\t<meta property=\"og:image:type\" content=\"image\/jpeg\" \/>\n<meta name=\"twitter:card\" content=\"summary_large_image\" \/>\n<meta name=\"twitter:label1\" content=\"Tempo estimado de leitura\" \/>\n\t<meta name=\"twitter:data1\" content=\"2 minutos\" \/>\n<script type=\"application\/ld+json\" class=\"yoast-schema-graph\">{\"@context\":\"https:\/\/schema.org\",\"@graph\":[{\"@type\":\"WebPage\",\"@id\":\"https:\/\/sumkcaps.com\/product\/structured-leather-patch-7-panels-caps\/\",\"url\":\"https:\/\/sumkcaps.com\/product\/structured-leather-patch-7-panels-caps\/\",\"name\":\"Structured Leather Patch 7 Panels Caps - Sumkcaps\",\"isPartOf\":{\"@id\":\"https:\/\/sumkcaps.com\/#website\"},\"primaryImageOfPage\":{\"@id\":\"https:\/\/sumkcaps.com\/product\/structured-leather-patch-7-panels-caps\/#primaryimage\"},\"image\":{\"@id\":\"https:\/\/sumkcaps.com\/product\/structured-leather-patch-7-panels-caps\/#primaryimage\"},\"thumbnailUrl\":\"https:\/\/sumkcaps.com\/wp-content\/uploads\/2022\/04\/\u4ea7\u54c1\u4e3b\u56fe1-336.jpg\",\"datePublished\":\"2022-04-22T08:14:06+00:00\",\"dateModified\":\"2026-04-22T06:45:28+00:00\",\"description\":\"Leather patch 7-panel snapback, acrylic\/wool blend, flat bill, OSFM fit, custom colors, 7\u20139 day sample, 18\u201322 day production.\",\"breadcrumb\":{\"@id\":\"https:\/\/sumkcaps.com\/product\/structured-leather-patch-7-panels-caps\/#breadcrumb\"},\"inLanguage\":\"pt-PT\",\"potentialAction\":[{\"@type\":\"ReadAction\",\"target\":[\"https:\/\/sumkcaps.com\/product\/structured-leather-patch-7-panels-caps\/\"]}]},{\"@type\":\"ImageObject\",\"inLanguage\":\"pt-PT\",\"@id\":\"https:\/\/sumkcaps.com\/product\/structured-leather-patch-7-panels-caps\/#primaryimage\",\"url\":\"https:\/\/sumkcaps.com\/wp-content\/uploads\/2022\/04\/\u4ea7\u54c1\u4e3b\u56fe1-336.jpg\",\"contentUrl\":\"https:\/\/sumkcaps.com\/wp-content\/uploads\/2022\/04\/\u4ea7\u54c1\u4e3b\u56fe1-336.jpg\",\"width\":800,\"height\":800},{\"@type\":\"BreadcrumbList\",\"@id\":\"https:\/\/sumkcaps.com\/product\/structured-leather-patch-7-panels-caps\/#breadcrumb\",\"itemListElement\":[{\"@type\":\"ListItem\",\"position\":1,\"name\":\"Home\",\"item\":\"https:\/\/sumkcaps.com\/\"},{\"@type\":\"ListItem\",\"position\":2,\"name\":\"Products\",\"item\":\"https:\/\/sumkcaps.com\/product\/\"},{\"@type\":\"ListItem\",\"position\":3,\"name\":\"Structured Leather Patch 7 Panels Caps\"}]},{\"@type\":\"WebSite\",\"@id\":\"https:\/\/sumkcaps.com\/#website\",\"url\":\"https:\/\/sumkcaps.com\/\",\"name\":\"Sumkcaps-China Original Headwear Manufacturer and Suppliers\",\"description\":\"We are China Cap And Hat Original Factory, whose main business is to custom cap and hat as client&#039;s LOGO. Any cap style, any cap color, any qty, any material and qty is no problem. In one words, any small details can be customized as your request.\",\"publisher\":{\"@id\":\"https:\/\/sumkcaps.com\/#organization\"},\"potentialAction\":[{\"@type\":\"SearchAction\",\"target\":{\"@type\":\"EntryPoint\",\"urlTemplate\":\"https:\/\/sumkcaps.com\/?s={search_term_string}\"},\"query-input\":{\"@type\":\"PropertyValueSpecification\",\"valueRequired\":true,\"valueName\":\"search_term_string\"}}],\"inLanguage\":\"pt-PT\"},{\"@type\":\"Organization\",\"@id\":\"https:\/\/sumkcaps.com\/#organization\",\"name\":\"Sumkcaps-China Original Headwear Manufacturer and Suppliers\",\"url\":\"https:\/\/sumkcaps.com\/\",\"logo\":{\"@type\":\"ImageObject\",\"inLanguage\":\"pt-PT\",\"@id\":\"https:\/\/sumkcaps.com\/#\/schema\/logo\/image\/\",\"url\":\"https:\/\/sumkcaps.com\/wp-content\/uploads\/2025\/12\/1234.jpg\",\"contentUrl\":\"https:\/\/sumkcaps.com\/wp-content\/uploads\/2025\/12\/1234.jpg\",\"width\":800,\"height\":800,\"caption\":\"Sumkcaps-China Original Headwear Manufacturer and Suppliers\"},\"image\":{\"@id\":\"https:\/\/sumkcaps.com\/#\/schema\/logo\/image\/\"},\"sameAs\":[\"https:\/\/www.facebook.com\/sumkcap\",\"https:\/\/www.instagram.com\/sumkcaps7\/\",\"https:\/\/www.pinterest.com\/sumkcapschina\/\"]}]}<\/script>\n<!-- \/ Yoast SEO Premium plugin. -->","yoast_head_json":{"title":"Bon\u00e9s estruturados em couro com 7 pain\u00e9is - Sumkcaps","description":"Remendo de couro, snapback de 7 pain\u00e9is, mistura de acr\u00edlico\/l\u00e3, bico plano, ajuste OSFM, cores personalizadas, amostra de 7-9 dias, produ\u00e7\u00e3o de 18-22 dias.","robots":{"index":"index","follow":"follow","max-snippet":"max-snippet:-1","max-image-preview":"max-image-preview:large","max-video-preview":"max-video-preview:-1"},"canonical":"https:\/\/sumkcaps.com\/pt\/produto\/bones-estruturados-de-couro-com-7-paineis\/","og_locale":"pt_PT","og_type":"article","og_title":"Structured Leather Patch 7 Panels Caps - Sumkcaps","og_description":"Leather patch 7-panel snapback, acrylic\/wool blend, flat bill, OSFM fit, custom colors, 7\u20139 day sample, 18\u201322 day production.","og_url":"https:\/\/sumkcaps.com\/pt\/produto\/bones-estruturados-de-couro-com-7-paineis\/","og_site_name":"Sumkcaps-China Original Headwear Manufacturer and Suppliers","article_publisher":"https:\/\/www.facebook.com\/sumkcap","article_modified_time":"2026-04-22T06:45:28+00:00","og_image":[{"width":800,"height":800,"url":"https:\/\/sumkcaps.com\/wp-content\/uploads\/2022\/04\/\u4ea7\u54c1\u4e3b\u56fe1-336.jpg","type":"image\/jpeg"}],"twitter_card":"summary_large_image","twitter_misc":{"Tempo estimado de leitura":"2 minutos"},"schema":{"@context":"https:\/\/schema.org","@graph":[{"@type":"WebPage","@id":"https:\/\/sumkcaps.com\/product\/structured-leather-patch-7-panels-caps\/","url":"https:\/\/sumkcaps.com\/product\/structured-leather-patch-7-panels-caps\/","name":"Bon\u00e9s estruturados em couro com 7 pain\u00e9is - Sumkcaps","isPartOf":{"@id":"https:\/\/sumkcaps.com\/#website"},"primaryImageOfPage":{"@id":"https:\/\/sumkcaps.com\/product\/structured-leather-patch-7-panels-caps\/#primaryimage"},"image":{"@id":"https:\/\/sumkcaps.com\/product\/structured-leather-patch-7-panels-caps\/#primaryimage"},"thumbnailUrl":"https:\/\/sumkcaps.com\/wp-content\/uploads\/2022\/04\/\u4ea7\u54c1\u4e3b\u56fe1-336.jpg","datePublished":"2022-04-22T08:14:06+00:00","dateModified":"2026-04-22T06:45:28+00:00","description":"Remendo de couro, snapback de 7 pain\u00e9is, mistura de acr\u00edlico\/l\u00e3, bico plano, ajuste OSFM, cores personalizadas, amostra de 7-9 dias, produ\u00e7\u00e3o de 18-22 dias.","breadcrumb":{"@id":"https:\/\/sumkcaps.com\/product\/structured-leather-patch-7-panels-caps\/#breadcrumb"},"inLanguage":"pt-PT","potentialAction":[{"@type":"ReadAction","target":["https:\/\/sumkcaps.com\/product\/structured-leather-patch-7-panels-caps\/"]}]},{"@type":"ImageObject","inLanguage":"pt-PT","@id":"https:\/\/sumkcaps.com\/product\/structured-leather-patch-7-panels-caps\/#primaryimage","url":"https:\/\/sumkcaps.com\/wp-content\/uploads\/2022\/04\/\u4ea7\u54c1\u4e3b\u56fe1-336.jpg","contentUrl":"https:\/\/sumkcaps.com\/wp-content\/uploads\/2022\/04\/\u4ea7\u54c1\u4e3b\u56fe1-336.jpg","width":800,"height":800},{"@type":"BreadcrumbList","@id":"https:\/\/sumkcaps.com\/product\/structured-leather-patch-7-panels-caps\/#breadcrumb","itemListElement":[{"@type":"ListItem","position":1,"name":"Home","item":"https:\/\/sumkcaps.com\/"},{"@type":"ListItem","position":2,"name":"Products","item":"https:\/\/sumkcaps.com\/product\/"},{"@type":"ListItem","position":3,"name":"Structured Leather Patch 7 Panels Caps"}]},{"@type":"WebSite","@id":"https:\/\/sumkcaps.com\/#website","url":"https:\/\/sumkcaps.com\/","name":"Sumkcaps-China Original Headwear Fabricante e fornecedores","description":"Somos a F\u00e1brica Original de Bon\u00e9s e Chap\u00e9us da China, cujo principal neg\u00f3cio \u00e9 personalizar bon\u00e9s e chap\u00e9us de acordo com o LOGOTIPO do cliente. Qualquer estilo de bon\u00e9, qualquer cor de bon\u00e9, qualquer quantidade, qualquer material e quantidade n\u00e3o \u00e9 problema. Por outras palavras, todos os pequenos detalhes podem ser personalizados a seu pedido.","publisher":{"@id":"https:\/\/sumkcaps.com\/#organization"},"potentialAction":[{"@type":"SearchAction","target":{"@type":"EntryPoint","urlTemplate":"https:\/\/sumkcaps.com\/?s={search_term_string}"},"query-input":{"@type":"PropertyValueSpecification","valueRequired":true,"valueName":"search_term_string"}}],"inLanguage":"pt-PT"},{"@type":"Organization","@id":"https:\/\/sumkcaps.com\/#organization","name":"Sumkcaps-China Original Headwear Fabricante e fornecedores","url":"https:\/\/sumkcaps.com\/","logo":{"@type":"ImageObject","inLanguage":"pt-PT","@id":"https:\/\/sumkcaps.com\/#\/schema\/logo\/image\/","url":"https:\/\/sumkcaps.com\/wp-content\/uploads\/2025\/12\/1234.jpg","contentUrl":"https:\/\/sumkcaps.com\/wp-content\/uploads\/2025\/12\/1234.jpg","width":800,"height":800,"caption":"Sumkcaps-China Original Headwear Manufacturer and Suppliers"},"image":{"@id":"https:\/\/sumkcaps.com\/#\/schema\/logo\/image\/"},"sameAs":["https:\/\/www.facebook.com\/sumkcap","https:\/\/www.instagram.com\/sumkcaps7\/","https:\/\/www.pinterest.com\/sumkcapschina\/"]}]}},"taxonomy_info":{"product_cat":[{"value":42,"label":"Snapback Hats Wholesale"}]},"featured_image_src_large":["https:\/\/sumkcaps.com\/wp-content\/uploads\/2022\/04\/\u4ea7\u54c1\u4e3b\u56fe1-336.jpg",800,800,false],"author_info":[],"comment_info":"","_links":{"self":[{"href":"https:\/\/sumkcaps.com\/pt\/wp-json\/wp\/v2\/product\/3837","targetHints":{"allow":["GET"]}}],"collection":[{"href":"https:\/\/sumkcaps.com\/pt\/wp-json\/wp\/v2\/product"}],"about":[{"href":"https:\/\/sumkcaps.com\/pt\/wp-json\/wp\/v2\/types\/product"}],"wp:featuredmedia":[{"embeddable":true,"href":"https:\/\/sumkcaps.com\/pt\/wp-json\/wp\/v2\/media\/3841"}],"wp:attachment":[{"href":"https:\/\/sumkcaps.com\/pt\/wp-json\/wp\/v2\/media?parent=3837"}],"wp:term":[{"taxonomy":"product_brand","embeddable":true,"href":"https:\/\/sumkcaps.com\/pt\/wp-json\/wp\/v2\/product_brand?post=3837"},{"taxonomy":"product_cat","embeddable":true,"href":"https:\/\/sumkcaps.com\/pt\/wp-json\/wp\/v2\/product_cat?post=3837"},{"taxonomy":"product_tag","embeddable":true,"href":"https:\/\/sumkcaps.com\/pt\/wp-json\/wp\/v2\/product_tag?post=3837"}],"curies":[{"name":"wp","href":"https:\/\/api.w.org\/{rel}","templated":true}]}}