{"id":3784,"date":"2022-04-22T16:02:17","date_gmt":"2022-04-22T08:02:17","guid":{"rendered":"https:\/\/sumkcaps.com\/?post_type=product&#038;p=3784"},"modified":"2026-04-22T14:57:10","modified_gmt":"2026-04-22T06:57:10","slug":"6-panel-woven-patch-snapback-cap","status":"publish","type":"product","link":"https:\/\/sumkcaps.com\/pt\/produto\/bone-snapback-com-6-paineis-de-tecido\/","title":{"rendered":"Bon\u00e9 com pala tecida de 6 pain\u00e9is com fecho de correr"},"content":{"rendered":"<h3 data-section-id=\"p80c3z\" data-start=\"0\" data-end=\"41\"><span role=\"text\"><strong data-start=\"4\" data-end=\"39\">Decora\u00e7\u00e3o<\/strong><\/span><\/h3>\n<p data-start=\"42\" data-end=\"269\">Inclui um remendo tecido personalizado que proporciona um aspeto limpo, detalhado e texturado do log\u00f3tipo. Em compara\u00e7\u00e3o com os bordados, os remendos tecidos permitem elementos de design mais finos, o que os torna ideais para a cria\u00e7\u00e3o de marcas com precis\u00e3o e um acabamento de qualidade superior.<\/p>\n<h3 data-section-id=\"law3es\" data-start=\"276\" data-end=\"315\"><span role=\"text\"><strong data-start=\"280\" data-end=\"313\">Material<\/strong><\/span><\/h3>\n<p data-start=\"316\" data-end=\"521\">Fabricado a partir de uma mistura dur\u00e1vel de acr\u00edlico e l\u00e3, oferecendo estrutura e conforto. O acr\u00edlico assegura uma utiliza\u00e7\u00e3o leve e a durabilidade da cor, enquanto a l\u00e3 aumenta o calor e a textura, sendo adequada para v\u00e1rias esta\u00e7\u00f5es.<\/p>\n<h3 data-section-id=\"z2yzwj\" data-start=\"528\" data-end=\"562\"><span role=\"text\"><strong data-start=\"532\" data-end=\"560\">Cor<\/strong><\/span><\/h3>\n<p data-start=\"563\" data-end=\"737\">Suporta a personaliza\u00e7\u00e3o de todas as cores para corresponder \u00e0 identidade da sua marca. Desde tons arrojados de streetwear a tons neutros cl\u00e1ssicos, esta flexibilidade ajuda a criar designs \u00fanicos e prontos para o mercado.<\/p>\n<h3 data-section-id=\"w4gi7j\" data-start=\"744\" data-end=\"782\"><span role=\"text\"><strong data-start=\"748\" data-end=\"780\">Forma<\/strong><\/span><\/h3>\n<p data-start=\"783\" data-end=\"968\">Constru\u00eddo com uma estrutura cl\u00e1ssica de 6 pain\u00e9is, proporcionando um ajuste equilibrado e um aspeto intemporal. A coroa estruturada melhora a reten\u00e7\u00e3o da forma e oferece uma superf\u00edcie limpa para a aplica\u00e7\u00e3o de remendos.<\/p>\n<h3 data-section-id=\"3asju8\" data-start=\"975\" data-end=\"1002\"><span role=\"text\"><strong data-start=\"979\" data-end=\"1000\">Viseira<\/strong><\/span><\/h3>\n<p data-start=\"1003\" data-end=\"1158\">Concebido com uma viseira plana, proporciona um toque moderno e elegante. Tamb\u00e9m proporciona uma prote\u00e7\u00e3o solar eficaz, mantendo uma silhueta estruturada.<\/p>\n<h3 data-section-id=\"1ujt2bk\" data-start=\"1165\" data-end=\"1204\"><span role=\"text\"><strong data-start=\"1169\" data-end=\"1202\">Ajuste e tamanho<\/strong><\/span><\/h3>\n<p data-start=\"1205\" data-end=\"1333\">Tamanho \u00fanico com um fecho de encaixe ajust\u00e1vel, garantindo um ajuste seguro e confort\u00e1vel numa vasta gama de tamanhos de cabe\u00e7a.<\/p>\n<h3 data-section-id=\"1mx9aa5\" data-start=\"1340\" data-end=\"1365\"><span role=\"text\"><strong data-start=\"1344\" data-end=\"1363\">Tempo de resposta<\/strong><\/span><\/h3>\n<p data-start=\"1366\" data-end=\"1524\" data-is-last-node=\"\" data-is-only-node=\"\">Produ\u00e7\u00e3o r\u00e1pida e fi\u00e1vel com tempo de amostragem de 7-9 dias \u00fateis e produ\u00e7\u00e3o em massa conclu\u00edda em 18-22 dias \u00fateis, ideal para um planeamento eficiente das encomendas.<\/p>","protected":false},"excerpt":{"rendered":"<section class=\"text-token-text-primary w-full focus:outline-none [--shadow-height:45px] has-data-writing-block:pointer-events-none has-data-writing-block:-mt-(--shadow-height) has-data-writing-block:pt-(--shadow-height) [&amp;:has([data-writing-block])&gt;*]:pointer-events-auto R6Vx5W_threadScrollVars scroll-mb-[calc(var(--scroll-root-safe-area-inset-bottom,0px)+var(--thread-response-height))] scroll-mt-(--header-height)\" dir=\"auto\" data-turn-id=\"98f0ce91-d2ff-492b-a6da-2bf05a4712a3\" data-testid=\"conversation-turn-5\" data-scroll-anchor=\"false\" data-turn=\"user\"><\/section>\n<section class=\"text-token-text-primary w-full focus:outline-none [--shadow-height:45px] has-data-writing-block:pointer-events-none has-data-writing-block:-mt-(--shadow-height) has-data-writing-block:pt-(--shadow-height) [&amp;:has([data-writing-block])&gt;*]:pointer-events-auto [content-visibility:auto] supports-[content-visibility:auto]:[contain-intrinsic-size:auto_100lvh] R6Vx5W_threadScrollVars scroll-mb-[calc(var(--scroll-root-safe-area-inset-bottom,0px)+var(--thread-response-height))] scroll-mt-[calc(var(--header-height)+min(200px,max(70px,20svh)))]\" dir=\"auto\" data-turn-id=\"request-WEB:166b01f8-19d4-4969-8494-8dba128ef4b8-2\" data-testid=\"conversation-turn-6\" data-scroll-anchor=\"false\" data-turn=\"assistant\">\n<div class=\"text-base my-auto mx-auto pb-10 [--thread-content-margin:var(--thread-content-margin-xs,calc(var(--spacing)*4))] @w-sm\/main:[--thread-content-margin:var(--thread-content-margin-sm,calc(var(--spacing)*6))] @w-lg\/main:[--thread-content-margin:var(--thread-content-margin-lg,calc(var(--spacing)*16))] px-(--thread-content-margin)\">\n<div class=\"[--thread-content-max-width:40rem] @w-lg\/main:[--thread-content-max-width:48rem] mx-auto max-w-(--thread-content-max-width) flex-1 group\/turn-messages focus-visible:outline-hidden relative flex w-full min-w-0 flex-col agent-turn\">\n<div class=\"flex max-w-full flex-col gap-4 grow\">\n<div class=\"min-h-8 text-message relative flex w-full flex-col items-end gap-2 text-start break-words whitespace-normal outline-none keyboard-focused:focus-ring [.text-message+&amp;]:mt-1\" dir=\"auto\" tabindex=\"0\" data-message-author-role=\"assistant\" data-message-id=\"fa7ff462-b67c-48a0-a6c1-7dcf0fadc0a9\" data-message-model-slug=\"gpt-5-3\" data-turn-start-message=\"true\">\n<div class=\"flex w-full flex-col gap-1 empty:hidden\">\n<div class=\"markdown prose dark:prose-invert w-full wrap-break-word light markdown-new-styling\">\n<p data-start=\"0\" data-end=\"171\" data-is-last-node=\"\" data-is-only-node=\"\">Bon\u00e9 personalizado com emblema tecido, mistura dur\u00e1vel de l\u00e3 acr\u00edlica, op\u00e7\u00f5es de cores completas, estrutura de 6 pain\u00e9is, viseira plana, snapback ajust\u00e1vel, confort\u00e1vel, elegante e de produ\u00e7\u00e3o r\u00e1pida.<\/p>\n<\/div>\n<\/div>\n<\/div>\n<\/div>\n<\/div>\n<\/div>\n<\/section>","protected":false},"featured_media":3800,"template":"","meta":{"_acf_changed":false,"_kad_blocks_custom_css":"","_kad_blocks_head_custom_js":"","_kad_blocks_body_custom_js":"","_kad_blocks_footer_custom_js":""},"product_brand":[],"product_cat":[42],"product_tag":[],"class_list":{"0":"post-3784","1":"product","2":"type-product","3":"status-publish","4":"has-post-thumbnail","6":"product_cat-snapback-cap","8":"first","9":"outofstock","10":"shipping-taxable","11":"product-type-simple"},"acf":[],"yoast_head":"<!-- This site is optimized with the Yoast SEO Premium plugin v20.8 (Yoast SEO v25.9) - https:\/\/yoast.com\/wordpress\/plugins\/seo\/ -->\n<title>6 Panel Woven Patch Snapback Cap - Sumkcaps<\/title>\n<meta name=\"description\" content=\"Custom woven patch cap with durable acrylic-wool blend, full-color options, 6-panel structure, flat visor, snapback fit, and fast production.\" \/>\n<meta name=\"robots\" content=\"index, follow, max-snippet:-1, max-image-preview:large, max-video-preview:-1\" \/>\n<link rel=\"canonical\" href=\"https:\/\/sumkcaps.com\/pt\/produto\/bone-snapback-com-6-paineis-de-tecido\/\" \/>\n<meta property=\"og:locale\" content=\"pt_PT\" \/>\n<meta property=\"og:type\" content=\"article\" \/>\n<meta property=\"og:title\" content=\"6 Panel Woven Patch Snapback Cap - Sumkcaps\" \/>\n<meta property=\"og:description\" content=\"Custom woven patch cap with durable acrylic-wool blend, full-color options, 6-panel structure, flat visor, snapback fit, and fast production.\" \/>\n<meta property=\"og:url\" content=\"https:\/\/sumkcaps.com\/pt\/produto\/bone-snapback-com-6-paineis-de-tecido\/\" \/>\n<meta property=\"og:site_name\" content=\"Sumkcaps-China Original Headwear Manufacturer and Suppliers\" \/>\n<meta property=\"article:publisher\" content=\"https:\/\/www.facebook.com\/sumkcap\" \/>\n<meta property=\"article:modified_time\" content=\"2026-04-22T06:57:10+00:00\" \/>\n<meta property=\"og:image\" content=\"https:\/\/sumkcaps.com\/wp-content\/uploads\/2022\/04\/\u4ea7\u54c1\u4e3b\u56fe1-331.jpg\" \/>\n\t<meta property=\"og:image:width\" content=\"800\" \/>\n\t<meta property=\"og:image:height\" content=\"800\" \/>\n\t<meta property=\"og:image:type\" content=\"image\/jpeg\" \/>\n<meta name=\"twitter:card\" content=\"summary_large_image\" \/>\n<meta name=\"twitter:label1\" content=\"Tempo estimado de leitura\" \/>\n\t<meta name=\"twitter:data1\" content=\"2 minutos\" \/>\n<script type=\"application\/ld+json\" class=\"yoast-schema-graph\">{\"@context\":\"https:\/\/schema.org\",\"@graph\":[{\"@type\":\"WebPage\",\"@id\":\"https:\/\/sumkcaps.com\/product\/6-panel-woven-patch-snapback-cap\/\",\"url\":\"https:\/\/sumkcaps.com\/product\/6-panel-woven-patch-snapback-cap\/\",\"name\":\"6 Panel Woven Patch Snapback Cap - Sumkcaps\",\"isPartOf\":{\"@id\":\"https:\/\/sumkcaps.com\/#website\"},\"primaryImageOfPage\":{\"@id\":\"https:\/\/sumkcaps.com\/product\/6-panel-woven-patch-snapback-cap\/#primaryimage\"},\"image\":{\"@id\":\"https:\/\/sumkcaps.com\/product\/6-panel-woven-patch-snapback-cap\/#primaryimage\"},\"thumbnailUrl\":\"https:\/\/sumkcaps.com\/wp-content\/uploads\/2022\/04\/\u4ea7\u54c1\u4e3b\u56fe1-331.jpg\",\"datePublished\":\"2022-04-22T08:02:17+00:00\",\"dateModified\":\"2026-04-22T06:57:10+00:00\",\"description\":\"Custom woven patch cap with durable acrylic-wool blend, full-color options, 6-panel structure, flat visor, snapback fit, and fast production.\",\"breadcrumb\":{\"@id\":\"https:\/\/sumkcaps.com\/product\/6-panel-woven-patch-snapback-cap\/#breadcrumb\"},\"inLanguage\":\"pt-PT\",\"potentialAction\":[{\"@type\":\"ReadAction\",\"target\":[\"https:\/\/sumkcaps.com\/product\/6-panel-woven-patch-snapback-cap\/\"]}]},{\"@type\":\"ImageObject\",\"inLanguage\":\"pt-PT\",\"@id\":\"https:\/\/sumkcaps.com\/product\/6-panel-woven-patch-snapback-cap\/#primaryimage\",\"url\":\"https:\/\/sumkcaps.com\/wp-content\/uploads\/2022\/04\/\u4ea7\u54c1\u4e3b\u56fe1-331.jpg\",\"contentUrl\":\"https:\/\/sumkcaps.com\/wp-content\/uploads\/2022\/04\/\u4ea7\u54c1\u4e3b\u56fe1-331.jpg\",\"width\":800,\"height\":800},{\"@type\":\"BreadcrumbList\",\"@id\":\"https:\/\/sumkcaps.com\/product\/6-panel-woven-patch-snapback-cap\/#breadcrumb\",\"itemListElement\":[{\"@type\":\"ListItem\",\"position\":1,\"name\":\"Home\",\"item\":\"https:\/\/sumkcaps.com\/\"},{\"@type\":\"ListItem\",\"position\":2,\"name\":\"Products\",\"item\":\"https:\/\/sumkcaps.com\/product\/\"},{\"@type\":\"ListItem\",\"position\":3,\"name\":\"6 Panel Woven Patch Snapback Cap\"}]},{\"@type\":\"WebSite\",\"@id\":\"https:\/\/sumkcaps.com\/#website\",\"url\":\"https:\/\/sumkcaps.com\/\",\"name\":\"Sumkcaps-China Original Headwear Manufacturer and Suppliers\",\"description\":\"We are China Cap And Hat Original Factory, whose main business is to custom cap and hat as client&#039;s LOGO. Any cap style, any cap color, any qty, any material and qty is no problem. In one words, any small details can be customized as your request.\",\"publisher\":{\"@id\":\"https:\/\/sumkcaps.com\/#organization\"},\"potentialAction\":[{\"@type\":\"SearchAction\",\"target\":{\"@type\":\"EntryPoint\",\"urlTemplate\":\"https:\/\/sumkcaps.com\/?s={search_term_string}\"},\"query-input\":{\"@type\":\"PropertyValueSpecification\",\"valueRequired\":true,\"valueName\":\"search_term_string\"}}],\"inLanguage\":\"pt-PT\"},{\"@type\":\"Organization\",\"@id\":\"https:\/\/sumkcaps.com\/#organization\",\"name\":\"Sumkcaps-China Original Headwear Manufacturer and Suppliers\",\"url\":\"https:\/\/sumkcaps.com\/\",\"logo\":{\"@type\":\"ImageObject\",\"inLanguage\":\"pt-PT\",\"@id\":\"https:\/\/sumkcaps.com\/#\/schema\/logo\/image\/\",\"url\":\"https:\/\/sumkcaps.com\/wp-content\/uploads\/2025\/12\/1234.jpg\",\"contentUrl\":\"https:\/\/sumkcaps.com\/wp-content\/uploads\/2025\/12\/1234.jpg\",\"width\":800,\"height\":800,\"caption\":\"Sumkcaps-China Original Headwear Manufacturer and Suppliers\"},\"image\":{\"@id\":\"https:\/\/sumkcaps.com\/#\/schema\/logo\/image\/\"},\"sameAs\":[\"https:\/\/www.facebook.com\/sumkcap\",\"https:\/\/www.instagram.com\/sumkcaps7\/\",\"https:\/\/www.pinterest.com\/sumkcapschina\/\"]}]}<\/script>\n<!-- \/ Yoast SEO Premium plugin. -->","yoast_head_json":{"title":"Bon\u00e9 com emblema tecido de 6 pain\u00e9is - Sumkcaps","description":"Bon\u00e9 de tecido personalizado com mistura dur\u00e1vel de acr\u00edlico e l\u00e3, op\u00e7\u00f5es de cores completas, estrutura de 6 pain\u00e9is, viseira plana, ajuste snapback e produ\u00e7\u00e3o r\u00e1pida.","robots":{"index":"index","follow":"follow","max-snippet":"max-snippet:-1","max-image-preview":"max-image-preview:large","max-video-preview":"max-video-preview:-1"},"canonical":"https:\/\/sumkcaps.com\/pt\/produto\/bone-snapback-com-6-paineis-de-tecido\/","og_locale":"pt_PT","og_type":"article","og_title":"6 Panel Woven Patch Snapback Cap - Sumkcaps","og_description":"Custom woven patch cap with durable acrylic-wool blend, full-color options, 6-panel structure, flat visor, snapback fit, and fast production.","og_url":"https:\/\/sumkcaps.com\/pt\/produto\/bone-snapback-com-6-paineis-de-tecido\/","og_site_name":"Sumkcaps-China Original Headwear Manufacturer and Suppliers","article_publisher":"https:\/\/www.facebook.com\/sumkcap","article_modified_time":"2026-04-22T06:57:10+00:00","og_image":[{"width":800,"height":800,"url":"https:\/\/sumkcaps.com\/wp-content\/uploads\/2022\/04\/\u4ea7\u54c1\u4e3b\u56fe1-331.jpg","type":"image\/jpeg"}],"twitter_card":"summary_large_image","twitter_misc":{"Tempo estimado de leitura":"2 minutos"},"schema":{"@context":"https:\/\/schema.org","@graph":[{"@type":"WebPage","@id":"https:\/\/sumkcaps.com\/product\/6-panel-woven-patch-snapback-cap\/","url":"https:\/\/sumkcaps.com\/product\/6-panel-woven-patch-snapback-cap\/","name":"Bon\u00e9 com emblema tecido de 6 pain\u00e9is - Sumkcaps","isPartOf":{"@id":"https:\/\/sumkcaps.com\/#website"},"primaryImageOfPage":{"@id":"https:\/\/sumkcaps.com\/product\/6-panel-woven-patch-snapback-cap\/#primaryimage"},"image":{"@id":"https:\/\/sumkcaps.com\/product\/6-panel-woven-patch-snapback-cap\/#primaryimage"},"thumbnailUrl":"https:\/\/sumkcaps.com\/wp-content\/uploads\/2022\/04\/\u4ea7\u54c1\u4e3b\u56fe1-331.jpg","datePublished":"2022-04-22T08:02:17+00:00","dateModified":"2026-04-22T06:57:10+00:00","description":"Bon\u00e9 de tecido personalizado com mistura dur\u00e1vel de acr\u00edlico e l\u00e3, op\u00e7\u00f5es de cores completas, estrutura de 6 pain\u00e9is, viseira plana, ajuste snapback e produ\u00e7\u00e3o r\u00e1pida.","breadcrumb":{"@id":"https:\/\/sumkcaps.com\/product\/6-panel-woven-patch-snapback-cap\/#breadcrumb"},"inLanguage":"pt-PT","potentialAction":[{"@type":"ReadAction","target":["https:\/\/sumkcaps.com\/product\/6-panel-woven-patch-snapback-cap\/"]}]},{"@type":"ImageObject","inLanguage":"pt-PT","@id":"https:\/\/sumkcaps.com\/product\/6-panel-woven-patch-snapback-cap\/#primaryimage","url":"https:\/\/sumkcaps.com\/wp-content\/uploads\/2022\/04\/\u4ea7\u54c1\u4e3b\u56fe1-331.jpg","contentUrl":"https:\/\/sumkcaps.com\/wp-content\/uploads\/2022\/04\/\u4ea7\u54c1\u4e3b\u56fe1-331.jpg","width":800,"height":800},{"@type":"BreadcrumbList","@id":"https:\/\/sumkcaps.com\/product\/6-panel-woven-patch-snapback-cap\/#breadcrumb","itemListElement":[{"@type":"ListItem","position":1,"name":"Home","item":"https:\/\/sumkcaps.com\/"},{"@type":"ListItem","position":2,"name":"Products","item":"https:\/\/sumkcaps.com\/product\/"},{"@type":"ListItem","position":3,"name":"6 Panel Woven Patch Snapback Cap"}]},{"@type":"WebSite","@id":"https:\/\/sumkcaps.com\/#website","url":"https:\/\/sumkcaps.com\/","name":"Sumkcaps-China Original Headwear Fabricante e fornecedores","description":"Somos a F\u00e1brica Original de Bon\u00e9s e Chap\u00e9us da China, cujo principal neg\u00f3cio \u00e9 personalizar bon\u00e9s e chap\u00e9us de acordo com o LOGOTIPO do cliente. Qualquer estilo de bon\u00e9, qualquer cor de bon\u00e9, qualquer quantidade, qualquer material e quantidade n\u00e3o \u00e9 problema. Por outras palavras, todos os pequenos detalhes podem ser personalizados a seu pedido.","publisher":{"@id":"https:\/\/sumkcaps.com\/#organization"},"potentialAction":[{"@type":"SearchAction","target":{"@type":"EntryPoint","urlTemplate":"https:\/\/sumkcaps.com\/?s={search_term_string}"},"query-input":{"@type":"PropertyValueSpecification","valueRequired":true,"valueName":"search_term_string"}}],"inLanguage":"pt-PT"},{"@type":"Organization","@id":"https:\/\/sumkcaps.com\/#organization","name":"Sumkcaps-China Original Headwear Fabricante e fornecedores","url":"https:\/\/sumkcaps.com\/","logo":{"@type":"ImageObject","inLanguage":"pt-PT","@id":"https:\/\/sumkcaps.com\/#\/schema\/logo\/image\/","url":"https:\/\/sumkcaps.com\/wp-content\/uploads\/2025\/12\/1234.jpg","contentUrl":"https:\/\/sumkcaps.com\/wp-content\/uploads\/2025\/12\/1234.jpg","width":800,"height":800,"caption":"Sumkcaps-China Original Headwear Manufacturer and Suppliers"},"image":{"@id":"https:\/\/sumkcaps.com\/#\/schema\/logo\/image\/"},"sameAs":["https:\/\/www.facebook.com\/sumkcap","https:\/\/www.instagram.com\/sumkcaps7\/","https:\/\/www.pinterest.com\/sumkcapschina\/"]}]}},"taxonomy_info":{"product_cat":[{"value":42,"label":"Snapback Hats Wholesale"}]},"featured_image_src_large":["https:\/\/sumkcaps.com\/wp-content\/uploads\/2022\/04\/\u4ea7\u54c1\u4e3b\u56fe1-331.jpg",800,800,false],"author_info":[],"comment_info":"","_links":{"self":[{"href":"https:\/\/sumkcaps.com\/pt\/wp-json\/wp\/v2\/product\/3784","targetHints":{"allow":["GET"]}}],"collection":[{"href":"https:\/\/sumkcaps.com\/pt\/wp-json\/wp\/v2\/product"}],"about":[{"href":"https:\/\/sumkcaps.com\/pt\/wp-json\/wp\/v2\/types\/product"}],"wp:featuredmedia":[{"embeddable":true,"href":"https:\/\/sumkcaps.com\/pt\/wp-json\/wp\/v2\/media\/3800"}],"wp:attachment":[{"href":"https:\/\/sumkcaps.com\/pt\/wp-json\/wp\/v2\/media?parent=3784"}],"wp:term":[{"taxonomy":"product_brand","embeddable":true,"href":"https:\/\/sumkcaps.com\/pt\/wp-json\/wp\/v2\/product_brand?post=3784"},{"taxonomy":"product_cat","embeddable":true,"href":"https:\/\/sumkcaps.com\/pt\/wp-json\/wp\/v2\/product_cat?post=3784"},{"taxonomy":"product_tag","embeddable":true,"href":"https:\/\/sumkcaps.com\/pt\/wp-json\/wp\/v2\/product_tag?post=3784"}],"curies":[{"name":"wp","href":"https:\/\/api.w.org\/{rel}","templated":true}]}}