{"id":3343,"date":"2022-04-22T11:41:52","date_gmt":"2022-04-22T03:41:52","guid":{"rendered":"https:\/\/sumkcaps.com\/?post_type=product&#038;p=3343"},"modified":"2026-04-22T15:04:19","modified_gmt":"2026-04-22T07:04:19","slug":"high-quality-3d-embroidery-snapback-custom","status":"publish","type":"product","link":"https:\/\/sumkcaps.com\/pt\/produto\/bordado-3d-de-alta-qualidade-snapback-personalizado\/","title":{"rendered":"Snapback bordado 3D de alta qualidade personalizado"},"content":{"rendered":"<h3 data-start=\"83\" data-end=\"304\"><strong data-start=\"83\" data-end=\"97\">Decora\u00e7\u00e3o<\/strong><\/h3>\n<p data-start=\"83\" data-end=\"304\">Apresenta um bordado 3D de qualidade superior para um log\u00f3tipo com relevo e textura que se destaca. Perfeito para desenhos pormenorizados, oferecendo um efeito de marca arrojado e profissional que real\u00e7a a est\u00e9tica geral do bon\u00e9.<\/p>\n<h3 data-start=\"306\" data-end=\"514\"><strong data-start=\"306\" data-end=\"318\">Material<\/strong><\/h3>\n<p data-start=\"306\" data-end=\"514\">Fabricado a partir de uma mistura dur\u00e1vel de acr\u00edlico e l\u00e3, combinando conforto leve com calor e estrutura. O acr\u00edlico garante a reten\u00e7\u00e3o da cor e uma manuten\u00e7\u00e3o f\u00e1cil, enquanto a l\u00e3 acrescenta textura e um toque de qualidade superior.<\/p>\n<h3 data-start=\"516\" data-end=\"715\"><strong data-start=\"516\" data-end=\"525\">Cor<\/strong><\/h3>\n<p data-start=\"516\" data-end=\"715\">As op\u00e7\u00f5es de cores totalmente personaliz\u00e1veis permitem-lhe corresponder \u00e0 sua marca ou estilo pessoal. Desde tons vibrantes e arrojados a tons neutros cl\u00e1ssicos, cada bon\u00e9 pode ser adaptado para um visual \u00fanico e pronto para o mercado.<\/p>\n<h3 data-start=\"717\" data-end=\"913\"><strong data-start=\"717\" data-end=\"726\">Forma<\/strong><\/h3>\n<p data-start=\"717\" data-end=\"913\">Design snapback estruturado com uma constru\u00e7\u00e3o cl\u00e1ssica de 6 pain\u00e9is. Mant\u00e9m a forma ao longo do tempo, proporcionando um ajuste equilibrado, tornando-o vers\u00e1til para uso casual ou para fins promocionais.<\/p>\n<h3 data-start=\"915\" data-end=\"1101\"><strong data-start=\"915\" data-end=\"924\">Viseira<\/strong><\/h3>\n<p data-start=\"915\" data-end=\"1101\">A viseira plana confere um toque moderno e elegante, ao mesmo tempo que proporciona uma prote\u00e7\u00e3o solar eficaz. Mant\u00e9m uma silhueta limpa e contempor\u00e2nea, adequada para streetwear ou artigos de marca.<\/p>\n<h3 data-start=\"1103\" data-end=\"1265\"><strong data-start=\"1103\" data-end=\"1117\">Ajuste e tamanho<\/strong><\/h3>\n<p data-start=\"1103\" data-end=\"1265\">Tamanho \u00fanico (OSFM, 7 - 7 3\/4) com um fecho de encaixe ajust\u00e1vel, garantindo um ajuste seguro e confort\u00e1vel para uma vasta gama de tamanhos de cabe\u00e7a.<\/p>","protected":false},"excerpt":{"rendered":"<section class=\"text-token-text-primary w-full focus:outline-none [--shadow-height:45px] has-data-writing-block:pointer-events-none has-data-writing-block:-mt-(--shadow-height) has-data-writing-block:pt-(--shadow-height) [&amp;:has([data-writing-block])&gt;*]:pointer-events-auto R6Vx5W_threadScrollVars scroll-mb-[calc(var(--scroll-root-safe-area-inset-bottom,0px)+var(--thread-response-height))] scroll-mt-(--header-height)\" dir=\"auto\" data-turn-id=\"224cbabb-5049-4747-86b2-692cdfe00704\" data-testid=\"conversation-turn-9\" data-scroll-anchor=\"false\" data-turn=\"user\"><\/section>\n<section class=\"text-token-text-primary w-full focus:outline-none [--shadow-height:45px] has-data-writing-block:pointer-events-none has-data-writing-block:-mt-(--shadow-height) has-data-writing-block:pt-(--shadow-height) [&amp;:has([data-writing-block])&gt;*]:pointer-events-auto [content-visibility:auto] supports-[content-visibility:auto]:[contain-intrinsic-size:auto_100lvh] R6Vx5W_threadScrollVars scroll-mb-[calc(var(--scroll-root-safe-area-inset-bottom,0px)+var(--thread-response-height))] scroll-mt-[calc(var(--header-height)+min(200px,max(70px,20svh)))]\" dir=\"auto\" data-turn-id=\"request-WEB:166b01f8-19d4-4969-8494-8dba128ef4b8-4\" data-testid=\"conversation-turn-10\" data-scroll-anchor=\"false\" data-turn=\"assistant\">\n<div class=\"text-base my-auto mx-auto pb-10 [--thread-content-margin:var(--thread-content-margin-xs,calc(var(--spacing)*4))] @w-sm\/main:[--thread-content-margin:var(--thread-content-margin-sm,calc(var(--spacing)*6))] @w-lg\/main:[--thread-content-margin:var(--thread-content-margin-lg,calc(var(--spacing)*16))] px-(--thread-content-margin)\">\n<div class=\"[--thread-content-max-width:40rem] @w-lg\/main:[--thread-content-max-width:48rem] mx-auto max-w-(--thread-content-max-width) flex-1 group\/turn-messages focus-visible:outline-hidden relative flex w-full min-w-0 flex-col agent-turn\">\n<div class=\"flex max-w-full flex-col gap-4 grow\">\n<div class=\"min-h-8 text-message relative flex w-full flex-col items-end gap-2 text-start break-words whitespace-normal outline-none keyboard-focused:focus-ring [.text-message+&amp;]:mt-1\" dir=\"auto\" tabindex=\"0\" data-message-author-role=\"assistant\" data-message-id=\"9f3ce1a1-bd0b-427c-81f7-fd59b3c6d549\" data-message-model-slug=\"gpt-5-3\" data-turn-start-message=\"true\">\n<div class=\"flex w-full flex-col gap-1 empty:hidden\">\n<div class=\"markdown prose dark:prose-invert w-full wrap-break-word light markdown-new-styling\">\n<p data-start=\"0\" data-end=\"141\" data-is-last-node=\"\" data-is-only-node=\"\">Bon\u00e9 snapback bordado em 3D em l\u00e3 acr\u00edlica dur\u00e1vel, cores personaliz\u00e1veis, pala plana, ajuste estruturado, snapback OSFM, elegante e confort\u00e1vel.<\/p>\n<\/div>\n<\/div>\n<\/div>\n<\/div>\n<\/div>\n<\/div>\n<\/section>","protected":false},"featured_media":3344,"template":"","meta":{"_acf_changed":false,"_kad_blocks_custom_css":"","_kad_blocks_head_custom_js":"","_kad_blocks_body_custom_js":"","_kad_blocks_footer_custom_js":""},"product_brand":[],"product_cat":[42],"product_tag":[],"class_list":{"0":"post-3343","1":"product","2":"type-product","3":"status-publish","4":"has-post-thumbnail","6":"product_cat-snapback-cap","8":"first","9":"outofstock","10":"shipping-taxable","11":"product-type-simple"},"acf":[],"yoast_head":"<!-- This site is optimized with the Yoast SEO Premium plugin v20.8 (Yoast SEO v25.9) - https:\/\/yoast.com\/wordpress\/plugins\/seo\/ -->\n<title>High Quality 3D Embroidery Snapback Custom - Sumkcaps<\/title>\n<meta name=\"description\" content=\"3D embroidered snapback cap in durable acrylic-wool, customizable colors, flat visor, structured fit, OSFM snapback, stylish and comfortable.\" \/>\n<meta name=\"robots\" content=\"index, follow, max-snippet:-1, max-image-preview:large, max-video-preview:-1\" \/>\n<link rel=\"canonical\" href=\"https:\/\/sumkcaps.com\/pt\/produto\/bordado-3d-de-alta-qualidade-snapback-personalizado\/\" \/>\n<meta property=\"og:locale\" content=\"pt_PT\" \/>\n<meta property=\"og:type\" content=\"article\" \/>\n<meta property=\"og:title\" content=\"High Quality 3D Embroidery Snapback Custom - Sumkcaps\" \/>\n<meta property=\"og:description\" content=\"3D embroidered snapback cap in durable acrylic-wool, customizable colors, flat visor, structured fit, OSFM snapback, stylish and comfortable.\" \/>\n<meta property=\"og:url\" content=\"https:\/\/sumkcaps.com\/pt\/produto\/bordado-3d-de-alta-qualidade-snapback-personalizado\/\" \/>\n<meta property=\"og:site_name\" content=\"Sumkcaps-China Original Headwear Manufacturer and Suppliers\" \/>\n<meta property=\"article:publisher\" content=\"https:\/\/www.facebook.com\/sumkcap\" \/>\n<meta property=\"article:modified_time\" content=\"2026-04-22T07:04:19+00:00\" \/>\n<meta property=\"og:image\" content=\"https:\/\/sumkcaps.com\/wp-content\/uploads\/2022\/04\/\u4ea7\u54c1\u4e3b\u56fe1-272.jpg\" \/>\n\t<meta property=\"og:image:width\" content=\"800\" \/>\n\t<meta property=\"og:image:height\" content=\"800\" \/>\n\t<meta property=\"og:image:type\" content=\"image\/jpeg\" \/>\n<meta name=\"twitter:card\" content=\"summary_large_image\" \/>\n<meta name=\"twitter:label1\" content=\"Tempo estimado de leitura\" \/>\n\t<meta name=\"twitter:data1\" content=\"1 minuto\" \/>\n<script type=\"application\/ld+json\" class=\"yoast-schema-graph\">{\"@context\":\"https:\/\/schema.org\",\"@graph\":[{\"@type\":\"WebPage\",\"@id\":\"https:\/\/sumkcaps.com\/product\/high-quality-3d-embroidery-snapback-custom\/\",\"url\":\"https:\/\/sumkcaps.com\/product\/high-quality-3d-embroidery-snapback-custom\/\",\"name\":\"High Quality 3D Embroidery Snapback Custom - Sumkcaps\",\"isPartOf\":{\"@id\":\"https:\/\/sumkcaps.com\/#website\"},\"primaryImageOfPage\":{\"@id\":\"https:\/\/sumkcaps.com\/product\/high-quality-3d-embroidery-snapback-custom\/#primaryimage\"},\"image\":{\"@id\":\"https:\/\/sumkcaps.com\/product\/high-quality-3d-embroidery-snapback-custom\/#primaryimage\"},\"thumbnailUrl\":\"https:\/\/sumkcaps.com\/wp-content\/uploads\/2022\/04\/\u4ea7\u54c1\u4e3b\u56fe1-272.jpg\",\"datePublished\":\"2022-04-22T03:41:52+00:00\",\"dateModified\":\"2026-04-22T07:04:19+00:00\",\"description\":\"3D embroidered snapback cap in durable acrylic-wool, customizable colors, flat visor, structured fit, OSFM snapback, stylish and comfortable.\",\"breadcrumb\":{\"@id\":\"https:\/\/sumkcaps.com\/product\/high-quality-3d-embroidery-snapback-custom\/#breadcrumb\"},\"inLanguage\":\"pt-PT\",\"potentialAction\":[{\"@type\":\"ReadAction\",\"target\":[\"https:\/\/sumkcaps.com\/product\/high-quality-3d-embroidery-snapback-custom\/\"]}]},{\"@type\":\"ImageObject\",\"inLanguage\":\"pt-PT\",\"@id\":\"https:\/\/sumkcaps.com\/product\/high-quality-3d-embroidery-snapback-custom\/#primaryimage\",\"url\":\"https:\/\/sumkcaps.com\/wp-content\/uploads\/2022\/04\/\u4ea7\u54c1\u4e3b\u56fe1-272.jpg\",\"contentUrl\":\"https:\/\/sumkcaps.com\/wp-content\/uploads\/2022\/04\/\u4ea7\u54c1\u4e3b\u56fe1-272.jpg\",\"width\":800,\"height\":800},{\"@type\":\"BreadcrumbList\",\"@id\":\"https:\/\/sumkcaps.com\/product\/high-quality-3d-embroidery-snapback-custom\/#breadcrumb\",\"itemListElement\":[{\"@type\":\"ListItem\",\"position\":1,\"name\":\"Home\",\"item\":\"https:\/\/sumkcaps.com\/\"},{\"@type\":\"ListItem\",\"position\":2,\"name\":\"Products\",\"item\":\"https:\/\/sumkcaps.com\/product\/\"},{\"@type\":\"ListItem\",\"position\":3,\"name\":\"High Quality 3D Embroidery Snapback Custom\"}]},{\"@type\":\"WebSite\",\"@id\":\"https:\/\/sumkcaps.com\/#website\",\"url\":\"https:\/\/sumkcaps.com\/\",\"name\":\"Sumkcaps-China Original Headwear Manufacturer and Suppliers\",\"description\":\"We are China Cap And Hat Original Factory, whose main business is to custom cap and hat as client&#039;s LOGO. Any cap style, any cap color, any qty, any material and qty is no problem. In one words, any small details can be customized as your request.\",\"publisher\":{\"@id\":\"https:\/\/sumkcaps.com\/#organization\"},\"potentialAction\":[{\"@type\":\"SearchAction\",\"target\":{\"@type\":\"EntryPoint\",\"urlTemplate\":\"https:\/\/sumkcaps.com\/?s={search_term_string}\"},\"query-input\":{\"@type\":\"PropertyValueSpecification\",\"valueRequired\":true,\"valueName\":\"search_term_string\"}}],\"inLanguage\":\"pt-PT\"},{\"@type\":\"Organization\",\"@id\":\"https:\/\/sumkcaps.com\/#organization\",\"name\":\"Sumkcaps-China Original Headwear Manufacturer and Suppliers\",\"url\":\"https:\/\/sumkcaps.com\/\",\"logo\":{\"@type\":\"ImageObject\",\"inLanguage\":\"pt-PT\",\"@id\":\"https:\/\/sumkcaps.com\/#\/schema\/logo\/image\/\",\"url\":\"https:\/\/sumkcaps.com\/wp-content\/uploads\/2025\/12\/1234.jpg\",\"contentUrl\":\"https:\/\/sumkcaps.com\/wp-content\/uploads\/2025\/12\/1234.jpg\",\"width\":800,\"height\":800,\"caption\":\"Sumkcaps-China Original Headwear Manufacturer and Suppliers\"},\"image\":{\"@id\":\"https:\/\/sumkcaps.com\/#\/schema\/logo\/image\/\"},\"sameAs\":[\"https:\/\/www.facebook.com\/sumkcap\",\"https:\/\/www.instagram.com\/sumkcaps7\/\",\"https:\/\/www.pinterest.com\/sumkcapschina\/\"]}]}<\/script>\n<!-- \/ Yoast SEO Premium plugin. -->","yoast_head_json":{"title":"Snapback bordado 3D de alta qualidade personalizado - Sumkcaps","description":"Bon\u00e9 snapback bordado em 3D em l\u00e3 acr\u00edlica dur\u00e1vel, cores personaliz\u00e1veis, pala plana, ajuste estruturado, snapback OSFM, elegante e confort\u00e1vel.","robots":{"index":"index","follow":"follow","max-snippet":"max-snippet:-1","max-image-preview":"max-image-preview:large","max-video-preview":"max-video-preview:-1"},"canonical":"https:\/\/sumkcaps.com\/pt\/produto\/bordado-3d-de-alta-qualidade-snapback-personalizado\/","og_locale":"pt_PT","og_type":"article","og_title":"High Quality 3D Embroidery Snapback Custom - Sumkcaps","og_description":"3D embroidered snapback cap in durable acrylic-wool, customizable colors, flat visor, structured fit, OSFM snapback, stylish and comfortable.","og_url":"https:\/\/sumkcaps.com\/pt\/produto\/bordado-3d-de-alta-qualidade-snapback-personalizado\/","og_site_name":"Sumkcaps-China Original Headwear Manufacturer and Suppliers","article_publisher":"https:\/\/www.facebook.com\/sumkcap","article_modified_time":"2026-04-22T07:04:19+00:00","og_image":[{"width":800,"height":800,"url":"https:\/\/sumkcaps.com\/wp-content\/uploads\/2022\/04\/\u4ea7\u54c1\u4e3b\u56fe1-272.jpg","type":"image\/jpeg"}],"twitter_card":"summary_large_image","twitter_misc":{"Tempo estimado de leitura":"1 minuto"},"schema":{"@context":"https:\/\/schema.org","@graph":[{"@type":"WebPage","@id":"https:\/\/sumkcaps.com\/product\/high-quality-3d-embroidery-snapback-custom\/","url":"https:\/\/sumkcaps.com\/product\/high-quality-3d-embroidery-snapback-custom\/","name":"Snapback bordado 3D de alta qualidade personalizado - Sumkcaps","isPartOf":{"@id":"https:\/\/sumkcaps.com\/#website"},"primaryImageOfPage":{"@id":"https:\/\/sumkcaps.com\/product\/high-quality-3d-embroidery-snapback-custom\/#primaryimage"},"image":{"@id":"https:\/\/sumkcaps.com\/product\/high-quality-3d-embroidery-snapback-custom\/#primaryimage"},"thumbnailUrl":"https:\/\/sumkcaps.com\/wp-content\/uploads\/2022\/04\/\u4ea7\u54c1\u4e3b\u56fe1-272.jpg","datePublished":"2022-04-22T03:41:52+00:00","dateModified":"2026-04-22T07:04:19+00:00","description":"Bon\u00e9 snapback bordado em 3D em l\u00e3 acr\u00edlica dur\u00e1vel, cores personaliz\u00e1veis, pala plana, ajuste estruturado, snapback OSFM, elegante e confort\u00e1vel.","breadcrumb":{"@id":"https:\/\/sumkcaps.com\/product\/high-quality-3d-embroidery-snapback-custom\/#breadcrumb"},"inLanguage":"pt-PT","potentialAction":[{"@type":"ReadAction","target":["https:\/\/sumkcaps.com\/product\/high-quality-3d-embroidery-snapback-custom\/"]}]},{"@type":"ImageObject","inLanguage":"pt-PT","@id":"https:\/\/sumkcaps.com\/product\/high-quality-3d-embroidery-snapback-custom\/#primaryimage","url":"https:\/\/sumkcaps.com\/wp-content\/uploads\/2022\/04\/\u4ea7\u54c1\u4e3b\u56fe1-272.jpg","contentUrl":"https:\/\/sumkcaps.com\/wp-content\/uploads\/2022\/04\/\u4ea7\u54c1\u4e3b\u56fe1-272.jpg","width":800,"height":800},{"@type":"BreadcrumbList","@id":"https:\/\/sumkcaps.com\/product\/high-quality-3d-embroidery-snapback-custom\/#breadcrumb","itemListElement":[{"@type":"ListItem","position":1,"name":"Home","item":"https:\/\/sumkcaps.com\/"},{"@type":"ListItem","position":2,"name":"Products","item":"https:\/\/sumkcaps.com\/product\/"},{"@type":"ListItem","position":3,"name":"High Quality 3D Embroidery Snapback Custom"}]},{"@type":"WebSite","@id":"https:\/\/sumkcaps.com\/#website","url":"https:\/\/sumkcaps.com\/","name":"Sumkcaps-China Original Headwear Fabricante e fornecedores","description":"Somos a F\u00e1brica Original de Bon\u00e9s e Chap\u00e9us da China, cujo principal neg\u00f3cio \u00e9 personalizar bon\u00e9s e chap\u00e9us de acordo com o LOGOTIPO do cliente. Qualquer estilo de bon\u00e9, qualquer cor de bon\u00e9, qualquer quantidade, qualquer material e quantidade n\u00e3o \u00e9 problema. Por outras palavras, todos os pequenos detalhes podem ser personalizados a seu pedido.","publisher":{"@id":"https:\/\/sumkcaps.com\/#organization"},"potentialAction":[{"@type":"SearchAction","target":{"@type":"EntryPoint","urlTemplate":"https:\/\/sumkcaps.com\/?s={search_term_string}"},"query-input":{"@type":"PropertyValueSpecification","valueRequired":true,"valueName":"search_term_string"}}],"inLanguage":"pt-PT"},{"@type":"Organization","@id":"https:\/\/sumkcaps.com\/#organization","name":"Sumkcaps-China Original Headwear Fabricante e fornecedores","url":"https:\/\/sumkcaps.com\/","logo":{"@type":"ImageObject","inLanguage":"pt-PT","@id":"https:\/\/sumkcaps.com\/#\/schema\/logo\/image\/","url":"https:\/\/sumkcaps.com\/wp-content\/uploads\/2025\/12\/1234.jpg","contentUrl":"https:\/\/sumkcaps.com\/wp-content\/uploads\/2025\/12\/1234.jpg","width":800,"height":800,"caption":"Sumkcaps-China Original Headwear Manufacturer and Suppliers"},"image":{"@id":"https:\/\/sumkcaps.com\/#\/schema\/logo\/image\/"},"sameAs":["https:\/\/www.facebook.com\/sumkcap","https:\/\/www.instagram.com\/sumkcaps7\/","https:\/\/www.pinterest.com\/sumkcapschina\/"]}]}},"taxonomy_info":{"product_cat":[{"value":42,"label":"Snapback Hats Wholesale"}]},"featured_image_src_large":["https:\/\/sumkcaps.com\/wp-content\/uploads\/2022\/04\/\u4ea7\u54c1\u4e3b\u56fe1-272.jpg",800,800,false],"author_info":[],"comment_info":"","_links":{"self":[{"href":"https:\/\/sumkcaps.com\/pt\/wp-json\/wp\/v2\/product\/3343","targetHints":{"allow":["GET"]}}],"collection":[{"href":"https:\/\/sumkcaps.com\/pt\/wp-json\/wp\/v2\/product"}],"about":[{"href":"https:\/\/sumkcaps.com\/pt\/wp-json\/wp\/v2\/types\/product"}],"wp:featuredmedia":[{"embeddable":true,"href":"https:\/\/sumkcaps.com\/pt\/wp-json\/wp\/v2\/media\/3344"}],"wp:attachment":[{"href":"https:\/\/sumkcaps.com\/pt\/wp-json\/wp\/v2\/media?parent=3343"}],"wp:term":[{"taxonomy":"product_brand","embeddable":true,"href":"https:\/\/sumkcaps.com\/pt\/wp-json\/wp\/v2\/product_brand?post=3343"},{"taxonomy":"product_cat","embeddable":true,"href":"https:\/\/sumkcaps.com\/pt\/wp-json\/wp\/v2\/product_cat?post=3343"},{"taxonomy":"product_tag","embeddable":true,"href":"https:\/\/sumkcaps.com\/pt\/wp-json\/wp\/v2\/product_tag?post=3343"}],"curies":[{"name":"wp","href":"https:\/\/api.w.org\/{rel}","templated":true}]}}