{"id":23885,"date":"2023-09-13T20:59:16","date_gmt":"2023-09-13T12:59:16","guid":{"rendered":"https:\/\/sumkcaps.com\/?post_type=product&#038;p=23885"},"modified":"2026-01-12T11:10:47","modified_gmt":"2026-01-12T03:10:47","slug":"sumkcaps-5-panel-3d-embroidery-canvas-trucker-hats","status":"publish","type":"product","link":"https:\/\/sumkcaps.com\/pt\/produto\/sumkcaps-5-panel-3d-embroidery-canvas-trucker-hats\/","title":{"rendered":"Chap\u00e9us de camionista de lona com bordados 3D de 5 pain\u00e9is por atacado"},"content":{"rendered":"<h3 data-start=\"86\" data-end=\"118\">Decora\u00e7\u00e3o<\/h3>\n<p data-start=\"119\" data-end=\"490\">Estes chap\u00e9us de camionista apresentam bordados 3D de qualidade superior que acrescentam profundidade e textura aos seus desenhos. A costura em relevo garante que os log\u00f3tipos, o texto ou os gr\u00e1ficos se destacam, proporcionando um acabamento profissional e apelativo. Perfeitos para marcas, artigos de equipa ou colec\u00e7\u00f5es de moda, os bordados melhoram o aspeto visual, mantendo a durabilidade durante o uso prolongado.<\/p>\n<h3 data-start=\"497\" data-end=\"520\">Material<\/h3>\n<p data-start=\"521\" data-end=\"899\">Fabricados em lona de alta qualidade, estes chap\u00e9us s\u00e3o dur\u00e1veis, respir\u00e1veis e concebidos para uma utiliza\u00e7\u00e3o quotidiana. O tecido resistente mant\u00e9m a sua forma e proporciona um ajuste confort\u00e1vel para uma utiliza\u00e7\u00e3o prolongada. A lona tamb\u00e9m oferece uma superf\u00edcie ideal para bordados 3D, garantindo que os seus desenhos se mant\u00eam n\u00edtidos e vibrantes ao longo do tempo. Estes chap\u00e9us s\u00e3o pr\u00e1ticos e elegantes para actividades casuais ou ao ar livre.<\/p>\n<h3 data-start=\"906\" data-end=\"937\">Cor<\/h3>\n<p data-start=\"938\" data-end=\"1291\">Estes chap\u00e9us de camionista est\u00e3o dispon\u00edveis em preto cl\u00e1ssico ou em cores totalmente personaliz\u00e1veis para corresponder \u00e0 sua marca ou vis\u00e3o de design. Quer prefira tons arrojados, sombras subtis ou padr\u00f5es \u00fanicos, as op\u00e7\u00f5es de cores personalizadas facilitam a cria\u00e7\u00e3o de uma linha de produtos distinta. Esta flexibilidade \u00e9 perfeita para marcas de moda, campanhas promocionais e encomendas personalizadas por grosso.<\/p>\n<h3 data-start=\"1298\" data-end=\"1333\">Ajuste e tamanho<\/h3>\n<p data-start=\"1334\" data-end=\"1655\">Com um design de tamanho \u00fanico, estes chap\u00e9us de camionista adaptam-se confortavelmente a tamanhos de cabe\u00e7a que variam entre 7 e 7 3\/4. A constru\u00e7\u00e3o estruturada de 5 pain\u00e9is garante um ajuste seguro e confort\u00e1vel para a maioria dos utilizadores. O tamanho OSFM simplifica a gest\u00e3o do invent\u00e1rio, tornando os chap\u00e9us ideais para distribui\u00e7\u00e3o por grosso, a retalho ou promocional.<\/p>\n<h3 data-start=\"1662\" data-end=\"1686\">Viseira<\/h3>\n<p data-start=\"1687\" data-end=\"2012\">A viseira pr\u00e9-curvada proporciona um ajuste cl\u00e1ssico e confort\u00e1vel, ao mesmo tempo que oferece prote\u00e7\u00e3o solar e um aspeto elegante. O seu design pr\u00e9-formado mant\u00e9m a forma, eliminando a necessidade de ajustes e garantindo um estilo consistente. Esta carater\u00edstica confere um acabamento profissional ao chap\u00e9u, ao mesmo tempo que complementa visuais casuais, desportivos ou de streetwear.<\/p>\n<h3 data-start=\"2019\" data-end=\"2044\">Servi\u00e7o<\/h3>\n<p data-start=\"2045\" data-end=\"2379\">Estes chap\u00e9us suportam servi\u00e7os OEM e ODM, permitindo a personaliza\u00e7\u00e3o total de bordados, cores, pain\u00e9is e elementos de marca. Quer se trate da produ\u00e7\u00e3o de produtos de marca pr\u00f3pria ou do desenvolvimento de colec\u00e7\u00f5es de moda \u00fanicas, estes servi\u00e7os proporcionam flexibilidade, garantia de qualidade e orienta\u00e7\u00e3o de produ\u00e7\u00e3o profissional para as suas encomendas por grosso.<\/p>\n<h3 data-start=\"2386\" data-end=\"2407\">Tempo de resposta<\/h3>\n<p data-start=\"2408\" data-end=\"2700\" data-is-last-node=\"\" data-is-only-node=\"\">A produ\u00e7\u00e3o de amostras demora normalmente 7-9 dias \u00fateis para aprova\u00e7\u00e3o do projeto. Uma vez confirmada, a produ\u00e7\u00e3o em massa \u00e9 conclu\u00edda no prazo de 18-22 dias \u00fateis. Este prazo eficiente garante a entrega atempada de encomendas em massa, lan\u00e7amentos sazonais ou campanhas promocionais sem comprometer a qualidade ou os pormenores.<\/p>","protected":false},"excerpt":{"rendered":"<p>Este elegante chap\u00e9u de camionista camuflado com bordado personalizado \u00e9 perfeito para os entusiastas do ar livre e eventos casuais. Ideal para compras por grosso, garantindo-lhe os melhores pre\u00e7os e qualidade. Encomende agora e beneficie de descontos de primeira qualidade em encomendas por grosso<\/p>","protected":false},"featured_media":23886,"template":"","meta":{"_acf_changed":false,"_kad_blocks_custom_css":"","_kad_blocks_head_custom_js":"","_kad_blocks_body_custom_js":"","_kad_blocks_footer_custom_js":""},"product_brand":[],"product_cat":[693,971,942,943],"product_tag":[],"class_list":{"0":"post-23885","1":"product","2":"type-product","3":"status-publish","4":"has-post-thumbnail","6":"product_cat-hat","7":"product_cat-custom-embroidery-trucker-hats-wholesale","8":"product_cat-5-panel-trucker-hat","9":"product_cat-custom-embroidered-5-panel-hats","11":"first","12":"outofstock","13":"shipping-taxable","14":"product-type-simple"},"acf":[],"yoast_head":"<!-- This site is optimized with the Yoast SEO Premium plugin v20.8 (Yoast SEO v25.9) - https:\/\/yoast.com\/wordpress\/plugins\/seo\/ -->\n<title>Custom Embroidery Patch Camo Trucker Hat Wholesale<\/title>\n<meta name=\"description\" content=\"Custom Embroidery Patch Camo Trucker Hat\u2014wholesale-ready with durable materials, adjustable fit, and customizable logos for any occasion.\" \/>\n<meta name=\"robots\" content=\"index, follow, max-snippet:-1, max-image-preview:large, max-video-preview:-1\" \/>\n<link rel=\"canonical\" href=\"https:\/\/sumkcaps.com\/pt\/produto\/sumkcaps-5-panel-3d-embroidery-canvas-trucker-hats\/\" \/>\n<meta property=\"og:locale\" content=\"pt_PT\" \/>\n<meta property=\"og:type\" content=\"article\" \/>\n<meta property=\"og:title\" content=\"Custom 5 Panel 3D Logo Canvas Trucker Hats | Sumkcaps\" \/>\n<meta property=\"og:description\" content=\"High Quality China Custom Headwear Manufacturer. Top Quality Products At Best Prices. Add Your Logo or Custom Design Online. Expert Service. Bulk Discount.\" \/>\n<meta property=\"og:url\" content=\"https:\/\/sumkcaps.com\/pt\/produto\/sumkcaps-5-panel-3d-embroidery-canvas-trucker-hats\/\" \/>\n<meta property=\"og:site_name\" content=\"Sumkcaps-China Original Headwear Manufacturer and Suppliers\" \/>\n<meta property=\"article:publisher\" content=\"https:\/\/www.facebook.com\/sumkcap\" \/>\n<meta property=\"article:modified_time\" content=\"2026-01-12T03:10:47+00:00\" \/>\n<meta property=\"og:image\" content=\"https:\/\/sumkcaps.com\/wp-content\/uploads\/2023\/09\/sumkcaps-5-panel-canvas-trucker-hats-1.jpg\" \/>\n\t<meta property=\"og:image:width\" content=\"750\" \/>\n\t<meta property=\"og:image:height\" content=\"750\" \/>\n\t<meta property=\"og:image:type\" content=\"image\/jpeg\" \/>\n<meta name=\"twitter:card\" content=\"summary_large_image\" \/>\n<meta name=\"twitter:title\" content=\"Custom 5 Panel 3D Logo Canvas Trucker Hats | Sumkcaps\" \/>\n<meta name=\"twitter:description\" content=\"High Quality China Custom Headwear Manufacturer. Top Quality Products At Best Prices. Add Your Logo or Custom Design Online. Expert Service. Bulk Discount.\" \/>\n<meta name=\"twitter:label1\" content=\"Tempo estimado de leitura\" \/>\n\t<meta name=\"twitter:data1\" content=\"2 minutos\" \/>\n<script type=\"application\/ld+json\" class=\"yoast-schema-graph\">{\"@context\":\"https:\/\/schema.org\",\"@graph\":[{\"@type\":\"WebPage\",\"@id\":\"https:\/\/sumkcaps.com\/product\/sumkcaps-5-panel-3d-embroidery-canvas-trucker-hats\/\",\"url\":\"https:\/\/sumkcaps.com\/product\/sumkcaps-5-panel-3d-embroidery-canvas-trucker-hats\/\",\"name\":\"Custom Embroidery Patch Camo Trucker Hat Wholesale\",\"isPartOf\":{\"@id\":\"https:\/\/sumkcaps.com\/#website\"},\"primaryImageOfPage\":{\"@id\":\"https:\/\/sumkcaps.com\/product\/sumkcaps-5-panel-3d-embroidery-canvas-trucker-hats\/#primaryimage\"},\"image\":{\"@id\":\"https:\/\/sumkcaps.com\/product\/sumkcaps-5-panel-3d-embroidery-canvas-trucker-hats\/#primaryimage\"},\"thumbnailUrl\":\"https:\/\/sumkcaps.com\/wp-content\/uploads\/2023\/09\/sumkcaps-5-panel-canvas-trucker-hats-1.jpg\",\"datePublished\":\"2023-09-13T12:59:16+00:00\",\"dateModified\":\"2026-01-12T03:10:47+00:00\",\"description\":\"Custom Embroidery Patch Camo Trucker Hat\u2014wholesale-ready with durable materials, adjustable fit, and customizable logos for any occasion.\",\"breadcrumb\":{\"@id\":\"https:\/\/sumkcaps.com\/product\/sumkcaps-5-panel-3d-embroidery-canvas-trucker-hats\/#breadcrumb\"},\"inLanguage\":\"pt-PT\",\"potentialAction\":[{\"@type\":\"ReadAction\",\"target\":[\"https:\/\/sumkcaps.com\/product\/sumkcaps-5-panel-3d-embroidery-canvas-trucker-hats\/\"]}]},{\"@type\":\"ImageObject\",\"inLanguage\":\"pt-PT\",\"@id\":\"https:\/\/sumkcaps.com\/product\/sumkcaps-5-panel-3d-embroidery-canvas-trucker-hats\/#primaryimage\",\"url\":\"https:\/\/sumkcaps.com\/wp-content\/uploads\/2023\/09\/sumkcaps-5-panel-canvas-trucker-hats-1.jpg\",\"contentUrl\":\"https:\/\/sumkcaps.com\/wp-content\/uploads\/2023\/09\/sumkcaps-5-panel-canvas-trucker-hats-1.jpg\",\"width\":750,\"height\":750,\"caption\":\"Sumkcaps 5 Panel Canvas Trucker Hats 1\"},{\"@type\":\"BreadcrumbList\",\"@id\":\"https:\/\/sumkcaps.com\/product\/sumkcaps-5-panel-3d-embroidery-canvas-trucker-hats\/#breadcrumb\",\"itemListElement\":[{\"@type\":\"ListItem\",\"position\":1,\"name\":\"Home\",\"item\":\"https:\/\/sumkcaps.com\/\"},{\"@type\":\"ListItem\",\"position\":2,\"name\":\"Products\",\"item\":\"https:\/\/sumkcaps.com\/product\/\"},{\"@type\":\"ListItem\",\"position\":3,\"name\":\"5 Panel 3D Embroidery Canvas Trucker Hats Wholesale\"}]},{\"@type\":\"WebSite\",\"@id\":\"https:\/\/sumkcaps.com\/#website\",\"url\":\"https:\/\/sumkcaps.com\/\",\"name\":\"Sumkcaps-China Original Headwear Manufacturer and Suppliers\",\"description\":\"We are China Cap And Hat Original Factory, whose main business is to custom cap and hat as client&#039;s LOGO. Any cap style, any cap color, any qty, any material and qty is no problem. In one words, any small details can be customized as your request.\",\"publisher\":{\"@id\":\"https:\/\/sumkcaps.com\/#organization\"},\"potentialAction\":[{\"@type\":\"SearchAction\",\"target\":{\"@type\":\"EntryPoint\",\"urlTemplate\":\"https:\/\/sumkcaps.com\/?s={search_term_string}\"},\"query-input\":{\"@type\":\"PropertyValueSpecification\",\"valueRequired\":true,\"valueName\":\"search_term_string\"}}],\"inLanguage\":\"pt-PT\"},{\"@type\":\"Organization\",\"@id\":\"https:\/\/sumkcaps.com\/#organization\",\"name\":\"Sumkcaps-China Original Headwear Manufacturer and Suppliers\",\"url\":\"https:\/\/sumkcaps.com\/\",\"logo\":{\"@type\":\"ImageObject\",\"inLanguage\":\"pt-PT\",\"@id\":\"https:\/\/sumkcaps.com\/#\/schema\/logo\/image\/\",\"url\":\"https:\/\/sumkcaps.com\/wp-content\/uploads\/2025\/12\/1234.jpg\",\"contentUrl\":\"https:\/\/sumkcaps.com\/wp-content\/uploads\/2025\/12\/1234.jpg\",\"width\":800,\"height\":800,\"caption\":\"Sumkcaps-China Original Headwear Manufacturer and Suppliers\"},\"image\":{\"@id\":\"https:\/\/sumkcaps.com\/#\/schema\/logo\/image\/\"},\"sameAs\":[\"https:\/\/www.facebook.com\/sumkcap\",\"https:\/\/www.instagram.com\/sumkcaps7\/\",\"https:\/\/www.pinterest.com\/sumkcapschina\/\"]}]}<\/script>\n<!-- \/ Yoast SEO Premium plugin. -->","yoast_head_json":{"title":"Chap\u00e9u de camionista com remendo de bordado personalizado por atacado","description":"Chap\u00e9u de camionista Custom Embroidery Patch Camo - pronto para venda por grosso com materiais dur\u00e1veis, ajuste ajust\u00e1vel e log\u00f3tipos personaliz\u00e1veis para qualquer ocasi\u00e3o.","robots":{"index":"index","follow":"follow","max-snippet":"max-snippet:-1","max-image-preview":"max-image-preview:large","max-video-preview":"max-video-preview:-1"},"canonical":"https:\/\/sumkcaps.com\/pt\/produto\/sumkcaps-5-panel-3d-embroidery-canvas-trucker-hats\/","og_locale":"pt_PT","og_type":"article","og_title":"Custom 5 Panel 3D Logo Canvas Trucker Hats | Sumkcaps","og_description":"High Quality China Custom Headwear Manufacturer. Top Quality Products At Best Prices. Add Your Logo or Custom Design Online. Expert Service. Bulk Discount.","og_url":"https:\/\/sumkcaps.com\/pt\/produto\/sumkcaps-5-panel-3d-embroidery-canvas-trucker-hats\/","og_site_name":"Sumkcaps-China Original Headwear Manufacturer and Suppliers","article_publisher":"https:\/\/www.facebook.com\/sumkcap","article_modified_time":"2026-01-12T03:10:47+00:00","og_image":[{"width":750,"height":750,"url":"https:\/\/sumkcaps.com\/wp-content\/uploads\/2023\/09\/sumkcaps-5-panel-canvas-trucker-hats-1.jpg","type":"image\/jpeg"}],"twitter_card":"summary_large_image","twitter_title":"Custom 5 Panel 3D Logo Canvas Trucker Hats | Sumkcaps","twitter_description":"High Quality China Custom Headwear Manufacturer. Top Quality Products At Best Prices. Add Your Logo or Custom Design Online. Expert Service. Bulk Discount.","twitter_misc":{"Tempo estimado de leitura":"2 minutos"},"schema":{"@context":"https:\/\/schema.org","@graph":[{"@type":"WebPage","@id":"https:\/\/sumkcaps.com\/product\/sumkcaps-5-panel-3d-embroidery-canvas-trucker-hats\/","url":"https:\/\/sumkcaps.com\/product\/sumkcaps-5-panel-3d-embroidery-canvas-trucker-hats\/","name":"Chap\u00e9u de camionista com remendo de bordado personalizado por atacado","isPartOf":{"@id":"https:\/\/sumkcaps.com\/#website"},"primaryImageOfPage":{"@id":"https:\/\/sumkcaps.com\/product\/sumkcaps-5-panel-3d-embroidery-canvas-trucker-hats\/#primaryimage"},"image":{"@id":"https:\/\/sumkcaps.com\/product\/sumkcaps-5-panel-3d-embroidery-canvas-trucker-hats\/#primaryimage"},"thumbnailUrl":"https:\/\/sumkcaps.com\/wp-content\/uploads\/2023\/09\/sumkcaps-5-panel-canvas-trucker-hats-1.jpg","datePublished":"2023-09-13T12:59:16+00:00","dateModified":"2026-01-12T03:10:47+00:00","description":"Chap\u00e9u de camionista Custom Embroidery Patch Camo - pronto para venda por grosso com materiais dur\u00e1veis, ajuste ajust\u00e1vel e log\u00f3tipos personaliz\u00e1veis para qualquer ocasi\u00e3o.","breadcrumb":{"@id":"https:\/\/sumkcaps.com\/product\/sumkcaps-5-panel-3d-embroidery-canvas-trucker-hats\/#breadcrumb"},"inLanguage":"pt-PT","potentialAction":[{"@type":"ReadAction","target":["https:\/\/sumkcaps.com\/product\/sumkcaps-5-panel-3d-embroidery-canvas-trucker-hats\/"]}]},{"@type":"ImageObject","inLanguage":"pt-PT","@id":"https:\/\/sumkcaps.com\/product\/sumkcaps-5-panel-3d-embroidery-canvas-trucker-hats\/#primaryimage","url":"https:\/\/sumkcaps.com\/wp-content\/uploads\/2023\/09\/sumkcaps-5-panel-canvas-trucker-hats-1.jpg","contentUrl":"https:\/\/sumkcaps.com\/wp-content\/uploads\/2023\/09\/sumkcaps-5-panel-canvas-trucker-hats-1.jpg","width":750,"height":750,"caption":"Sumkcaps 5 Panel Canvas Trucker Hats 1"},{"@type":"BreadcrumbList","@id":"https:\/\/sumkcaps.com\/product\/sumkcaps-5-panel-3d-embroidery-canvas-trucker-hats\/#breadcrumb","itemListElement":[{"@type":"ListItem","position":1,"name":"Home","item":"https:\/\/sumkcaps.com\/"},{"@type":"ListItem","position":2,"name":"Products","item":"https:\/\/sumkcaps.com\/product\/"},{"@type":"ListItem","position":3,"name":"5 Panel 3D Embroidery Canvas Trucker Hats Wholesale"}]},{"@type":"WebSite","@id":"https:\/\/sumkcaps.com\/#website","url":"https:\/\/sumkcaps.com\/","name":"Sumkcaps-China Original Headwear Fabricante e fornecedores","description":"Somos a F\u00e1brica Original de Bon\u00e9s e Chap\u00e9us da China, cujo principal neg\u00f3cio \u00e9 personalizar bon\u00e9s e chap\u00e9us de acordo com o LOGOTIPO do cliente. Qualquer estilo de bon\u00e9, qualquer cor de bon\u00e9, qualquer quantidade, qualquer material e quantidade n\u00e3o \u00e9 problema. Por outras palavras, todos os pequenos detalhes podem ser personalizados a seu pedido.","publisher":{"@id":"https:\/\/sumkcaps.com\/#organization"},"potentialAction":[{"@type":"SearchAction","target":{"@type":"EntryPoint","urlTemplate":"https:\/\/sumkcaps.com\/?s={search_term_string}"},"query-input":{"@type":"PropertyValueSpecification","valueRequired":true,"valueName":"search_term_string"}}],"inLanguage":"pt-PT"},{"@type":"Organization","@id":"https:\/\/sumkcaps.com\/#organization","name":"Sumkcaps-China Original Headwear Fabricante e fornecedores","url":"https:\/\/sumkcaps.com\/","logo":{"@type":"ImageObject","inLanguage":"pt-PT","@id":"https:\/\/sumkcaps.com\/#\/schema\/logo\/image\/","url":"https:\/\/sumkcaps.com\/wp-content\/uploads\/2025\/12\/1234.jpg","contentUrl":"https:\/\/sumkcaps.com\/wp-content\/uploads\/2025\/12\/1234.jpg","width":800,"height":800,"caption":"Sumkcaps-China Original Headwear Manufacturer and Suppliers"},"image":{"@id":"https:\/\/sumkcaps.com\/#\/schema\/logo\/image\/"},"sameAs":["https:\/\/www.facebook.com\/sumkcap","https:\/\/www.instagram.com\/sumkcaps7\/","https:\/\/www.pinterest.com\/sumkcapschina\/"]}]}},"taxonomy_info":{"product_cat":[{"value":693,"label":"Hat"},{"value":971,"label":"Embroidery Trucker Hats Wholesale"},{"value":942,"label":"5 Panel Trucker Hat"},{"value":943,"label":"Custom Embroidered 5 Panel Hats"}]},"featured_image_src_large":["https:\/\/sumkcaps.com\/wp-content\/uploads\/2023\/09\/sumkcaps-5-panel-canvas-trucker-hats-1.jpg",750,750,false],"author_info":[],"comment_info":"","_links":{"self":[{"href":"https:\/\/sumkcaps.com\/pt\/wp-json\/wp\/v2\/product\/23885","targetHints":{"allow":["GET"]}}],"collection":[{"href":"https:\/\/sumkcaps.com\/pt\/wp-json\/wp\/v2\/product"}],"about":[{"href":"https:\/\/sumkcaps.com\/pt\/wp-json\/wp\/v2\/types\/product"}],"wp:featuredmedia":[{"embeddable":true,"href":"https:\/\/sumkcaps.com\/pt\/wp-json\/wp\/v2\/media\/23886"}],"wp:attachment":[{"href":"https:\/\/sumkcaps.com\/pt\/wp-json\/wp\/v2\/media?parent=23885"}],"wp:term":[{"taxonomy":"product_brand","embeddable":true,"href":"https:\/\/sumkcaps.com\/pt\/wp-json\/wp\/v2\/product_brand?post=23885"},{"taxonomy":"product_cat","embeddable":true,"href":"https:\/\/sumkcaps.com\/pt\/wp-json\/wp\/v2\/product_cat?post=23885"},{"taxonomy":"product_tag","embeddable":true,"href":"https:\/\/sumkcaps.com\/pt\/wp-json\/wp\/v2\/product_tag?post=23885"}],"curies":[{"name":"wp","href":"https:\/\/api.w.org\/{rel}","templated":true}]}}