{"id":23745,"date":"2024-05-07T14:01:58","date_gmt":"2024-05-07T06:01:58","guid":{"rendered":"https:\/\/sumkcaps.com\/?post_type=product&#038;p=23745"},"modified":"2025-08-05T15:46:11","modified_gmt":"2025-08-05T07:46:11","slug":"performance-golf-rope-hats","status":"publish","type":"product","link":"https:\/\/sumkcaps.com\/pt\/produto\/chapeus-de-corda-de-golfe-de-desempenho\/","title":{"rendered":"Chap\u00e9us de corda de golfe de desempenho"},"content":{"rendered":"<p>- Log\u00f3tipo personalizado, como log\u00f3tipo bordado ou remendo<\/p>\n<p class=\"p1\">- Nylon resistente \u00e0 \u00e1gua e ao suor<\/p>\n<p class=\"p1\">- Perfurado<\/p>\n<p class=\"p1\">- Aba curva<\/p>\n<p class=\"p1\">- Perfil elevado semi-estruturado<\/p>\n<p class=\"p1\">- Corda de nylon entran\u00e7ada<\/p>\n<p class=\"p1\">- Fecho de press\u00e3o personalizado<\/p>\n<p class=\"p1\">- 58cm Classic Fit<\/p>\n<p class=\"p1\">- Faixa de transpira\u00e7\u00e3o acolchoada<\/p>\n<p class=\"p1\">- Estrutura interior em malha branca<\/p>","protected":false},"excerpt":{"rendered":"<p>- Log\u00f3tipo personalizado, como log\u00f3tipo bordado ou remendo - Nylon resistente \u00e0 \u00e1gua e ao suor - Perfurado - Aba curva - Perfil alto semi-estruturado - Corda de nylon entran\u00e7ada - Fecho de encaixe personalizado - Ajuste cl\u00e1ssico de 58 cm - Fita de transpira\u00e7\u00e3o acolchoada qu\u00e1drupla - Estrutura interior em malha branca<\/p>","protected":false},"featured_media":23801,"template":"","meta":{"_acf_changed":false,"_kad_blocks_custom_css":"","_kad_blocks_head_custom_js":"","_kad_blocks_body_custom_js":"","_kad_blocks_footer_custom_js":""},"product_brand":[],"product_cat":[751,939],"product_tag":[],"class_list":{"0":"post-23745","1":"product","2":"type-product","3":"status-publish","4":"has-post-thumbnail","6":"product_cat-rope-hat","7":"product_cat-custom-rope-bill-hats","9":"first","10":"outofstock","11":"shipping-taxable","12":"product-type-simple"},"acf":[],"yoast_head":"<!-- This site is optimized with the Yoast SEO Premium plugin v20.8 (Yoast SEO v25.9) - https:\/\/yoast.com\/wordpress\/plugins\/seo\/ -->\n<title>China Performance Rope Hats and Cap Manufacturer | Sumkcaps<\/title>\n<meta name=\"description\" content=\"Sumkcaps is a leading premium headwear manufacturer. 200 Pieces minimum. BSCI Certification Factory. Competitive Prices. OEM &amp; ODM available.\" \/>\n<meta name=\"robots\" content=\"index, follow, max-snippet:-1, max-image-preview:large, max-video-preview:-1\" \/>\n<link rel=\"canonical\" href=\"https:\/\/sumkcaps.com\/pt\/produto\/chapeus-de-corda-de-golfe-de-desempenho\/\" \/>\n<meta property=\"og:locale\" content=\"pt_PT\" \/>\n<meta property=\"og:type\" content=\"article\" \/>\n<meta property=\"og:title\" content=\"China Performance Rope Hats and Cap Manufacturer | Sumkcaps\" \/>\n<meta property=\"og:description\" content=\"Sumkcaps is a leading premium headwear manufacturer. 200 Pieces minimum. BSCI Certification Factory. Competitive Prices. OEM &amp; ODM available.\" \/>\n<meta property=\"og:url\" content=\"https:\/\/sumkcaps.com\/pt\/produto\/chapeus-de-corda-de-golfe-de-desempenho\/\" \/>\n<meta property=\"og:site_name\" content=\"Sumkcaps-China Original Headwear Manufacturer and Suppliers\" \/>\n<meta property=\"article:publisher\" content=\"https:\/\/www.facebook.com\/sumkcap\" \/>\n<meta property=\"article:modified_time\" content=\"2025-08-05T07:46:11+00:00\" \/>\n<meta property=\"og:image\" content=\"https:\/\/sumkcaps.com\/wp-content\/uploads\/2023\/08\/golf-rope-hats-with-laser-holes.jpg\" \/>\n\t<meta property=\"og:image:width\" content=\"750\" \/>\n\t<meta property=\"og:image:height\" content=\"750\" \/>\n\t<meta property=\"og:image:type\" content=\"image\/jpeg\" \/>\n<meta name=\"twitter:card\" content=\"summary_large_image\" \/>\n<meta name=\"twitter:title\" content=\"China Performance Rope Hats and Cap Manufacturer | Sumkcaps\" \/>\n<meta name=\"twitter:description\" content=\"Sumkcaps is a leading premium headwear manufacturer. 200 Pieces minimum. BSCI Certification Factory. Competitive Prices. OEM &amp; ODM available.\" \/>\n<meta name=\"twitter:label1\" content=\"Tempo estimado de leitura\" \/>\n\t<meta name=\"twitter:data1\" content=\"1 minuto\" \/>\n<script type=\"application\/ld+json\" class=\"yoast-schema-graph\">{\"@context\":\"https:\/\/schema.org\",\"@graph\":[{\"@type\":\"WebPage\",\"@id\":\"https:\/\/sumkcaps.com\/product\/performance-golf-rope-hats\/\",\"url\":\"https:\/\/sumkcaps.com\/product\/performance-golf-rope-hats\/\",\"name\":\"China Performance Rope Hats and Cap Manufacturer | Sumkcaps\",\"isPartOf\":{\"@id\":\"https:\/\/sumkcaps.com\/#website\"},\"primaryImageOfPage\":{\"@id\":\"https:\/\/sumkcaps.com\/product\/performance-golf-rope-hats\/#primaryimage\"},\"image\":{\"@id\":\"https:\/\/sumkcaps.com\/product\/performance-golf-rope-hats\/#primaryimage\"},\"thumbnailUrl\":\"https:\/\/sumkcaps.com\/wp-content\/uploads\/2023\/08\/golf-rope-hats-with-laser-holes.jpg\",\"datePublished\":\"2024-05-07T06:01:58+00:00\",\"dateModified\":\"2025-08-05T07:46:11+00:00\",\"description\":\"Sumkcaps is a leading premium headwear manufacturer. 200 Pieces minimum. BSCI Certification Factory. Competitive Prices. OEM & ODM available.\",\"breadcrumb\":{\"@id\":\"https:\/\/sumkcaps.com\/product\/performance-golf-rope-hats\/#breadcrumb\"},\"inLanguage\":\"pt-PT\",\"potentialAction\":[{\"@type\":\"ReadAction\",\"target\":[\"https:\/\/sumkcaps.com\/product\/performance-golf-rope-hats\/\"]}]},{\"@type\":\"ImageObject\",\"inLanguage\":\"pt-PT\",\"@id\":\"https:\/\/sumkcaps.com\/product\/performance-golf-rope-hats\/#primaryimage\",\"url\":\"https:\/\/sumkcaps.com\/wp-content\/uploads\/2023\/08\/golf-rope-hats-with-laser-holes.jpg\",\"contentUrl\":\"https:\/\/sumkcaps.com\/wp-content\/uploads\/2023\/08\/golf-rope-hats-with-laser-holes.jpg\",\"width\":750,\"height\":750,\"caption\":\"Golf Rope Hats With Laser Holes\"},{\"@type\":\"BreadcrumbList\",\"@id\":\"https:\/\/sumkcaps.com\/product\/performance-golf-rope-hats\/#breadcrumb\",\"itemListElement\":[{\"@type\":\"ListItem\",\"position\":1,\"name\":\"Home\",\"item\":\"https:\/\/sumkcaps.com\/\"},{\"@type\":\"ListItem\",\"position\":2,\"name\":\"Products\",\"item\":\"https:\/\/sumkcaps.com\/product\/\"},{\"@type\":\"ListItem\",\"position\":3,\"name\":\"Performance Golf Rope Hats\"}]},{\"@type\":\"WebSite\",\"@id\":\"https:\/\/sumkcaps.com\/#website\",\"url\":\"https:\/\/sumkcaps.com\/\",\"name\":\"Sumkcaps-China Original Headwear Manufacturer and Suppliers\",\"description\":\"We are China Cap And Hat Original Factory, whose main business is to custom cap and hat as client&#039;s LOGO. Any cap style, any cap color, any qty, any material and qty is no problem. In one words, any small details can be customized as your request.\",\"publisher\":{\"@id\":\"https:\/\/sumkcaps.com\/#organization\"},\"potentialAction\":[{\"@type\":\"SearchAction\",\"target\":{\"@type\":\"EntryPoint\",\"urlTemplate\":\"https:\/\/sumkcaps.com\/?s={search_term_string}\"},\"query-input\":{\"@type\":\"PropertyValueSpecification\",\"valueRequired\":true,\"valueName\":\"search_term_string\"}}],\"inLanguage\":\"pt-PT\"},{\"@type\":\"Organization\",\"@id\":\"https:\/\/sumkcaps.com\/#organization\",\"name\":\"Sumkcaps-China Original Headwear Manufacturer and Suppliers\",\"url\":\"https:\/\/sumkcaps.com\/\",\"logo\":{\"@type\":\"ImageObject\",\"inLanguage\":\"pt-PT\",\"@id\":\"https:\/\/sumkcaps.com\/#\/schema\/logo\/image\/\",\"url\":\"https:\/\/sumkcaps.com\/wp-content\/uploads\/2025\/12\/1234.jpg\",\"contentUrl\":\"https:\/\/sumkcaps.com\/wp-content\/uploads\/2025\/12\/1234.jpg\",\"width\":800,\"height\":800,\"caption\":\"Sumkcaps-China Original Headwear Manufacturer and Suppliers\"},\"image\":{\"@id\":\"https:\/\/sumkcaps.com\/#\/schema\/logo\/image\/\"},\"sameAs\":[\"https:\/\/www.facebook.com\/sumkcap\",\"https:\/\/www.instagram.com\/sumkcaps7\/\",\"https:\/\/www.pinterest.com\/sumkcapschina\/\"]}]}<\/script>\n<!-- \/ Yoast SEO Premium plugin. -->","yoast_head_json":{"title":"China Chap\u00e9us e bon\u00e9s de corda de desempenho Fabricante | Sumkcaps","description":"A Sumkcaps \u00e9 um dos principais fabricantes de chap\u00e9us de qualidade superior. M\u00ednimo de 200 pe\u00e7as. F\u00e1brica com certifica\u00e7\u00e3o BSCI. Pre\u00e7os competitivos. OEM e ODM dispon\u00edveis.","robots":{"index":"index","follow":"follow","max-snippet":"max-snippet:-1","max-image-preview":"max-image-preview:large","max-video-preview":"max-video-preview:-1"},"canonical":"https:\/\/sumkcaps.com\/pt\/produto\/chapeus-de-corda-de-golfe-de-desempenho\/","og_locale":"pt_PT","og_type":"article","og_title":"China Performance Rope Hats and Cap Manufacturer | Sumkcaps","og_description":"Sumkcaps is a leading premium headwear manufacturer. 200 Pieces minimum. BSCI Certification Factory. Competitive Prices. OEM & ODM available.","og_url":"https:\/\/sumkcaps.com\/pt\/produto\/chapeus-de-corda-de-golfe-de-desempenho\/","og_site_name":"Sumkcaps-China Original Headwear Manufacturer and Suppliers","article_publisher":"https:\/\/www.facebook.com\/sumkcap","article_modified_time":"2025-08-05T07:46:11+00:00","og_image":[{"width":750,"height":750,"url":"https:\/\/sumkcaps.com\/wp-content\/uploads\/2023\/08\/golf-rope-hats-with-laser-holes.jpg","type":"image\/jpeg"}],"twitter_card":"summary_large_image","twitter_title":"China Performance Rope Hats and Cap Manufacturer | Sumkcaps","twitter_description":"Sumkcaps is a leading premium headwear manufacturer. 200 Pieces minimum. BSCI Certification Factory. Competitive Prices. OEM & ODM available.","twitter_misc":{"Tempo estimado de leitura":"1 minuto"},"schema":{"@context":"https:\/\/schema.org","@graph":[{"@type":"WebPage","@id":"https:\/\/sumkcaps.com\/product\/performance-golf-rope-hats\/","url":"https:\/\/sumkcaps.com\/product\/performance-golf-rope-hats\/","name":"China Chap\u00e9us e bon\u00e9s de corda de desempenho Fabricante | Sumkcaps","isPartOf":{"@id":"https:\/\/sumkcaps.com\/#website"},"primaryImageOfPage":{"@id":"https:\/\/sumkcaps.com\/product\/performance-golf-rope-hats\/#primaryimage"},"image":{"@id":"https:\/\/sumkcaps.com\/product\/performance-golf-rope-hats\/#primaryimage"},"thumbnailUrl":"https:\/\/sumkcaps.com\/wp-content\/uploads\/2023\/08\/golf-rope-hats-with-laser-holes.jpg","datePublished":"2024-05-07T06:01:58+00:00","dateModified":"2025-08-05T07:46:11+00:00","description":"A Sumkcaps \u00e9 um dos principais fabricantes de chap\u00e9us de qualidade superior. M\u00ednimo de 200 pe\u00e7as. F\u00e1brica com certifica\u00e7\u00e3o BSCI. Pre\u00e7os competitivos. OEM e ODM dispon\u00edveis.","breadcrumb":{"@id":"https:\/\/sumkcaps.com\/product\/performance-golf-rope-hats\/#breadcrumb"},"inLanguage":"pt-PT","potentialAction":[{"@type":"ReadAction","target":["https:\/\/sumkcaps.com\/product\/performance-golf-rope-hats\/"]}]},{"@type":"ImageObject","inLanguage":"pt-PT","@id":"https:\/\/sumkcaps.com\/product\/performance-golf-rope-hats\/#primaryimage","url":"https:\/\/sumkcaps.com\/wp-content\/uploads\/2023\/08\/golf-rope-hats-with-laser-holes.jpg","contentUrl":"https:\/\/sumkcaps.com\/wp-content\/uploads\/2023\/08\/golf-rope-hats-with-laser-holes.jpg","width":750,"height":750,"caption":"Golf Rope Hats With Laser Holes"},{"@type":"BreadcrumbList","@id":"https:\/\/sumkcaps.com\/product\/performance-golf-rope-hats\/#breadcrumb","itemListElement":[{"@type":"ListItem","position":1,"name":"Home","item":"https:\/\/sumkcaps.com\/"},{"@type":"ListItem","position":2,"name":"Products","item":"https:\/\/sumkcaps.com\/product\/"},{"@type":"ListItem","position":3,"name":"Performance Golf Rope Hats"}]},{"@type":"WebSite","@id":"https:\/\/sumkcaps.com\/#website","url":"https:\/\/sumkcaps.com\/","name":"Sumkcaps-China Original Headwear Fabricante e fornecedores","description":"Somos a F\u00e1brica Original de Bon\u00e9s e Chap\u00e9us da China, cujo principal neg\u00f3cio \u00e9 personalizar bon\u00e9s e chap\u00e9us de acordo com o LOGOTIPO do cliente. Qualquer estilo de bon\u00e9, qualquer cor de bon\u00e9, qualquer quantidade, qualquer material e quantidade n\u00e3o \u00e9 problema. Por outras palavras, todos os pequenos detalhes podem ser personalizados a seu pedido.","publisher":{"@id":"https:\/\/sumkcaps.com\/#organization"},"potentialAction":[{"@type":"SearchAction","target":{"@type":"EntryPoint","urlTemplate":"https:\/\/sumkcaps.com\/?s={search_term_string}"},"query-input":{"@type":"PropertyValueSpecification","valueRequired":true,"valueName":"search_term_string"}}],"inLanguage":"pt-PT"},{"@type":"Organization","@id":"https:\/\/sumkcaps.com\/#organization","name":"Sumkcaps-China Original Headwear Fabricante e fornecedores","url":"https:\/\/sumkcaps.com\/","logo":{"@type":"ImageObject","inLanguage":"pt-PT","@id":"https:\/\/sumkcaps.com\/#\/schema\/logo\/image\/","url":"https:\/\/sumkcaps.com\/wp-content\/uploads\/2025\/12\/1234.jpg","contentUrl":"https:\/\/sumkcaps.com\/wp-content\/uploads\/2025\/12\/1234.jpg","width":800,"height":800,"caption":"Sumkcaps-China Original Headwear Manufacturer and Suppliers"},"image":{"@id":"https:\/\/sumkcaps.com\/#\/schema\/logo\/image\/"},"sameAs":["https:\/\/www.facebook.com\/sumkcap","https:\/\/www.instagram.com\/sumkcaps7\/","https:\/\/www.pinterest.com\/sumkcapschina\/"]}]}},"taxonomy_info":{"product_cat":[{"value":751,"label":"Rope Hat Wholesale"},{"value":939,"label":"Hats With Rope On Bill Wholesale"}]},"featured_image_src_large":["https:\/\/sumkcaps.com\/wp-content\/uploads\/2023\/08\/golf-rope-hats-with-laser-holes.jpg",750,750,false],"author_info":[],"comment_info":"","_links":{"self":[{"href":"https:\/\/sumkcaps.com\/pt\/wp-json\/wp\/v2\/product\/23745","targetHints":{"allow":["GET"]}}],"collection":[{"href":"https:\/\/sumkcaps.com\/pt\/wp-json\/wp\/v2\/product"}],"about":[{"href":"https:\/\/sumkcaps.com\/pt\/wp-json\/wp\/v2\/types\/product"}],"wp:featuredmedia":[{"embeddable":true,"href":"https:\/\/sumkcaps.com\/pt\/wp-json\/wp\/v2\/media\/23801"}],"wp:attachment":[{"href":"https:\/\/sumkcaps.com\/pt\/wp-json\/wp\/v2\/media?parent=23745"}],"wp:term":[{"taxonomy":"product_brand","embeddable":true,"href":"https:\/\/sumkcaps.com\/pt\/wp-json\/wp\/v2\/product_brand?post=23745"},{"taxonomy":"product_cat","embeddable":true,"href":"https:\/\/sumkcaps.com\/pt\/wp-json\/wp\/v2\/product_cat?post=23745"},{"taxonomy":"product_tag","embeddable":true,"href":"https:\/\/sumkcaps.com\/pt\/wp-json\/wp\/v2\/product_tag?post=23745"}],"curies":[{"name":"wp","href":"https:\/\/api.w.org\/{rel}","templated":true}]}}