{"id":20162,"date":"2022-11-14T15:11:04","date_gmt":"2022-11-14T07:11:04","guid":{"rendered":"https:\/\/sumkcaps.com\/?post_type=product&#038;p=20162"},"modified":"2026-01-21T11:02:02","modified_gmt":"2026-01-21T03:02:02","slug":"sufox-231317-custom-seven-panel-embroidery-gray-snapback-cap","status":"publish","type":"product","link":"https:\/\/sumkcaps.com\/pt\/produto\/sufox-231317-bone-snapback-cinzento-bordado-com-sete-paineis-personalizado\/","title":{"rendered":"Bon\u00e9 personalizado com sete pain\u00e9is bordados em cinzento Snapback Cap Wholesale"},"content":{"rendered":"<h3 data-start=\"159\" data-end=\"419\"><strong data-start=\"159\" data-end=\"173\">Decora\u00e7\u00e3o<\/strong><\/h3>\n<p data-start=\"159\" data-end=\"419\">Este bon\u00e9 snapback de sete pain\u00e9is apresenta bordados planos personalizados, proporcionando um aspeto limpo e preciso do log\u00f3tipo com um acabamento suave. Os desenhos de bordados podem ser personalizados em termos de tamanho, cor da linha e coloca\u00e7\u00e3o para se adequarem a diferentes requisitos de marca.<\/p>\n<h3 data-start=\"421\" data-end=\"616\"><strong data-start=\"421\" data-end=\"433\">Material<\/strong><\/h3>\n<p data-start=\"421\" data-end=\"616\">Fabricado em tecido de poli\u00e9ster dur\u00e1vel, o bon\u00e9 oferece um conforto leve, boa reten\u00e7\u00e3o da forma e resist\u00eancia \u00e0s rugas. O material \u00e9 adequado para utiliza\u00e7\u00e3o di\u00e1ria e a longo prazo.<\/p>\n<h3 data-start=\"618\" data-end=\"814\"><strong data-start=\"618\" data-end=\"627\">Cor<\/strong><\/h3>\n<p data-start=\"618\" data-end=\"814\">Dispon\u00edvel em op\u00e7\u00f5es de cores personalizadas, incluindo o cinzento cl\u00e1ssico. As cores podem ser adaptadas para corresponder \u00e0 identidade da marca, \u00e0s colec\u00e7\u00f5es sazonais ou \u00e0s necessidades promocionais com uma qualidade de cor consistente.<\/p>\n<h3 data-start=\"816\" data-end=\"996\"><strong data-start=\"816\" data-end=\"830\">Ajuste e tamanho<\/strong><\/h3>\n<p data-start=\"816\" data-end=\"996\">Concebido como OSFM (7 - 7 3\/4), este bon\u00e9 snapback adapta-se confortavelmente \u00e0 maioria dos tamanhos de cabe\u00e7a. O fecho de mola ajust\u00e1vel permite um ajuste f\u00e1cil do tamanho e garante um ajuste seguro.<\/p>\n<h3 data-start=\"998\" data-end=\"1173\"><strong data-start=\"998\" data-end=\"1007\">Viseira<\/strong><\/h3>\n<p data-start=\"998\" data-end=\"1173\">Equipado com uma viseira de aba plana, proporciona um visual streetwear moderno, ao mesmo tempo que oferece uma prote\u00e7\u00e3o solar eficaz. A aba plana mant\u00e9m a sua estrutura e forma limpa.<\/p>\n<h3 data-start=\"1175\" data-end=\"1351\"><strong data-start=\"1175\" data-end=\"1186\">Servi\u00e7o<\/strong><\/h3>\n<p data-start=\"1175\" data-end=\"1351\">Suporta servi\u00e7os OEM e ODM, oferecendo personaliza\u00e7\u00e3o total desde o desenvolvimento do design at\u00e9 \u00e0 produ\u00e7\u00e3o em massa. Adequado para marcas, grossistas e projectos promocionais.<\/p>\n<h3 data-start=\"1353\" data-end=\"1523\"><strong data-start=\"1353\" data-end=\"1372\">Tempo de resposta<\/strong><\/h3>\n<p data-start=\"1353\" data-end=\"1523\" data-is-last-node=\"\" data-is-only-node=\"\">A produ\u00e7\u00e3o de amostras requer aproximadamente 7-9 dias \u00fateis, enquanto a produ\u00e7\u00e3o em massa demora 18-22 dias \u00fateis, garantindo uma entrega eficiente e fi\u00e1vel.<\/p>","protected":false},"excerpt":{"rendered":"<p>O bon\u00e9 Snapback personalizado com bordado de sete pain\u00e9is cinzento \u00e9 fabricado em poli\u00e9ster dur\u00e1vel com um design estruturado de sete pain\u00e9is para uma silhueta moderna e simples. Com bordados planos personalizados, proporciona um acabamento suave e profissional do log\u00f3tipo, ideal para marcas e promo\u00e7\u00f5es. A pala plana confere um estilo streetwear contempor\u00e2neo, enquanto o fecho de encaixe OSFM proporciona um ajuste confort\u00e1vel e ajust\u00e1vel. Com total apoio OEM e ODM, este bon\u00e9 \u00e9 adequado para projectos personalizados, encomendas por grosso e necessidades de produ\u00e7\u00e3o r\u00e1pida.<\/p>","protected":false},"featured_media":20163,"template":"","meta":{"_acf_changed":false,"_kad_blocks_custom_css":"","_kad_blocks_head_custom_js":"","_kad_blocks_body_custom_js":"","_kad_blocks_footer_custom_js":""},"product_brand":[],"product_cat":[42],"product_tag":[],"class_list":{"0":"post-20162","1":"product","2":"type-product","3":"status-publish","4":"has-post-thumbnail","6":"product_cat-snapback-cap","8":"first","9":"outofstock","10":"shipping-taxable","11":"product-type-simple"},"acf":[],"yoast_head":"<!-- This site is optimized with the Yoast SEO Premium plugin v20.8 (Yoast SEO v25.9) - https:\/\/yoast.com\/wordpress\/plugins\/seo\/ -->\n<title>Custom 7 Panel Embroidery Snapback Cap | China Manufactuer<\/title>\n<meta name=\"description\" content=\"High Quality Cap Head Wear With Professional Custom Design Service Available. Our Snapbacks Come in a Variety of Styles &amp; Colors From All The Top Brands.\" \/>\n<meta name=\"robots\" content=\"index, follow, max-snippet:-1, max-image-preview:large, max-video-preview:-1\" \/>\n<link rel=\"canonical\" href=\"https:\/\/sumkcaps.com\/pt\/produto\/sufox-231317-bone-snapback-cinzento-bordado-com-sete-paineis-personalizado\/\" \/>\n<meta property=\"og:locale\" content=\"pt_PT\" \/>\n<meta property=\"og:type\" content=\"article\" \/>\n<meta property=\"og:title\" content=\"Custom Seven Panel Embroidery Gray Snapback Cap Wholesale - Sumkcaps\" \/>\n<meta property=\"og:description\" content=\"High Quality Cap Head Wear With Professional Custom Design Service Available. Our Snapbacks Come in a Variety of Styles &amp; Colors From All The Top Brands.\" \/>\n<meta property=\"og:url\" content=\"https:\/\/sumkcaps.com\/pt\/produto\/sufox-231317-bone-snapback-cinzento-bordado-com-sete-paineis-personalizado\/\" \/>\n<meta property=\"og:site_name\" content=\"Sumkcaps-China Original Headwear Manufacturer and Suppliers\" \/>\n<meta property=\"article:publisher\" content=\"https:\/\/www.facebook.com\/sumkcap\" \/>\n<meta property=\"article:modified_time\" content=\"2026-01-21T03:02:02+00:00\" \/>\n<meta property=\"og:image\" content=\"https:\/\/sumkcaps.com\/wp-content\/uploads\/2022\/11\/7_panel_embroidery_gray_snapback_cap-1.jpg\" \/>\n\t<meta property=\"og:image:width\" content=\"1000\" \/>\n\t<meta property=\"og:image:height\" content=\"1000\" \/>\n\t<meta property=\"og:image:type\" content=\"image\/jpeg\" \/>\n<meta name=\"twitter:card\" content=\"summary_large_image\" \/>\n<meta name=\"twitter:label1\" content=\"Tempo estimado de leitura\" \/>\n\t<meta name=\"twitter:data1\" content=\"2 minutos\" \/>\n<script type=\"application\/ld+json\" class=\"yoast-schema-graph\">{\"@context\":\"https:\/\/schema.org\",\"@graph\":[{\"@type\":\"WebPage\",\"@id\":\"https:\/\/sumkcaps.com\/product\/sufox-231317-custom-seven-panel-embroidery-gray-snapback-cap\/\",\"url\":\"https:\/\/sumkcaps.com\/product\/sufox-231317-custom-seven-panel-embroidery-gray-snapback-cap\/\",\"name\":\"Custom 7 Panel Embroidery Snapback Cap | China Manufactuer\",\"isPartOf\":{\"@id\":\"https:\/\/sumkcaps.com\/#website\"},\"primaryImageOfPage\":{\"@id\":\"https:\/\/sumkcaps.com\/product\/sufox-231317-custom-seven-panel-embroidery-gray-snapback-cap\/#primaryimage\"},\"image\":{\"@id\":\"https:\/\/sumkcaps.com\/product\/sufox-231317-custom-seven-panel-embroidery-gray-snapback-cap\/#primaryimage\"},\"thumbnailUrl\":\"https:\/\/sumkcaps.com\/wp-content\/uploads\/2022\/11\/7_panel_embroidery_gray_snapback_cap-1.jpg\",\"datePublished\":\"2022-11-14T07:11:04+00:00\",\"dateModified\":\"2026-01-21T03:02:02+00:00\",\"description\":\"High Quality Cap Head Wear With Professional Custom Design Service Available. Our Snapbacks Come in a Variety of Styles & Colors From All The Top Brands.\",\"breadcrumb\":{\"@id\":\"https:\/\/sumkcaps.com\/product\/sufox-231317-custom-seven-panel-embroidery-gray-snapback-cap\/#breadcrumb\"},\"inLanguage\":\"pt-PT\",\"potentialAction\":[{\"@type\":\"ReadAction\",\"target\":[\"https:\/\/sumkcaps.com\/product\/sufox-231317-custom-seven-panel-embroidery-gray-snapback-cap\/\"]}]},{\"@type\":\"ImageObject\",\"inLanguage\":\"pt-PT\",\"@id\":\"https:\/\/sumkcaps.com\/product\/sufox-231317-custom-seven-panel-embroidery-gray-snapback-cap\/#primaryimage\",\"url\":\"https:\/\/sumkcaps.com\/wp-content\/uploads\/2022\/11\/7_panel_embroidery_gray_snapback_cap-1.jpg\",\"contentUrl\":\"https:\/\/sumkcaps.com\/wp-content\/uploads\/2022\/11\/7_panel_embroidery_gray_snapback_cap-1.jpg\",\"width\":1000,\"height\":1000},{\"@type\":\"BreadcrumbList\",\"@id\":\"https:\/\/sumkcaps.com\/product\/sufox-231317-custom-seven-panel-embroidery-gray-snapback-cap\/#breadcrumb\",\"itemListElement\":[{\"@type\":\"ListItem\",\"position\":1,\"name\":\"Home\",\"item\":\"https:\/\/sumkcaps.com\/\"},{\"@type\":\"ListItem\",\"position\":2,\"name\":\"Products\",\"item\":\"https:\/\/sumkcaps.com\/product\/\"},{\"@type\":\"ListItem\",\"position\":3,\"name\":\"Custom Seven Panel Embroidery Gray Snapback Cap Wholesale\"}]},{\"@type\":\"WebSite\",\"@id\":\"https:\/\/sumkcaps.com\/#website\",\"url\":\"https:\/\/sumkcaps.com\/\",\"name\":\"Sumkcaps-China Original Headwear Manufacturer and Suppliers\",\"description\":\"We are China Cap And Hat Original Factory, whose main business is to custom cap and hat as client&#039;s LOGO. Any cap style, any cap color, any qty, any material and qty is no problem. In one words, any small details can be customized as your request.\",\"publisher\":{\"@id\":\"https:\/\/sumkcaps.com\/#organization\"},\"potentialAction\":[{\"@type\":\"SearchAction\",\"target\":{\"@type\":\"EntryPoint\",\"urlTemplate\":\"https:\/\/sumkcaps.com\/?s={search_term_string}\"},\"query-input\":{\"@type\":\"PropertyValueSpecification\",\"valueRequired\":true,\"valueName\":\"search_term_string\"}}],\"inLanguage\":\"pt-PT\"},{\"@type\":\"Organization\",\"@id\":\"https:\/\/sumkcaps.com\/#organization\",\"name\":\"Sumkcaps-China Original Headwear Manufacturer and Suppliers\",\"url\":\"https:\/\/sumkcaps.com\/\",\"logo\":{\"@type\":\"ImageObject\",\"inLanguage\":\"pt-PT\",\"@id\":\"https:\/\/sumkcaps.com\/#\/schema\/logo\/image\/\",\"url\":\"https:\/\/sumkcaps.com\/wp-content\/uploads\/2025\/12\/1234.jpg\",\"contentUrl\":\"https:\/\/sumkcaps.com\/wp-content\/uploads\/2025\/12\/1234.jpg\",\"width\":800,\"height\":800,\"caption\":\"Sumkcaps-China Original Headwear Manufacturer and Suppliers\"},\"image\":{\"@id\":\"https:\/\/sumkcaps.com\/#\/schema\/logo\/image\/\"},\"sameAs\":[\"https:\/\/www.facebook.com\/sumkcap\",\"https:\/\/www.instagram.com\/sumkcaps7\/\",\"https:\/\/www.pinterest.com\/sumkcapschina\/\"]}]}<\/script>\n<!-- \/ Yoast SEO Premium plugin. -->","yoast_head_json":{"title":"Bon\u00e9 personalizado com bordado de 7 pain\u00e9is e bon\u00e9 Snapback | Fabricante da China","description":"Alta qualidade Cap Head Wear com servi\u00e7o profissional de design personalizado dispon\u00edvel. Os nossos Snapbacks est\u00e3o dispon\u00edveis numa variedade de estilos e cores de todas as marcas de topo.","robots":{"index":"index","follow":"follow","max-snippet":"max-snippet:-1","max-image-preview":"max-image-preview:large","max-video-preview":"max-video-preview:-1"},"canonical":"https:\/\/sumkcaps.com\/pt\/produto\/sufox-231317-bone-snapback-cinzento-bordado-com-sete-paineis-personalizado\/","og_locale":"pt_PT","og_type":"article","og_title":"Custom Seven Panel Embroidery Gray Snapback Cap Wholesale - Sumkcaps","og_description":"High Quality Cap Head Wear With Professional Custom Design Service Available. Our Snapbacks Come in a Variety of Styles & Colors From All The Top Brands.","og_url":"https:\/\/sumkcaps.com\/pt\/produto\/sufox-231317-bone-snapback-cinzento-bordado-com-sete-paineis-personalizado\/","og_site_name":"Sumkcaps-China Original Headwear Manufacturer and Suppliers","article_publisher":"https:\/\/www.facebook.com\/sumkcap","article_modified_time":"2026-01-21T03:02:02+00:00","og_image":[{"width":1000,"height":1000,"url":"https:\/\/sumkcaps.com\/wp-content\/uploads\/2022\/11\/7_panel_embroidery_gray_snapback_cap-1.jpg","type":"image\/jpeg"}],"twitter_card":"summary_large_image","twitter_misc":{"Tempo estimado de leitura":"2 minutos"},"schema":{"@context":"https:\/\/schema.org","@graph":[{"@type":"WebPage","@id":"https:\/\/sumkcaps.com\/product\/sufox-231317-custom-seven-panel-embroidery-gray-snapback-cap\/","url":"https:\/\/sumkcaps.com\/product\/sufox-231317-custom-seven-panel-embroidery-gray-snapback-cap\/","name":"Bon\u00e9 personalizado com bordado de 7 pain\u00e9is e bon\u00e9 Snapback | Fabricante da China","isPartOf":{"@id":"https:\/\/sumkcaps.com\/#website"},"primaryImageOfPage":{"@id":"https:\/\/sumkcaps.com\/product\/sufox-231317-custom-seven-panel-embroidery-gray-snapback-cap\/#primaryimage"},"image":{"@id":"https:\/\/sumkcaps.com\/product\/sufox-231317-custom-seven-panel-embroidery-gray-snapback-cap\/#primaryimage"},"thumbnailUrl":"https:\/\/sumkcaps.com\/wp-content\/uploads\/2022\/11\/7_panel_embroidery_gray_snapback_cap-1.jpg","datePublished":"2022-11-14T07:11:04+00:00","dateModified":"2026-01-21T03:02:02+00:00","description":"Alta qualidade Cap Head Wear com servi\u00e7o profissional de design personalizado dispon\u00edvel. Os nossos Snapbacks est\u00e3o dispon\u00edveis numa variedade de estilos e cores de todas as marcas de topo.","breadcrumb":{"@id":"https:\/\/sumkcaps.com\/product\/sufox-231317-custom-seven-panel-embroidery-gray-snapback-cap\/#breadcrumb"},"inLanguage":"pt-PT","potentialAction":[{"@type":"ReadAction","target":["https:\/\/sumkcaps.com\/product\/sufox-231317-custom-seven-panel-embroidery-gray-snapback-cap\/"]}]},{"@type":"ImageObject","inLanguage":"pt-PT","@id":"https:\/\/sumkcaps.com\/product\/sufox-231317-custom-seven-panel-embroidery-gray-snapback-cap\/#primaryimage","url":"https:\/\/sumkcaps.com\/wp-content\/uploads\/2022\/11\/7_panel_embroidery_gray_snapback_cap-1.jpg","contentUrl":"https:\/\/sumkcaps.com\/wp-content\/uploads\/2022\/11\/7_panel_embroidery_gray_snapback_cap-1.jpg","width":1000,"height":1000},{"@type":"BreadcrumbList","@id":"https:\/\/sumkcaps.com\/product\/sufox-231317-custom-seven-panel-embroidery-gray-snapback-cap\/#breadcrumb","itemListElement":[{"@type":"ListItem","position":1,"name":"Home","item":"https:\/\/sumkcaps.com\/"},{"@type":"ListItem","position":2,"name":"Products","item":"https:\/\/sumkcaps.com\/product\/"},{"@type":"ListItem","position":3,"name":"Custom Seven Panel Embroidery Gray Snapback Cap Wholesale"}]},{"@type":"WebSite","@id":"https:\/\/sumkcaps.com\/#website","url":"https:\/\/sumkcaps.com\/","name":"Sumkcaps-China Original Headwear Fabricante e fornecedores","description":"Somos a F\u00e1brica Original de Bon\u00e9s e Chap\u00e9us da China, cujo principal neg\u00f3cio \u00e9 personalizar bon\u00e9s e chap\u00e9us de acordo com o LOGOTIPO do cliente. Qualquer estilo de bon\u00e9, qualquer cor de bon\u00e9, qualquer quantidade, qualquer material e quantidade n\u00e3o \u00e9 problema. Por outras palavras, todos os pequenos detalhes podem ser personalizados a seu pedido.","publisher":{"@id":"https:\/\/sumkcaps.com\/#organization"},"potentialAction":[{"@type":"SearchAction","target":{"@type":"EntryPoint","urlTemplate":"https:\/\/sumkcaps.com\/?s={search_term_string}"},"query-input":{"@type":"PropertyValueSpecification","valueRequired":true,"valueName":"search_term_string"}}],"inLanguage":"pt-PT"},{"@type":"Organization","@id":"https:\/\/sumkcaps.com\/#organization","name":"Sumkcaps-China Original Headwear Fabricante e fornecedores","url":"https:\/\/sumkcaps.com\/","logo":{"@type":"ImageObject","inLanguage":"pt-PT","@id":"https:\/\/sumkcaps.com\/#\/schema\/logo\/image\/","url":"https:\/\/sumkcaps.com\/wp-content\/uploads\/2025\/12\/1234.jpg","contentUrl":"https:\/\/sumkcaps.com\/wp-content\/uploads\/2025\/12\/1234.jpg","width":800,"height":800,"caption":"Sumkcaps-China Original Headwear Manufacturer and Suppliers"},"image":{"@id":"https:\/\/sumkcaps.com\/#\/schema\/logo\/image\/"},"sameAs":["https:\/\/www.facebook.com\/sumkcap","https:\/\/www.instagram.com\/sumkcaps7\/","https:\/\/www.pinterest.com\/sumkcapschina\/"]}]}},"taxonomy_info":{"product_cat":[{"value":42,"label":"Snapback Hats Wholesale"}]},"featured_image_src_large":["https:\/\/sumkcaps.com\/wp-content\/uploads\/2022\/11\/7_panel_embroidery_gray_snapback_cap-1.jpg",800,800,false],"author_info":[],"comment_info":"","_links":{"self":[{"href":"https:\/\/sumkcaps.com\/pt\/wp-json\/wp\/v2\/product\/20162","targetHints":{"allow":["GET"]}}],"collection":[{"href":"https:\/\/sumkcaps.com\/pt\/wp-json\/wp\/v2\/product"}],"about":[{"href":"https:\/\/sumkcaps.com\/pt\/wp-json\/wp\/v2\/types\/product"}],"wp:featuredmedia":[{"embeddable":true,"href":"https:\/\/sumkcaps.com\/pt\/wp-json\/wp\/v2\/media\/20163"}],"wp:attachment":[{"href":"https:\/\/sumkcaps.com\/pt\/wp-json\/wp\/v2\/media?parent=20162"}],"wp:term":[{"taxonomy":"product_brand","embeddable":true,"href":"https:\/\/sumkcaps.com\/pt\/wp-json\/wp\/v2\/product_brand?post=20162"},{"taxonomy":"product_cat","embeddable":true,"href":"https:\/\/sumkcaps.com\/pt\/wp-json\/wp\/v2\/product_cat?post=20162"},{"taxonomy":"product_tag","embeddable":true,"href":"https:\/\/sumkcaps.com\/pt\/wp-json\/wp\/v2\/product_tag?post=20162"}],"curies":[{"name":"wp","href":"https:\/\/api.w.org\/{rel}","templated":true}]}}