{"id":19685,"date":"2022-11-10T14:56:01","date_gmt":"2022-11-10T06:56:01","guid":{"rendered":"https:\/\/sumkcaps.com\/?post_type=product&#038;p=19685"},"modified":"2025-07-30T14:57:01","modified_gmt":"2025-07-30T06:57:01","slug":"sufox-231255-custom-five-panel-3d-embroidery-trucker-hat","status":"publish","type":"product","link":"https:\/\/sumkcaps.com\/pt\/produto\/sufox-231255-chapeu-de-camionista-personalizado-com-cinco-paineis-bordados-a-3d\/","title":{"rendered":"Chap\u00e9u de camionista personalizado com bordado 3D de cinco pain\u00e9is por atacado"},"content":{"rendered":"<p>O bon\u00e9 Trucker Custom Five Panel 3D Embroidery simboliza o estilo moderno com o seu design elegante. O intrincado bordado 3D acrescenta um toque de sofistica\u00e7\u00e3o, tornando-o num acess\u00f3rio de destaque para qualquer roupa. Fabricado com materiais de alta qualidade, este chap\u00e9u garante durabilidade e um ajuste confort\u00e1vel para uma utiliza\u00e7\u00e3o duradoura. Um ajuste regul\u00e1vel permite um dimensionamento personalizado, garantindo um conforto \u00f3timo para todas as formas e tamanhos de cabe\u00e7a. Dispon\u00edvel em v\u00e1rias cores, este chap\u00e9u oferece algo para todos.<\/p>\n<h3 data-start=\"86\" data-end=\"123\"><strong data-start=\"93\" data-end=\"123\">Personaliza\u00e7\u00e3o e decora\u00e7\u00e3o<\/strong><\/h3>\n<ul data-start=\"124\" data-end=\"384\">\n<li data-start=\"124\" data-end=\"203\">\n<p data-start=\"126\" data-end=\"203\"><strong data-start=\"126\" data-end=\"148\">Op\u00e7\u00f5es de decora\u00e7\u00e3o<\/strong>: Bordados 3D, desenhos totalmente personaliz\u00e1veis dispon\u00edveis<\/p>\n<\/li>\n<li data-start=\"204\" data-end=\"285\">\n<p data-start=\"206\" data-end=\"285\"><strong data-start=\"206\" data-end=\"227\">Servi\u00e7o OEM e ODM<\/strong>: Suporte completo para etiquetas privadas e personaliza\u00e7\u00e3o de marcas<\/p>\n<\/li>\n<li data-start=\"286\" data-end=\"384\">\n<p data-start=\"288\" data-end=\"384\"><strong data-start=\"288\" data-end=\"305\">Op\u00e7\u00f5es de cores<\/strong>: Dispon\u00edvel em preto cl\u00e1ssico ou totalmente personalizado para corresponder \u00e0 identidade da sua marca<\/p>\n<\/li>\n<\/ul>\n<h3 data-start=\"391\" data-end=\"425\"><strong data-start=\"398\" data-end=\"425\">Material e constru\u00e7\u00e3o<\/strong><\/h3>\n<ul data-start=\"426\" data-end=\"663\">\n<li data-start=\"426\" data-end=\"525\">\n<p data-start=\"428\" data-end=\"525\"><strong data-start=\"428\" data-end=\"440\">Material<\/strong>: Pain\u00e9is frontais em algod\u00e3o dur\u00e1vel com costas em malha respir\u00e1vel para maior conforto e ventila\u00e7\u00e3o<\/p>\n<\/li>\n<li data-start=\"526\" data-end=\"595\">\n<p data-start=\"528\" data-end=\"595\"><strong data-start=\"528\" data-end=\"541\">Estrutura<\/strong>: Constru\u00e7\u00e3o com 5 pain\u00e9is que oferece um aspeto elegante e moderno<\/p>\n<\/li>\n<li data-start=\"596\" data-end=\"663\">\n<p data-start=\"598\" data-end=\"663\"><strong data-start=\"598\" data-end=\"607\">Viseira<\/strong>: Aba pr\u00e9-curvada para um ajuste cl\u00e1ssico e prote\u00e7\u00e3o solar<\/p>\n<\/li>\n<\/ul>\n<h3 data-start=\"670\" data-end=\"693\"><strong data-start=\"677\" data-end=\"693\">Ajuste e tamanho<\/strong><\/h3>\n<ul data-start=\"694\" data-end=\"837\">\n<li data-start=\"694\" data-end=\"767\">\n<p data-start=\"696\" data-end=\"767\"><strong data-start=\"696\" data-end=\"703\">Em forma<\/strong>: Tamanho \u00fanico (OSFM), adequado para tamanhos de cabe\u00e7a 7 - 7 3\/4<\/p>\n<\/li>\n<li data-start=\"768\" data-end=\"837\">\n<p data-start=\"770\" data-end=\"837\"><strong data-start=\"770\" data-end=\"781\">Encerramento<\/strong>: Correia ajust\u00e1vel para um tamanho flex\u00edvel e uma utiliza\u00e7\u00e3o segura<\/p>\n<\/li>\n<\/ul>\n<h3 data-start=\"844\" data-end=\"871\"><strong data-start=\"851\" data-end=\"871\">MOQ e produ\u00e7\u00e3o<\/strong><\/h3>\n<ul data-start=\"872\" data-end=\"1060\">\n<li data-start=\"872\" data-end=\"963\">\n<p data-start=\"874\" data-end=\"963\"><strong data-start=\"874\" data-end=\"881\">MOQ<\/strong>: 200 unidades por desenho e por cor - ideal para marcas em crescimento e projectos personalizados<\/p>\n<\/li>\n<li data-start=\"964\" data-end=\"1060\">\n<p data-start=\"966\" data-end=\"1060\"><strong data-start=\"966\" data-end=\"985\">Tipo de produ\u00e7\u00e3o<\/strong>: Apoio a encomendas em massa com tempos de resposta r\u00e1pidos e cumprimento escal\u00e1vel<\/p>\n<\/li>\n<\/ul>\n<p>Delicie-se com a personaliza\u00e7\u00e3o com o <strong>Chap\u00e9u de camionista personalizado com bordado 3D de cinco pain\u00e9is<\/strong>O seu modelo de roupa \u00e9 um modelo de roupa de marca, feito \u00e0 medida da identidade da sua marca. Perfeitos para qualquer cen\u00e1rio aplic\u00e1vel, quer se trate de vestu\u00e1rio casual ou de eventos promocionais. Os ilh\u00f3s estrategicamente colocados proporcionam uma excelente ventila\u00e7\u00e3o, mantendo a sua cabe\u00e7a fresca e confort\u00e1vel. A aba robusta oferece uma ampla prote\u00e7\u00e3o solar, tornando-o uma escolha pr\u00e1tica para actividades ao ar livre.<\/p>\n<p><strong>Sumkcaps, com 20 anos de experi\u00eancia<\/strong>A nossa gama de produtos, que oferece uma qualidade de topo com um baixo MOQ, proporciona-lhe o melhor valor para o seu investimento. Descubra porque \u00e9 que as empresas de todo o mundo confiam em n\u00f3s para as suas necessidades de chapelaria. Contacte-nos hoje para fazer a sua encomenda por grosso!<\/p>","protected":false},"excerpt":{"rendered":"<p>Sumkcaps 231255 Custom Five Panel 3D Embroidery Trucker Hat \u00e9 um dos estilos populares de bon\u00e9, leve e respir\u00e1vel. Chap\u00e9u perfeito para a sua pequena empresa, equipa desportiva, evento especial e muito mais. Mude seu pr\u00f3prio logotipo facilmente. Descubra o nosso chap\u00e9u de camionista personalizado com bordado 3D de cinco pain\u00e9is. Concebido na perfei\u00e7\u00e3o para proporcionar conforto e estilo. Materiais de alta qualidade e ajuste ajust\u00e1vel. Encomende j\u00e1 por grosso!<\/p>","protected":false},"featured_media":19686,"template":"","meta":{"_acf_changed":false,"_kad_blocks_custom_css":"","_kad_blocks_head_custom_js":"","_kad_blocks_body_custom_js":"","_kad_blocks_footer_custom_js":""},"product_brand":[],"product_cat":[693,942,943],"product_tag":[],"class_list":{"0":"post-19685","1":"product","2":"type-product","3":"status-publish","4":"has-post-thumbnail","6":"product_cat-hat","7":"product_cat-5-panel-trucker-hat","8":"product_cat-custom-embroidered-5-panel-hats","10":"first","11":"outofstock","12":"shipping-taxable","13":"product-type-simple"},"acf":[],"yoast_head":"<!-- This site is optimized with the Yoast SEO Premium plugin v20.8 (Yoast SEO v25.9) - https:\/\/yoast.com\/wordpress\/plugins\/seo\/ -->\n<title>Custom Five Panel 3D Embroidery Trucker Hat Wholesale<\/title>\n<meta name=\"description\" content=\"Discover our Custom 5 Panel 3D Embroidery Trucker Hat\u2014premium comfort, breathable mesh, and stylish fit. Perfect for branding. Order wholesale today!\" \/>\n<meta name=\"robots\" content=\"index, follow, max-snippet:-1, max-image-preview:large, max-video-preview:-1\" \/>\n<link rel=\"canonical\" href=\"https:\/\/sumkcaps.com\/pt\/produto\/sufox-231255-chapeu-de-camionista-personalizado-com-cinco-paineis-bordados-a-3d\/\" \/>\n<meta property=\"og:locale\" content=\"pt_PT\" \/>\n<meta property=\"og:type\" content=\"article\" \/>\n<meta property=\"og:title\" content=\"Custom Five Panel 3D Embroidery Trucker Hat Wholesale - Sumkcaps\" \/>\n<meta property=\"og:description\" content=\"Discover our Custom 5 Panel 3D Embroidery Trucker Hat\u2014premium comfort, breathable mesh, and stylish fit. Perfect for branding. Order wholesale today!\" \/>\n<meta property=\"og:url\" content=\"https:\/\/sumkcaps.com\/pt\/produto\/sufox-231255-chapeu-de-camionista-personalizado-com-cinco-paineis-bordados-a-3d\/\" \/>\n<meta property=\"og:site_name\" content=\"Sumkcaps-China Original Headwear Manufacturer and Suppliers\" \/>\n<meta property=\"article:publisher\" content=\"https:\/\/www.facebook.com\/sumkcap\" \/>\n<meta property=\"article:modified_time\" content=\"2025-07-30T06:57:01+00:00\" \/>\n<meta property=\"og:image\" content=\"https:\/\/sumkcaps.com\/wp-content\/uploads\/2022\/11\/5_panel_3d_embroidery_trucker_hat-1.jpg\" \/>\n\t<meta property=\"og:image:width\" content=\"1000\" \/>\n\t<meta property=\"og:image:height\" content=\"1000\" \/>\n\t<meta property=\"og:image:type\" content=\"image\/jpeg\" \/>\n<meta name=\"twitter:card\" content=\"summary_large_image\" \/>\n<meta name=\"twitter:label1\" content=\"Tempo estimado de leitura\" \/>\n\t<meta name=\"twitter:data1\" content=\"2 minutos\" \/>\n<script type=\"application\/ld+json\" class=\"yoast-schema-graph\">{\"@context\":\"https:\/\/schema.org\",\"@graph\":[{\"@type\":\"WebPage\",\"@id\":\"https:\/\/sumkcaps.com\/product\/sufox-231255-custom-five-panel-3d-embroidery-trucker-hat\/\",\"url\":\"https:\/\/sumkcaps.com\/product\/sufox-231255-custom-five-panel-3d-embroidery-trucker-hat\/\",\"name\":\"Custom Five Panel 3D Embroidery Trucker Hat Wholesale\",\"isPartOf\":{\"@id\":\"https:\/\/sumkcaps.com\/#website\"},\"primaryImageOfPage\":{\"@id\":\"https:\/\/sumkcaps.com\/product\/sufox-231255-custom-five-panel-3d-embroidery-trucker-hat\/#primaryimage\"},\"image\":{\"@id\":\"https:\/\/sumkcaps.com\/product\/sufox-231255-custom-five-panel-3d-embroidery-trucker-hat\/#primaryimage\"},\"thumbnailUrl\":\"https:\/\/sumkcaps.com\/wp-content\/uploads\/2022\/11\/5_panel_3d_embroidery_trucker_hat-1.jpg\",\"datePublished\":\"2022-11-10T06:56:01+00:00\",\"dateModified\":\"2025-07-30T06:57:01+00:00\",\"description\":\"Discover our Custom 5 Panel 3D Embroidery Trucker Hat\u2014premium comfort, breathable mesh, and stylish fit. Perfect for branding. Order wholesale today!\",\"breadcrumb\":{\"@id\":\"https:\/\/sumkcaps.com\/product\/sufox-231255-custom-five-panel-3d-embroidery-trucker-hat\/#breadcrumb\"},\"inLanguage\":\"pt-PT\",\"potentialAction\":[{\"@type\":\"ReadAction\",\"target\":[\"https:\/\/sumkcaps.com\/product\/sufox-231255-custom-five-panel-3d-embroidery-trucker-hat\/\"]}]},{\"@type\":\"ImageObject\",\"inLanguage\":\"pt-PT\",\"@id\":\"https:\/\/sumkcaps.com\/product\/sufox-231255-custom-five-panel-3d-embroidery-trucker-hat\/#primaryimage\",\"url\":\"https:\/\/sumkcaps.com\/wp-content\/uploads\/2022\/11\/5_panel_3d_embroidery_trucker_hat-1.jpg\",\"contentUrl\":\"https:\/\/sumkcaps.com\/wp-content\/uploads\/2022\/11\/5_panel_3d_embroidery_trucker_hat-1.jpg\",\"width\":1000,\"height\":1000,\"caption\":\"Custom Five Panel 3D Embroidery Trucker Hat Wholesale\"},{\"@type\":\"BreadcrumbList\",\"@id\":\"https:\/\/sumkcaps.com\/product\/sufox-231255-custom-five-panel-3d-embroidery-trucker-hat\/#breadcrumb\",\"itemListElement\":[{\"@type\":\"ListItem\",\"position\":1,\"name\":\"Home\",\"item\":\"https:\/\/sumkcaps.com\/\"},{\"@type\":\"ListItem\",\"position\":2,\"name\":\"Products\",\"item\":\"https:\/\/sumkcaps.com\/product\/\"},{\"@type\":\"ListItem\",\"position\":3,\"name\":\"Custom Five Panel 3D Embroidery Trucker Hat Wholesale\"}]},{\"@type\":\"WebSite\",\"@id\":\"https:\/\/sumkcaps.com\/#website\",\"url\":\"https:\/\/sumkcaps.com\/\",\"name\":\"Sumkcaps-China Original Headwear Manufacturer and Suppliers\",\"description\":\"We are China Cap And Hat Original Factory, whose main business is to custom cap and hat as client&#039;s LOGO. Any cap style, any cap color, any qty, any material and qty is no problem. In one words, any small details can be customized as your request.\",\"publisher\":{\"@id\":\"https:\/\/sumkcaps.com\/#organization\"},\"potentialAction\":[{\"@type\":\"SearchAction\",\"target\":{\"@type\":\"EntryPoint\",\"urlTemplate\":\"https:\/\/sumkcaps.com\/?s={search_term_string}\"},\"query-input\":{\"@type\":\"PropertyValueSpecification\",\"valueRequired\":true,\"valueName\":\"search_term_string\"}}],\"inLanguage\":\"pt-PT\"},{\"@type\":\"Organization\",\"@id\":\"https:\/\/sumkcaps.com\/#organization\",\"name\":\"Sumkcaps-China Original Headwear Manufacturer and Suppliers\",\"url\":\"https:\/\/sumkcaps.com\/\",\"logo\":{\"@type\":\"ImageObject\",\"inLanguage\":\"pt-PT\",\"@id\":\"https:\/\/sumkcaps.com\/#\/schema\/logo\/image\/\",\"url\":\"https:\/\/sumkcaps.com\/wp-content\/uploads\/2025\/12\/1234.jpg\",\"contentUrl\":\"https:\/\/sumkcaps.com\/wp-content\/uploads\/2025\/12\/1234.jpg\",\"width\":800,\"height\":800,\"caption\":\"Sumkcaps-China Original Headwear Manufacturer and Suppliers\"},\"image\":{\"@id\":\"https:\/\/sumkcaps.com\/#\/schema\/logo\/image\/\"},\"sameAs\":[\"https:\/\/www.facebook.com\/sumkcap\",\"https:\/\/www.instagram.com\/sumkcaps7\/\",\"https:\/\/www.pinterest.com\/sumkcapschina\/\"]}]}<\/script>\n<!-- \/ Yoast SEO Premium plugin. -->","yoast_head_json":{"title":"Chap\u00e9u de camionista personalizado com bordado 3D de cinco pain\u00e9is por atacado","description":"Descubra o nosso bon\u00e9 Trucker personalizado com bordado 3D de 5 pain\u00e9is - conforto de primeira qualidade, malha respir\u00e1vel e ajuste elegante. Perfeito para a sua marca. Encomende hoje por grosso!","robots":{"index":"index","follow":"follow","max-snippet":"max-snippet:-1","max-image-preview":"max-image-preview:large","max-video-preview":"max-video-preview:-1"},"canonical":"https:\/\/sumkcaps.com\/pt\/produto\/sufox-231255-chapeu-de-camionista-personalizado-com-cinco-paineis-bordados-a-3d\/","og_locale":"pt_PT","og_type":"article","og_title":"Custom Five Panel 3D Embroidery Trucker Hat Wholesale - Sumkcaps","og_description":"Discover our Custom 5 Panel 3D Embroidery Trucker Hat\u2014premium comfort, breathable mesh, and stylish fit. Perfect for branding. Order wholesale today!","og_url":"https:\/\/sumkcaps.com\/pt\/produto\/sufox-231255-chapeu-de-camionista-personalizado-com-cinco-paineis-bordados-a-3d\/","og_site_name":"Sumkcaps-China Original Headwear Manufacturer and Suppliers","article_publisher":"https:\/\/www.facebook.com\/sumkcap","article_modified_time":"2025-07-30T06:57:01+00:00","og_image":[{"width":1000,"height":1000,"url":"https:\/\/sumkcaps.com\/wp-content\/uploads\/2022\/11\/5_panel_3d_embroidery_trucker_hat-1.jpg","type":"image\/jpeg"}],"twitter_card":"summary_large_image","twitter_misc":{"Tempo estimado de leitura":"2 minutos"},"schema":{"@context":"https:\/\/schema.org","@graph":[{"@type":"WebPage","@id":"https:\/\/sumkcaps.com\/product\/sufox-231255-custom-five-panel-3d-embroidery-trucker-hat\/","url":"https:\/\/sumkcaps.com\/product\/sufox-231255-custom-five-panel-3d-embroidery-trucker-hat\/","name":"Chap\u00e9u de camionista personalizado com bordado 3D de cinco pain\u00e9is por atacado","isPartOf":{"@id":"https:\/\/sumkcaps.com\/#website"},"primaryImageOfPage":{"@id":"https:\/\/sumkcaps.com\/product\/sufox-231255-custom-five-panel-3d-embroidery-trucker-hat\/#primaryimage"},"image":{"@id":"https:\/\/sumkcaps.com\/product\/sufox-231255-custom-five-panel-3d-embroidery-trucker-hat\/#primaryimage"},"thumbnailUrl":"https:\/\/sumkcaps.com\/wp-content\/uploads\/2022\/11\/5_panel_3d_embroidery_trucker_hat-1.jpg","datePublished":"2022-11-10T06:56:01+00:00","dateModified":"2025-07-30T06:57:01+00:00","description":"Descubra o nosso bon\u00e9 Trucker personalizado com bordado 3D de 5 pain\u00e9is - conforto de primeira qualidade, malha respir\u00e1vel e ajuste elegante. Perfeito para a sua marca. Encomende hoje por grosso!","breadcrumb":{"@id":"https:\/\/sumkcaps.com\/product\/sufox-231255-custom-five-panel-3d-embroidery-trucker-hat\/#breadcrumb"},"inLanguage":"pt-PT","potentialAction":[{"@type":"ReadAction","target":["https:\/\/sumkcaps.com\/product\/sufox-231255-custom-five-panel-3d-embroidery-trucker-hat\/"]}]},{"@type":"ImageObject","inLanguage":"pt-PT","@id":"https:\/\/sumkcaps.com\/product\/sufox-231255-custom-five-panel-3d-embroidery-trucker-hat\/#primaryimage","url":"https:\/\/sumkcaps.com\/wp-content\/uploads\/2022\/11\/5_panel_3d_embroidery_trucker_hat-1.jpg","contentUrl":"https:\/\/sumkcaps.com\/wp-content\/uploads\/2022\/11\/5_panel_3d_embroidery_trucker_hat-1.jpg","width":1000,"height":1000,"caption":"Custom Five Panel 3D Embroidery Trucker Hat Wholesale"},{"@type":"BreadcrumbList","@id":"https:\/\/sumkcaps.com\/product\/sufox-231255-custom-five-panel-3d-embroidery-trucker-hat\/#breadcrumb","itemListElement":[{"@type":"ListItem","position":1,"name":"Home","item":"https:\/\/sumkcaps.com\/"},{"@type":"ListItem","position":2,"name":"Products","item":"https:\/\/sumkcaps.com\/product\/"},{"@type":"ListItem","position":3,"name":"Custom Five Panel 3D Embroidery Trucker Hat Wholesale"}]},{"@type":"WebSite","@id":"https:\/\/sumkcaps.com\/#website","url":"https:\/\/sumkcaps.com\/","name":"Sumkcaps-China Original Headwear Fabricante e fornecedores","description":"Somos a F\u00e1brica Original de Bon\u00e9s e Chap\u00e9us da China, cujo principal neg\u00f3cio \u00e9 personalizar bon\u00e9s e chap\u00e9us de acordo com o LOGOTIPO do cliente. Qualquer estilo de bon\u00e9, qualquer cor de bon\u00e9, qualquer quantidade, qualquer material e quantidade n\u00e3o \u00e9 problema. Por outras palavras, todos os pequenos detalhes podem ser personalizados a seu pedido.","publisher":{"@id":"https:\/\/sumkcaps.com\/#organization"},"potentialAction":[{"@type":"SearchAction","target":{"@type":"EntryPoint","urlTemplate":"https:\/\/sumkcaps.com\/?s={search_term_string}"},"query-input":{"@type":"PropertyValueSpecification","valueRequired":true,"valueName":"search_term_string"}}],"inLanguage":"pt-PT"},{"@type":"Organization","@id":"https:\/\/sumkcaps.com\/#organization","name":"Sumkcaps-China Original Headwear Fabricante e fornecedores","url":"https:\/\/sumkcaps.com\/","logo":{"@type":"ImageObject","inLanguage":"pt-PT","@id":"https:\/\/sumkcaps.com\/#\/schema\/logo\/image\/","url":"https:\/\/sumkcaps.com\/wp-content\/uploads\/2025\/12\/1234.jpg","contentUrl":"https:\/\/sumkcaps.com\/wp-content\/uploads\/2025\/12\/1234.jpg","width":800,"height":800,"caption":"Sumkcaps-China Original Headwear Manufacturer and Suppliers"},"image":{"@id":"https:\/\/sumkcaps.com\/#\/schema\/logo\/image\/"},"sameAs":["https:\/\/www.facebook.com\/sumkcap","https:\/\/www.instagram.com\/sumkcaps7\/","https:\/\/www.pinterest.com\/sumkcapschina\/"]}]}},"taxonomy_info":{"product_cat":[{"value":693,"label":"Hat"},{"value":942,"label":"5 Panel Trucker Hat"},{"value":943,"label":"Custom Embroidered 5 Panel Hats"}]},"featured_image_src_large":["https:\/\/sumkcaps.com\/wp-content\/uploads\/2022\/11\/5_panel_3d_embroidery_trucker_hat-1.jpg",800,800,false],"author_info":[],"comment_info":"","_links":{"self":[{"href":"https:\/\/sumkcaps.com\/pt\/wp-json\/wp\/v2\/product\/19685","targetHints":{"allow":["GET"]}}],"collection":[{"href":"https:\/\/sumkcaps.com\/pt\/wp-json\/wp\/v2\/product"}],"about":[{"href":"https:\/\/sumkcaps.com\/pt\/wp-json\/wp\/v2\/types\/product"}],"wp:featuredmedia":[{"embeddable":true,"href":"https:\/\/sumkcaps.com\/pt\/wp-json\/wp\/v2\/media\/19686"}],"wp:attachment":[{"href":"https:\/\/sumkcaps.com\/pt\/wp-json\/wp\/v2\/media?parent=19685"}],"wp:term":[{"taxonomy":"product_brand","embeddable":true,"href":"https:\/\/sumkcaps.com\/pt\/wp-json\/wp\/v2\/product_brand?post=19685"},{"taxonomy":"product_cat","embeddable":true,"href":"https:\/\/sumkcaps.com\/pt\/wp-json\/wp\/v2\/product_cat?post=19685"},{"taxonomy":"product_tag","embeddable":true,"href":"https:\/\/sumkcaps.com\/pt\/wp-json\/wp\/v2\/product_tag?post=19685"}],"curies":[{"name":"wp","href":"https:\/\/api.w.org\/{rel}","templated":true}]}}