{"id":19629,"date":"2022-11-09T14:49:59","date_gmt":"2022-11-09T06:49:59","guid":{"rendered":"https:\/\/sumkcaps.com\/?post_type=product&#038;p=19629"},"modified":"2025-11-05T14:09:56","modified_gmt":"2025-11-05T06:09:56","slug":"sufox-231425-custom-kids-wool-knitted-beanie-hat-with-pom","status":"publish","type":"product","link":"https:\/\/sumkcaps.com\/pt\/produto\/sufox-231425-gorro-de-malha-de-la-personalizado-para-criancas-com-pompom-2\/","title":{"rendered":"Sumkcaps 231425 Gorro de malha de l\u00e3 personalizado para crian\u00e7as com pompom"},"content":{"rendered":"","protected":false},"excerpt":{"rendered":"<p>Sumkcaps 231425 Gorro de malha de l\u00e3 personalizado para crian\u00e7as com pompom \u00e9 um chap\u00e9u de inverno quente. Alta qualidade Cap Head Wear com servi\u00e7o profissional de design personalizado dispon\u00edvel. Adicione o seu log\u00f3tipo ou desenho personalizado online. Servi\u00e7o especializado. Desconto para grandes quantidades. Encomende hoje!<\/p>","protected":false},"featured_media":19630,"template":"","meta":{"_acf_changed":false,"_kad_blocks_custom_css":"","_kad_blocks_head_custom_js":"","_kad_blocks_body_custom_js":"","_kad_blocks_footer_custom_js":""},"product_brand":[],"product_cat":[980,1035,693],"product_tag":[],"class_list":{"0":"post-19629","1":"product","2":"type-product","3":"status-publish","4":"has-post-thumbnail","6":"product_cat-beanie-hat-wholesale","7":"product_cat-pompom-beanies-wholesale","8":"product_cat-hat","10":"first","11":"outofstock","12":"shipping-taxable","13":"product-type-simple"},"acf":[],"yoast_head":"<!-- This site is optimized with the Yoast SEO Premium plugin v20.8 (Yoast SEO v25.9) - https:\/\/yoast.com\/wordpress\/plugins\/seo\/ -->\n<title>Custom Kids Knitted Beanie Hat With Pom | China Manufactuer<\/title>\n<meta name=\"description\" content=\"High Quality Cap Head Wear With Professional Custom Design Service Available. Add Your Logo or Custom Design Online. Expert Service. Bulk Discount.\" \/>\n<meta name=\"robots\" content=\"index, follow, max-snippet:-1, max-image-preview:large, max-video-preview:-1\" \/>\n<link rel=\"canonical\" href=\"https:\/\/sumkcaps.com\/pt\/produto\/sufox-231425-gorro-de-malha-de-la-personalizado-para-criancas-com-pompom-2\/\" \/>\n<meta property=\"og:locale\" content=\"pt_PT\" \/>\n<meta property=\"og:type\" content=\"article\" \/>\n<meta property=\"og:title\" content=\"Sumkcaps 231425 Custom Kids Wool Knitted Beanie Hat With Pom - Sumkcaps\" \/>\n<meta property=\"og:description\" content=\"High Quality Cap Head Wear With Professional Custom Design Service Available. Add Your Logo or Custom Design Online. Expert Service. Bulk Discount.\" \/>\n<meta property=\"og:url\" content=\"https:\/\/sumkcaps.com\/pt\/produto\/sufox-231425-gorro-de-malha-de-la-personalizado-para-criancas-com-pompom-2\/\" \/>\n<meta property=\"og:site_name\" content=\"Sumkcaps-China Original Headwear Manufacturer and Suppliers\" \/>\n<meta property=\"article:publisher\" content=\"https:\/\/www.facebook.com\/sumkcap\" \/>\n<meta property=\"article:modified_time\" content=\"2025-11-05T06:09:56+00:00\" \/>\n<meta property=\"og:image\" content=\"https:\/\/sumkcaps.com\/wp-content\/uploads\/2022\/11\/kids_wool_beanie_hat_with_pom-2.jpg\" \/>\n\t<meta property=\"og:image:width\" content=\"800\" \/>\n\t<meta property=\"og:image:height\" content=\"800\" \/>\n\t<meta property=\"og:image:type\" content=\"image\/jpeg\" \/>\n<meta name=\"twitter:card\" content=\"summary_large_image\" \/>\n<script type=\"application\/ld+json\" class=\"yoast-schema-graph\">{\"@context\":\"https:\/\/schema.org\",\"@graph\":[{\"@type\":\"WebPage\",\"@id\":\"https:\/\/sumkcaps.com\/product\/sufox-231425-custom-kids-wool-knitted-beanie-hat-with-pom\/\",\"url\":\"https:\/\/sumkcaps.com\/product\/sufox-231425-custom-kids-wool-knitted-beanie-hat-with-pom\/\",\"name\":\"Custom Kids Knitted Beanie Hat With Pom | China Manufactuer\",\"isPartOf\":{\"@id\":\"https:\/\/sumkcaps.com\/#website\"},\"primaryImageOfPage\":{\"@id\":\"https:\/\/sumkcaps.com\/product\/sufox-231425-custom-kids-wool-knitted-beanie-hat-with-pom\/#primaryimage\"},\"image\":{\"@id\":\"https:\/\/sumkcaps.com\/product\/sufox-231425-custom-kids-wool-knitted-beanie-hat-with-pom\/#primaryimage\"},\"thumbnailUrl\":\"https:\/\/sumkcaps.com\/wp-content\/uploads\/2022\/11\/kids_wool_beanie_hat_with_pom-2.jpg\",\"datePublished\":\"2022-11-09T06:49:59+00:00\",\"dateModified\":\"2025-11-05T06:09:56+00:00\",\"description\":\"High Quality Cap Head Wear With Professional Custom Design Service Available. Add Your Logo or Custom Design Online. Expert Service. Bulk Discount.\",\"breadcrumb\":{\"@id\":\"https:\/\/sumkcaps.com\/product\/sufox-231425-custom-kids-wool-knitted-beanie-hat-with-pom\/#breadcrumb\"},\"inLanguage\":\"pt-PT\",\"potentialAction\":[{\"@type\":\"ReadAction\",\"target\":[\"https:\/\/sumkcaps.com\/product\/sufox-231425-custom-kids-wool-knitted-beanie-hat-with-pom\/\"]}]},{\"@type\":\"ImageObject\",\"inLanguage\":\"pt-PT\",\"@id\":\"https:\/\/sumkcaps.com\/product\/sufox-231425-custom-kids-wool-knitted-beanie-hat-with-pom\/#primaryimage\",\"url\":\"https:\/\/sumkcaps.com\/wp-content\/uploads\/2022\/11\/kids_wool_beanie_hat_with_pom-2.jpg\",\"contentUrl\":\"https:\/\/sumkcaps.com\/wp-content\/uploads\/2022\/11\/kids_wool_beanie_hat_with_pom-2.jpg\",\"width\":800,\"height\":800},{\"@type\":\"BreadcrumbList\",\"@id\":\"https:\/\/sumkcaps.com\/product\/sufox-231425-custom-kids-wool-knitted-beanie-hat-with-pom\/#breadcrumb\",\"itemListElement\":[{\"@type\":\"ListItem\",\"position\":1,\"name\":\"Home\",\"item\":\"https:\/\/sumkcaps.com\/\"},{\"@type\":\"ListItem\",\"position\":2,\"name\":\"Products\",\"item\":\"https:\/\/sumkcaps.com\/product\/\"},{\"@type\":\"ListItem\",\"position\":3,\"name\":\"Sumkcaps 231425 Custom Kids Wool Knitted Beanie Hat With Pom\"}]},{\"@type\":\"WebSite\",\"@id\":\"https:\/\/sumkcaps.com\/#website\",\"url\":\"https:\/\/sumkcaps.com\/\",\"name\":\"Sumkcaps-China Original Headwear Manufacturer and Suppliers\",\"description\":\"We are China Cap And Hat Original Factory, whose main business is to custom cap and hat as client&#039;s LOGO. Any cap style, any cap color, any qty, any material and qty is no problem. In one words, any small details can be customized as your request.\",\"publisher\":{\"@id\":\"https:\/\/sumkcaps.com\/#organization\"},\"potentialAction\":[{\"@type\":\"SearchAction\",\"target\":{\"@type\":\"EntryPoint\",\"urlTemplate\":\"https:\/\/sumkcaps.com\/?s={search_term_string}\"},\"query-input\":{\"@type\":\"PropertyValueSpecification\",\"valueRequired\":true,\"valueName\":\"search_term_string\"}}],\"inLanguage\":\"pt-PT\"},{\"@type\":\"Organization\",\"@id\":\"https:\/\/sumkcaps.com\/#organization\",\"name\":\"Sumkcaps-China Original Headwear Manufacturer and Suppliers\",\"url\":\"https:\/\/sumkcaps.com\/\",\"logo\":{\"@type\":\"ImageObject\",\"inLanguage\":\"pt-PT\",\"@id\":\"https:\/\/sumkcaps.com\/#\/schema\/logo\/image\/\",\"url\":\"https:\/\/sumkcaps.com\/wp-content\/uploads\/2025\/12\/1234.jpg\",\"contentUrl\":\"https:\/\/sumkcaps.com\/wp-content\/uploads\/2025\/12\/1234.jpg\",\"width\":800,\"height\":800,\"caption\":\"Sumkcaps-China Original Headwear Manufacturer and Suppliers\"},\"image\":{\"@id\":\"https:\/\/sumkcaps.com\/#\/schema\/logo\/image\/\"},\"sameAs\":[\"https:\/\/www.facebook.com\/sumkcap\",\"https:\/\/www.instagram.com\/sumkcaps7\/\",\"https:\/\/www.pinterest.com\/sumkcapschina\/\"]}]}<\/script>\n<!-- \/ Yoast SEO Premium plugin. -->","yoast_head_json":{"title":"Gorro de malha personalizado para crian\u00e7as com pompom - fabricante na China","description":"Bon\u00e9 de alta qualidade para usar na cabe\u00e7a com servi\u00e7o profissional de design personalizado dispon\u00edvel. Adicione o seu log\u00f3tipo ou desenho personalizado online. Servi\u00e7o especializado. Desconto por volume.","robots":{"index":"index","follow":"follow","max-snippet":"max-snippet:-1","max-image-preview":"max-image-preview:large","max-video-preview":"max-video-preview:-1"},"canonical":"https:\/\/sumkcaps.com\/pt\/produto\/sufox-231425-gorro-de-malha-de-la-personalizado-para-criancas-com-pompom-2\/","og_locale":"pt_PT","og_type":"article","og_title":"Sumkcaps 231425 Custom Kids Wool Knitted Beanie Hat With Pom - Sumkcaps","og_description":"High Quality Cap Head Wear With Professional Custom Design Service Available. Add Your Logo or Custom Design Online. Expert Service. Bulk Discount.","og_url":"https:\/\/sumkcaps.com\/pt\/produto\/sufox-231425-gorro-de-malha-de-la-personalizado-para-criancas-com-pompom-2\/","og_site_name":"Sumkcaps-China Original Headwear Manufacturer and Suppliers","article_publisher":"https:\/\/www.facebook.com\/sumkcap","article_modified_time":"2025-11-05T06:09:56+00:00","og_image":[{"width":800,"height":800,"url":"https:\/\/sumkcaps.com\/wp-content\/uploads\/2022\/11\/kids_wool_beanie_hat_with_pom-2.jpg","type":"image\/jpeg"}],"twitter_card":"summary_large_image","schema":{"@context":"https:\/\/schema.org","@graph":[{"@type":"WebPage","@id":"https:\/\/sumkcaps.com\/product\/sufox-231425-custom-kids-wool-knitted-beanie-hat-with-pom\/","url":"https:\/\/sumkcaps.com\/product\/sufox-231425-custom-kids-wool-knitted-beanie-hat-with-pom\/","name":"Gorro de malha personalizado para crian\u00e7as com pompom - fabricante na China","isPartOf":{"@id":"https:\/\/sumkcaps.com\/#website"},"primaryImageOfPage":{"@id":"https:\/\/sumkcaps.com\/product\/sufox-231425-custom-kids-wool-knitted-beanie-hat-with-pom\/#primaryimage"},"image":{"@id":"https:\/\/sumkcaps.com\/product\/sufox-231425-custom-kids-wool-knitted-beanie-hat-with-pom\/#primaryimage"},"thumbnailUrl":"https:\/\/sumkcaps.com\/wp-content\/uploads\/2022\/11\/kids_wool_beanie_hat_with_pom-2.jpg","datePublished":"2022-11-09T06:49:59+00:00","dateModified":"2025-11-05T06:09:56+00:00","description":"Bon\u00e9 de alta qualidade para usar na cabe\u00e7a com servi\u00e7o profissional de design personalizado dispon\u00edvel. Adicione o seu log\u00f3tipo ou desenho personalizado online. Servi\u00e7o especializado. Desconto por volume.","breadcrumb":{"@id":"https:\/\/sumkcaps.com\/product\/sufox-231425-custom-kids-wool-knitted-beanie-hat-with-pom\/#breadcrumb"},"inLanguage":"pt-PT","potentialAction":[{"@type":"ReadAction","target":["https:\/\/sumkcaps.com\/product\/sufox-231425-custom-kids-wool-knitted-beanie-hat-with-pom\/"]}]},{"@type":"ImageObject","inLanguage":"pt-PT","@id":"https:\/\/sumkcaps.com\/product\/sufox-231425-custom-kids-wool-knitted-beanie-hat-with-pom\/#primaryimage","url":"https:\/\/sumkcaps.com\/wp-content\/uploads\/2022\/11\/kids_wool_beanie_hat_with_pom-2.jpg","contentUrl":"https:\/\/sumkcaps.com\/wp-content\/uploads\/2022\/11\/kids_wool_beanie_hat_with_pom-2.jpg","width":800,"height":800},{"@type":"BreadcrumbList","@id":"https:\/\/sumkcaps.com\/product\/sufox-231425-custom-kids-wool-knitted-beanie-hat-with-pom\/#breadcrumb","itemListElement":[{"@type":"ListItem","position":1,"name":"Home","item":"https:\/\/sumkcaps.com\/"},{"@type":"ListItem","position":2,"name":"Products","item":"https:\/\/sumkcaps.com\/product\/"},{"@type":"ListItem","position":3,"name":"Sumkcaps 231425 Custom Kids Wool Knitted Beanie Hat With Pom"}]},{"@type":"WebSite","@id":"https:\/\/sumkcaps.com\/#website","url":"https:\/\/sumkcaps.com\/","name":"Sumkcaps-China Original Headwear Fabricante e fornecedores","description":"Somos a F\u00e1brica Original de Bon\u00e9s e Chap\u00e9us da China, cujo principal neg\u00f3cio \u00e9 personalizar bon\u00e9s e chap\u00e9us de acordo com o LOGOTIPO do cliente. Qualquer estilo de bon\u00e9, qualquer cor de bon\u00e9, qualquer quantidade, qualquer material e quantidade n\u00e3o \u00e9 problema. Por outras palavras, todos os pequenos detalhes podem ser personalizados a seu pedido.","publisher":{"@id":"https:\/\/sumkcaps.com\/#organization"},"potentialAction":[{"@type":"SearchAction","target":{"@type":"EntryPoint","urlTemplate":"https:\/\/sumkcaps.com\/?s={search_term_string}"},"query-input":{"@type":"PropertyValueSpecification","valueRequired":true,"valueName":"search_term_string"}}],"inLanguage":"pt-PT"},{"@type":"Organization","@id":"https:\/\/sumkcaps.com\/#organization","name":"Sumkcaps-China Original Headwear Fabricante e fornecedores","url":"https:\/\/sumkcaps.com\/","logo":{"@type":"ImageObject","inLanguage":"pt-PT","@id":"https:\/\/sumkcaps.com\/#\/schema\/logo\/image\/","url":"https:\/\/sumkcaps.com\/wp-content\/uploads\/2025\/12\/1234.jpg","contentUrl":"https:\/\/sumkcaps.com\/wp-content\/uploads\/2025\/12\/1234.jpg","width":800,"height":800,"caption":"Sumkcaps-China Original Headwear Manufacturer and Suppliers"},"image":{"@id":"https:\/\/sumkcaps.com\/#\/schema\/logo\/image\/"},"sameAs":["https:\/\/www.facebook.com\/sumkcap","https:\/\/www.instagram.com\/sumkcaps7\/","https:\/\/www.pinterest.com\/sumkcapschina\/"]}]}},"taxonomy_info":{"product_cat":[{"value":980,"label":"Beanie Hat"},{"value":1035,"label":"PomPom Beanie Hats"},{"value":693,"label":"Hat"}]},"featured_image_src_large":["https:\/\/sumkcaps.com\/wp-content\/uploads\/2022\/11\/kids_wool_beanie_hat_with_pom-2.jpg",800,800,false],"author_info":[],"comment_info":"","_links":{"self":[{"href":"https:\/\/sumkcaps.com\/pt\/wp-json\/wp\/v2\/product\/19629","targetHints":{"allow":["GET"]}}],"collection":[{"href":"https:\/\/sumkcaps.com\/pt\/wp-json\/wp\/v2\/product"}],"about":[{"href":"https:\/\/sumkcaps.com\/pt\/wp-json\/wp\/v2\/types\/product"}],"wp:featuredmedia":[{"embeddable":true,"href":"https:\/\/sumkcaps.com\/pt\/wp-json\/wp\/v2\/media\/19630"}],"wp:attachment":[{"href":"https:\/\/sumkcaps.com\/pt\/wp-json\/wp\/v2\/media?parent=19629"}],"wp:term":[{"taxonomy":"product_brand","embeddable":true,"href":"https:\/\/sumkcaps.com\/pt\/wp-json\/wp\/v2\/product_brand?post=19629"},{"taxonomy":"product_cat","embeddable":true,"href":"https:\/\/sumkcaps.com\/pt\/wp-json\/wp\/v2\/product_cat?post=19629"},{"taxonomy":"product_tag","embeddable":true,"href":"https:\/\/sumkcaps.com\/pt\/wp-json\/wp\/v2\/product_tag?post=19629"}],"curies":[{"name":"wp","href":"https:\/\/api.w.org\/{rel}","templated":true}]}}