{"id":18580,"date":"2022-11-04T10:24:34","date_gmt":"2022-11-04T02:24:34","guid":{"rendered":"https:\/\/sumkcaps.com\/?post_type=product&#038;p=18580"},"modified":"2025-07-29T16:35:07","modified_gmt":"2025-07-29T08:35:07","slug":"sufox-231191-custom-five-panel-flat-brim-corduroy-snapback-cap","status":"publish","type":"product","link":"https:\/\/sumkcaps.com\/pt\/produto\/sufox-231191-bone-snapback-personalizado-de-bombazina-de-aba-plana-com-cinco-paineis\/","title":{"rendered":"Sumkcaps 231191 Bon\u00e9 personalizado de cinco pain\u00e9is com aba plana de bombazina"},"content":{"rendered":"<h2>Material<\/h2>\n<p><strong>Veludo cotel\u00ea<\/strong><br \/>\nFabricada em tecido de bombazina dur\u00e1vel e texturado para um visual retro elegante com um toque suave e uma utiliza\u00e7\u00e3o duradoura.<\/p>\n<h2>MOQ<\/h2>\n<p><strong>200 unidades por desenho e por cor<\/strong><br \/>\nA quantidade m\u00ednima de encomenda come\u00e7a em apenas 200 unidades por desenho e cor - perfeito para marcas personalizadas e projectos promocionais.<\/p>\n<h2>Decora\u00e7\u00e3o<\/h2>\n<p><strong>Personalizado<\/strong><br \/>\nTotalmente personaliz\u00e1vel com o seu log\u00f3tipo, padr\u00e3o ou trabalho art\u00edstico preferido - ideal para bordados, remendos ou desenhos de serigrafia.<\/p>\n<h2>Cor<\/h2>\n<p><strong>Personalizado<\/strong><br \/>\nSelecione a partir de uma vasta gama de cores ou forne\u00e7a c\u00f3digos Pantone para corresponder \u00e0 identidade da sua marca ou \u00e0s suas necessidades de design.<\/p>\n<h2>Viseira<\/h2>\n<p><strong>Conta plana<\/strong><br \/>\nDesign moderno de aba plana para uma silhueta arrojada e de estilo urbano - oferecendo um amplo espa\u00e7o para decora\u00e7\u00e3o ou marca.<\/p>\n<h2>Servi\u00e7o<\/h2>\n<p><strong>OEM E ODM<\/strong><br \/>\nFornecemos servi\u00e7os completos de OEM e ODM para apoiar os seus designs exclusivos de chap\u00e9us, desde o conceito at\u00e9 \u00e0 produ\u00e7\u00e3o.<\/p>","protected":false},"excerpt":{"rendered":"<p>Sumkcaps 231191 Custom Five Panel Flat Brim Corduroy Snapback Cap \u00e9 um dos estilos populares de bon\u00e9, leve e respir\u00e1vel. Nossos Snapbacks v\u00eam em uma variedade de estilos e cores de todas as principais marcas.<\/p>","protected":false},"featured_media":18582,"template":"","meta":{"_acf_changed":false,"_kad_blocks_custom_css":"","_kad_blocks_head_custom_js":"","_kad_blocks_body_custom_js":"","_kad_blocks_footer_custom_js":""},"product_brand":[],"product_cat":[42,947],"product_tag":[],"class_list":{"0":"post-18580","1":"product","2":"type-product","3":"status-publish","4":"has-post-thumbnail","6":"product_cat-snapback-cap","7":"product_cat-corduroy-5-panel-hats-wholesale","9":"first","10":"outofstock","11":"shipping-taxable","12":"product-type-simple"},"acf":[],"yoast_head":"<!-- This site is optimized with the Yoast SEO Premium plugin v20.8 (Yoast SEO v25.9) - https:\/\/yoast.com\/wordpress\/plugins\/seo\/ -->\n<title>Custom Five Panel Corduroy Snapback Cap | China Manufactuer<\/title>\n<meta name=\"description\" content=\"Custom Cap, Logo Cap, Brand Caps, Custom Made Snapback Caps, Custom Snapback Baseball Hats. Premium Cap Manufacturer since 2006. Order Today!\" \/>\n<meta name=\"robots\" content=\"index, follow, max-snippet:-1, max-image-preview:large, max-video-preview:-1\" \/>\n<link rel=\"canonical\" href=\"https:\/\/sumkcaps.com\/pt\/produto\/sufox-231191-bone-snapback-personalizado-de-bombazina-de-aba-plana-com-cinco-paineis\/\" \/>\n<meta property=\"og:locale\" content=\"pt_PT\" \/>\n<meta property=\"og:type\" content=\"article\" \/>\n<meta property=\"og:title\" content=\"Sumkcaps 231191 Custom Five Panel Flat Brim Corduroy Snapback Cap - Sumkcaps\" \/>\n<meta property=\"og:description\" content=\"Custom Cap, Logo Cap, Brand Caps, Custom Made Snapback Caps, Custom Snapback Baseball Hats. Premium Cap Manufacturer since 2006. Order Today!\" \/>\n<meta property=\"og:url\" content=\"https:\/\/sumkcaps.com\/pt\/produto\/sufox-231191-bone-snapback-personalizado-de-bombazina-de-aba-plana-com-cinco-paineis\/\" \/>\n<meta property=\"og:site_name\" content=\"Sumkcaps-China Original Headwear Manufacturer and Suppliers\" \/>\n<meta property=\"article:publisher\" content=\"https:\/\/www.facebook.com\/sumkcap\" \/>\n<meta property=\"article:modified_time\" content=\"2025-07-29T08:35:07+00:00\" \/>\n<meta property=\"og:image\" content=\"https:\/\/sumkcaps.com\/wp-content\/uploads\/2022\/11\/5_Panel_Flat_Bill_Corduroy_Snapback_Cap-2.jpg\" \/>\n\t<meta property=\"og:image:width\" content=\"1000\" \/>\n\t<meta property=\"og:image:height\" content=\"1000\" \/>\n\t<meta property=\"og:image:type\" content=\"image\/jpeg\" \/>\n<meta name=\"twitter:card\" content=\"summary_large_image\" \/>\n<meta name=\"twitter:label1\" content=\"Tempo estimado de leitura\" \/>\n\t<meta name=\"twitter:data1\" content=\"1 minuto\" \/>\n<script type=\"application\/ld+json\" class=\"yoast-schema-graph\">{\"@context\":\"https:\/\/schema.org\",\"@graph\":[{\"@type\":\"WebPage\",\"@id\":\"https:\/\/sumkcaps.com\/product\/sufox-231191-custom-five-panel-flat-brim-corduroy-snapback-cap\/\",\"url\":\"https:\/\/sumkcaps.com\/product\/sufox-231191-custom-five-panel-flat-brim-corduroy-snapback-cap\/\",\"name\":\"Custom Five Panel Corduroy Snapback Cap | China Manufactuer\",\"isPartOf\":{\"@id\":\"https:\/\/sumkcaps.com\/#website\"},\"primaryImageOfPage\":{\"@id\":\"https:\/\/sumkcaps.com\/product\/sufox-231191-custom-five-panel-flat-brim-corduroy-snapback-cap\/#primaryimage\"},\"image\":{\"@id\":\"https:\/\/sumkcaps.com\/product\/sufox-231191-custom-five-panel-flat-brim-corduroy-snapback-cap\/#primaryimage\"},\"thumbnailUrl\":\"https:\/\/sumkcaps.com\/wp-content\/uploads\/2022\/11\/5_Panel_Flat_Bill_Corduroy_Snapback_Cap-2.jpg\",\"datePublished\":\"2022-11-04T02:24:34+00:00\",\"dateModified\":\"2025-07-29T08:35:07+00:00\",\"description\":\"Custom Cap, Logo Cap, Brand Caps, Custom Made Snapback Caps, Custom Snapback Baseball Hats. Premium Cap Manufacturer since 2006. Order Today!\",\"breadcrumb\":{\"@id\":\"https:\/\/sumkcaps.com\/product\/sufox-231191-custom-five-panel-flat-brim-corduroy-snapback-cap\/#breadcrumb\"},\"inLanguage\":\"pt-PT\",\"potentialAction\":[{\"@type\":\"ReadAction\",\"target\":[\"https:\/\/sumkcaps.com\/product\/sufox-231191-custom-five-panel-flat-brim-corduroy-snapback-cap\/\"]}]},{\"@type\":\"ImageObject\",\"inLanguage\":\"pt-PT\",\"@id\":\"https:\/\/sumkcaps.com\/product\/sufox-231191-custom-five-panel-flat-brim-corduroy-snapback-cap\/#primaryimage\",\"url\":\"https:\/\/sumkcaps.com\/wp-content\/uploads\/2022\/11\/5_Panel_Flat_Bill_Corduroy_Snapback_Cap-2.jpg\",\"contentUrl\":\"https:\/\/sumkcaps.com\/wp-content\/uploads\/2022\/11\/5_Panel_Flat_Bill_Corduroy_Snapback_Cap-2.jpg\",\"width\":1000,\"height\":1000,\"caption\":\"Custom Five Panel Flat Brim Corduroy Snapback Cap wholesale\"},{\"@type\":\"BreadcrumbList\",\"@id\":\"https:\/\/sumkcaps.com\/product\/sufox-231191-custom-five-panel-flat-brim-corduroy-snapback-cap\/#breadcrumb\",\"itemListElement\":[{\"@type\":\"ListItem\",\"position\":1,\"name\":\"Home\",\"item\":\"https:\/\/sumkcaps.com\/\"},{\"@type\":\"ListItem\",\"position\":2,\"name\":\"Products\",\"item\":\"https:\/\/sumkcaps.com\/product\/\"},{\"@type\":\"ListItem\",\"position\":3,\"name\":\"Sumkcaps 231191 Custom Five Panel Flat Brim Corduroy Snapback Cap\"}]},{\"@type\":\"WebSite\",\"@id\":\"https:\/\/sumkcaps.com\/#website\",\"url\":\"https:\/\/sumkcaps.com\/\",\"name\":\"Sumkcaps-China Original Headwear Manufacturer and Suppliers\",\"description\":\"We are China Cap And Hat Original Factory, whose main business is to custom cap and hat as client&#039;s LOGO. Any cap style, any cap color, any qty, any material and qty is no problem. In one words, any small details can be customized as your request.\",\"publisher\":{\"@id\":\"https:\/\/sumkcaps.com\/#organization\"},\"potentialAction\":[{\"@type\":\"SearchAction\",\"target\":{\"@type\":\"EntryPoint\",\"urlTemplate\":\"https:\/\/sumkcaps.com\/?s={search_term_string}\"},\"query-input\":{\"@type\":\"PropertyValueSpecification\",\"valueRequired\":true,\"valueName\":\"search_term_string\"}}],\"inLanguage\":\"pt-PT\"},{\"@type\":\"Organization\",\"@id\":\"https:\/\/sumkcaps.com\/#organization\",\"name\":\"Sumkcaps-China Original Headwear Manufacturer and Suppliers\",\"url\":\"https:\/\/sumkcaps.com\/\",\"logo\":{\"@type\":\"ImageObject\",\"inLanguage\":\"pt-PT\",\"@id\":\"https:\/\/sumkcaps.com\/#\/schema\/logo\/image\/\",\"url\":\"https:\/\/sumkcaps.com\/wp-content\/uploads\/2025\/12\/1234.jpg\",\"contentUrl\":\"https:\/\/sumkcaps.com\/wp-content\/uploads\/2025\/12\/1234.jpg\",\"width\":800,\"height\":800,\"caption\":\"Sumkcaps-China Original Headwear Manufacturer and Suppliers\"},\"image\":{\"@id\":\"https:\/\/sumkcaps.com\/#\/schema\/logo\/image\/\"},\"sameAs\":[\"https:\/\/www.facebook.com\/sumkcap\",\"https:\/\/www.instagram.com\/sumkcaps7\/\",\"https:\/\/www.pinterest.com\/sumkcapschina\/\"]}]}<\/script>\n<!-- \/ Yoast SEO Premium plugin. -->","yoast_head_json":{"title":"Bon\u00e9 Snapback Personalizado de Veludo Cotel\u00ea com Cinco Pain\u00e9is | Fabricante da China","description":"Bon\u00e9 personalizado, bon\u00e9 com log\u00f3tipo, bon\u00e9s de marca, bon\u00e9s Snapback personalizados, bon\u00e9s de basebol Snapback personalizados. Fabricante de bon\u00e9s premium desde 2006. Encomende hoje!","robots":{"index":"index","follow":"follow","max-snippet":"max-snippet:-1","max-image-preview":"max-image-preview:large","max-video-preview":"max-video-preview:-1"},"canonical":"https:\/\/sumkcaps.com\/pt\/produto\/sufox-231191-bone-snapback-personalizado-de-bombazina-de-aba-plana-com-cinco-paineis\/","og_locale":"pt_PT","og_type":"article","og_title":"Sumkcaps 231191 Custom Five Panel Flat Brim Corduroy Snapback Cap - Sumkcaps","og_description":"Custom Cap, Logo Cap, Brand Caps, Custom Made Snapback Caps, Custom Snapback Baseball Hats. Premium Cap Manufacturer since 2006. Order Today!","og_url":"https:\/\/sumkcaps.com\/pt\/produto\/sufox-231191-bone-snapback-personalizado-de-bombazina-de-aba-plana-com-cinco-paineis\/","og_site_name":"Sumkcaps-China Original Headwear Manufacturer and Suppliers","article_publisher":"https:\/\/www.facebook.com\/sumkcap","article_modified_time":"2025-07-29T08:35:07+00:00","og_image":[{"width":1000,"height":1000,"url":"https:\/\/sumkcaps.com\/wp-content\/uploads\/2022\/11\/5_Panel_Flat_Bill_Corduroy_Snapback_Cap-2.jpg","type":"image\/jpeg"}],"twitter_card":"summary_large_image","twitter_misc":{"Tempo estimado de leitura":"1 minuto"},"schema":{"@context":"https:\/\/schema.org","@graph":[{"@type":"WebPage","@id":"https:\/\/sumkcaps.com\/product\/sufox-231191-custom-five-panel-flat-brim-corduroy-snapback-cap\/","url":"https:\/\/sumkcaps.com\/product\/sufox-231191-custom-five-panel-flat-brim-corduroy-snapback-cap\/","name":"Bon\u00e9 Snapback Personalizado de Veludo Cotel\u00ea com Cinco Pain\u00e9is | Fabricante da China","isPartOf":{"@id":"https:\/\/sumkcaps.com\/#website"},"primaryImageOfPage":{"@id":"https:\/\/sumkcaps.com\/product\/sufox-231191-custom-five-panel-flat-brim-corduroy-snapback-cap\/#primaryimage"},"image":{"@id":"https:\/\/sumkcaps.com\/product\/sufox-231191-custom-five-panel-flat-brim-corduroy-snapback-cap\/#primaryimage"},"thumbnailUrl":"https:\/\/sumkcaps.com\/wp-content\/uploads\/2022\/11\/5_Panel_Flat_Bill_Corduroy_Snapback_Cap-2.jpg","datePublished":"2022-11-04T02:24:34+00:00","dateModified":"2025-07-29T08:35:07+00:00","description":"Bon\u00e9 personalizado, bon\u00e9 com log\u00f3tipo, bon\u00e9s de marca, bon\u00e9s Snapback personalizados, bon\u00e9s de basebol Snapback personalizados. Fabricante de bon\u00e9s premium desde 2006. Encomende hoje!","breadcrumb":{"@id":"https:\/\/sumkcaps.com\/product\/sufox-231191-custom-five-panel-flat-brim-corduroy-snapback-cap\/#breadcrumb"},"inLanguage":"pt-PT","potentialAction":[{"@type":"ReadAction","target":["https:\/\/sumkcaps.com\/product\/sufox-231191-custom-five-panel-flat-brim-corduroy-snapback-cap\/"]}]},{"@type":"ImageObject","inLanguage":"pt-PT","@id":"https:\/\/sumkcaps.com\/product\/sufox-231191-custom-five-panel-flat-brim-corduroy-snapback-cap\/#primaryimage","url":"https:\/\/sumkcaps.com\/wp-content\/uploads\/2022\/11\/5_Panel_Flat_Bill_Corduroy_Snapback_Cap-2.jpg","contentUrl":"https:\/\/sumkcaps.com\/wp-content\/uploads\/2022\/11\/5_Panel_Flat_Bill_Corduroy_Snapback_Cap-2.jpg","width":1000,"height":1000,"caption":"Custom Five Panel Flat Brim Corduroy Snapback Cap wholesale"},{"@type":"BreadcrumbList","@id":"https:\/\/sumkcaps.com\/product\/sufox-231191-custom-five-panel-flat-brim-corduroy-snapback-cap\/#breadcrumb","itemListElement":[{"@type":"ListItem","position":1,"name":"Home","item":"https:\/\/sumkcaps.com\/"},{"@type":"ListItem","position":2,"name":"Products","item":"https:\/\/sumkcaps.com\/product\/"},{"@type":"ListItem","position":3,"name":"Sumkcaps 231191 Custom Five Panel Flat Brim Corduroy Snapback Cap"}]},{"@type":"WebSite","@id":"https:\/\/sumkcaps.com\/#website","url":"https:\/\/sumkcaps.com\/","name":"Sumkcaps-China Original Headwear Fabricante e fornecedores","description":"Somos a F\u00e1brica Original de Bon\u00e9s e Chap\u00e9us da China, cujo principal neg\u00f3cio \u00e9 personalizar bon\u00e9s e chap\u00e9us de acordo com o LOGOTIPO do cliente. Qualquer estilo de bon\u00e9, qualquer cor de bon\u00e9, qualquer quantidade, qualquer material e quantidade n\u00e3o \u00e9 problema. Por outras palavras, todos os pequenos detalhes podem ser personalizados a seu pedido.","publisher":{"@id":"https:\/\/sumkcaps.com\/#organization"},"potentialAction":[{"@type":"SearchAction","target":{"@type":"EntryPoint","urlTemplate":"https:\/\/sumkcaps.com\/?s={search_term_string}"},"query-input":{"@type":"PropertyValueSpecification","valueRequired":true,"valueName":"search_term_string"}}],"inLanguage":"pt-PT"},{"@type":"Organization","@id":"https:\/\/sumkcaps.com\/#organization","name":"Sumkcaps-China Original Headwear Fabricante e fornecedores","url":"https:\/\/sumkcaps.com\/","logo":{"@type":"ImageObject","inLanguage":"pt-PT","@id":"https:\/\/sumkcaps.com\/#\/schema\/logo\/image\/","url":"https:\/\/sumkcaps.com\/wp-content\/uploads\/2025\/12\/1234.jpg","contentUrl":"https:\/\/sumkcaps.com\/wp-content\/uploads\/2025\/12\/1234.jpg","width":800,"height":800,"caption":"Sumkcaps-China Original Headwear Manufacturer and Suppliers"},"image":{"@id":"https:\/\/sumkcaps.com\/#\/schema\/logo\/image\/"},"sameAs":["https:\/\/www.facebook.com\/sumkcap","https:\/\/www.instagram.com\/sumkcaps7\/","https:\/\/www.pinterest.com\/sumkcapschina\/"]}]}},"taxonomy_info":{"product_cat":[{"value":42,"label":"Snapback Hats Wholesale"},{"value":947,"label":"Corduroy 5 Panel Hats Wholesale"}]},"featured_image_src_large":["https:\/\/sumkcaps.com\/wp-content\/uploads\/2022\/11\/5_Panel_Flat_Bill_Corduroy_Snapback_Cap-2.jpg",800,800,false],"author_info":[],"comment_info":"","_links":{"self":[{"href":"https:\/\/sumkcaps.com\/pt\/wp-json\/wp\/v2\/product\/18580","targetHints":{"allow":["GET"]}}],"collection":[{"href":"https:\/\/sumkcaps.com\/pt\/wp-json\/wp\/v2\/product"}],"about":[{"href":"https:\/\/sumkcaps.com\/pt\/wp-json\/wp\/v2\/types\/product"}],"wp:featuredmedia":[{"embeddable":true,"href":"https:\/\/sumkcaps.com\/pt\/wp-json\/wp\/v2\/media\/18582"}],"wp:attachment":[{"href":"https:\/\/sumkcaps.com\/pt\/wp-json\/wp\/v2\/media?parent=18580"}],"wp:term":[{"taxonomy":"product_brand","embeddable":true,"href":"https:\/\/sumkcaps.com\/pt\/wp-json\/wp\/v2\/product_brand?post=18580"},{"taxonomy":"product_cat","embeddable":true,"href":"https:\/\/sumkcaps.com\/pt\/wp-json\/wp\/v2\/product_cat?post=18580"},{"taxonomy":"product_tag","embeddable":true,"href":"https:\/\/sumkcaps.com\/pt\/wp-json\/wp\/v2\/product_tag?post=18580"}],"curies":[{"name":"wp","href":"https:\/\/api.w.org\/{rel}","templated":true}]}}