{"id":18140,"date":"2022-10-27T13:32:55","date_gmt":"2022-10-27T05:32:55","guid":{"rendered":"https:\/\/sumkcaps.com\/?post_type=product&#038;p=18140"},"modified":"2026-02-06T11:53:34","modified_gmt":"2026-02-06T03:53:34","slug":"sufox-231137-custom-six-panel-3d-embroidery-fitted-snapback-cap","status":"publish","type":"product","link":"https:\/\/sumkcaps.com\/pt\/produto\/sufox-231137-bone-snapback-personalizado-de-seis-paineis-com-bordado-3d\/","title":{"rendered":"Sumkcaps 231137 Bon\u00e9 Snapback personalizado com bordado 3D de seis pain\u00e9is"},"content":{"rendered":"<h3 data-start=\"139\" data-end=\"153\">Decora\u00e7\u00e3o<\/h3>\n<p data-start=\"154\" data-end=\"524\">Este bon\u00e9 apresenta um bordado 3D arrojado e apelativo, que permite desenhos intrincados e em relevo que se destacam com um acabamento profissional de alta qualidade. Perfeito para mostrar log\u00f3tipos, nomes de equipas ou gr\u00e1ficos personalizados, o bordado 3D aumenta o impacto visual do seu design, tornando-o a escolha perfeita para marcas, promo\u00e7\u00f5es ou declara\u00e7\u00f5es de moda personalizadas.<\/p>\n<h3 data-start=\"526\" data-end=\"538\">Material<\/h3>\n<p data-start=\"539\" data-end=\"922\">Fabricado em acr\u00edlico 100%, este bon\u00e9 \u00e9 leve, dur\u00e1vel e proporciona um ajuste confort\u00e1vel. O tecido acr\u00edlico \u00e9 conhecido pela sua capacidade de reter a vibra\u00e7\u00e3o da cor e resistir ao desbotamento, garantindo que os seus desenhos personalizados permanecem brilhantes e n\u00edtidos mesmo ap\u00f3s utiliza\u00e7\u00e3o repetida. As propriedades de respirabilidade e de absor\u00e7\u00e3o de humidade do material fazem dele a escolha ideal para ser usado durante todo o dia em v\u00e1rios climas.<\/p>\n<h3 data-start=\"924\" data-end=\"933\">Cor<\/h3>\n<p data-start=\"934\" data-end=\"1324\">O bon\u00e9 \u00e9 personaliz\u00e1vel, sendo o cor-de-rosa uma das op\u00e7\u00f5es de cor dispon\u00edveis. O cor-de-rosa \u00e9 uma cor vibrante e arrojada que acrescenta um toque l\u00fadico a qualquer roupa e funciona muito bem para se destacar em ambientes de moda. Quer prefira um visual cl\u00e1ssico ou queira experimentar outras tonalidades, as op\u00e7\u00f5es de cor s\u00e3o vers\u00e1teis e podem ser adaptadas \u00e0s suas necessidades espec\u00edficas ou requisitos de marca.<\/p>\n<h3 data-start=\"1326\" data-end=\"1340\">Ajuste e tamanho<\/h3>\n<p data-start=\"1341\" data-end=\"1716\">Concebido com um ajuste ajust\u00e1vel OSFM (One Size Fits Most), o bon\u00e9 snapback adapta-se confortavelmente a tamanhos de cabe\u00e7a que v\u00e3o do 7 ao 7 3\/4. O fecho de encaixe ajust\u00e1vel garante um ajuste seguro e personalizado, proporcionando flexibilidade e conforto para v\u00e1rias formas de cabe\u00e7a. O seu tamanho vers\u00e1til torna-o ideal para uma vasta gama de indiv\u00edduos, desde utilizadores casuais a participantes em eventos.<\/p>\n<h3 data-start=\"1718\" data-end=\"1727\">Viseira<\/h3>\n<p data-start=\"1728\" data-end=\"2038\">O <strong data-start=\"1732\" data-end=\"1745\">fatura fixa<\/strong> d\u00e1 a este bon\u00e9 um aspeto contempor\u00e2neo e elegante, habitualmente visto no streetwear e na moda moderna. Proporciona um toque de estilo e ajuda a proteger o rosto do sol. A pala plana tamb\u00e9m mant\u00e9m a forma do bon\u00e9 intacta, garantindo uma silhueta limpa e estruturada que se mant\u00e9m n\u00edtida durante o uso.<\/p>\n<h3 data-start=\"2040\" data-end=\"2051\">Servi\u00e7o<\/h3>\n<p data-start=\"2052\" data-end=\"2445\">Este produto est\u00e1 dispon\u00edvel para servi\u00e7os OEM e ODM, oferecendo op\u00e7\u00f5es de personaliza\u00e7\u00e3o completas para satisfazer as suas necessidades exclusivas de design e marca. Quer necessite de cores espec\u00edficas, coloca\u00e7\u00e3o de log\u00f3tipo ou outros ajustes, a flexibilidade do servi\u00e7o garante que a tampa pode ser adaptada \u00e0s suas especifica\u00e7\u00f5es exactas, tornando-a perfeita para eventos promocionais, marcas empresariais ou moda personalizada.<\/p>\n<h3 data-start=\"2447\" data-end=\"2466\">Tempo de resposta<\/h3>\n<p data-start=\"2467\" data-end=\"2824\">O tempo de produ\u00e7\u00e3o da amostra \u00e9 de 7-9 dias \u00fateis, permitindo-lhe avaliar o design antes de se comprometer com uma encomenda completa. Ap\u00f3s a aprova\u00e7\u00e3o da amostra, o tempo de produ\u00e7\u00e3o para grandes encomendas \u00e9 de aproximadamente 18-22 dias \u00fateis, garantindo que recebe os seus bon\u00e9s personalizados a tempo, quer seja para um lan\u00e7amento promocional, um evento de equipa ou uma distribui\u00e7\u00e3o a retalho.<\/p>","protected":false},"excerpt":{"rendered":"<p>Sumkcaps 231137 Custom Six Panel 3D Embroidery Fitted Snapback Cap \u00e9 um dos estilos populares de bon\u00e9, leve e respir\u00e1vel. Nossos Snapbacks v\u00eam em uma variedade de estilos e cores de todas as principais marcas.<\/p>","protected":false},"featured_media":18141,"template":"","meta":{"_acf_changed":false,"_kad_blocks_custom_css":"","_kad_blocks_head_custom_js":"","_kad_blocks_body_custom_js":"","_kad_blocks_footer_custom_js":""},"product_brand":[],"product_cat":[42],"product_tag":[],"class_list":{"0":"post-18140","1":"product","2":"type-product","3":"status-publish","4":"has-post-thumbnail","6":"product_cat-snapback-cap","8":"first","9":"outofstock","10":"shipping-taxable","11":"product-type-simple"},"acf":[],"yoast_head":"<!-- This site is optimized with the Yoast SEO Premium plugin v20.8 (Yoast SEO v25.9) - https:\/\/yoast.com\/wordpress\/plugins\/seo\/ -->\n<title>Custom 3D Embroidery Fitted Snapback Cap | China Manufactuer<\/title>\n<meta name=\"description\" content=\"More Than 10 Years Of Experience In The Headwear Industry. Cap Manufacturers.100% Satisfaction Guarantee. Expert Service. Bulk Discount. Quick delivery.\" \/>\n<meta name=\"robots\" content=\"index, follow, max-snippet:-1, max-image-preview:large, max-video-preview:-1\" \/>\n<link rel=\"canonical\" href=\"https:\/\/sumkcaps.com\/pt\/produto\/sufox-231137-bone-snapback-personalizado-de-seis-paineis-com-bordado-3d\/\" \/>\n<meta property=\"og:locale\" content=\"pt_PT\" \/>\n<meta property=\"og:type\" content=\"article\" \/>\n<meta property=\"og:title\" content=\"Sumkcaps 231137 Custom Six Panel 3D Embroidery Fitted Snapback Cap - Sumkcaps\" \/>\n<meta property=\"og:description\" content=\"More Than 10 Years Of Experience In The Headwear Industry. Cap Manufacturers.100% Satisfaction Guarantee. Expert Service. Bulk Discount. Quick delivery.\" \/>\n<meta property=\"og:url\" content=\"https:\/\/sumkcaps.com\/pt\/produto\/sufox-231137-bone-snapback-personalizado-de-seis-paineis-com-bordado-3d\/\" \/>\n<meta property=\"og:site_name\" content=\"Sumkcaps-China Original Headwear Manufacturer and Suppliers\" \/>\n<meta property=\"article:publisher\" content=\"https:\/\/www.facebook.com\/sumkcap\" \/>\n<meta property=\"article:modified_time\" content=\"2026-02-06T03:53:34+00:00\" \/>\n<meta property=\"og:image\" content=\"https:\/\/sumkcaps.com\/wp-content\/uploads\/2022\/10\/6_panel_3d_embroidery_fitted_snapback_cap-1-4-scaled.jpg\" \/>\n\t<meta property=\"og:image:width\" content=\"2560\" \/>\n\t<meta property=\"og:image:height\" content=\"2560\" \/>\n\t<meta property=\"og:image:type\" content=\"image\/jpeg\" \/>\n<meta name=\"twitter:card\" content=\"summary_large_image\" \/>\n<meta name=\"twitter:label1\" content=\"Tempo estimado de leitura\" \/>\n\t<meta name=\"twitter:data1\" content=\"2 minutos\" \/>\n<script type=\"application\/ld+json\" class=\"yoast-schema-graph\">{\"@context\":\"https:\/\/schema.org\",\"@graph\":[{\"@type\":\"WebPage\",\"@id\":\"https:\/\/sumkcaps.com\/product\/sufox-231137-custom-six-panel-3d-embroidery-fitted-snapback-cap\/\",\"url\":\"https:\/\/sumkcaps.com\/product\/sufox-231137-custom-six-panel-3d-embroidery-fitted-snapback-cap\/\",\"name\":\"Custom 3D Embroidery Fitted Snapback Cap | China Manufactuer\",\"isPartOf\":{\"@id\":\"https:\/\/sumkcaps.com\/#website\"},\"primaryImageOfPage\":{\"@id\":\"https:\/\/sumkcaps.com\/product\/sufox-231137-custom-six-panel-3d-embroidery-fitted-snapback-cap\/#primaryimage\"},\"image\":{\"@id\":\"https:\/\/sumkcaps.com\/product\/sufox-231137-custom-six-panel-3d-embroidery-fitted-snapback-cap\/#primaryimage\"},\"thumbnailUrl\":\"https:\/\/sumkcaps.com\/wp-content\/uploads\/2022\/10\/6_panel_3d_embroidery_fitted_snapback_cap-1-4-scaled.jpg\",\"datePublished\":\"2022-10-27T05:32:55+00:00\",\"dateModified\":\"2026-02-06T03:53:34+00:00\",\"description\":\"More Than 10 Years Of Experience In The Headwear Industry. Cap Manufacturers.100% Satisfaction Guarantee. Expert Service. Bulk Discount. Quick delivery.\",\"breadcrumb\":{\"@id\":\"https:\/\/sumkcaps.com\/product\/sufox-231137-custom-six-panel-3d-embroidery-fitted-snapback-cap\/#breadcrumb\"},\"inLanguage\":\"pt-PT\",\"potentialAction\":[{\"@type\":\"ReadAction\",\"target\":[\"https:\/\/sumkcaps.com\/product\/sufox-231137-custom-six-panel-3d-embroidery-fitted-snapback-cap\/\"]}]},{\"@type\":\"ImageObject\",\"inLanguage\":\"pt-PT\",\"@id\":\"https:\/\/sumkcaps.com\/product\/sufox-231137-custom-six-panel-3d-embroidery-fitted-snapback-cap\/#primaryimage\",\"url\":\"https:\/\/sumkcaps.com\/wp-content\/uploads\/2022\/10\/6_panel_3d_embroidery_fitted_snapback_cap-1-4-scaled.jpg\",\"contentUrl\":\"https:\/\/sumkcaps.com\/wp-content\/uploads\/2022\/10\/6_panel_3d_embroidery_fitted_snapback_cap-1-4-scaled.jpg\",\"width\":2560,\"height\":2560},{\"@type\":\"BreadcrumbList\",\"@id\":\"https:\/\/sumkcaps.com\/product\/sufox-231137-custom-six-panel-3d-embroidery-fitted-snapback-cap\/#breadcrumb\",\"itemListElement\":[{\"@type\":\"ListItem\",\"position\":1,\"name\":\"Home\",\"item\":\"https:\/\/sumkcaps.com\/\"},{\"@type\":\"ListItem\",\"position\":2,\"name\":\"Products\",\"item\":\"https:\/\/sumkcaps.com\/product\/\"},{\"@type\":\"ListItem\",\"position\":3,\"name\":\"Sumkcaps 231137 Custom Six Panel 3D Embroidery Fitted Snapback Cap\"}]},{\"@type\":\"WebSite\",\"@id\":\"https:\/\/sumkcaps.com\/#website\",\"url\":\"https:\/\/sumkcaps.com\/\",\"name\":\"Sumkcaps-China Original Headwear Manufacturer and Suppliers\",\"description\":\"We are China Cap And Hat Original Factory, whose main business is to custom cap and hat as client&#039;s LOGO. Any cap style, any cap color, any qty, any material and qty is no problem. In one words, any small details can be customized as your request.\",\"publisher\":{\"@id\":\"https:\/\/sumkcaps.com\/#organization\"},\"potentialAction\":[{\"@type\":\"SearchAction\",\"target\":{\"@type\":\"EntryPoint\",\"urlTemplate\":\"https:\/\/sumkcaps.com\/?s={search_term_string}\"},\"query-input\":{\"@type\":\"PropertyValueSpecification\",\"valueRequired\":true,\"valueName\":\"search_term_string\"}}],\"inLanguage\":\"pt-PT\"},{\"@type\":\"Organization\",\"@id\":\"https:\/\/sumkcaps.com\/#organization\",\"name\":\"Sumkcaps-China Original Headwear Manufacturer and Suppliers\",\"url\":\"https:\/\/sumkcaps.com\/\",\"logo\":{\"@type\":\"ImageObject\",\"inLanguage\":\"pt-PT\",\"@id\":\"https:\/\/sumkcaps.com\/#\/schema\/logo\/image\/\",\"url\":\"https:\/\/sumkcaps.com\/wp-content\/uploads\/2025\/12\/1234.jpg\",\"contentUrl\":\"https:\/\/sumkcaps.com\/wp-content\/uploads\/2025\/12\/1234.jpg\",\"width\":800,\"height\":800,\"caption\":\"Sumkcaps-China Original Headwear Manufacturer and Suppliers\"},\"image\":{\"@id\":\"https:\/\/sumkcaps.com\/#\/schema\/logo\/image\/\"},\"sameAs\":[\"https:\/\/www.facebook.com\/sumkcap\",\"https:\/\/www.instagram.com\/sumkcaps7\/\",\"https:\/\/www.pinterest.com\/sumkcapschina\/\"]}]}<\/script>\n<!-- \/ Yoast SEO Premium plugin. -->","yoast_head_json":{"title":"Bon\u00e9 Snapback Personalizado com Bordado 3D e Encaixe | Fabricante da China","description":"Mais de 10 anos de experi\u00eancia na ind\u00fastria de chap\u00e9us. Fabricantes de bon\u00e9s.100% Garantia de satisfa\u00e7\u00e3o. Servi\u00e7o especializado. Desconto em massa. Entrega r\u00e1pida.","robots":{"index":"index","follow":"follow","max-snippet":"max-snippet:-1","max-image-preview":"max-image-preview:large","max-video-preview":"max-video-preview:-1"},"canonical":"https:\/\/sumkcaps.com\/pt\/produto\/sufox-231137-bone-snapback-personalizado-de-seis-paineis-com-bordado-3d\/","og_locale":"pt_PT","og_type":"article","og_title":"Sumkcaps 231137 Custom Six Panel 3D Embroidery Fitted Snapback Cap - Sumkcaps","og_description":"More Than 10 Years Of Experience In The Headwear Industry. Cap Manufacturers.100% Satisfaction Guarantee. Expert Service. Bulk Discount. Quick delivery.","og_url":"https:\/\/sumkcaps.com\/pt\/produto\/sufox-231137-bone-snapback-personalizado-de-seis-paineis-com-bordado-3d\/","og_site_name":"Sumkcaps-China Original Headwear Manufacturer and Suppliers","article_publisher":"https:\/\/www.facebook.com\/sumkcap","article_modified_time":"2026-02-06T03:53:34+00:00","og_image":[{"width":2560,"height":2560,"url":"https:\/\/sumkcaps.com\/wp-content\/uploads\/2022\/10\/6_panel_3d_embroidery_fitted_snapback_cap-1-4-scaled.jpg","type":"image\/jpeg"}],"twitter_card":"summary_large_image","twitter_misc":{"Tempo estimado de leitura":"2 minutos"},"schema":{"@context":"https:\/\/schema.org","@graph":[{"@type":"WebPage","@id":"https:\/\/sumkcaps.com\/product\/sufox-231137-custom-six-panel-3d-embroidery-fitted-snapback-cap\/","url":"https:\/\/sumkcaps.com\/product\/sufox-231137-custom-six-panel-3d-embroidery-fitted-snapback-cap\/","name":"Bon\u00e9 Snapback Personalizado com Bordado 3D e Encaixe | Fabricante da China","isPartOf":{"@id":"https:\/\/sumkcaps.com\/#website"},"primaryImageOfPage":{"@id":"https:\/\/sumkcaps.com\/product\/sufox-231137-custom-six-panel-3d-embroidery-fitted-snapback-cap\/#primaryimage"},"image":{"@id":"https:\/\/sumkcaps.com\/product\/sufox-231137-custom-six-panel-3d-embroidery-fitted-snapback-cap\/#primaryimage"},"thumbnailUrl":"https:\/\/sumkcaps.com\/wp-content\/uploads\/2022\/10\/6_panel_3d_embroidery_fitted_snapback_cap-1-4-scaled.jpg","datePublished":"2022-10-27T05:32:55+00:00","dateModified":"2026-02-06T03:53:34+00:00","description":"Mais de 10 anos de experi\u00eancia na ind\u00fastria de chap\u00e9us. Fabricantes de bon\u00e9s.100% Garantia de satisfa\u00e7\u00e3o. Servi\u00e7o especializado. Desconto em massa. Entrega r\u00e1pida.","breadcrumb":{"@id":"https:\/\/sumkcaps.com\/product\/sufox-231137-custom-six-panel-3d-embroidery-fitted-snapback-cap\/#breadcrumb"},"inLanguage":"pt-PT","potentialAction":[{"@type":"ReadAction","target":["https:\/\/sumkcaps.com\/product\/sufox-231137-custom-six-panel-3d-embroidery-fitted-snapback-cap\/"]}]},{"@type":"ImageObject","inLanguage":"pt-PT","@id":"https:\/\/sumkcaps.com\/product\/sufox-231137-custom-six-panel-3d-embroidery-fitted-snapback-cap\/#primaryimage","url":"https:\/\/sumkcaps.com\/wp-content\/uploads\/2022\/10\/6_panel_3d_embroidery_fitted_snapback_cap-1-4-scaled.jpg","contentUrl":"https:\/\/sumkcaps.com\/wp-content\/uploads\/2022\/10\/6_panel_3d_embroidery_fitted_snapback_cap-1-4-scaled.jpg","width":2560,"height":2560},{"@type":"BreadcrumbList","@id":"https:\/\/sumkcaps.com\/product\/sufox-231137-custom-six-panel-3d-embroidery-fitted-snapback-cap\/#breadcrumb","itemListElement":[{"@type":"ListItem","position":1,"name":"Home","item":"https:\/\/sumkcaps.com\/"},{"@type":"ListItem","position":2,"name":"Products","item":"https:\/\/sumkcaps.com\/product\/"},{"@type":"ListItem","position":3,"name":"Sumkcaps 231137 Custom Six Panel 3D Embroidery Fitted Snapback Cap"}]},{"@type":"WebSite","@id":"https:\/\/sumkcaps.com\/#website","url":"https:\/\/sumkcaps.com\/","name":"Sumkcaps-China Original Headwear Fabricante e fornecedores","description":"Somos a F\u00e1brica Original de Bon\u00e9s e Chap\u00e9us da China, cujo principal neg\u00f3cio \u00e9 personalizar bon\u00e9s e chap\u00e9us de acordo com o LOGOTIPO do cliente. Qualquer estilo de bon\u00e9, qualquer cor de bon\u00e9, qualquer quantidade, qualquer material e quantidade n\u00e3o \u00e9 problema. Por outras palavras, todos os pequenos detalhes podem ser personalizados a seu pedido.","publisher":{"@id":"https:\/\/sumkcaps.com\/#organization"},"potentialAction":[{"@type":"SearchAction","target":{"@type":"EntryPoint","urlTemplate":"https:\/\/sumkcaps.com\/?s={search_term_string}"},"query-input":{"@type":"PropertyValueSpecification","valueRequired":true,"valueName":"search_term_string"}}],"inLanguage":"pt-PT"},{"@type":"Organization","@id":"https:\/\/sumkcaps.com\/#organization","name":"Sumkcaps-China Original Headwear Fabricante e fornecedores","url":"https:\/\/sumkcaps.com\/","logo":{"@type":"ImageObject","inLanguage":"pt-PT","@id":"https:\/\/sumkcaps.com\/#\/schema\/logo\/image\/","url":"https:\/\/sumkcaps.com\/wp-content\/uploads\/2025\/12\/1234.jpg","contentUrl":"https:\/\/sumkcaps.com\/wp-content\/uploads\/2025\/12\/1234.jpg","width":800,"height":800,"caption":"Sumkcaps-China Original Headwear Manufacturer and Suppliers"},"image":{"@id":"https:\/\/sumkcaps.com\/#\/schema\/logo\/image\/"},"sameAs":["https:\/\/www.facebook.com\/sumkcap","https:\/\/www.instagram.com\/sumkcaps7\/","https:\/\/www.pinterest.com\/sumkcapschina\/"]}]}},"taxonomy_info":{"product_cat":[{"value":42,"label":"Snapback Hats Wholesale"}]},"featured_image_src_large":["https:\/\/sumkcaps.com\/wp-content\/uploads\/2022\/10\/6_panel_3d_embroidery_fitted_snapback_cap-1-4-1024x1024.jpg",800,800,true],"author_info":[],"comment_info":"","_links":{"self":[{"href":"https:\/\/sumkcaps.com\/pt\/wp-json\/wp\/v2\/product\/18140","targetHints":{"allow":["GET"]}}],"collection":[{"href":"https:\/\/sumkcaps.com\/pt\/wp-json\/wp\/v2\/product"}],"about":[{"href":"https:\/\/sumkcaps.com\/pt\/wp-json\/wp\/v2\/types\/product"}],"wp:featuredmedia":[{"embeddable":true,"href":"https:\/\/sumkcaps.com\/pt\/wp-json\/wp\/v2\/media\/18141"}],"wp:attachment":[{"href":"https:\/\/sumkcaps.com\/pt\/wp-json\/wp\/v2\/media?parent=18140"}],"wp:term":[{"taxonomy":"product_brand","embeddable":true,"href":"https:\/\/sumkcaps.com\/pt\/wp-json\/wp\/v2\/product_brand?post=18140"},{"taxonomy":"product_cat","embeddable":true,"href":"https:\/\/sumkcaps.com\/pt\/wp-json\/wp\/v2\/product_cat?post=18140"},{"taxonomy":"product_tag","embeddable":true,"href":"https:\/\/sumkcaps.com\/pt\/wp-json\/wp\/v2\/product_tag?post=18140"}],"curies":[{"name":"wp","href":"https:\/\/api.w.org\/{rel}","templated":true}]}}