{"id":18043,"date":"2022-10-27T09:41:04","date_gmt":"2022-10-27T01:41:04","guid":{"rendered":"https:\/\/sumkcaps.com\/?post_type=product&#038;p=18043"},"modified":"2026-02-26T16:48:56","modified_gmt":"2026-02-26T08:48:56","slug":"sufox-231124-custom-six-panel-sublimation-printing-snapback-cap","status":"publish","type":"product","link":"https:\/\/sumkcaps.com\/pt\/produto\/sufox-231124-bone-snapback-personalizado-de-seis-paineis-com-impressao-por-sublimacao\/","title":{"rendered":"Sumkcaps 231124 Bon\u00e9 Snapback personalizado de seis pain\u00e9is com impress\u00e3o por sublima\u00e7\u00e3o"},"content":{"rendered":"<div class=\"flex flex-col text-sm pb-25\">\n<article class=\"text-token-text-primary w-full focus:outline-none [--shadow-height:45px] has-data-writing-block:pointer-events-none has-data-writing-block:-mt-(--shadow-height) has-data-writing-block:pt-(--shadow-height) [&amp;:has([data-writing-block])&gt;*]:pointer-events-auto scroll-mt-[calc(var(--header-height)+min(200px,max(70px,20svh)))]\" dir=\"auto\" tabindex=\"-1\" data-turn-id=\"request-699ff822-ab3c-8321-8f15-3ba4b4f9ab0b-2\" data-testid=\"conversation-turn-8\" data-scroll-anchor=\"true\" data-turn=\"assistant\">\n<div class=\"text-base my-auto mx-auto pb-10 [--thread-content-margin:--spacing(4)] @w-sm\/main:[--thread-content-margin:--spacing(6)] @w-lg\/main:[--thread-content-margin:--spacing(16)] px-(--thread-content-margin)\">\n<div class=\"[--thread-content-max-width:40rem] @w-lg\/main:[--thread-content-max-width:48rem] mx-auto max-w-(--thread-content-max-width) flex-1 group\/turn-messages focus-visible:outline-hidden relative flex w-full min-w-0 flex-col agent-turn\" tabindex=\"-1\">\n<div class=\"flex max-w-full flex-col grow\">\n<div class=\"min-h-8 text-message relative flex w-full flex-col items-end gap-2 text-start break-words whitespace-normal [.text-message+&amp;]:mt-1\" dir=\"auto\" data-message-author-role=\"assistant\" data-message-id=\"745884d4-e905-4886-84e9-192cb383f18d\" data-message-model-slug=\"gpt-5-2\">\n<div class=\"flex w-full flex-col gap-1 empty:hidden first:pt-[1px]\">\n<div class=\"markdown prose dark:prose-invert w-full wrap-break-word light markdown-new-styling\">\n<h3 data-start=\"88\" data-end=\"449\"><strong data-start=\"88\" data-end=\"152\">Decora\u00e7\u00e3o<\/strong><\/h3>\n<p data-start=\"88\" data-end=\"449\">Este bon\u00e9 snapback \u00e9 compat\u00edvel com v\u00e1rios m\u00e9todos de decora\u00e7\u00e3o, incluindo impress\u00e3o por sublima\u00e7\u00e3o e emblemas de bordado. A impress\u00e3o por sublima\u00e7\u00e3o permite desenhos a cores e com muitos pormenores, com resultados duradouros, enquanto os patches de bordado acrescentam textura e um efeito visual de qualidade superior para uma apresenta\u00e7\u00e3o mais forte da marca.<\/p>\n<h3 data-start=\"451\" data-end=\"715\"><strong data-start=\"451\" data-end=\"478\">Material<\/strong><\/h3>\n<p data-start=\"451\" data-end=\"715\">Fabricado em nylon leve e dur\u00e1vel, este bon\u00e9 oferece uma excelente resist\u00eancia ao desgaste e \u00e0 deforma\u00e7\u00e3o. A superf\u00edcie lisa \u00e9 ideal para a impress\u00e3o por sublima\u00e7\u00e3o e ajuda a obter desenhos n\u00edtidos e vibrantes, garantindo o conforto da utiliza\u00e7\u00e3o di\u00e1ria.<\/p>\n<h3 data-start=\"717\" data-end=\"951\"><strong data-start=\"717\" data-end=\"739\">Cor<\/strong><\/h3>\n<p data-start=\"717\" data-end=\"951\">Dispon\u00edvel em cores totalmente personalizadas, este bon\u00e9 pode ser combinado com a identidade da sua marca ou conceito de design. As op\u00e7\u00f5es de cores flex\u00edveis tornam-no adequado para campanhas promocionais, colec\u00e7\u00f5es de retalho e uniformes de equipa.<\/p>\n<h3 data-start=\"953\" data-end=\"1190\"><strong data-start=\"953\" data-end=\"986\">Ajuste e tamanho<\/strong><\/h3>\n<p data-start=\"953\" data-end=\"1190\">Com um fecho de encaixe ajust\u00e1vel, este bon\u00e9 foi concebido no tamanho OSFM para se adaptar \u00e0 maioria dos tamanhos de cabe\u00e7a de 7 a 7 3\/4. A estrutura ajust\u00e1vel proporciona um ajuste seguro e confort\u00e1vel para diferentes utilizadores.<\/p>\n<h3 data-start=\"1192\" data-end=\"1395\"><strong data-start=\"1192\" data-end=\"1213\">Viseira<\/strong><\/h3>\n<p data-start=\"1192\" data-end=\"1395\">A viseira plana proporciona um aspeto limpo e moderno, ao mesmo tempo que oferece uma prote\u00e7\u00e3o solar pr\u00e1tica. O seu design estruturado ajuda a manter a forma e melhora o estilo streetwear geral.<\/p>\n<h3 data-start=\"1397\" data-end=\"1632\"><strong data-start=\"1397\" data-end=\"1420\">Servi\u00e7o<\/strong><\/h3>\n<p data-start=\"1397\" data-end=\"1632\">Os servi\u00e7os OEM e ODM est\u00e3o dispon\u00edveis para apoiar a personaliza\u00e7\u00e3o total, incluindo o design do log\u00f3tipo, materiais, cores, etiquetas e embalagens. A nossa equipa experiente garante que os seus projectos personalizados cumprem os padr\u00f5es profissionais.<\/p>\n<h3 data-start=\"1634\" data-end=\"1836\"><strong data-start=\"1634\" data-end=\"1653\">Tempo de resposta<\/strong><\/h3>\n<p data-start=\"1634\" data-end=\"1836\" data-is-last-node=\"\" data-is-only-node=\"\">A produ\u00e7\u00e3o de amostras demora normalmente 7-9 dias \u00fateis para uma confirma\u00e7\u00e3o r\u00e1pida. A produ\u00e7\u00e3o em massa requer aproximadamente 18-22 dias \u00fateis, garantindo uma qualidade consistente e uma entrega atempada.<\/p>\n<\/div>\n<\/div>\n<\/div>\n<\/div>\n<\/div>\n<\/div>\n<\/article>\n<\/div>","protected":false},"excerpt":{"rendered":"<p>Sumkcaps 231124 Custom Six Panel Sublimation Printing Snapback Cap \u00e9 um dos estilos populares de bon\u00e9, leve e respir\u00e1vel. Nossos Snapbacks v\u00eam em uma variedade de estilos e cores de todas as principais marcas.<\/p>","protected":false},"featured_media":18044,"template":"","meta":{"_acf_changed":false,"_kad_blocks_custom_css":"","_kad_blocks_head_custom_js":"","_kad_blocks_body_custom_js":"","_kad_blocks_footer_custom_js":""},"product_brand":[],"product_cat":[42],"product_tag":[],"class_list":{"0":"post-18043","1":"product","2":"type-product","3":"status-publish","4":"has-post-thumbnail","6":"product_cat-snapback-cap","8":"first","9":"outofstock","10":"shipping-taxable","11":"product-type-simple"},"acf":[],"yoast_head":"<!-- This site is optimized with the Yoast SEO Premium plugin v20.8 (Yoast SEO v25.9) - https:\/\/yoast.com\/wordpress\/plugins\/seo\/ -->\n<title>Custom Sublimation Printing Snapback Cap | China Manufactuer<\/title>\n<meta name=\"description\" content=\"High Quality China Custom Headwear Manufacturer. Top Quality Products At Best Prices. 100% Satisfaction Guarantee. Save Your 75% Budget! Order Today!\" \/>\n<meta name=\"robots\" content=\"index, follow, max-snippet:-1, max-image-preview:large, max-video-preview:-1\" \/>\n<link rel=\"canonical\" href=\"https:\/\/sumkcaps.com\/pt\/produto\/sufox-231124-bone-snapback-personalizado-de-seis-paineis-com-impressao-por-sublimacao\/\" \/>\n<meta property=\"og:locale\" content=\"pt_PT\" \/>\n<meta property=\"og:type\" content=\"article\" \/>\n<meta property=\"og:title\" content=\"Sumkcaps 231124 Custom Six Panel Sublimation Printing Snapback Cap - Sumkcaps\" \/>\n<meta property=\"og:description\" content=\"High Quality China Custom Headwear Manufacturer. Top Quality Products At Best Prices. 100% Satisfaction Guarantee. Save Your 75% Budget! Order Today!\" \/>\n<meta property=\"og:url\" content=\"https:\/\/sumkcaps.com\/pt\/produto\/sufox-231124-bone-snapback-personalizado-de-seis-paineis-com-impressao-por-sublimacao\/\" \/>\n<meta property=\"og:site_name\" content=\"Sumkcaps-China Original Headwear Manufacturer and Suppliers\" \/>\n<meta property=\"article:publisher\" content=\"https:\/\/www.facebook.com\/sumkcap\" \/>\n<meta property=\"article:modified_time\" content=\"2026-02-26T08:48:56+00:00\" \/>\n<meta property=\"og:image\" content=\"https:\/\/sumkcaps.com\/wp-content\/uploads\/2022\/10\/6_panel_sublimation_printing_nylon_snapback_cap-1.jpg\" \/>\n\t<meta property=\"og:image:width\" content=\"750\" \/>\n\t<meta property=\"og:image:height\" content=\"750\" \/>\n\t<meta property=\"og:image:type\" content=\"image\/jpeg\" \/>\n<meta name=\"twitter:card\" content=\"summary_large_image\" \/>\n<meta name=\"twitter:label1\" content=\"Tempo estimado de leitura\" \/>\n\t<meta name=\"twitter:data1\" content=\"2 minutos\" \/>\n<script type=\"application\/ld+json\" class=\"yoast-schema-graph\">{\"@context\":\"https:\/\/schema.org\",\"@graph\":[{\"@type\":\"WebPage\",\"@id\":\"https:\/\/sumkcaps.com\/product\/sufox-231124-custom-six-panel-sublimation-printing-snapback-cap\/\",\"url\":\"https:\/\/sumkcaps.com\/product\/sufox-231124-custom-six-panel-sublimation-printing-snapback-cap\/\",\"name\":\"Custom Sublimation Printing Snapback Cap | China Manufactuer\",\"isPartOf\":{\"@id\":\"https:\/\/sumkcaps.com\/#website\"},\"primaryImageOfPage\":{\"@id\":\"https:\/\/sumkcaps.com\/product\/sufox-231124-custom-six-panel-sublimation-printing-snapback-cap\/#primaryimage\"},\"image\":{\"@id\":\"https:\/\/sumkcaps.com\/product\/sufox-231124-custom-six-panel-sublimation-printing-snapback-cap\/#primaryimage\"},\"thumbnailUrl\":\"https:\/\/sumkcaps.com\/wp-content\/uploads\/2022\/10\/6_panel_sublimation_printing_nylon_snapback_cap-1.jpg\",\"datePublished\":\"2022-10-27T01:41:04+00:00\",\"dateModified\":\"2026-02-26T08:48:56+00:00\",\"description\":\"High Quality China Custom Headwear Manufacturer. Top Quality Products At Best Prices. 100% Satisfaction Guarantee. Save Your 75% Budget! Order Today!\",\"breadcrumb\":{\"@id\":\"https:\/\/sumkcaps.com\/product\/sufox-231124-custom-six-panel-sublimation-printing-snapback-cap\/#breadcrumb\"},\"inLanguage\":\"pt-PT\",\"potentialAction\":[{\"@type\":\"ReadAction\",\"target\":[\"https:\/\/sumkcaps.com\/product\/sufox-231124-custom-six-panel-sublimation-printing-snapback-cap\/\"]}]},{\"@type\":\"ImageObject\",\"inLanguage\":\"pt-PT\",\"@id\":\"https:\/\/sumkcaps.com\/product\/sufox-231124-custom-six-panel-sublimation-printing-snapback-cap\/#primaryimage\",\"url\":\"https:\/\/sumkcaps.com\/wp-content\/uploads\/2022\/10\/6_panel_sublimation_printing_nylon_snapback_cap-1.jpg\",\"contentUrl\":\"https:\/\/sumkcaps.com\/wp-content\/uploads\/2022\/10\/6_panel_sublimation_printing_nylon_snapback_cap-1.jpg\",\"width\":750,\"height\":750},{\"@type\":\"BreadcrumbList\",\"@id\":\"https:\/\/sumkcaps.com\/product\/sufox-231124-custom-six-panel-sublimation-printing-snapback-cap\/#breadcrumb\",\"itemListElement\":[{\"@type\":\"ListItem\",\"position\":1,\"name\":\"Home\",\"item\":\"https:\/\/sumkcaps.com\/\"},{\"@type\":\"ListItem\",\"position\":2,\"name\":\"Products\",\"item\":\"https:\/\/sumkcaps.com\/product\/\"},{\"@type\":\"ListItem\",\"position\":3,\"name\":\"Sumkcaps 231124 Custom Six Panel Sublimation Printing Snapback Cap\"}]},{\"@type\":\"WebSite\",\"@id\":\"https:\/\/sumkcaps.com\/#website\",\"url\":\"https:\/\/sumkcaps.com\/\",\"name\":\"Sumkcaps-China Original Headwear Manufacturer and Suppliers\",\"description\":\"We are China Cap And Hat Original Factory, whose main business is to custom cap and hat as client&#039;s LOGO. Any cap style, any cap color, any qty, any material and qty is no problem. In one words, any small details can be customized as your request.\",\"publisher\":{\"@id\":\"https:\/\/sumkcaps.com\/#organization\"},\"potentialAction\":[{\"@type\":\"SearchAction\",\"target\":{\"@type\":\"EntryPoint\",\"urlTemplate\":\"https:\/\/sumkcaps.com\/?s={search_term_string}\"},\"query-input\":{\"@type\":\"PropertyValueSpecification\",\"valueRequired\":true,\"valueName\":\"search_term_string\"}}],\"inLanguage\":\"pt-PT\"},{\"@type\":\"Organization\",\"@id\":\"https:\/\/sumkcaps.com\/#organization\",\"name\":\"Sumkcaps-China Original Headwear Manufacturer and Suppliers\",\"url\":\"https:\/\/sumkcaps.com\/\",\"logo\":{\"@type\":\"ImageObject\",\"inLanguage\":\"pt-PT\",\"@id\":\"https:\/\/sumkcaps.com\/#\/schema\/logo\/image\/\",\"url\":\"https:\/\/sumkcaps.com\/wp-content\/uploads\/2025\/12\/1234.jpg\",\"contentUrl\":\"https:\/\/sumkcaps.com\/wp-content\/uploads\/2025\/12\/1234.jpg\",\"width\":800,\"height\":800,\"caption\":\"Sumkcaps-China Original Headwear Manufacturer and Suppliers\"},\"image\":{\"@id\":\"https:\/\/sumkcaps.com\/#\/schema\/logo\/image\/\"},\"sameAs\":[\"https:\/\/www.facebook.com\/sumkcap\",\"https:\/\/www.instagram.com\/sumkcaps7\/\",\"https:\/\/www.pinterest.com\/sumkcapschina\/\"]}]}<\/script>\n<!-- \/ Yoast SEO Premium plugin. -->","yoast_head_json":{"title":"Bon\u00e9 Snapback com Impress\u00e3o por Sublima\u00e7\u00e3o Personalizada | Fabricante da China","description":"Fabricante de chap\u00e9us personalizados na China de alta qualidade. Produtos de alta qualidade aos melhores pre\u00e7os. Garantia de satisfa\u00e7\u00e3o 100%. Poupe o seu or\u00e7amento 75%! Encomende hoje!","robots":{"index":"index","follow":"follow","max-snippet":"max-snippet:-1","max-image-preview":"max-image-preview:large","max-video-preview":"max-video-preview:-1"},"canonical":"https:\/\/sumkcaps.com\/pt\/produto\/sufox-231124-bone-snapback-personalizado-de-seis-paineis-com-impressao-por-sublimacao\/","og_locale":"pt_PT","og_type":"article","og_title":"Sumkcaps 231124 Custom Six Panel Sublimation Printing Snapback Cap - Sumkcaps","og_description":"High Quality China Custom Headwear Manufacturer. Top Quality Products At Best Prices. 100% Satisfaction Guarantee. Save Your 75% Budget! Order Today!","og_url":"https:\/\/sumkcaps.com\/pt\/produto\/sufox-231124-bone-snapback-personalizado-de-seis-paineis-com-impressao-por-sublimacao\/","og_site_name":"Sumkcaps-China Original Headwear Manufacturer and Suppliers","article_publisher":"https:\/\/www.facebook.com\/sumkcap","article_modified_time":"2026-02-26T08:48:56+00:00","og_image":[{"width":750,"height":750,"url":"https:\/\/sumkcaps.com\/wp-content\/uploads\/2022\/10\/6_panel_sublimation_printing_nylon_snapback_cap-1.jpg","type":"image\/jpeg"}],"twitter_card":"summary_large_image","twitter_misc":{"Tempo estimado de leitura":"2 minutos"},"schema":{"@context":"https:\/\/schema.org","@graph":[{"@type":"WebPage","@id":"https:\/\/sumkcaps.com\/product\/sufox-231124-custom-six-panel-sublimation-printing-snapback-cap\/","url":"https:\/\/sumkcaps.com\/product\/sufox-231124-custom-six-panel-sublimation-printing-snapback-cap\/","name":"Bon\u00e9 Snapback com Impress\u00e3o por Sublima\u00e7\u00e3o Personalizada | Fabricante da China","isPartOf":{"@id":"https:\/\/sumkcaps.com\/#website"},"primaryImageOfPage":{"@id":"https:\/\/sumkcaps.com\/product\/sufox-231124-custom-six-panel-sublimation-printing-snapback-cap\/#primaryimage"},"image":{"@id":"https:\/\/sumkcaps.com\/product\/sufox-231124-custom-six-panel-sublimation-printing-snapback-cap\/#primaryimage"},"thumbnailUrl":"https:\/\/sumkcaps.com\/wp-content\/uploads\/2022\/10\/6_panel_sublimation_printing_nylon_snapback_cap-1.jpg","datePublished":"2022-10-27T01:41:04+00:00","dateModified":"2026-02-26T08:48:56+00:00","description":"Fabricante de chap\u00e9us personalizados na China de alta qualidade. Produtos de alta qualidade aos melhores pre\u00e7os. Garantia de satisfa\u00e7\u00e3o 100%. Poupe o seu or\u00e7amento 75%! Encomende hoje!","breadcrumb":{"@id":"https:\/\/sumkcaps.com\/product\/sufox-231124-custom-six-panel-sublimation-printing-snapback-cap\/#breadcrumb"},"inLanguage":"pt-PT","potentialAction":[{"@type":"ReadAction","target":["https:\/\/sumkcaps.com\/product\/sufox-231124-custom-six-panel-sublimation-printing-snapback-cap\/"]}]},{"@type":"ImageObject","inLanguage":"pt-PT","@id":"https:\/\/sumkcaps.com\/product\/sufox-231124-custom-six-panel-sublimation-printing-snapback-cap\/#primaryimage","url":"https:\/\/sumkcaps.com\/wp-content\/uploads\/2022\/10\/6_panel_sublimation_printing_nylon_snapback_cap-1.jpg","contentUrl":"https:\/\/sumkcaps.com\/wp-content\/uploads\/2022\/10\/6_panel_sublimation_printing_nylon_snapback_cap-1.jpg","width":750,"height":750},{"@type":"BreadcrumbList","@id":"https:\/\/sumkcaps.com\/product\/sufox-231124-custom-six-panel-sublimation-printing-snapback-cap\/#breadcrumb","itemListElement":[{"@type":"ListItem","position":1,"name":"Home","item":"https:\/\/sumkcaps.com\/"},{"@type":"ListItem","position":2,"name":"Products","item":"https:\/\/sumkcaps.com\/product\/"},{"@type":"ListItem","position":3,"name":"Sumkcaps 231124 Custom Six Panel Sublimation Printing Snapback Cap"}]},{"@type":"WebSite","@id":"https:\/\/sumkcaps.com\/#website","url":"https:\/\/sumkcaps.com\/","name":"Sumkcaps-China Original Headwear Fabricante e fornecedores","description":"Somos a F\u00e1brica Original de Bon\u00e9s e Chap\u00e9us da China, cujo principal neg\u00f3cio \u00e9 personalizar bon\u00e9s e chap\u00e9us de acordo com o LOGOTIPO do cliente. Qualquer estilo de bon\u00e9, qualquer cor de bon\u00e9, qualquer quantidade, qualquer material e quantidade n\u00e3o \u00e9 problema. Por outras palavras, todos os pequenos detalhes podem ser personalizados a seu pedido.","publisher":{"@id":"https:\/\/sumkcaps.com\/#organization"},"potentialAction":[{"@type":"SearchAction","target":{"@type":"EntryPoint","urlTemplate":"https:\/\/sumkcaps.com\/?s={search_term_string}"},"query-input":{"@type":"PropertyValueSpecification","valueRequired":true,"valueName":"search_term_string"}}],"inLanguage":"pt-PT"},{"@type":"Organization","@id":"https:\/\/sumkcaps.com\/#organization","name":"Sumkcaps-China Original Headwear Fabricante e fornecedores","url":"https:\/\/sumkcaps.com\/","logo":{"@type":"ImageObject","inLanguage":"pt-PT","@id":"https:\/\/sumkcaps.com\/#\/schema\/logo\/image\/","url":"https:\/\/sumkcaps.com\/wp-content\/uploads\/2025\/12\/1234.jpg","contentUrl":"https:\/\/sumkcaps.com\/wp-content\/uploads\/2025\/12\/1234.jpg","width":800,"height":800,"caption":"Sumkcaps-China Original Headwear Manufacturer and Suppliers"},"image":{"@id":"https:\/\/sumkcaps.com\/#\/schema\/logo\/image\/"},"sameAs":["https:\/\/www.facebook.com\/sumkcap","https:\/\/www.instagram.com\/sumkcaps7\/","https:\/\/www.pinterest.com\/sumkcapschina\/"]}]}},"taxonomy_info":{"product_cat":[{"value":42,"label":"Snapback Hats Wholesale"}]},"featured_image_src_large":["https:\/\/sumkcaps.com\/wp-content\/uploads\/2022\/10\/6_panel_sublimation_printing_nylon_snapback_cap-1.jpg",750,750,false],"author_info":[],"comment_info":"","_links":{"self":[{"href":"https:\/\/sumkcaps.com\/pt\/wp-json\/wp\/v2\/product\/18043","targetHints":{"allow":["GET"]}}],"collection":[{"href":"https:\/\/sumkcaps.com\/pt\/wp-json\/wp\/v2\/product"}],"about":[{"href":"https:\/\/sumkcaps.com\/pt\/wp-json\/wp\/v2\/types\/product"}],"wp:featuredmedia":[{"embeddable":true,"href":"https:\/\/sumkcaps.com\/pt\/wp-json\/wp\/v2\/media\/18044"}],"wp:attachment":[{"href":"https:\/\/sumkcaps.com\/pt\/wp-json\/wp\/v2\/media?parent=18043"}],"wp:term":[{"taxonomy":"product_brand","embeddable":true,"href":"https:\/\/sumkcaps.com\/pt\/wp-json\/wp\/v2\/product_brand?post=18043"},{"taxonomy":"product_cat","embeddable":true,"href":"https:\/\/sumkcaps.com\/pt\/wp-json\/wp\/v2\/product_cat?post=18043"},{"taxonomy":"product_tag","embeddable":true,"href":"https:\/\/sumkcaps.com\/pt\/wp-json\/wp\/v2\/product_tag?post=18043"}],"curies":[{"name":"wp","href":"https:\/\/api.w.org\/{rel}","templated":true}]}}