{"id":18023,"date":"2022-10-27T09:18:13","date_gmt":"2022-10-27T01:18:13","guid":{"rendered":"https:\/\/sumkcaps.com\/?post_type=product&#038;p=18023"},"modified":"2025-07-10T09:05:57","modified_gmt":"2025-07-10T01:05:57","slug":"sufox-231122-custom-six-panel-3d-embroidery-fitted-snapback-cap","status":"publish","type":"product","link":"https:\/\/sumkcaps.com\/pt\/produto\/sufox-231122-bone-snapback-personalizado-de-seis-paineis-com-bordado-3d\/","title":{"rendered":"Sumkcaps 231122 Bon\u00e9 Snapback personalizado com bordado 3D de seis pain\u00e9is"},"content":{"rendered":"<h2 data-start=\"269\" data-end=\"323\"><strong data-start=\"276\" data-end=\"321\">Tipo e estrutura do chap\u00e9u: Bon\u00e9 com fecho de correr<\/strong><\/h2>\n<p data-start=\"324\" data-end=\"766\">Esta tampa pertence \u00e0 <strong data-start=\"348\" data-end=\"371\">bon\u00e9 snapback fam\u00edlia<\/strong>, caracterizado pela sua <strong data-start=\"394\" data-end=\"407\">fatura fixa<\/strong> e <strong data-start=\"412\" data-end=\"439\">fecho de mola ajust\u00e1vel<\/strong>. Ao contr\u00e1rio dos chap\u00e9us de pai casuais ou dos bon\u00e9s de desempenho, o <strong data-start=\"489\" data-end=\"508\">snapback ajustado<\/strong> \u00e9 estruturado e elegante, oferecendo um ajuste confort\u00e1vel que combina o estilo urbano com a funcionalidade dos chap\u00e9us. Os <strong data-start=\"613\" data-end=\"639\">constru\u00e7\u00e3o com seis pain\u00e9is<\/strong> melhora a reten\u00e7\u00e3o da forma e oferece uma silhueta cl\u00e1ssica, tornando-a ideal para streetwear, marcas de equipa e marcas de estilo de vida.<\/p>\n<h2 data-start=\"768\" data-end=\"815\"><strong data-start=\"775\" data-end=\"813\">Composi\u00e7\u00e3o do material: Acr\u00edlico 100%<\/strong><\/h2>\n<p data-start=\"816\" data-end=\"1107\">O acr\u00edlico \u00e9 um material dur\u00e1vel, leve e que mant\u00e9m a forma. \u00c9 muito utilizado em chap\u00e9us de estilo de rua devido \u00e0 sua capacidade de manter os desenhos bordados de forma n\u00edtida, mantendo-se confort\u00e1vel e respir\u00e1vel. Este tecido tamb\u00e9m proporciona <strong data-start=\"1052\" data-end=\"1070\">vibra\u00e7\u00e3o da cor<\/strong>permitindo que os log\u00f3tipos e os padr\u00f5es se destaquem.<\/p>\n<h2 data-start=\"1109\" data-end=\"1167\"><strong data-start=\"1116\" data-end=\"1165\">Estilo de decora\u00e7\u00e3o: Personaliza\u00e7\u00e3o do bordado 3D<\/strong><\/h2>\n<p data-start=\"1168\" data-end=\"1555\">O bordado 3D \u00e9 uma das t\u00e9cnicas de decora\u00e7\u00e3o mais importantes no fabrico de chap\u00e9us. D\u00e1 aos log\u00f3tipos e ao texto um efeito de relevo e t\u00e1til que acrescenta profundidade e dimens\u00e3o. Este m\u00e9todo \u00e9 ideal para marcas que procuram um branding visual de grande impacto. Emparelhado com <strong data-start=\"1419\" data-end=\"1449\">op\u00e7\u00f5es de personaliza\u00e7\u00e3o completas<\/strong>Os utilizadores podem conceber trabalhos art\u00edsticos \u00fanicos, log\u00f3tipos de equipas ou gr\u00e1ficos promocionais adaptados \u00e0 identidade da sua marca.<\/p>\n<h2 data-start=\"1557\" data-end=\"1603\"><strong data-start=\"1564\" data-end=\"1601\">Estilo da viseira: Est\u00e9tica Flat Bill<\/strong><\/h2>\n<p data-start=\"1604\" data-end=\"1901\">O <strong data-start=\"1608\" data-end=\"1627\">viseira de bico plano<\/strong> oferece uma est\u00e9tica moderna e urbana, preferida pelas marcas de streetwear, pela cultura hip-hop e pela popula\u00e7\u00e3o mais jovem. Ao contr\u00e1rio das viseiras curvas que se encontram nos chap\u00e9us de pai ou nos bon\u00e9s de basebol, a aba plana confere um aspeto arrojado e contempor\u00e2neo, tornando-a uma afirma\u00e7\u00e3o de moda para al\u00e9m de um toucado funcional.<\/p>\n<h2 data-start=\"1903\" data-end=\"1958\"><strong data-start=\"1910\" data-end=\"1956\">Personaliza\u00e7\u00e3o de cores: Correspond\u00eancia total de Pantone<\/strong><\/h2>\n<p data-start=\"1959\" data-end=\"2183\">Esta tampa suporta <strong data-start=\"1977\" data-end=\"2004\">cores totalmente personalizadas<\/strong>permitindo \u00e0s marcas corresponder \u00e0s tonalidades Pantone exactas. Quer necessite de monocromos arrojados ou contrastes vibrantes, a personaliza\u00e7\u00e3o ajuda a alinhar o produto na perfei\u00e7\u00e3o com a sua marca visual.<\/p>\n<h2 data-start=\"1959\" data-end=\"2183\"><strong data-start=\"2192\" data-end=\"2222\">Mercados-alvo e casos de utiliza\u00e7\u00e3o<\/strong><\/h2>\n<ul data-start=\"2225\" data-end=\"2551\">\n<li data-start=\"2225\" data-end=\"2307\">\n<p data-start=\"2227\" data-end=\"2307\"><strong data-start=\"2227\" data-end=\"2249\">Marcas de streetwear:<\/strong> Criar linhas de produtos ic\u00f3nicas com uma marca visual forte.<\/p>\n<\/li>\n<li data-start=\"2308\" data-end=\"2391\">\n<p data-start=\"2310\" data-end=\"2391\"><strong data-start=\"2310\" data-end=\"2327\">Equipas desportivas:<\/strong> Chap\u00e9us de equipa de aspeto profissional com designs centrados no log\u00f3tipo.<\/p>\n<\/li>\n<li data-start=\"2392\" data-end=\"2473\">\n<p data-start=\"2394\" data-end=\"2473\"><strong data-start=\"2394\" data-end=\"2419\">Promo\u00e7\u00f5es empresariais:<\/strong> Eleve a identidade da marca com brindes de qualidade superior para chap\u00e9us.<\/p>\n<\/li>\n<li data-start=\"2474\" data-end=\"2551\">\n<p data-start=\"2476\" data-end=\"2551\"><strong data-start=\"2476\" data-end=\"2501\">Mercadoria e retalho:<\/strong> Ideal para revenda em lojas de moda e vestu\u00e1rio.<\/p>\n<\/li>\n<\/ul>\n<h2 data-start=\"2553\" data-end=\"2594\"><strong data-start=\"2560\" data-end=\"2592\">Servi\u00e7os de fabrico e MOQ<\/strong><\/h2>\n<p data-start=\"2595\" data-end=\"2894\">Com um <strong data-start=\"2602\" data-end=\"2663\">quantidade m\u00ednima de encomenda de 200 unidades por desenho e por cor<\/strong>Este produto est\u00e1 optimizado para compradores em massa, tais como marcas de moda, criadores de produtos e organizadores de eventos. Sumkcaps oferece <strong data-start=\"2785\" data-end=\"2807\">Servi\u00e7os OEM e ODM<\/strong>facilitando o lan\u00e7amento da sua pr\u00f3pria linha de tampas com apoio de personaliza\u00e7\u00e3o direto da f\u00e1brica.<\/p>","protected":false},"excerpt":{"rendered":"<p>O Sumkcaps 231122 \u00e9 um snapback personalizado com seis pain\u00e9is, fabricado em acr\u00edlico 100%. Com bordados 3D arrojados e uma viseira plana, oferece personaliza\u00e7\u00e3o a cores e servi\u00e7os OEM e ODM. MOQ 200 unidades por desenho\/cor, perfeito para marcas de streetwear, equipas e promo\u00e7\u00f5es.<\/p>","protected":false},"featured_media":18024,"template":"","meta":{"_acf_changed":false,"_kad_blocks_custom_css":"","_kad_blocks_head_custom_js":"","_kad_blocks_body_custom_js":"","_kad_blocks_footer_custom_js":""},"product_brand":[],"product_cat":[42],"product_tag":[],"class_list":{"0":"post-18023","1":"product","2":"type-product","3":"status-publish","4":"has-post-thumbnail","6":"product_cat-snapback-cap","8":"first","9":"outofstock","10":"shipping-taxable","11":"product-type-simple"},"acf":[],"yoast_head":"<!-- This site is optimized with the Yoast SEO Premium plugin v20.8 (Yoast SEO v25.9) - https:\/\/yoast.com\/wordpress\/plugins\/seo\/ -->\n<title>Custom 3D Embroidery Fitted Snapback Cap | China Manufactuer<\/title>\n<meta name=\"description\" content=\"Custom Cap, Logo Cap, Brand Caps, Custom Made Snapback Caps, Custom Snapback Baseball Hats. Premium Cap Manufacturer since 2006. Quick delivery.\" \/>\n<meta name=\"robots\" content=\"index, follow, max-snippet:-1, max-image-preview:large, max-video-preview:-1\" \/>\n<link rel=\"canonical\" href=\"https:\/\/sumkcaps.com\/pt\/produto\/sufox-231122-bone-snapback-personalizado-de-seis-paineis-com-bordado-3d\/\" \/>\n<meta property=\"og:locale\" content=\"pt_PT\" \/>\n<meta property=\"og:type\" content=\"article\" \/>\n<meta property=\"og:title\" content=\"Sumkcaps 231122 Custom Six Panel 3D Embroidery Fitted Snapback Cap - Sumkcaps\" \/>\n<meta property=\"og:description\" content=\"Custom Cap, Logo Cap, Brand Caps, Custom Made Snapback Caps, Custom Snapback Baseball Hats. Premium Cap Manufacturer since 2006. Quick delivery.\" \/>\n<meta property=\"og:url\" content=\"https:\/\/sumkcaps.com\/pt\/produto\/sufox-231122-bone-snapback-personalizado-de-seis-paineis-com-bordado-3d\/\" \/>\n<meta property=\"og:site_name\" content=\"Sumkcaps-China Original Headwear Manufacturer and Suppliers\" \/>\n<meta property=\"article:publisher\" content=\"https:\/\/www.facebook.com\/sumkcap\" \/>\n<meta property=\"article:modified_time\" content=\"2025-07-10T01:05:57+00:00\" \/>\n<meta property=\"og:image\" content=\"https:\/\/sumkcaps.com\/wp-content\/uploads\/2022\/10\/6_panel_3d_embroidery_fitted_snapback_cap-1-3-scaled.jpg\" \/>\n\t<meta property=\"og:image:width\" content=\"2560\" \/>\n\t<meta property=\"og:image:height\" content=\"2400\" \/>\n\t<meta property=\"og:image:type\" content=\"image\/jpeg\" \/>\n<meta name=\"twitter:card\" content=\"summary_large_image\" \/>\n<meta name=\"twitter:label1\" content=\"Tempo estimado de leitura\" \/>\n\t<meta name=\"twitter:data1\" content=\"2 minutos\" \/>\n<script type=\"application\/ld+json\" class=\"yoast-schema-graph\">{\"@context\":\"https:\/\/schema.org\",\"@graph\":[{\"@type\":\"WebPage\",\"@id\":\"https:\/\/sumkcaps.com\/product\/sufox-231122-custom-six-panel-3d-embroidery-fitted-snapback-cap\/\",\"url\":\"https:\/\/sumkcaps.com\/product\/sufox-231122-custom-six-panel-3d-embroidery-fitted-snapback-cap\/\",\"name\":\"Custom 3D Embroidery Fitted Snapback Cap | China Manufactuer\",\"isPartOf\":{\"@id\":\"https:\/\/sumkcaps.com\/#website\"},\"primaryImageOfPage\":{\"@id\":\"https:\/\/sumkcaps.com\/product\/sufox-231122-custom-six-panel-3d-embroidery-fitted-snapback-cap\/#primaryimage\"},\"image\":{\"@id\":\"https:\/\/sumkcaps.com\/product\/sufox-231122-custom-six-panel-3d-embroidery-fitted-snapback-cap\/#primaryimage\"},\"thumbnailUrl\":\"https:\/\/sumkcaps.com\/wp-content\/uploads\/2022\/10\/6_panel_3d_embroidery_fitted_snapback_cap-1-3-scaled.jpg\",\"datePublished\":\"2022-10-27T01:18:13+00:00\",\"dateModified\":\"2025-07-10T01:05:57+00:00\",\"description\":\"Custom Cap, Logo Cap, Brand Caps, Custom Made Snapback Caps, Custom Snapback Baseball Hats. Premium Cap Manufacturer since 2006. Quick delivery.\",\"breadcrumb\":{\"@id\":\"https:\/\/sumkcaps.com\/product\/sufox-231122-custom-six-panel-3d-embroidery-fitted-snapback-cap\/#breadcrumb\"},\"inLanguage\":\"pt-PT\",\"potentialAction\":[{\"@type\":\"ReadAction\",\"target\":[\"https:\/\/sumkcaps.com\/product\/sufox-231122-custom-six-panel-3d-embroidery-fitted-snapback-cap\/\"]}]},{\"@type\":\"ImageObject\",\"inLanguage\":\"pt-PT\",\"@id\":\"https:\/\/sumkcaps.com\/product\/sufox-231122-custom-six-panel-3d-embroidery-fitted-snapback-cap\/#primaryimage\",\"url\":\"https:\/\/sumkcaps.com\/wp-content\/uploads\/2022\/10\/6_panel_3d_embroidery_fitted_snapback_cap-1-3-scaled.jpg\",\"contentUrl\":\"https:\/\/sumkcaps.com\/wp-content\/uploads\/2022\/10\/6_panel_3d_embroidery_fitted_snapback_cap-1-3-scaled.jpg\",\"width\":2560,\"height\":2400},{\"@type\":\"BreadcrumbList\",\"@id\":\"https:\/\/sumkcaps.com\/product\/sufox-231122-custom-six-panel-3d-embroidery-fitted-snapback-cap\/#breadcrumb\",\"itemListElement\":[{\"@type\":\"ListItem\",\"position\":1,\"name\":\"Home\",\"item\":\"https:\/\/sumkcaps.com\/\"},{\"@type\":\"ListItem\",\"position\":2,\"name\":\"Products\",\"item\":\"https:\/\/sumkcaps.com\/product\/\"},{\"@type\":\"ListItem\",\"position\":3,\"name\":\"Sumkcaps 231122 Custom Six Panel 3D Embroidery Fitted Snapback Cap\"}]},{\"@type\":\"WebSite\",\"@id\":\"https:\/\/sumkcaps.com\/#website\",\"url\":\"https:\/\/sumkcaps.com\/\",\"name\":\"Sumkcaps-China Original Headwear Manufacturer and Suppliers\",\"description\":\"We are China Cap And Hat Original Factory, whose main business is to custom cap and hat as client&#039;s LOGO. Any cap style, any cap color, any qty, any material and qty is no problem. In one words, any small details can be customized as your request.\",\"publisher\":{\"@id\":\"https:\/\/sumkcaps.com\/#organization\"},\"potentialAction\":[{\"@type\":\"SearchAction\",\"target\":{\"@type\":\"EntryPoint\",\"urlTemplate\":\"https:\/\/sumkcaps.com\/?s={search_term_string}\"},\"query-input\":{\"@type\":\"PropertyValueSpecification\",\"valueRequired\":true,\"valueName\":\"search_term_string\"}}],\"inLanguage\":\"pt-PT\"},{\"@type\":\"Organization\",\"@id\":\"https:\/\/sumkcaps.com\/#organization\",\"name\":\"Sumkcaps-China Original Headwear Manufacturer and Suppliers\",\"url\":\"https:\/\/sumkcaps.com\/\",\"logo\":{\"@type\":\"ImageObject\",\"inLanguage\":\"pt-PT\",\"@id\":\"https:\/\/sumkcaps.com\/#\/schema\/logo\/image\/\",\"url\":\"https:\/\/sumkcaps.com\/wp-content\/uploads\/2025\/12\/1234.jpg\",\"contentUrl\":\"https:\/\/sumkcaps.com\/wp-content\/uploads\/2025\/12\/1234.jpg\",\"width\":800,\"height\":800,\"caption\":\"Sumkcaps-China Original Headwear Manufacturer and Suppliers\"},\"image\":{\"@id\":\"https:\/\/sumkcaps.com\/#\/schema\/logo\/image\/\"},\"sameAs\":[\"https:\/\/www.facebook.com\/sumkcap\",\"https:\/\/www.instagram.com\/sumkcaps7\/\",\"https:\/\/www.pinterest.com\/sumkcapschina\/\"]}]}<\/script>\n<!-- \/ Yoast SEO Premium plugin. -->","yoast_head_json":{"title":"Bon\u00e9 Snapback Personalizado com Bordado 3D e Encaixe | Fabricante da China","description":"Bon\u00e9 personalizado, bon\u00e9 com log\u00f3tipo, bon\u00e9s de marca, bon\u00e9s Snapback personalizados, bon\u00e9s de basebol Snapback personalizados. Fabricante de bon\u00e9s premium desde 2006. Entrega r\u00e1pida.","robots":{"index":"index","follow":"follow","max-snippet":"max-snippet:-1","max-image-preview":"max-image-preview:large","max-video-preview":"max-video-preview:-1"},"canonical":"https:\/\/sumkcaps.com\/pt\/produto\/sufox-231122-bone-snapback-personalizado-de-seis-paineis-com-bordado-3d\/","og_locale":"pt_PT","og_type":"article","og_title":"Sumkcaps 231122 Custom Six Panel 3D Embroidery Fitted Snapback Cap - Sumkcaps","og_description":"Custom Cap, Logo Cap, Brand Caps, Custom Made Snapback Caps, Custom Snapback Baseball Hats. Premium Cap Manufacturer since 2006. Quick delivery.","og_url":"https:\/\/sumkcaps.com\/pt\/produto\/sufox-231122-bone-snapback-personalizado-de-seis-paineis-com-bordado-3d\/","og_site_name":"Sumkcaps-China Original Headwear Manufacturer and Suppliers","article_publisher":"https:\/\/www.facebook.com\/sumkcap","article_modified_time":"2025-07-10T01:05:57+00:00","og_image":[{"width":2560,"height":2400,"url":"https:\/\/sumkcaps.com\/wp-content\/uploads\/2022\/10\/6_panel_3d_embroidery_fitted_snapback_cap-1-3-scaled.jpg","type":"image\/jpeg"}],"twitter_card":"summary_large_image","twitter_misc":{"Tempo estimado de leitura":"2 minutos"},"schema":{"@context":"https:\/\/schema.org","@graph":[{"@type":"WebPage","@id":"https:\/\/sumkcaps.com\/product\/sufox-231122-custom-six-panel-3d-embroidery-fitted-snapback-cap\/","url":"https:\/\/sumkcaps.com\/product\/sufox-231122-custom-six-panel-3d-embroidery-fitted-snapback-cap\/","name":"Bon\u00e9 Snapback Personalizado com Bordado 3D e Encaixe | Fabricante da China","isPartOf":{"@id":"https:\/\/sumkcaps.com\/#website"},"primaryImageOfPage":{"@id":"https:\/\/sumkcaps.com\/product\/sufox-231122-custom-six-panel-3d-embroidery-fitted-snapback-cap\/#primaryimage"},"image":{"@id":"https:\/\/sumkcaps.com\/product\/sufox-231122-custom-six-panel-3d-embroidery-fitted-snapback-cap\/#primaryimage"},"thumbnailUrl":"https:\/\/sumkcaps.com\/wp-content\/uploads\/2022\/10\/6_panel_3d_embroidery_fitted_snapback_cap-1-3-scaled.jpg","datePublished":"2022-10-27T01:18:13+00:00","dateModified":"2025-07-10T01:05:57+00:00","description":"Bon\u00e9 personalizado, bon\u00e9 com log\u00f3tipo, bon\u00e9s de marca, bon\u00e9s Snapback personalizados, bon\u00e9s de basebol Snapback personalizados. Fabricante de bon\u00e9s premium desde 2006. Entrega r\u00e1pida.","breadcrumb":{"@id":"https:\/\/sumkcaps.com\/product\/sufox-231122-custom-six-panel-3d-embroidery-fitted-snapback-cap\/#breadcrumb"},"inLanguage":"pt-PT","potentialAction":[{"@type":"ReadAction","target":["https:\/\/sumkcaps.com\/product\/sufox-231122-custom-six-panel-3d-embroidery-fitted-snapback-cap\/"]}]},{"@type":"ImageObject","inLanguage":"pt-PT","@id":"https:\/\/sumkcaps.com\/product\/sufox-231122-custom-six-panel-3d-embroidery-fitted-snapback-cap\/#primaryimage","url":"https:\/\/sumkcaps.com\/wp-content\/uploads\/2022\/10\/6_panel_3d_embroidery_fitted_snapback_cap-1-3-scaled.jpg","contentUrl":"https:\/\/sumkcaps.com\/wp-content\/uploads\/2022\/10\/6_panel_3d_embroidery_fitted_snapback_cap-1-3-scaled.jpg","width":2560,"height":2400},{"@type":"BreadcrumbList","@id":"https:\/\/sumkcaps.com\/product\/sufox-231122-custom-six-panel-3d-embroidery-fitted-snapback-cap\/#breadcrumb","itemListElement":[{"@type":"ListItem","position":1,"name":"Home","item":"https:\/\/sumkcaps.com\/"},{"@type":"ListItem","position":2,"name":"Products","item":"https:\/\/sumkcaps.com\/product\/"},{"@type":"ListItem","position":3,"name":"Sumkcaps 231122 Custom Six Panel 3D Embroidery Fitted Snapback Cap"}]},{"@type":"WebSite","@id":"https:\/\/sumkcaps.com\/#website","url":"https:\/\/sumkcaps.com\/","name":"Sumkcaps-China Original Headwear Fabricante e fornecedores","description":"Somos a F\u00e1brica Original de Bon\u00e9s e Chap\u00e9us da China, cujo principal neg\u00f3cio \u00e9 personalizar bon\u00e9s e chap\u00e9us de acordo com o LOGOTIPO do cliente. Qualquer estilo de bon\u00e9, qualquer cor de bon\u00e9, qualquer quantidade, qualquer material e quantidade n\u00e3o \u00e9 problema. Por outras palavras, todos os pequenos detalhes podem ser personalizados a seu pedido.","publisher":{"@id":"https:\/\/sumkcaps.com\/#organization"},"potentialAction":[{"@type":"SearchAction","target":{"@type":"EntryPoint","urlTemplate":"https:\/\/sumkcaps.com\/?s={search_term_string}"},"query-input":{"@type":"PropertyValueSpecification","valueRequired":true,"valueName":"search_term_string"}}],"inLanguage":"pt-PT"},{"@type":"Organization","@id":"https:\/\/sumkcaps.com\/#organization","name":"Sumkcaps-China Original Headwear Fabricante e fornecedores","url":"https:\/\/sumkcaps.com\/","logo":{"@type":"ImageObject","inLanguage":"pt-PT","@id":"https:\/\/sumkcaps.com\/#\/schema\/logo\/image\/","url":"https:\/\/sumkcaps.com\/wp-content\/uploads\/2025\/12\/1234.jpg","contentUrl":"https:\/\/sumkcaps.com\/wp-content\/uploads\/2025\/12\/1234.jpg","width":800,"height":800,"caption":"Sumkcaps-China Original Headwear Manufacturer and Suppliers"},"image":{"@id":"https:\/\/sumkcaps.com\/#\/schema\/logo\/image\/"},"sameAs":["https:\/\/www.facebook.com\/sumkcap","https:\/\/www.instagram.com\/sumkcaps7\/","https:\/\/www.pinterest.com\/sumkcapschina\/"]}]}},"taxonomy_info":{"product_cat":[{"value":42,"label":"Snapback Hats Wholesale"}]},"featured_image_src_large":["https:\/\/sumkcaps.com\/wp-content\/uploads\/2022\/10\/6_panel_3d_embroidery_fitted_snapback_cap-1-3-1024x960.jpg",800,750,true],"author_info":[],"comment_info":"","_links":{"self":[{"href":"https:\/\/sumkcaps.com\/pt\/wp-json\/wp\/v2\/product\/18023","targetHints":{"allow":["GET"]}}],"collection":[{"href":"https:\/\/sumkcaps.com\/pt\/wp-json\/wp\/v2\/product"}],"about":[{"href":"https:\/\/sumkcaps.com\/pt\/wp-json\/wp\/v2\/types\/product"}],"wp:featuredmedia":[{"embeddable":true,"href":"https:\/\/sumkcaps.com\/pt\/wp-json\/wp\/v2\/media\/18024"}],"wp:attachment":[{"href":"https:\/\/sumkcaps.com\/pt\/wp-json\/wp\/v2\/media?parent=18023"}],"wp:term":[{"taxonomy":"product_brand","embeddable":true,"href":"https:\/\/sumkcaps.com\/pt\/wp-json\/wp\/v2\/product_brand?post=18023"},{"taxonomy":"product_cat","embeddable":true,"href":"https:\/\/sumkcaps.com\/pt\/wp-json\/wp\/v2\/product_cat?post=18023"},{"taxonomy":"product_tag","embeddable":true,"href":"https:\/\/sumkcaps.com\/pt\/wp-json\/wp\/v2\/product_tag?post=18023"}],"curies":[{"name":"wp","href":"https:\/\/api.w.org\/{rel}","templated":true}]}}