{"id":17947,"date":"2022-10-26T13:30:57","date_gmt":"2022-10-26T05:30:57","guid":{"rendered":"https:\/\/sumkcaps.com\/?post_type=product&#038;p=17947"},"modified":"2026-03-02T15:05:11","modified_gmt":"2026-03-02T07:05:11","slug":"sufox-231112-custom-six-panel-3d-embroidery-fitted-snapback-cap","status":"publish","type":"product","link":"https:\/\/sumkcaps.com\/pt\/produto\/sufox-231112-bone-snapback-personalizado-de-seis-paineis-com-bordado-3d\/","title":{"rendered":"Sumkcaps 231112 Bon\u00e9 Snapback personalizado com bordado 3D de seis pain\u00e9is"},"content":{"rendered":"<h3 data-start=\"76\" data-end=\"420\"><strong data-start=\"76\" data-end=\"114\">Decora\u00e7\u00e3o<\/strong><\/h3>\n<p data-start=\"76\" data-end=\"420\">Este bon\u00e9 apresenta um bordado 3D personalizado de alta qualidade que cria um efeito de log\u00f3tipo arrojado e em relevo. O bordado acrescenta textura e profundidade, tornando os desenhos mais apelativos e profissionais. As t\u00e9cnicas de costura avan\u00e7adas garantem linhas limpas e uma durabilidade duradoura, ideal para log\u00f3tipos de marcas e desenhos de equipas.<\/p>\n<h3 data-start=\"422\" data-end=\"746\"><strong data-start=\"422\" data-end=\"449\">Material<\/strong><\/h3>\n<p data-start=\"422\" data-end=\"746\">Fabricado em tecido acr\u00edlico 100%, este bon\u00e9 oferece uma excelente durabilidade e reten\u00e7\u00e3o da forma. O material \u00e9 leve e resistente a rugas e ao desbotamento, o que o torna adequado para o uso quotidiano. O acr\u00edlico tamb\u00e9m proporciona uma superf\u00edcie est\u00e1vel para bordar, garantindo resultados consistentes e n\u00edtidos do log\u00f3tipo.<\/p>\n<h3 data-start=\"748\" data-end=\"1047\"><strong data-start=\"748\" data-end=\"770\">Cor<\/strong><\/h3>\n<p data-start=\"748\" data-end=\"1047\">As op\u00e7\u00f5es de cores totalmente personaliz\u00e1veis permitem-lhe corresponder ao estilo da sua marca ou ao tema promocional. Desde os cl\u00e1ssicos tons neutros aos tons vibrantes, as cores podem ser produzidas de acordo com as suas especifica\u00e7\u00f5es. As combina\u00e7\u00f5es de cores personalizadas ajudam a criar uma apar\u00eancia distinta e profissional.<\/p>\n<h3 data-start=\"1049\" data-end=\"1339\"><strong data-start=\"1049\" data-end=\"1082\">Ajuste e tamanho<\/strong><\/h3>\n<p data-start=\"1049\" data-end=\"1339\">Concebido com um fecho de encaixe ajust\u00e1vel, este bon\u00e9 adapta-se confortavelmente \u00e0 maioria dos tamanhos de cabe\u00e7a. A gama OSFM (7 - 7 3\/4) garante flexibilidade e comodidade para diferentes utilizadores. O ajuste seguro proporciona estabilidade, mantendo o conforto durante uma utiliza\u00e7\u00e3o prolongada.<\/p>\n<h3 data-start=\"1341\" data-end=\"1602\"><strong data-start=\"1341\" data-end=\"1362\">Viseira<\/strong><\/h3>\n<p data-start=\"1341\" data-end=\"1602\">A viseira de bico plano confere ao bon\u00e9 um aspeto moderno e estruturado. Mant\u00e9m bem a sua forma e proporciona uma prote\u00e7\u00e3o solar eficaz. Este estilo \u00e9 popular na moda de rua e na moda desportiva, o que o torna adequado para a venda a retalho e para uso promocional.<\/p>\n<h3 data-start=\"1604\" data-end=\"1892\"><strong data-start=\"1604\" data-end=\"1627\">Servi\u00e7o<\/strong><\/h3>\n<p data-start=\"1604\" data-end=\"1892\">Est\u00e3o dispon\u00edveis servi\u00e7os profissionais OEM e ODM para apoiar a personaliza\u00e7\u00e3o total. Desde a coloca\u00e7\u00e3o de log\u00f3tipos e etiquetas a solu\u00e7\u00f5es de embalagem, todos os detalhes podem ser adaptados \u00e0s suas necessidades. A nossa equipa assegura uma qualidade fi\u00e1vel e uma comunica\u00e7\u00e3o eficiente durante toda a produ\u00e7\u00e3o.<\/p>\n<h3 data-start=\"1894\" data-end=\"2174\"><strong data-start=\"1894\" data-end=\"1931\">Tempo de resposta<\/strong><\/h3>\n<p data-start=\"1894\" data-end=\"2174\" data-is-last-node=\"\" data-is-only-node=\"\">A produ\u00e7\u00e3o de amostras demora cerca de 7-9 dias \u00fateis, permitindo uma r\u00e1pida confirma\u00e7\u00e3o do projeto. A produ\u00e7\u00e3o em massa requer cerca de 18-22 dias \u00fateis. A programa\u00e7\u00e3o est\u00e1vel da produ\u00e7\u00e3o garante uma entrega atempada para lan\u00e7amentos de marcas e projectos promocionais.<\/p>","protected":false},"excerpt":{"rendered":"<p>Sumkcaps 231112 Custom Six Panel 3D Embroidery Fitted Snapback Cap \u00e9 um dos estilos populares de bon\u00e9, leve e respir\u00e1vel. Nossos Snapbacks v\u00eam em uma variedade de estilos e cores de todas as principais marcas.<\/p>","protected":false},"featured_media":17948,"template":"","meta":{"_acf_changed":false,"_kad_blocks_custom_css":"","_kad_blocks_head_custom_js":"","_kad_blocks_body_custom_js":"","_kad_blocks_footer_custom_js":""},"product_brand":[],"product_cat":[42],"product_tag":[],"class_list":{"0":"post-17947","1":"product","2":"type-product","3":"status-publish","4":"has-post-thumbnail","6":"product_cat-snapback-cap","8":"first","9":"outofstock","10":"shipping-taxable","11":"product-type-simple"},"acf":[],"yoast_head":"<!-- This site is optimized with the Yoast SEO Premium plugin v20.8 (Yoast SEO v25.9) - https:\/\/yoast.com\/wordpress\/plugins\/seo\/ -->\n<title>Custom 3D Embroidery Fitted Snapback Cap | China Manufactuer<\/title>\n<meta name=\"description\" content=\"Custom Cap, Logo Cap, Brand Caps, Custom Made Snapback Caps, Custom Snapback Baseball Hats. Premium Cap Manufacturer since 2006. Quick delivery.\" \/>\n<meta name=\"robots\" content=\"index, follow, max-snippet:-1, max-image-preview:large, max-video-preview:-1\" \/>\n<link rel=\"canonical\" href=\"https:\/\/sumkcaps.com\/pt\/produto\/sufox-231112-bone-snapback-personalizado-de-seis-paineis-com-bordado-3d\/\" \/>\n<meta property=\"og:locale\" content=\"pt_PT\" \/>\n<meta property=\"og:type\" content=\"article\" \/>\n<meta property=\"og:title\" content=\"Sumkcaps 231112 Custom Six Panel 3D Embroidery Fitted Snapback Cap - Sumkcaps\" \/>\n<meta property=\"og:description\" content=\"Custom Cap, Logo Cap, Brand Caps, Custom Made Snapback Caps, Custom Snapback Baseball Hats. Premium Cap Manufacturer since 2006. Quick delivery.\" \/>\n<meta property=\"og:url\" content=\"https:\/\/sumkcaps.com\/pt\/produto\/sufox-231112-bone-snapback-personalizado-de-seis-paineis-com-bordado-3d\/\" \/>\n<meta property=\"og:site_name\" content=\"Sumkcaps-China Original Headwear Manufacturer and Suppliers\" \/>\n<meta property=\"article:publisher\" content=\"https:\/\/www.facebook.com\/sumkcap\" \/>\n<meta property=\"article:modified_time\" content=\"2026-03-02T07:05:11+00:00\" \/>\n<meta property=\"og:image\" content=\"https:\/\/sumkcaps.com\/wp-content\/uploads\/2022\/10\/6_panel_3d_embroidery_fitted_snapback_cap-1-2-scaled.jpg\" \/>\n\t<meta property=\"og:image:width\" content=\"2560\" \/>\n\t<meta property=\"og:image:height\" content=\"2560\" \/>\n\t<meta property=\"og:image:type\" content=\"image\/jpeg\" \/>\n<meta name=\"twitter:card\" content=\"summary_large_image\" \/>\n<meta name=\"twitter:label1\" content=\"Tempo estimado de leitura\" \/>\n\t<meta name=\"twitter:data1\" content=\"2 minutos\" \/>\n<script type=\"application\/ld+json\" class=\"yoast-schema-graph\">{\"@context\":\"https:\/\/schema.org\",\"@graph\":[{\"@type\":\"WebPage\",\"@id\":\"https:\/\/sumkcaps.com\/product\/sufox-231112-custom-six-panel-3d-embroidery-fitted-snapback-cap\/\",\"url\":\"https:\/\/sumkcaps.com\/product\/sufox-231112-custom-six-panel-3d-embroidery-fitted-snapback-cap\/\",\"name\":\"Custom 3D Embroidery Fitted Snapback Cap | China Manufactuer\",\"isPartOf\":{\"@id\":\"https:\/\/sumkcaps.com\/#website\"},\"primaryImageOfPage\":{\"@id\":\"https:\/\/sumkcaps.com\/product\/sufox-231112-custom-six-panel-3d-embroidery-fitted-snapback-cap\/#primaryimage\"},\"image\":{\"@id\":\"https:\/\/sumkcaps.com\/product\/sufox-231112-custom-six-panel-3d-embroidery-fitted-snapback-cap\/#primaryimage\"},\"thumbnailUrl\":\"https:\/\/sumkcaps.com\/wp-content\/uploads\/2022\/10\/6_panel_3d_embroidery_fitted_snapback_cap-1-2-scaled.jpg\",\"datePublished\":\"2022-10-26T05:30:57+00:00\",\"dateModified\":\"2026-03-02T07:05:11+00:00\",\"description\":\"Custom Cap, Logo Cap, Brand Caps, Custom Made Snapback Caps, Custom Snapback Baseball Hats. Premium Cap Manufacturer since 2006. Quick delivery.\",\"breadcrumb\":{\"@id\":\"https:\/\/sumkcaps.com\/product\/sufox-231112-custom-six-panel-3d-embroidery-fitted-snapback-cap\/#breadcrumb\"},\"inLanguage\":\"pt-PT\",\"potentialAction\":[{\"@type\":\"ReadAction\",\"target\":[\"https:\/\/sumkcaps.com\/product\/sufox-231112-custom-six-panel-3d-embroidery-fitted-snapback-cap\/\"]}]},{\"@type\":\"ImageObject\",\"inLanguage\":\"pt-PT\",\"@id\":\"https:\/\/sumkcaps.com\/product\/sufox-231112-custom-six-panel-3d-embroidery-fitted-snapback-cap\/#primaryimage\",\"url\":\"https:\/\/sumkcaps.com\/wp-content\/uploads\/2022\/10\/6_panel_3d_embroidery_fitted_snapback_cap-1-2-scaled.jpg\",\"contentUrl\":\"https:\/\/sumkcaps.com\/wp-content\/uploads\/2022\/10\/6_panel_3d_embroidery_fitted_snapback_cap-1-2-scaled.jpg\",\"width\":2560,\"height\":2560},{\"@type\":\"BreadcrumbList\",\"@id\":\"https:\/\/sumkcaps.com\/product\/sufox-231112-custom-six-panel-3d-embroidery-fitted-snapback-cap\/#breadcrumb\",\"itemListElement\":[{\"@type\":\"ListItem\",\"position\":1,\"name\":\"Home\",\"item\":\"https:\/\/sumkcaps.com\/\"},{\"@type\":\"ListItem\",\"position\":2,\"name\":\"Products\",\"item\":\"https:\/\/sumkcaps.com\/product\/\"},{\"@type\":\"ListItem\",\"position\":3,\"name\":\"Sumkcaps 231112 Custom Six Panel 3D Embroidery Fitted Snapback Cap\"}]},{\"@type\":\"WebSite\",\"@id\":\"https:\/\/sumkcaps.com\/#website\",\"url\":\"https:\/\/sumkcaps.com\/\",\"name\":\"Sumkcaps-China Original Headwear Manufacturer and Suppliers\",\"description\":\"We are China Cap And Hat Original Factory, whose main business is to custom cap and hat as client&#039;s LOGO. Any cap style, any cap color, any qty, any material and qty is no problem. In one words, any small details can be customized as your request.\",\"publisher\":{\"@id\":\"https:\/\/sumkcaps.com\/#organization\"},\"potentialAction\":[{\"@type\":\"SearchAction\",\"target\":{\"@type\":\"EntryPoint\",\"urlTemplate\":\"https:\/\/sumkcaps.com\/?s={search_term_string}\"},\"query-input\":{\"@type\":\"PropertyValueSpecification\",\"valueRequired\":true,\"valueName\":\"search_term_string\"}}],\"inLanguage\":\"pt-PT\"},{\"@type\":\"Organization\",\"@id\":\"https:\/\/sumkcaps.com\/#organization\",\"name\":\"Sumkcaps-China Original Headwear Manufacturer and Suppliers\",\"url\":\"https:\/\/sumkcaps.com\/\",\"logo\":{\"@type\":\"ImageObject\",\"inLanguage\":\"pt-PT\",\"@id\":\"https:\/\/sumkcaps.com\/#\/schema\/logo\/image\/\",\"url\":\"https:\/\/sumkcaps.com\/wp-content\/uploads\/2025\/12\/1234.jpg\",\"contentUrl\":\"https:\/\/sumkcaps.com\/wp-content\/uploads\/2025\/12\/1234.jpg\",\"width\":800,\"height\":800,\"caption\":\"Sumkcaps-China Original Headwear Manufacturer and Suppliers\"},\"image\":{\"@id\":\"https:\/\/sumkcaps.com\/#\/schema\/logo\/image\/\"},\"sameAs\":[\"https:\/\/www.facebook.com\/sumkcap\",\"https:\/\/www.instagram.com\/sumkcaps7\/\",\"https:\/\/www.pinterest.com\/sumkcapschina\/\"]}]}<\/script>\n<!-- \/ Yoast SEO Premium plugin. -->","yoast_head_json":{"title":"Bon\u00e9 Snapback Personalizado com Bordado 3D e Encaixe | Fabricante da China","description":"Bon\u00e9 personalizado, bon\u00e9 com log\u00f3tipo, bon\u00e9s de marca, bon\u00e9s Snapback personalizados, bon\u00e9s de basebol Snapback personalizados. Fabricante de bon\u00e9s premium desde 2006. Entrega r\u00e1pida.","robots":{"index":"index","follow":"follow","max-snippet":"max-snippet:-1","max-image-preview":"max-image-preview:large","max-video-preview":"max-video-preview:-1"},"canonical":"https:\/\/sumkcaps.com\/pt\/produto\/sufox-231112-bone-snapback-personalizado-de-seis-paineis-com-bordado-3d\/","og_locale":"pt_PT","og_type":"article","og_title":"Sumkcaps 231112 Custom Six Panel 3D Embroidery Fitted Snapback Cap - Sumkcaps","og_description":"Custom Cap, Logo Cap, Brand Caps, Custom Made Snapback Caps, Custom Snapback Baseball Hats. Premium Cap Manufacturer since 2006. Quick delivery.","og_url":"https:\/\/sumkcaps.com\/pt\/produto\/sufox-231112-bone-snapback-personalizado-de-seis-paineis-com-bordado-3d\/","og_site_name":"Sumkcaps-China Original Headwear Manufacturer and Suppliers","article_publisher":"https:\/\/www.facebook.com\/sumkcap","article_modified_time":"2026-03-02T07:05:11+00:00","og_image":[{"width":2560,"height":2560,"url":"https:\/\/sumkcaps.com\/wp-content\/uploads\/2022\/10\/6_panel_3d_embroidery_fitted_snapback_cap-1-2-scaled.jpg","type":"image\/jpeg"}],"twitter_card":"summary_large_image","twitter_misc":{"Tempo estimado de leitura":"2 minutos"},"schema":{"@context":"https:\/\/schema.org","@graph":[{"@type":"WebPage","@id":"https:\/\/sumkcaps.com\/product\/sufox-231112-custom-six-panel-3d-embroidery-fitted-snapback-cap\/","url":"https:\/\/sumkcaps.com\/product\/sufox-231112-custom-six-panel-3d-embroidery-fitted-snapback-cap\/","name":"Bon\u00e9 Snapback Personalizado com Bordado 3D e Encaixe | Fabricante da China","isPartOf":{"@id":"https:\/\/sumkcaps.com\/#website"},"primaryImageOfPage":{"@id":"https:\/\/sumkcaps.com\/product\/sufox-231112-custom-six-panel-3d-embroidery-fitted-snapback-cap\/#primaryimage"},"image":{"@id":"https:\/\/sumkcaps.com\/product\/sufox-231112-custom-six-panel-3d-embroidery-fitted-snapback-cap\/#primaryimage"},"thumbnailUrl":"https:\/\/sumkcaps.com\/wp-content\/uploads\/2022\/10\/6_panel_3d_embroidery_fitted_snapback_cap-1-2-scaled.jpg","datePublished":"2022-10-26T05:30:57+00:00","dateModified":"2026-03-02T07:05:11+00:00","description":"Bon\u00e9 personalizado, bon\u00e9 com log\u00f3tipo, bon\u00e9s de marca, bon\u00e9s Snapback personalizados, bon\u00e9s de basebol Snapback personalizados. Fabricante de bon\u00e9s premium desde 2006. Entrega r\u00e1pida.","breadcrumb":{"@id":"https:\/\/sumkcaps.com\/product\/sufox-231112-custom-six-panel-3d-embroidery-fitted-snapback-cap\/#breadcrumb"},"inLanguage":"pt-PT","potentialAction":[{"@type":"ReadAction","target":["https:\/\/sumkcaps.com\/product\/sufox-231112-custom-six-panel-3d-embroidery-fitted-snapback-cap\/"]}]},{"@type":"ImageObject","inLanguage":"pt-PT","@id":"https:\/\/sumkcaps.com\/product\/sufox-231112-custom-six-panel-3d-embroidery-fitted-snapback-cap\/#primaryimage","url":"https:\/\/sumkcaps.com\/wp-content\/uploads\/2022\/10\/6_panel_3d_embroidery_fitted_snapback_cap-1-2-scaled.jpg","contentUrl":"https:\/\/sumkcaps.com\/wp-content\/uploads\/2022\/10\/6_panel_3d_embroidery_fitted_snapback_cap-1-2-scaled.jpg","width":2560,"height":2560},{"@type":"BreadcrumbList","@id":"https:\/\/sumkcaps.com\/product\/sufox-231112-custom-six-panel-3d-embroidery-fitted-snapback-cap\/#breadcrumb","itemListElement":[{"@type":"ListItem","position":1,"name":"Home","item":"https:\/\/sumkcaps.com\/"},{"@type":"ListItem","position":2,"name":"Products","item":"https:\/\/sumkcaps.com\/product\/"},{"@type":"ListItem","position":3,"name":"Sumkcaps 231112 Custom Six Panel 3D Embroidery Fitted Snapback Cap"}]},{"@type":"WebSite","@id":"https:\/\/sumkcaps.com\/#website","url":"https:\/\/sumkcaps.com\/","name":"Sumkcaps-China Original Headwear Fabricante e fornecedores","description":"Somos a F\u00e1brica Original de Bon\u00e9s e Chap\u00e9us da China, cujo principal neg\u00f3cio \u00e9 personalizar bon\u00e9s e chap\u00e9us de acordo com o LOGOTIPO do cliente. Qualquer estilo de bon\u00e9, qualquer cor de bon\u00e9, qualquer quantidade, qualquer material e quantidade n\u00e3o \u00e9 problema. Por outras palavras, todos os pequenos detalhes podem ser personalizados a seu pedido.","publisher":{"@id":"https:\/\/sumkcaps.com\/#organization"},"potentialAction":[{"@type":"SearchAction","target":{"@type":"EntryPoint","urlTemplate":"https:\/\/sumkcaps.com\/?s={search_term_string}"},"query-input":{"@type":"PropertyValueSpecification","valueRequired":true,"valueName":"search_term_string"}}],"inLanguage":"pt-PT"},{"@type":"Organization","@id":"https:\/\/sumkcaps.com\/#organization","name":"Sumkcaps-China Original Headwear Fabricante e fornecedores","url":"https:\/\/sumkcaps.com\/","logo":{"@type":"ImageObject","inLanguage":"pt-PT","@id":"https:\/\/sumkcaps.com\/#\/schema\/logo\/image\/","url":"https:\/\/sumkcaps.com\/wp-content\/uploads\/2025\/12\/1234.jpg","contentUrl":"https:\/\/sumkcaps.com\/wp-content\/uploads\/2025\/12\/1234.jpg","width":800,"height":800,"caption":"Sumkcaps-China Original Headwear Manufacturer and Suppliers"},"image":{"@id":"https:\/\/sumkcaps.com\/#\/schema\/logo\/image\/"},"sameAs":["https:\/\/www.facebook.com\/sumkcap","https:\/\/www.instagram.com\/sumkcaps7\/","https:\/\/www.pinterest.com\/sumkcapschina\/"]}]}},"taxonomy_info":{"product_cat":[{"value":42,"label":"Snapback Hats Wholesale"}]},"featured_image_src_large":["https:\/\/sumkcaps.com\/wp-content\/uploads\/2022\/10\/6_panel_3d_embroidery_fitted_snapback_cap-1-2-1024x1024.jpg",800,800,true],"author_info":[],"comment_info":"","_links":{"self":[{"href":"https:\/\/sumkcaps.com\/pt\/wp-json\/wp\/v2\/product\/17947","targetHints":{"allow":["GET"]}}],"collection":[{"href":"https:\/\/sumkcaps.com\/pt\/wp-json\/wp\/v2\/product"}],"about":[{"href":"https:\/\/sumkcaps.com\/pt\/wp-json\/wp\/v2\/types\/product"}],"wp:featuredmedia":[{"embeddable":true,"href":"https:\/\/sumkcaps.com\/pt\/wp-json\/wp\/v2\/media\/17948"}],"wp:attachment":[{"href":"https:\/\/sumkcaps.com\/pt\/wp-json\/wp\/v2\/media?parent=17947"}],"wp:term":[{"taxonomy":"product_brand","embeddable":true,"href":"https:\/\/sumkcaps.com\/pt\/wp-json\/wp\/v2\/product_brand?post=17947"},{"taxonomy":"product_cat","embeddable":true,"href":"https:\/\/sumkcaps.com\/pt\/wp-json\/wp\/v2\/product_cat?post=17947"},{"taxonomy":"product_tag","embeddable":true,"href":"https:\/\/sumkcaps.com\/pt\/wp-json\/wp\/v2\/product_tag?post=17947"}],"curies":[{"name":"wp","href":"https:\/\/api.w.org\/{rel}","templated":true}]}}