{"id":17228,"date":"2022-10-20T14:47:21","date_gmt":"2022-10-20T06:47:21","guid":{"rendered":"https:\/\/sumkcaps.com\/?post_type=product&#038;p=17228"},"modified":"2026-03-09T11:38:25","modified_gmt":"2026-03-09T03:38:25","slug":"sufox-231016-custom-six-panel-embroidery-patch-snapback-cap","status":"publish","type":"product","link":"https:\/\/sumkcaps.com\/pt\/produto\/sufox-231016-bone-snapback-personalizado-com-seis-paineis-bordados\/","title":{"rendered":"Sumkcaps 231016 Bon\u00e9 Snapback Personalizado com seis pain\u00e9is bordados e remendos"},"content":{"rendered":"<h3 data-start=\"82\" data-end=\"413\"><strong data-start=\"82\" data-end=\"115\">Decora\u00e7\u00e3o<\/strong><\/h3>\n<p data-start=\"82\" data-end=\"413\">Este bon\u00e9 snapback de seis pain\u00e9is apresenta um emblema bordado de alta qualidade que proporciona uma apresenta\u00e7\u00e3o arrojada e texturada do log\u00f3tipo. O design do emblema aumenta a visibilidade da marca com uma costura precisa e uma constru\u00e7\u00e3o duradoura, tornando-o ideal para marcas de streetwear, equipas desportivas e mercadoria promocional.<\/p>\n<h3 data-start=\"415\" data-end=\"707\"><strong data-start=\"415\" data-end=\"442\">Material<\/strong><\/h3>\n<p data-start=\"415\" data-end=\"707\">Fabricado em tecido acr\u00edlico 100% de qualidade superior, o bon\u00e9 oferece uma excelente durabilidade e reten\u00e7\u00e3o da forma. O material \u00e9 leve, confort\u00e1vel e resistente a rugas, garantindo uma estrutura duradoura e um desempenho fi\u00e1vel para uso di\u00e1rio e colec\u00e7\u00f5es de marcas.<\/p>\n<h3 data-start=\"709\" data-end=\"1004\"><strong data-start=\"709\" data-end=\"738\">Cor<\/strong><\/h3>\n<p data-start=\"709\" data-end=\"1004\">O bon\u00e9 est\u00e1 dispon\u00edvel na cor preta cl\u00e1ssica, oferecendo um visual vers\u00e1til e elegante que combina facilmente com diferentes roupas. Al\u00e9m disso, \u00e9 poss\u00edvel personalizar todas as cores, permitindo que as marcas seleccionem cores espec\u00edficas que correspondam \u00e0 sua identidade ou colec\u00e7\u00f5es sazonais.<\/p>\n<h3 data-start=\"1006\" data-end=\"1302\"><strong data-start=\"1006\" data-end=\"1039\">Ajuste e tamanho<\/strong><\/h3>\n<p data-start=\"1006\" data-end=\"1302\">Concebido com um fecho de encaixe ajust\u00e1vel, este bon\u00e9 proporciona um ajuste flex\u00edvel para a maioria dos tamanhos de cabe\u00e7a entre 7 e 7 3\/4. O design de tamanho \u00fanico garante conforto e conveni\u00eancia, tornando-o adequado para mercados de retalho, vestu\u00e1rio de equipa e utiliza\u00e7\u00e3o promocional.<\/p>\n<h3 data-start=\"1304\" data-end=\"1567\"><strong data-start=\"1304\" data-end=\"1325\">Viseira<\/strong><\/h3>\n<p data-start=\"1304\" data-end=\"1567\">A viseira de bico plano confere ao bon\u00e9 um aspeto moderno de streetwear, mantendo uma estrutura robusta. Ajuda a proteger os olhos da luz solar e complementa as tend\u00eancias da moda contempor\u00e2nea, tornando-o popular entre as marcas de estilo de vida e jovens.<\/p>\n<h3 data-start=\"1569\" data-end=\"1834\"><strong data-start=\"1569\" data-end=\"1592\">Servi\u00e7o<\/strong><\/h3>\n<p data-start=\"1569\" data-end=\"1834\">A Sumkcaps oferece servi\u00e7os profissionais de OEM e ODM, permitindo aos clientes personalizar log\u00f3tipos, tecidos, cores, etiquetas e embalagens. A nossa equipa experiente trabalha em estreita colabora\u00e7\u00e3o com os clientes para criar chap\u00e9us personalizados de alta qualidade que cumpram os padr\u00f5es da marca.<\/p>\n<h3 data-start=\"1836\" data-end=\"2078\"><strong data-start=\"1836\" data-end=\"1855\">Tempo de resposta<\/strong><\/h3>\n<p data-start=\"1836\" data-end=\"2078\" data-is-last-node=\"\" data-is-only-node=\"\">A produ\u00e7\u00e3o de amostras demora normalmente <strong data-start=\"1892\" data-end=\"1912\">7-9 dias \u00fateis<\/strong>, enquanto a produ\u00e7\u00e3o a granel requer <strong data-start=\"1945\" data-end=\"1967\">18-22 dias \u00fateis<\/strong>. O nosso sistema de produ\u00e7\u00e3o eficiente garante uma qualidade consistente e prazos de entrega fi\u00e1veis para encomendas personalizadas.<\/p>","protected":false},"excerpt":{"rendered":"<p>Sumkcaps 231016 Custom Six Panel Embroidery Patch Snapback Cap \u00e9 um dos estilos populares de bon\u00e9, leve e respir\u00e1vel. Nossos Snapbacks v\u00eam em uma variedade de estilos e cores de todas as principais marcas.<\/p>","protected":false},"featured_media":17235,"template":"","meta":{"_acf_changed":false,"_kad_blocks_custom_css":"","_kad_blocks_head_custom_js":"","_kad_blocks_body_custom_js":"","_kad_blocks_footer_custom_js":""},"product_brand":[],"product_cat":[42],"product_tag":[],"class_list":{"0":"post-17228","1":"product","2":"type-product","3":"status-publish","4":"has-post-thumbnail","6":"product_cat-snapback-cap","8":"first","9":"outofstock","10":"shipping-taxable","11":"product-type-simple"},"acf":[],"yoast_head":"<!-- This site is optimized with the Yoast SEO Premium plugin v20.8 (Yoast SEO v25.9) - https:\/\/yoast.com\/wordpress\/plugins\/seo\/ -->\n<title>Custom Embroidery Patch Snapback Cap | China Manufactuer<\/title>\n<meta name=\"description\" content=\"More Than 10 Years Of Experience In The Headwear Industry. Cap Manufacturers.100% Satisfaction Guarantee. Expert Service. Bulk Discount. Quick delivery.\" \/>\n<meta name=\"robots\" content=\"index, follow, max-snippet:-1, max-image-preview:large, max-video-preview:-1\" \/>\n<link rel=\"canonical\" href=\"https:\/\/sumkcaps.com\/pt\/produto\/sufox-231016-bone-snapback-personalizado-com-seis-paineis-bordados\/\" \/>\n<meta property=\"og:locale\" content=\"pt_PT\" \/>\n<meta property=\"og:type\" content=\"article\" \/>\n<meta property=\"og:title\" content=\"Sumkcaps 231016 Custom Six Panel Embroidery Patch Snapback Cap - Sumkcaps\" \/>\n<meta property=\"og:description\" content=\"More Than 10 Years Of Experience In The Headwear Industry. Cap Manufacturers.100% Satisfaction Guarantee. Expert Service. Bulk Discount. Quick delivery.\" \/>\n<meta property=\"og:url\" content=\"https:\/\/sumkcaps.com\/pt\/produto\/sufox-231016-bone-snapback-personalizado-com-seis-paineis-bordados\/\" \/>\n<meta property=\"og:site_name\" content=\"Sumkcaps-China Original Headwear Manufacturer and Suppliers\" \/>\n<meta property=\"article:publisher\" content=\"https:\/\/www.facebook.com\/sumkcap\" \/>\n<meta property=\"article:modified_time\" content=\"2026-03-09T03:38:25+00:00\" \/>\n<meta property=\"og:image\" content=\"https:\/\/sumkcaps.com\/wp-content\/uploads\/2022\/10\/6_panel_embroidery_patch_snapback_cap-7.jpg\" \/>\n\t<meta property=\"og:image:width\" content=\"800\" \/>\n\t<meta property=\"og:image:height\" content=\"800\" \/>\n\t<meta property=\"og:image:type\" content=\"image\/jpeg\" \/>\n<meta name=\"twitter:card\" content=\"summary_large_image\" \/>\n<meta name=\"twitter:label1\" content=\"Tempo estimado de leitura\" \/>\n\t<meta name=\"twitter:data1\" content=\"2 minutos\" \/>\n<script type=\"application\/ld+json\" class=\"yoast-schema-graph\">{\"@context\":\"https:\/\/schema.org\",\"@graph\":[{\"@type\":\"WebPage\",\"@id\":\"https:\/\/sumkcaps.com\/product\/sufox-231016-custom-six-panel-embroidery-patch-snapback-cap\/\",\"url\":\"https:\/\/sumkcaps.com\/product\/sufox-231016-custom-six-panel-embroidery-patch-snapback-cap\/\",\"name\":\"Custom Embroidery Patch Snapback Cap | China Manufactuer\",\"isPartOf\":{\"@id\":\"https:\/\/sumkcaps.com\/#website\"},\"primaryImageOfPage\":{\"@id\":\"https:\/\/sumkcaps.com\/product\/sufox-231016-custom-six-panel-embroidery-patch-snapback-cap\/#primaryimage\"},\"image\":{\"@id\":\"https:\/\/sumkcaps.com\/product\/sufox-231016-custom-six-panel-embroidery-patch-snapback-cap\/#primaryimage\"},\"thumbnailUrl\":\"https:\/\/sumkcaps.com\/wp-content\/uploads\/2022\/10\/6_panel_embroidery_patch_snapback_cap-7.jpg\",\"datePublished\":\"2022-10-20T06:47:21+00:00\",\"dateModified\":\"2026-03-09T03:38:25+00:00\",\"description\":\"More Than 10 Years Of Experience In The Headwear Industry. Cap Manufacturers.100% Satisfaction Guarantee. Expert Service. Bulk Discount. Quick delivery.\",\"breadcrumb\":{\"@id\":\"https:\/\/sumkcaps.com\/product\/sufox-231016-custom-six-panel-embroidery-patch-snapback-cap\/#breadcrumb\"},\"inLanguage\":\"pt-PT\",\"potentialAction\":[{\"@type\":\"ReadAction\",\"target\":[\"https:\/\/sumkcaps.com\/product\/sufox-231016-custom-six-panel-embroidery-patch-snapback-cap\/\"]}]},{\"@type\":\"ImageObject\",\"inLanguage\":\"pt-PT\",\"@id\":\"https:\/\/sumkcaps.com\/product\/sufox-231016-custom-six-panel-embroidery-patch-snapback-cap\/#primaryimage\",\"url\":\"https:\/\/sumkcaps.com\/wp-content\/uploads\/2022\/10\/6_panel_embroidery_patch_snapback_cap-7.jpg\",\"contentUrl\":\"https:\/\/sumkcaps.com\/wp-content\/uploads\/2022\/10\/6_panel_embroidery_patch_snapback_cap-7.jpg\",\"width\":800,\"height\":800},{\"@type\":\"BreadcrumbList\",\"@id\":\"https:\/\/sumkcaps.com\/product\/sufox-231016-custom-six-panel-embroidery-patch-snapback-cap\/#breadcrumb\",\"itemListElement\":[{\"@type\":\"ListItem\",\"position\":1,\"name\":\"Home\",\"item\":\"https:\/\/sumkcaps.com\/\"},{\"@type\":\"ListItem\",\"position\":2,\"name\":\"Products\",\"item\":\"https:\/\/sumkcaps.com\/product\/\"},{\"@type\":\"ListItem\",\"position\":3,\"name\":\"Sumkcaps 231016 Custom Six Panel Embroidery Patch Snapback Cap\"}]},{\"@type\":\"WebSite\",\"@id\":\"https:\/\/sumkcaps.com\/#website\",\"url\":\"https:\/\/sumkcaps.com\/\",\"name\":\"Sumkcaps-China Original Headwear Manufacturer and Suppliers\",\"description\":\"We are China Cap And Hat Original Factory, whose main business is to custom cap and hat as client&#039;s LOGO. Any cap style, any cap color, any qty, any material and qty is no problem. In one words, any small details can be customized as your request.\",\"publisher\":{\"@id\":\"https:\/\/sumkcaps.com\/#organization\"},\"potentialAction\":[{\"@type\":\"SearchAction\",\"target\":{\"@type\":\"EntryPoint\",\"urlTemplate\":\"https:\/\/sumkcaps.com\/?s={search_term_string}\"},\"query-input\":{\"@type\":\"PropertyValueSpecification\",\"valueRequired\":true,\"valueName\":\"search_term_string\"}}],\"inLanguage\":\"pt-PT\"},{\"@type\":\"Organization\",\"@id\":\"https:\/\/sumkcaps.com\/#organization\",\"name\":\"Sumkcaps-China Original Headwear Manufacturer and Suppliers\",\"url\":\"https:\/\/sumkcaps.com\/\",\"logo\":{\"@type\":\"ImageObject\",\"inLanguage\":\"pt-PT\",\"@id\":\"https:\/\/sumkcaps.com\/#\/schema\/logo\/image\/\",\"url\":\"https:\/\/sumkcaps.com\/wp-content\/uploads\/2025\/12\/1234.jpg\",\"contentUrl\":\"https:\/\/sumkcaps.com\/wp-content\/uploads\/2025\/12\/1234.jpg\",\"width\":800,\"height\":800,\"caption\":\"Sumkcaps-China Original Headwear Manufacturer and Suppliers\"},\"image\":{\"@id\":\"https:\/\/sumkcaps.com\/#\/schema\/logo\/image\/\"},\"sameAs\":[\"https:\/\/www.facebook.com\/sumkcap\",\"https:\/\/www.instagram.com\/sumkcaps7\/\",\"https:\/\/www.pinterest.com\/sumkcapschina\/\"]}]}<\/script>\n<!-- \/ Yoast SEO Premium plugin. -->","yoast_head_json":{"title":"Bon\u00e9 com emblema bordado personalizado e bon\u00e9 Snapback | China Manufactuer","description":"Mais de 10 anos de experi\u00eancia na ind\u00fastria de chap\u00e9us. Fabricantes de bon\u00e9s.100% Garantia de satisfa\u00e7\u00e3o. Servi\u00e7o especializado. Desconto em massa. Entrega r\u00e1pida.","robots":{"index":"index","follow":"follow","max-snippet":"max-snippet:-1","max-image-preview":"max-image-preview:large","max-video-preview":"max-video-preview:-1"},"canonical":"https:\/\/sumkcaps.com\/pt\/produto\/sufox-231016-bone-snapback-personalizado-com-seis-paineis-bordados\/","og_locale":"pt_PT","og_type":"article","og_title":"Sumkcaps 231016 Custom Six Panel Embroidery Patch Snapback Cap - Sumkcaps","og_description":"More Than 10 Years Of Experience In The Headwear Industry. Cap Manufacturers.100% Satisfaction Guarantee. Expert Service. Bulk Discount. Quick delivery.","og_url":"https:\/\/sumkcaps.com\/pt\/produto\/sufox-231016-bone-snapback-personalizado-com-seis-paineis-bordados\/","og_site_name":"Sumkcaps-China Original Headwear Manufacturer and Suppliers","article_publisher":"https:\/\/www.facebook.com\/sumkcap","article_modified_time":"2026-03-09T03:38:25+00:00","og_image":[{"width":800,"height":800,"url":"https:\/\/sumkcaps.com\/wp-content\/uploads\/2022\/10\/6_panel_embroidery_patch_snapback_cap-7.jpg","type":"image\/jpeg"}],"twitter_card":"summary_large_image","twitter_misc":{"Tempo estimado de leitura":"2 minutos"},"schema":{"@context":"https:\/\/schema.org","@graph":[{"@type":"WebPage","@id":"https:\/\/sumkcaps.com\/product\/sufox-231016-custom-six-panel-embroidery-patch-snapback-cap\/","url":"https:\/\/sumkcaps.com\/product\/sufox-231016-custom-six-panel-embroidery-patch-snapback-cap\/","name":"Bon\u00e9 com emblema bordado personalizado e bon\u00e9 Snapback | China Manufactuer","isPartOf":{"@id":"https:\/\/sumkcaps.com\/#website"},"primaryImageOfPage":{"@id":"https:\/\/sumkcaps.com\/product\/sufox-231016-custom-six-panel-embroidery-patch-snapback-cap\/#primaryimage"},"image":{"@id":"https:\/\/sumkcaps.com\/product\/sufox-231016-custom-six-panel-embroidery-patch-snapback-cap\/#primaryimage"},"thumbnailUrl":"https:\/\/sumkcaps.com\/wp-content\/uploads\/2022\/10\/6_panel_embroidery_patch_snapback_cap-7.jpg","datePublished":"2022-10-20T06:47:21+00:00","dateModified":"2026-03-09T03:38:25+00:00","description":"Mais de 10 anos de experi\u00eancia na ind\u00fastria de chap\u00e9us. Fabricantes de bon\u00e9s.100% Garantia de satisfa\u00e7\u00e3o. Servi\u00e7o especializado. Desconto em massa. Entrega r\u00e1pida.","breadcrumb":{"@id":"https:\/\/sumkcaps.com\/product\/sufox-231016-custom-six-panel-embroidery-patch-snapback-cap\/#breadcrumb"},"inLanguage":"pt-PT","potentialAction":[{"@type":"ReadAction","target":["https:\/\/sumkcaps.com\/product\/sufox-231016-custom-six-panel-embroidery-patch-snapback-cap\/"]}]},{"@type":"ImageObject","inLanguage":"pt-PT","@id":"https:\/\/sumkcaps.com\/product\/sufox-231016-custom-six-panel-embroidery-patch-snapback-cap\/#primaryimage","url":"https:\/\/sumkcaps.com\/wp-content\/uploads\/2022\/10\/6_panel_embroidery_patch_snapback_cap-7.jpg","contentUrl":"https:\/\/sumkcaps.com\/wp-content\/uploads\/2022\/10\/6_panel_embroidery_patch_snapback_cap-7.jpg","width":800,"height":800},{"@type":"BreadcrumbList","@id":"https:\/\/sumkcaps.com\/product\/sufox-231016-custom-six-panel-embroidery-patch-snapback-cap\/#breadcrumb","itemListElement":[{"@type":"ListItem","position":1,"name":"Home","item":"https:\/\/sumkcaps.com\/"},{"@type":"ListItem","position":2,"name":"Products","item":"https:\/\/sumkcaps.com\/product\/"},{"@type":"ListItem","position":3,"name":"Sumkcaps 231016 Custom Six Panel Embroidery Patch Snapback Cap"}]},{"@type":"WebSite","@id":"https:\/\/sumkcaps.com\/#website","url":"https:\/\/sumkcaps.com\/","name":"Sumkcaps-China Original Headwear Fabricante e fornecedores","description":"Somos a F\u00e1brica Original de Bon\u00e9s e Chap\u00e9us da China, cujo principal neg\u00f3cio \u00e9 personalizar bon\u00e9s e chap\u00e9us de acordo com o LOGOTIPO do cliente. Qualquer estilo de bon\u00e9, qualquer cor de bon\u00e9, qualquer quantidade, qualquer material e quantidade n\u00e3o \u00e9 problema. Por outras palavras, todos os pequenos detalhes podem ser personalizados a seu pedido.","publisher":{"@id":"https:\/\/sumkcaps.com\/#organization"},"potentialAction":[{"@type":"SearchAction","target":{"@type":"EntryPoint","urlTemplate":"https:\/\/sumkcaps.com\/?s={search_term_string}"},"query-input":{"@type":"PropertyValueSpecification","valueRequired":true,"valueName":"search_term_string"}}],"inLanguage":"pt-PT"},{"@type":"Organization","@id":"https:\/\/sumkcaps.com\/#organization","name":"Sumkcaps-China Original Headwear Fabricante e fornecedores","url":"https:\/\/sumkcaps.com\/","logo":{"@type":"ImageObject","inLanguage":"pt-PT","@id":"https:\/\/sumkcaps.com\/#\/schema\/logo\/image\/","url":"https:\/\/sumkcaps.com\/wp-content\/uploads\/2025\/12\/1234.jpg","contentUrl":"https:\/\/sumkcaps.com\/wp-content\/uploads\/2025\/12\/1234.jpg","width":800,"height":800,"caption":"Sumkcaps-China Original Headwear Manufacturer and Suppliers"},"image":{"@id":"https:\/\/sumkcaps.com\/#\/schema\/logo\/image\/"},"sameAs":["https:\/\/www.facebook.com\/sumkcap","https:\/\/www.instagram.com\/sumkcaps7\/","https:\/\/www.pinterest.com\/sumkcapschina\/"]}]}},"taxonomy_info":{"product_cat":[{"value":42,"label":"Snapback Hats Wholesale"}]},"featured_image_src_large":["https:\/\/sumkcaps.com\/wp-content\/uploads\/2022\/10\/6_panel_embroidery_patch_snapback_cap-7.jpg",800,800,false],"author_info":[],"comment_info":"","_links":{"self":[{"href":"https:\/\/sumkcaps.com\/pt\/wp-json\/wp\/v2\/product\/17228","targetHints":{"allow":["GET"]}}],"collection":[{"href":"https:\/\/sumkcaps.com\/pt\/wp-json\/wp\/v2\/product"}],"about":[{"href":"https:\/\/sumkcaps.com\/pt\/wp-json\/wp\/v2\/types\/product"}],"wp:featuredmedia":[{"embeddable":true,"href":"https:\/\/sumkcaps.com\/pt\/wp-json\/wp\/v2\/media\/17235"}],"wp:attachment":[{"href":"https:\/\/sumkcaps.com\/pt\/wp-json\/wp\/v2\/media?parent=17228"}],"wp:term":[{"taxonomy":"product_brand","embeddable":true,"href":"https:\/\/sumkcaps.com\/pt\/wp-json\/wp\/v2\/product_brand?post=17228"},{"taxonomy":"product_cat","embeddable":true,"href":"https:\/\/sumkcaps.com\/pt\/wp-json\/wp\/v2\/product_cat?post=17228"},{"taxonomy":"product_tag","embeddable":true,"href":"https:\/\/sumkcaps.com\/pt\/wp-json\/wp\/v2\/product_tag?post=17228"}],"curies":[{"name":"wp","href":"https:\/\/api.w.org\/{rel}","templated":true}]}}