{"id":17038,"date":"2022-10-19T10:59:04","date_gmt":"2022-10-19T02:59:04","guid":{"rendered":"https:\/\/sumkcaps.com\/?post_type=product&#038;p=17038"},"modified":"2025-12-17T15:02:36","modified_gmt":"2025-12-17T07:02:36","slug":"sufox-231004-custom-six-panel-flat-embroidery-baseball-cap","status":"publish","type":"product","link":"https:\/\/sumkcaps.com\/pt\/produto\/sufox-231004-bone-de-basebol-bordado-plano-de-seis-paineis-personalizado\/","title":{"rendered":"Bon\u00e9 de basebol com bordado plano de seis pain\u00e9is personalizado Sumkcaps 231004"},"content":{"rendered":"<h3 data-start=\"247\" data-end=\"670\"><strong data-start=\"247\" data-end=\"287\">Decora\u00e7\u00e3o<\/strong><\/h3>\n<p data-start=\"247\" data-end=\"670\">Este bon\u00e9 de beisebol apresenta bordados planos limpos e precisos, proporcionando um visual elegante e profissional para logotipos, textos ou ilustra\u00e7\u00f5es personalizadas. O bordado fica bem ajustado \u00e0 superf\u00edcie, garantindo durabilidade sem volume. Ideal para promo\u00e7\u00e3o de marcas, mercadorias corporativas, cole\u00e7\u00f5es de retalho ou uniformes de equipas, o bordado plano oferece uma op\u00e7\u00e3o de decora\u00e7\u00e3o vers\u00e1til e intemporal.<\/p>\n<h3 data-start=\"672\" data-end=\"1051\"><strong data-start=\"672\" data-end=\"696\">Material<\/strong><\/h3>\n<p data-start=\"672\" data-end=\"1051\">Feito de tecido de poli\u00e9ster de alta qualidade, este bon\u00e9 oferece excelente durabilidade, resist\u00eancia a rugas e reten\u00e7\u00e3o de cor. O material leve, mas resistente, garante um uso confort\u00e1vel durante todo o dia, mantendo a sua forma. O poli\u00e9ster tamb\u00e9m \u00e9 f\u00e1cil de cuidar, tornando este bon\u00e9 adequado para uso frequente no retalho, eventos promocionais e uso casual di\u00e1rio.<\/p>\n<h3 data-start=\"1053\" data-end=\"1393\"><strong data-start=\"1053\" data-end=\"1075\">Cor<\/strong><\/h3>\n<p data-start=\"1053\" data-end=\"1393\">A bon\u00e9 est\u00e1 dispon\u00edvel em cores totalmente personalizadas para combinar com a identidade da sua marca ou cole\u00e7\u00f5es sazonais. De tons neutros cl\u00e1ssicos a tons ousados, as op\u00e7\u00f5es de cores flex\u00edveis permitem criar designs exclusivos que se destacam no mercado. O tingimento personalizado garante qualidade de cor consistente em pedidos de produ\u00e7\u00e3o em massa.<\/p>\n<h3 data-start=\"1395\" data-end=\"1715\"><strong data-start=\"1395\" data-end=\"1428\">Ajuste e tamanho<\/strong><\/h3>\n<p data-start=\"1395\" data-end=\"1715\">Concebido com uma estrutura OSFM, este bon\u00e9 de basebol de seis pain\u00e9is adapta-se confortavelmente a tamanhos de cabe\u00e7a de 7 a 7 3\/4. A coroa estruturada e o fecho ajust\u00e1vel proporcionam um ajuste seguro e flex\u00edvel, tornando-o adequado para a maioria dos adultos. Proporciona conforto e uma silhueta elegante para uso di\u00e1rio.<\/p>\n<h3 data-start=\"1717\" data-end=\"2052\"><strong data-start=\"1717\" data-end=\"1739\">Viseira<\/strong><\/h3>\n<p data-start=\"1717\" data-end=\"2052\">A pala pr\u00e9-curvada oferece um visual cl\u00e1ssico de bon\u00e9 de beisebol, ao mesmo tempo que proporciona prote\u00e7\u00e3o solar pr\u00e1tica. A sua forma real\u00e7a os contornos faciais e adiciona um apelo desportivo e casual. A pala mant\u00e9m a sua curva ao longo do tempo, garantindo estilo e funcionalidade consistentes para atividades ao ar livre, promo\u00e7\u00f5es ou uso casual na moda.<\/p>\n<h3 data-start=\"2054\" data-end=\"2393\"><strong data-start=\"2054\" data-end=\"2077\">Servi\u00e7o<\/strong><\/h3>\n<p data-start=\"2054\" data-end=\"2393\">Oferecemos servi\u00e7os profissionais de OEM e ODM, com suporte para designs personalizados, coloca\u00e7\u00e3o de log\u00f3tipos, rotulagem, embalagem e produ\u00e7\u00e3o em massa. Desde o desenvolvimento do conceito at\u00e9 a entrega final, a nossa equipa trabalha em estreita colabora\u00e7\u00e3o com os clientes para garantir qualidade, consist\u00eancia e cumprimento pontual para marcas pr\u00f3prias e parceiros grossistas.<\/p>","protected":false},"excerpt":{"rendered":"<p>Sumkcaps 231004 Bon\u00e9 de beisebol personalizado com bordado plano de seis pain\u00e9is \u00e9 um dos estilos populares de bon\u00e9, leve e respir\u00e1vel. Nossos Snapbacks v\u00eam em uma variedade de estilos e cores de todas as principais marcas.<\/p>","protected":false},"featured_media":17039,"template":"","meta":{"_acf_changed":false,"_kad_blocks_custom_css":"","_kad_blocks_head_custom_js":"","_kad_blocks_body_custom_js":"","_kad_blocks_footer_custom_js":""},"product_brand":[],"product_cat":[38],"product_tag":[],"class_list":{"0":"post-17038","1":"product","2":"type-product","3":"status-publish","4":"has-post-thumbnail","6":"product_cat-baseball-cap-supplier","8":"first","9":"outofstock","10":"shipping-taxable","11":"product-type-simple"},"acf":[],"yoast_head":"<!-- This site is optimized with the Yoast SEO Premium plugin v20.8 (Yoast SEO v25.9) - https:\/\/yoast.com\/wordpress\/plugins\/seo\/ -->\n<title>Custom Flat Embroidery Baseball Cap | China Manufactuer<\/title>\n<meta name=\"description\" content=\"High Quality Cap Head Wear With Professional Custom Design Service Available. Add Your Logo or Custom Design Online. Expert Service. Bulk Discount.\" \/>\n<meta name=\"robots\" content=\"index, follow, max-snippet:-1, max-image-preview:large, max-video-preview:-1\" \/>\n<link rel=\"canonical\" href=\"https:\/\/sumkcaps.com\/pt\/produto\/sufox-231004-bone-de-basebol-bordado-plano-de-seis-paineis-personalizado\/\" \/>\n<meta property=\"og:locale\" content=\"pt_PT\" \/>\n<meta property=\"og:type\" content=\"article\" \/>\n<meta property=\"og:title\" content=\"Sumkcaps 231004 Custom Six Panel Flat Embroidery Baseball Cap - Sumkcaps\" \/>\n<meta property=\"og:description\" content=\"High Quality Cap Head Wear With Professional Custom Design Service Available. Add Your Logo or Custom Design Online. Expert Service. Bulk Discount.\" \/>\n<meta property=\"og:url\" content=\"https:\/\/sumkcaps.com\/pt\/produto\/sufox-231004-bone-de-basebol-bordado-plano-de-seis-paineis-personalizado\/\" \/>\n<meta property=\"og:site_name\" content=\"Sumkcaps-China Original Headwear Manufacturer and Suppliers\" \/>\n<meta property=\"article:publisher\" content=\"https:\/\/www.facebook.com\/sumkcap\" \/>\n<meta property=\"article:modified_time\" content=\"2025-12-17T07:02:36+00:00\" \/>\n<meta property=\"og:image\" content=\"https:\/\/sumkcaps.com\/wp-content\/uploads\/2022\/10\/6_panel_flat_embroidery_baseball_cap-1.jpg\" \/>\n\t<meta property=\"og:image:width\" content=\"800\" \/>\n\t<meta property=\"og:image:height\" content=\"800\" \/>\n\t<meta property=\"og:image:type\" content=\"image\/jpeg\" \/>\n<meta name=\"twitter:card\" content=\"summary_large_image\" \/>\n<meta name=\"twitter:label1\" content=\"Tempo estimado de leitura\" \/>\n\t<meta name=\"twitter:data1\" content=\"2 minutos\" \/>\n<script type=\"application\/ld+json\" class=\"yoast-schema-graph\">{\"@context\":\"https:\/\/schema.org\",\"@graph\":[{\"@type\":\"WebPage\",\"@id\":\"https:\/\/sumkcaps.com\/product\/sufox-231004-custom-six-panel-flat-embroidery-baseball-cap\/\",\"url\":\"https:\/\/sumkcaps.com\/product\/sufox-231004-custom-six-panel-flat-embroidery-baseball-cap\/\",\"name\":\"Custom Flat Embroidery Baseball Cap | China Manufactuer\",\"isPartOf\":{\"@id\":\"https:\/\/sumkcaps.com\/#website\"},\"primaryImageOfPage\":{\"@id\":\"https:\/\/sumkcaps.com\/product\/sufox-231004-custom-six-panel-flat-embroidery-baseball-cap\/#primaryimage\"},\"image\":{\"@id\":\"https:\/\/sumkcaps.com\/product\/sufox-231004-custom-six-panel-flat-embroidery-baseball-cap\/#primaryimage\"},\"thumbnailUrl\":\"https:\/\/sumkcaps.com\/wp-content\/uploads\/2022\/10\/6_panel_flat_embroidery_baseball_cap-1.jpg\",\"datePublished\":\"2022-10-19T02:59:04+00:00\",\"dateModified\":\"2025-12-17T07:02:36+00:00\",\"description\":\"High Quality Cap Head Wear With Professional Custom Design Service Available. Add Your Logo or Custom Design Online. Expert Service. Bulk Discount.\",\"breadcrumb\":{\"@id\":\"https:\/\/sumkcaps.com\/product\/sufox-231004-custom-six-panel-flat-embroidery-baseball-cap\/#breadcrumb\"},\"inLanguage\":\"pt-PT\",\"potentialAction\":[{\"@type\":\"ReadAction\",\"target\":[\"https:\/\/sumkcaps.com\/product\/sufox-231004-custom-six-panel-flat-embroidery-baseball-cap\/\"]}]},{\"@type\":\"ImageObject\",\"inLanguage\":\"pt-PT\",\"@id\":\"https:\/\/sumkcaps.com\/product\/sufox-231004-custom-six-panel-flat-embroidery-baseball-cap\/#primaryimage\",\"url\":\"https:\/\/sumkcaps.com\/wp-content\/uploads\/2022\/10\/6_panel_flat_embroidery_baseball_cap-1.jpg\",\"contentUrl\":\"https:\/\/sumkcaps.com\/wp-content\/uploads\/2022\/10\/6_panel_flat_embroidery_baseball_cap-1.jpg\",\"width\":800,\"height\":800},{\"@type\":\"BreadcrumbList\",\"@id\":\"https:\/\/sumkcaps.com\/product\/sufox-231004-custom-six-panel-flat-embroidery-baseball-cap\/#breadcrumb\",\"itemListElement\":[{\"@type\":\"ListItem\",\"position\":1,\"name\":\"Home\",\"item\":\"https:\/\/sumkcaps.com\/\"},{\"@type\":\"ListItem\",\"position\":2,\"name\":\"Products\",\"item\":\"https:\/\/sumkcaps.com\/product\/\"},{\"@type\":\"ListItem\",\"position\":3,\"name\":\"Sumkcaps 231004 Custom Six Panel Flat Embroidery Baseball Cap\"}]},{\"@type\":\"WebSite\",\"@id\":\"https:\/\/sumkcaps.com\/#website\",\"url\":\"https:\/\/sumkcaps.com\/\",\"name\":\"Sumkcaps-China Original Headwear Manufacturer and Suppliers\",\"description\":\"We are China Cap And Hat Original Factory, whose main business is to custom cap and hat as client&#039;s LOGO. Any cap style, any cap color, any qty, any material and qty is no problem. In one words, any small details can be customized as your request.\",\"publisher\":{\"@id\":\"https:\/\/sumkcaps.com\/#organization\"},\"potentialAction\":[{\"@type\":\"SearchAction\",\"target\":{\"@type\":\"EntryPoint\",\"urlTemplate\":\"https:\/\/sumkcaps.com\/?s={search_term_string}\"},\"query-input\":{\"@type\":\"PropertyValueSpecification\",\"valueRequired\":true,\"valueName\":\"search_term_string\"}}],\"inLanguage\":\"pt-PT\"},{\"@type\":\"Organization\",\"@id\":\"https:\/\/sumkcaps.com\/#organization\",\"name\":\"Sumkcaps-China Original Headwear Manufacturer and Suppliers\",\"url\":\"https:\/\/sumkcaps.com\/\",\"logo\":{\"@type\":\"ImageObject\",\"inLanguage\":\"pt-PT\",\"@id\":\"https:\/\/sumkcaps.com\/#\/schema\/logo\/image\/\",\"url\":\"https:\/\/sumkcaps.com\/wp-content\/uploads\/2025\/12\/1234.jpg\",\"contentUrl\":\"https:\/\/sumkcaps.com\/wp-content\/uploads\/2025\/12\/1234.jpg\",\"width\":800,\"height\":800,\"caption\":\"Sumkcaps-China Original Headwear Manufacturer and Suppliers\"},\"image\":{\"@id\":\"https:\/\/sumkcaps.com\/#\/schema\/logo\/image\/\"},\"sameAs\":[\"https:\/\/www.facebook.com\/sumkcap\",\"https:\/\/www.instagram.com\/sumkcaps7\/\",\"https:\/\/www.pinterest.com\/sumkcapschina\/\"]}]}<\/script>\n<!-- \/ Yoast SEO Premium plugin. -->","yoast_head_json":{"title":"Bon\u00e9 de beisebol com bordado plano personalizado | Fabricante da China","description":"Bon\u00e9 de alta qualidade para usar na cabe\u00e7a com servi\u00e7o profissional de design personalizado dispon\u00edvel. Adicione o seu log\u00f3tipo ou desenho personalizado online. Servi\u00e7o especializado. Desconto por volume.","robots":{"index":"index","follow":"follow","max-snippet":"max-snippet:-1","max-image-preview":"max-image-preview:large","max-video-preview":"max-video-preview:-1"},"canonical":"https:\/\/sumkcaps.com\/pt\/produto\/sufox-231004-bone-de-basebol-bordado-plano-de-seis-paineis-personalizado\/","og_locale":"pt_PT","og_type":"article","og_title":"Sumkcaps 231004 Custom Six Panel Flat Embroidery Baseball Cap - Sumkcaps","og_description":"High Quality Cap Head Wear With Professional Custom Design Service Available. Add Your Logo or Custom Design Online. Expert Service. Bulk Discount.","og_url":"https:\/\/sumkcaps.com\/pt\/produto\/sufox-231004-bone-de-basebol-bordado-plano-de-seis-paineis-personalizado\/","og_site_name":"Sumkcaps-China Original Headwear Manufacturer and Suppliers","article_publisher":"https:\/\/www.facebook.com\/sumkcap","article_modified_time":"2025-12-17T07:02:36+00:00","og_image":[{"width":800,"height":800,"url":"https:\/\/sumkcaps.com\/wp-content\/uploads\/2022\/10\/6_panel_flat_embroidery_baseball_cap-1.jpg","type":"image\/jpeg"}],"twitter_card":"summary_large_image","twitter_misc":{"Tempo estimado de leitura":"2 minutos"},"schema":{"@context":"https:\/\/schema.org","@graph":[{"@type":"WebPage","@id":"https:\/\/sumkcaps.com\/product\/sufox-231004-custom-six-panel-flat-embroidery-baseball-cap\/","url":"https:\/\/sumkcaps.com\/product\/sufox-231004-custom-six-panel-flat-embroidery-baseball-cap\/","name":"Bon\u00e9 de beisebol com bordado plano personalizado | Fabricante da China","isPartOf":{"@id":"https:\/\/sumkcaps.com\/#website"},"primaryImageOfPage":{"@id":"https:\/\/sumkcaps.com\/product\/sufox-231004-custom-six-panel-flat-embroidery-baseball-cap\/#primaryimage"},"image":{"@id":"https:\/\/sumkcaps.com\/product\/sufox-231004-custom-six-panel-flat-embroidery-baseball-cap\/#primaryimage"},"thumbnailUrl":"https:\/\/sumkcaps.com\/wp-content\/uploads\/2022\/10\/6_panel_flat_embroidery_baseball_cap-1.jpg","datePublished":"2022-10-19T02:59:04+00:00","dateModified":"2025-12-17T07:02:36+00:00","description":"Bon\u00e9 de alta qualidade para usar na cabe\u00e7a com servi\u00e7o profissional de design personalizado dispon\u00edvel. Adicione o seu log\u00f3tipo ou desenho personalizado online. Servi\u00e7o especializado. Desconto por volume.","breadcrumb":{"@id":"https:\/\/sumkcaps.com\/product\/sufox-231004-custom-six-panel-flat-embroidery-baseball-cap\/#breadcrumb"},"inLanguage":"pt-PT","potentialAction":[{"@type":"ReadAction","target":["https:\/\/sumkcaps.com\/product\/sufox-231004-custom-six-panel-flat-embroidery-baseball-cap\/"]}]},{"@type":"ImageObject","inLanguage":"pt-PT","@id":"https:\/\/sumkcaps.com\/product\/sufox-231004-custom-six-panel-flat-embroidery-baseball-cap\/#primaryimage","url":"https:\/\/sumkcaps.com\/wp-content\/uploads\/2022\/10\/6_panel_flat_embroidery_baseball_cap-1.jpg","contentUrl":"https:\/\/sumkcaps.com\/wp-content\/uploads\/2022\/10\/6_panel_flat_embroidery_baseball_cap-1.jpg","width":800,"height":800},{"@type":"BreadcrumbList","@id":"https:\/\/sumkcaps.com\/product\/sufox-231004-custom-six-panel-flat-embroidery-baseball-cap\/#breadcrumb","itemListElement":[{"@type":"ListItem","position":1,"name":"Home","item":"https:\/\/sumkcaps.com\/"},{"@type":"ListItem","position":2,"name":"Products","item":"https:\/\/sumkcaps.com\/product\/"},{"@type":"ListItem","position":3,"name":"Sumkcaps 231004 Custom Six Panel Flat Embroidery Baseball Cap"}]},{"@type":"WebSite","@id":"https:\/\/sumkcaps.com\/#website","url":"https:\/\/sumkcaps.com\/","name":"Sumkcaps-China Original Headwear Fabricante e fornecedores","description":"Somos a F\u00e1brica Original de Bon\u00e9s e Chap\u00e9us da China, cujo principal neg\u00f3cio \u00e9 personalizar bon\u00e9s e chap\u00e9us de acordo com o LOGOTIPO do cliente. Qualquer estilo de bon\u00e9, qualquer cor de bon\u00e9, qualquer quantidade, qualquer material e quantidade n\u00e3o \u00e9 problema. Por outras palavras, todos os pequenos detalhes podem ser personalizados a seu pedido.","publisher":{"@id":"https:\/\/sumkcaps.com\/#organization"},"potentialAction":[{"@type":"SearchAction","target":{"@type":"EntryPoint","urlTemplate":"https:\/\/sumkcaps.com\/?s={search_term_string}"},"query-input":{"@type":"PropertyValueSpecification","valueRequired":true,"valueName":"search_term_string"}}],"inLanguage":"pt-PT"},{"@type":"Organization","@id":"https:\/\/sumkcaps.com\/#organization","name":"Sumkcaps-China Original Headwear Fabricante e fornecedores","url":"https:\/\/sumkcaps.com\/","logo":{"@type":"ImageObject","inLanguage":"pt-PT","@id":"https:\/\/sumkcaps.com\/#\/schema\/logo\/image\/","url":"https:\/\/sumkcaps.com\/wp-content\/uploads\/2025\/12\/1234.jpg","contentUrl":"https:\/\/sumkcaps.com\/wp-content\/uploads\/2025\/12\/1234.jpg","width":800,"height":800,"caption":"Sumkcaps-China Original Headwear Manufacturer and Suppliers"},"image":{"@id":"https:\/\/sumkcaps.com\/#\/schema\/logo\/image\/"},"sameAs":["https:\/\/www.facebook.com\/sumkcap","https:\/\/www.instagram.com\/sumkcaps7\/","https:\/\/www.pinterest.com\/sumkcapschina\/"]}]}},"taxonomy_info":{"product_cat":[{"value":38,"label":"Baseball Cap"}]},"featured_image_src_large":["https:\/\/sumkcaps.com\/wp-content\/uploads\/2022\/10\/6_panel_flat_embroidery_baseball_cap-1.jpg",800,800,false],"author_info":[],"comment_info":"","_links":{"self":[{"href":"https:\/\/sumkcaps.com\/pt\/wp-json\/wp\/v2\/product\/17038","targetHints":{"allow":["GET"]}}],"collection":[{"href":"https:\/\/sumkcaps.com\/pt\/wp-json\/wp\/v2\/product"}],"about":[{"href":"https:\/\/sumkcaps.com\/pt\/wp-json\/wp\/v2\/types\/product"}],"wp:featuredmedia":[{"embeddable":true,"href":"https:\/\/sumkcaps.com\/pt\/wp-json\/wp\/v2\/media\/17039"}],"wp:attachment":[{"href":"https:\/\/sumkcaps.com\/pt\/wp-json\/wp\/v2\/media?parent=17038"}],"wp:term":[{"taxonomy":"product_brand","embeddable":true,"href":"https:\/\/sumkcaps.com\/pt\/wp-json\/wp\/v2\/product_brand?post=17038"},{"taxonomy":"product_cat","embeddable":true,"href":"https:\/\/sumkcaps.com\/pt\/wp-json\/wp\/v2\/product_cat?post=17038"},{"taxonomy":"product_tag","embeddable":true,"href":"https:\/\/sumkcaps.com\/pt\/wp-json\/wp\/v2\/product_tag?post=17038"}],"curies":[{"name":"wp","href":"https:\/\/api.w.org\/{rel}","templated":true}]}}