{"id":16997,"date":"2022-10-13T16:36:30","date_gmt":"2022-10-13T08:36:30","guid":{"rendered":"https:\/\/sumkcaps.com\/?post_type=product&#038;p=16997"},"modified":"2026-03-10T15:36:48","modified_gmt":"2026-03-10T07:36:48","slug":"sufox-241087-custom-six-panel-3d-embroidery-snapback-cap","status":"publish","type":"product","link":"https:\/\/sumkcaps.com\/pt\/produto\/sufox-241087-bone-snapback-personalizado-de-seis-paineis-com-bordado-3d\/","title":{"rendered":"Sumkcaps 241087 Bon\u00e9 personalizado com bordado 3D de seis pain\u00e9is"},"content":{"rendered":"<h3 data-start=\"0\" data-end=\"396\"><strong data-start=\"0\" data-end=\"30\">Decora\u00e7\u00e3o<\/strong><\/h3>\n<p data-start=\"0\" data-end=\"396\">Este bon\u00e9 snapback apresenta um bordado 3D de qualidade superior que cria um efeito de log\u00f3tipo arrojado e em relevo no painel frontal. A costura grossa acrescenta profundidade e um forte impacto visual, tornando os log\u00f3tipos mais apelativos e distintos. Este m\u00e9todo de decora\u00e7\u00e3o \u00e9 muito utilizado por marcas de streetwear, equipas desportivas e artigos promocionais devido \u00e0 sua durabilidade e ao seu aspeto de alta qualidade.<\/p>\n<h3 data-start=\"398\" data-end=\"761\"><strong data-start=\"398\" data-end=\"425\">Material<\/strong><\/h3>\n<p data-start=\"398\" data-end=\"761\">Fabricado em tecido acr\u00edlico 100% de alta qualidade, este bon\u00e9 oferece uma excelente durabilidade, um conforto leve e uma forte reten\u00e7\u00e3o da forma. O material resiste \u00e0s rugas e ao encolhimento, ajudando o bon\u00e9 a manter a sua forma estruturada ao longo do tempo. O tecido acr\u00edlico tamb\u00e9m \u00e9 de f\u00e1cil manuten\u00e7\u00e3o, o que o torna adequado para uso di\u00e1rio e actividades ao ar livre.<\/p>\n<h3 data-start=\"763\" data-end=\"1090\"><strong data-start=\"763\" data-end=\"785\">Cor<\/strong><\/h3>\n<p data-start=\"763\" data-end=\"1090\">Este bon\u00e9 permite a personaliza\u00e7\u00e3o de todas as cores para corresponder a diferentes identidades de marca e conceitos de design. Os clientes podem escolher entre uma vasta gama de cores de tecido para complementar os seus log\u00f3tipos ou colec\u00e7\u00f5es sazonais, o que o torna ideal para marcas de moda, campanhas promocionais, produtos de retalho e artigos de equipa.<\/p>\n<h3 data-start=\"1092\" data-end=\"1406\"><strong data-start=\"1092\" data-end=\"1125\">Ajuste e tamanho<\/strong><\/h3>\n<p data-start=\"1092\" data-end=\"1406\">Concebido com um fecho de encaixe ajust\u00e1vel, o bon\u00e9 oferece um tamanho OSFM (One Size Fits Most), adaptando-se a circunfer\u00eancias de cabe\u00e7a de 7 a 7 3\/4. A correia ajust\u00e1vel garante um ajuste confort\u00e1vel e seguro para a maioria dos adultos, tornando-o adequado para uso di\u00e1rio, eventos e utiliza\u00e7\u00e3o promocional.<\/p>\n<h3 data-start=\"1408\" data-end=\"1661\"><strong data-start=\"1408\" data-end=\"1429\">Viseira<\/strong><\/h3>\n<p data-start=\"1408\" data-end=\"1661\">A viseira plana proporciona uma est\u00e9tica moderna de streetwear, ao mesmo tempo que oferece uma prote\u00e7\u00e3o solar eficaz. A sua forma estruturada mant\u00e9m um aspeto limpo e elegante, tornando-o uma escolha popular para os estilos hip-hop, skate e moda urbana.<\/p>\n<h3 data-start=\"1663\" data-end=\"1960\"><strong data-start=\"1663\" data-end=\"1686\">Servi\u00e7o<\/strong><\/h3>\n<p data-start=\"1663\" data-end=\"1960\">A Sumkcaps oferece servi\u00e7os profissionais de OEM e ODM para marcas globais, grossistas e distribuidores. Desde o desenvolvimento do design e sele\u00e7\u00e3o de materiais at\u00e9 \u00e0 personaliza\u00e7\u00e3o do log\u00f3tipo e solu\u00e7\u00f5es de embalagem, a nossa equipa experiente ajuda a transformar ideias em chap\u00e9us personalizados de alta qualidade.<\/p>\n<h3 data-start=\"1962\" data-end=\"2246\"><strong data-start=\"1962\" data-end=\"1999\">Tempo de resposta<\/strong><\/h3>\n<p data-start=\"1962\" data-end=\"2246\" data-is-last-node=\"\" data-is-only-node=\"\">O desenvolvimento de amostras demora normalmente 7-9 dias \u00fateis, permitindo aos clientes rever e confirmar rapidamente os seus projectos. A produ\u00e7\u00e3o em massa requer normalmente 18-22 dias \u00fateis, garantindo um controlo de qualidade est\u00e1vel e uma entrega atempada para encomendas de grande volume.<\/p>","protected":false},"excerpt":{"rendered":"<p>Sumkcaps 241087 Custom Six Panel 3D Embroidery Snapback Cap \u00e9 um dos estilos populares de bon\u00e9, leve e respir\u00e1vel. Nossos Snapbacks v\u00eam em uma variedade de estilos e cores de todas as principais marcas.<\/p>","protected":false},"featured_media":16998,"template":"","meta":{"_acf_changed":false,"_kad_blocks_custom_css":"","_kad_blocks_head_custom_js":"","_kad_blocks_body_custom_js":"","_kad_blocks_footer_custom_js":""},"product_brand":[],"product_cat":[42],"product_tag":[],"class_list":{"0":"post-16997","1":"product","2":"type-product","3":"status-publish","4":"has-post-thumbnail","6":"product_cat-snapback-cap","8":"first","9":"outofstock","10":"shipping-taxable","11":"product-type-simple"},"acf":[],"yoast_head":"<!-- This site is optimized with the Yoast SEO Premium plugin v20.8 (Yoast SEO v25.9) - https:\/\/yoast.com\/wordpress\/plugins\/seo\/ -->\n<title>Custom 3D Embroidery Snapback Cap | China Manufactuer<\/title>\n<meta name=\"description\" content=\"Custom Cap, Logo Cap, Brand Caps, Custom Made Snapback Caps, Custom Snapback Baseball Hats. Premium Cap Manufacturer since 2006. Order Today!\" \/>\n<meta name=\"robots\" content=\"index, follow, max-snippet:-1, max-image-preview:large, max-video-preview:-1\" \/>\n<link rel=\"canonical\" href=\"https:\/\/sumkcaps.com\/pt\/produto\/sufox-241087-bone-snapback-personalizado-de-seis-paineis-com-bordado-3d\/\" \/>\n<meta property=\"og:locale\" content=\"pt_PT\" \/>\n<meta property=\"og:type\" content=\"article\" \/>\n<meta property=\"og:title\" content=\"Sumkcaps 241087 Custom Six Panel 3D Embroidery Snapback Cap - Sumkcaps\" \/>\n<meta property=\"og:description\" content=\"Custom Cap, Logo Cap, Brand Caps, Custom Made Snapback Caps, Custom Snapback Baseball Hats. Premium Cap Manufacturer since 2006. Order Today!\" \/>\n<meta property=\"og:url\" content=\"https:\/\/sumkcaps.com\/pt\/produto\/sufox-241087-bone-snapback-personalizado-de-seis-paineis-com-bordado-3d\/\" \/>\n<meta property=\"og:site_name\" content=\"Sumkcaps-China Original Headwear Manufacturer and Suppliers\" \/>\n<meta property=\"article:publisher\" content=\"https:\/\/www.facebook.com\/sumkcap\" \/>\n<meta property=\"article:modified_time\" content=\"2026-03-10T07:36:48+00:00\" \/>\n<meta property=\"og:image\" content=\"https:\/\/sumkcaps.com\/wp-content\/uploads\/2022\/10\/custom_flat_brim_3d_embroidery_snapback_hat-1.jpg\" \/>\n\t<meta property=\"og:image:width\" content=\"800\" \/>\n\t<meta property=\"og:image:height\" content=\"800\" \/>\n\t<meta property=\"og:image:type\" content=\"image\/jpeg\" \/>\n<meta name=\"twitter:card\" content=\"summary_large_image\" \/>\n<meta name=\"twitter:label1\" content=\"Tempo estimado de leitura\" \/>\n\t<meta name=\"twitter:data1\" content=\"2 minutos\" \/>\n<script type=\"application\/ld+json\" class=\"yoast-schema-graph\">{\"@context\":\"https:\/\/schema.org\",\"@graph\":[{\"@type\":\"WebPage\",\"@id\":\"https:\/\/sumkcaps.com\/product\/sufox-241087-custom-six-panel-3d-embroidery-snapback-cap\/\",\"url\":\"https:\/\/sumkcaps.com\/product\/sufox-241087-custom-six-panel-3d-embroidery-snapback-cap\/\",\"name\":\"Custom 3D Embroidery Snapback Cap | China Manufactuer\",\"isPartOf\":{\"@id\":\"https:\/\/sumkcaps.com\/#website\"},\"primaryImageOfPage\":{\"@id\":\"https:\/\/sumkcaps.com\/product\/sufox-241087-custom-six-panel-3d-embroidery-snapback-cap\/#primaryimage\"},\"image\":{\"@id\":\"https:\/\/sumkcaps.com\/product\/sufox-241087-custom-six-panel-3d-embroidery-snapback-cap\/#primaryimage\"},\"thumbnailUrl\":\"https:\/\/sumkcaps.com\/wp-content\/uploads\/2022\/10\/custom_flat_brim_3d_embroidery_snapback_hat-1.jpg\",\"datePublished\":\"2022-10-13T08:36:30+00:00\",\"dateModified\":\"2026-03-10T07:36:48+00:00\",\"description\":\"Custom Cap, Logo Cap, Brand Caps, Custom Made Snapback Caps, Custom Snapback Baseball Hats. Premium Cap Manufacturer since 2006. Order Today!\",\"breadcrumb\":{\"@id\":\"https:\/\/sumkcaps.com\/product\/sufox-241087-custom-six-panel-3d-embroidery-snapback-cap\/#breadcrumb\"},\"inLanguage\":\"pt-PT\",\"potentialAction\":[{\"@type\":\"ReadAction\",\"target\":[\"https:\/\/sumkcaps.com\/product\/sufox-241087-custom-six-panel-3d-embroidery-snapback-cap\/\"]}]},{\"@type\":\"ImageObject\",\"inLanguage\":\"pt-PT\",\"@id\":\"https:\/\/sumkcaps.com\/product\/sufox-241087-custom-six-panel-3d-embroidery-snapback-cap\/#primaryimage\",\"url\":\"https:\/\/sumkcaps.com\/wp-content\/uploads\/2022\/10\/custom_flat_brim_3d_embroidery_snapback_hat-1.jpg\",\"contentUrl\":\"https:\/\/sumkcaps.com\/wp-content\/uploads\/2022\/10\/custom_flat_brim_3d_embroidery_snapback_hat-1.jpg\",\"width\":800,\"height\":800},{\"@type\":\"BreadcrumbList\",\"@id\":\"https:\/\/sumkcaps.com\/product\/sufox-241087-custom-six-panel-3d-embroidery-snapback-cap\/#breadcrumb\",\"itemListElement\":[{\"@type\":\"ListItem\",\"position\":1,\"name\":\"Home\",\"item\":\"https:\/\/sumkcaps.com\/\"},{\"@type\":\"ListItem\",\"position\":2,\"name\":\"Products\",\"item\":\"https:\/\/sumkcaps.com\/product\/\"},{\"@type\":\"ListItem\",\"position\":3,\"name\":\"Sumkcaps 241087 Custom Six Panel 3D Embroidery Snapback Cap\"}]},{\"@type\":\"WebSite\",\"@id\":\"https:\/\/sumkcaps.com\/#website\",\"url\":\"https:\/\/sumkcaps.com\/\",\"name\":\"Sumkcaps-China Original Headwear Manufacturer and Suppliers\",\"description\":\"We are China Cap And Hat Original Factory, whose main business is to custom cap and hat as client&#039;s LOGO. Any cap style, any cap color, any qty, any material and qty is no problem. In one words, any small details can be customized as your request.\",\"publisher\":{\"@id\":\"https:\/\/sumkcaps.com\/#organization\"},\"potentialAction\":[{\"@type\":\"SearchAction\",\"target\":{\"@type\":\"EntryPoint\",\"urlTemplate\":\"https:\/\/sumkcaps.com\/?s={search_term_string}\"},\"query-input\":{\"@type\":\"PropertyValueSpecification\",\"valueRequired\":true,\"valueName\":\"search_term_string\"}}],\"inLanguage\":\"pt-PT\"},{\"@type\":\"Organization\",\"@id\":\"https:\/\/sumkcaps.com\/#organization\",\"name\":\"Sumkcaps-China Original Headwear Manufacturer and Suppliers\",\"url\":\"https:\/\/sumkcaps.com\/\",\"logo\":{\"@type\":\"ImageObject\",\"inLanguage\":\"pt-PT\",\"@id\":\"https:\/\/sumkcaps.com\/#\/schema\/logo\/image\/\",\"url\":\"https:\/\/sumkcaps.com\/wp-content\/uploads\/2025\/12\/1234.jpg\",\"contentUrl\":\"https:\/\/sumkcaps.com\/wp-content\/uploads\/2025\/12\/1234.jpg\",\"width\":800,\"height\":800,\"caption\":\"Sumkcaps-China Original Headwear Manufacturer and Suppliers\"},\"image\":{\"@id\":\"https:\/\/sumkcaps.com\/#\/schema\/logo\/image\/\"},\"sameAs\":[\"https:\/\/www.facebook.com\/sumkcap\",\"https:\/\/www.instagram.com\/sumkcaps7\/\",\"https:\/\/www.pinterest.com\/sumkcapschina\/\"]}]}<\/script>\n<!-- \/ Yoast SEO Premium plugin. -->","yoast_head_json":{"title":"Bon\u00e9 Snapback Personalizado com Bordado 3D | Fabricante da China","description":"Bon\u00e9 personalizado, bon\u00e9 com log\u00f3tipo, bon\u00e9s de marca, bon\u00e9s Snapback personalizados, bon\u00e9s de basebol Snapback personalizados. Fabricante de bon\u00e9s premium desde 2006. Encomende hoje!","robots":{"index":"index","follow":"follow","max-snippet":"max-snippet:-1","max-image-preview":"max-image-preview:large","max-video-preview":"max-video-preview:-1"},"canonical":"https:\/\/sumkcaps.com\/pt\/produto\/sufox-241087-bone-snapback-personalizado-de-seis-paineis-com-bordado-3d\/","og_locale":"pt_PT","og_type":"article","og_title":"Sumkcaps 241087 Custom Six Panel 3D Embroidery Snapback Cap - Sumkcaps","og_description":"Custom Cap, Logo Cap, Brand Caps, Custom Made Snapback Caps, Custom Snapback Baseball Hats. Premium Cap Manufacturer since 2006. Order Today!","og_url":"https:\/\/sumkcaps.com\/pt\/produto\/sufox-241087-bone-snapback-personalizado-de-seis-paineis-com-bordado-3d\/","og_site_name":"Sumkcaps-China Original Headwear Manufacturer and Suppliers","article_publisher":"https:\/\/www.facebook.com\/sumkcap","article_modified_time":"2026-03-10T07:36:48+00:00","og_image":[{"width":800,"height":800,"url":"https:\/\/sumkcaps.com\/wp-content\/uploads\/2022\/10\/custom_flat_brim_3d_embroidery_snapback_hat-1.jpg","type":"image\/jpeg"}],"twitter_card":"summary_large_image","twitter_misc":{"Tempo estimado de leitura":"2 minutos"},"schema":{"@context":"https:\/\/schema.org","@graph":[{"@type":"WebPage","@id":"https:\/\/sumkcaps.com\/product\/sufox-241087-custom-six-panel-3d-embroidery-snapback-cap\/","url":"https:\/\/sumkcaps.com\/product\/sufox-241087-custom-six-panel-3d-embroidery-snapback-cap\/","name":"Bon\u00e9 Snapback Personalizado com Bordado 3D | Fabricante da China","isPartOf":{"@id":"https:\/\/sumkcaps.com\/#website"},"primaryImageOfPage":{"@id":"https:\/\/sumkcaps.com\/product\/sufox-241087-custom-six-panel-3d-embroidery-snapback-cap\/#primaryimage"},"image":{"@id":"https:\/\/sumkcaps.com\/product\/sufox-241087-custom-six-panel-3d-embroidery-snapback-cap\/#primaryimage"},"thumbnailUrl":"https:\/\/sumkcaps.com\/wp-content\/uploads\/2022\/10\/custom_flat_brim_3d_embroidery_snapback_hat-1.jpg","datePublished":"2022-10-13T08:36:30+00:00","dateModified":"2026-03-10T07:36:48+00:00","description":"Bon\u00e9 personalizado, bon\u00e9 com log\u00f3tipo, bon\u00e9s de marca, bon\u00e9s Snapback personalizados, bon\u00e9s de basebol Snapback personalizados. Fabricante de bon\u00e9s premium desde 2006. Encomende hoje!","breadcrumb":{"@id":"https:\/\/sumkcaps.com\/product\/sufox-241087-custom-six-panel-3d-embroidery-snapback-cap\/#breadcrumb"},"inLanguage":"pt-PT","potentialAction":[{"@type":"ReadAction","target":["https:\/\/sumkcaps.com\/product\/sufox-241087-custom-six-panel-3d-embroidery-snapback-cap\/"]}]},{"@type":"ImageObject","inLanguage":"pt-PT","@id":"https:\/\/sumkcaps.com\/product\/sufox-241087-custom-six-panel-3d-embroidery-snapback-cap\/#primaryimage","url":"https:\/\/sumkcaps.com\/wp-content\/uploads\/2022\/10\/custom_flat_brim_3d_embroidery_snapback_hat-1.jpg","contentUrl":"https:\/\/sumkcaps.com\/wp-content\/uploads\/2022\/10\/custom_flat_brim_3d_embroidery_snapback_hat-1.jpg","width":800,"height":800},{"@type":"BreadcrumbList","@id":"https:\/\/sumkcaps.com\/product\/sufox-241087-custom-six-panel-3d-embroidery-snapback-cap\/#breadcrumb","itemListElement":[{"@type":"ListItem","position":1,"name":"Home","item":"https:\/\/sumkcaps.com\/"},{"@type":"ListItem","position":2,"name":"Products","item":"https:\/\/sumkcaps.com\/product\/"},{"@type":"ListItem","position":3,"name":"Sumkcaps 241087 Custom Six Panel 3D Embroidery Snapback Cap"}]},{"@type":"WebSite","@id":"https:\/\/sumkcaps.com\/#website","url":"https:\/\/sumkcaps.com\/","name":"Sumkcaps-China Original Headwear Fabricante e fornecedores","description":"Somos a F\u00e1brica Original de Bon\u00e9s e Chap\u00e9us da China, cujo principal neg\u00f3cio \u00e9 personalizar bon\u00e9s e chap\u00e9us de acordo com o LOGOTIPO do cliente. Qualquer estilo de bon\u00e9, qualquer cor de bon\u00e9, qualquer quantidade, qualquer material e quantidade n\u00e3o \u00e9 problema. Por outras palavras, todos os pequenos detalhes podem ser personalizados a seu pedido.","publisher":{"@id":"https:\/\/sumkcaps.com\/#organization"},"potentialAction":[{"@type":"SearchAction","target":{"@type":"EntryPoint","urlTemplate":"https:\/\/sumkcaps.com\/?s={search_term_string}"},"query-input":{"@type":"PropertyValueSpecification","valueRequired":true,"valueName":"search_term_string"}}],"inLanguage":"pt-PT"},{"@type":"Organization","@id":"https:\/\/sumkcaps.com\/#organization","name":"Sumkcaps-China Original Headwear Fabricante e fornecedores","url":"https:\/\/sumkcaps.com\/","logo":{"@type":"ImageObject","inLanguage":"pt-PT","@id":"https:\/\/sumkcaps.com\/#\/schema\/logo\/image\/","url":"https:\/\/sumkcaps.com\/wp-content\/uploads\/2025\/12\/1234.jpg","contentUrl":"https:\/\/sumkcaps.com\/wp-content\/uploads\/2025\/12\/1234.jpg","width":800,"height":800,"caption":"Sumkcaps-China Original Headwear Manufacturer and Suppliers"},"image":{"@id":"https:\/\/sumkcaps.com\/#\/schema\/logo\/image\/"},"sameAs":["https:\/\/www.facebook.com\/sumkcap","https:\/\/www.instagram.com\/sumkcaps7\/","https:\/\/www.pinterest.com\/sumkcapschina\/"]}]}},"taxonomy_info":{"product_cat":[{"value":42,"label":"Snapback Hats Wholesale"}]},"featured_image_src_large":["https:\/\/sumkcaps.com\/wp-content\/uploads\/2022\/10\/custom_flat_brim_3d_embroidery_snapback_hat-1.jpg",800,800,false],"author_info":[],"comment_info":"","_links":{"self":[{"href":"https:\/\/sumkcaps.com\/pt\/wp-json\/wp\/v2\/product\/16997","targetHints":{"allow":["GET"]}}],"collection":[{"href":"https:\/\/sumkcaps.com\/pt\/wp-json\/wp\/v2\/product"}],"about":[{"href":"https:\/\/sumkcaps.com\/pt\/wp-json\/wp\/v2\/types\/product"}],"wp:featuredmedia":[{"embeddable":true,"href":"https:\/\/sumkcaps.com\/pt\/wp-json\/wp\/v2\/media\/16998"}],"wp:attachment":[{"href":"https:\/\/sumkcaps.com\/pt\/wp-json\/wp\/v2\/media?parent=16997"}],"wp:term":[{"taxonomy":"product_brand","embeddable":true,"href":"https:\/\/sumkcaps.com\/pt\/wp-json\/wp\/v2\/product_brand?post=16997"},{"taxonomy":"product_cat","embeddable":true,"href":"https:\/\/sumkcaps.com\/pt\/wp-json\/wp\/v2\/product_cat?post=16997"},{"taxonomy":"product_tag","embeddable":true,"href":"https:\/\/sumkcaps.com\/pt\/wp-json\/wp\/v2\/product_tag?post=16997"}],"curies":[{"name":"wp","href":"https:\/\/api.w.org\/{rel}","templated":true}]}}