{"id":16918,"date":"2022-10-13T15:24:54","date_gmt":"2022-10-13T07:24:54","guid":{"rendered":"https:\/\/sumkcaps.com\/?post_type=product&#038;p=16918"},"modified":"2026-03-12T14:08:10","modified_gmt":"2026-03-12T06:08:10","slug":"sufox-241103-custom-six-panel-embroidery-cotton-stripe-snapback-cap","status":"publish","type":"product","link":"https:\/\/sumkcaps.com\/pt\/produto\/sufox-241103-bone-snapback-personalizado-com-seis-paineis-bordados-em-algodao-com-riscas\/","title":{"rendered":"Bon\u00e9 Snapback Sumkcaps com seis pain\u00e9is, bordado e riscas em algod\u00e3o"},"content":{"rendered":"<div class=\"flex max-w-full flex-col gap-4 grow\">\n<div class=\"min-h-8 text-message relative flex w-full flex-col items-end gap-2 text-start break-words whitespace-normal [.text-message+&amp;]:mt-1\" dir=\"auto\" data-message-author-role=\"assistant\" data-message-id=\"085c51a3-080a-4e2a-a580-b9c69132ff1d\" data-message-model-slug=\"gpt-5-3\">\n<div class=\"flex w-full flex-col gap-1 empty:hidden\">\n<div class=\"markdown prose dark:prose-invert w-full wrap-break-word light markdown-new-styling\">\n<h3 data-start=\"73\" data-end=\"414\"><strong data-start=\"73\" data-end=\"100\">Decora\u00e7\u00e3o<\/strong><\/h3>\n<p data-start=\"73\" data-end=\"414\">Este bon\u00e9 snapback apresenta bordados de alta qualidade que proporcionam uma apresenta\u00e7\u00e3o limpa, duradoura e profissional do log\u00f3tipo. As t\u00e9cnicas de bordado avan\u00e7adas garantem detalhes n\u00edtidos e costuras duradouras, tornando-o ideal para log\u00f3tipos de marcas, gr\u00e1ficos de equipas ou designs promocionais, mantendo uma apar\u00eancia de qualidade superior.<\/p>\n<h3 data-start=\"416\" data-end=\"713\"><strong data-start=\"416\" data-end=\"442\">Material<\/strong><\/h3>\n<p data-start=\"416\" data-end=\"713\">Fabricado em tecido de algod\u00e3o 100%, este bon\u00e9 proporciona uma excelente respirabilidade e conforto para o uso quotidiano. O material de algod\u00e3o natural \u00e9 macio, dur\u00e1vel e n\u00e3o agride a pele, enquanto o padr\u00e3o de riscas acrescenta uma textura visual elegante que melhora o aspeto geral do bon\u00e9.<\/p>\n<h3 data-start=\"715\" data-end=\"1013\"><strong data-start=\"715\" data-end=\"737\">Cor<\/strong><\/h3>\n<p data-start=\"715\" data-end=\"1013\">O bon\u00e9 permite a personaliza\u00e7\u00e3o a cores para corresponder \u00e0 identidade da sua marca ou \u00e0s suas necessidades de design. Podem ser selecionadas diferentes combina\u00e7\u00f5es de riscas e cores de linhas de bordar, permitindo \u00e0s marcas criar um produto de chapelaria \u00fanico que se alinhe com as tend\u00eancias da moda ou campanhas promocionais.<\/p>\n<h3 data-start=\"1015\" data-end=\"1287\"><strong data-start=\"1015\" data-end=\"1048\">Ajuste e tamanho<\/strong><\/h3>\n<p data-start=\"1015\" data-end=\"1287\">Concebido com um fecho de encaixe ajust\u00e1vel, este bon\u00e9 oferece um ajuste flex\u00edvel adequado \u00e0 maioria dos tamanhos de cabe\u00e7a entre 7 e 7 3\/4. O design ajust\u00e1vel garante conforto e praticidade, tornando-o adequado para uma vasta gama de clientes.<\/p>\n<h3 data-start=\"1289\" data-end=\"1558\"><strong data-start=\"1289\" data-end=\"1310\">Viseira<\/strong><\/h3>\n<p data-start=\"1289\" data-end=\"1558\">A viseira plana confere ao bon\u00e9 um estilo streetwear moderno, ao mesmo tempo que proporciona uma prote\u00e7\u00e3o solar eficaz. O seu design estruturado ajuda a manter a forma do bon\u00e9 e cria uma silhueta arrojada que \u00e9 popular nos mercados da moda urbana e do estilo de vida.<\/p>\n<h3 data-start=\"1560\" data-end=\"1828\"><strong data-start=\"1560\" data-end=\"1583\">Servi\u00e7o<\/strong><\/h3>\n<p data-start=\"1560\" data-end=\"1828\">A Sumkcaps oferece servi\u00e7os abrangentes de personaliza\u00e7\u00e3o OEM e ODM. Desde o bordado do log\u00f3tipo e sele\u00e7\u00e3o de cores at\u00e9 \u00e0 etiquetagem e embalagem, a nossa equipa experiente apoia marcas, grossistas e retalhistas no desenvolvimento de produtos de chapelaria personalizados.<\/p>\n<h3 data-start=\"1830\" data-end=\"2099\"><strong data-start=\"1830\" data-end=\"1849\">Tempo de resposta<\/strong><\/h3>\n<p data-start=\"1830\" data-end=\"2099\" data-is-last-node=\"\" data-is-only-node=\"\">Uma gest\u00e3o eficiente da produ\u00e7\u00e3o garante uma r\u00e1pida execu\u00e7\u00e3o das encomendas personalizadas. A produ\u00e7\u00e3o de amostras demora normalmente <strong data-start=\"1960\" data-end=\"1980\">7-9 dias \u00fateis<\/strong>, enquanto a produ\u00e7\u00e3o a granel requer <strong data-start=\"2013\" data-end=\"2035\">18-22 dias \u00fateis<\/strong>, ajudando as marcas a lan\u00e7ar produtos rapidamente e a satisfazer a procura do mercado.<\/p>\n<\/div>\n<\/div>\n<\/div>\n<\/div>\n<div class=\"mt-3 w-full empty:hidden\">\n<div class=\"text-center\">\n<div>\n<div class=\"inline-flex border border-gray-100 dark:border-gray-700 rounded-xl\">\n<div class=\"text-token-text-secondary flex items-center justify-center gap-4 px-4 py-2.5 text-sm whitespace-nowrap\"><\/div>\n<\/div>\n<\/div>\n<\/div>\n<\/div>","protected":false},"excerpt":{"rendered":"<p>Sumkcaps 241103 Custom Six Panel Embroidery Cotton Stripe Snapback Cap \u00e9 um dos estilos populares de bon\u00e9, leve e respir\u00e1vel. Nossos Snapbacks v\u00eam em uma variedade de estilos e cores de todas as principais marcas.<\/p>","protected":false},"featured_media":16919,"template":"","meta":{"_acf_changed":false,"_kad_blocks_custom_css":"","_kad_blocks_head_custom_js":"","_kad_blocks_body_custom_js":"","_kad_blocks_footer_custom_js":""},"product_brand":[],"product_cat":[42],"product_tag":[],"class_list":{"0":"post-16918","1":"product","2":"type-product","3":"status-publish","4":"has-post-thumbnail","6":"product_cat-snapback-cap","8":"first","9":"outofstock","10":"shipping-taxable","11":"product-type-simple"},"acf":[],"yoast_head":"<!-- This site is optimized with the Yoast SEO Premium plugin v20.8 (Yoast SEO v25.9) - https:\/\/yoast.com\/wordpress\/plugins\/seo\/ -->\n<title>Custom Embroidery Stripe Snapback Cap | China Manufactuer<\/title>\n<meta name=\"description\" content=\"We are dedicated to manufacturing Premium Custom Caps, beanies and bucket hats. Patches available. Many custom options. Expert Service. Bulk Discount.\" \/>\n<meta name=\"robots\" content=\"index, follow, max-snippet:-1, max-image-preview:large, max-video-preview:-1\" \/>\n<link rel=\"canonical\" href=\"https:\/\/sumkcaps.com\/pt\/produto\/sufox-241103-bone-snapback-personalizado-com-seis-paineis-bordados-em-algodao-com-riscas\/\" \/>\n<meta property=\"og:locale\" content=\"pt_PT\" \/>\n<meta property=\"og:type\" content=\"article\" \/>\n<meta property=\"og:title\" content=\"Sumkcaps Six Panel Embroidery Cotton Stripe Snapback Cap - Sumkcaps\" \/>\n<meta property=\"og:description\" content=\"We are dedicated to manufacturing Premium Custom Caps, beanies and bucket hats. Patches available. Many custom options. Expert Service. Bulk Discount.\" \/>\n<meta property=\"og:url\" content=\"https:\/\/sumkcaps.com\/pt\/produto\/sufox-241103-bone-snapback-personalizado-com-seis-paineis-bordados-em-algodao-com-riscas\/\" \/>\n<meta property=\"og:site_name\" content=\"Sumkcaps-China Original Headwear Manufacturer and Suppliers\" \/>\n<meta property=\"article:publisher\" content=\"https:\/\/www.facebook.com\/sumkcap\" \/>\n<meta property=\"article:modified_time\" content=\"2026-03-12T06:08:10+00:00\" \/>\n<meta property=\"og:image\" content=\"https:\/\/sumkcaps.com\/wp-content\/uploads\/2022\/10\/men_6_panel_embroidery_cotton_stripe_snapback_hat-1.jpg\" \/>\n\t<meta property=\"og:image:width\" content=\"800\" \/>\n\t<meta property=\"og:image:height\" content=\"800\" \/>\n\t<meta property=\"og:image:type\" content=\"image\/jpeg\" \/>\n<meta name=\"twitter:card\" content=\"summary_large_image\" \/>\n<meta name=\"twitter:label1\" content=\"Tempo estimado de leitura\" \/>\n\t<meta name=\"twitter:data1\" content=\"2 minutos\" \/>\n<script type=\"application\/ld+json\" class=\"yoast-schema-graph\">{\"@context\":\"https:\/\/schema.org\",\"@graph\":[{\"@type\":\"WebPage\",\"@id\":\"https:\/\/sumkcaps.com\/product\/sufox-241103-custom-six-panel-embroidery-cotton-stripe-snapback-cap\/\",\"url\":\"https:\/\/sumkcaps.com\/product\/sufox-241103-custom-six-panel-embroidery-cotton-stripe-snapback-cap\/\",\"name\":\"Custom Embroidery Stripe Snapback Cap | China Manufactuer\",\"isPartOf\":{\"@id\":\"https:\/\/sumkcaps.com\/#website\"},\"primaryImageOfPage\":{\"@id\":\"https:\/\/sumkcaps.com\/product\/sufox-241103-custom-six-panel-embroidery-cotton-stripe-snapback-cap\/#primaryimage\"},\"image\":{\"@id\":\"https:\/\/sumkcaps.com\/product\/sufox-241103-custom-six-panel-embroidery-cotton-stripe-snapback-cap\/#primaryimage\"},\"thumbnailUrl\":\"https:\/\/sumkcaps.com\/wp-content\/uploads\/2022\/10\/men_6_panel_embroidery_cotton_stripe_snapback_hat-1.jpg\",\"datePublished\":\"2022-10-13T07:24:54+00:00\",\"dateModified\":\"2026-03-12T06:08:10+00:00\",\"description\":\"We are dedicated to manufacturing Premium Custom Caps, beanies and bucket hats. Patches available. Many custom options. Expert Service. Bulk Discount.\",\"breadcrumb\":{\"@id\":\"https:\/\/sumkcaps.com\/product\/sufox-241103-custom-six-panel-embroidery-cotton-stripe-snapback-cap\/#breadcrumb\"},\"inLanguage\":\"pt-PT\",\"potentialAction\":[{\"@type\":\"ReadAction\",\"target\":[\"https:\/\/sumkcaps.com\/product\/sufox-241103-custom-six-panel-embroidery-cotton-stripe-snapback-cap\/\"]}]},{\"@type\":\"ImageObject\",\"inLanguage\":\"pt-PT\",\"@id\":\"https:\/\/sumkcaps.com\/product\/sufox-241103-custom-six-panel-embroidery-cotton-stripe-snapback-cap\/#primaryimage\",\"url\":\"https:\/\/sumkcaps.com\/wp-content\/uploads\/2022\/10\/men_6_panel_embroidery_cotton_stripe_snapback_hat-1.jpg\",\"contentUrl\":\"https:\/\/sumkcaps.com\/wp-content\/uploads\/2022\/10\/men_6_panel_embroidery_cotton_stripe_snapback_hat-1.jpg\",\"width\":800,\"height\":800},{\"@type\":\"BreadcrumbList\",\"@id\":\"https:\/\/sumkcaps.com\/product\/sufox-241103-custom-six-panel-embroidery-cotton-stripe-snapback-cap\/#breadcrumb\",\"itemListElement\":[{\"@type\":\"ListItem\",\"position\":1,\"name\":\"Home\",\"item\":\"https:\/\/sumkcaps.com\/\"},{\"@type\":\"ListItem\",\"position\":2,\"name\":\"Products\",\"item\":\"https:\/\/sumkcaps.com\/product\/\"},{\"@type\":\"ListItem\",\"position\":3,\"name\":\"Sumkcaps Six Panel Embroidery Cotton Stripe Snapback Cap\"}]},{\"@type\":\"WebSite\",\"@id\":\"https:\/\/sumkcaps.com\/#website\",\"url\":\"https:\/\/sumkcaps.com\/\",\"name\":\"Sumkcaps-China Original Headwear Manufacturer and Suppliers\",\"description\":\"We are China Cap And Hat Original Factory, whose main business is to custom cap and hat as client&#039;s LOGO. Any cap style, any cap color, any qty, any material and qty is no problem. In one words, any small details can be customized as your request.\",\"publisher\":{\"@id\":\"https:\/\/sumkcaps.com\/#organization\"},\"potentialAction\":[{\"@type\":\"SearchAction\",\"target\":{\"@type\":\"EntryPoint\",\"urlTemplate\":\"https:\/\/sumkcaps.com\/?s={search_term_string}\"},\"query-input\":{\"@type\":\"PropertyValueSpecification\",\"valueRequired\":true,\"valueName\":\"search_term_string\"}}],\"inLanguage\":\"pt-PT\"},{\"@type\":\"Organization\",\"@id\":\"https:\/\/sumkcaps.com\/#organization\",\"name\":\"Sumkcaps-China Original Headwear Manufacturer and Suppliers\",\"url\":\"https:\/\/sumkcaps.com\/\",\"logo\":{\"@type\":\"ImageObject\",\"inLanguage\":\"pt-PT\",\"@id\":\"https:\/\/sumkcaps.com\/#\/schema\/logo\/image\/\",\"url\":\"https:\/\/sumkcaps.com\/wp-content\/uploads\/2025\/12\/1234.jpg\",\"contentUrl\":\"https:\/\/sumkcaps.com\/wp-content\/uploads\/2025\/12\/1234.jpg\",\"width\":800,\"height\":800,\"caption\":\"Sumkcaps-China Original Headwear Manufacturer and Suppliers\"},\"image\":{\"@id\":\"https:\/\/sumkcaps.com\/#\/schema\/logo\/image\/\"},\"sameAs\":[\"https:\/\/www.facebook.com\/sumkcap\",\"https:\/\/www.instagram.com\/sumkcaps7\/\",\"https:\/\/www.pinterest.com\/sumkcapschina\/\"]}]}<\/script>\n<!-- \/ Yoast SEO Premium plugin. -->","yoast_head_json":{"title":"Bon\u00e9 Snapback de Listra com Bordado Personalizado | Fabricante da China","description":"Dedicamo-nos ao fabrico de bon\u00e9s, gorros e chap\u00e9us de balde personalizados de qualidade superior. Patches dispon\u00edveis. Muitas op\u00e7\u00f5es personalizadas. Servi\u00e7o especializado. Desconto por volume.","robots":{"index":"index","follow":"follow","max-snippet":"max-snippet:-1","max-image-preview":"max-image-preview:large","max-video-preview":"max-video-preview:-1"},"canonical":"https:\/\/sumkcaps.com\/pt\/produto\/sufox-241103-bone-snapback-personalizado-com-seis-paineis-bordados-em-algodao-com-riscas\/","og_locale":"pt_PT","og_type":"article","og_title":"Sumkcaps Six Panel Embroidery Cotton Stripe Snapback Cap - Sumkcaps","og_description":"We are dedicated to manufacturing Premium Custom Caps, beanies and bucket hats. Patches available. Many custom options. Expert Service. Bulk Discount.","og_url":"https:\/\/sumkcaps.com\/pt\/produto\/sufox-241103-bone-snapback-personalizado-com-seis-paineis-bordados-em-algodao-com-riscas\/","og_site_name":"Sumkcaps-China Original Headwear Manufacturer and Suppliers","article_publisher":"https:\/\/www.facebook.com\/sumkcap","article_modified_time":"2026-03-12T06:08:10+00:00","og_image":[{"width":800,"height":800,"url":"https:\/\/sumkcaps.com\/wp-content\/uploads\/2022\/10\/men_6_panel_embroidery_cotton_stripe_snapback_hat-1.jpg","type":"image\/jpeg"}],"twitter_card":"summary_large_image","twitter_misc":{"Tempo estimado de leitura":"2 minutos"},"schema":{"@context":"https:\/\/schema.org","@graph":[{"@type":"WebPage","@id":"https:\/\/sumkcaps.com\/product\/sufox-241103-custom-six-panel-embroidery-cotton-stripe-snapback-cap\/","url":"https:\/\/sumkcaps.com\/product\/sufox-241103-custom-six-panel-embroidery-cotton-stripe-snapback-cap\/","name":"Bon\u00e9 Snapback de Listra com Bordado Personalizado | Fabricante da China","isPartOf":{"@id":"https:\/\/sumkcaps.com\/#website"},"primaryImageOfPage":{"@id":"https:\/\/sumkcaps.com\/product\/sufox-241103-custom-six-panel-embroidery-cotton-stripe-snapback-cap\/#primaryimage"},"image":{"@id":"https:\/\/sumkcaps.com\/product\/sufox-241103-custom-six-panel-embroidery-cotton-stripe-snapback-cap\/#primaryimage"},"thumbnailUrl":"https:\/\/sumkcaps.com\/wp-content\/uploads\/2022\/10\/men_6_panel_embroidery_cotton_stripe_snapback_hat-1.jpg","datePublished":"2022-10-13T07:24:54+00:00","dateModified":"2026-03-12T06:08:10+00:00","description":"Dedicamo-nos ao fabrico de bon\u00e9s, gorros e chap\u00e9us de balde personalizados de qualidade superior. Patches dispon\u00edveis. Muitas op\u00e7\u00f5es personalizadas. Servi\u00e7o especializado. Desconto por volume.","breadcrumb":{"@id":"https:\/\/sumkcaps.com\/product\/sufox-241103-custom-six-panel-embroidery-cotton-stripe-snapback-cap\/#breadcrumb"},"inLanguage":"pt-PT","potentialAction":[{"@type":"ReadAction","target":["https:\/\/sumkcaps.com\/product\/sufox-241103-custom-six-panel-embroidery-cotton-stripe-snapback-cap\/"]}]},{"@type":"ImageObject","inLanguage":"pt-PT","@id":"https:\/\/sumkcaps.com\/product\/sufox-241103-custom-six-panel-embroidery-cotton-stripe-snapback-cap\/#primaryimage","url":"https:\/\/sumkcaps.com\/wp-content\/uploads\/2022\/10\/men_6_panel_embroidery_cotton_stripe_snapback_hat-1.jpg","contentUrl":"https:\/\/sumkcaps.com\/wp-content\/uploads\/2022\/10\/men_6_panel_embroidery_cotton_stripe_snapback_hat-1.jpg","width":800,"height":800},{"@type":"BreadcrumbList","@id":"https:\/\/sumkcaps.com\/product\/sufox-241103-custom-six-panel-embroidery-cotton-stripe-snapback-cap\/#breadcrumb","itemListElement":[{"@type":"ListItem","position":1,"name":"Home","item":"https:\/\/sumkcaps.com\/"},{"@type":"ListItem","position":2,"name":"Products","item":"https:\/\/sumkcaps.com\/product\/"},{"@type":"ListItem","position":3,"name":"Sumkcaps Six Panel Embroidery Cotton Stripe Snapback Cap"}]},{"@type":"WebSite","@id":"https:\/\/sumkcaps.com\/#website","url":"https:\/\/sumkcaps.com\/","name":"Sumkcaps-China Original Headwear Fabricante e fornecedores","description":"Somos a F\u00e1brica Original de Bon\u00e9s e Chap\u00e9us da China, cujo principal neg\u00f3cio \u00e9 personalizar bon\u00e9s e chap\u00e9us de acordo com o LOGOTIPO do cliente. Qualquer estilo de bon\u00e9, qualquer cor de bon\u00e9, qualquer quantidade, qualquer material e quantidade n\u00e3o \u00e9 problema. Por outras palavras, todos os pequenos detalhes podem ser personalizados a seu pedido.","publisher":{"@id":"https:\/\/sumkcaps.com\/#organization"},"potentialAction":[{"@type":"SearchAction","target":{"@type":"EntryPoint","urlTemplate":"https:\/\/sumkcaps.com\/?s={search_term_string}"},"query-input":{"@type":"PropertyValueSpecification","valueRequired":true,"valueName":"search_term_string"}}],"inLanguage":"pt-PT"},{"@type":"Organization","@id":"https:\/\/sumkcaps.com\/#organization","name":"Sumkcaps-China Original Headwear Fabricante e fornecedores","url":"https:\/\/sumkcaps.com\/","logo":{"@type":"ImageObject","inLanguage":"pt-PT","@id":"https:\/\/sumkcaps.com\/#\/schema\/logo\/image\/","url":"https:\/\/sumkcaps.com\/wp-content\/uploads\/2025\/12\/1234.jpg","contentUrl":"https:\/\/sumkcaps.com\/wp-content\/uploads\/2025\/12\/1234.jpg","width":800,"height":800,"caption":"Sumkcaps-China Original Headwear Manufacturer and Suppliers"},"image":{"@id":"https:\/\/sumkcaps.com\/#\/schema\/logo\/image\/"},"sameAs":["https:\/\/www.facebook.com\/sumkcap","https:\/\/www.instagram.com\/sumkcaps7\/","https:\/\/www.pinterest.com\/sumkcapschina\/"]}]}},"taxonomy_info":{"product_cat":[{"value":42,"label":"Snapback Hats Wholesale"}]},"featured_image_src_large":["https:\/\/sumkcaps.com\/wp-content\/uploads\/2022\/10\/men_6_panel_embroidery_cotton_stripe_snapback_hat-1.jpg",800,800,false],"author_info":[],"comment_info":"","_links":{"self":[{"href":"https:\/\/sumkcaps.com\/pt\/wp-json\/wp\/v2\/product\/16918","targetHints":{"allow":["GET"]}}],"collection":[{"href":"https:\/\/sumkcaps.com\/pt\/wp-json\/wp\/v2\/product"}],"about":[{"href":"https:\/\/sumkcaps.com\/pt\/wp-json\/wp\/v2\/types\/product"}],"wp:featuredmedia":[{"embeddable":true,"href":"https:\/\/sumkcaps.com\/pt\/wp-json\/wp\/v2\/media\/16919"}],"wp:attachment":[{"href":"https:\/\/sumkcaps.com\/pt\/wp-json\/wp\/v2\/media?parent=16918"}],"wp:term":[{"taxonomy":"product_brand","embeddable":true,"href":"https:\/\/sumkcaps.com\/pt\/wp-json\/wp\/v2\/product_brand?post=16918"},{"taxonomy":"product_cat","embeddable":true,"href":"https:\/\/sumkcaps.com\/pt\/wp-json\/wp\/v2\/product_cat?post=16918"},{"taxonomy":"product_tag","embeddable":true,"href":"https:\/\/sumkcaps.com\/pt\/wp-json\/wp\/v2\/product_tag?post=16918"}],"curies":[{"name":"wp","href":"https:\/\/api.w.org\/{rel}","templated":true}]}}