{"id":16853,"date":"2022-10-13T14:30:18","date_gmt":"2022-10-13T06:30:18","guid":{"rendered":"https:\/\/sumkcaps.com\/?post_type=product&#038;p=16853"},"modified":"2026-01-09T09:45:40","modified_gmt":"2026-01-09T01:45:40","slug":"sufox-241095-custom-printed-coral-velvet-bucket-hats","status":"publish","type":"product","link":"https:\/\/sumkcaps.com\/pt\/produto\/sufox-241095-chapeus-de-balde-em-veludo-coral-com-impressao-personalizada\/","title":{"rendered":"Chap\u00e9us de balde de veludo coral com impress\u00e3o personalizada Sumkcaps 241095"},"content":{"rendered":"<h3 data-start=\"133\" data-end=\"162\"><strong data-start=\"137\" data-end=\"160\">Servi\u00e7o<\/strong><\/h3>\n<p data-start=\"163\" data-end=\"511\">A Sumkcaps oferece servi\u00e7os completos de OEM e ODM para chap\u00e9us de balde de veludo coral, apoiando projectos personalizados desde o conceito at\u00e9 \u00e0 produ\u00e7\u00e3o. Desde a sele\u00e7\u00e3o de tecidos e desenvolvimento de padr\u00f5es at\u00e9 \u00e0 coloca\u00e7\u00e3o da marca e embalagem, a nossa equipa experiente garante flexibilidade, resposta r\u00e1pida e qualidade consistente para marcas privadas, marcas de moda e projectos promocionais.<\/p>\n<h3 data-start=\"518\" data-end=\"556\"><strong data-start=\"522\" data-end=\"554\">Decora\u00e7\u00e3o<\/strong><\/h3>\n<p data-start=\"557\" data-end=\"886\">Estes chap\u00e9us de balde apresentam uma decora\u00e7\u00e3o de impress\u00e3o personalizada, permitindo que cores vibrantes e padr\u00f5es pormenorizados se destaquem na superf\u00edcie de veludo coral macio. As t\u00e9cnicas de impress\u00e3o avan\u00e7adas garantem uma forte ader\u00eancia da cor, durabilidade e um acabamento suave, tornando os chap\u00e9us ideais para marcas, colec\u00e7\u00f5es sazonais e designs de retalho apelativos.<\/p>\n<h3 data-start=\"893\" data-end=\"926\"><strong data-start=\"897\" data-end=\"924\">Material<\/strong><\/h3>\n<p data-start=\"927\" data-end=\"1224\">Fabricado em tecido de veludo coral de primeira qualidade, este chap\u00e9u de balde proporciona um toque de pel\u00facia e ultra-suave com excelente calor e conforto. O material oferece um aspeto luxuoso, mantendo-se leve e respir\u00e1vel, o que o torna adequado para vestu\u00e1rio de outono e inverno, bem como para colec\u00e7\u00f5es centradas na moda.<\/p>\n<h3 data-start=\"1231\" data-end=\"1259\"><strong data-start=\"1235\" data-end=\"1257\">Forma<\/strong><\/h3>\n<p data-start=\"1260\" data-end=\"1541\">Concebido numa forma cl\u00e1ssica de chap\u00e9u de balde, este estilo proporciona uma cobertura total da aba e uma silhueta descontra\u00edda. A estrutura equilibra conforto e estilo, tornando-o adequado para vestu\u00e1rio casual, moda de rua, actividades ao ar livre e marcas de estilo de vida com um visual moderno e orientado para as tend\u00eancias.<\/p>\n<h3 data-start=\"1548\" data-end=\"1572\"><strong data-start=\"1552\" data-end=\"1570\">Cor<\/strong><\/h3>\n<p data-start=\"1573\" data-end=\"1860\">As op\u00e7\u00f5es de cor s\u00e3o totalmente personaliz\u00e1veis para corresponder \u00e0 identidade da marca ou a temas sazonais. Desde tons neutros a tons arrojados e modernos, a Sumkcaps suporta uma correspond\u00eancia de cores precisa para garantir a consist\u00eancia entre colec\u00e7\u00f5es, ajudando as marcas a criar designs de chap\u00e9us de balde distintos e reconhec\u00edveis.<\/p>\n<h3 data-start=\"1867\" data-end=\"1906\"><strong data-start=\"1871\" data-end=\"1904\">Ajuste e tamanho<\/strong><\/h3>\n<p data-start=\"1907\" data-end=\"2175\">Com um design de tamanho \u00fanico, este chap\u00e9u de balde adapta-se a tamanhos de cabe\u00e7a que variam entre 7 e 7 3\/4. A constru\u00e7\u00e3o flex\u00edvel garante um ajuste confort\u00e1vel para a maioria dos adultos, tornando-o ideal para encomendas a granel, distribui\u00e7\u00e3o a retalho e utiliza\u00e7\u00e3o promocional sem uma classifica\u00e7\u00e3o complexa de tamanhos.<\/p>\n<h3 data-start=\"2182\" data-end=\"2207\"><strong data-start=\"2186\" data-end=\"2205\">Tempo de resposta<\/strong><\/h3>\n<p data-start=\"2208\" data-end=\"2490\">A produ\u00e7\u00e3o de amostras demora aproximadamente 7-9 dias \u00fateis, permitindo uma valida\u00e7\u00e3o r\u00e1pida do design antes da produ\u00e7\u00e3o em massa. O tempo de produ\u00e7\u00e3o normal varia entre 18 e 22 dias \u00fateis, assegurando o cumprimento eficiente das encomendas e mantendo um controlo de qualidade rigoroso para projectos por grosso e personalizados.<\/p>","protected":false},"excerpt":{"rendered":"<p>Os chap\u00e9us de balde de veludo coral com impress\u00e3o personalizada Sumkcaps 241095 s\u00e3o fabricados em veludo coral macio e de qualidade superior para um toque de pel\u00facia e um calor elegante. Com decora\u00e7\u00e3o de impress\u00e3o personalizada e cores totalmente personaliz\u00e1veis, estes chap\u00e9us de balde s\u00e3o ideais para marcas de moda e uso promocional. A forma cl\u00e1ssica do chap\u00e9u de balde oferece conforto em todas as direc\u00e7\u00f5es, enquanto o ajuste OSFM (7-7 3\/4) se adapta \u00e0 maioria dos utilizadores. Com servi\u00e7os profissionais de OEM e ODM, amostragem r\u00e1pida em 7-9 dias \u00fateis e produ\u00e7\u00e3o eficiente em 18-22 dias \u00fateis, este estilo oferece flexibilidade, qualidade e atrativo orientado para as tend\u00eancias para encomendas por grosso e personalizadas.<\/p>","protected":false},"featured_media":16854,"template":"","meta":{"_acf_changed":false,"_kad_blocks_custom_css":"","_kad_blocks_head_custom_js":"","_kad_blocks_body_custom_js":"","_kad_blocks_footer_custom_js":""},"product_brand":[],"product_cat":[55],"product_tag":[],"class_list":{"0":"post-16853","1":"product","2":"type-product","3":"status-publish","4":"has-post-thumbnail","6":"product_cat-bucket-hat-manufacturers","8":"first","9":"outofstock","10":"shipping-taxable","11":"product-type-simple"},"acf":[],"yoast_head":"<!-- This site is optimized with the Yoast SEO Premium plugin v20.8 (Yoast SEO v25.9) - https:\/\/yoast.com\/wordpress\/plugins\/seo\/ -->\n<title>Custom Printed Coral Velvet Bucket Hats | China Manufactuer<\/title>\n<meta name=\"description\" content=\"High Quality China Custom Headwear Manufacturer. Top Quality Products At Best Prices. 100% Satisfaction Guarantee. Expert Service. Bulk Discount.\" \/>\n<meta name=\"robots\" content=\"index, follow, max-snippet:-1, max-image-preview:large, max-video-preview:-1\" \/>\n<link rel=\"canonical\" href=\"https:\/\/sumkcaps.com\/pt\/produto\/sufox-241095-chapeus-de-balde-em-veludo-coral-com-impressao-personalizada\/\" \/>\n<meta property=\"og:locale\" content=\"pt_PT\" \/>\n<meta property=\"og:type\" content=\"article\" \/>\n<meta property=\"og:title\" content=\"Sumkcaps 241095 Custom Printed Coral Velvet Bucket Hats - Sumkcaps\" \/>\n<meta property=\"og:description\" content=\"High Quality China Custom Headwear Manufacturer. Top Quality Products At Best Prices. 100% Satisfaction Guarantee. Expert Service. Bulk Discount.\" \/>\n<meta property=\"og:url\" content=\"https:\/\/sumkcaps.com\/pt\/produto\/sufox-241095-chapeus-de-balde-em-veludo-coral-com-impressao-personalizada\/\" \/>\n<meta property=\"og:site_name\" content=\"Sumkcaps-China Original Headwear Manufacturer and Suppliers\" \/>\n<meta property=\"article:publisher\" content=\"https:\/\/www.facebook.com\/sumkcap\" \/>\n<meta property=\"article:modified_time\" content=\"2026-01-09T01:45:40+00:00\" \/>\n<meta property=\"og:image\" content=\"https:\/\/sumkcaps.com\/wp-content\/uploads\/2022\/10\/custom_winter_cow_print_furry_bucket_hat-1.jpg\" \/>\n\t<meta property=\"og:image:width\" content=\"800\" \/>\n\t<meta property=\"og:image:height\" content=\"800\" \/>\n\t<meta property=\"og:image:type\" content=\"image\/jpeg\" \/>\n<meta name=\"twitter:card\" content=\"summary_large_image\" \/>\n<meta name=\"twitter:label1\" content=\"Tempo estimado de leitura\" \/>\n\t<meta name=\"twitter:data1\" content=\"2 minutos\" \/>\n<script type=\"application\/ld+json\" class=\"yoast-schema-graph\">{\"@context\":\"https:\/\/schema.org\",\"@graph\":[{\"@type\":\"WebPage\",\"@id\":\"https:\/\/sumkcaps.com\/product\/sufox-241095-custom-printed-coral-velvet-bucket-hats\/\",\"url\":\"https:\/\/sumkcaps.com\/product\/sufox-241095-custom-printed-coral-velvet-bucket-hats\/\",\"name\":\"Custom Printed Coral Velvet Bucket Hats | China Manufactuer\",\"isPartOf\":{\"@id\":\"https:\/\/sumkcaps.com\/#website\"},\"primaryImageOfPage\":{\"@id\":\"https:\/\/sumkcaps.com\/product\/sufox-241095-custom-printed-coral-velvet-bucket-hats\/#primaryimage\"},\"image\":{\"@id\":\"https:\/\/sumkcaps.com\/product\/sufox-241095-custom-printed-coral-velvet-bucket-hats\/#primaryimage\"},\"thumbnailUrl\":\"https:\/\/sumkcaps.com\/wp-content\/uploads\/2022\/10\/custom_winter_cow_print_furry_bucket_hat-1.jpg\",\"datePublished\":\"2022-10-13T06:30:18+00:00\",\"dateModified\":\"2026-01-09T01:45:40+00:00\",\"description\":\"High Quality China Custom Headwear Manufacturer. Top Quality Products At Best Prices. 100% Satisfaction Guarantee. Expert Service. Bulk Discount.\",\"breadcrumb\":{\"@id\":\"https:\/\/sumkcaps.com\/product\/sufox-241095-custom-printed-coral-velvet-bucket-hats\/#breadcrumb\"},\"inLanguage\":\"pt-PT\",\"potentialAction\":[{\"@type\":\"ReadAction\",\"target\":[\"https:\/\/sumkcaps.com\/product\/sufox-241095-custom-printed-coral-velvet-bucket-hats\/\"]}]},{\"@type\":\"ImageObject\",\"inLanguage\":\"pt-PT\",\"@id\":\"https:\/\/sumkcaps.com\/product\/sufox-241095-custom-printed-coral-velvet-bucket-hats\/#primaryimage\",\"url\":\"https:\/\/sumkcaps.com\/wp-content\/uploads\/2022\/10\/custom_winter_cow_print_furry_bucket_hat-1.jpg\",\"contentUrl\":\"https:\/\/sumkcaps.com\/wp-content\/uploads\/2022\/10\/custom_winter_cow_print_furry_bucket_hat-1.jpg\",\"width\":800,\"height\":800},{\"@type\":\"BreadcrumbList\",\"@id\":\"https:\/\/sumkcaps.com\/product\/sufox-241095-custom-printed-coral-velvet-bucket-hats\/#breadcrumb\",\"itemListElement\":[{\"@type\":\"ListItem\",\"position\":1,\"name\":\"Home\",\"item\":\"https:\/\/sumkcaps.com\/\"},{\"@type\":\"ListItem\",\"position\":2,\"name\":\"Products\",\"item\":\"https:\/\/sumkcaps.com\/product\/\"},{\"@type\":\"ListItem\",\"position\":3,\"name\":\"Sumkcaps 241095 Custom Printed Coral Velvet Bucket Hats\"}]},{\"@type\":\"WebSite\",\"@id\":\"https:\/\/sumkcaps.com\/#website\",\"url\":\"https:\/\/sumkcaps.com\/\",\"name\":\"Sumkcaps-China Original Headwear Manufacturer and Suppliers\",\"description\":\"We are China Cap And Hat Original Factory, whose main business is to custom cap and hat as client&#039;s LOGO. Any cap style, any cap color, any qty, any material and qty is no problem. In one words, any small details can be customized as your request.\",\"publisher\":{\"@id\":\"https:\/\/sumkcaps.com\/#organization\"},\"potentialAction\":[{\"@type\":\"SearchAction\",\"target\":{\"@type\":\"EntryPoint\",\"urlTemplate\":\"https:\/\/sumkcaps.com\/?s={search_term_string}\"},\"query-input\":{\"@type\":\"PropertyValueSpecification\",\"valueRequired\":true,\"valueName\":\"search_term_string\"}}],\"inLanguage\":\"pt-PT\"},{\"@type\":\"Organization\",\"@id\":\"https:\/\/sumkcaps.com\/#organization\",\"name\":\"Sumkcaps-China Original Headwear Manufacturer and Suppliers\",\"url\":\"https:\/\/sumkcaps.com\/\",\"logo\":{\"@type\":\"ImageObject\",\"inLanguage\":\"pt-PT\",\"@id\":\"https:\/\/sumkcaps.com\/#\/schema\/logo\/image\/\",\"url\":\"https:\/\/sumkcaps.com\/wp-content\/uploads\/2025\/12\/1234.jpg\",\"contentUrl\":\"https:\/\/sumkcaps.com\/wp-content\/uploads\/2025\/12\/1234.jpg\",\"width\":800,\"height\":800,\"caption\":\"Sumkcaps-China Original Headwear Manufacturer and Suppliers\"},\"image\":{\"@id\":\"https:\/\/sumkcaps.com\/#\/schema\/logo\/image\/\"},\"sameAs\":[\"https:\/\/www.facebook.com\/sumkcap\",\"https:\/\/www.instagram.com\/sumkcaps7\/\",\"https:\/\/www.pinterest.com\/sumkcapschina\/\"]}]}<\/script>\n<!-- \/ Yoast SEO Premium plugin. -->","yoast_head_json":{"title":"Chap\u00e9us de balde de veludo coral impressos personalizados | Fabricante da China","description":"Fabricante de chap\u00e9us personalizados na China de alta qualidade. Produtos de alta qualidade aos melhores pre\u00e7os. Garantia de satisfa\u00e7\u00e3o 100%. Servi\u00e7o especializado. Desconto em massa.","robots":{"index":"index","follow":"follow","max-snippet":"max-snippet:-1","max-image-preview":"max-image-preview:large","max-video-preview":"max-video-preview:-1"},"canonical":"https:\/\/sumkcaps.com\/pt\/produto\/sufox-241095-chapeus-de-balde-em-veludo-coral-com-impressao-personalizada\/","og_locale":"pt_PT","og_type":"article","og_title":"Sumkcaps 241095 Custom Printed Coral Velvet Bucket Hats - Sumkcaps","og_description":"High Quality China Custom Headwear Manufacturer. Top Quality Products At Best Prices. 100% Satisfaction Guarantee. Expert Service. Bulk Discount.","og_url":"https:\/\/sumkcaps.com\/pt\/produto\/sufox-241095-chapeus-de-balde-em-veludo-coral-com-impressao-personalizada\/","og_site_name":"Sumkcaps-China Original Headwear Manufacturer and Suppliers","article_publisher":"https:\/\/www.facebook.com\/sumkcap","article_modified_time":"2026-01-09T01:45:40+00:00","og_image":[{"width":800,"height":800,"url":"https:\/\/sumkcaps.com\/wp-content\/uploads\/2022\/10\/custom_winter_cow_print_furry_bucket_hat-1.jpg","type":"image\/jpeg"}],"twitter_card":"summary_large_image","twitter_misc":{"Tempo estimado de leitura":"2 minutos"},"schema":{"@context":"https:\/\/schema.org","@graph":[{"@type":"WebPage","@id":"https:\/\/sumkcaps.com\/product\/sufox-241095-custom-printed-coral-velvet-bucket-hats\/","url":"https:\/\/sumkcaps.com\/product\/sufox-241095-custom-printed-coral-velvet-bucket-hats\/","name":"Chap\u00e9us de balde de veludo coral impressos personalizados | Fabricante da China","isPartOf":{"@id":"https:\/\/sumkcaps.com\/#website"},"primaryImageOfPage":{"@id":"https:\/\/sumkcaps.com\/product\/sufox-241095-custom-printed-coral-velvet-bucket-hats\/#primaryimage"},"image":{"@id":"https:\/\/sumkcaps.com\/product\/sufox-241095-custom-printed-coral-velvet-bucket-hats\/#primaryimage"},"thumbnailUrl":"https:\/\/sumkcaps.com\/wp-content\/uploads\/2022\/10\/custom_winter_cow_print_furry_bucket_hat-1.jpg","datePublished":"2022-10-13T06:30:18+00:00","dateModified":"2026-01-09T01:45:40+00:00","description":"Fabricante de chap\u00e9us personalizados na China de alta qualidade. Produtos de alta qualidade aos melhores pre\u00e7os. Garantia de satisfa\u00e7\u00e3o 100%. Servi\u00e7o especializado. Desconto em massa.","breadcrumb":{"@id":"https:\/\/sumkcaps.com\/product\/sufox-241095-custom-printed-coral-velvet-bucket-hats\/#breadcrumb"},"inLanguage":"pt-PT","potentialAction":[{"@type":"ReadAction","target":["https:\/\/sumkcaps.com\/product\/sufox-241095-custom-printed-coral-velvet-bucket-hats\/"]}]},{"@type":"ImageObject","inLanguage":"pt-PT","@id":"https:\/\/sumkcaps.com\/product\/sufox-241095-custom-printed-coral-velvet-bucket-hats\/#primaryimage","url":"https:\/\/sumkcaps.com\/wp-content\/uploads\/2022\/10\/custom_winter_cow_print_furry_bucket_hat-1.jpg","contentUrl":"https:\/\/sumkcaps.com\/wp-content\/uploads\/2022\/10\/custom_winter_cow_print_furry_bucket_hat-1.jpg","width":800,"height":800},{"@type":"BreadcrumbList","@id":"https:\/\/sumkcaps.com\/product\/sufox-241095-custom-printed-coral-velvet-bucket-hats\/#breadcrumb","itemListElement":[{"@type":"ListItem","position":1,"name":"Home","item":"https:\/\/sumkcaps.com\/"},{"@type":"ListItem","position":2,"name":"Products","item":"https:\/\/sumkcaps.com\/product\/"},{"@type":"ListItem","position":3,"name":"Sumkcaps 241095 Custom Printed Coral Velvet Bucket Hats"}]},{"@type":"WebSite","@id":"https:\/\/sumkcaps.com\/#website","url":"https:\/\/sumkcaps.com\/","name":"Sumkcaps-China Original Headwear Fabricante e fornecedores","description":"Somos a F\u00e1brica Original de Bon\u00e9s e Chap\u00e9us da China, cujo principal neg\u00f3cio \u00e9 personalizar bon\u00e9s e chap\u00e9us de acordo com o LOGOTIPO do cliente. Qualquer estilo de bon\u00e9, qualquer cor de bon\u00e9, qualquer quantidade, qualquer material e quantidade n\u00e3o \u00e9 problema. Por outras palavras, todos os pequenos detalhes podem ser personalizados a seu pedido.","publisher":{"@id":"https:\/\/sumkcaps.com\/#organization"},"potentialAction":[{"@type":"SearchAction","target":{"@type":"EntryPoint","urlTemplate":"https:\/\/sumkcaps.com\/?s={search_term_string}"},"query-input":{"@type":"PropertyValueSpecification","valueRequired":true,"valueName":"search_term_string"}}],"inLanguage":"pt-PT"},{"@type":"Organization","@id":"https:\/\/sumkcaps.com\/#organization","name":"Sumkcaps-China Original Headwear Fabricante e fornecedores","url":"https:\/\/sumkcaps.com\/","logo":{"@type":"ImageObject","inLanguage":"pt-PT","@id":"https:\/\/sumkcaps.com\/#\/schema\/logo\/image\/","url":"https:\/\/sumkcaps.com\/wp-content\/uploads\/2025\/12\/1234.jpg","contentUrl":"https:\/\/sumkcaps.com\/wp-content\/uploads\/2025\/12\/1234.jpg","width":800,"height":800,"caption":"Sumkcaps-China Original Headwear Manufacturer and Suppliers"},"image":{"@id":"https:\/\/sumkcaps.com\/#\/schema\/logo\/image\/"},"sameAs":["https:\/\/www.facebook.com\/sumkcap","https:\/\/www.instagram.com\/sumkcaps7\/","https:\/\/www.pinterest.com\/sumkcapschina\/"]}]}},"taxonomy_info":{"product_cat":[{"value":55,"label":"Bucket Hat Wholesale"}]},"featured_image_src_large":["https:\/\/sumkcaps.com\/wp-content\/uploads\/2022\/10\/custom_winter_cow_print_furry_bucket_hat-1.jpg",800,800,false],"author_info":[],"comment_info":"","_links":{"self":[{"href":"https:\/\/sumkcaps.com\/pt\/wp-json\/wp\/v2\/product\/16853","targetHints":{"allow":["GET"]}}],"collection":[{"href":"https:\/\/sumkcaps.com\/pt\/wp-json\/wp\/v2\/product"}],"about":[{"href":"https:\/\/sumkcaps.com\/pt\/wp-json\/wp\/v2\/types\/product"}],"wp:featuredmedia":[{"embeddable":true,"href":"https:\/\/sumkcaps.com\/pt\/wp-json\/wp\/v2\/media\/16854"}],"wp:attachment":[{"href":"https:\/\/sumkcaps.com\/pt\/wp-json\/wp\/v2\/media?parent=16853"}],"wp:term":[{"taxonomy":"product_brand","embeddable":true,"href":"https:\/\/sumkcaps.com\/pt\/wp-json\/wp\/v2\/product_brand?post=16853"},{"taxonomy":"product_cat","embeddable":true,"href":"https:\/\/sumkcaps.com\/pt\/wp-json\/wp\/v2\/product_cat?post=16853"},{"taxonomy":"product_tag","embeddable":true,"href":"https:\/\/sumkcaps.com\/pt\/wp-json\/wp\/v2\/product_tag?post=16853"}],"curies":[{"name":"wp","href":"https:\/\/api.w.org\/{rel}","templated":true}]}}