{"id":16782,"date":"2022-10-13T13:27:38","date_gmt":"2022-10-13T05:27:38","guid":{"rendered":"https:\/\/sumkcaps.com\/?post_type=product&#038;p=16782"},"modified":"2025-07-09T16:41:51","modified_gmt":"2025-07-09T08:41:51","slug":"sufox-241081-custom-woven-label-cotton-fisherman-bucket-hats","status":"publish","type":"product","link":"https:\/\/sumkcaps.com\/pt\/produto\/sufox-241081-chapeus-de-balde-de-pescador-em-algodao-com-etiqueta-tecida-personalizada\/","title":{"rendered":"Chap\u00e9us de balde de pescador de algod\u00e3o com etiqueta tecida personalizada por atacado"},"content":{"rendered":"<h2>Cor<\/h2>\n<p>Os nossos chap\u00e9us de balde de pescador de algod\u00e3o com etiqueta tecida personalizada s\u00e3o apresentados numa combina\u00e7\u00e3o de cores \u00fanica e elegante de azul e p\u00eassego. Esta mistura vibrante de cores d\u00e1 um toque moderno a estes chap\u00e9us de balde personalizados, tornando-os numa escolha elegante para v\u00e1rias ocasi\u00f5es.<\/p>\n<h2>Material<\/h2>\n<p>Fabricados em algod\u00e3o de alta qualidade, estes chap\u00e9us de balde de pescador com etiqueta tecida personalizada s\u00e3o simultaneamente duradouros e confort\u00e1veis. O tecido de algod\u00e3o respir\u00e1vel garante um conforto leve, tornando o chap\u00e9u de balde de algod\u00e3o personalizado ideal para uma utiliza\u00e7\u00e3o prolongada. A constru\u00e7\u00e3o dur\u00e1vel garante uma utiliza\u00e7\u00e3o duradoura, tornando-o uma escolha fi\u00e1vel para os clientes.<\/p>\n<h2>Cen\u00e1rio de aplica\u00e7\u00e3o<\/h2>\n<p>Ideal para v\u00e1rias actividades ao ar livre e vestu\u00e1rio casual, o chap\u00e9u de balde de pescador em algod\u00e3o com etiqueta tecida personalizada \u00e9 perfeito para passeios na praia, festivais, caminhadas e eventos promocionais. O seu design moderno e vers\u00e1til torna-o uma escolha popular para qualquer ocasi\u00e3o. Quer esteja a desfrutar de um dia de sol ou a participar numa aventura ao ar livre, o chap\u00e9u de balde de algod\u00e3o personalizado oferece uma excelente prote\u00e7\u00e3o solar e acrescenta um toque de estilo ao seu vestu\u00e1rio.<\/p>\n<h2>Material que pode ser produzido<\/h2>\n<p>Para al\u00e9m do algod\u00e3o de alta qualidade, podemos produzir os Chap\u00e9us de Balde para Pescador com Etiqueta T\u00eaxtil Personalizada numa gama de outros materiais para satisfazer as suas necessidades espec\u00edficas. As op\u00e7\u00f5es incluem poli\u00e9ster, lona e nylon, garantindo que encontra o material perfeito para o seu chap\u00e9u de balde personalizado. Cada material \u00e9 selecionado pela sua durabilidade e conforto, garantindo que os nossos chap\u00e9us mant\u00eam a sua qualidade ao longo do tempo.<\/p>\n<h2>Log\u00f3tipo personalizado<\/h2>\n<p>Oferecemos servi\u00e7os de personaliza\u00e7\u00e3o para os nossos chap\u00e9us de balde de pescador de algod\u00e3o com etiqueta tecida personalizada, permitindo-lhe acrescentar o seu pr\u00f3prio log\u00f3tipo ou desenho. As nossas t\u00e9cnicas avan\u00e7adas de bordado e tecelagem garantem que o seu log\u00f3tipo personalizado no chap\u00e9u de balde de algod\u00e3o se destaca com cores vibrantes e detalhes n\u00edtidos. Personalize estes chap\u00e9us modernos para promover a sua marca ou comemorar um evento especial.<\/p>\n<h2>Sobre Sumkcaps<\/h2>\n<p>A Sumkcaps tem mais de 20 anos de experi\u00eancia no fabrico de chap\u00e9us, especializando-se em quantidades m\u00ednimas de encomenda reduzidas e servi\u00e7os por grosso personalizados e econ\u00f3micos. O nosso compromisso com a qualidade e a satisfa\u00e7\u00e3o do cliente faz de n\u00f3s o parceiro ideal para as suas necessidades de chap\u00e9us. Escolha Sumkcaps para alta qualidade Custom Woven Label Cotton Fisherman Bucket Hats e leve seu neg\u00f3cio a novas alturas com nossos chap\u00e9us modernos e dur\u00e1veis.<\/p>","protected":false},"excerpt":{"rendered":"<p>O chap\u00e9u de balde de pescador em algod\u00e3o Woven Label \u00e9 fabricado em algod\u00e3o de primeira qualidade para conforto e durabilidade. Dispon\u00edvel nas elegantes cores azul, p\u00eassego e totalmente personaliz\u00e1vel, o chap\u00e9u \u00e9 perfeito para actividades ao ar livre, festivais e marcas. Oferecemos materiais como poli\u00e9ster, lona e nylon, bem como log\u00f3tipos personalizados atrav\u00e9s de bordados ou impress\u00e3o de etiquetas tecidas para satisfazer v\u00e1rias necessidades de marca.<\/p>","protected":false},"featured_media":16783,"template":"","meta":{"_acf_changed":false,"_kad_blocks_custom_css":"","_kad_blocks_head_custom_js":"","_kad_blocks_body_custom_js":"","_kad_blocks_footer_custom_js":""},"product_brand":[],"product_cat":[55,965],"product_tag":[],"class_list":{"0":"post-16782","1":"product","2":"type-product","3":"status-publish","4":"has-post-thumbnail","6":"product_cat-bucket-hat-manufacturers","7":"product_cat-cotton-bucket-hats-wholesale","9":"first","10":"outofstock","11":"shipping-taxable","12":"product-type-simple"},"acf":[],"yoast_head":"<!-- This site is optimized with the Yoast SEO Premium plugin v20.8 (Yoast SEO v25.9) - https:\/\/yoast.com\/wordpress\/plugins\/seo\/ -->\n<title>Custom Woven Label Cotton Fisherman Bucket Hats Wholesale<\/title>\n<meta name=\"description\" content=\"Shop Custom Woven Label Cotton Fisherman Bucket Hats wholesale. Perfect for retailers &amp; pros. High-quality, stylish &amp; customizable. Order now!\" \/>\n<meta name=\"robots\" content=\"index, follow, max-snippet:-1, max-image-preview:large, max-video-preview:-1\" \/>\n<link rel=\"canonical\" href=\"https:\/\/sumkcaps.com\/pt\/produto\/sufox-241081-chapeus-de-balde-de-pescador-em-algodao-com-etiqueta-tecida-personalizada\/\" \/>\n<meta property=\"og:locale\" content=\"pt_PT\" \/>\n<meta property=\"og:type\" content=\"article\" \/>\n<meta property=\"og:title\" content=\"Custom Woven Label Cotton Fisherman Bucket Hats Wholesale - Sumkcaps\" \/>\n<meta property=\"og:description\" content=\"Shop Custom Woven Label Cotton Fisherman Bucket Hats wholesale. Perfect for retailers &amp; pros. High-quality, stylish &amp; customizable. Order now!\" \/>\n<meta property=\"og:url\" content=\"https:\/\/sumkcaps.com\/pt\/produto\/sufox-241081-chapeus-de-balde-de-pescador-em-algodao-com-etiqueta-tecida-personalizada\/\" \/>\n<meta property=\"og:site_name\" content=\"Sumkcaps-China Original Headwear Manufacturer and Suppliers\" \/>\n<meta property=\"article:publisher\" content=\"https:\/\/www.facebook.com\/sumkcap\" \/>\n<meta property=\"article:modified_time\" content=\"2025-07-09T08:41:51+00:00\" \/>\n<meta property=\"og:image\" content=\"https:\/\/sumkcaps.com\/wp-content\/uploads\/2022\/10\/custom_100_Cotton_men_fishermen_bucket_hat-4.jpg\" \/>\n\t<meta property=\"og:image:width\" content=\"800\" \/>\n\t<meta property=\"og:image:height\" content=\"800\" \/>\n\t<meta property=\"og:image:type\" content=\"image\/jpeg\" \/>\n<meta name=\"twitter:card\" content=\"summary_large_image\" \/>\n<meta name=\"twitter:label1\" content=\"Tempo estimado de leitura\" \/>\n\t<meta name=\"twitter:data1\" content=\"2 minutos\" \/>\n<script type=\"application\/ld+json\" class=\"yoast-schema-graph\">{\"@context\":\"https:\/\/schema.org\",\"@graph\":[{\"@type\":\"WebPage\",\"@id\":\"https:\/\/sumkcaps.com\/product\/sufox-241081-custom-woven-label-cotton-fisherman-bucket-hats\/\",\"url\":\"https:\/\/sumkcaps.com\/product\/sufox-241081-custom-woven-label-cotton-fisherman-bucket-hats\/\",\"name\":\"Custom Woven Label Cotton Fisherman Bucket Hats Wholesale\",\"isPartOf\":{\"@id\":\"https:\/\/sumkcaps.com\/#website\"},\"primaryImageOfPage\":{\"@id\":\"https:\/\/sumkcaps.com\/product\/sufox-241081-custom-woven-label-cotton-fisherman-bucket-hats\/#primaryimage\"},\"image\":{\"@id\":\"https:\/\/sumkcaps.com\/product\/sufox-241081-custom-woven-label-cotton-fisherman-bucket-hats\/#primaryimage\"},\"thumbnailUrl\":\"https:\/\/sumkcaps.com\/wp-content\/uploads\/2022\/10\/custom_100_Cotton_men_fishermen_bucket_hat-4.jpg\",\"datePublished\":\"2022-10-13T05:27:38+00:00\",\"dateModified\":\"2025-07-09T08:41:51+00:00\",\"description\":\"Shop Custom Woven Label Cotton Fisherman Bucket Hats wholesale. Perfect for retailers & pros. High-quality, stylish & customizable. Order now!\",\"breadcrumb\":{\"@id\":\"https:\/\/sumkcaps.com\/product\/sufox-241081-custom-woven-label-cotton-fisherman-bucket-hats\/#breadcrumb\"},\"inLanguage\":\"pt-PT\",\"potentialAction\":[{\"@type\":\"ReadAction\",\"target\":[\"https:\/\/sumkcaps.com\/product\/sufox-241081-custom-woven-label-cotton-fisherman-bucket-hats\/\"]}]},{\"@type\":\"ImageObject\",\"inLanguage\":\"pt-PT\",\"@id\":\"https:\/\/sumkcaps.com\/product\/sufox-241081-custom-woven-label-cotton-fisherman-bucket-hats\/#primaryimage\",\"url\":\"https:\/\/sumkcaps.com\/wp-content\/uploads\/2022\/10\/custom_100_Cotton_men_fishermen_bucket_hat-4.jpg\",\"contentUrl\":\"https:\/\/sumkcaps.com\/wp-content\/uploads\/2022\/10\/custom_100_Cotton_men_fishermen_bucket_hat-4.jpg\",\"width\":800,\"height\":800,\"caption\":\"Custom Woven Label Cotton Fisherman Bucket Hats Wholesale\"},{\"@type\":\"BreadcrumbList\",\"@id\":\"https:\/\/sumkcaps.com\/product\/sufox-241081-custom-woven-label-cotton-fisherman-bucket-hats\/#breadcrumb\",\"itemListElement\":[{\"@type\":\"ListItem\",\"position\":1,\"name\":\"Home\",\"item\":\"https:\/\/sumkcaps.com\/\"},{\"@type\":\"ListItem\",\"position\":2,\"name\":\"Products\",\"item\":\"https:\/\/sumkcaps.com\/product\/\"},{\"@type\":\"ListItem\",\"position\":3,\"name\":\"Custom Woven Label Cotton Fisherman Bucket Hats Wholesale\"}]},{\"@type\":\"WebSite\",\"@id\":\"https:\/\/sumkcaps.com\/#website\",\"url\":\"https:\/\/sumkcaps.com\/\",\"name\":\"Sumkcaps-China Original Headwear Manufacturer and Suppliers\",\"description\":\"We are China Cap And Hat Original Factory, whose main business is to custom cap and hat as client&#039;s LOGO. Any cap style, any cap color, any qty, any material and qty is no problem. In one words, any small details can be customized as your request.\",\"publisher\":{\"@id\":\"https:\/\/sumkcaps.com\/#organization\"},\"potentialAction\":[{\"@type\":\"SearchAction\",\"target\":{\"@type\":\"EntryPoint\",\"urlTemplate\":\"https:\/\/sumkcaps.com\/?s={search_term_string}\"},\"query-input\":{\"@type\":\"PropertyValueSpecification\",\"valueRequired\":true,\"valueName\":\"search_term_string\"}}],\"inLanguage\":\"pt-PT\"},{\"@type\":\"Organization\",\"@id\":\"https:\/\/sumkcaps.com\/#organization\",\"name\":\"Sumkcaps-China Original Headwear Manufacturer and Suppliers\",\"url\":\"https:\/\/sumkcaps.com\/\",\"logo\":{\"@type\":\"ImageObject\",\"inLanguage\":\"pt-PT\",\"@id\":\"https:\/\/sumkcaps.com\/#\/schema\/logo\/image\/\",\"url\":\"https:\/\/sumkcaps.com\/wp-content\/uploads\/2025\/12\/1234.jpg\",\"contentUrl\":\"https:\/\/sumkcaps.com\/wp-content\/uploads\/2025\/12\/1234.jpg\",\"width\":800,\"height\":800,\"caption\":\"Sumkcaps-China Original Headwear Manufacturer and Suppliers\"},\"image\":{\"@id\":\"https:\/\/sumkcaps.com\/#\/schema\/logo\/image\/\"},\"sameAs\":[\"https:\/\/www.facebook.com\/sumkcap\",\"https:\/\/www.instagram.com\/sumkcaps7\/\",\"https:\/\/www.pinterest.com\/sumkcapschina\/\"]}]}<\/script>\n<!-- \/ Yoast SEO Premium plugin. -->","yoast_head_json":{"title":"Chap\u00e9us de balde de pescador de algod\u00e3o com etiqueta tecida personalizada por atacado","description":"Compre chap\u00e9us de balde de pescador de algod\u00e3o com etiqueta tecida personalizada por atacado. Perfeito para retalhistas e profissionais. De alta qualidade, com estilo e personaliz\u00e1veis. Encomendar agora!","robots":{"index":"index","follow":"follow","max-snippet":"max-snippet:-1","max-image-preview":"max-image-preview:large","max-video-preview":"max-video-preview:-1"},"canonical":"https:\/\/sumkcaps.com\/pt\/produto\/sufox-241081-chapeus-de-balde-de-pescador-em-algodao-com-etiqueta-tecida-personalizada\/","og_locale":"pt_PT","og_type":"article","og_title":"Custom Woven Label Cotton Fisherman Bucket Hats Wholesale - Sumkcaps","og_description":"Shop Custom Woven Label Cotton Fisherman Bucket Hats wholesale. Perfect for retailers & pros. High-quality, stylish & customizable. Order now!","og_url":"https:\/\/sumkcaps.com\/pt\/produto\/sufox-241081-chapeus-de-balde-de-pescador-em-algodao-com-etiqueta-tecida-personalizada\/","og_site_name":"Sumkcaps-China Original Headwear Manufacturer and Suppliers","article_publisher":"https:\/\/www.facebook.com\/sumkcap","article_modified_time":"2025-07-09T08:41:51+00:00","og_image":[{"width":800,"height":800,"url":"https:\/\/sumkcaps.com\/wp-content\/uploads\/2022\/10\/custom_100_Cotton_men_fishermen_bucket_hat-4.jpg","type":"image\/jpeg"}],"twitter_card":"summary_large_image","twitter_misc":{"Tempo estimado de leitura":"2 minutos"},"schema":{"@context":"https:\/\/schema.org","@graph":[{"@type":"WebPage","@id":"https:\/\/sumkcaps.com\/product\/sufox-241081-custom-woven-label-cotton-fisherman-bucket-hats\/","url":"https:\/\/sumkcaps.com\/product\/sufox-241081-custom-woven-label-cotton-fisherman-bucket-hats\/","name":"Chap\u00e9us de balde de pescador de algod\u00e3o com etiqueta tecida personalizada por atacado","isPartOf":{"@id":"https:\/\/sumkcaps.com\/#website"},"primaryImageOfPage":{"@id":"https:\/\/sumkcaps.com\/product\/sufox-241081-custom-woven-label-cotton-fisherman-bucket-hats\/#primaryimage"},"image":{"@id":"https:\/\/sumkcaps.com\/product\/sufox-241081-custom-woven-label-cotton-fisherman-bucket-hats\/#primaryimage"},"thumbnailUrl":"https:\/\/sumkcaps.com\/wp-content\/uploads\/2022\/10\/custom_100_Cotton_men_fishermen_bucket_hat-4.jpg","datePublished":"2022-10-13T05:27:38+00:00","dateModified":"2025-07-09T08:41:51+00:00","description":"Compre chap\u00e9us de balde de pescador de algod\u00e3o com etiqueta tecida personalizada por atacado. Perfeito para retalhistas e profissionais. De alta qualidade, com estilo e personaliz\u00e1veis. Encomendar agora!","breadcrumb":{"@id":"https:\/\/sumkcaps.com\/product\/sufox-241081-custom-woven-label-cotton-fisherman-bucket-hats\/#breadcrumb"},"inLanguage":"pt-PT","potentialAction":[{"@type":"ReadAction","target":["https:\/\/sumkcaps.com\/product\/sufox-241081-custom-woven-label-cotton-fisherman-bucket-hats\/"]}]},{"@type":"ImageObject","inLanguage":"pt-PT","@id":"https:\/\/sumkcaps.com\/product\/sufox-241081-custom-woven-label-cotton-fisherman-bucket-hats\/#primaryimage","url":"https:\/\/sumkcaps.com\/wp-content\/uploads\/2022\/10\/custom_100_Cotton_men_fishermen_bucket_hat-4.jpg","contentUrl":"https:\/\/sumkcaps.com\/wp-content\/uploads\/2022\/10\/custom_100_Cotton_men_fishermen_bucket_hat-4.jpg","width":800,"height":800,"caption":"Custom Woven Label Cotton Fisherman Bucket Hats Wholesale"},{"@type":"BreadcrumbList","@id":"https:\/\/sumkcaps.com\/product\/sufox-241081-custom-woven-label-cotton-fisherman-bucket-hats\/#breadcrumb","itemListElement":[{"@type":"ListItem","position":1,"name":"Home","item":"https:\/\/sumkcaps.com\/"},{"@type":"ListItem","position":2,"name":"Products","item":"https:\/\/sumkcaps.com\/product\/"},{"@type":"ListItem","position":3,"name":"Custom Woven Label Cotton Fisherman Bucket Hats Wholesale"}]},{"@type":"WebSite","@id":"https:\/\/sumkcaps.com\/#website","url":"https:\/\/sumkcaps.com\/","name":"Sumkcaps-China Original Headwear Fabricante e fornecedores","description":"Somos a F\u00e1brica Original de Bon\u00e9s e Chap\u00e9us da China, cujo principal neg\u00f3cio \u00e9 personalizar bon\u00e9s e chap\u00e9us de acordo com o LOGOTIPO do cliente. Qualquer estilo de bon\u00e9, qualquer cor de bon\u00e9, qualquer quantidade, qualquer material e quantidade n\u00e3o \u00e9 problema. Por outras palavras, todos os pequenos detalhes podem ser personalizados a seu pedido.","publisher":{"@id":"https:\/\/sumkcaps.com\/#organization"},"potentialAction":[{"@type":"SearchAction","target":{"@type":"EntryPoint","urlTemplate":"https:\/\/sumkcaps.com\/?s={search_term_string}"},"query-input":{"@type":"PropertyValueSpecification","valueRequired":true,"valueName":"search_term_string"}}],"inLanguage":"pt-PT"},{"@type":"Organization","@id":"https:\/\/sumkcaps.com\/#organization","name":"Sumkcaps-China Original Headwear Fabricante e fornecedores","url":"https:\/\/sumkcaps.com\/","logo":{"@type":"ImageObject","inLanguage":"pt-PT","@id":"https:\/\/sumkcaps.com\/#\/schema\/logo\/image\/","url":"https:\/\/sumkcaps.com\/wp-content\/uploads\/2025\/12\/1234.jpg","contentUrl":"https:\/\/sumkcaps.com\/wp-content\/uploads\/2025\/12\/1234.jpg","width":800,"height":800,"caption":"Sumkcaps-China Original Headwear Manufacturer and Suppliers"},"image":{"@id":"https:\/\/sumkcaps.com\/#\/schema\/logo\/image\/"},"sameAs":["https:\/\/www.facebook.com\/sumkcap","https:\/\/www.instagram.com\/sumkcaps7\/","https:\/\/www.pinterest.com\/sumkcapschina\/"]}]}},"taxonomy_info":{"product_cat":[{"value":55,"label":"Bucket Hat Wholesale"},{"value":965,"label":"Cotton Bucket Hats Wholesale"}]},"featured_image_src_large":["https:\/\/sumkcaps.com\/wp-content\/uploads\/2022\/10\/custom_100_Cotton_men_fishermen_bucket_hat-4.jpg",800,800,false],"author_info":[],"comment_info":"","_links":{"self":[{"href":"https:\/\/sumkcaps.com\/pt\/wp-json\/wp\/v2\/product\/16782","targetHints":{"allow":["GET"]}}],"collection":[{"href":"https:\/\/sumkcaps.com\/pt\/wp-json\/wp\/v2\/product"}],"about":[{"href":"https:\/\/sumkcaps.com\/pt\/wp-json\/wp\/v2\/types\/product"}],"wp:featuredmedia":[{"embeddable":true,"href":"https:\/\/sumkcaps.com\/pt\/wp-json\/wp\/v2\/media\/16783"}],"wp:attachment":[{"href":"https:\/\/sumkcaps.com\/pt\/wp-json\/wp\/v2\/media?parent=16782"}],"wp:term":[{"taxonomy":"product_brand","embeddable":true,"href":"https:\/\/sumkcaps.com\/pt\/wp-json\/wp\/v2\/product_brand?post=16782"},{"taxonomy":"product_cat","embeddable":true,"href":"https:\/\/sumkcaps.com\/pt\/wp-json\/wp\/v2\/product_cat?post=16782"},{"taxonomy":"product_tag","embeddable":true,"href":"https:\/\/sumkcaps.com\/pt\/wp-json\/wp\/v2\/product_tag?post=16782"}],"curies":[{"name":"wp","href":"https:\/\/api.w.org\/{rel}","templated":true}]}}