{"id":16668,"date":"2022-10-13T10:20:53","date_gmt":"2022-10-13T02:20:53","guid":{"rendered":"https:\/\/sumkcaps.com\/?post_type=product&#038;p=16668"},"modified":"2026-03-17T11:06:12","modified_gmt":"2026-03-17T03:06:12","slug":"sufox-241068-custom-six-panel-embroidered-gray-snapback-cap","status":"publish","type":"product","link":"https:\/\/sumkcaps.com\/pt\/produto\/sufox-241068-bone-snapback-cinzento-bordado-com-seis-paineis-personalizado\/","title":{"rendered":"Bon\u00e9 Sumkcaps 241068 Personalizado com seis pain\u00e9is bordados em cinzento"},"content":{"rendered":"<div class=\"flex max-w-full flex-col gap-4 grow\">\n<div class=\"min-h-8 text-message relative flex w-full flex-col items-end gap-2 text-start break-words whitespace-normal [.text-message+&amp;]:mt-1\" dir=\"auto\" data-message-author-role=\"assistant\" data-message-id=\"b44cec7d-019b-462e-8e92-9ae230291269\" data-message-model-slug=\"gpt-5-3\">\n<div class=\"flex w-full flex-col gap-1 empty:hidden\">\n<div class=\"markdown prose dark:prose-invert w-full wrap-break-word light markdown-new-styling\">\n<h3 data-start=\"0\" data-end=\"381\"><strong data-start=\"0\" data-end=\"35\">Decora\u00e7\u00e3o<\/strong><\/h3>\n<p data-start=\"0\" data-end=\"381\">Este bon\u00e9 snapback apresenta um bordado plano de alta qualidade que proporciona um design limpo, preciso e duradouro. O bordado plano \u00e9 ideal para log\u00f3tipos, texto ou trabalhos art\u00edsticos personalizados, garantindo um aspeto profissional e duradouro. A costura mant\u00e9m a clareza mesmo ap\u00f3s um longo per\u00edodo de utiliza\u00e7\u00e3o, o que a torna perfeita para marcas, equipas e chap\u00e9us promocionais.<\/p>\n<h3 data-start=\"0\" data-end=\"381\"><strong data-start=\"383\" data-end=\"413\">Material<\/strong><\/h3>\n<p data-start=\"0\" data-end=\"381\">Fabricado em tecido acr\u00edlico 100% de qualidade superior, este bon\u00e9 oferece uma excelente durabilidade, reten\u00e7\u00e3o da forma e conforto leve. O material acr\u00edlico \u00e9 resistente a rugas e ao desbotamento, o que o torna adequado para uso di\u00e1rio e a longo prazo. O tecido tamb\u00e9m proporciona uma superf\u00edcie lisa que funciona na perfei\u00e7\u00e3o para a personaliza\u00e7\u00e3o de bordados.<\/p>\n<h3 data-start=\"736\" data-end=\"1074\"><strong data-start=\"736\" data-end=\"768\">Cor<\/strong><\/h3>\n<p data-start=\"736\" data-end=\"1074\">O bon\u00e9 est\u00e1 dispon\u00edvel em cinzento cl\u00e1ssico, bem como em cores totalmente personalizadas para corresponder \u00e0 identidade da sua marca ou \u00e0s suas necessidades de design. Quer pretenda tons neutros, cores arrojadas ou tonalidades Pantone, podemos produzir o bon\u00e9 de acordo com os seus requisitos, garantindo uma apresenta\u00e7\u00e3o consistente e profissional da marca.<\/p>\n<h3 data-start=\"1076\" data-end=\"1410\"><strong data-start=\"1076\" data-end=\"1112\">Ajuste e tamanho<\/strong><\/h3>\n<p data-start=\"1076\" data-end=\"1410\">Concebido com um fecho de encaixe ajust\u00e1vel, este bon\u00e9 oferece um tamanho OSFM (One Size Fits Most), adaptando-se confortavelmente a tamanhos de cabe\u00e7a de 7 a 7 3\/4. A estrutura ajust\u00e1vel permite aos utilizadores personalizar facilmente o ajuste, proporcionando conforto e praticidade para diferentes formatos de cabe\u00e7a e utiliza\u00e7\u00e3o di\u00e1ria.<\/p>\n<h3 data-start=\"1412\" data-end=\"1703\"><strong data-start=\"1412\" data-end=\"1436\">Viseira<\/strong><\/h3>\n<p data-start=\"1412\" data-end=\"1703\">A viseira de aba plana confere ao bon\u00e9 um aspeto moderno de streetwear, ao mesmo tempo que oferece uma prote\u00e7\u00e3o solar eficaz. O seu design estruturado ajuda o bon\u00e9 a manter a sua forma e proporciona um aspeto arrojado e elegante, popular em estilos de vestu\u00e1rio casual, desporto e moda urbana.<\/p>\n<h3 data-start=\"1705\" data-end=\"2017\"><strong data-start=\"1705\" data-end=\"1731\">Servi\u00e7o<\/strong><\/h3>\n<p data-start=\"1705\" data-end=\"2017\">Fornecemos servi\u00e7os OEM e ODM para satisfazer diferentes necessidades de personaliza\u00e7\u00e3o. Desde o design do log\u00f3tipo e a sele\u00e7\u00e3o do tecido at\u00e9 \u00e0 combina\u00e7\u00e3o de cores e op\u00e7\u00f5es de embalagem, a nossa equipa de profissionais trabalha em estreita colabora\u00e7\u00e3o com os clientes para criar bon\u00e9s personalizados \u00fanicos que se alinham com a identidade da marca e as exig\u00eancias do mercado.<\/p>\n<h3 data-start=\"2019\" data-end=\"2319\"><strong data-start=\"2019\" data-end=\"2041\">Tempo de resposta<\/strong><\/h3>\n<p data-start=\"2019\" data-end=\"2319\" data-is-last-node=\"\" data-is-only-node=\"\">O nosso processo de produ\u00e7\u00e3o \u00e9 eficiente e fi\u00e1vel. A produ\u00e7\u00e3o de amostras demora normalmente <strong data-start=\"2128\" data-end=\"2148\">7-9 dias \u00fateis<\/strong>, permitindo-lhe rever o desenho antes da produ\u00e7\u00e3o em massa. A produ\u00e7\u00e3o em massa requer normalmente <strong data-start=\"2241\" data-end=\"2263\">18-22 dias \u00fateis<\/strong>, dependendo da quantidade da encomenda e dos pormenores de personaliza\u00e7\u00e3o.<\/p>\n<\/div>\n<\/div>\n<\/div>\n<\/div>\n<div class=\"z-0 flex min-h-[46px] justify-start\"><\/div>\n<div class=\"mt-3 w-full empty:hidden\">\n<div class=\"text-center\">\n<div>\n<div class=\"inline-flex border border-gray-100 dark:border-gray-700 rounded-xl\">\n<div class=\"bg-token-main-surface-tertiary w-px flex-1 self-stretch\"><\/div>\n<\/div>\n<\/div>\n<\/div>\n<\/div>","protected":false},"excerpt":{"rendered":"<p>Sumkcaps 241068 Custom Six Panel Embroidered Gray Snapback Cap \u00e9 um dos estilos populares de bon\u00e9, leve e respir\u00e1vel. Os nossos Snapbacks v\u00eam numa variedade de estilos e cores de todas as marcas de topo.<\/p>","protected":false},"featured_media":16669,"template":"","meta":{"_acf_changed":false,"_kad_blocks_custom_css":"","_kad_blocks_head_custom_js":"","_kad_blocks_body_custom_js":"","_kad_blocks_footer_custom_js":""},"product_brand":[],"product_cat":[42],"product_tag":[],"class_list":{"0":"post-16668","1":"product","2":"type-product","3":"status-publish","4":"has-post-thumbnail","6":"product_cat-snapback-cap","8":"first","9":"outofstock","10":"shipping-taxable","11":"product-type-simple"},"acf":[],"yoast_head":"<!-- This site is optimized with the Yoast SEO Premium plugin v20.8 (Yoast SEO v25.9) - https:\/\/yoast.com\/wordpress\/plugins\/seo\/ -->\n<title>Custom Embroidered Gray Snapback Cap | China Manufactuer<\/title>\n<meta name=\"description\" content=\"High Quality Cap Head Wear With Professional Custom Design Service Available. Add Your Logo or Custom Design Online. Expert Service. Bulk Discount.\" \/>\n<meta name=\"robots\" content=\"index, follow, max-snippet:-1, max-image-preview:large, max-video-preview:-1\" \/>\n<link rel=\"canonical\" href=\"https:\/\/sumkcaps.com\/pt\/produto\/sufox-241068-bone-snapback-cinzento-bordado-com-seis-paineis-personalizado\/\" \/>\n<meta property=\"og:locale\" content=\"pt_PT\" \/>\n<meta property=\"og:type\" content=\"article\" \/>\n<meta property=\"og:title\" content=\"Sumkcaps 241068 Custom Six Panel Embroidered Gray Snapback Cap - Sumkcaps\" \/>\n<meta property=\"og:description\" content=\"High Quality Cap Head Wear With Professional Custom Design Service Available. Add Your Logo or Custom Design Online. Expert Service. Bulk Discount.\" \/>\n<meta property=\"og:url\" content=\"https:\/\/sumkcaps.com\/pt\/produto\/sufox-241068-bone-snapback-cinzento-bordado-com-seis-paineis-personalizado\/\" \/>\n<meta property=\"og:site_name\" content=\"Sumkcaps-China Original Headwear Manufacturer and Suppliers\" \/>\n<meta property=\"article:publisher\" content=\"https:\/\/www.facebook.com\/sumkcap\" \/>\n<meta property=\"article:modified_time\" content=\"2026-03-17T03:06:12+00:00\" \/>\n<meta property=\"og:image\" content=\"https:\/\/sumkcaps.com\/wp-content\/uploads\/2022\/10\/custom_6_panel_embroidered_grey_snapback_hat-1.jpg\" \/>\n\t<meta property=\"og:image:width\" content=\"800\" \/>\n\t<meta property=\"og:image:height\" content=\"800\" \/>\n\t<meta property=\"og:image:type\" content=\"image\/jpeg\" \/>\n<meta name=\"twitter:card\" content=\"summary_large_image\" \/>\n<meta name=\"twitter:label1\" content=\"Tempo estimado de leitura\" \/>\n\t<meta name=\"twitter:data1\" content=\"2 minutos\" \/>\n<script type=\"application\/ld+json\" class=\"yoast-schema-graph\">{\"@context\":\"https:\/\/schema.org\",\"@graph\":[{\"@type\":\"WebPage\",\"@id\":\"https:\/\/sumkcaps.com\/product\/sufox-241068-custom-six-panel-embroidered-gray-snapback-cap\/\",\"url\":\"https:\/\/sumkcaps.com\/product\/sufox-241068-custom-six-panel-embroidered-gray-snapback-cap\/\",\"name\":\"Custom Embroidered Gray Snapback Cap | China Manufactuer\",\"isPartOf\":{\"@id\":\"https:\/\/sumkcaps.com\/#website\"},\"primaryImageOfPage\":{\"@id\":\"https:\/\/sumkcaps.com\/product\/sufox-241068-custom-six-panel-embroidered-gray-snapback-cap\/#primaryimage\"},\"image\":{\"@id\":\"https:\/\/sumkcaps.com\/product\/sufox-241068-custom-six-panel-embroidered-gray-snapback-cap\/#primaryimage\"},\"thumbnailUrl\":\"https:\/\/sumkcaps.com\/wp-content\/uploads\/2022\/10\/custom_6_panel_embroidered_grey_snapback_hat-1.jpg\",\"datePublished\":\"2022-10-13T02:20:53+00:00\",\"dateModified\":\"2026-03-17T03:06:12+00:00\",\"description\":\"High Quality Cap Head Wear With Professional Custom Design Service Available. Add Your Logo or Custom Design Online. Expert Service. Bulk Discount.\",\"breadcrumb\":{\"@id\":\"https:\/\/sumkcaps.com\/product\/sufox-241068-custom-six-panel-embroidered-gray-snapback-cap\/#breadcrumb\"},\"inLanguage\":\"pt-PT\",\"potentialAction\":[{\"@type\":\"ReadAction\",\"target\":[\"https:\/\/sumkcaps.com\/product\/sufox-241068-custom-six-panel-embroidered-gray-snapback-cap\/\"]}]},{\"@type\":\"ImageObject\",\"inLanguage\":\"pt-PT\",\"@id\":\"https:\/\/sumkcaps.com\/product\/sufox-241068-custom-six-panel-embroidered-gray-snapback-cap\/#primaryimage\",\"url\":\"https:\/\/sumkcaps.com\/wp-content\/uploads\/2022\/10\/custom_6_panel_embroidered_grey_snapback_hat-1.jpg\",\"contentUrl\":\"https:\/\/sumkcaps.com\/wp-content\/uploads\/2022\/10\/custom_6_panel_embroidered_grey_snapback_hat-1.jpg\",\"width\":800,\"height\":800},{\"@type\":\"BreadcrumbList\",\"@id\":\"https:\/\/sumkcaps.com\/product\/sufox-241068-custom-six-panel-embroidered-gray-snapback-cap\/#breadcrumb\",\"itemListElement\":[{\"@type\":\"ListItem\",\"position\":1,\"name\":\"Home\",\"item\":\"https:\/\/sumkcaps.com\/\"},{\"@type\":\"ListItem\",\"position\":2,\"name\":\"Products\",\"item\":\"https:\/\/sumkcaps.com\/product\/\"},{\"@type\":\"ListItem\",\"position\":3,\"name\":\"Sumkcaps 241068 Custom Six Panel Embroidered Gray Snapback Cap\"}]},{\"@type\":\"WebSite\",\"@id\":\"https:\/\/sumkcaps.com\/#website\",\"url\":\"https:\/\/sumkcaps.com\/\",\"name\":\"Sumkcaps-China Original Headwear Manufacturer and Suppliers\",\"description\":\"We are China Cap And Hat Original Factory, whose main business is to custom cap and hat as client&#039;s LOGO. Any cap style, any cap color, any qty, any material and qty is no problem. In one words, any small details can be customized as your request.\",\"publisher\":{\"@id\":\"https:\/\/sumkcaps.com\/#organization\"},\"potentialAction\":[{\"@type\":\"SearchAction\",\"target\":{\"@type\":\"EntryPoint\",\"urlTemplate\":\"https:\/\/sumkcaps.com\/?s={search_term_string}\"},\"query-input\":{\"@type\":\"PropertyValueSpecification\",\"valueRequired\":true,\"valueName\":\"search_term_string\"}}],\"inLanguage\":\"pt-PT\"},{\"@type\":\"Organization\",\"@id\":\"https:\/\/sumkcaps.com\/#organization\",\"name\":\"Sumkcaps-China Original Headwear Manufacturer and Suppliers\",\"url\":\"https:\/\/sumkcaps.com\/\",\"logo\":{\"@type\":\"ImageObject\",\"inLanguage\":\"pt-PT\",\"@id\":\"https:\/\/sumkcaps.com\/#\/schema\/logo\/image\/\",\"url\":\"https:\/\/sumkcaps.com\/wp-content\/uploads\/2025\/12\/1234.jpg\",\"contentUrl\":\"https:\/\/sumkcaps.com\/wp-content\/uploads\/2025\/12\/1234.jpg\",\"width\":800,\"height\":800,\"caption\":\"Sumkcaps-China Original Headwear Manufacturer and Suppliers\"},\"image\":{\"@id\":\"https:\/\/sumkcaps.com\/#\/schema\/logo\/image\/\"},\"sameAs\":[\"https:\/\/www.facebook.com\/sumkcap\",\"https:\/\/www.instagram.com\/sumkcaps7\/\",\"https:\/\/www.pinterest.com\/sumkcapschina\/\"]}]}<\/script>\n<!-- \/ Yoast SEO Premium plugin. -->","yoast_head_json":{"title":"Bon\u00e9 bordado personalizado com pala cinzenta | Fabricante da China","description":"Bon\u00e9 de alta qualidade para usar na cabe\u00e7a com servi\u00e7o profissional de design personalizado dispon\u00edvel. Adicione o seu log\u00f3tipo ou desenho personalizado online. Servi\u00e7o especializado. Desconto por volume.","robots":{"index":"index","follow":"follow","max-snippet":"max-snippet:-1","max-image-preview":"max-image-preview:large","max-video-preview":"max-video-preview:-1"},"canonical":"https:\/\/sumkcaps.com\/pt\/produto\/sufox-241068-bone-snapback-cinzento-bordado-com-seis-paineis-personalizado\/","og_locale":"pt_PT","og_type":"article","og_title":"Sumkcaps 241068 Custom Six Panel Embroidered Gray Snapback Cap - Sumkcaps","og_description":"High Quality Cap Head Wear With Professional Custom Design Service Available. Add Your Logo or Custom Design Online. Expert Service. Bulk Discount.","og_url":"https:\/\/sumkcaps.com\/pt\/produto\/sufox-241068-bone-snapback-cinzento-bordado-com-seis-paineis-personalizado\/","og_site_name":"Sumkcaps-China Original Headwear Manufacturer and Suppliers","article_publisher":"https:\/\/www.facebook.com\/sumkcap","article_modified_time":"2026-03-17T03:06:12+00:00","og_image":[{"width":800,"height":800,"url":"https:\/\/sumkcaps.com\/wp-content\/uploads\/2022\/10\/custom_6_panel_embroidered_grey_snapback_hat-1.jpg","type":"image\/jpeg"}],"twitter_card":"summary_large_image","twitter_misc":{"Tempo estimado de leitura":"2 minutos"},"schema":{"@context":"https:\/\/schema.org","@graph":[{"@type":"WebPage","@id":"https:\/\/sumkcaps.com\/product\/sufox-241068-custom-six-panel-embroidered-gray-snapback-cap\/","url":"https:\/\/sumkcaps.com\/product\/sufox-241068-custom-six-panel-embroidered-gray-snapback-cap\/","name":"Bon\u00e9 bordado personalizado com pala cinzenta | Fabricante da China","isPartOf":{"@id":"https:\/\/sumkcaps.com\/#website"},"primaryImageOfPage":{"@id":"https:\/\/sumkcaps.com\/product\/sufox-241068-custom-six-panel-embroidered-gray-snapback-cap\/#primaryimage"},"image":{"@id":"https:\/\/sumkcaps.com\/product\/sufox-241068-custom-six-panel-embroidered-gray-snapback-cap\/#primaryimage"},"thumbnailUrl":"https:\/\/sumkcaps.com\/wp-content\/uploads\/2022\/10\/custom_6_panel_embroidered_grey_snapback_hat-1.jpg","datePublished":"2022-10-13T02:20:53+00:00","dateModified":"2026-03-17T03:06:12+00:00","description":"Bon\u00e9 de alta qualidade para usar na cabe\u00e7a com servi\u00e7o profissional de design personalizado dispon\u00edvel. Adicione o seu log\u00f3tipo ou desenho personalizado online. Servi\u00e7o especializado. Desconto por volume.","breadcrumb":{"@id":"https:\/\/sumkcaps.com\/product\/sufox-241068-custom-six-panel-embroidered-gray-snapback-cap\/#breadcrumb"},"inLanguage":"pt-PT","potentialAction":[{"@type":"ReadAction","target":["https:\/\/sumkcaps.com\/product\/sufox-241068-custom-six-panel-embroidered-gray-snapback-cap\/"]}]},{"@type":"ImageObject","inLanguage":"pt-PT","@id":"https:\/\/sumkcaps.com\/product\/sufox-241068-custom-six-panel-embroidered-gray-snapback-cap\/#primaryimage","url":"https:\/\/sumkcaps.com\/wp-content\/uploads\/2022\/10\/custom_6_panel_embroidered_grey_snapback_hat-1.jpg","contentUrl":"https:\/\/sumkcaps.com\/wp-content\/uploads\/2022\/10\/custom_6_panel_embroidered_grey_snapback_hat-1.jpg","width":800,"height":800},{"@type":"BreadcrumbList","@id":"https:\/\/sumkcaps.com\/product\/sufox-241068-custom-six-panel-embroidered-gray-snapback-cap\/#breadcrumb","itemListElement":[{"@type":"ListItem","position":1,"name":"Home","item":"https:\/\/sumkcaps.com\/"},{"@type":"ListItem","position":2,"name":"Products","item":"https:\/\/sumkcaps.com\/product\/"},{"@type":"ListItem","position":3,"name":"Sumkcaps 241068 Custom Six Panel Embroidered Gray Snapback Cap"}]},{"@type":"WebSite","@id":"https:\/\/sumkcaps.com\/#website","url":"https:\/\/sumkcaps.com\/","name":"Sumkcaps-China Original Headwear Fabricante e fornecedores","description":"Somos a F\u00e1brica Original de Bon\u00e9s e Chap\u00e9us da China, cujo principal neg\u00f3cio \u00e9 personalizar bon\u00e9s e chap\u00e9us de acordo com o LOGOTIPO do cliente. Qualquer estilo de bon\u00e9, qualquer cor de bon\u00e9, qualquer quantidade, qualquer material e quantidade n\u00e3o \u00e9 problema. Por outras palavras, todos os pequenos detalhes podem ser personalizados a seu pedido.","publisher":{"@id":"https:\/\/sumkcaps.com\/#organization"},"potentialAction":[{"@type":"SearchAction","target":{"@type":"EntryPoint","urlTemplate":"https:\/\/sumkcaps.com\/?s={search_term_string}"},"query-input":{"@type":"PropertyValueSpecification","valueRequired":true,"valueName":"search_term_string"}}],"inLanguage":"pt-PT"},{"@type":"Organization","@id":"https:\/\/sumkcaps.com\/#organization","name":"Sumkcaps-China Original Headwear Fabricante e fornecedores","url":"https:\/\/sumkcaps.com\/","logo":{"@type":"ImageObject","inLanguage":"pt-PT","@id":"https:\/\/sumkcaps.com\/#\/schema\/logo\/image\/","url":"https:\/\/sumkcaps.com\/wp-content\/uploads\/2025\/12\/1234.jpg","contentUrl":"https:\/\/sumkcaps.com\/wp-content\/uploads\/2025\/12\/1234.jpg","width":800,"height":800,"caption":"Sumkcaps-China Original Headwear Manufacturer and Suppliers"},"image":{"@id":"https:\/\/sumkcaps.com\/#\/schema\/logo\/image\/"},"sameAs":["https:\/\/www.facebook.com\/sumkcap","https:\/\/www.instagram.com\/sumkcaps7\/","https:\/\/www.pinterest.com\/sumkcapschina\/"]}]}},"taxonomy_info":{"product_cat":[{"value":42,"label":"Snapback Hats Wholesale"}]},"featured_image_src_large":["https:\/\/sumkcaps.com\/wp-content\/uploads\/2022\/10\/custom_6_panel_embroidered_grey_snapback_hat-1.jpg",800,800,false],"author_info":[],"comment_info":"","_links":{"self":[{"href":"https:\/\/sumkcaps.com\/pt\/wp-json\/wp\/v2\/product\/16668","targetHints":{"allow":["GET"]}}],"collection":[{"href":"https:\/\/sumkcaps.com\/pt\/wp-json\/wp\/v2\/product"}],"about":[{"href":"https:\/\/sumkcaps.com\/pt\/wp-json\/wp\/v2\/types\/product"}],"wp:featuredmedia":[{"embeddable":true,"href":"https:\/\/sumkcaps.com\/pt\/wp-json\/wp\/v2\/media\/16669"}],"wp:attachment":[{"href":"https:\/\/sumkcaps.com\/pt\/wp-json\/wp\/v2\/media?parent=16668"}],"wp:term":[{"taxonomy":"product_brand","embeddable":true,"href":"https:\/\/sumkcaps.com\/pt\/wp-json\/wp\/v2\/product_brand?post=16668"},{"taxonomy":"product_cat","embeddable":true,"href":"https:\/\/sumkcaps.com\/pt\/wp-json\/wp\/v2\/product_cat?post=16668"},{"taxonomy":"product_tag","embeddable":true,"href":"https:\/\/sumkcaps.com\/pt\/wp-json\/wp\/v2\/product_tag?post=16668"}],"curies":[{"name":"wp","href":"https:\/\/api.w.org\/{rel}","templated":true}]}}