{"id":16636,"date":"2022-10-13T10:00:39","date_gmt":"2022-10-13T02:00:39","guid":{"rendered":"https:\/\/sumkcaps.com\/?post_type=product&#038;p=16636"},"modified":"2026-03-18T15:41:50","modified_gmt":"2026-03-18T07:41:50","slug":"sufox-241064-custom-six-panel-3d-embroidery-gray-snapback-cap","status":"publish","type":"product","link":"https:\/\/sumkcaps.com\/pt\/produto\/sufox-241064-bone-personalizado-com-seis-paineis-bordados-a-3d-em-cinzento\/","title":{"rendered":"Sumkcaps 241064 Bon\u00e9 personalizado com bordado 3D de seis pain\u00e9is, com pala cinzenta"},"content":{"rendered":"<div class=\"flex flex-col text-sm pb-25\">\n<section class=\"text-token-text-primary w-full focus:outline-none [--shadow-height:45px] has-data-writing-block:pointer-events-none has-data-writing-block:-mt-(--shadow-height) has-data-writing-block:pt-(--shadow-height) [&amp;:has([data-writing-block])&gt;*]:pointer-events-auto scroll-mt-[calc(var(--header-height)+min(200px,max(70px,20svh)))]\" dir=\"auto\" data-turn-id=\"request-69b8bc2d-ca0c-839e-a2a2-516a79635590-2\" data-testid=\"conversation-turn-26\" data-scroll-anchor=\"true\" data-turn=\"assistant\">\n<div class=\"text-base my-auto mx-auto pb-10 [--thread-content-margin:var(--thread-content-margin-xs,calc(var(--spacing)*4))] @w-sm\/main:[--thread-content-margin:var(--thread-content-margin-sm,calc(var(--spacing)*6))] @w-lg\/main:[--thread-content-margin:var(--thread-content-margin-lg,calc(var(--spacing)*16))] px-(--thread-content-margin)\">\n<div class=\"[--thread-content-max-width:40rem] @w-lg\/main:[--thread-content-max-width:48rem] mx-auto max-w-(--thread-content-max-width) flex-1 group\/turn-messages focus-visible:outline-hidden relative flex w-full min-w-0 flex-col agent-turn\">\n<div class=\"flex max-w-full flex-col gap-4 grow\">\n<div class=\"min-h-8 text-message relative flex w-full flex-col items-end gap-2 text-start break-words whitespace-normal outline-none keyboard-focused:focus-ring [.text-message+&amp;]:mt-1\" dir=\"auto\" tabindex=\"0\" data-message-author-role=\"assistant\" data-message-id=\"4252cae1-e78c-4fe8-89a2-809b1d088191\" data-message-model-slug=\"gpt-5-3\" data-turn-start-message=\"true\">\n<div class=\"flex w-full flex-col gap-1 empty:hidden\">\n<div class=\"markdown prose dark:prose-invert w-full wrap-break-word light markdown-new-styling\">\n<h3 data-start=\"0\" data-end=\"362\"><strong data-start=\"0\" data-end=\"33\">Decora\u00e7\u00e3o<\/strong><\/h3>\n<p data-start=\"0\" data-end=\"362\">Este bon\u00e9 snapback apresenta um bordado 3D de qualidade superior que cria um efeito arrojado e elevado para log\u00f3tipos e desenhos. A costura de alta densidade aumenta a profundidade e a visibilidade, fazendo com que a sua marca se destaque com um forte impacto visual. \u00c9 ideal para marcas de streetwear, log\u00f3tipos de equipas e produtos promocionais que exigem um aspeto distinto.<\/p>\n<h3 data-start=\"364\" data-end=\"697\"><strong data-start=\"364\" data-end=\"394\">Material<\/strong><\/h3>\n<p data-start=\"364\" data-end=\"697\">Fabricado em acr\u00edlico 100% de alta qualidade, este bon\u00e9 oferece excelente durabilidade, conforto leve e forte reten\u00e7\u00e3o da forma. O tecido resiste a rugas e ao desbotamento, garantindo uma utiliza\u00e7\u00e3o a longo prazo e mantendo um aspeto limpo e estruturado. Tamb\u00e9m \u00e9 adequado para aplica\u00e7\u00f5es de bordados pormenorizados.<\/p>\n<h3 data-start=\"699\" data-end=\"998\"><strong data-start=\"699\" data-end=\"731\">Cor<\/strong><\/h3>\n<p data-start=\"699\" data-end=\"998\">Dispon\u00edvel em cinzento cl\u00e1ssico, bem como em cores totalmente personalizadas, este bon\u00e9 pode ser adaptado para corresponder \u00e0 identidade da sua marca. Apoiamos a correspond\u00eancia de cores Pantone para garantir a consist\u00eancia em toda a sua linha de produtos, tornando-o ideal tanto para colec\u00e7\u00f5es de moda como para utiliza\u00e7\u00e3o promocional.<\/p>\n<h3 data-start=\"1000\" data-end=\"1294\"><strong data-start=\"1000\" data-end=\"1036\">Ajuste e tamanho<\/strong><\/h3>\n<p data-start=\"1000\" data-end=\"1294\">Concebido com um fecho de encaixe ajust\u00e1vel, este bon\u00e9 apresenta um tamanho OSFM (One Size Fits Most) para se adaptar a tamanhos de cabe\u00e7a de 7 a 7 3\/4. O design ajust\u00e1vel garante um ajuste confort\u00e1vel e seguro para v\u00e1rias formas de cabe\u00e7a, tornando-o adequado para um vasto p\u00fablico.<\/p>\n<h3 data-start=\"1296\" data-end=\"1571\"><strong data-start=\"1296\" data-end=\"1320\">Viseira<\/strong><\/h3>\n<p data-start=\"1296\" data-end=\"1571\">A viseira de bico plano proporciona um estilo moderno e urbano, muito popular no streetwear e na moda casual. A sua constru\u00e7\u00e3o estruturada ajuda a manter a forma do bon\u00e9, ao mesmo tempo que proporciona uma prote\u00e7\u00e3o solar eficaz, combinando estilo e funcionalidade.<\/p>\n<h3 data-start=\"1573\" data-end=\"1863\"><strong data-start=\"1573\" data-end=\"1599\">Servi\u00e7o<\/strong><\/h3>\n<p data-start=\"1573\" data-end=\"1863\">Oferecemos servi\u00e7os completos de OEM e ODM para apoiar as suas necessidades de personaliza\u00e7\u00e3o. Desde o desenvolvimento do log\u00f3tipo e sele\u00e7\u00e3o do tecido at\u00e9 \u00e0 combina\u00e7\u00e3o de cores e embalagem, a nossa equipa experiente trabalha em estreita colabora\u00e7\u00e3o com os clientes para criar bon\u00e9s de alta qualidade adaptados aos requisitos da sua marca.<\/p>\n<h3 data-start=\"1865\" data-end=\"2142\"><strong data-start=\"1865\" data-end=\"1887\">Tempo de resposta<\/strong><\/h3>\n<p data-start=\"1865\" data-end=\"2142\" data-is-last-node=\"\" data-is-only-node=\"\">O nosso processo de produ\u00e7\u00e3o \u00e9 eficiente e fi\u00e1vel. A produ\u00e7\u00e3o de amostras demora normalmente <strong data-start=\"1974\" data-end=\"1994\">7-9 dias \u00fateis<\/strong>, permitindo a confirma\u00e7\u00e3o do projeto. A produ\u00e7\u00e3o a granel requer normalmente <strong data-start=\"2063\" data-end=\"2085\">18-22 dias \u00fateis<\/strong>, dependendo do volume da encomenda e da complexidade da personaliza\u00e7\u00e3o.<\/p>\n<\/div>\n<\/div>\n<\/div>\n<\/div>\n<\/div>\n<\/div>\n<\/section>\n<\/div>","protected":false},"excerpt":{"rendered":"<p>Sumkcaps 241064 Custom Six Panel 3D Embroidery Gray Snapback Cap \u00e9 um dos estilos populares de bon\u00e9, leve e respir\u00e1vel. Os nossos Snapbacks v\u00eam numa variedade de estilos e cores de todas as marcas de topo.<\/p>","protected":false},"featured_media":16637,"template":"","meta":{"_acf_changed":false,"_kad_blocks_custom_css":"","_kad_blocks_head_custom_js":"","_kad_blocks_body_custom_js":"","_kad_blocks_footer_custom_js":""},"product_brand":[],"product_cat":[42],"product_tag":[],"class_list":{"0":"post-16636","1":"product","2":"type-product","3":"status-publish","4":"has-post-thumbnail","6":"product_cat-snapback-cap","8":"first","9":"outofstock","10":"shipping-taxable","11":"product-type-simple"},"acf":[],"yoast_head":"<!-- This site is optimized with the Yoast SEO Premium plugin v20.8 (Yoast SEO v25.9) - https:\/\/yoast.com\/wordpress\/plugins\/seo\/ -->\n<title>Custom 3D Embroidery Gray Snapback Cap | China Manufactuer<\/title>\n<meta name=\"description\" content=\"Custom Cap, Logo Cap, Brand Caps, Custom Made Snapback Caps, Custom Snapback Baseball Hats. Premium Cap Manufacturer since 2006. Order Today!\" \/>\n<meta name=\"robots\" content=\"index, follow, max-snippet:-1, max-image-preview:large, max-video-preview:-1\" \/>\n<link rel=\"canonical\" href=\"https:\/\/sumkcaps.com\/pt\/produto\/sufox-241064-bone-personalizado-com-seis-paineis-bordados-a-3d-em-cinzento\/\" \/>\n<meta property=\"og:locale\" content=\"pt_PT\" \/>\n<meta property=\"og:type\" content=\"article\" \/>\n<meta property=\"og:title\" content=\"Sumkcaps 241064 Custom Six Panel 3D Embroidery Gray Snapback Cap - Sumkcaps\" \/>\n<meta property=\"og:description\" content=\"Custom Cap, Logo Cap, Brand Caps, Custom Made Snapback Caps, Custom Snapback Baseball Hats. Premium Cap Manufacturer since 2006. Order Today!\" \/>\n<meta property=\"og:url\" content=\"https:\/\/sumkcaps.com\/pt\/produto\/sufox-241064-bone-personalizado-com-seis-paineis-bordados-a-3d-em-cinzento\/\" \/>\n<meta property=\"og:site_name\" content=\"Sumkcaps-China Original Headwear Manufacturer and Suppliers\" \/>\n<meta property=\"article:publisher\" content=\"https:\/\/www.facebook.com\/sumkcap\" \/>\n<meta property=\"article:modified_time\" content=\"2026-03-18T07:41:50+00:00\" \/>\n<meta property=\"og:image\" content=\"https:\/\/sumkcaps.com\/wp-content\/uploads\/2022\/10\/custom_6_panel_3d_embroidery_gray_snapback_hat-1.jpg\" \/>\n\t<meta property=\"og:image:width\" content=\"800\" \/>\n\t<meta property=\"og:image:height\" content=\"800\" \/>\n\t<meta property=\"og:image:type\" content=\"image\/jpeg\" \/>\n<meta name=\"twitter:card\" content=\"summary_large_image\" \/>\n<meta name=\"twitter:label1\" content=\"Tempo estimado de leitura\" \/>\n\t<meta name=\"twitter:data1\" content=\"2 minutos\" \/>\n<script type=\"application\/ld+json\" class=\"yoast-schema-graph\">{\"@context\":\"https:\/\/schema.org\",\"@graph\":[{\"@type\":\"WebPage\",\"@id\":\"https:\/\/sumkcaps.com\/product\/sufox-241064-custom-six-panel-3d-embroidery-gray-snapback-cap\/\",\"url\":\"https:\/\/sumkcaps.com\/product\/sufox-241064-custom-six-panel-3d-embroidery-gray-snapback-cap\/\",\"name\":\"Custom 3D Embroidery Gray Snapback Cap | China Manufactuer\",\"isPartOf\":{\"@id\":\"https:\/\/sumkcaps.com\/#website\"},\"primaryImageOfPage\":{\"@id\":\"https:\/\/sumkcaps.com\/product\/sufox-241064-custom-six-panel-3d-embroidery-gray-snapback-cap\/#primaryimage\"},\"image\":{\"@id\":\"https:\/\/sumkcaps.com\/product\/sufox-241064-custom-six-panel-3d-embroidery-gray-snapback-cap\/#primaryimage\"},\"thumbnailUrl\":\"https:\/\/sumkcaps.com\/wp-content\/uploads\/2022\/10\/custom_6_panel_3d_embroidery_gray_snapback_hat-1.jpg\",\"datePublished\":\"2022-10-13T02:00:39+00:00\",\"dateModified\":\"2026-03-18T07:41:50+00:00\",\"description\":\"Custom Cap, Logo Cap, Brand Caps, Custom Made Snapback Caps, Custom Snapback Baseball Hats. Premium Cap Manufacturer since 2006. Order Today!\",\"breadcrumb\":{\"@id\":\"https:\/\/sumkcaps.com\/product\/sufox-241064-custom-six-panel-3d-embroidery-gray-snapback-cap\/#breadcrumb\"},\"inLanguage\":\"pt-PT\",\"potentialAction\":[{\"@type\":\"ReadAction\",\"target\":[\"https:\/\/sumkcaps.com\/product\/sufox-241064-custom-six-panel-3d-embroidery-gray-snapback-cap\/\"]}]},{\"@type\":\"ImageObject\",\"inLanguage\":\"pt-PT\",\"@id\":\"https:\/\/sumkcaps.com\/product\/sufox-241064-custom-six-panel-3d-embroidery-gray-snapback-cap\/#primaryimage\",\"url\":\"https:\/\/sumkcaps.com\/wp-content\/uploads\/2022\/10\/custom_6_panel_3d_embroidery_gray_snapback_hat-1.jpg\",\"contentUrl\":\"https:\/\/sumkcaps.com\/wp-content\/uploads\/2022\/10\/custom_6_panel_3d_embroidery_gray_snapback_hat-1.jpg\",\"width\":800,\"height\":800},{\"@type\":\"BreadcrumbList\",\"@id\":\"https:\/\/sumkcaps.com\/product\/sufox-241064-custom-six-panel-3d-embroidery-gray-snapback-cap\/#breadcrumb\",\"itemListElement\":[{\"@type\":\"ListItem\",\"position\":1,\"name\":\"Home\",\"item\":\"https:\/\/sumkcaps.com\/\"},{\"@type\":\"ListItem\",\"position\":2,\"name\":\"Products\",\"item\":\"https:\/\/sumkcaps.com\/product\/\"},{\"@type\":\"ListItem\",\"position\":3,\"name\":\"Sumkcaps 241064 Custom Six Panel 3D Embroidery Gray Snapback Cap\"}]},{\"@type\":\"WebSite\",\"@id\":\"https:\/\/sumkcaps.com\/#website\",\"url\":\"https:\/\/sumkcaps.com\/\",\"name\":\"Sumkcaps-China Original Headwear Manufacturer and Suppliers\",\"description\":\"We are China Cap And Hat Original Factory, whose main business is to custom cap and hat as client&#039;s LOGO. Any cap style, any cap color, any qty, any material and qty is no problem. In one words, any small details can be customized as your request.\",\"publisher\":{\"@id\":\"https:\/\/sumkcaps.com\/#organization\"},\"potentialAction\":[{\"@type\":\"SearchAction\",\"target\":{\"@type\":\"EntryPoint\",\"urlTemplate\":\"https:\/\/sumkcaps.com\/?s={search_term_string}\"},\"query-input\":{\"@type\":\"PropertyValueSpecification\",\"valueRequired\":true,\"valueName\":\"search_term_string\"}}],\"inLanguage\":\"pt-PT\"},{\"@type\":\"Organization\",\"@id\":\"https:\/\/sumkcaps.com\/#organization\",\"name\":\"Sumkcaps-China Original Headwear Manufacturer and Suppliers\",\"url\":\"https:\/\/sumkcaps.com\/\",\"logo\":{\"@type\":\"ImageObject\",\"inLanguage\":\"pt-PT\",\"@id\":\"https:\/\/sumkcaps.com\/#\/schema\/logo\/image\/\",\"url\":\"https:\/\/sumkcaps.com\/wp-content\/uploads\/2025\/12\/1234.jpg\",\"contentUrl\":\"https:\/\/sumkcaps.com\/wp-content\/uploads\/2025\/12\/1234.jpg\",\"width\":800,\"height\":800,\"caption\":\"Sumkcaps-China Original Headwear Manufacturer and Suppliers\"},\"image\":{\"@id\":\"https:\/\/sumkcaps.com\/#\/schema\/logo\/image\/\"},\"sameAs\":[\"https:\/\/www.facebook.com\/sumkcap\",\"https:\/\/www.instagram.com\/sumkcaps7\/\",\"https:\/\/www.pinterest.com\/sumkcapschina\/\"]}]}<\/script>\n<!-- \/ Yoast SEO Premium plugin. -->","yoast_head_json":{"title":"Bon\u00e9 Snapback Cinza com Bordado 3D Personalizado | Fabricante da China","description":"Bon\u00e9 personalizado, bon\u00e9 com log\u00f3tipo, bon\u00e9s de marca, bon\u00e9s Snapback personalizados, bon\u00e9s de basebol Snapback personalizados. Fabricante de bon\u00e9s premium desde 2006. Encomende hoje!","robots":{"index":"index","follow":"follow","max-snippet":"max-snippet:-1","max-image-preview":"max-image-preview:large","max-video-preview":"max-video-preview:-1"},"canonical":"https:\/\/sumkcaps.com\/pt\/produto\/sufox-241064-bone-personalizado-com-seis-paineis-bordados-a-3d-em-cinzento\/","og_locale":"pt_PT","og_type":"article","og_title":"Sumkcaps 241064 Custom Six Panel 3D Embroidery Gray Snapback Cap - Sumkcaps","og_description":"Custom Cap, Logo Cap, Brand Caps, Custom Made Snapback Caps, Custom Snapback Baseball Hats. Premium Cap Manufacturer since 2006. Order Today!","og_url":"https:\/\/sumkcaps.com\/pt\/produto\/sufox-241064-bone-personalizado-com-seis-paineis-bordados-a-3d-em-cinzento\/","og_site_name":"Sumkcaps-China Original Headwear Manufacturer and Suppliers","article_publisher":"https:\/\/www.facebook.com\/sumkcap","article_modified_time":"2026-03-18T07:41:50+00:00","og_image":[{"width":800,"height":800,"url":"https:\/\/sumkcaps.com\/wp-content\/uploads\/2022\/10\/custom_6_panel_3d_embroidery_gray_snapback_hat-1.jpg","type":"image\/jpeg"}],"twitter_card":"summary_large_image","twitter_misc":{"Tempo estimado de leitura":"2 minutos"},"schema":{"@context":"https:\/\/schema.org","@graph":[{"@type":"WebPage","@id":"https:\/\/sumkcaps.com\/product\/sufox-241064-custom-six-panel-3d-embroidery-gray-snapback-cap\/","url":"https:\/\/sumkcaps.com\/product\/sufox-241064-custom-six-panel-3d-embroidery-gray-snapback-cap\/","name":"Bon\u00e9 Snapback Cinza com Bordado 3D Personalizado | Fabricante da China","isPartOf":{"@id":"https:\/\/sumkcaps.com\/#website"},"primaryImageOfPage":{"@id":"https:\/\/sumkcaps.com\/product\/sufox-241064-custom-six-panel-3d-embroidery-gray-snapback-cap\/#primaryimage"},"image":{"@id":"https:\/\/sumkcaps.com\/product\/sufox-241064-custom-six-panel-3d-embroidery-gray-snapback-cap\/#primaryimage"},"thumbnailUrl":"https:\/\/sumkcaps.com\/wp-content\/uploads\/2022\/10\/custom_6_panel_3d_embroidery_gray_snapback_hat-1.jpg","datePublished":"2022-10-13T02:00:39+00:00","dateModified":"2026-03-18T07:41:50+00:00","description":"Bon\u00e9 personalizado, bon\u00e9 com log\u00f3tipo, bon\u00e9s de marca, bon\u00e9s Snapback personalizados, bon\u00e9s de basebol Snapback personalizados. Fabricante de bon\u00e9s premium desde 2006. Encomende hoje!","breadcrumb":{"@id":"https:\/\/sumkcaps.com\/product\/sufox-241064-custom-six-panel-3d-embroidery-gray-snapback-cap\/#breadcrumb"},"inLanguage":"pt-PT","potentialAction":[{"@type":"ReadAction","target":["https:\/\/sumkcaps.com\/product\/sufox-241064-custom-six-panel-3d-embroidery-gray-snapback-cap\/"]}]},{"@type":"ImageObject","inLanguage":"pt-PT","@id":"https:\/\/sumkcaps.com\/product\/sufox-241064-custom-six-panel-3d-embroidery-gray-snapback-cap\/#primaryimage","url":"https:\/\/sumkcaps.com\/wp-content\/uploads\/2022\/10\/custom_6_panel_3d_embroidery_gray_snapback_hat-1.jpg","contentUrl":"https:\/\/sumkcaps.com\/wp-content\/uploads\/2022\/10\/custom_6_panel_3d_embroidery_gray_snapback_hat-1.jpg","width":800,"height":800},{"@type":"BreadcrumbList","@id":"https:\/\/sumkcaps.com\/product\/sufox-241064-custom-six-panel-3d-embroidery-gray-snapback-cap\/#breadcrumb","itemListElement":[{"@type":"ListItem","position":1,"name":"Home","item":"https:\/\/sumkcaps.com\/"},{"@type":"ListItem","position":2,"name":"Products","item":"https:\/\/sumkcaps.com\/product\/"},{"@type":"ListItem","position":3,"name":"Sumkcaps 241064 Custom Six Panel 3D Embroidery Gray Snapback Cap"}]},{"@type":"WebSite","@id":"https:\/\/sumkcaps.com\/#website","url":"https:\/\/sumkcaps.com\/","name":"Sumkcaps-China Original Headwear Fabricante e fornecedores","description":"Somos a F\u00e1brica Original de Bon\u00e9s e Chap\u00e9us da China, cujo principal neg\u00f3cio \u00e9 personalizar bon\u00e9s e chap\u00e9us de acordo com o LOGOTIPO do cliente. Qualquer estilo de bon\u00e9, qualquer cor de bon\u00e9, qualquer quantidade, qualquer material e quantidade n\u00e3o \u00e9 problema. Por outras palavras, todos os pequenos detalhes podem ser personalizados a seu pedido.","publisher":{"@id":"https:\/\/sumkcaps.com\/#organization"},"potentialAction":[{"@type":"SearchAction","target":{"@type":"EntryPoint","urlTemplate":"https:\/\/sumkcaps.com\/?s={search_term_string}"},"query-input":{"@type":"PropertyValueSpecification","valueRequired":true,"valueName":"search_term_string"}}],"inLanguage":"pt-PT"},{"@type":"Organization","@id":"https:\/\/sumkcaps.com\/#organization","name":"Sumkcaps-China Original Headwear Fabricante e fornecedores","url":"https:\/\/sumkcaps.com\/","logo":{"@type":"ImageObject","inLanguage":"pt-PT","@id":"https:\/\/sumkcaps.com\/#\/schema\/logo\/image\/","url":"https:\/\/sumkcaps.com\/wp-content\/uploads\/2025\/12\/1234.jpg","contentUrl":"https:\/\/sumkcaps.com\/wp-content\/uploads\/2025\/12\/1234.jpg","width":800,"height":800,"caption":"Sumkcaps-China Original Headwear Manufacturer and Suppliers"},"image":{"@id":"https:\/\/sumkcaps.com\/#\/schema\/logo\/image\/"},"sameAs":["https:\/\/www.facebook.com\/sumkcap","https:\/\/www.instagram.com\/sumkcaps7\/","https:\/\/www.pinterest.com\/sumkcapschina\/"]}]}},"taxonomy_info":{"product_cat":[{"value":42,"label":"Snapback Hats Wholesale"}]},"featured_image_src_large":["https:\/\/sumkcaps.com\/wp-content\/uploads\/2022\/10\/custom_6_panel_3d_embroidery_gray_snapback_hat-1.jpg",800,800,false],"author_info":[],"comment_info":"","_links":{"self":[{"href":"https:\/\/sumkcaps.com\/pt\/wp-json\/wp\/v2\/product\/16636","targetHints":{"allow":["GET"]}}],"collection":[{"href":"https:\/\/sumkcaps.com\/pt\/wp-json\/wp\/v2\/product"}],"about":[{"href":"https:\/\/sumkcaps.com\/pt\/wp-json\/wp\/v2\/types\/product"}],"wp:featuredmedia":[{"embeddable":true,"href":"https:\/\/sumkcaps.com\/pt\/wp-json\/wp\/v2\/media\/16637"}],"wp:attachment":[{"href":"https:\/\/sumkcaps.com\/pt\/wp-json\/wp\/v2\/media?parent=16636"}],"wp:term":[{"taxonomy":"product_brand","embeddable":true,"href":"https:\/\/sumkcaps.com\/pt\/wp-json\/wp\/v2\/product_brand?post=16636"},{"taxonomy":"product_cat","embeddable":true,"href":"https:\/\/sumkcaps.com\/pt\/wp-json\/wp\/v2\/product_cat?post=16636"},{"taxonomy":"product_tag","embeddable":true,"href":"https:\/\/sumkcaps.com\/pt\/wp-json\/wp\/v2\/product_tag?post=16636"}],"curies":[{"name":"wp","href":"https:\/\/api.w.org\/{rel}","templated":true}]}}