{"id":16247,"date":"2022-10-12T10:29:39","date_gmt":"2022-10-12T02:29:39","guid":{"rendered":"https:\/\/sumkcaps.com\/?post_type=product&#038;p=16247"},"modified":"2025-07-09T15:25:00","modified_gmt":"2025-07-09T07:25:00","slug":"sufox-241019-custom-five-panel-embroidery-patch-foam-trucker-hat","status":"publish","type":"product","link":"https:\/\/sumkcaps.com\/pt\/produto\/sufox-241019-chapeu-de-camionista-de-espuma-com-cinco-paineis-bordados-e-remendos-personalizados\/","title":{"rendered":"Sumkcaps 241019 Chap\u00e9u de camionista de espuma com remendo bordado de cinco pain\u00e9is personalizado"},"content":{"rendered":"<h2 data-start=\"677\" data-end=\"723\"><strong data-start=\"683\" data-end=\"723\">Estrutura: Design cl\u00e1ssico de cinco pain\u00e9is<\/strong><\/h2>\n<p data-start=\"724\" data-end=\"913\">A constru\u00e7\u00e3o de cinco pain\u00e9is cria um painel frontal grande e ininterrupto - ideal para patches de bordados e log\u00f3tipos personalizados arrojados. Esta estrutura \u00e9 muito apreciada nos estilos vintage e streetwear.<\/p>\n<h2 data-start=\"915\" data-end=\"960\"><strong data-start=\"921\" data-end=\"960\">Decora\u00e7\u00e3o: Patch bordado personalizado<\/strong><\/h2>\n<p data-start=\"961\" data-end=\"1143\">Concebido para uma imagem de marca de grande impacto, o bon\u00e9 apresenta um painel frontal de espuma pronto para uma <strong data-start=\"1044\" data-end=\"1071\">remendo bordado personalizado<\/strong>A gama de produtos da marca, que permite \u00e0s marcas mostrarem a sua identidade com textura e dimens\u00e3o.<\/p>\n<h2 data-start=\"1145\" data-end=\"1198\"><strong data-start=\"1151\" data-end=\"1198\">Material: Frente de espuma + costas de malha respir\u00e1vel<\/strong><\/h2>\n<p data-start=\"1199\" data-end=\"1436\">Combinando um <strong data-start=\"1211\" data-end=\"1225\">frente de espuma<\/strong> para a estrutura e um <strong data-start=\"1246\" data-end=\"1259\">costas em malha<\/strong> para ventila\u00e7\u00e3o, este bon\u00e9 de camionista equilibra estilo e conforto. A espuma confere ao bon\u00e9 o seu aspeto estruturado ic\u00f3nico, enquanto a malha garante a respirabilidade durante as actividades ao ar livre.<\/p>\n<h2 data-start=\"1438\" data-end=\"1493\"><strong data-start=\"1444\" data-end=\"1493\">Cor: Personaliz\u00e1vel com a popular op\u00e7\u00e3o verde<\/strong><\/h2>\n<p data-start=\"1494\" data-end=\"1661\">Padr\u00e3o num ambiente vibrante <strong data-start=\"1516\" data-end=\"1525\">verde<\/strong>Este bon\u00e9 tamb\u00e9m est\u00e1 dispon\u00edvel em cores totalmente personalizadas, permitindo que as marcas alinhem o bon\u00e9 na perfei\u00e7\u00e3o com a paleta da sua marca ou com o tema do evento.<\/p>\n<h2 data-start=\"1663\" data-end=\"1707\"><strong data-start=\"1669\" data-end=\"1707\">Viseira: Pr\u00e9-curvada para um aspeto cl\u00e1ssico<\/strong><\/h2>\n<p data-start=\"1708\" data-end=\"1871\">O <strong data-start=\"1712\" data-end=\"1732\">viseira pr\u00e9-curvada<\/strong> oferece uma forma pronta a usar, conferindo ao bon\u00e9 uma vibra\u00e7\u00e3o descontra\u00edda e atl\u00e9tica que se repercute tanto em utilizadores casuais como em p\u00fablicos promocionais.<\/p>\n<h2 data-start=\"1873\" data-end=\"1916\"><strong data-start=\"1879\" data-end=\"1916\">MOQ: 200 unidades por desenho e por cor<\/strong><\/h2>\n<p data-start=\"1917\" data-end=\"2074\">Ideal para marcas de pequena e m\u00e9dia dimens\u00e3o, eventos ou campanhas promocionais. O MOQ de 200 unidades mant\u00e9m a personaliza\u00e7\u00e3o acess\u00edvel ao mesmo tempo que suporta uma produ\u00e7\u00e3o escal\u00e1vel.<\/p>\n<h2 data-start=\"2076\" data-end=\"2104\"><strong data-start=\"2082\" data-end=\"2104\">Servi\u00e7os: OEM E ODM<\/strong><\/h2>\n<p data-start=\"2105\" data-end=\"2261\">A Sumkcaps fornece servi\u00e7os completos de OEM e ODM, permitindo \u00e0s empresas ajustar este design ou desenvolver conceitos totalmente novos para colec\u00e7\u00f5es de chap\u00e9us \u00fanicas.<\/p>","protected":false},"excerpt":{"rendered":"<p>Sumkcaps 241019 Chap\u00e9u de camionista de espuma com remendo de bordado de cinco pain\u00e9is personalizado \u00e9 um dos estilos populares de bon\u00e9, peso leve e bem respir\u00e1vel. Chap\u00e9u perfeito para a sua pequena empresa, equipa desportiva, evento especial e muito mais. Mude seu pr\u00f3prio logotipo facilmente.<\/p>","protected":false},"featured_media":16248,"template":"","meta":{"_acf_changed":false,"_kad_blocks_custom_css":"","_kad_blocks_head_custom_js":"","_kad_blocks_body_custom_js":"","_kad_blocks_footer_custom_js":""},"product_brand":[],"product_cat":[693],"product_tag":[],"class_list":{"0":"post-16247","1":"product","2":"type-product","3":"status-publish","4":"has-post-thumbnail","6":"product_cat-hat","8":"first","9":"outofstock","10":"shipping-taxable","11":"product-type-simple"},"acf":[],"yoast_head":"<!-- This site is optimized with the Yoast SEO Premium plugin v20.8 (Yoast SEO v25.9) - https:\/\/yoast.com\/wordpress\/plugins\/seo\/ -->\n<title>Custom Embroidery Patch Foam Trucker Hat | China Manufactuer<\/title>\n<meta name=\"description\" content=\"More Than 10 Years Of Experience In The Headwear Industry. Cap Manufacturers.100% Satisfaction Guarantee. Expert Service. Bulk Discount. Quick delivery.\" \/>\n<meta name=\"robots\" content=\"index, follow, max-snippet:-1, max-image-preview:large, max-video-preview:-1\" \/>\n<link rel=\"canonical\" href=\"https:\/\/sumkcaps.com\/pt\/produto\/sufox-241019-chapeu-de-camionista-de-espuma-com-cinco-paineis-bordados-e-remendos-personalizados\/\" \/>\n<meta property=\"og:locale\" content=\"pt_PT\" \/>\n<meta property=\"og:type\" content=\"article\" \/>\n<meta property=\"og:title\" content=\"Sumkcaps 241019 Custom Five Panel Embroidery Patch Foam Trucker Hat - Sumkcaps\" \/>\n<meta property=\"og:description\" content=\"More Than 10 Years Of Experience In The Headwear Industry. Cap Manufacturers.100% Satisfaction Guarantee. Expert Service. Bulk Discount. Quick delivery.\" \/>\n<meta property=\"og:url\" content=\"https:\/\/sumkcaps.com\/pt\/produto\/sufox-241019-chapeu-de-camionista-de-espuma-com-cinco-paineis-bordados-e-remendos-personalizados\/\" \/>\n<meta property=\"og:site_name\" content=\"Sumkcaps-China Original Headwear Manufacturer and Suppliers\" \/>\n<meta property=\"article:publisher\" content=\"https:\/\/www.facebook.com\/sumkcap\" \/>\n<meta property=\"article:modified_time\" content=\"2025-07-09T07:25:00+00:00\" \/>\n<meta property=\"og:image\" content=\"https:\/\/sumkcaps.com\/wp-content\/uploads\/2022\/10\/custom_5_panel-embroidery-patch-foam-trucker-hat-1.jpg\" \/>\n\t<meta property=\"og:image:width\" content=\"1200\" \/>\n\t<meta property=\"og:image:height\" content=\"1200\" \/>\n\t<meta property=\"og:image:type\" content=\"image\/jpeg\" \/>\n<meta name=\"twitter:card\" content=\"summary_large_image\" \/>\n<meta name=\"twitter:label1\" content=\"Tempo estimado de leitura\" \/>\n\t<meta name=\"twitter:data1\" content=\"2 minutos\" \/>\n<script type=\"application\/ld+json\" class=\"yoast-schema-graph\">{\"@context\":\"https:\/\/schema.org\",\"@graph\":[{\"@type\":\"WebPage\",\"@id\":\"https:\/\/sumkcaps.com\/product\/sufox-241019-custom-five-panel-embroidery-patch-foam-trucker-hat\/\",\"url\":\"https:\/\/sumkcaps.com\/product\/sufox-241019-custom-five-panel-embroidery-patch-foam-trucker-hat\/\",\"name\":\"Custom Embroidery Patch Foam Trucker Hat | China Manufactuer\",\"isPartOf\":{\"@id\":\"https:\/\/sumkcaps.com\/#website\"},\"primaryImageOfPage\":{\"@id\":\"https:\/\/sumkcaps.com\/product\/sufox-241019-custom-five-panel-embroidery-patch-foam-trucker-hat\/#primaryimage\"},\"image\":{\"@id\":\"https:\/\/sumkcaps.com\/product\/sufox-241019-custom-five-panel-embroidery-patch-foam-trucker-hat\/#primaryimage\"},\"thumbnailUrl\":\"https:\/\/sumkcaps.com\/wp-content\/uploads\/2022\/10\/custom_5_panel-embroidery-patch-foam-trucker-hat-1.jpg\",\"datePublished\":\"2022-10-12T02:29:39+00:00\",\"dateModified\":\"2025-07-09T07:25:00+00:00\",\"description\":\"More Than 10 Years Of Experience In The Headwear Industry. Cap Manufacturers.100% Satisfaction Guarantee. Expert Service. Bulk Discount. Quick delivery.\",\"breadcrumb\":{\"@id\":\"https:\/\/sumkcaps.com\/product\/sufox-241019-custom-five-panel-embroidery-patch-foam-trucker-hat\/#breadcrumb\"},\"inLanguage\":\"pt-PT\",\"potentialAction\":[{\"@type\":\"ReadAction\",\"target\":[\"https:\/\/sumkcaps.com\/product\/sufox-241019-custom-five-panel-embroidery-patch-foam-trucker-hat\/\"]}]},{\"@type\":\"ImageObject\",\"inLanguage\":\"pt-PT\",\"@id\":\"https:\/\/sumkcaps.com\/product\/sufox-241019-custom-five-panel-embroidery-patch-foam-trucker-hat\/#primaryimage\",\"url\":\"https:\/\/sumkcaps.com\/wp-content\/uploads\/2022\/10\/custom_5_panel-embroidery-patch-foam-trucker-hat-1.jpg\",\"contentUrl\":\"https:\/\/sumkcaps.com\/wp-content\/uploads\/2022\/10\/custom_5_panel-embroidery-patch-foam-trucker-hat-1.jpg\",\"width\":1200,\"height\":1200},{\"@type\":\"BreadcrumbList\",\"@id\":\"https:\/\/sumkcaps.com\/product\/sufox-241019-custom-five-panel-embroidery-patch-foam-trucker-hat\/#breadcrumb\",\"itemListElement\":[{\"@type\":\"ListItem\",\"position\":1,\"name\":\"Home\",\"item\":\"https:\/\/sumkcaps.com\/\"},{\"@type\":\"ListItem\",\"position\":2,\"name\":\"Products\",\"item\":\"https:\/\/sumkcaps.com\/product\/\"},{\"@type\":\"ListItem\",\"position\":3,\"name\":\"Sumkcaps 241019 Custom Five Panel Embroidery Patch Foam Trucker Hat\"}]},{\"@type\":\"WebSite\",\"@id\":\"https:\/\/sumkcaps.com\/#website\",\"url\":\"https:\/\/sumkcaps.com\/\",\"name\":\"Sumkcaps-China Original Headwear Manufacturer and Suppliers\",\"description\":\"We are China Cap And Hat Original Factory, whose main business is to custom cap and hat as client&#039;s LOGO. Any cap style, any cap color, any qty, any material and qty is no problem. In one words, any small details can be customized as your request.\",\"publisher\":{\"@id\":\"https:\/\/sumkcaps.com\/#organization\"},\"potentialAction\":[{\"@type\":\"SearchAction\",\"target\":{\"@type\":\"EntryPoint\",\"urlTemplate\":\"https:\/\/sumkcaps.com\/?s={search_term_string}\"},\"query-input\":{\"@type\":\"PropertyValueSpecification\",\"valueRequired\":true,\"valueName\":\"search_term_string\"}}],\"inLanguage\":\"pt-PT\"},{\"@type\":\"Organization\",\"@id\":\"https:\/\/sumkcaps.com\/#organization\",\"name\":\"Sumkcaps-China Original Headwear Manufacturer and Suppliers\",\"url\":\"https:\/\/sumkcaps.com\/\",\"logo\":{\"@type\":\"ImageObject\",\"inLanguage\":\"pt-PT\",\"@id\":\"https:\/\/sumkcaps.com\/#\/schema\/logo\/image\/\",\"url\":\"https:\/\/sumkcaps.com\/wp-content\/uploads\/2025\/12\/1234.jpg\",\"contentUrl\":\"https:\/\/sumkcaps.com\/wp-content\/uploads\/2025\/12\/1234.jpg\",\"width\":800,\"height\":800,\"caption\":\"Sumkcaps-China Original Headwear Manufacturer and Suppliers\"},\"image\":{\"@id\":\"https:\/\/sumkcaps.com\/#\/schema\/logo\/image\/\"},\"sameAs\":[\"https:\/\/www.facebook.com\/sumkcap\",\"https:\/\/www.instagram.com\/sumkcaps7\/\",\"https:\/\/www.pinterest.com\/sumkcapschina\/\"]}]}<\/script>\n<!-- \/ Yoast SEO Premium plugin. -->","yoast_head_json":{"title":"Chap\u00e9u de camionista de espuma com remendo bordado personalizado - Fabricante da China","description":"Mais de 10 anos de experi\u00eancia na ind\u00fastria de chap\u00e9us. Fabricantes de bon\u00e9s.100% Garantia de satisfa\u00e7\u00e3o. Servi\u00e7o especializado. Desconto em massa. Entrega r\u00e1pida.","robots":{"index":"index","follow":"follow","max-snippet":"max-snippet:-1","max-image-preview":"max-image-preview:large","max-video-preview":"max-video-preview:-1"},"canonical":"https:\/\/sumkcaps.com\/pt\/produto\/sufox-241019-chapeu-de-camionista-de-espuma-com-cinco-paineis-bordados-e-remendos-personalizados\/","og_locale":"pt_PT","og_type":"article","og_title":"Sumkcaps 241019 Custom Five Panel Embroidery Patch Foam Trucker Hat - Sumkcaps","og_description":"More Than 10 Years Of Experience In The Headwear Industry. Cap Manufacturers.100% Satisfaction Guarantee. Expert Service. Bulk Discount. Quick delivery.","og_url":"https:\/\/sumkcaps.com\/pt\/produto\/sufox-241019-chapeu-de-camionista-de-espuma-com-cinco-paineis-bordados-e-remendos-personalizados\/","og_site_name":"Sumkcaps-China Original Headwear Manufacturer and Suppliers","article_publisher":"https:\/\/www.facebook.com\/sumkcap","article_modified_time":"2025-07-09T07:25:00+00:00","og_image":[{"width":1200,"height":1200,"url":"https:\/\/sumkcaps.com\/wp-content\/uploads\/2022\/10\/custom_5_panel-embroidery-patch-foam-trucker-hat-1.jpg","type":"image\/jpeg"}],"twitter_card":"summary_large_image","twitter_misc":{"Tempo estimado de leitura":"2 minutos"},"schema":{"@context":"https:\/\/schema.org","@graph":[{"@type":"WebPage","@id":"https:\/\/sumkcaps.com\/product\/sufox-241019-custom-five-panel-embroidery-patch-foam-trucker-hat\/","url":"https:\/\/sumkcaps.com\/product\/sufox-241019-custom-five-panel-embroidery-patch-foam-trucker-hat\/","name":"Chap\u00e9u de camionista de espuma com remendo bordado personalizado - Fabricante da China","isPartOf":{"@id":"https:\/\/sumkcaps.com\/#website"},"primaryImageOfPage":{"@id":"https:\/\/sumkcaps.com\/product\/sufox-241019-custom-five-panel-embroidery-patch-foam-trucker-hat\/#primaryimage"},"image":{"@id":"https:\/\/sumkcaps.com\/product\/sufox-241019-custom-five-panel-embroidery-patch-foam-trucker-hat\/#primaryimage"},"thumbnailUrl":"https:\/\/sumkcaps.com\/wp-content\/uploads\/2022\/10\/custom_5_panel-embroidery-patch-foam-trucker-hat-1.jpg","datePublished":"2022-10-12T02:29:39+00:00","dateModified":"2025-07-09T07:25:00+00:00","description":"Mais de 10 anos de experi\u00eancia na ind\u00fastria de chap\u00e9us. Fabricantes de bon\u00e9s.100% Garantia de satisfa\u00e7\u00e3o. Servi\u00e7o especializado. Desconto em massa. Entrega r\u00e1pida.","breadcrumb":{"@id":"https:\/\/sumkcaps.com\/product\/sufox-241019-custom-five-panel-embroidery-patch-foam-trucker-hat\/#breadcrumb"},"inLanguage":"pt-PT","potentialAction":[{"@type":"ReadAction","target":["https:\/\/sumkcaps.com\/product\/sufox-241019-custom-five-panel-embroidery-patch-foam-trucker-hat\/"]}]},{"@type":"ImageObject","inLanguage":"pt-PT","@id":"https:\/\/sumkcaps.com\/product\/sufox-241019-custom-five-panel-embroidery-patch-foam-trucker-hat\/#primaryimage","url":"https:\/\/sumkcaps.com\/wp-content\/uploads\/2022\/10\/custom_5_panel-embroidery-patch-foam-trucker-hat-1.jpg","contentUrl":"https:\/\/sumkcaps.com\/wp-content\/uploads\/2022\/10\/custom_5_panel-embroidery-patch-foam-trucker-hat-1.jpg","width":1200,"height":1200},{"@type":"BreadcrumbList","@id":"https:\/\/sumkcaps.com\/product\/sufox-241019-custom-five-panel-embroidery-patch-foam-trucker-hat\/#breadcrumb","itemListElement":[{"@type":"ListItem","position":1,"name":"Home","item":"https:\/\/sumkcaps.com\/"},{"@type":"ListItem","position":2,"name":"Products","item":"https:\/\/sumkcaps.com\/product\/"},{"@type":"ListItem","position":3,"name":"Sumkcaps 241019 Custom Five Panel Embroidery Patch Foam Trucker Hat"}]},{"@type":"WebSite","@id":"https:\/\/sumkcaps.com\/#website","url":"https:\/\/sumkcaps.com\/","name":"Sumkcaps-China Original Headwear Fabricante e fornecedores","description":"Somos a F\u00e1brica Original de Bon\u00e9s e Chap\u00e9us da China, cujo principal neg\u00f3cio \u00e9 personalizar bon\u00e9s e chap\u00e9us de acordo com o LOGOTIPO do cliente. Qualquer estilo de bon\u00e9, qualquer cor de bon\u00e9, qualquer quantidade, qualquer material e quantidade n\u00e3o \u00e9 problema. Por outras palavras, todos os pequenos detalhes podem ser personalizados a seu pedido.","publisher":{"@id":"https:\/\/sumkcaps.com\/#organization"},"potentialAction":[{"@type":"SearchAction","target":{"@type":"EntryPoint","urlTemplate":"https:\/\/sumkcaps.com\/?s={search_term_string}"},"query-input":{"@type":"PropertyValueSpecification","valueRequired":true,"valueName":"search_term_string"}}],"inLanguage":"pt-PT"},{"@type":"Organization","@id":"https:\/\/sumkcaps.com\/#organization","name":"Sumkcaps-China Original Headwear Fabricante e fornecedores","url":"https:\/\/sumkcaps.com\/","logo":{"@type":"ImageObject","inLanguage":"pt-PT","@id":"https:\/\/sumkcaps.com\/#\/schema\/logo\/image\/","url":"https:\/\/sumkcaps.com\/wp-content\/uploads\/2025\/12\/1234.jpg","contentUrl":"https:\/\/sumkcaps.com\/wp-content\/uploads\/2025\/12\/1234.jpg","width":800,"height":800,"caption":"Sumkcaps-China Original Headwear Manufacturer and Suppliers"},"image":{"@id":"https:\/\/sumkcaps.com\/#\/schema\/logo\/image\/"},"sameAs":["https:\/\/www.facebook.com\/sumkcap","https:\/\/www.instagram.com\/sumkcaps7\/","https:\/\/www.pinterest.com\/sumkcapschina\/"]}]}},"taxonomy_info":{"product_cat":[{"value":693,"label":"Hat"}]},"featured_image_src_large":["https:\/\/sumkcaps.com\/wp-content\/uploads\/2022\/10\/custom_5_panel-embroidery-patch-foam-trucker-hat-1-1024x1024.jpg",800,800,true],"author_info":[],"comment_info":"","_links":{"self":[{"href":"https:\/\/sumkcaps.com\/pt\/wp-json\/wp\/v2\/product\/16247","targetHints":{"allow":["GET"]}}],"collection":[{"href":"https:\/\/sumkcaps.com\/pt\/wp-json\/wp\/v2\/product"}],"about":[{"href":"https:\/\/sumkcaps.com\/pt\/wp-json\/wp\/v2\/types\/product"}],"wp:featuredmedia":[{"embeddable":true,"href":"https:\/\/sumkcaps.com\/pt\/wp-json\/wp\/v2\/media\/16248"}],"wp:attachment":[{"href":"https:\/\/sumkcaps.com\/pt\/wp-json\/wp\/v2\/media?parent=16247"}],"wp:term":[{"taxonomy":"product_brand","embeddable":true,"href":"https:\/\/sumkcaps.com\/pt\/wp-json\/wp\/v2\/product_brand?post=16247"},{"taxonomy":"product_cat","embeddable":true,"href":"https:\/\/sumkcaps.com\/pt\/wp-json\/wp\/v2\/product_cat?post=16247"},{"taxonomy":"product_tag","embeddable":true,"href":"https:\/\/sumkcaps.com\/pt\/wp-json\/wp\/v2\/product_tag?post=16247"}],"curies":[{"name":"wp","href":"https:\/\/api.w.org\/{rel}","templated":true}]}}