{"id":15938,"date":"2022-09-29T13:48:57","date_gmt":"2022-09-29T05:48:57","guid":{"rendered":"https:\/\/sumkcaps.com\/?post_type=product&#038;p=15938"},"modified":"2026-04-03T09:51:24","modified_gmt":"2026-04-03T01:51:24","slug":"sufox-23941-custom-five-panel-embroidered-hip-hop-two-tone-snapback-cap","status":"publish","type":"product","link":"https:\/\/sumkcaps.com\/pt\/produto\/sufox-23941-bone-snapback-personalizado-com-cinco-paineis-bordados-hip-hop-em-dois-tons\/","title":{"rendered":"Sumkcaps 23941 Bon\u00e9 personalizado com cinco pain\u00e9is bordados Hip Hop Snapback de dois tons"},"content":{"rendered":"<h3 data-section-id=\"1o0wlg4\" data-start=\"125\" data-end=\"161\"><span role=\"text\"><strong data-start=\"129\" data-end=\"159\">Decora\u00e7\u00e3o<\/strong><\/span><\/h3>\n<p data-start=\"162\" data-end=\"446\">O bon\u00e9 apresenta bordados 3D de alta qualidade, proporcionando um log\u00f3tipo texturizado e em relevo que se destaca visual e fisicamente. Esta t\u00e9cnica aumenta a visibilidade e a durabilidade da marca, tornando-a ideal para designs arrojados, colec\u00e7\u00f5es de streetwear e chap\u00e9us promocionais que exigem aten\u00e7\u00e3o.<\/p>\n<h3 data-section-id=\"1p2br5x\" data-start=\"453\" data-end=\"486\"><span role=\"text\"><strong data-start=\"457\" data-end=\"484\">Material<\/strong><\/span><\/h3>\n<p data-start=\"487\" data-end=\"774\">Fabricado em acr\u00edlico 100%, este snapback oferece excelente durabilidade, reten\u00e7\u00e3o da forma e resist\u00eancia a rugas. O tecido \u00e9 leve mas robusto, proporcionando um aspeto estruturado e mantendo o conforto, o que o torna adequado para o uso quotidiano e para uma utiliza\u00e7\u00e3o prolongada em v\u00e1rios ambientes.<\/p>\n<h3 data-section-id=\"slu0w9\" data-start=\"781\" data-end=\"809\"><span role=\"text\"><strong data-start=\"785\" data-end=\"807\">Cor<\/strong><\/span><\/h3>\n<p data-start=\"810\" data-end=\"1086\">Dispon\u00edvel em op\u00e7\u00f5es de cores totalmente personalizadas, este snapback de dois tons permite \u00e0s marcas corresponderem a tons Pantone exactos ou criarem combina\u00e7\u00f5es de cores \u00fanicas. Esta flexibilidade garante que o seu design se alinha perfeitamente com a identidade da sua marca, colec\u00e7\u00f5es sazonais ou campanhas promocionais.<\/p>\n<h3 data-section-id=\"1ujt2bk\" data-start=\"1093\" data-end=\"1132\"><span role=\"text\"><strong data-start=\"1097\" data-end=\"1130\">Ajuste e tamanho<\/strong><\/span><\/h3>\n<p data-start=\"1133\" data-end=\"1389\">Concebido com um fecho de encaixe ajust\u00e1vel, este bon\u00e9 oferece um ajuste de tamanho \u00fanico (OSFM) que varia entre 7 e 7 3\/4. Garante um ajuste seguro e confort\u00e1vel para a maioria dos tamanhos de cabe\u00e7a, o que o torna uma escolha vers\u00e1til para encomendas a granel e uma vasta demografia de clientes.<\/p>\n<h3 data-section-id=\"3asju8\" data-start=\"1396\" data-end=\"1423\"><span role=\"text\"><strong data-start=\"1400\" data-end=\"1421\">Viseira<\/strong><\/span><\/h3>\n<p data-start=\"1424\" data-end=\"1666\">O design de bico plano proporciona uma est\u00e9tica moderna e urbana que \u00e9 popular na moda hip hop e streetwear. Mant\u00e9m a sua forma ao longo do tempo e proporciona uma prote\u00e7\u00e3o solar eficaz, tornando-o simultaneamente elegante e funcional para a utiliza\u00e7\u00e3o di\u00e1ria no exterior.<\/p>\n<h3 data-section-id=\"3nymbz\" data-start=\"1673\" data-end=\"1702\"><span role=\"text\"><strong data-start=\"1677\" data-end=\"1700\">Servi\u00e7o<\/strong><\/span><\/h3>\n<p data-start=\"1703\" data-end=\"1965\">Prestamos servi\u00e7os abrangentes de OEM e ODM, apoiando log\u00f3tipos, materiais, cores e embalagens personalizados. Quer tenha um design pronto ou necessite de assist\u00eancia no desenvolvimento, a nossa equipa assegura uma comunica\u00e7\u00e3o eficiente e uma produ\u00e7\u00e3o de alta qualidade adaptada \u00e0 sua marca.<\/p>\n<h3 data-section-id=\"1mx9aa5\" data-start=\"1972\" data-end=\"1997\"><span role=\"text\"><strong data-start=\"1976\" data-end=\"1995\">Tempo de resposta<\/strong><\/span><\/h3>\n<p data-start=\"1998\" data-end=\"2249\" data-is-last-node=\"\" data-is-only-node=\"\">O nosso processo de produ\u00e7\u00e3o eficiente garante uma entrega r\u00e1pida, com amostras conclu\u00eddas no prazo de 7-9 dias \u00fateis e a produ\u00e7\u00e3o em massa conclu\u00edda em 18-22 dias \u00fateis. Este calend\u00e1rio fi\u00e1vel ajuda as marcas a cumprir prazos apertados e a responder rapidamente \u00e0s exig\u00eancias do mercado.<\/p>","protected":false},"excerpt":{"rendered":"<p>Sumkcaps 23941 Custom Embroidered Hip Hop Two Tone Five Panel Snapback Cap \u00e9 um dos estilos populares de bon\u00e9, leve e respir\u00e1vel. Os nossos Snapbacks v\u00eam numa variedade de estilos e cores de todas as marcas de topo.<\/p>","protected":false},"featured_media":15939,"template":"","meta":{"_acf_changed":false,"_kad_blocks_custom_css":"","_kad_blocks_head_custom_js":"","_kad_blocks_body_custom_js":"","_kad_blocks_footer_custom_js":""},"product_brand":[],"product_cat":[42],"product_tag":[],"class_list":{"0":"post-15938","1":"product","2":"type-product","3":"status-publish","4":"has-post-thumbnail","6":"product_cat-snapback-cap","8":"first","9":"outofstock","10":"shipping-taxable","11":"product-type-simple"},"acf":[],"yoast_head":"<!-- This site is optimized with the Yoast SEO Premium plugin v20.8 (Yoast SEO v25.9) - https:\/\/yoast.com\/wordpress\/plugins\/seo\/ -->\n<title>Custom Embroidery Two Tone Snapback Cap | China Manufactuer<\/title>\n<meta name=\"description\" content=\"More Than 10 Years Of Experience In The Headwear Industry. Cap Manufacturers. Add Your Logo or Custom Design Online. Expert Service. Bulk Discount.\" \/>\n<meta name=\"robots\" content=\"index, follow, max-snippet:-1, max-image-preview:large, max-video-preview:-1\" \/>\n<link rel=\"canonical\" href=\"https:\/\/sumkcaps.com\/pt\/produto\/sufox-23941-bone-snapback-personalizado-com-cinco-paineis-bordados-hip-hop-em-dois-tons\/\" \/>\n<meta property=\"og:locale\" content=\"pt_PT\" \/>\n<meta property=\"og:type\" content=\"article\" \/>\n<meta property=\"og:title\" content=\"Sumkcaps 23941 Custom Five Panel Embroidered Hip Hop Two Tone Snapback Cap - Sumkcaps\" \/>\n<meta property=\"og:description\" content=\"More Than 10 Years Of Experience In The Headwear Industry. Cap Manufacturers. Add Your Logo or Custom Design Online. Expert Service. Bulk Discount.\" \/>\n<meta property=\"og:url\" content=\"https:\/\/sumkcaps.com\/pt\/produto\/sufox-23941-bone-snapback-personalizado-com-cinco-paineis-bordados-hip-hop-em-dois-tons\/\" \/>\n<meta property=\"og:site_name\" content=\"Sumkcaps-China Original Headwear Manufacturer and Suppliers\" \/>\n<meta property=\"article:publisher\" content=\"https:\/\/www.facebook.com\/sumkcap\" \/>\n<meta property=\"article:modified_time\" content=\"2026-04-03T01:51:24+00:00\" \/>\n<meta property=\"og:image\" content=\"https:\/\/sumkcaps.com\/wp-content\/uploads\/2022\/09\/hip_hop_5_panel_snapback_cap-1.jpg\" \/>\n\t<meta property=\"og:image:width\" content=\"800\" \/>\n\t<meta property=\"og:image:height\" content=\"800\" \/>\n\t<meta property=\"og:image:type\" content=\"image\/jpeg\" \/>\n<meta name=\"twitter:card\" content=\"summary_large_image\" \/>\n<meta name=\"twitter:label1\" content=\"Tempo estimado de leitura\" \/>\n\t<meta name=\"twitter:data1\" content=\"2 minutos\" \/>\n<script type=\"application\/ld+json\" class=\"yoast-schema-graph\">{\"@context\":\"https:\/\/schema.org\",\"@graph\":[{\"@type\":\"WebPage\",\"@id\":\"https:\/\/sumkcaps.com\/product\/sufox-23941-custom-five-panel-embroidered-hip-hop-two-tone-snapback-cap\/\",\"url\":\"https:\/\/sumkcaps.com\/product\/sufox-23941-custom-five-panel-embroidered-hip-hop-two-tone-snapback-cap\/\",\"name\":\"Custom Embroidery Two Tone Snapback Cap | China Manufactuer\",\"isPartOf\":{\"@id\":\"https:\/\/sumkcaps.com\/#website\"},\"primaryImageOfPage\":{\"@id\":\"https:\/\/sumkcaps.com\/product\/sufox-23941-custom-five-panel-embroidered-hip-hop-two-tone-snapback-cap\/#primaryimage\"},\"image\":{\"@id\":\"https:\/\/sumkcaps.com\/product\/sufox-23941-custom-five-panel-embroidered-hip-hop-two-tone-snapback-cap\/#primaryimage\"},\"thumbnailUrl\":\"https:\/\/sumkcaps.com\/wp-content\/uploads\/2022\/09\/hip_hop_5_panel_snapback_cap-1.jpg\",\"datePublished\":\"2022-09-29T05:48:57+00:00\",\"dateModified\":\"2026-04-03T01:51:24+00:00\",\"description\":\"More Than 10 Years Of Experience In The Headwear Industry. Cap Manufacturers. Add Your Logo or Custom Design Online. Expert Service. Bulk Discount.\",\"breadcrumb\":{\"@id\":\"https:\/\/sumkcaps.com\/product\/sufox-23941-custom-five-panel-embroidered-hip-hop-two-tone-snapback-cap\/#breadcrumb\"},\"inLanguage\":\"pt-PT\",\"potentialAction\":[{\"@type\":\"ReadAction\",\"target\":[\"https:\/\/sumkcaps.com\/product\/sufox-23941-custom-five-panel-embroidered-hip-hop-two-tone-snapback-cap\/\"]}]},{\"@type\":\"ImageObject\",\"inLanguage\":\"pt-PT\",\"@id\":\"https:\/\/sumkcaps.com\/product\/sufox-23941-custom-five-panel-embroidered-hip-hop-two-tone-snapback-cap\/#primaryimage\",\"url\":\"https:\/\/sumkcaps.com\/wp-content\/uploads\/2022\/09\/hip_hop_5_panel_snapback_cap-1.jpg\",\"contentUrl\":\"https:\/\/sumkcaps.com\/wp-content\/uploads\/2022\/09\/hip_hop_5_panel_snapback_cap-1.jpg\",\"width\":800,\"height\":800},{\"@type\":\"BreadcrumbList\",\"@id\":\"https:\/\/sumkcaps.com\/product\/sufox-23941-custom-five-panel-embroidered-hip-hop-two-tone-snapback-cap\/#breadcrumb\",\"itemListElement\":[{\"@type\":\"ListItem\",\"position\":1,\"name\":\"Home\",\"item\":\"https:\/\/sumkcaps.com\/\"},{\"@type\":\"ListItem\",\"position\":2,\"name\":\"Products\",\"item\":\"https:\/\/sumkcaps.com\/product\/\"},{\"@type\":\"ListItem\",\"position\":3,\"name\":\"Sumkcaps 23941 Custom Five Panel Embroidered Hip Hop Two Tone Snapback Cap\"}]},{\"@type\":\"WebSite\",\"@id\":\"https:\/\/sumkcaps.com\/#website\",\"url\":\"https:\/\/sumkcaps.com\/\",\"name\":\"Sumkcaps-China Original Headwear Manufacturer and Suppliers\",\"description\":\"We are China Cap And Hat Original Factory, whose main business is to custom cap and hat as client&#039;s LOGO. Any cap style, any cap color, any qty, any material and qty is no problem. In one words, any small details can be customized as your request.\",\"publisher\":{\"@id\":\"https:\/\/sumkcaps.com\/#organization\"},\"potentialAction\":[{\"@type\":\"SearchAction\",\"target\":{\"@type\":\"EntryPoint\",\"urlTemplate\":\"https:\/\/sumkcaps.com\/?s={search_term_string}\"},\"query-input\":{\"@type\":\"PropertyValueSpecification\",\"valueRequired\":true,\"valueName\":\"search_term_string\"}}],\"inLanguage\":\"pt-PT\"},{\"@type\":\"Organization\",\"@id\":\"https:\/\/sumkcaps.com\/#organization\",\"name\":\"Sumkcaps-China Original Headwear Manufacturer and Suppliers\",\"url\":\"https:\/\/sumkcaps.com\/\",\"logo\":{\"@type\":\"ImageObject\",\"inLanguage\":\"pt-PT\",\"@id\":\"https:\/\/sumkcaps.com\/#\/schema\/logo\/image\/\",\"url\":\"https:\/\/sumkcaps.com\/wp-content\/uploads\/2025\/12\/1234.jpg\",\"contentUrl\":\"https:\/\/sumkcaps.com\/wp-content\/uploads\/2025\/12\/1234.jpg\",\"width\":800,\"height\":800,\"caption\":\"Sumkcaps-China Original Headwear Manufacturer and Suppliers\"},\"image\":{\"@id\":\"https:\/\/sumkcaps.com\/#\/schema\/logo\/image\/\"},\"sameAs\":[\"https:\/\/www.facebook.com\/sumkcap\",\"https:\/\/www.instagram.com\/sumkcaps7\/\",\"https:\/\/www.pinterest.com\/sumkcapschina\/\"]}]}<\/script>\n<!-- \/ Yoast SEO Premium plugin. -->","yoast_head_json":{"title":"Bon\u00e9 Snapback Personalizado com Bordado em Dois Tons | Fabricante da China","description":"Mais de 10 anos de experi\u00eancia na ind\u00fastria de chap\u00e9us. Fabricantes de bon\u00e9s. Adicione o seu log\u00f3tipo ou desenho personalizado online. Servi\u00e7o especializado. Desconto por volume.","robots":{"index":"index","follow":"follow","max-snippet":"max-snippet:-1","max-image-preview":"max-image-preview:large","max-video-preview":"max-video-preview:-1"},"canonical":"https:\/\/sumkcaps.com\/pt\/produto\/sufox-23941-bone-snapback-personalizado-com-cinco-paineis-bordados-hip-hop-em-dois-tons\/","og_locale":"pt_PT","og_type":"article","og_title":"Sumkcaps 23941 Custom Five Panel Embroidered Hip Hop Two Tone Snapback Cap - Sumkcaps","og_description":"More Than 10 Years Of Experience In The Headwear Industry. Cap Manufacturers. Add Your Logo or Custom Design Online. Expert Service. Bulk Discount.","og_url":"https:\/\/sumkcaps.com\/pt\/produto\/sufox-23941-bone-snapback-personalizado-com-cinco-paineis-bordados-hip-hop-em-dois-tons\/","og_site_name":"Sumkcaps-China Original Headwear Manufacturer and Suppliers","article_publisher":"https:\/\/www.facebook.com\/sumkcap","article_modified_time":"2026-04-03T01:51:24+00:00","og_image":[{"width":800,"height":800,"url":"https:\/\/sumkcaps.com\/wp-content\/uploads\/2022\/09\/hip_hop_5_panel_snapback_cap-1.jpg","type":"image\/jpeg"}],"twitter_card":"summary_large_image","twitter_misc":{"Tempo estimado de leitura":"2 minutos"},"schema":{"@context":"https:\/\/schema.org","@graph":[{"@type":"WebPage","@id":"https:\/\/sumkcaps.com\/product\/sufox-23941-custom-five-panel-embroidered-hip-hop-two-tone-snapback-cap\/","url":"https:\/\/sumkcaps.com\/product\/sufox-23941-custom-five-panel-embroidered-hip-hop-two-tone-snapback-cap\/","name":"Bon\u00e9 Snapback Personalizado com Bordado em Dois Tons | Fabricante da China","isPartOf":{"@id":"https:\/\/sumkcaps.com\/#website"},"primaryImageOfPage":{"@id":"https:\/\/sumkcaps.com\/product\/sufox-23941-custom-five-panel-embroidered-hip-hop-two-tone-snapback-cap\/#primaryimage"},"image":{"@id":"https:\/\/sumkcaps.com\/product\/sufox-23941-custom-five-panel-embroidered-hip-hop-two-tone-snapback-cap\/#primaryimage"},"thumbnailUrl":"https:\/\/sumkcaps.com\/wp-content\/uploads\/2022\/09\/hip_hop_5_panel_snapback_cap-1.jpg","datePublished":"2022-09-29T05:48:57+00:00","dateModified":"2026-04-03T01:51:24+00:00","description":"Mais de 10 anos de experi\u00eancia na ind\u00fastria de chap\u00e9us. Fabricantes de bon\u00e9s. Adicione o seu log\u00f3tipo ou desenho personalizado online. Servi\u00e7o especializado. Desconto por volume.","breadcrumb":{"@id":"https:\/\/sumkcaps.com\/product\/sufox-23941-custom-five-panel-embroidered-hip-hop-two-tone-snapback-cap\/#breadcrumb"},"inLanguage":"pt-PT","potentialAction":[{"@type":"ReadAction","target":["https:\/\/sumkcaps.com\/product\/sufox-23941-custom-five-panel-embroidered-hip-hop-two-tone-snapback-cap\/"]}]},{"@type":"ImageObject","inLanguage":"pt-PT","@id":"https:\/\/sumkcaps.com\/product\/sufox-23941-custom-five-panel-embroidered-hip-hop-two-tone-snapback-cap\/#primaryimage","url":"https:\/\/sumkcaps.com\/wp-content\/uploads\/2022\/09\/hip_hop_5_panel_snapback_cap-1.jpg","contentUrl":"https:\/\/sumkcaps.com\/wp-content\/uploads\/2022\/09\/hip_hop_5_panel_snapback_cap-1.jpg","width":800,"height":800},{"@type":"BreadcrumbList","@id":"https:\/\/sumkcaps.com\/product\/sufox-23941-custom-five-panel-embroidered-hip-hop-two-tone-snapback-cap\/#breadcrumb","itemListElement":[{"@type":"ListItem","position":1,"name":"Home","item":"https:\/\/sumkcaps.com\/"},{"@type":"ListItem","position":2,"name":"Products","item":"https:\/\/sumkcaps.com\/product\/"},{"@type":"ListItem","position":3,"name":"Sumkcaps 23941 Custom Five Panel Embroidered Hip Hop Two Tone Snapback Cap"}]},{"@type":"WebSite","@id":"https:\/\/sumkcaps.com\/#website","url":"https:\/\/sumkcaps.com\/","name":"Sumkcaps-China Original Headwear Fabricante e fornecedores","description":"Somos a F\u00e1brica Original de Bon\u00e9s e Chap\u00e9us da China, cujo principal neg\u00f3cio \u00e9 personalizar bon\u00e9s e chap\u00e9us de acordo com o LOGOTIPO do cliente. Qualquer estilo de bon\u00e9, qualquer cor de bon\u00e9, qualquer quantidade, qualquer material e quantidade n\u00e3o \u00e9 problema. Por outras palavras, todos os pequenos detalhes podem ser personalizados a seu pedido.","publisher":{"@id":"https:\/\/sumkcaps.com\/#organization"},"potentialAction":[{"@type":"SearchAction","target":{"@type":"EntryPoint","urlTemplate":"https:\/\/sumkcaps.com\/?s={search_term_string}"},"query-input":{"@type":"PropertyValueSpecification","valueRequired":true,"valueName":"search_term_string"}}],"inLanguage":"pt-PT"},{"@type":"Organization","@id":"https:\/\/sumkcaps.com\/#organization","name":"Sumkcaps-China Original Headwear Fabricante e fornecedores","url":"https:\/\/sumkcaps.com\/","logo":{"@type":"ImageObject","inLanguage":"pt-PT","@id":"https:\/\/sumkcaps.com\/#\/schema\/logo\/image\/","url":"https:\/\/sumkcaps.com\/wp-content\/uploads\/2025\/12\/1234.jpg","contentUrl":"https:\/\/sumkcaps.com\/wp-content\/uploads\/2025\/12\/1234.jpg","width":800,"height":800,"caption":"Sumkcaps-China Original Headwear Manufacturer and Suppliers"},"image":{"@id":"https:\/\/sumkcaps.com\/#\/schema\/logo\/image\/"},"sameAs":["https:\/\/www.facebook.com\/sumkcap","https:\/\/www.instagram.com\/sumkcaps7\/","https:\/\/www.pinterest.com\/sumkcapschina\/"]}]}},"taxonomy_info":{"product_cat":[{"value":42,"label":"Snapback Hats Wholesale"}]},"featured_image_src_large":["https:\/\/sumkcaps.com\/wp-content\/uploads\/2022\/09\/hip_hop_5_panel_snapback_cap-1.jpg",800,800,false],"author_info":[],"comment_info":"","_links":{"self":[{"href":"https:\/\/sumkcaps.com\/pt\/wp-json\/wp\/v2\/product\/15938","targetHints":{"allow":["GET"]}}],"collection":[{"href":"https:\/\/sumkcaps.com\/pt\/wp-json\/wp\/v2\/product"}],"about":[{"href":"https:\/\/sumkcaps.com\/pt\/wp-json\/wp\/v2\/types\/product"}],"wp:featuredmedia":[{"embeddable":true,"href":"https:\/\/sumkcaps.com\/pt\/wp-json\/wp\/v2\/media\/15939"}],"wp:attachment":[{"href":"https:\/\/sumkcaps.com\/pt\/wp-json\/wp\/v2\/media?parent=15938"}],"wp:term":[{"taxonomy":"product_brand","embeddable":true,"href":"https:\/\/sumkcaps.com\/pt\/wp-json\/wp\/v2\/product_brand?post=15938"},{"taxonomy":"product_cat","embeddable":true,"href":"https:\/\/sumkcaps.com\/pt\/wp-json\/wp\/v2\/product_cat?post=15938"},{"taxonomy":"product_tag","embeddable":true,"href":"https:\/\/sumkcaps.com\/pt\/wp-json\/wp\/v2\/product_tag?post=15938"}],"curies":[{"name":"wp","href":"https:\/\/api.w.org\/{rel}","templated":true}]}}