{"id":15921,"date":"2022-09-29T13:25:54","date_gmt":"2022-09-29T05:25:54","guid":{"rendered":"https:\/\/sumkcaps.com\/?post_type=product&#038;p=15921"},"modified":"2026-01-12T10:07:57","modified_gmt":"2026-01-12T02:07:57","slug":"sufox-23938-custom-two-side-reversible-bucket-hats","status":"publish","type":"product","link":"https:\/\/sumkcaps.com\/pt\/produto\/sufox-23938-chapeus-de-balde-reversiveis-personalizados-de-dois-lados\/","title":{"rendered":"Chap\u00e9us de balde revers\u00edveis de dois lados personalizados Sumkcaps 23938"},"content":{"rendered":"<h3 data-start=\"86\" data-end=\"123\">Decora\u00e7\u00e3o<\/h3>\n<p data-start=\"124\" data-end=\"564\">Concebido com uma estrutura totalmente revers\u00edvel, este chap\u00e9u de balde oferece dois visuais distintos num s\u00f3 produto. Cada lado pode apresentar cores, padr\u00f5es ou elementos de marca diferentes, permitindo a m\u00e1xima liberdade criativa para designs personalizados. Ideal para marcas que procuram versatilidade, a decora\u00e7\u00e3o revers\u00edvel aumenta a facilidade de utiliza\u00e7\u00e3o e duplica as op\u00e7\u00f5es de estilo, tornando-o perfeito para utiliza\u00e7\u00e3o promocional, colec\u00e7\u00f5es de retalho ou linhas de streetwear modernas.<\/p>\n<h3 data-start=\"571\" data-end=\"604\">Material<\/h3>\n<p data-start=\"605\" data-end=\"1023\">Fabricado a partir de uma mistura dur\u00e1vel de poli\u00e9ster e algod\u00e3o, este chap\u00e9u de balde equilibra conforto, respirabilidade e desempenho duradouro. A componente de algod\u00e3o proporciona um toque suave e agrad\u00e1vel \u00e0 pele, enquanto o poli\u00e9ster acrescenta for\u00e7a, reten\u00e7\u00e3o da forma e resist\u00eancia \u00e0s rugas. Esta combina\u00e7\u00e3o de materiais garante que o chap\u00e9u tem um bom desempenho no uso di\u00e1rio, nas actividades ao ar livre e na utiliza\u00e7\u00e3o frequente, mantendo o seu aspeto e conforto ao longo do tempo.<\/p>\n<h3 data-start=\"1030\" data-end=\"1054\">Forma<\/h3>\n<p data-start=\"1055\" data-end=\"1444\">Com uma silhueta cl\u00e1ssica de chap\u00e9u de balde, este design oferece uma forma descontra\u00edda e intemporal adequada para todas as esta\u00e7\u00f5es. A aba uniformemente inclinada proporciona um estilo casual e uma cobertura funcional, enquanto a coroa estruturada garante um ajuste consistente. A sua forma universalmente popular faz com que seja uma escolha forte para marcas de streetwear, marcas de estilo de vida e merchandise promocional que procuram um amplo apelo no mercado.<\/p>\n<h3 data-start=\"1451\" data-end=\"1471\">Cor<\/h3>\n<p data-start=\"1472\" data-end=\"1865\">Este chap\u00e9u de balde suporta a personaliza\u00e7\u00e3o a cores em ambos os lados, permitindo que as marcas combinem tons Pantone espec\u00edficos, paletas sazonais ou cores de assinatura da marca. Quer prefira contrastes ousados, tons subtis ou estampados criativos, as op\u00e7\u00f5es de cores personalizadas ajudam a dar vida a conceitos de design \u00fanicos. Esta flexibilidade torna o chap\u00e9u adequado para colec\u00e7\u00f5es de moda, eventos e campanhas de marca.<\/p>\n<h3 data-start=\"1872\" data-end=\"1894\">Viseira<\/h3>\n<p data-start=\"1895\" data-end=\"2264\">Concebido sem uma viseira tradicional, este chap\u00e9u de balde mant\u00e9m um perfil limpo e minimalista, ao mesmo tempo que oferece cobertura total da aba. A estrutura sem viseira aumenta o conforto e a flexibilidade, tornando-o f\u00e1cil de embalar, dobrar e usar em v\u00e1rios ambientes. Esta escolha de design enfatiza o estilo casual e a praticidade, ideal para viagens, lazer ao ar livre e roupa de rua do dia a dia.<\/p>\n<h3 data-start=\"2271\" data-end=\"2306\">Ajuste e tamanho<\/h3>\n<p data-start=\"2307\" data-end=\"2654\">Com um design de tamanho \u00fanico, este chap\u00e9u de balde adapta-se confortavelmente a tamanhos de cabe\u00e7a que variam entre 7 e 7 3\/4. A constru\u00e7\u00e3o equilibrada garante um ajuste seguro mas descontra\u00eddo para a maioria dos utilizadores, tornando-o adequado para utiliza\u00e7\u00e3o unissexo. Este tamanho normalizado simplifica as encomendas a granel e torna-o uma excelente op\u00e7\u00e3o para distribui\u00e7\u00e3o por grosso, promo\u00e7\u00f5es e retalho.<\/p>\n<h3 data-start=\"2661\" data-end=\"2682\">Tempo de resposta<\/h3>\n<p data-start=\"2683\" data-end=\"3071\" data-is-last-node=\"\" data-is-only-node=\"\">Os prazos de produ\u00e7\u00e3o eficientes tornam este chap\u00e9u de balde revers\u00edvel ideal para lan\u00e7amentos planeados e encomendas em massa. A produ\u00e7\u00e3o de amostras demora normalmente 7-9 dias \u00fateis, permitindo uma r\u00e1pida verifica\u00e7\u00e3o do design. Uma vez aprovado, a produ\u00e7\u00e3o em massa \u00e9 conclu\u00edda em 18-22 dias \u00fateis. Este prazo de entrega fi\u00e1vel ajuda as marcas a gerir eficazmente os calend\u00e1rios, mantendo uma qualidade e um acabamento consistentes.<\/p>","protected":false},"excerpt":{"rendered":"<p>O Sumkcaps 23938 Custom Two Side Reversible Bucket Hat apresenta um design revers\u00edvel vers\u00e1til que oferece dois estilos num s\u00f3. Fabricado a partir de uma mistura dur\u00e1vel de poli\u00e9ster\/algod\u00e3o, proporciona conforto, respirabilidade e uma utiliza\u00e7\u00e3o duradoura. Com cores totalmente personaliz\u00e1veis em ambos os lados e uma forma cl\u00e1ssica de chap\u00e9u de balde, este chap\u00e9u OSFM \u00e9 ideal para marcas, promo\u00e7\u00f5es e colec\u00e7\u00f5es de moda.<\/p>","protected":false},"featured_media":15922,"template":"","meta":{"_acf_changed":false,"_kad_blocks_custom_css":"","_kad_blocks_head_custom_js":"","_kad_blocks_body_custom_js":"","_kad_blocks_footer_custom_js":""},"product_brand":[],"product_cat":[55],"product_tag":[],"class_list":{"0":"post-15921","1":"product","2":"type-product","3":"status-publish","4":"has-post-thumbnail","6":"product_cat-bucket-hat-manufacturers","8":"first","9":"outofstock","10":"shipping-taxable","11":"product-type-simple"},"acf":[],"yoast_head":"<!-- This site is optimized with the Yoast SEO Premium plugin v20.8 (Yoast SEO v25.9) - https:\/\/yoast.com\/wordpress\/plugins\/seo\/ -->\n<title>Custom Two Side Reversible Bucket Hats | China Manufactuer<\/title>\n<meta name=\"description\" content=\"Custom Cap, Logo Cap, Brand Caps, Custom Made Snapback Caps, Custom Snapback Baseball Hats. Premium Cap Manufacturer since 2006. Order Today!\" \/>\n<meta name=\"robots\" content=\"index, follow, max-snippet:-1, max-image-preview:large, max-video-preview:-1\" \/>\n<link rel=\"canonical\" href=\"https:\/\/sumkcaps.com\/pt\/produto\/sufox-23938-chapeus-de-balde-reversiveis-personalizados-de-dois-lados\/\" \/>\n<meta property=\"og:locale\" content=\"pt_PT\" \/>\n<meta property=\"og:type\" content=\"article\" \/>\n<meta property=\"og:title\" content=\"Sumkcaps 23938 Custom Two Side Reversible Bucket Hats - Sumkcaps\" \/>\n<meta property=\"og:description\" content=\"Custom Cap, Logo Cap, Brand Caps, Custom Made Snapback Caps, Custom Snapback Baseball Hats. Premium Cap Manufacturer since 2006. Order Today!\" \/>\n<meta property=\"og:url\" content=\"https:\/\/sumkcaps.com\/pt\/produto\/sufox-23938-chapeus-de-balde-reversiveis-personalizados-de-dois-lados\/\" \/>\n<meta property=\"og:site_name\" content=\"Sumkcaps-China Original Headwear Manufacturer and Suppliers\" \/>\n<meta property=\"article:publisher\" content=\"https:\/\/www.facebook.com\/sumkcap\" \/>\n<meta property=\"article:modified_time\" content=\"2026-01-12T02:07:57+00:00\" \/>\n<meta property=\"og:image\" content=\"https:\/\/sumkcaps.com\/wp-content\/uploads\/2022\/09\/custom_reversible_bucket_hat-1.jpg\" \/>\n\t<meta property=\"og:image:width\" content=\"800\" \/>\n\t<meta property=\"og:image:height\" content=\"800\" \/>\n\t<meta property=\"og:image:type\" content=\"image\/jpeg\" \/>\n<meta name=\"twitter:card\" content=\"summary_large_image\" \/>\n<meta name=\"twitter:label1\" content=\"Tempo estimado de leitura\" \/>\n\t<meta name=\"twitter:data1\" content=\"2 minutos\" \/>\n<script type=\"application\/ld+json\" class=\"yoast-schema-graph\">{\"@context\":\"https:\/\/schema.org\",\"@graph\":[{\"@type\":\"WebPage\",\"@id\":\"https:\/\/sumkcaps.com\/product\/sufox-23938-custom-two-side-reversible-bucket-hats\/\",\"url\":\"https:\/\/sumkcaps.com\/product\/sufox-23938-custom-two-side-reversible-bucket-hats\/\",\"name\":\"Custom Two Side Reversible Bucket Hats | China Manufactuer\",\"isPartOf\":{\"@id\":\"https:\/\/sumkcaps.com\/#website\"},\"primaryImageOfPage\":{\"@id\":\"https:\/\/sumkcaps.com\/product\/sufox-23938-custom-two-side-reversible-bucket-hats\/#primaryimage\"},\"image\":{\"@id\":\"https:\/\/sumkcaps.com\/product\/sufox-23938-custom-two-side-reversible-bucket-hats\/#primaryimage\"},\"thumbnailUrl\":\"https:\/\/sumkcaps.com\/wp-content\/uploads\/2022\/09\/custom_reversible_bucket_hat-1.jpg\",\"datePublished\":\"2022-09-29T05:25:54+00:00\",\"dateModified\":\"2026-01-12T02:07:57+00:00\",\"description\":\"Custom Cap, Logo Cap, Brand Caps, Custom Made Snapback Caps, Custom Snapback Baseball Hats. Premium Cap Manufacturer since 2006. Order Today!\",\"breadcrumb\":{\"@id\":\"https:\/\/sumkcaps.com\/product\/sufox-23938-custom-two-side-reversible-bucket-hats\/#breadcrumb\"},\"inLanguage\":\"pt-PT\",\"potentialAction\":[{\"@type\":\"ReadAction\",\"target\":[\"https:\/\/sumkcaps.com\/product\/sufox-23938-custom-two-side-reversible-bucket-hats\/\"]}]},{\"@type\":\"ImageObject\",\"inLanguage\":\"pt-PT\",\"@id\":\"https:\/\/sumkcaps.com\/product\/sufox-23938-custom-two-side-reversible-bucket-hats\/#primaryimage\",\"url\":\"https:\/\/sumkcaps.com\/wp-content\/uploads\/2022\/09\/custom_reversible_bucket_hat-1.jpg\",\"contentUrl\":\"https:\/\/sumkcaps.com\/wp-content\/uploads\/2022\/09\/custom_reversible_bucket_hat-1.jpg\",\"width\":800,\"height\":800},{\"@type\":\"BreadcrumbList\",\"@id\":\"https:\/\/sumkcaps.com\/product\/sufox-23938-custom-two-side-reversible-bucket-hats\/#breadcrumb\",\"itemListElement\":[{\"@type\":\"ListItem\",\"position\":1,\"name\":\"Home\",\"item\":\"https:\/\/sumkcaps.com\/\"},{\"@type\":\"ListItem\",\"position\":2,\"name\":\"Products\",\"item\":\"https:\/\/sumkcaps.com\/product\/\"},{\"@type\":\"ListItem\",\"position\":3,\"name\":\"Sumkcaps 23938 Custom Two Side Reversible Bucket Hats\"}]},{\"@type\":\"WebSite\",\"@id\":\"https:\/\/sumkcaps.com\/#website\",\"url\":\"https:\/\/sumkcaps.com\/\",\"name\":\"Sumkcaps-China Original Headwear Manufacturer and Suppliers\",\"description\":\"We are China Cap And Hat Original Factory, whose main business is to custom cap and hat as client&#039;s LOGO. Any cap style, any cap color, any qty, any material and qty is no problem. In one words, any small details can be customized as your request.\",\"publisher\":{\"@id\":\"https:\/\/sumkcaps.com\/#organization\"},\"potentialAction\":[{\"@type\":\"SearchAction\",\"target\":{\"@type\":\"EntryPoint\",\"urlTemplate\":\"https:\/\/sumkcaps.com\/?s={search_term_string}\"},\"query-input\":{\"@type\":\"PropertyValueSpecification\",\"valueRequired\":true,\"valueName\":\"search_term_string\"}}],\"inLanguage\":\"pt-PT\"},{\"@type\":\"Organization\",\"@id\":\"https:\/\/sumkcaps.com\/#organization\",\"name\":\"Sumkcaps-China Original Headwear Manufacturer and Suppliers\",\"url\":\"https:\/\/sumkcaps.com\/\",\"logo\":{\"@type\":\"ImageObject\",\"inLanguage\":\"pt-PT\",\"@id\":\"https:\/\/sumkcaps.com\/#\/schema\/logo\/image\/\",\"url\":\"https:\/\/sumkcaps.com\/wp-content\/uploads\/2025\/12\/1234.jpg\",\"contentUrl\":\"https:\/\/sumkcaps.com\/wp-content\/uploads\/2025\/12\/1234.jpg\",\"width\":800,\"height\":800,\"caption\":\"Sumkcaps-China Original Headwear Manufacturer and Suppliers\"},\"image\":{\"@id\":\"https:\/\/sumkcaps.com\/#\/schema\/logo\/image\/\"},\"sameAs\":[\"https:\/\/www.facebook.com\/sumkcap\",\"https:\/\/www.instagram.com\/sumkcaps7\/\",\"https:\/\/www.pinterest.com\/sumkcapschina\/\"]}]}<\/script>\n<!-- \/ Yoast SEO Premium plugin. -->","yoast_head_json":{"title":"Chap\u00e9us de balde revers\u00edveis de dois lados personalizados | Fabricante da China","description":"Bon\u00e9 personalizado, bon\u00e9 com log\u00f3tipo, bon\u00e9s de marca, bon\u00e9s Snapback personalizados, bon\u00e9s de basebol Snapback personalizados. Fabricante de bon\u00e9s premium desde 2006. Encomende hoje!","robots":{"index":"index","follow":"follow","max-snippet":"max-snippet:-1","max-image-preview":"max-image-preview:large","max-video-preview":"max-video-preview:-1"},"canonical":"https:\/\/sumkcaps.com\/pt\/produto\/sufox-23938-chapeus-de-balde-reversiveis-personalizados-de-dois-lados\/","og_locale":"pt_PT","og_type":"article","og_title":"Sumkcaps 23938 Custom Two Side Reversible Bucket Hats - Sumkcaps","og_description":"Custom Cap, Logo Cap, Brand Caps, Custom Made Snapback Caps, Custom Snapback Baseball Hats. Premium Cap Manufacturer since 2006. Order Today!","og_url":"https:\/\/sumkcaps.com\/pt\/produto\/sufox-23938-chapeus-de-balde-reversiveis-personalizados-de-dois-lados\/","og_site_name":"Sumkcaps-China Original Headwear Manufacturer and Suppliers","article_publisher":"https:\/\/www.facebook.com\/sumkcap","article_modified_time":"2026-01-12T02:07:57+00:00","og_image":[{"width":800,"height":800,"url":"https:\/\/sumkcaps.com\/wp-content\/uploads\/2022\/09\/custom_reversible_bucket_hat-1.jpg","type":"image\/jpeg"}],"twitter_card":"summary_large_image","twitter_misc":{"Tempo estimado de leitura":"2 minutos"},"schema":{"@context":"https:\/\/schema.org","@graph":[{"@type":"WebPage","@id":"https:\/\/sumkcaps.com\/product\/sufox-23938-custom-two-side-reversible-bucket-hats\/","url":"https:\/\/sumkcaps.com\/product\/sufox-23938-custom-two-side-reversible-bucket-hats\/","name":"Chap\u00e9us de balde revers\u00edveis de dois lados personalizados | Fabricante da China","isPartOf":{"@id":"https:\/\/sumkcaps.com\/#website"},"primaryImageOfPage":{"@id":"https:\/\/sumkcaps.com\/product\/sufox-23938-custom-two-side-reversible-bucket-hats\/#primaryimage"},"image":{"@id":"https:\/\/sumkcaps.com\/product\/sufox-23938-custom-two-side-reversible-bucket-hats\/#primaryimage"},"thumbnailUrl":"https:\/\/sumkcaps.com\/wp-content\/uploads\/2022\/09\/custom_reversible_bucket_hat-1.jpg","datePublished":"2022-09-29T05:25:54+00:00","dateModified":"2026-01-12T02:07:57+00:00","description":"Bon\u00e9 personalizado, bon\u00e9 com log\u00f3tipo, bon\u00e9s de marca, bon\u00e9s Snapback personalizados, bon\u00e9s de basebol Snapback personalizados. Fabricante de bon\u00e9s premium desde 2006. Encomende hoje!","breadcrumb":{"@id":"https:\/\/sumkcaps.com\/product\/sufox-23938-custom-two-side-reversible-bucket-hats\/#breadcrumb"},"inLanguage":"pt-PT","potentialAction":[{"@type":"ReadAction","target":["https:\/\/sumkcaps.com\/product\/sufox-23938-custom-two-side-reversible-bucket-hats\/"]}]},{"@type":"ImageObject","inLanguage":"pt-PT","@id":"https:\/\/sumkcaps.com\/product\/sufox-23938-custom-two-side-reversible-bucket-hats\/#primaryimage","url":"https:\/\/sumkcaps.com\/wp-content\/uploads\/2022\/09\/custom_reversible_bucket_hat-1.jpg","contentUrl":"https:\/\/sumkcaps.com\/wp-content\/uploads\/2022\/09\/custom_reversible_bucket_hat-1.jpg","width":800,"height":800},{"@type":"BreadcrumbList","@id":"https:\/\/sumkcaps.com\/product\/sufox-23938-custom-two-side-reversible-bucket-hats\/#breadcrumb","itemListElement":[{"@type":"ListItem","position":1,"name":"Home","item":"https:\/\/sumkcaps.com\/"},{"@type":"ListItem","position":2,"name":"Products","item":"https:\/\/sumkcaps.com\/product\/"},{"@type":"ListItem","position":3,"name":"Sumkcaps 23938 Custom Two Side Reversible Bucket Hats"}]},{"@type":"WebSite","@id":"https:\/\/sumkcaps.com\/#website","url":"https:\/\/sumkcaps.com\/","name":"Sumkcaps-China Original Headwear Fabricante e fornecedores","description":"Somos a F\u00e1brica Original de Bon\u00e9s e Chap\u00e9us da China, cujo principal neg\u00f3cio \u00e9 personalizar bon\u00e9s e chap\u00e9us de acordo com o LOGOTIPO do cliente. Qualquer estilo de bon\u00e9, qualquer cor de bon\u00e9, qualquer quantidade, qualquer material e quantidade n\u00e3o \u00e9 problema. Por outras palavras, todos os pequenos detalhes podem ser personalizados a seu pedido.","publisher":{"@id":"https:\/\/sumkcaps.com\/#organization"},"potentialAction":[{"@type":"SearchAction","target":{"@type":"EntryPoint","urlTemplate":"https:\/\/sumkcaps.com\/?s={search_term_string}"},"query-input":{"@type":"PropertyValueSpecification","valueRequired":true,"valueName":"search_term_string"}}],"inLanguage":"pt-PT"},{"@type":"Organization","@id":"https:\/\/sumkcaps.com\/#organization","name":"Sumkcaps-China Original Headwear Fabricante e fornecedores","url":"https:\/\/sumkcaps.com\/","logo":{"@type":"ImageObject","inLanguage":"pt-PT","@id":"https:\/\/sumkcaps.com\/#\/schema\/logo\/image\/","url":"https:\/\/sumkcaps.com\/wp-content\/uploads\/2025\/12\/1234.jpg","contentUrl":"https:\/\/sumkcaps.com\/wp-content\/uploads\/2025\/12\/1234.jpg","width":800,"height":800,"caption":"Sumkcaps-China Original Headwear Manufacturer and Suppliers"},"image":{"@id":"https:\/\/sumkcaps.com\/#\/schema\/logo\/image\/"},"sameAs":["https:\/\/www.facebook.com\/sumkcap","https:\/\/www.instagram.com\/sumkcaps7\/","https:\/\/www.pinterest.com\/sumkcapschina\/"]}]}},"taxonomy_info":{"product_cat":[{"value":55,"label":"Bucket Hat Wholesale"}]},"featured_image_src_large":["https:\/\/sumkcaps.com\/wp-content\/uploads\/2022\/09\/custom_reversible_bucket_hat-1.jpg",800,800,false],"author_info":[],"comment_info":"","_links":{"self":[{"href":"https:\/\/sumkcaps.com\/pt\/wp-json\/wp\/v2\/product\/15921","targetHints":{"allow":["GET"]}}],"collection":[{"href":"https:\/\/sumkcaps.com\/pt\/wp-json\/wp\/v2\/product"}],"about":[{"href":"https:\/\/sumkcaps.com\/pt\/wp-json\/wp\/v2\/types\/product"}],"wp:featuredmedia":[{"embeddable":true,"href":"https:\/\/sumkcaps.com\/pt\/wp-json\/wp\/v2\/media\/15922"}],"wp:attachment":[{"href":"https:\/\/sumkcaps.com\/pt\/wp-json\/wp\/v2\/media?parent=15921"}],"wp:term":[{"taxonomy":"product_brand","embeddable":true,"href":"https:\/\/sumkcaps.com\/pt\/wp-json\/wp\/v2\/product_brand?post=15921"},{"taxonomy":"product_cat","embeddable":true,"href":"https:\/\/sumkcaps.com\/pt\/wp-json\/wp\/v2\/product_cat?post=15921"},{"taxonomy":"product_tag","embeddable":true,"href":"https:\/\/sumkcaps.com\/pt\/wp-json\/wp\/v2\/product_tag?post=15921"}],"curies":[{"name":"wp","href":"https:\/\/api.w.org\/{rel}","templated":true}]}}