{"id":15851,"date":"2022-09-29T10:35:07","date_gmt":"2022-09-29T02:35:07","guid":{"rendered":"https:\/\/sumkcaps.com\/?post_type=product&#038;p=15851"},"modified":"2026-04-03T09:58:31","modified_gmt":"2026-04-03T01:58:31","slug":"sufox-23930-custom-3d-embroidered-six-panel-snapback-cap","status":"publish","type":"product","link":"https:\/\/sumkcaps.com\/pt\/produto\/sufox-23930-bone-snapback-de-seis-paineis-bordado-em-3d-personalizado\/","title":{"rendered":"Sumkcaps 23930 Bon\u00e9 Snapback de seis pain\u00e9is bordado em 3D personalizado"},"content":{"rendered":"<h3 data-section-id=\"1o0wlg4\" data-start=\"141\" data-end=\"177\"><span role=\"text\"><strong data-start=\"145\" data-end=\"175\">Decora\u00e7\u00e3o<\/strong><\/span><\/h3>\n<p data-start=\"178\" data-end=\"460\">Este bon\u00e9 apresenta um bordado 3D de qualidade superior, proporcionando um log\u00f3tipo em relevo e texturado que aumenta a profundidade e o apelo visual. A t\u00e9cnica garante uma durabilidade duradoura e um visual arrojado e de alta qualidade, tornando-o ideal para marcas, colec\u00e7\u00f5es de streetwear e designs promocionais apelativos.<\/p>\n<h3 data-section-id=\"1p2br5x\" data-start=\"467\" data-end=\"500\"><span role=\"text\"><strong data-start=\"471\" data-end=\"498\">Material<\/strong><\/span><\/h3>\n<p data-start=\"501\" data-end=\"774\">Fabricado em acr\u00edlico 100%, este bon\u00e9 snapback oferece uma excelente durabilidade e reten\u00e7\u00e3o da forma. O material \u00e9 leve, mas robusto, resistente a rugas e de f\u00e1cil manuten\u00e7\u00e3o, garantindo uma estrutura consistente e conforto para uso quotidiano em diferentes ambientes.<\/p>\n<h3 data-section-id=\"slu0w9\" data-start=\"781\" data-end=\"809\"><span role=\"text\"><strong data-start=\"785\" data-end=\"807\">Cor<\/strong><\/span><\/h3>\n<p data-start=\"810\" data-end=\"1079\">A tampa \u00e9 totalmente personaliz\u00e1vel em termos de cor, permitindo-lhe corresponder \u00e0s tonalidades Pantone ou criar combina\u00e7\u00f5es \u00fanicas. Esta flexibilidade ajuda as marcas a expressarem claramente a sua identidade, tornando-a adequada para colec\u00e7\u00f5es sazonais, eventos promocionais ou declara\u00e7\u00f5es de moda distintas.<\/p>\n<h3 data-section-id=\"1ujt2bk\" data-start=\"1086\" data-end=\"1125\"><span role=\"text\"><strong data-start=\"1090\" data-end=\"1123\">Ajuste e tamanho<\/strong><\/span><\/h3>\n<p data-start=\"1126\" data-end=\"1374\">Concebido com um fecho de encaixe ajust\u00e1vel, este bon\u00e9 proporciona um ajuste de tamanho \u00fanico que varia entre 7 e 7 3\/4. Garante um ajuste seguro e confort\u00e1vel para um vasto p\u00fablico, o que o torna uma excelente op\u00e7\u00e3o para encomendas a granel e diversas necessidades dos clientes.<\/p>\n<h3 data-section-id=\"3asju8\" data-start=\"1381\" data-end=\"1408\"><span role=\"text\"><strong data-start=\"1385\" data-end=\"1406\">Viseira<\/strong><\/span><\/h3>\n<p data-start=\"1409\" data-end=\"1639\">A viseira de bico plano confere ao bon\u00e9 um aspeto moderno e estruturado que se alinha com as tend\u00eancias actuais do streetwear. Mant\u00e9m a sua forma ao longo do tempo, ao mesmo tempo que oferece uma prote\u00e7\u00e3o solar pr\u00e1tica, combinando estilo e fun\u00e7\u00e3o para uso di\u00e1rio.<\/p>\n<h3 data-section-id=\"3nymbz\" data-start=\"1646\" data-end=\"1675\"><span role=\"text\"><strong data-start=\"1650\" data-end=\"1673\">Servi\u00e7o<\/strong><\/span><\/h3>\n<p data-start=\"1676\" data-end=\"1918\">Prestamos servi\u00e7os abrangentes de OEM e ODM, apoiando log\u00f3tipos, materiais, cores e embalagens personalizados. Do conceito \u00e0 produ\u00e7\u00e3o, a nossa equipa assegura uma execu\u00e7\u00e3o de alta qualidade e uma comunica\u00e7\u00e3o eficiente para satisfazer os requisitos exactos da sua marca.<\/p>\n<h3 data-section-id=\"1mx9aa5\" data-start=\"1925\" data-end=\"1950\"><span role=\"text\"><strong data-start=\"1929\" data-end=\"1948\">Tempo de resposta<\/strong><\/span><\/h3>\n<p data-start=\"1951\" data-end=\"2191\" data-is-last-node=\"\" data-is-only-node=\"\">O nosso processo de produ\u00e7\u00e3o simplificado garante uma entrega r\u00e1pida e fi\u00e1vel. As amostras s\u00e3o conclu\u00eddas no prazo de 7-9 dias \u00fateis, enquanto a produ\u00e7\u00e3o em massa demora 18-22 dias \u00fateis, ajudando-o a cumprir prazos apertados e a responder rapidamente \u00e0s exig\u00eancias do mercado.<\/p>","protected":false},"excerpt":{"rendered":"<p>Sumkcaps 23930 Custom 3D Embroidered Six Panel Snapback Cap \u00e9 um dos estilos populares de bon\u00e9, leve e respir\u00e1vel. Nossos Snapbacks v\u00eam em uma variedade de estilos e cores de todas as principais marcas.<\/p>","protected":false},"featured_media":15852,"template":"","meta":{"_acf_changed":false,"_kad_blocks_custom_css":"","_kad_blocks_head_custom_js":"","_kad_blocks_body_custom_js":"","_kad_blocks_footer_custom_js":""},"product_brand":[],"product_cat":[42],"product_tag":[],"class_list":{"0":"post-15851","1":"product","2":"type-product","3":"status-publish","4":"has-post-thumbnail","6":"product_cat-snapback-cap","8":"first","9":"outofstock","10":"shipping-taxable","11":"product-type-simple"},"acf":[],"yoast_head":"<!-- This site is optimized with the Yoast SEO Premium plugin v20.8 (Yoast SEO v25.9) - https:\/\/yoast.com\/wordpress\/plugins\/seo\/ -->\n<title>Custom 3D Embroidered Snapback Cap | China Manufactuer<\/title>\n<meta name=\"description\" content=\"We are dedicated to manufacturing Premium Custom Caps, beanies and bucket hats. Patches available. Many custom options. Save Your 75% Budget!\" \/>\n<meta name=\"robots\" content=\"index, follow, max-snippet:-1, max-image-preview:large, max-video-preview:-1\" \/>\n<link rel=\"canonical\" href=\"https:\/\/sumkcaps.com\/pt\/produto\/sufox-23930-bone-snapback-de-seis-paineis-bordado-em-3d-personalizado\/\" \/>\n<meta property=\"og:locale\" content=\"pt_PT\" \/>\n<meta property=\"og:type\" content=\"article\" \/>\n<meta property=\"og:title\" content=\"Sumkcaps 23930 Custom 3D Embroidered Six Panel Snapback Cap - Sumkcaps\" \/>\n<meta property=\"og:description\" content=\"We are dedicated to manufacturing Premium Custom Caps, beanies and bucket hats. Patches available. Many custom options. Save Your 75% Budget!\" \/>\n<meta property=\"og:url\" content=\"https:\/\/sumkcaps.com\/pt\/produto\/sufox-23930-bone-snapback-de-seis-paineis-bordado-em-3d-personalizado\/\" \/>\n<meta property=\"og:site_name\" content=\"Sumkcaps-China Original Headwear Manufacturer and Suppliers\" \/>\n<meta property=\"article:publisher\" content=\"https:\/\/www.facebook.com\/sumkcap\" \/>\n<meta property=\"article:modified_time\" content=\"2026-04-03T01:58:31+00:00\" \/>\n<meta property=\"og:image\" content=\"https:\/\/sumkcaps.com\/wp-content\/uploads\/2022\/09\/custom_logo_6_panel_snapback_cap-1.jpg\" \/>\n\t<meta property=\"og:image:width\" content=\"800\" \/>\n\t<meta property=\"og:image:height\" content=\"800\" \/>\n\t<meta property=\"og:image:type\" content=\"image\/jpeg\" \/>\n<meta name=\"twitter:card\" content=\"summary_large_image\" \/>\n<meta name=\"twitter:label1\" content=\"Tempo estimado de leitura\" \/>\n\t<meta name=\"twitter:data1\" content=\"2 minutos\" \/>\n<script type=\"application\/ld+json\" class=\"yoast-schema-graph\">{\"@context\":\"https:\/\/schema.org\",\"@graph\":[{\"@type\":\"WebPage\",\"@id\":\"https:\/\/sumkcaps.com\/product\/sufox-23930-custom-3d-embroidered-six-panel-snapback-cap\/\",\"url\":\"https:\/\/sumkcaps.com\/product\/sufox-23930-custom-3d-embroidered-six-panel-snapback-cap\/\",\"name\":\"Custom 3D Embroidered Snapback Cap | China Manufactuer\",\"isPartOf\":{\"@id\":\"https:\/\/sumkcaps.com\/#website\"},\"primaryImageOfPage\":{\"@id\":\"https:\/\/sumkcaps.com\/product\/sufox-23930-custom-3d-embroidered-six-panel-snapback-cap\/#primaryimage\"},\"image\":{\"@id\":\"https:\/\/sumkcaps.com\/product\/sufox-23930-custom-3d-embroidered-six-panel-snapback-cap\/#primaryimage\"},\"thumbnailUrl\":\"https:\/\/sumkcaps.com\/wp-content\/uploads\/2022\/09\/custom_logo_6_panel_snapback_cap-1.jpg\",\"datePublished\":\"2022-09-29T02:35:07+00:00\",\"dateModified\":\"2026-04-03T01:58:31+00:00\",\"description\":\"We are dedicated to manufacturing Premium Custom Caps, beanies and bucket hats. Patches available. Many custom options. Save Your 75% Budget!\",\"breadcrumb\":{\"@id\":\"https:\/\/sumkcaps.com\/product\/sufox-23930-custom-3d-embroidered-six-panel-snapback-cap\/#breadcrumb\"},\"inLanguage\":\"pt-PT\",\"potentialAction\":[{\"@type\":\"ReadAction\",\"target\":[\"https:\/\/sumkcaps.com\/product\/sufox-23930-custom-3d-embroidered-six-panel-snapback-cap\/\"]}]},{\"@type\":\"ImageObject\",\"inLanguage\":\"pt-PT\",\"@id\":\"https:\/\/sumkcaps.com\/product\/sufox-23930-custom-3d-embroidered-six-panel-snapback-cap\/#primaryimage\",\"url\":\"https:\/\/sumkcaps.com\/wp-content\/uploads\/2022\/09\/custom_logo_6_panel_snapback_cap-1.jpg\",\"contentUrl\":\"https:\/\/sumkcaps.com\/wp-content\/uploads\/2022\/09\/custom_logo_6_panel_snapback_cap-1.jpg\",\"width\":800,\"height\":800},{\"@type\":\"BreadcrumbList\",\"@id\":\"https:\/\/sumkcaps.com\/product\/sufox-23930-custom-3d-embroidered-six-panel-snapback-cap\/#breadcrumb\",\"itemListElement\":[{\"@type\":\"ListItem\",\"position\":1,\"name\":\"Home\",\"item\":\"https:\/\/sumkcaps.com\/\"},{\"@type\":\"ListItem\",\"position\":2,\"name\":\"Products\",\"item\":\"https:\/\/sumkcaps.com\/product\/\"},{\"@type\":\"ListItem\",\"position\":3,\"name\":\"Sumkcaps 23930 Custom 3D Embroidered Six Panel Snapback Cap\"}]},{\"@type\":\"WebSite\",\"@id\":\"https:\/\/sumkcaps.com\/#website\",\"url\":\"https:\/\/sumkcaps.com\/\",\"name\":\"Sumkcaps-China Original Headwear Manufacturer and Suppliers\",\"description\":\"We are China Cap And Hat Original Factory, whose main business is to custom cap and hat as client&#039;s LOGO. Any cap style, any cap color, any qty, any material and qty is no problem. In one words, any small details can be customized as your request.\",\"publisher\":{\"@id\":\"https:\/\/sumkcaps.com\/#organization\"},\"potentialAction\":[{\"@type\":\"SearchAction\",\"target\":{\"@type\":\"EntryPoint\",\"urlTemplate\":\"https:\/\/sumkcaps.com\/?s={search_term_string}\"},\"query-input\":{\"@type\":\"PropertyValueSpecification\",\"valueRequired\":true,\"valueName\":\"search_term_string\"}}],\"inLanguage\":\"pt-PT\"},{\"@type\":\"Organization\",\"@id\":\"https:\/\/sumkcaps.com\/#organization\",\"name\":\"Sumkcaps-China Original Headwear Manufacturer and Suppliers\",\"url\":\"https:\/\/sumkcaps.com\/\",\"logo\":{\"@type\":\"ImageObject\",\"inLanguage\":\"pt-PT\",\"@id\":\"https:\/\/sumkcaps.com\/#\/schema\/logo\/image\/\",\"url\":\"https:\/\/sumkcaps.com\/wp-content\/uploads\/2025\/12\/1234.jpg\",\"contentUrl\":\"https:\/\/sumkcaps.com\/wp-content\/uploads\/2025\/12\/1234.jpg\",\"width\":800,\"height\":800,\"caption\":\"Sumkcaps-China Original Headwear Manufacturer and Suppliers\"},\"image\":{\"@id\":\"https:\/\/sumkcaps.com\/#\/schema\/logo\/image\/\"},\"sameAs\":[\"https:\/\/www.facebook.com\/sumkcap\",\"https:\/\/www.instagram.com\/sumkcaps7\/\",\"https:\/\/www.pinterest.com\/sumkcapschina\/\"]}]}<\/script>\n<!-- \/ Yoast SEO Premium plugin. -->","yoast_head_json":{"title":"Bon\u00e9 Snapback bordado 3D personalizado | Fabricante da China","description":"Dedicamo-nos ao fabrico de bon\u00e9s, gorros e chap\u00e9us de balde personalizados de qualidade superior. Patches dispon\u00edveis. Muitas op\u00e7\u00f5es personalizadas. Poupe o seu or\u00e7amento 75%!","robots":{"index":"index","follow":"follow","max-snippet":"max-snippet:-1","max-image-preview":"max-image-preview:large","max-video-preview":"max-video-preview:-1"},"canonical":"https:\/\/sumkcaps.com\/pt\/produto\/sufox-23930-bone-snapback-de-seis-paineis-bordado-em-3d-personalizado\/","og_locale":"pt_PT","og_type":"article","og_title":"Sumkcaps 23930 Custom 3D Embroidered Six Panel Snapback Cap - Sumkcaps","og_description":"We are dedicated to manufacturing Premium Custom Caps, beanies and bucket hats. Patches available. Many custom options. Save Your 75% Budget!","og_url":"https:\/\/sumkcaps.com\/pt\/produto\/sufox-23930-bone-snapback-de-seis-paineis-bordado-em-3d-personalizado\/","og_site_name":"Sumkcaps-China Original Headwear Manufacturer and Suppliers","article_publisher":"https:\/\/www.facebook.com\/sumkcap","article_modified_time":"2026-04-03T01:58:31+00:00","og_image":[{"width":800,"height":800,"url":"https:\/\/sumkcaps.com\/wp-content\/uploads\/2022\/09\/custom_logo_6_panel_snapback_cap-1.jpg","type":"image\/jpeg"}],"twitter_card":"summary_large_image","twitter_misc":{"Tempo estimado de leitura":"2 minutos"},"schema":{"@context":"https:\/\/schema.org","@graph":[{"@type":"WebPage","@id":"https:\/\/sumkcaps.com\/product\/sufox-23930-custom-3d-embroidered-six-panel-snapback-cap\/","url":"https:\/\/sumkcaps.com\/product\/sufox-23930-custom-3d-embroidered-six-panel-snapback-cap\/","name":"Bon\u00e9 Snapback bordado 3D personalizado | Fabricante da China","isPartOf":{"@id":"https:\/\/sumkcaps.com\/#website"},"primaryImageOfPage":{"@id":"https:\/\/sumkcaps.com\/product\/sufox-23930-custom-3d-embroidered-six-panel-snapback-cap\/#primaryimage"},"image":{"@id":"https:\/\/sumkcaps.com\/product\/sufox-23930-custom-3d-embroidered-six-panel-snapback-cap\/#primaryimage"},"thumbnailUrl":"https:\/\/sumkcaps.com\/wp-content\/uploads\/2022\/09\/custom_logo_6_panel_snapback_cap-1.jpg","datePublished":"2022-09-29T02:35:07+00:00","dateModified":"2026-04-03T01:58:31+00:00","description":"Dedicamo-nos ao fabrico de bon\u00e9s, gorros e chap\u00e9us de balde personalizados de qualidade superior. Patches dispon\u00edveis. Muitas op\u00e7\u00f5es personalizadas. Poupe o seu or\u00e7amento 75%!","breadcrumb":{"@id":"https:\/\/sumkcaps.com\/product\/sufox-23930-custom-3d-embroidered-six-panel-snapback-cap\/#breadcrumb"},"inLanguage":"pt-PT","potentialAction":[{"@type":"ReadAction","target":["https:\/\/sumkcaps.com\/product\/sufox-23930-custom-3d-embroidered-six-panel-snapback-cap\/"]}]},{"@type":"ImageObject","inLanguage":"pt-PT","@id":"https:\/\/sumkcaps.com\/product\/sufox-23930-custom-3d-embroidered-six-panel-snapback-cap\/#primaryimage","url":"https:\/\/sumkcaps.com\/wp-content\/uploads\/2022\/09\/custom_logo_6_panel_snapback_cap-1.jpg","contentUrl":"https:\/\/sumkcaps.com\/wp-content\/uploads\/2022\/09\/custom_logo_6_panel_snapback_cap-1.jpg","width":800,"height":800},{"@type":"BreadcrumbList","@id":"https:\/\/sumkcaps.com\/product\/sufox-23930-custom-3d-embroidered-six-panel-snapback-cap\/#breadcrumb","itemListElement":[{"@type":"ListItem","position":1,"name":"Home","item":"https:\/\/sumkcaps.com\/"},{"@type":"ListItem","position":2,"name":"Products","item":"https:\/\/sumkcaps.com\/product\/"},{"@type":"ListItem","position":3,"name":"Sumkcaps 23930 Custom 3D Embroidered Six Panel Snapback Cap"}]},{"@type":"WebSite","@id":"https:\/\/sumkcaps.com\/#website","url":"https:\/\/sumkcaps.com\/","name":"Sumkcaps-China Original Headwear Fabricante e fornecedores","description":"Somos a F\u00e1brica Original de Bon\u00e9s e Chap\u00e9us da China, cujo principal neg\u00f3cio \u00e9 personalizar bon\u00e9s e chap\u00e9us de acordo com o LOGOTIPO do cliente. Qualquer estilo de bon\u00e9, qualquer cor de bon\u00e9, qualquer quantidade, qualquer material e quantidade n\u00e3o \u00e9 problema. Por outras palavras, todos os pequenos detalhes podem ser personalizados a seu pedido.","publisher":{"@id":"https:\/\/sumkcaps.com\/#organization"},"potentialAction":[{"@type":"SearchAction","target":{"@type":"EntryPoint","urlTemplate":"https:\/\/sumkcaps.com\/?s={search_term_string}"},"query-input":{"@type":"PropertyValueSpecification","valueRequired":true,"valueName":"search_term_string"}}],"inLanguage":"pt-PT"},{"@type":"Organization","@id":"https:\/\/sumkcaps.com\/#organization","name":"Sumkcaps-China Original Headwear Fabricante e fornecedores","url":"https:\/\/sumkcaps.com\/","logo":{"@type":"ImageObject","inLanguage":"pt-PT","@id":"https:\/\/sumkcaps.com\/#\/schema\/logo\/image\/","url":"https:\/\/sumkcaps.com\/wp-content\/uploads\/2025\/12\/1234.jpg","contentUrl":"https:\/\/sumkcaps.com\/wp-content\/uploads\/2025\/12\/1234.jpg","width":800,"height":800,"caption":"Sumkcaps-China Original Headwear Manufacturer and Suppliers"},"image":{"@id":"https:\/\/sumkcaps.com\/#\/schema\/logo\/image\/"},"sameAs":["https:\/\/www.facebook.com\/sumkcap","https:\/\/www.instagram.com\/sumkcaps7\/","https:\/\/www.pinterest.com\/sumkcapschina\/"]}]}},"taxonomy_info":{"product_cat":[{"value":42,"label":"Snapback Hats Wholesale"}]},"featured_image_src_large":["https:\/\/sumkcaps.com\/wp-content\/uploads\/2022\/09\/custom_logo_6_panel_snapback_cap-1.jpg",800,800,false],"author_info":[],"comment_info":"","_links":{"self":[{"href":"https:\/\/sumkcaps.com\/pt\/wp-json\/wp\/v2\/product\/15851","targetHints":{"allow":["GET"]}}],"collection":[{"href":"https:\/\/sumkcaps.com\/pt\/wp-json\/wp\/v2\/product"}],"about":[{"href":"https:\/\/sumkcaps.com\/pt\/wp-json\/wp\/v2\/types\/product"}],"wp:featuredmedia":[{"embeddable":true,"href":"https:\/\/sumkcaps.com\/pt\/wp-json\/wp\/v2\/media\/15852"}],"wp:attachment":[{"href":"https:\/\/sumkcaps.com\/pt\/wp-json\/wp\/v2\/media?parent=15851"}],"wp:term":[{"taxonomy":"product_brand","embeddable":true,"href":"https:\/\/sumkcaps.com\/pt\/wp-json\/wp\/v2\/product_brand?post=15851"},{"taxonomy":"product_cat","embeddable":true,"href":"https:\/\/sumkcaps.com\/pt\/wp-json\/wp\/v2\/product_cat?post=15851"},{"taxonomy":"product_tag","embeddable":true,"href":"https:\/\/sumkcaps.com\/pt\/wp-json\/wp\/v2\/product_tag?post=15851"}],"curies":[{"name":"wp","href":"https:\/\/api.w.org\/{rel}","templated":true}]}}