{"id":15085,"date":"2022-09-20T13:46:29","date_gmt":"2022-09-20T05:46:29","guid":{"rendered":"https:\/\/sumkcaps.com\/?post_type=product&#038;p=15085"},"modified":"2024-03-27T16:58:20","modified_gmt":"2024-03-27T08:58:20","slug":"sufox-2945-custom-distressed-fisherman-beanie-hat","status":"publish","type":"product","link":"https:\/\/sumkcaps.com\/pt\/produto\/sufox-2945-gorro-de-pescador-personalizado-e-desgastado\/","title":{"rendered":"Sumkcaps 2945 Gorro de pescador personalizado e desgastado"},"content":{"rendered":"","protected":false},"excerpt":{"rendered":"<p>Sumkcaps 2945 Custom Distressed Fisherman Beanie Hat \u00e9 um bon\u00e9 de inverno elegante para homens. Mais de 10 anos de experi\u00eancia na ind\u00fastria de chap\u00e9us. Fabricantes de bon\u00e9s. Garantia de satisfa\u00e7\u00e3o 100%. Pre\u00e7os directos de f\u00e1brica Logotipo gr\u00e1tis.<\/p>","protected":false},"featured_media":15091,"template":"","meta":{"_acf_changed":false,"_kad_blocks_custom_css":"","_kad_blocks_head_custom_js":"","_kad_blocks_body_custom_js":"","_kad_blocks_footer_custom_js":""},"product_brand":[],"product_cat":[693],"product_tag":[],"class_list":{"0":"post-15085","1":"product","2":"type-product","3":"status-publish","4":"has-post-thumbnail","6":"product_cat-hat","8":"first","9":"outofstock","10":"shipping-taxable","11":"product-type-simple"},"acf":[],"yoast_head":"<!-- This site is optimized with the Yoast SEO Premium plugin v20.8 (Yoast SEO v25.9) - https:\/\/yoast.com\/wordpress\/plugins\/seo\/ -->\n<title>Custom Distressed Fisherman Beanie Hat | China Manufactuer<\/title>\n<meta name=\"description\" content=\"High Quality Cap Head Wear With Professional Custom Design Service Available. Direct Factory Prices Free Logo Design. 100% Satisfaction Guarantee.\" \/>\n<meta name=\"robots\" content=\"index, follow, max-snippet:-1, max-image-preview:large, max-video-preview:-1\" \/>\n<link rel=\"canonical\" href=\"https:\/\/sumkcaps.com\/pt\/produto\/sufox-2945-gorro-de-pescador-personalizado-e-desgastado\/\" \/>\n<meta property=\"og:locale\" content=\"pt_PT\" \/>\n<meta property=\"og:type\" content=\"article\" \/>\n<meta property=\"og:title\" content=\"Sumkcaps 2945 Custom Distressed Fisherman Beanie Hat - Sumkcaps\" \/>\n<meta property=\"og:description\" content=\"High Quality Cap Head Wear With Professional Custom Design Service Available. Direct Factory Prices Free Logo Design. 100% Satisfaction Guarantee.\" \/>\n<meta property=\"og:url\" content=\"https:\/\/sumkcaps.com\/pt\/produto\/sufox-2945-gorro-de-pescador-personalizado-e-desgastado\/\" \/>\n<meta property=\"og:site_name\" content=\"Sumkcaps-China Original Headwear Manufacturer and Suppliers\" \/>\n<meta property=\"article:publisher\" content=\"https:\/\/www.facebook.com\/sumkcap\" \/>\n<meta property=\"article:modified_time\" content=\"2024-03-27T08:58:20+00:00\" \/>\n<meta property=\"og:image\" content=\"https:\/\/sumkcaps.com\/wp-content\/uploads\/2022\/09\/distressed_fisherman_beanie-12.jpg\" \/>\n\t<meta property=\"og:image:width\" content=\"750\" \/>\n\t<meta property=\"og:image:height\" content=\"750\" \/>\n\t<meta property=\"og:image:type\" content=\"image\/jpeg\" \/>\n<meta name=\"twitter:card\" content=\"summary_large_image\" \/>\n<script type=\"application\/ld+json\" class=\"yoast-schema-graph\">{\"@context\":\"https:\/\/schema.org\",\"@graph\":[{\"@type\":\"WebPage\",\"@id\":\"https:\/\/sumkcaps.com\/product\/sufox-2945-custom-distressed-fisherman-beanie-hat\/\",\"url\":\"https:\/\/sumkcaps.com\/product\/sufox-2945-custom-distressed-fisherman-beanie-hat\/\",\"name\":\"Custom Distressed Fisherman Beanie Hat | China Manufactuer\",\"isPartOf\":{\"@id\":\"https:\/\/sumkcaps.com\/#website\"},\"primaryImageOfPage\":{\"@id\":\"https:\/\/sumkcaps.com\/product\/sufox-2945-custom-distressed-fisherman-beanie-hat\/#primaryimage\"},\"image\":{\"@id\":\"https:\/\/sumkcaps.com\/product\/sufox-2945-custom-distressed-fisherman-beanie-hat\/#primaryimage\"},\"thumbnailUrl\":\"https:\/\/sumkcaps.com\/wp-content\/uploads\/2022\/09\/distressed_fisherman_beanie-12.jpg\",\"datePublished\":\"2022-09-20T05:46:29+00:00\",\"dateModified\":\"2024-03-27T08:58:20+00:00\",\"description\":\"High Quality Cap Head Wear With Professional Custom Design Service Available. Direct Factory Prices Free Logo Design. 100% Satisfaction Guarantee.\",\"breadcrumb\":{\"@id\":\"https:\/\/sumkcaps.com\/product\/sufox-2945-custom-distressed-fisherman-beanie-hat\/#breadcrumb\"},\"inLanguage\":\"pt-PT\",\"potentialAction\":[{\"@type\":\"ReadAction\",\"target\":[\"https:\/\/sumkcaps.com\/product\/sufox-2945-custom-distressed-fisherman-beanie-hat\/\"]}]},{\"@type\":\"ImageObject\",\"inLanguage\":\"pt-PT\",\"@id\":\"https:\/\/sumkcaps.com\/product\/sufox-2945-custom-distressed-fisherman-beanie-hat\/#primaryimage\",\"url\":\"https:\/\/sumkcaps.com\/wp-content\/uploads\/2022\/09\/distressed_fisherman_beanie-12.jpg\",\"contentUrl\":\"https:\/\/sumkcaps.com\/wp-content\/uploads\/2022\/09\/distressed_fisherman_beanie-12.jpg\",\"width\":750,\"height\":750},{\"@type\":\"BreadcrumbList\",\"@id\":\"https:\/\/sumkcaps.com\/product\/sufox-2945-custom-distressed-fisherman-beanie-hat\/#breadcrumb\",\"itemListElement\":[{\"@type\":\"ListItem\",\"position\":1,\"name\":\"Home\",\"item\":\"https:\/\/sumkcaps.com\/\"},{\"@type\":\"ListItem\",\"position\":2,\"name\":\"Products\",\"item\":\"https:\/\/sumkcaps.com\/product\/\"},{\"@type\":\"ListItem\",\"position\":3,\"name\":\"Sufox 2945 Custom Distressed Fisherman Beanie Hat\"}]},{\"@type\":\"WebSite\",\"@id\":\"https:\/\/sumkcaps.com\/#website\",\"url\":\"https:\/\/sumkcaps.com\/\",\"name\":\"Sumkcaps-China Original Headwear Manufacturer and Suppliers\",\"description\":\"We are China Cap And Hat Original Factory, whose main business is to custom cap and hat as client&#039;s LOGO. Any cap style, any cap color, any qty, any material and qty is no problem. In one words, any small details can be customized as your request.\",\"publisher\":{\"@id\":\"https:\/\/sumkcaps.com\/#organization\"},\"potentialAction\":[{\"@type\":\"SearchAction\",\"target\":{\"@type\":\"EntryPoint\",\"urlTemplate\":\"https:\/\/sumkcaps.com\/?s={search_term_string}\"},\"query-input\":{\"@type\":\"PropertyValueSpecification\",\"valueRequired\":true,\"valueName\":\"search_term_string\"}}],\"inLanguage\":\"pt-PT\"},{\"@type\":\"Organization\",\"@id\":\"https:\/\/sumkcaps.com\/#organization\",\"name\":\"Sumkcaps-China Original Headwear Manufacturer and Suppliers\",\"url\":\"https:\/\/sumkcaps.com\/\",\"logo\":{\"@type\":\"ImageObject\",\"inLanguage\":\"pt-PT\",\"@id\":\"https:\/\/sumkcaps.com\/#\/schema\/logo\/image\/\",\"url\":\"https:\/\/sumkcaps.com\/wp-content\/uploads\/2025\/12\/1234.jpg\",\"contentUrl\":\"https:\/\/sumkcaps.com\/wp-content\/uploads\/2025\/12\/1234.jpg\",\"width\":800,\"height\":800,\"caption\":\"Sumkcaps-China Original Headwear Manufacturer and Suppliers\"},\"image\":{\"@id\":\"https:\/\/sumkcaps.com\/#\/schema\/logo\/image\/\"},\"sameAs\":[\"https:\/\/www.facebook.com\/sumkcap\",\"https:\/\/www.instagram.com\/sumkcaps7\/\",\"https:\/\/www.pinterest.com\/sumkcapschina\/\"]}]}<\/script>\n<!-- \/ Yoast SEO Premium plugin. -->","yoast_head_json":{"title":"Gorro de pescador personalizado e angustiado | Fabricante da China","description":"Alta qualidade de desgaste da cabe\u00e7a da tampa com servi\u00e7o de design personalizado profissional dispon\u00edvel. Pre\u00e7os directos de f\u00e1brica Design de log\u00f3tipo gratuito. Garantia de satisfa\u00e7\u00e3o 100%.","robots":{"index":"index","follow":"follow","max-snippet":"max-snippet:-1","max-image-preview":"max-image-preview:large","max-video-preview":"max-video-preview:-1"},"canonical":"https:\/\/sumkcaps.com\/pt\/produto\/sufox-2945-gorro-de-pescador-personalizado-e-desgastado\/","og_locale":"pt_PT","og_type":"article","og_title":"Sumkcaps 2945 Custom Distressed Fisherman Beanie Hat - Sumkcaps","og_description":"High Quality Cap Head Wear With Professional Custom Design Service Available. Direct Factory Prices Free Logo Design. 100% Satisfaction Guarantee.","og_url":"https:\/\/sumkcaps.com\/pt\/produto\/sufox-2945-gorro-de-pescador-personalizado-e-desgastado\/","og_site_name":"Sumkcaps-China Original Headwear Manufacturer and Suppliers","article_publisher":"https:\/\/www.facebook.com\/sumkcap","article_modified_time":"2024-03-27T08:58:20+00:00","og_image":[{"width":750,"height":750,"url":"https:\/\/sumkcaps.com\/wp-content\/uploads\/2022\/09\/distressed_fisherman_beanie-12.jpg","type":"image\/jpeg"}],"twitter_card":"summary_large_image","schema":{"@context":"https:\/\/schema.org","@graph":[{"@type":"WebPage","@id":"https:\/\/sumkcaps.com\/product\/sufox-2945-custom-distressed-fisherman-beanie-hat\/","url":"https:\/\/sumkcaps.com\/product\/sufox-2945-custom-distressed-fisherman-beanie-hat\/","name":"Gorro de pescador personalizado e angustiado | Fabricante da China","isPartOf":{"@id":"https:\/\/sumkcaps.com\/#website"},"primaryImageOfPage":{"@id":"https:\/\/sumkcaps.com\/product\/sufox-2945-custom-distressed-fisherman-beanie-hat\/#primaryimage"},"image":{"@id":"https:\/\/sumkcaps.com\/product\/sufox-2945-custom-distressed-fisherman-beanie-hat\/#primaryimage"},"thumbnailUrl":"https:\/\/sumkcaps.com\/wp-content\/uploads\/2022\/09\/distressed_fisherman_beanie-12.jpg","datePublished":"2022-09-20T05:46:29+00:00","dateModified":"2024-03-27T08:58:20+00:00","description":"Alta qualidade de desgaste da cabe\u00e7a da tampa com servi\u00e7o de design personalizado profissional dispon\u00edvel. Pre\u00e7os directos de f\u00e1brica Design de log\u00f3tipo gratuito. Garantia de satisfa\u00e7\u00e3o 100%.","breadcrumb":{"@id":"https:\/\/sumkcaps.com\/product\/sufox-2945-custom-distressed-fisherman-beanie-hat\/#breadcrumb"},"inLanguage":"pt-PT","potentialAction":[{"@type":"ReadAction","target":["https:\/\/sumkcaps.com\/product\/sufox-2945-custom-distressed-fisherman-beanie-hat\/"]}]},{"@type":"ImageObject","inLanguage":"pt-PT","@id":"https:\/\/sumkcaps.com\/product\/sufox-2945-custom-distressed-fisherman-beanie-hat\/#primaryimage","url":"https:\/\/sumkcaps.com\/wp-content\/uploads\/2022\/09\/distressed_fisherman_beanie-12.jpg","contentUrl":"https:\/\/sumkcaps.com\/wp-content\/uploads\/2022\/09\/distressed_fisherman_beanie-12.jpg","width":750,"height":750},{"@type":"BreadcrumbList","@id":"https:\/\/sumkcaps.com\/product\/sufox-2945-custom-distressed-fisherman-beanie-hat\/#breadcrumb","itemListElement":[{"@type":"ListItem","position":1,"name":"Home","item":"https:\/\/sumkcaps.com\/"},{"@type":"ListItem","position":2,"name":"Products","item":"https:\/\/sumkcaps.com\/product\/"},{"@type":"ListItem","position":3,"name":"Sufox 2945 Custom Distressed Fisherman Beanie Hat"}]},{"@type":"WebSite","@id":"https:\/\/sumkcaps.com\/#website","url":"https:\/\/sumkcaps.com\/","name":"Sumkcaps-China Original Headwear Fabricante e fornecedores","description":"Somos a F\u00e1brica Original de Bon\u00e9s e Chap\u00e9us da China, cujo principal neg\u00f3cio \u00e9 personalizar bon\u00e9s e chap\u00e9us de acordo com o LOGOTIPO do cliente. Qualquer estilo de bon\u00e9, qualquer cor de bon\u00e9, qualquer quantidade, qualquer material e quantidade n\u00e3o \u00e9 problema. Por outras palavras, todos os pequenos detalhes podem ser personalizados a seu pedido.","publisher":{"@id":"https:\/\/sumkcaps.com\/#organization"},"potentialAction":[{"@type":"SearchAction","target":{"@type":"EntryPoint","urlTemplate":"https:\/\/sumkcaps.com\/?s={search_term_string}"},"query-input":{"@type":"PropertyValueSpecification","valueRequired":true,"valueName":"search_term_string"}}],"inLanguage":"pt-PT"},{"@type":"Organization","@id":"https:\/\/sumkcaps.com\/#organization","name":"Sumkcaps-China Original Headwear Fabricante e fornecedores","url":"https:\/\/sumkcaps.com\/","logo":{"@type":"ImageObject","inLanguage":"pt-PT","@id":"https:\/\/sumkcaps.com\/#\/schema\/logo\/image\/","url":"https:\/\/sumkcaps.com\/wp-content\/uploads\/2025\/12\/1234.jpg","contentUrl":"https:\/\/sumkcaps.com\/wp-content\/uploads\/2025\/12\/1234.jpg","width":800,"height":800,"caption":"Sumkcaps-China Original Headwear Manufacturer and Suppliers"},"image":{"@id":"https:\/\/sumkcaps.com\/#\/schema\/logo\/image\/"},"sameAs":["https:\/\/www.facebook.com\/sumkcap","https:\/\/www.instagram.com\/sumkcaps7\/","https:\/\/www.pinterest.com\/sumkcapschina\/"]}]}},"taxonomy_info":{"product_cat":[{"value":693,"label":"Hat"}]},"featured_image_src_large":["https:\/\/sumkcaps.com\/wp-content\/uploads\/2022\/09\/distressed_fisherman_beanie-12.jpg",750,750,false],"author_info":[],"comment_info":"","_links":{"self":[{"href":"https:\/\/sumkcaps.com\/pt\/wp-json\/wp\/v2\/product\/15085","targetHints":{"allow":["GET"]}}],"collection":[{"href":"https:\/\/sumkcaps.com\/pt\/wp-json\/wp\/v2\/product"}],"about":[{"href":"https:\/\/sumkcaps.com\/pt\/wp-json\/wp\/v2\/types\/product"}],"wp:featuredmedia":[{"embeddable":true,"href":"https:\/\/sumkcaps.com\/pt\/wp-json\/wp\/v2\/media\/15091"}],"wp:attachment":[{"href":"https:\/\/sumkcaps.com\/pt\/wp-json\/wp\/v2\/media?parent=15085"}],"wp:term":[{"taxonomy":"product_brand","embeddable":true,"href":"https:\/\/sumkcaps.com\/pt\/wp-json\/wp\/v2\/product_brand?post=15085"},{"taxonomy":"product_cat","embeddable":true,"href":"https:\/\/sumkcaps.com\/pt\/wp-json\/wp\/v2\/product_cat?post=15085"},{"taxonomy":"product_tag","embeddable":true,"href":"https:\/\/sumkcaps.com\/pt\/wp-json\/wp\/v2\/product_tag?post=15085"}],"curies":[{"name":"wp","href":"https:\/\/api.w.org\/{rel}","templated":true}]}}