{"id":14861,"date":"2022-09-19T13:18:50","date_gmt":"2022-09-19T05:18:50","guid":{"rendered":"https:\/\/sumkcaps.com\/?post_type=product&#038;p=14861"},"modified":"2025-07-09T15:45:53","modified_gmt":"2025-07-09T07:45:53","slug":"sufox-2916-custom-five-panel-woven-label-full-printing-dad-snapback-cap","status":"publish","type":"product","link":"https:\/\/sumkcaps.com\/pt\/produto\/sufox-2916-bone-snapback-personalizado-de-cinco-paineis-com-etiqueta-tecida-e-impressao-total\/","title":{"rendered":"Sumkcaps 2916 Bon\u00e9 personalizado de cinco pain\u00e9is com etiqueta tecida e impress\u00e3o total para o pai"},"content":{"rendered":"<h2 data-start=\"681\" data-end=\"719\"><strong data-start=\"687\" data-end=\"719\">Estrutura: Design de cinco pain\u00e9is<\/strong><\/h2>\n<p data-start=\"720\" data-end=\"972\">O <strong data-start=\"724\" data-end=\"751\">constru\u00e7\u00e3o de cinco pain\u00e9is<\/strong> proporciona um painel frontal limpo e ininterrupto - perfeito para exibir impress\u00f5es completas e etiquetas tecidas personalizadas. Esta estrutura apela tanto aos entusiastas dos chap\u00e9us cl\u00e1ssicos como aos f\u00e3s do streetwear que procuram uma nova vers\u00e3o do snapback.<\/p>\n<h2 data-start=\"974\" data-end=\"1032\"><strong data-start=\"980\" data-end=\"1032\">Decora\u00e7\u00e3o: Impress\u00e3o completa + etiqueta tecida com a marca<\/strong><\/h2>\n<p data-start=\"1033\" data-end=\"1324\">Este bon\u00e9 oferece <strong data-start=\"1049\" data-end=\"1077\">impress\u00e3o personalizada em toda a superf\u00edcie<\/strong>permitindo que as marcas cubram toda a superf\u00edcie com padr\u00f5es \u00fanicos, estampas de camuflagem, elementos de marca ou desenhos art\u00edsticos. O <strong data-start=\"1202\" data-end=\"1217\">etiqueta tecida<\/strong> acrescenta um toque extra de marca de qualidade superior, ideal para log\u00f3tipos, slogans ou desenhos complexos com uma textura rica.<\/p>\n<h2 data-start=\"1326\" data-end=\"1376\"><strong data-start=\"1332\" data-end=\"1376\">Material: Mistura dur\u00e1vel de poli\u00e9ster\/algod\u00e3o<\/strong><\/h2>\n<p data-start=\"1377\" data-end=\"1617\">Fabricado em <strong data-start=\"1389\" data-end=\"1415\">mistura de poli\u00e9ster\/algod\u00e3o<\/strong>Este chap\u00e9u equilibra estrutura e conforto. O poli\u00e9ster garante durabilidade e resultados de impress\u00e3o v\u00edvidos, enquanto o algod\u00e3o acrescenta suavidade e respirabilidade, tornando-o adequado tanto para a moda como para o uso funcional.<\/p>\n<h2 data-start=\"1619\" data-end=\"1654\"><strong data-start=\"1625\" data-end=\"1654\">Cor: totalmente personaliz\u00e1vel<\/strong><\/h2>\n<p data-start=\"1655\" data-end=\"1869\">A tampa inteira pode ser <strong data-start=\"1677\" data-end=\"1707\">colorido e impresso \u00e0 medida<\/strong>permitindo infinitas possibilidades criativas. Quer pretenda padr\u00f5es vibrantes, desvanecimentos gradientes ou paletas de cores espec\u00edficas da marca, este bon\u00e9 \u00e9 a sua tela em branco.<\/p>\n<h2 data-start=\"1871\" data-end=\"1903\"><strong data-start=\"1877\" data-end=\"1903\">Viseira: Estilo de conta plana<\/strong><\/h2>\n<p data-start=\"1904\" data-end=\"2094\">O <strong data-start=\"1908\" data-end=\"1927\">viseira de bico plano<\/strong> melhora a sua est\u00e9tica snapback contempor\u00e2nea, tornando-a uma das favoritas dos artistas de hip hop, das marcas de streetwear e dos utilizadores casuais que procuram um acess\u00f3rio arrojado mas f\u00e1cil de usar.<\/p>\n<h2 data-start=\"2096\" data-end=\"2139\"><strong data-start=\"2102\" data-end=\"2139\">MOQ: 200 unidades por desenho e por cor<\/strong><\/h2>\n<p data-start=\"2140\" data-end=\"2279\">Um baixo <strong data-start=\"2146\" data-end=\"2188\">Quantidade m\u00ednima de encomenda (MOQ) de 200 unidades<\/strong> torna este bon\u00e9 ideal para lan\u00e7amentos de edi\u00e7\u00f5es limitadas, lan\u00e7amentos de retalho ou brindes promocionais.<\/p>\n<h2 data-start=\"2281\" data-end=\"2309\"><strong data-start=\"2287\" data-end=\"2309\">Servi\u00e7os: OEM E ODM<\/strong><\/h2>\n<p data-start=\"2310\" data-end=\"2527\">Sumkcaps oferece <strong data-start=\"2331\" data-end=\"2344\">OEM E ODM<\/strong> ajudando as marcas a criar chap\u00e9us exclusivos, desde o conceito at\u00e9 ao produto final. Quer esteja a modificar este estilo ou a desenvolver um bon\u00e9 totalmente novo, a Sumkcaps tem tudo o que precisa.<\/p>","protected":false},"excerpt":{"rendered":"<p>Sumkcaps 2916 Custom Five Panel Woven Label Full Printing Dad Snapback CapIs One Of Popular Cap Style, Light Weight And Breathable Well. Nossos Snapbacks v\u00eam em uma variedade de estilos e cores de todas as principais marcas.<\/p>","protected":false},"featured_media":14862,"template":"","meta":{"_acf_changed":false,"_kad_blocks_custom_css":"","_kad_blocks_head_custom_js":"","_kad_blocks_body_custom_js":"","_kad_blocks_footer_custom_js":""},"product_brand":[],"product_cat":[42],"product_tag":[],"class_list":{"0":"post-14861","1":"product","2":"type-product","3":"status-publish","4":"has-post-thumbnail","6":"product_cat-snapback-cap","8":"first","9":"outofstock","10":"shipping-taxable","11":"product-type-simple"},"acf":[],"yoast_head":"<!-- This site is optimized with the Yoast SEO Premium plugin v20.8 (Yoast SEO v25.9) - https:\/\/yoast.com\/wordpress\/plugins\/seo\/ -->\n<title>Custom Full Printing Dad Snpaback Cap | China Manufactuer<\/title>\n<meta name=\"description\" content=\"We are dedicated to manufacturing Premium Custom Caps, beanies and bucket hats. Patches available. Many custom options. Bulk Discount. Order Today!\" \/>\n<meta name=\"robots\" content=\"index, follow, max-snippet:-1, max-image-preview:large, max-video-preview:-1\" \/>\n<link rel=\"canonical\" href=\"https:\/\/sumkcaps.com\/pt\/produto\/sufox-2916-bone-snapback-personalizado-de-cinco-paineis-com-etiqueta-tecida-e-impressao-total\/\" \/>\n<meta property=\"og:locale\" content=\"pt_PT\" \/>\n<meta property=\"og:type\" content=\"article\" \/>\n<meta property=\"og:title\" content=\"Sumkcaps 2916 Custom Five Panel Woven Label Full Printing Dad Snapback Cap - Sumkcaps\" \/>\n<meta property=\"og:description\" content=\"We are dedicated to manufacturing Premium Custom Caps, beanies and bucket hats. Patches available. Many custom options. Bulk Discount. Order Today!\" \/>\n<meta property=\"og:url\" content=\"https:\/\/sumkcaps.com\/pt\/produto\/sufox-2916-bone-snapback-personalizado-de-cinco-paineis-com-etiqueta-tecida-e-impressao-total\/\" \/>\n<meta property=\"og:site_name\" content=\"Sumkcaps-China Original Headwear Manufacturer and Suppliers\" \/>\n<meta property=\"article:publisher\" content=\"https:\/\/www.facebook.com\/sumkcap\" \/>\n<meta property=\"article:modified_time\" content=\"2025-07-09T07:45:53+00:00\" \/>\n<meta property=\"og:image\" content=\"https:\/\/sumkcaps.com\/wp-content\/uploads\/2022\/09\/5_panel_full_printing_dad_snapback_cap-1.jpg\" \/>\n\t<meta property=\"og:image:width\" content=\"1000\" \/>\n\t<meta property=\"og:image:height\" content=\"1000\" \/>\n\t<meta property=\"og:image:type\" content=\"image\/jpeg\" \/>\n<meta name=\"twitter:card\" content=\"summary_large_image\" \/>\n<meta name=\"twitter:label1\" content=\"Tempo estimado de leitura\" \/>\n\t<meta name=\"twitter:data1\" content=\"2 minutos\" \/>\n<script type=\"application\/ld+json\" class=\"yoast-schema-graph\">{\"@context\":\"https:\/\/schema.org\",\"@graph\":[{\"@type\":\"WebPage\",\"@id\":\"https:\/\/sumkcaps.com\/product\/sufox-2916-custom-five-panel-woven-label-full-printing-dad-snapback-cap\/\",\"url\":\"https:\/\/sumkcaps.com\/product\/sufox-2916-custom-five-panel-woven-label-full-printing-dad-snapback-cap\/\",\"name\":\"Custom Full Printing Dad Snpaback Cap | China Manufactuer\",\"isPartOf\":{\"@id\":\"https:\/\/sumkcaps.com\/#website\"},\"primaryImageOfPage\":{\"@id\":\"https:\/\/sumkcaps.com\/product\/sufox-2916-custom-five-panel-woven-label-full-printing-dad-snapback-cap\/#primaryimage\"},\"image\":{\"@id\":\"https:\/\/sumkcaps.com\/product\/sufox-2916-custom-five-panel-woven-label-full-printing-dad-snapback-cap\/#primaryimage\"},\"thumbnailUrl\":\"https:\/\/sumkcaps.com\/wp-content\/uploads\/2022\/09\/5_panel_full_printing_dad_snapback_cap-1.jpg\",\"datePublished\":\"2022-09-19T05:18:50+00:00\",\"dateModified\":\"2025-07-09T07:45:53+00:00\",\"description\":\"We are dedicated to manufacturing Premium Custom Caps, beanies and bucket hats. Patches available. Many custom options. Bulk Discount. Order Today!\",\"breadcrumb\":{\"@id\":\"https:\/\/sumkcaps.com\/product\/sufox-2916-custom-five-panel-woven-label-full-printing-dad-snapback-cap\/#breadcrumb\"},\"inLanguage\":\"pt-PT\",\"potentialAction\":[{\"@type\":\"ReadAction\",\"target\":[\"https:\/\/sumkcaps.com\/product\/sufox-2916-custom-five-panel-woven-label-full-printing-dad-snapback-cap\/\"]}]},{\"@type\":\"ImageObject\",\"inLanguage\":\"pt-PT\",\"@id\":\"https:\/\/sumkcaps.com\/product\/sufox-2916-custom-five-panel-woven-label-full-printing-dad-snapback-cap\/#primaryimage\",\"url\":\"https:\/\/sumkcaps.com\/wp-content\/uploads\/2022\/09\/5_panel_full_printing_dad_snapback_cap-1.jpg\",\"contentUrl\":\"https:\/\/sumkcaps.com\/wp-content\/uploads\/2022\/09\/5_panel_full_printing_dad_snapback_cap-1.jpg\",\"width\":1000,\"height\":1000,\"caption\":\"custom printing camp cap\"},{\"@type\":\"BreadcrumbList\",\"@id\":\"https:\/\/sumkcaps.com\/product\/sufox-2916-custom-five-panel-woven-label-full-printing-dad-snapback-cap\/#breadcrumb\",\"itemListElement\":[{\"@type\":\"ListItem\",\"position\":1,\"name\":\"Home\",\"item\":\"https:\/\/sumkcaps.com\/\"},{\"@type\":\"ListItem\",\"position\":2,\"name\":\"Products\",\"item\":\"https:\/\/sumkcaps.com\/product\/\"},{\"@type\":\"ListItem\",\"position\":3,\"name\":\"Sumkcaps 2916 Custom Five Panel Woven Label Full Printing Dad Snapback Cap\"}]},{\"@type\":\"WebSite\",\"@id\":\"https:\/\/sumkcaps.com\/#website\",\"url\":\"https:\/\/sumkcaps.com\/\",\"name\":\"Sumkcaps-China Original Headwear Manufacturer and Suppliers\",\"description\":\"We are China Cap And Hat Original Factory, whose main business is to custom cap and hat as client&#039;s LOGO. Any cap style, any cap color, any qty, any material and qty is no problem. In one words, any small details can be customized as your request.\",\"publisher\":{\"@id\":\"https:\/\/sumkcaps.com\/#organization\"},\"potentialAction\":[{\"@type\":\"SearchAction\",\"target\":{\"@type\":\"EntryPoint\",\"urlTemplate\":\"https:\/\/sumkcaps.com\/?s={search_term_string}\"},\"query-input\":{\"@type\":\"PropertyValueSpecification\",\"valueRequired\":true,\"valueName\":\"search_term_string\"}}],\"inLanguage\":\"pt-PT\"},{\"@type\":\"Organization\",\"@id\":\"https:\/\/sumkcaps.com\/#organization\",\"name\":\"Sumkcaps-China Original Headwear Manufacturer and Suppliers\",\"url\":\"https:\/\/sumkcaps.com\/\",\"logo\":{\"@type\":\"ImageObject\",\"inLanguage\":\"pt-PT\",\"@id\":\"https:\/\/sumkcaps.com\/#\/schema\/logo\/image\/\",\"url\":\"https:\/\/sumkcaps.com\/wp-content\/uploads\/2025\/12\/1234.jpg\",\"contentUrl\":\"https:\/\/sumkcaps.com\/wp-content\/uploads\/2025\/12\/1234.jpg\",\"width\":800,\"height\":800,\"caption\":\"Sumkcaps-China Original Headwear Manufacturer and Suppliers\"},\"image\":{\"@id\":\"https:\/\/sumkcaps.com\/#\/schema\/logo\/image\/\"},\"sameAs\":[\"https:\/\/www.facebook.com\/sumkcap\",\"https:\/\/www.instagram.com\/sumkcaps7\/\",\"https:\/\/www.pinterest.com\/sumkcapschina\/\"]}]}<\/script>\n<!-- \/ Yoast SEO Premium plugin. -->","yoast_head_json":{"title":"Bon\u00e9 personalizado com impress\u00e3o completa para pai e bon\u00e9 com costas para o pesco\u00e7o | Fabricante da China","description":"Dedicamo-nos ao fabrico de bon\u00e9s, gorros e chap\u00e9us de balde personalizados de qualidade superior. Patches dispon\u00edveis. Muitas op\u00e7\u00f5es personalizadas. Desconto para grandes quantidades. Encomende hoje!","robots":{"index":"index","follow":"follow","max-snippet":"max-snippet:-1","max-image-preview":"max-image-preview:large","max-video-preview":"max-video-preview:-1"},"canonical":"https:\/\/sumkcaps.com\/pt\/produto\/sufox-2916-bone-snapback-personalizado-de-cinco-paineis-com-etiqueta-tecida-e-impressao-total\/","og_locale":"pt_PT","og_type":"article","og_title":"Sumkcaps 2916 Custom Five Panel Woven Label Full Printing Dad Snapback Cap - Sumkcaps","og_description":"We are dedicated to manufacturing Premium Custom Caps, beanies and bucket hats. Patches available. Many custom options. Bulk Discount. Order Today!","og_url":"https:\/\/sumkcaps.com\/pt\/produto\/sufox-2916-bone-snapback-personalizado-de-cinco-paineis-com-etiqueta-tecida-e-impressao-total\/","og_site_name":"Sumkcaps-China Original Headwear Manufacturer and Suppliers","article_publisher":"https:\/\/www.facebook.com\/sumkcap","article_modified_time":"2025-07-09T07:45:53+00:00","og_image":[{"width":1000,"height":1000,"url":"https:\/\/sumkcaps.com\/wp-content\/uploads\/2022\/09\/5_panel_full_printing_dad_snapback_cap-1.jpg","type":"image\/jpeg"}],"twitter_card":"summary_large_image","twitter_misc":{"Tempo estimado de leitura":"2 minutos"},"schema":{"@context":"https:\/\/schema.org","@graph":[{"@type":"WebPage","@id":"https:\/\/sumkcaps.com\/product\/sufox-2916-custom-five-panel-woven-label-full-printing-dad-snapback-cap\/","url":"https:\/\/sumkcaps.com\/product\/sufox-2916-custom-five-panel-woven-label-full-printing-dad-snapback-cap\/","name":"Bon\u00e9 personalizado com impress\u00e3o completa para pai e bon\u00e9 com costas para o pesco\u00e7o | Fabricante da China","isPartOf":{"@id":"https:\/\/sumkcaps.com\/#website"},"primaryImageOfPage":{"@id":"https:\/\/sumkcaps.com\/product\/sufox-2916-custom-five-panel-woven-label-full-printing-dad-snapback-cap\/#primaryimage"},"image":{"@id":"https:\/\/sumkcaps.com\/product\/sufox-2916-custom-five-panel-woven-label-full-printing-dad-snapback-cap\/#primaryimage"},"thumbnailUrl":"https:\/\/sumkcaps.com\/wp-content\/uploads\/2022\/09\/5_panel_full_printing_dad_snapback_cap-1.jpg","datePublished":"2022-09-19T05:18:50+00:00","dateModified":"2025-07-09T07:45:53+00:00","description":"Dedicamo-nos ao fabrico de bon\u00e9s, gorros e chap\u00e9us de balde personalizados de qualidade superior. Patches dispon\u00edveis. Muitas op\u00e7\u00f5es personalizadas. Desconto para grandes quantidades. Encomende hoje!","breadcrumb":{"@id":"https:\/\/sumkcaps.com\/product\/sufox-2916-custom-five-panel-woven-label-full-printing-dad-snapback-cap\/#breadcrumb"},"inLanguage":"pt-PT","potentialAction":[{"@type":"ReadAction","target":["https:\/\/sumkcaps.com\/product\/sufox-2916-custom-five-panel-woven-label-full-printing-dad-snapback-cap\/"]}]},{"@type":"ImageObject","inLanguage":"pt-PT","@id":"https:\/\/sumkcaps.com\/product\/sufox-2916-custom-five-panel-woven-label-full-printing-dad-snapback-cap\/#primaryimage","url":"https:\/\/sumkcaps.com\/wp-content\/uploads\/2022\/09\/5_panel_full_printing_dad_snapback_cap-1.jpg","contentUrl":"https:\/\/sumkcaps.com\/wp-content\/uploads\/2022\/09\/5_panel_full_printing_dad_snapback_cap-1.jpg","width":1000,"height":1000,"caption":"custom printing camp cap"},{"@type":"BreadcrumbList","@id":"https:\/\/sumkcaps.com\/product\/sufox-2916-custom-five-panel-woven-label-full-printing-dad-snapback-cap\/#breadcrumb","itemListElement":[{"@type":"ListItem","position":1,"name":"Home","item":"https:\/\/sumkcaps.com\/"},{"@type":"ListItem","position":2,"name":"Products","item":"https:\/\/sumkcaps.com\/product\/"},{"@type":"ListItem","position":3,"name":"Sumkcaps 2916 Custom Five Panel Woven Label Full Printing Dad Snapback Cap"}]},{"@type":"WebSite","@id":"https:\/\/sumkcaps.com\/#website","url":"https:\/\/sumkcaps.com\/","name":"Sumkcaps-China Original Headwear Fabricante e fornecedores","description":"Somos a F\u00e1brica Original de Bon\u00e9s e Chap\u00e9us da China, cujo principal neg\u00f3cio \u00e9 personalizar bon\u00e9s e chap\u00e9us de acordo com o LOGOTIPO do cliente. Qualquer estilo de bon\u00e9, qualquer cor de bon\u00e9, qualquer quantidade, qualquer material e quantidade n\u00e3o \u00e9 problema. Por outras palavras, todos os pequenos detalhes podem ser personalizados a seu pedido.","publisher":{"@id":"https:\/\/sumkcaps.com\/#organization"},"potentialAction":[{"@type":"SearchAction","target":{"@type":"EntryPoint","urlTemplate":"https:\/\/sumkcaps.com\/?s={search_term_string}"},"query-input":{"@type":"PropertyValueSpecification","valueRequired":true,"valueName":"search_term_string"}}],"inLanguage":"pt-PT"},{"@type":"Organization","@id":"https:\/\/sumkcaps.com\/#organization","name":"Sumkcaps-China Original Headwear Fabricante e fornecedores","url":"https:\/\/sumkcaps.com\/","logo":{"@type":"ImageObject","inLanguage":"pt-PT","@id":"https:\/\/sumkcaps.com\/#\/schema\/logo\/image\/","url":"https:\/\/sumkcaps.com\/wp-content\/uploads\/2025\/12\/1234.jpg","contentUrl":"https:\/\/sumkcaps.com\/wp-content\/uploads\/2025\/12\/1234.jpg","width":800,"height":800,"caption":"Sumkcaps-China Original Headwear Manufacturer and Suppliers"},"image":{"@id":"https:\/\/sumkcaps.com\/#\/schema\/logo\/image\/"},"sameAs":["https:\/\/www.facebook.com\/sumkcap","https:\/\/www.instagram.com\/sumkcaps7\/","https:\/\/www.pinterest.com\/sumkcapschina\/"]}]}},"taxonomy_info":{"product_cat":[{"value":42,"label":"Snapback Hats Wholesale"}]},"featured_image_src_large":["https:\/\/sumkcaps.com\/wp-content\/uploads\/2022\/09\/5_panel_full_printing_dad_snapback_cap-1.jpg",800,800,false],"author_info":[],"comment_info":"","_links":{"self":[{"href":"https:\/\/sumkcaps.com\/pt\/wp-json\/wp\/v2\/product\/14861","targetHints":{"allow":["GET"]}}],"collection":[{"href":"https:\/\/sumkcaps.com\/pt\/wp-json\/wp\/v2\/product"}],"about":[{"href":"https:\/\/sumkcaps.com\/pt\/wp-json\/wp\/v2\/types\/product"}],"wp:featuredmedia":[{"embeddable":true,"href":"https:\/\/sumkcaps.com\/pt\/wp-json\/wp\/v2\/media\/14862"}],"wp:attachment":[{"href":"https:\/\/sumkcaps.com\/pt\/wp-json\/wp\/v2\/media?parent=14861"}],"wp:term":[{"taxonomy":"product_brand","embeddable":true,"href":"https:\/\/sumkcaps.com\/pt\/wp-json\/wp\/v2\/product_brand?post=14861"},{"taxonomy":"product_cat","embeddable":true,"href":"https:\/\/sumkcaps.com\/pt\/wp-json\/wp\/v2\/product_cat?post=14861"},{"taxonomy":"product_tag","embeddable":true,"href":"https:\/\/sumkcaps.com\/pt\/wp-json\/wp\/v2\/product_tag?post=14861"}],"curies":[{"name":"wp","href":"https:\/\/api.w.org\/{rel}","templated":true}]}}