{"id":14828,"date":"2022-09-19T11:20:08","date_gmt":"2022-09-19T03:20:08","guid":{"rendered":"https:\/\/sumkcaps.com\/?post_type=product&#038;p=14828"},"modified":"2026-04-03T15:36:09","modified_gmt":"2026-04-03T07:36:09","slug":"sufox-2920-custom-five-panel-printing-hip-hop-snapback-cap","status":"publish","type":"product","link":"https:\/\/sumkcaps.com\/pt\/produto\/sufox-2920-bone-snapback-hip-hop-personalizado-com-impressao-de-cinco-paineis\/","title":{"rendered":"Sumkcaps 2920 Bon\u00e9 Snapback Hip Hop personalizado com impress\u00e3o de cinco pain\u00e9is"},"content":{"rendered":"<h3 data-section-id=\"1fbq7kg\" data-start=\"126\" data-end=\"178\"><span role=\"text\"><strong data-start=\"130\" data-end=\"176\">Decora\u00e7\u00e3o<\/strong><\/span><\/h3>\n<p data-start=\"179\" data-end=\"448\">Este bon\u00e9 combina bordados 3D com impress\u00e3o em toda a superf\u00edcie, criando um efeito visual din\u00e2mico e em camadas. O bordado em relevo acrescenta profundidade e textura, enquanto a impress\u00e3o em toda a superf\u00edcie permite desenhos arrojados e criativos, tornando-o ideal para estilos hip hop e marcas de destaque.<\/p>\n<h3 data-section-id=\"kpdawz\" data-start=\"455\" data-end=\"492\"><span role=\"text\"><strong data-start=\"459\" data-end=\"490\">Material<\/strong><\/span><\/h3>\n<p data-start=\"493\" data-end=\"752\">Fabricado a partir de uma mistura de poli\u00e9ster e algod\u00e3o, este bon\u00e9 oferece durabilidade e conforto. O poli\u00e9ster melhora a nitidez da impress\u00e3o e a reten\u00e7\u00e3o da cor, enquanto o algod\u00e3o proporciona respirabilidade e um toque suave, garantindo um desgaste duradouro e um ajuste confort\u00e1vel para utiliza\u00e7\u00e3o di\u00e1ria.<\/p>\n<h3 data-section-id=\"slu0w9\" data-start=\"759\" data-end=\"787\"><span role=\"text\"><strong data-start=\"763\" data-end=\"785\">Cor<\/strong><\/span><\/h3>\n<p data-start=\"788\" data-end=\"1051\">Totalmente personaliz\u00e1vel em termos de cor, esta tampa suporta uma vasta gama de possibilidades de design, desde padr\u00f5es vibrantes a tons subtis. As marcas podem corresponder a requisitos de cor exactos ou criar combina\u00e7\u00f5es \u00fanicas, garantindo uma forte identidade visual e atra\u00e7\u00e3o em mercados competitivos.<\/p>\n<h3 data-section-id=\"1ujt2bk\" data-start=\"1058\" data-end=\"1097\"><span role=\"text\"><strong data-start=\"1062\" data-end=\"1095\">Ajuste e tamanho<\/strong><\/span><\/h3>\n<p data-start=\"1098\" data-end=\"1343\">Com um fecho de encaixe ajust\u00e1vel, este bon\u00e9 tem um tamanho \u00fanico que varia entre 7 e 7 3\/4. Proporciona um ajuste seguro e confort\u00e1vel para v\u00e1rios tamanhos de cabe\u00e7a, o que o torna uma excelente escolha para produ\u00e7\u00e3o em massa e p\u00fablicos diversificados.<\/p>\n<h3 data-section-id=\"3asju8\" data-start=\"1350\" data-end=\"1377\"><span role=\"text\"><strong data-start=\"1354\" data-end=\"1375\">Viseira<\/strong><\/span><\/h3>\n<p data-start=\"1378\" data-end=\"1606\">A viseira de bico plano proporciona um visual moderno e estruturado que se alinha com as tend\u00eancias do hip hop e do streetwear. Mant\u00e9m a sua forma ao longo do tempo, ao mesmo tempo que oferece uma prote\u00e7\u00e3o solar eficaz, combinando estilo e praticidade para o uso di\u00e1rio.<\/p>\n<h3 data-section-id=\"3nymbz\" data-start=\"1613\" data-end=\"1642\"><span role=\"text\"><strong data-start=\"1617\" data-end=\"1640\">Servi\u00e7o<\/strong><\/span><\/h3>\n<p data-start=\"1643\" data-end=\"1889\">Oferecemos servi\u00e7os abrangentes de OEM e ODM, incluindo log\u00f3tipos, materiais, cores e embalagens personalizados. A nossa equipa experiente garante uma execu\u00e7\u00e3o precisa dos seus designs, ajudando a dar vida \u00e0 sua vis\u00e3o de marca com padr\u00f5es de produ\u00e7\u00e3o de alta qualidade.<\/p>\n<h3 data-section-id=\"1mx9aa5\" data-start=\"1896\" data-end=\"1921\"><span role=\"text\"><strong data-start=\"1900\" data-end=\"1919\">Tempo de resposta<\/strong><\/span><\/h3>\n<p data-start=\"1922\" data-end=\"2161\" data-is-last-node=\"\" data-is-only-node=\"\">O nosso processo de produ\u00e7\u00e3o eficiente garante tempos de resposta r\u00e1pidos, com amostras conclu\u00eddas no prazo de 7-9 dias \u00fateis e produ\u00e7\u00e3o em massa conclu\u00edda em 18-22 dias \u00fateis. Isto permite que as marcas cumpram os prazos e respondam rapidamente \u00e0s exig\u00eancias do mercado.<\/p>","protected":false},"excerpt":{"rendered":"<p>Sumkcaps 2920 Impress\u00e3o personalizada de cinco pain\u00e9is Hip Hop Snapback Cap \u00e9 um dos estilos populares de bon\u00e9, peso leve e bem respir\u00e1vel. Nossos Snapbacks v\u00eam em uma variedade de estilos e cores de todas as principais marcas.<\/p>","protected":false},"featured_media":14829,"template":"","meta":{"_acf_changed":false,"_kad_blocks_custom_css":"","_kad_blocks_head_custom_js":"","_kad_blocks_body_custom_js":"","_kad_blocks_footer_custom_js":""},"product_brand":[],"product_cat":[42],"product_tag":[],"class_list":{"0":"post-14828","1":"product","2":"type-product","3":"status-publish","4":"has-post-thumbnail","6":"product_cat-snapback-cap","8":"first","9":"outofstock","10":"shipping-taxable","11":"product-type-simple"},"acf":[],"yoast_head":"<!-- This site is optimized with the Yoast SEO Premium plugin v20.8 (Yoast SEO v25.9) - https:\/\/yoast.com\/wordpress\/plugins\/seo\/ -->\n<title>Custom Printing Hip Hop Snapback Cap | China Manufactuer<\/title>\n<meta name=\"description\" content=\"High Quality China Custom Headwear Manufacturer. Top Quality Products At Best Prices. Add Your Logo or Custom Design Online. Expert Service. Bulk Discount.\" \/>\n<meta name=\"robots\" content=\"index, follow, max-snippet:-1, max-image-preview:large, max-video-preview:-1\" \/>\n<link rel=\"canonical\" href=\"https:\/\/sumkcaps.com\/pt\/produto\/sufox-2920-bone-snapback-hip-hop-personalizado-com-impressao-de-cinco-paineis\/\" \/>\n<meta property=\"og:locale\" content=\"pt_PT\" \/>\n<meta property=\"og:type\" content=\"article\" \/>\n<meta property=\"og:title\" content=\"Sumkcaps 2920 Custom Five Panel Printing Hip Hop Snapback Cap - Sumkcaps\" \/>\n<meta property=\"og:description\" content=\"High Quality China Custom Headwear Manufacturer. Top Quality Products At Best Prices. Add Your Logo or Custom Design Online. Expert Service. Bulk Discount.\" \/>\n<meta property=\"og:url\" content=\"https:\/\/sumkcaps.com\/pt\/produto\/sufox-2920-bone-snapback-hip-hop-personalizado-com-impressao-de-cinco-paineis\/\" \/>\n<meta property=\"og:site_name\" content=\"Sumkcaps-China Original Headwear Manufacturer and Suppliers\" \/>\n<meta property=\"article:publisher\" content=\"https:\/\/www.facebook.com\/sumkcap\" \/>\n<meta property=\"article:modified_time\" content=\"2026-04-03T07:36:09+00:00\" \/>\n<meta property=\"og:image\" content=\"https:\/\/sumkcaps.com\/wp-content\/uploads\/2022\/09\/Printed_Hip_Hop_Snapback_Hat-2.jpg\" \/>\n\t<meta property=\"og:image:width\" content=\"1000\" \/>\n\t<meta property=\"og:image:height\" content=\"1000\" \/>\n\t<meta property=\"og:image:type\" content=\"image\/jpeg\" \/>\n<meta name=\"twitter:card\" content=\"summary_large_image\" \/>\n<meta name=\"twitter:label1\" content=\"Tempo estimado de leitura\" \/>\n\t<meta name=\"twitter:data1\" content=\"2 minutos\" \/>\n<script type=\"application\/ld+json\" class=\"yoast-schema-graph\">{\"@context\":\"https:\/\/schema.org\",\"@graph\":[{\"@type\":\"WebPage\",\"@id\":\"https:\/\/sumkcaps.com\/product\/sufox-2920-custom-five-panel-printing-hip-hop-snapback-cap\/\",\"url\":\"https:\/\/sumkcaps.com\/product\/sufox-2920-custom-five-panel-printing-hip-hop-snapback-cap\/\",\"name\":\"Custom Printing Hip Hop Snapback Cap | China Manufactuer\",\"isPartOf\":{\"@id\":\"https:\/\/sumkcaps.com\/#website\"},\"primaryImageOfPage\":{\"@id\":\"https:\/\/sumkcaps.com\/product\/sufox-2920-custom-five-panel-printing-hip-hop-snapback-cap\/#primaryimage\"},\"image\":{\"@id\":\"https:\/\/sumkcaps.com\/product\/sufox-2920-custom-five-panel-printing-hip-hop-snapback-cap\/#primaryimage\"},\"thumbnailUrl\":\"https:\/\/sumkcaps.com\/wp-content\/uploads\/2022\/09\/Printed_Hip_Hop_Snapback_Hat-2.jpg\",\"datePublished\":\"2022-09-19T03:20:08+00:00\",\"dateModified\":\"2026-04-03T07:36:09+00:00\",\"description\":\"High Quality China Custom Headwear Manufacturer. Top Quality Products At Best Prices. Add Your Logo or Custom Design Online. Expert Service. Bulk Discount.\",\"breadcrumb\":{\"@id\":\"https:\/\/sumkcaps.com\/product\/sufox-2920-custom-five-panel-printing-hip-hop-snapback-cap\/#breadcrumb\"},\"inLanguage\":\"pt-PT\",\"potentialAction\":[{\"@type\":\"ReadAction\",\"target\":[\"https:\/\/sumkcaps.com\/product\/sufox-2920-custom-five-panel-printing-hip-hop-snapback-cap\/\"]}]},{\"@type\":\"ImageObject\",\"inLanguage\":\"pt-PT\",\"@id\":\"https:\/\/sumkcaps.com\/product\/sufox-2920-custom-five-panel-printing-hip-hop-snapback-cap\/#primaryimage\",\"url\":\"https:\/\/sumkcaps.com\/wp-content\/uploads\/2022\/09\/Printed_Hip_Hop_Snapback_Hat-2.jpg\",\"contentUrl\":\"https:\/\/sumkcaps.com\/wp-content\/uploads\/2022\/09\/Printed_Hip_Hop_Snapback_Hat-2.jpg\",\"width\":1000,\"height\":1000,\"caption\":\"Custom Printing Snapback\"},{\"@type\":\"BreadcrumbList\",\"@id\":\"https:\/\/sumkcaps.com\/product\/sufox-2920-custom-five-panel-printing-hip-hop-snapback-cap\/#breadcrumb\",\"itemListElement\":[{\"@type\":\"ListItem\",\"position\":1,\"name\":\"Home\",\"item\":\"https:\/\/sumkcaps.com\/\"},{\"@type\":\"ListItem\",\"position\":2,\"name\":\"Products\",\"item\":\"https:\/\/sumkcaps.com\/product\/\"},{\"@type\":\"ListItem\",\"position\":3,\"name\":\"Sumkcaps 2920 Custom Five Panel Printing Hip Hop Snapback Cap\"}]},{\"@type\":\"WebSite\",\"@id\":\"https:\/\/sumkcaps.com\/#website\",\"url\":\"https:\/\/sumkcaps.com\/\",\"name\":\"Sumkcaps-China Original Headwear Manufacturer and Suppliers\",\"description\":\"We are China Cap And Hat Original Factory, whose main business is to custom cap and hat as client&#039;s LOGO. Any cap style, any cap color, any qty, any material and qty is no problem. In one words, any small details can be customized as your request.\",\"publisher\":{\"@id\":\"https:\/\/sumkcaps.com\/#organization\"},\"potentialAction\":[{\"@type\":\"SearchAction\",\"target\":{\"@type\":\"EntryPoint\",\"urlTemplate\":\"https:\/\/sumkcaps.com\/?s={search_term_string}\"},\"query-input\":{\"@type\":\"PropertyValueSpecification\",\"valueRequired\":true,\"valueName\":\"search_term_string\"}}],\"inLanguage\":\"pt-PT\"},{\"@type\":\"Organization\",\"@id\":\"https:\/\/sumkcaps.com\/#organization\",\"name\":\"Sumkcaps-China Original Headwear Manufacturer and Suppliers\",\"url\":\"https:\/\/sumkcaps.com\/\",\"logo\":{\"@type\":\"ImageObject\",\"inLanguage\":\"pt-PT\",\"@id\":\"https:\/\/sumkcaps.com\/#\/schema\/logo\/image\/\",\"url\":\"https:\/\/sumkcaps.com\/wp-content\/uploads\/2025\/12\/1234.jpg\",\"contentUrl\":\"https:\/\/sumkcaps.com\/wp-content\/uploads\/2025\/12\/1234.jpg\",\"width\":800,\"height\":800,\"caption\":\"Sumkcaps-China Original Headwear Manufacturer and Suppliers\"},\"image\":{\"@id\":\"https:\/\/sumkcaps.com\/#\/schema\/logo\/image\/\"},\"sameAs\":[\"https:\/\/www.facebook.com\/sumkcap\",\"https:\/\/www.instagram.com\/sumkcaps7\/\",\"https:\/\/www.pinterest.com\/sumkcapschina\/\"]}]}<\/script>\n<!-- \/ Yoast SEO Premium plugin. -->","yoast_head_json":{"title":"Bon\u00e9 Snapback Hip Hop com Impress\u00e3o Personalizada | Fabricante da China","description":"Fabricante de chap\u00e9us personalizados na China de alta qualidade. Produtos de alta qualidade aos melhores pre\u00e7os. Adicione o seu log\u00f3tipo ou desenho personalizado online. Servi\u00e7o especializado. Desconto em massa.","robots":{"index":"index","follow":"follow","max-snippet":"max-snippet:-1","max-image-preview":"max-image-preview:large","max-video-preview":"max-video-preview:-1"},"canonical":"https:\/\/sumkcaps.com\/pt\/produto\/sufox-2920-bone-snapback-hip-hop-personalizado-com-impressao-de-cinco-paineis\/","og_locale":"pt_PT","og_type":"article","og_title":"Sumkcaps 2920 Custom Five Panel Printing Hip Hop Snapback Cap - Sumkcaps","og_description":"High Quality China Custom Headwear Manufacturer. Top Quality Products At Best Prices. Add Your Logo or Custom Design Online. Expert Service. Bulk Discount.","og_url":"https:\/\/sumkcaps.com\/pt\/produto\/sufox-2920-bone-snapback-hip-hop-personalizado-com-impressao-de-cinco-paineis\/","og_site_name":"Sumkcaps-China Original Headwear Manufacturer and Suppliers","article_publisher":"https:\/\/www.facebook.com\/sumkcap","article_modified_time":"2026-04-03T07:36:09+00:00","og_image":[{"width":1000,"height":1000,"url":"https:\/\/sumkcaps.com\/wp-content\/uploads\/2022\/09\/Printed_Hip_Hop_Snapback_Hat-2.jpg","type":"image\/jpeg"}],"twitter_card":"summary_large_image","twitter_misc":{"Tempo estimado de leitura":"2 minutos"},"schema":{"@context":"https:\/\/schema.org","@graph":[{"@type":"WebPage","@id":"https:\/\/sumkcaps.com\/product\/sufox-2920-custom-five-panel-printing-hip-hop-snapback-cap\/","url":"https:\/\/sumkcaps.com\/product\/sufox-2920-custom-five-panel-printing-hip-hop-snapback-cap\/","name":"Bon\u00e9 Snapback Hip Hop com Impress\u00e3o Personalizada | Fabricante da China","isPartOf":{"@id":"https:\/\/sumkcaps.com\/#website"},"primaryImageOfPage":{"@id":"https:\/\/sumkcaps.com\/product\/sufox-2920-custom-five-panel-printing-hip-hop-snapback-cap\/#primaryimage"},"image":{"@id":"https:\/\/sumkcaps.com\/product\/sufox-2920-custom-five-panel-printing-hip-hop-snapback-cap\/#primaryimage"},"thumbnailUrl":"https:\/\/sumkcaps.com\/wp-content\/uploads\/2022\/09\/Printed_Hip_Hop_Snapback_Hat-2.jpg","datePublished":"2022-09-19T03:20:08+00:00","dateModified":"2026-04-03T07:36:09+00:00","description":"Fabricante de chap\u00e9us personalizados na China de alta qualidade. Produtos de alta qualidade aos melhores pre\u00e7os. Adicione o seu log\u00f3tipo ou desenho personalizado online. Servi\u00e7o especializado. Desconto em massa.","breadcrumb":{"@id":"https:\/\/sumkcaps.com\/product\/sufox-2920-custom-five-panel-printing-hip-hop-snapback-cap\/#breadcrumb"},"inLanguage":"pt-PT","potentialAction":[{"@type":"ReadAction","target":["https:\/\/sumkcaps.com\/product\/sufox-2920-custom-five-panel-printing-hip-hop-snapback-cap\/"]}]},{"@type":"ImageObject","inLanguage":"pt-PT","@id":"https:\/\/sumkcaps.com\/product\/sufox-2920-custom-five-panel-printing-hip-hop-snapback-cap\/#primaryimage","url":"https:\/\/sumkcaps.com\/wp-content\/uploads\/2022\/09\/Printed_Hip_Hop_Snapback_Hat-2.jpg","contentUrl":"https:\/\/sumkcaps.com\/wp-content\/uploads\/2022\/09\/Printed_Hip_Hop_Snapback_Hat-2.jpg","width":1000,"height":1000,"caption":"Custom Printing Snapback"},{"@type":"BreadcrumbList","@id":"https:\/\/sumkcaps.com\/product\/sufox-2920-custom-five-panel-printing-hip-hop-snapback-cap\/#breadcrumb","itemListElement":[{"@type":"ListItem","position":1,"name":"Home","item":"https:\/\/sumkcaps.com\/"},{"@type":"ListItem","position":2,"name":"Products","item":"https:\/\/sumkcaps.com\/product\/"},{"@type":"ListItem","position":3,"name":"Sumkcaps 2920 Custom Five Panel Printing Hip Hop Snapback Cap"}]},{"@type":"WebSite","@id":"https:\/\/sumkcaps.com\/#website","url":"https:\/\/sumkcaps.com\/","name":"Sumkcaps-China Original Headwear Fabricante e fornecedores","description":"Somos a F\u00e1brica Original de Bon\u00e9s e Chap\u00e9us da China, cujo principal neg\u00f3cio \u00e9 personalizar bon\u00e9s e chap\u00e9us de acordo com o LOGOTIPO do cliente. Qualquer estilo de bon\u00e9, qualquer cor de bon\u00e9, qualquer quantidade, qualquer material e quantidade n\u00e3o \u00e9 problema. Por outras palavras, todos os pequenos detalhes podem ser personalizados a seu pedido.","publisher":{"@id":"https:\/\/sumkcaps.com\/#organization"},"potentialAction":[{"@type":"SearchAction","target":{"@type":"EntryPoint","urlTemplate":"https:\/\/sumkcaps.com\/?s={search_term_string}"},"query-input":{"@type":"PropertyValueSpecification","valueRequired":true,"valueName":"search_term_string"}}],"inLanguage":"pt-PT"},{"@type":"Organization","@id":"https:\/\/sumkcaps.com\/#organization","name":"Sumkcaps-China Original Headwear Fabricante e fornecedores","url":"https:\/\/sumkcaps.com\/","logo":{"@type":"ImageObject","inLanguage":"pt-PT","@id":"https:\/\/sumkcaps.com\/#\/schema\/logo\/image\/","url":"https:\/\/sumkcaps.com\/wp-content\/uploads\/2025\/12\/1234.jpg","contentUrl":"https:\/\/sumkcaps.com\/wp-content\/uploads\/2025\/12\/1234.jpg","width":800,"height":800,"caption":"Sumkcaps-China Original Headwear Manufacturer and Suppliers"},"image":{"@id":"https:\/\/sumkcaps.com\/#\/schema\/logo\/image\/"},"sameAs":["https:\/\/www.facebook.com\/sumkcap","https:\/\/www.instagram.com\/sumkcaps7\/","https:\/\/www.pinterest.com\/sumkcapschina\/"]}]}},"taxonomy_info":{"product_cat":[{"value":42,"label":"Snapback Hats Wholesale"}]},"featured_image_src_large":["https:\/\/sumkcaps.com\/wp-content\/uploads\/2022\/09\/Printed_Hip_Hop_Snapback_Hat-2.jpg",800,800,false],"author_info":[],"comment_info":"","_links":{"self":[{"href":"https:\/\/sumkcaps.com\/pt\/wp-json\/wp\/v2\/product\/14828","targetHints":{"allow":["GET"]}}],"collection":[{"href":"https:\/\/sumkcaps.com\/pt\/wp-json\/wp\/v2\/product"}],"about":[{"href":"https:\/\/sumkcaps.com\/pt\/wp-json\/wp\/v2\/types\/product"}],"wp:featuredmedia":[{"embeddable":true,"href":"https:\/\/sumkcaps.com\/pt\/wp-json\/wp\/v2\/media\/14829"}],"wp:attachment":[{"href":"https:\/\/sumkcaps.com\/pt\/wp-json\/wp\/v2\/media?parent=14828"}],"wp:term":[{"taxonomy":"product_brand","embeddable":true,"href":"https:\/\/sumkcaps.com\/pt\/wp-json\/wp\/v2\/product_brand?post=14828"},{"taxonomy":"product_cat","embeddable":true,"href":"https:\/\/sumkcaps.com\/pt\/wp-json\/wp\/v2\/product_cat?post=14828"},{"taxonomy":"product_tag","embeddable":true,"href":"https:\/\/sumkcaps.com\/pt\/wp-json\/wp\/v2\/product_tag?post=14828"}],"curies":[{"name":"wp","href":"https:\/\/api.w.org\/{rel}","templated":true}]}}