{"id":14769,"date":"2022-09-15T13:17:24","date_gmt":"2022-09-15T05:17:24","guid":{"rendered":"https:\/\/sumkcaps.com\/?post_type=product&#038;p=14769"},"modified":"2026-01-12T10:44:31","modified_gmt":"2026-01-12T02:44:31","slug":"sufox-2713-custom-woven-label-sublimation-printing-bucket-hats","status":"publish","type":"product","link":"https:\/\/sumkcaps.com\/pt\/produto\/sufox-2713-impressao-por-sublimacao-de-etiquetas-tecidas-personalizadas-chapeus-de-balde\/","title":{"rendered":"Sumkcaps 2713 Bon\u00e9s de balde com impress\u00e3o por sublima\u00e7\u00e3o de etiquetas tecidas personalizadas"},"content":{"rendered":"<h3 data-start=\"98\" data-end=\"136\">Decora\u00e7\u00e3o<\/h3>\n<p data-start=\"137\" data-end=\"585\">Este chap\u00e9u de balde apresenta uma decora\u00e7\u00e3o personalizada combinada com uma etiqueta tecida de alta qualidade, acrescentando um elemento de marca premium ao design. A impress\u00e3o por sublima\u00e7\u00e3o permite que os padr\u00f5es detalhados e as cores vibrantes sejam permanentemente incorporados no tecido, assegurando imagens duradouras que n\u00e3o se desvanecem nem estalam. A etiqueta tecida melhora a identidade da marca e o valor percebido, tornando este bon\u00e9 ideal para marcas de moda, marcas de streetwear e colec\u00e7\u00f5es promocionais.<\/p>\n<h3 data-start=\"592\" data-end=\"625\">Material<\/h3>\n<p data-start=\"626\" data-end=\"1044\">Fabricado com uma mistura equilibrada de poli\u00e9ster e algod\u00e3o, este chap\u00e9u de balde oferece a combina\u00e7\u00e3o perfeita de durabilidade, conforto e respirabilidade. O algod\u00e3o proporciona um toque suave e natural contra a pele, enquanto o poli\u00e9ster melhora a for\u00e7a, a resist\u00eancia ao enrugamento e a reten\u00e7\u00e3o da cor. Esta mistura de materiais suporta excecionalmente bem a impress\u00e3o por sublima\u00e7\u00e3o, ajudando os desenhos a permanecerem vivos, mantendo uma experi\u00eancia de utiliza\u00e7\u00e3o confort\u00e1vel.<\/p>\n<h3 data-start=\"1051\" data-end=\"1075\">Forma<\/h3>\n<p data-start=\"1076\" data-end=\"1432\">Concebido com uma silhueta cl\u00e1ssica de chap\u00e9u de balde, este estilo proporciona um visual intemporal e vers\u00e1til. A coroa estruturada e a aba de formato uniforme criam um perfil simples que funciona em todas as esta\u00e7\u00f5es e tend\u00eancias da moda. Esta forma universalmente popular torna o chap\u00e9u f\u00e1cil de estilizar e adequado para vestu\u00e1rio casual, actividades ao ar livre e colec\u00e7\u00f5es de produtos de marca.<\/p>\n<h3 data-start=\"1439\" data-end=\"1459\">Cor<\/h3>\n<p data-start=\"1460\" data-end=\"1831\">Este chap\u00e9u de balde permite a personaliza\u00e7\u00e3o a cores para corresponder \u00e0s diretrizes da marca ou a conceitos criativos. A impress\u00e3o por sublima\u00e7\u00e3o permite transi\u00e7\u00f5es de cor suaves e padr\u00f5es complexos sem adicionar peso ao tecido. Desde gr\u00e1ficos arrojados e apelativos a designs tonais subtis, as op\u00e7\u00f5es de cores personalizadas proporcionam flexibilidade para lan\u00e7amentos de moda, lan\u00e7amentos sazonais e campanhas de marketing.<\/p>\n<h3 data-start=\"1838\" data-end=\"1861\">Viseira<\/h3>\n<p data-start=\"1862\" data-end=\"2193\">Com um design de aba plana, este chap\u00e9u de balde proporciona um aspeto moderno e estruturado. A aba plana melhora a cobertura solar, acrescentando um toque contempor\u00e2neo ao estilo cl\u00e1ssico do chap\u00e9u de balde. Este pormenor de design torna o chap\u00e9u especialmente apelativo para as marcas de streetwear e para o p\u00fablico da moda que procura uma silhueta limpa e arrojada.<\/p>\n<h3 data-start=\"2200\" data-end=\"2235\">Ajuste e tamanho<\/h3>\n<p data-start=\"2236\" data-end=\"2561\">Com uma constru\u00e7\u00e3o de tamanho \u00fanico, este chap\u00e9u de balde adapta-se confortavelmente a tamanhos de cabe\u00e7a que variam entre 7 e 7 3\/4. A estrutura bem equilibrada garante um ajuste seguro mas descontra\u00eddo para a maioria dos utilizadores. Este tamanho normalizado simplifica as encomendas a granel e torna o chap\u00e9u adequado para uso unissexo, vendas a retalho e distribui\u00e7\u00e3o promocional.<\/p>\n<h3 data-start=\"2568\" data-end=\"2589\">Tempo de resposta<\/h3>\n<p data-start=\"2590\" data-end=\"2914\" data-is-last-node=\"\" data-is-only-node=\"\">Este chap\u00e9u de balde personalizado oferece prazos de produ\u00e7\u00e3o eficientes e fi\u00e1veis. As encomendas de amostras s\u00e3o normalmente conclu\u00eddas no prazo de 7-9 dias \u00fateis para confirma\u00e7\u00e3o do design. Ap\u00f3s a aprova\u00e7\u00e3o, a produ\u00e7\u00e3o completa demora aproximadamente 18-22 dias \u00fateis, o que o torna uma escolha fi\u00e1vel para marcas que planeiam lan\u00e7amentos sazonais ou encomendas em grande escala.<\/p>","protected":false},"excerpt":{"rendered":"<div class=\"text-base my-auto mx-auto pb-10 [--thread-content-margin:--spacing(4)] @w-sm\/main:[--thread-content-margin:--spacing(6)] @w-lg\/main:[--thread-content-margin:--spacing(16)] px-(--thread-content-margin)\">\n<div class=\"[--thread-content-max-width:40rem] @w-lg\/main:[--thread-content-max-width:48rem] mx-auto max-w-(--thread-content-max-width) flex-1 group\/turn-messages focus-visible:outline-hidden relative flex w-full min-w-0 flex-col agent-turn\" tabindex=\"-1\">\n<div class=\"flex max-w-full flex-col grow\">\n<div class=\"min-h-8 text-message relative flex w-full flex-col items-end gap-2 text-start break-words whitespace-normal [.text-message+&amp;]:mt-1\" dir=\"auto\" data-message-author-role=\"assistant\" data-message-id=\"66a347df-c67b-45f3-aabe-677be1b17d06\" data-message-model-slug=\"gpt-5-2\">\n<div class=\"flex w-full flex-col gap-1 empty:hidden first:pt-[1px]\">\n<div class=\"markdown prose dark:prose-invert w-full break-words light markdown-new-styling\">\n<p data-start=\"0\" data-end=\"358\" data-is-last-node=\"\" data-is-only-node=\"\">O chap\u00e9u de balde Sumkcaps 2713 com impress\u00e3o por sublima\u00e7\u00e3o de etiqueta tecida personalizada \u00e9 fabricado a partir de uma mistura dur\u00e1vel de poli\u00e9ster\/algod\u00e3o e concebido para impress\u00f5es vibrantes e duradouras. Apresentando uma forma cl\u00e1ssica de balde com um bico plano moderno e uma etiqueta tecida personalizada, oferece conforto, uma marca forte e um estilo de destaque. Ideal para streetwear, colec\u00e7\u00f5es de moda e utiliza\u00e7\u00e3o promocional.<\/p>\n<\/div>\n<\/div>\n<\/div>\n<\/div>\n<\/div>\n<\/div>","protected":false},"featured_media":14770,"template":"","meta":{"_acf_changed":false,"_kad_blocks_custom_css":"","_kad_blocks_head_custom_js":"","_kad_blocks_body_custom_js":"","_kad_blocks_footer_custom_js":""},"product_brand":[],"product_cat":[55],"product_tag":[],"class_list":{"0":"post-14769","1":"product","2":"type-product","3":"status-publish","4":"has-post-thumbnail","6":"product_cat-bucket-hat-manufacturers","8":"first","9":"outofstock","10":"shipping-taxable","11":"product-type-simple"},"acf":[],"yoast_head":"<!-- This site is optimized with the Yoast SEO Premium plugin v20.8 (Yoast SEO v25.9) - https:\/\/yoast.com\/wordpress\/plugins\/seo\/ -->\n<title>Sufox Custom Woven Label Sublimation Printing Bucket Hats<\/title>\n<meta name=\"description\" content=\"Sumkcaps 2713 Custom Bucket Hat features sublimation printing, a woven label, flat bill, and OSFM fit\u2014perfect for streetwear and branding.\" \/>\n<meta name=\"robots\" content=\"index, follow, max-snippet:-1, max-image-preview:large, max-video-preview:-1\" \/>\n<link rel=\"canonical\" href=\"https:\/\/sumkcaps.com\/pt\/produto\/sufox-2713-impressao-por-sublimacao-de-etiquetas-tecidas-personalizadas-chapeus-de-balde\/\" \/>\n<meta property=\"og:locale\" content=\"pt_PT\" \/>\n<meta property=\"og:type\" content=\"article\" \/>\n<meta property=\"og:title\" content=\"Sumkcaps 2713 Custom Woven Label Sublimation Printing Bucket Hats - Sumkcaps\" \/>\n<meta property=\"og:description\" content=\"Sumkcaps 2713 Custom Bucket Hat features sublimation printing, a woven label, flat bill, and OSFM fit\u2014perfect for streetwear and branding.\" \/>\n<meta property=\"og:url\" content=\"https:\/\/sumkcaps.com\/pt\/produto\/sufox-2713-impressao-por-sublimacao-de-etiquetas-tecidas-personalizadas-chapeus-de-balde\/\" \/>\n<meta property=\"og:site_name\" content=\"Sumkcaps-China Original Headwear Manufacturer and Suppliers\" \/>\n<meta property=\"article:publisher\" content=\"https:\/\/www.facebook.com\/sumkcap\" \/>\n<meta property=\"article:modified_time\" content=\"2026-01-12T02:44:31+00:00\" \/>\n<meta property=\"og:image\" content=\"https:\/\/sumkcaps.com\/wp-content\/uploads\/2022\/09\/Full_printing_bucket_hat.jpg\" \/>\n\t<meta property=\"og:image:width\" content=\"1000\" \/>\n\t<meta property=\"og:image:height\" content=\"1000\" \/>\n\t<meta property=\"og:image:type\" content=\"image\/jpeg\" \/>\n<meta name=\"twitter:card\" content=\"summary_large_image\" \/>\n<meta name=\"twitter:label1\" content=\"Tempo estimado de leitura\" \/>\n\t<meta name=\"twitter:data1\" content=\"2 minutos\" \/>\n<script type=\"application\/ld+json\" class=\"yoast-schema-graph\">{\"@context\":\"https:\/\/schema.org\",\"@graph\":[{\"@type\":\"WebPage\",\"@id\":\"https:\/\/sumkcaps.com\/product\/sufox-2713-custom-woven-label-sublimation-printing-bucket-hats\/\",\"url\":\"https:\/\/sumkcaps.com\/product\/sufox-2713-custom-woven-label-sublimation-printing-bucket-hats\/\",\"name\":\"Sufox Custom Woven Label Sublimation Printing Bucket Hats\",\"isPartOf\":{\"@id\":\"https:\/\/sumkcaps.com\/#website\"},\"primaryImageOfPage\":{\"@id\":\"https:\/\/sumkcaps.com\/product\/sufox-2713-custom-woven-label-sublimation-printing-bucket-hats\/#primaryimage\"},\"image\":{\"@id\":\"https:\/\/sumkcaps.com\/product\/sufox-2713-custom-woven-label-sublimation-printing-bucket-hats\/#primaryimage\"},\"thumbnailUrl\":\"https:\/\/sumkcaps.com\/wp-content\/uploads\/2022\/09\/Full_printing_bucket_hat.jpg\",\"datePublished\":\"2022-09-15T05:17:24+00:00\",\"dateModified\":\"2026-01-12T02:44:31+00:00\",\"description\":\"Sumkcaps 2713 Custom Bucket Hat features sublimation printing, a woven label, flat bill, and OSFM fit\u2014perfect for streetwear and branding.\",\"breadcrumb\":{\"@id\":\"https:\/\/sumkcaps.com\/product\/sufox-2713-custom-woven-label-sublimation-printing-bucket-hats\/#breadcrumb\"},\"inLanguage\":\"pt-PT\",\"potentialAction\":[{\"@type\":\"ReadAction\",\"target\":[\"https:\/\/sumkcaps.com\/product\/sufox-2713-custom-woven-label-sublimation-printing-bucket-hats\/\"]}]},{\"@type\":\"ImageObject\",\"inLanguage\":\"pt-PT\",\"@id\":\"https:\/\/sumkcaps.com\/product\/sufox-2713-custom-woven-label-sublimation-printing-bucket-hats\/#primaryimage\",\"url\":\"https:\/\/sumkcaps.com\/wp-content\/uploads\/2022\/09\/Full_printing_bucket_hat.jpg\",\"contentUrl\":\"https:\/\/sumkcaps.com\/wp-content\/uploads\/2022\/09\/Full_printing_bucket_hat.jpg\",\"width\":1000,\"height\":1000},{\"@type\":\"BreadcrumbList\",\"@id\":\"https:\/\/sumkcaps.com\/product\/sufox-2713-custom-woven-label-sublimation-printing-bucket-hats\/#breadcrumb\",\"itemListElement\":[{\"@type\":\"ListItem\",\"position\":1,\"name\":\"Home\",\"item\":\"https:\/\/sumkcaps.com\/\"},{\"@type\":\"ListItem\",\"position\":2,\"name\":\"Products\",\"item\":\"https:\/\/sumkcaps.com\/product\/\"},{\"@type\":\"ListItem\",\"position\":3,\"name\":\"Sumkcaps 2713 Custom Woven Label Sublimation Printing Bucket Hats\"}]},{\"@type\":\"WebSite\",\"@id\":\"https:\/\/sumkcaps.com\/#website\",\"url\":\"https:\/\/sumkcaps.com\/\",\"name\":\"Sumkcaps-China Original Headwear Manufacturer and Suppliers\",\"description\":\"We are China Cap And Hat Original Factory, whose main business is to custom cap and hat as client&#039;s LOGO. Any cap style, any cap color, any qty, any material and qty is no problem. In one words, any small details can be customized as your request.\",\"publisher\":{\"@id\":\"https:\/\/sumkcaps.com\/#organization\"},\"potentialAction\":[{\"@type\":\"SearchAction\",\"target\":{\"@type\":\"EntryPoint\",\"urlTemplate\":\"https:\/\/sumkcaps.com\/?s={search_term_string}\"},\"query-input\":{\"@type\":\"PropertyValueSpecification\",\"valueRequired\":true,\"valueName\":\"search_term_string\"}}],\"inLanguage\":\"pt-PT\"},{\"@type\":\"Organization\",\"@id\":\"https:\/\/sumkcaps.com\/#organization\",\"name\":\"Sumkcaps-China Original Headwear Manufacturer and Suppliers\",\"url\":\"https:\/\/sumkcaps.com\/\",\"logo\":{\"@type\":\"ImageObject\",\"inLanguage\":\"pt-PT\",\"@id\":\"https:\/\/sumkcaps.com\/#\/schema\/logo\/image\/\",\"url\":\"https:\/\/sumkcaps.com\/wp-content\/uploads\/2025\/12\/1234.jpg\",\"contentUrl\":\"https:\/\/sumkcaps.com\/wp-content\/uploads\/2025\/12\/1234.jpg\",\"width\":800,\"height\":800,\"caption\":\"Sumkcaps-China Original Headwear Manufacturer and Suppliers\"},\"image\":{\"@id\":\"https:\/\/sumkcaps.com\/#\/schema\/logo\/image\/\"},\"sameAs\":[\"https:\/\/www.facebook.com\/sumkcap\",\"https:\/\/www.instagram.com\/sumkcaps7\/\",\"https:\/\/www.pinterest.com\/sumkcapschina\/\"]}]}<\/script>\n<!-- \/ Yoast SEO Premium plugin. -->","yoast_head_json":{"title":"Sufox Bon\u00e9s de balde com impress\u00e3o por sublima\u00e7\u00e3o de etiquetas tecidas personalizadas","description":"O Sumkcaps 2713 Custom Bucket Hat apresenta impress\u00e3o por sublima\u00e7\u00e3o, uma etiqueta tecida, conta plana e ajuste OSFM - perfeito para streetwear e branding.","robots":{"index":"index","follow":"follow","max-snippet":"max-snippet:-1","max-image-preview":"max-image-preview:large","max-video-preview":"max-video-preview:-1"},"canonical":"https:\/\/sumkcaps.com\/pt\/produto\/sufox-2713-impressao-por-sublimacao-de-etiquetas-tecidas-personalizadas-chapeus-de-balde\/","og_locale":"pt_PT","og_type":"article","og_title":"Sumkcaps 2713 Custom Woven Label Sublimation Printing Bucket Hats - Sumkcaps","og_description":"Sumkcaps 2713 Custom Bucket Hat features sublimation printing, a woven label, flat bill, and OSFM fit\u2014perfect for streetwear and branding.","og_url":"https:\/\/sumkcaps.com\/pt\/produto\/sufox-2713-impressao-por-sublimacao-de-etiquetas-tecidas-personalizadas-chapeus-de-balde\/","og_site_name":"Sumkcaps-China Original Headwear Manufacturer and Suppliers","article_publisher":"https:\/\/www.facebook.com\/sumkcap","article_modified_time":"2026-01-12T02:44:31+00:00","og_image":[{"width":1000,"height":1000,"url":"https:\/\/sumkcaps.com\/wp-content\/uploads\/2022\/09\/Full_printing_bucket_hat.jpg","type":"image\/jpeg"}],"twitter_card":"summary_large_image","twitter_misc":{"Tempo estimado de leitura":"2 minutos"},"schema":{"@context":"https:\/\/schema.org","@graph":[{"@type":"WebPage","@id":"https:\/\/sumkcaps.com\/product\/sufox-2713-custom-woven-label-sublimation-printing-bucket-hats\/","url":"https:\/\/sumkcaps.com\/product\/sufox-2713-custom-woven-label-sublimation-printing-bucket-hats\/","name":"Sufox Bon\u00e9s de balde com impress\u00e3o por sublima\u00e7\u00e3o de etiquetas tecidas personalizadas","isPartOf":{"@id":"https:\/\/sumkcaps.com\/#website"},"primaryImageOfPage":{"@id":"https:\/\/sumkcaps.com\/product\/sufox-2713-custom-woven-label-sublimation-printing-bucket-hats\/#primaryimage"},"image":{"@id":"https:\/\/sumkcaps.com\/product\/sufox-2713-custom-woven-label-sublimation-printing-bucket-hats\/#primaryimage"},"thumbnailUrl":"https:\/\/sumkcaps.com\/wp-content\/uploads\/2022\/09\/Full_printing_bucket_hat.jpg","datePublished":"2022-09-15T05:17:24+00:00","dateModified":"2026-01-12T02:44:31+00:00","description":"O Sumkcaps 2713 Custom Bucket Hat apresenta impress\u00e3o por sublima\u00e7\u00e3o, uma etiqueta tecida, conta plana e ajuste OSFM - perfeito para streetwear e branding.","breadcrumb":{"@id":"https:\/\/sumkcaps.com\/product\/sufox-2713-custom-woven-label-sublimation-printing-bucket-hats\/#breadcrumb"},"inLanguage":"pt-PT","potentialAction":[{"@type":"ReadAction","target":["https:\/\/sumkcaps.com\/product\/sufox-2713-custom-woven-label-sublimation-printing-bucket-hats\/"]}]},{"@type":"ImageObject","inLanguage":"pt-PT","@id":"https:\/\/sumkcaps.com\/product\/sufox-2713-custom-woven-label-sublimation-printing-bucket-hats\/#primaryimage","url":"https:\/\/sumkcaps.com\/wp-content\/uploads\/2022\/09\/Full_printing_bucket_hat.jpg","contentUrl":"https:\/\/sumkcaps.com\/wp-content\/uploads\/2022\/09\/Full_printing_bucket_hat.jpg","width":1000,"height":1000},{"@type":"BreadcrumbList","@id":"https:\/\/sumkcaps.com\/product\/sufox-2713-custom-woven-label-sublimation-printing-bucket-hats\/#breadcrumb","itemListElement":[{"@type":"ListItem","position":1,"name":"Home","item":"https:\/\/sumkcaps.com\/"},{"@type":"ListItem","position":2,"name":"Products","item":"https:\/\/sumkcaps.com\/product\/"},{"@type":"ListItem","position":3,"name":"Sumkcaps 2713 Custom Woven Label Sublimation Printing Bucket Hats"}]},{"@type":"WebSite","@id":"https:\/\/sumkcaps.com\/#website","url":"https:\/\/sumkcaps.com\/","name":"Sumkcaps-China Original Headwear Fabricante e fornecedores","description":"Somos a F\u00e1brica Original de Bon\u00e9s e Chap\u00e9us da China, cujo principal neg\u00f3cio \u00e9 personalizar bon\u00e9s e chap\u00e9us de acordo com o LOGOTIPO do cliente. Qualquer estilo de bon\u00e9, qualquer cor de bon\u00e9, qualquer quantidade, qualquer material e quantidade n\u00e3o \u00e9 problema. Por outras palavras, todos os pequenos detalhes podem ser personalizados a seu pedido.","publisher":{"@id":"https:\/\/sumkcaps.com\/#organization"},"potentialAction":[{"@type":"SearchAction","target":{"@type":"EntryPoint","urlTemplate":"https:\/\/sumkcaps.com\/?s={search_term_string}"},"query-input":{"@type":"PropertyValueSpecification","valueRequired":true,"valueName":"search_term_string"}}],"inLanguage":"pt-PT"},{"@type":"Organization","@id":"https:\/\/sumkcaps.com\/#organization","name":"Sumkcaps-China Original Headwear Fabricante e fornecedores","url":"https:\/\/sumkcaps.com\/","logo":{"@type":"ImageObject","inLanguage":"pt-PT","@id":"https:\/\/sumkcaps.com\/#\/schema\/logo\/image\/","url":"https:\/\/sumkcaps.com\/wp-content\/uploads\/2025\/12\/1234.jpg","contentUrl":"https:\/\/sumkcaps.com\/wp-content\/uploads\/2025\/12\/1234.jpg","width":800,"height":800,"caption":"Sumkcaps-China Original Headwear Manufacturer and Suppliers"},"image":{"@id":"https:\/\/sumkcaps.com\/#\/schema\/logo\/image\/"},"sameAs":["https:\/\/www.facebook.com\/sumkcap","https:\/\/www.instagram.com\/sumkcaps7\/","https:\/\/www.pinterest.com\/sumkcapschina\/"]}]}},"taxonomy_info":{"product_cat":[{"value":55,"label":"Bucket Hat Wholesale"}]},"featured_image_src_large":["https:\/\/sumkcaps.com\/wp-content\/uploads\/2022\/09\/Full_printing_bucket_hat.jpg",800,800,false],"author_info":[],"comment_info":"","_links":{"self":[{"href":"https:\/\/sumkcaps.com\/pt\/wp-json\/wp\/v2\/product\/14769","targetHints":{"allow":["GET"]}}],"collection":[{"href":"https:\/\/sumkcaps.com\/pt\/wp-json\/wp\/v2\/product"}],"about":[{"href":"https:\/\/sumkcaps.com\/pt\/wp-json\/wp\/v2\/types\/product"}],"wp:featuredmedia":[{"embeddable":true,"href":"https:\/\/sumkcaps.com\/pt\/wp-json\/wp\/v2\/media\/14770"}],"wp:attachment":[{"href":"https:\/\/sumkcaps.com\/pt\/wp-json\/wp\/v2\/media?parent=14769"}],"wp:term":[{"taxonomy":"product_brand","embeddable":true,"href":"https:\/\/sumkcaps.com\/pt\/wp-json\/wp\/v2\/product_brand?post=14769"},{"taxonomy":"product_cat","embeddable":true,"href":"https:\/\/sumkcaps.com\/pt\/wp-json\/wp\/v2\/product_cat?post=14769"},{"taxonomy":"product_tag","embeddable":true,"href":"https:\/\/sumkcaps.com\/pt\/wp-json\/wp\/v2\/product_tag?post=14769"}],"curies":[{"name":"wp","href":"https:\/\/api.w.org\/{rel}","templated":true}]}}