{"id":14763,"date":"2022-09-15T13:05:58","date_gmt":"2022-09-15T05:05:58","guid":{"rendered":"https:\/\/sumkcaps.com\/?post_type=product&#038;p=14763"},"modified":"2026-01-12T10:56:24","modified_gmt":"2026-01-12T02:56:24","slug":"sufox-2712-custom-rubber-patch-full-printing-bucket-hats","status":"publish","type":"product","link":"https:\/\/sumkcaps.com\/pt\/produto\/sufox-2712-chapeus-de-balde-personalizados-com-emblema-de-borracha-e-impressao-total\/","title":{"rendered":"Sumkcaps 2712 Chap\u00e9us de balde personalizados com remendo de borracha e impress\u00e3o total"},"content":{"rendered":"<div class=\"flex flex-col text-sm pb-25\">\n<article class=\"text-token-text-primary w-full focus:outline-none [--shadow-height:45px] has-data-writing-block:pointer-events-none has-data-writing-block:-mt-(--shadow-height) has-data-writing-block:pt-(--shadow-height) [&amp;:has([data-writing-block])&gt;*]:pointer-events-auto scroll-mt-[calc(var(--header-height)+min(200px,max(70px,20svh)))]\" dir=\"auto\" tabindex=\"-1\" data-turn-id=\"request-WEB:a19c8f3b-d9f5-4531-9910-bb9043c76dce-11\" data-testid=\"conversation-turn-24\" data-scroll-anchor=\"true\" data-turn=\"assistant\">\n<div class=\"text-base my-auto mx-auto pb-10 [--thread-content-margin:--spacing(4)] @w-sm\/main:[--thread-content-margin:--spacing(6)] @w-lg\/main:[--thread-content-margin:--spacing(16)] px-(--thread-content-margin)\">\n<div class=\"[--thread-content-max-width:40rem] @w-lg\/main:[--thread-content-max-width:48rem] mx-auto max-w-(--thread-content-max-width) flex-1 group\/turn-messages focus-visible:outline-hidden relative flex w-full min-w-0 flex-col agent-turn\" tabindex=\"-1\">\n<div class=\"flex max-w-full flex-col grow\">\n<div class=\"min-h-8 text-message relative flex w-full flex-col items-end gap-2 text-start break-words whitespace-normal [.text-message+&amp;]:mt-1\" dir=\"auto\" data-message-author-role=\"assistant\" data-message-id=\"cbddbcd5-59c1-430e-8903-ccef19375895\" data-message-model-slug=\"gpt-5-mini\">\n<div class=\"flex w-full flex-col gap-1 empty:hidden first:pt-[1px]\">\n<div class=\"markdown prose dark:prose-invert w-full break-words light markdown-new-styling\">\n<h3 data-start=\"94\" data-end=\"133\">Decora\u00e7\u00e3o<\/h3>\n<p data-start=\"134\" data-end=\"519\">Este chap\u00e9u de balde apresenta uma impress\u00e3o personalizada em toda a superf\u00edcie combinada com um emblema de borracha de qualidade superior para efeitos de marca ou decora\u00e7\u00e3o. O remendo de borracha acrescenta um elemento t\u00e1til 3D e um destaque visual duradouro, enquanto a impress\u00e3o total permite desenhos vibrantes e detalhados em todo o chap\u00e9u. Ideal para streetwear, artigos promocionais ou colec\u00e7\u00f5es de moda que procuram um estilo arrojado e uma elevada visibilidade da marca.<\/p>\n<h3 data-start=\"526\" data-end=\"548\">Material<\/h3>\n<p data-start=\"549\" data-end=\"913\">Fabricado em nylon de alta qualidade, este chap\u00e9u de balde \u00e9 leve, dur\u00e1vel e resistente ao desgaste. A superf\u00edcie lisa do nylon real\u00e7a a vivacidade dos desenhos totalmente impressos e garante uma reten\u00e7\u00e3o duradoura da cor. As suas propriedades de secagem r\u00e1pida e respir\u00e1veis tornam-no adequado para actividades ao ar livre, viagens e utiliza\u00e7\u00e3o di\u00e1ria, combinando praticidade com um estilo apelativo.<\/p>\n<h3 data-start=\"920\" data-end=\"944\">Forma<\/h3>\n<p data-start=\"945\" data-end=\"1279\">Concebido com uma silhueta cl\u00e1ssica de chap\u00e9u de balde, este estilo proporciona um visual intemporal e descontra\u00eddo. A coroa estruturada e a aba de formato uniforme criam um perfil limpo e vers\u00e1til, adequado para todas as esta\u00e7\u00f5es. A sua forma popular apela a um vasto p\u00fablico, tornando-o ideal para marcas de streetwear, colec\u00e7\u00f5es de estilo de vida e mercados de moda casual.<\/p>\n<h3 data-start=\"1286\" data-end=\"1306\">Cor<\/h3>\n<p data-start=\"1307\" data-end=\"1664\">Este chap\u00e9u de balde permite a personaliza\u00e7\u00e3o total da cor para corresponder \u00e0s diretrizes da marca ou a designs criativos. Desde padr\u00f5es arrojados a tons subtis, as op\u00e7\u00f5es de cores personalizadas proporcionam flexibilidade para um estilo \u00fanico. Combinado com a impress\u00e3o integral, o chap\u00e9u torna-se um acess\u00f3rio de destaque que pode refletir tend\u00eancias sazonais, identidade da marca ou temas promocionais com precis\u00e3o e estilo.<\/p>\n<h3 data-start=\"1671\" data-end=\"1694\">Viseira<\/h3>\n<p data-start=\"1695\" data-end=\"2025\">Com um design de aba plana, este chap\u00e9u de balde proporciona um aspeto contempor\u00e2neo e estruturado, mantendo uma cobertura total. A aba plana melhora o estilo e a funcionalidade, proporcionando um toque moderno ao cl\u00e1ssico chap\u00e9u de balde. Este design apela ao p\u00fablico que est\u00e1 na moda e aos entusiastas do streetwear que procuram uma silhueta limpa e arrojada.<\/p>\n<h3 data-start=\"2032\" data-end=\"2067\">Ajuste e tamanho<\/h3>\n<p data-start=\"2068\" data-end=\"2400\">Com um design de tamanho \u00fanico, este chap\u00e9u de balde adapta-se confortavelmente a tamanhos de cabe\u00e7a de 7 a 7 3\/4. A sua constru\u00e7\u00e3o equilibrada garante um ajuste seguro mas descontra\u00eddo para a maioria dos utilizadores. Este tamanho normalizado torna-o adequado para utiliza\u00e7\u00e3o unissexo, encomendas por grosso, distribui\u00e7\u00e3o a retalho e campanhas promocionais, simplificando a gest\u00e3o do invent\u00e1rio.<\/p>\n<h3 data-start=\"2407\" data-end=\"2428\">Tempo de resposta<\/h3>\n<p data-start=\"2429\" data-end=\"2744\" data-is-last-node=\"\" data-is-only-node=\"\">Uma produ\u00e7\u00e3o eficiente garante uma entrega atempada. A produ\u00e7\u00e3o de amostras demora 7-9 dias \u00fateis para confirma\u00e7\u00e3o do design e a produ\u00e7\u00e3o em massa \u00e9 conclu\u00edda em 18-22 dias \u00fateis. Este prazo fi\u00e1vel torna-o ideal para as marcas que planeiam colec\u00e7\u00f5es sazonais, produtos para eventos ou encomendas em massa sem comprometer a qualidade.<\/p>\n<\/div>\n<\/div>\n<\/div>\n<\/div>\n<\/div>\n<\/div>\n<\/article>\n<\/div>","protected":false},"excerpt":{"rendered":"<p>O chap\u00e9u de balde Sumkcaps 2712 Custom Rubber Patch Full Printing \u00e9 fabricado em nylon dur\u00e1vel com uma impress\u00e3o vibrante em toda a parte e um remendo de borracha de qualidade superior. Com uma forma cl\u00e1ssica de balde com um bico plano e ajuste OSFM, oferece conforto, estilo e um forte apelo de marca. Ideal para streetwear, colec\u00e7\u00f5es de moda e utiliza\u00e7\u00e3o promocional.<\/p>","protected":false},"featured_media":14764,"template":"","meta":{"_acf_changed":false,"_kad_blocks_custom_css":"","_kad_blocks_head_custom_js":"","_kad_blocks_body_custom_js":"","_kad_blocks_footer_custom_js":""},"product_brand":[],"product_cat":[55],"product_tag":[],"class_list":{"0":"post-14763","1":"product","2":"type-product","3":"status-publish","4":"has-post-thumbnail","6":"product_cat-bucket-hat-manufacturers","8":"first","9":"outofstock","10":"shipping-taxable","11":"product-type-simple"},"acf":[],"yoast_head":"<!-- This site is optimized with the Yoast SEO Premium plugin v20.8 (Yoast SEO v25.9) - https:\/\/yoast.com\/wordpress\/plugins\/seo\/ -->\n<title>Sufox Custom Rubber Patch Full Printing Bucket Hats<\/title>\n<meta name=\"description\" content=\"Sumkcaps 2712 Custom Nylon Bucket Hat features full printing, a rubber patch, flat bill, and OSFM fit\u2014perfect for streetwear and branding.\" \/>\n<meta name=\"robots\" content=\"index, follow, max-snippet:-1, max-image-preview:large, max-video-preview:-1\" \/>\n<link rel=\"canonical\" href=\"https:\/\/sumkcaps.com\/pt\/produto\/sufox-2712-chapeus-de-balde-personalizados-com-emblema-de-borracha-e-impressao-total\/\" \/>\n<meta property=\"og:locale\" content=\"pt_PT\" \/>\n<meta property=\"og:type\" content=\"article\" \/>\n<meta property=\"og:title\" content=\"Sumkcaps 2712 Custom Rubber Patch Full Printing Bucket Hats - Sumkcaps\" \/>\n<meta property=\"og:description\" content=\"Sumkcaps 2712 Custom Nylon Bucket Hat features full printing, a rubber patch, flat bill, and OSFM fit\u2014perfect for streetwear and branding.\" \/>\n<meta property=\"og:url\" content=\"https:\/\/sumkcaps.com\/pt\/produto\/sufox-2712-chapeus-de-balde-personalizados-com-emblema-de-borracha-e-impressao-total\/\" \/>\n<meta property=\"og:site_name\" content=\"Sumkcaps-China Original Headwear Manufacturer and Suppliers\" \/>\n<meta property=\"article:publisher\" content=\"https:\/\/www.facebook.com\/sumkcap\" \/>\n<meta property=\"article:modified_time\" content=\"2026-01-12T02:56:24+00:00\" \/>\n<meta property=\"og:image\" content=\"https:\/\/sumkcaps.com\/wp-content\/uploads\/2022\/09\/full_printing_bucket_hat-1.jpg\" \/>\n\t<meta property=\"og:image:width\" content=\"1000\" \/>\n\t<meta property=\"og:image:height\" content=\"1000\" \/>\n\t<meta property=\"og:image:type\" content=\"image\/jpeg\" \/>\n<meta name=\"twitter:card\" content=\"summary_large_image\" \/>\n<meta name=\"twitter:label1\" content=\"Tempo estimado de leitura\" \/>\n\t<meta name=\"twitter:data1\" content=\"2 minutos\" \/>\n<script type=\"application\/ld+json\" class=\"yoast-schema-graph\">{\"@context\":\"https:\/\/schema.org\",\"@graph\":[{\"@type\":\"WebPage\",\"@id\":\"https:\/\/sumkcaps.com\/product\/sufox-2712-custom-rubber-patch-full-printing-bucket-hats\/\",\"url\":\"https:\/\/sumkcaps.com\/product\/sufox-2712-custom-rubber-patch-full-printing-bucket-hats\/\",\"name\":\"Sufox Custom Rubber Patch Full Printing Bucket Hats\",\"isPartOf\":{\"@id\":\"https:\/\/sumkcaps.com\/#website\"},\"primaryImageOfPage\":{\"@id\":\"https:\/\/sumkcaps.com\/product\/sufox-2712-custom-rubber-patch-full-printing-bucket-hats\/#primaryimage\"},\"image\":{\"@id\":\"https:\/\/sumkcaps.com\/product\/sufox-2712-custom-rubber-patch-full-printing-bucket-hats\/#primaryimage\"},\"thumbnailUrl\":\"https:\/\/sumkcaps.com\/wp-content\/uploads\/2022\/09\/full_printing_bucket_hat-1.jpg\",\"datePublished\":\"2022-09-15T05:05:58+00:00\",\"dateModified\":\"2026-01-12T02:56:24+00:00\",\"description\":\"Sumkcaps 2712 Custom Nylon Bucket Hat features full printing, a rubber patch, flat bill, and OSFM fit\u2014perfect for streetwear and branding.\",\"breadcrumb\":{\"@id\":\"https:\/\/sumkcaps.com\/product\/sufox-2712-custom-rubber-patch-full-printing-bucket-hats\/#breadcrumb\"},\"inLanguage\":\"pt-PT\",\"potentialAction\":[{\"@type\":\"ReadAction\",\"target\":[\"https:\/\/sumkcaps.com\/product\/sufox-2712-custom-rubber-patch-full-printing-bucket-hats\/\"]}]},{\"@type\":\"ImageObject\",\"inLanguage\":\"pt-PT\",\"@id\":\"https:\/\/sumkcaps.com\/product\/sufox-2712-custom-rubber-patch-full-printing-bucket-hats\/#primaryimage\",\"url\":\"https:\/\/sumkcaps.com\/wp-content\/uploads\/2022\/09\/full_printing_bucket_hat-1.jpg\",\"contentUrl\":\"https:\/\/sumkcaps.com\/wp-content\/uploads\/2022\/09\/full_printing_bucket_hat-1.jpg\",\"width\":1000,\"height\":1000},{\"@type\":\"BreadcrumbList\",\"@id\":\"https:\/\/sumkcaps.com\/product\/sufox-2712-custom-rubber-patch-full-printing-bucket-hats\/#breadcrumb\",\"itemListElement\":[{\"@type\":\"ListItem\",\"position\":1,\"name\":\"Home\",\"item\":\"https:\/\/sumkcaps.com\/\"},{\"@type\":\"ListItem\",\"position\":2,\"name\":\"Products\",\"item\":\"https:\/\/sumkcaps.com\/product\/\"},{\"@type\":\"ListItem\",\"position\":3,\"name\":\"Sumkcaps 2712 Custom Rubber Patch Full Printing Bucket Hats\"}]},{\"@type\":\"WebSite\",\"@id\":\"https:\/\/sumkcaps.com\/#website\",\"url\":\"https:\/\/sumkcaps.com\/\",\"name\":\"Sumkcaps-China Original Headwear Manufacturer and Suppliers\",\"description\":\"We are China Cap And Hat Original Factory, whose main business is to custom cap and hat as client&#039;s LOGO. Any cap style, any cap color, any qty, any material and qty is no problem. In one words, any small details can be customized as your request.\",\"publisher\":{\"@id\":\"https:\/\/sumkcaps.com\/#organization\"},\"potentialAction\":[{\"@type\":\"SearchAction\",\"target\":{\"@type\":\"EntryPoint\",\"urlTemplate\":\"https:\/\/sumkcaps.com\/?s={search_term_string}\"},\"query-input\":{\"@type\":\"PropertyValueSpecification\",\"valueRequired\":true,\"valueName\":\"search_term_string\"}}],\"inLanguage\":\"pt-PT\"},{\"@type\":\"Organization\",\"@id\":\"https:\/\/sumkcaps.com\/#organization\",\"name\":\"Sumkcaps-China Original Headwear Manufacturer and Suppliers\",\"url\":\"https:\/\/sumkcaps.com\/\",\"logo\":{\"@type\":\"ImageObject\",\"inLanguage\":\"pt-PT\",\"@id\":\"https:\/\/sumkcaps.com\/#\/schema\/logo\/image\/\",\"url\":\"https:\/\/sumkcaps.com\/wp-content\/uploads\/2025\/12\/1234.jpg\",\"contentUrl\":\"https:\/\/sumkcaps.com\/wp-content\/uploads\/2025\/12\/1234.jpg\",\"width\":800,\"height\":800,\"caption\":\"Sumkcaps-China Original Headwear Manufacturer and Suppliers\"},\"image\":{\"@id\":\"https:\/\/sumkcaps.com\/#\/schema\/logo\/image\/\"},\"sameAs\":[\"https:\/\/www.facebook.com\/sumkcap\",\"https:\/\/www.instagram.com\/sumkcaps7\/\",\"https:\/\/www.pinterest.com\/sumkcapschina\/\"]}]}<\/script>\n<!-- \/ Yoast SEO Premium plugin. -->","yoast_head_json":{"title":"Sufox Personalizado Rubber Patch Full Printing Bucket Hats","description":"O Sumkcaps 2712 Custom Nylon Bucket Hat apresenta uma impress\u00e3o completa, um emblema de borracha, uma conta plana e um ajuste OSFM - perfeito para streetwear e branding.","robots":{"index":"index","follow":"follow","max-snippet":"max-snippet:-1","max-image-preview":"max-image-preview:large","max-video-preview":"max-video-preview:-1"},"canonical":"https:\/\/sumkcaps.com\/pt\/produto\/sufox-2712-chapeus-de-balde-personalizados-com-emblema-de-borracha-e-impressao-total\/","og_locale":"pt_PT","og_type":"article","og_title":"Sumkcaps 2712 Custom Rubber Patch Full Printing Bucket Hats - Sumkcaps","og_description":"Sumkcaps 2712 Custom Nylon Bucket Hat features full printing, a rubber patch, flat bill, and OSFM fit\u2014perfect for streetwear and branding.","og_url":"https:\/\/sumkcaps.com\/pt\/produto\/sufox-2712-chapeus-de-balde-personalizados-com-emblema-de-borracha-e-impressao-total\/","og_site_name":"Sumkcaps-China Original Headwear Manufacturer and Suppliers","article_publisher":"https:\/\/www.facebook.com\/sumkcap","article_modified_time":"2026-01-12T02:56:24+00:00","og_image":[{"width":1000,"height":1000,"url":"https:\/\/sumkcaps.com\/wp-content\/uploads\/2022\/09\/full_printing_bucket_hat-1.jpg","type":"image\/jpeg"}],"twitter_card":"summary_large_image","twitter_misc":{"Tempo estimado de leitura":"2 minutos"},"schema":{"@context":"https:\/\/schema.org","@graph":[{"@type":"WebPage","@id":"https:\/\/sumkcaps.com\/product\/sufox-2712-custom-rubber-patch-full-printing-bucket-hats\/","url":"https:\/\/sumkcaps.com\/product\/sufox-2712-custom-rubber-patch-full-printing-bucket-hats\/","name":"Sufox Personalizado Rubber Patch Full Printing Bucket Hats","isPartOf":{"@id":"https:\/\/sumkcaps.com\/#website"},"primaryImageOfPage":{"@id":"https:\/\/sumkcaps.com\/product\/sufox-2712-custom-rubber-patch-full-printing-bucket-hats\/#primaryimage"},"image":{"@id":"https:\/\/sumkcaps.com\/product\/sufox-2712-custom-rubber-patch-full-printing-bucket-hats\/#primaryimage"},"thumbnailUrl":"https:\/\/sumkcaps.com\/wp-content\/uploads\/2022\/09\/full_printing_bucket_hat-1.jpg","datePublished":"2022-09-15T05:05:58+00:00","dateModified":"2026-01-12T02:56:24+00:00","description":"O Sumkcaps 2712 Custom Nylon Bucket Hat apresenta uma impress\u00e3o completa, um emblema de borracha, uma conta plana e um ajuste OSFM - perfeito para streetwear e branding.","breadcrumb":{"@id":"https:\/\/sumkcaps.com\/product\/sufox-2712-custom-rubber-patch-full-printing-bucket-hats\/#breadcrumb"},"inLanguage":"pt-PT","potentialAction":[{"@type":"ReadAction","target":["https:\/\/sumkcaps.com\/product\/sufox-2712-custom-rubber-patch-full-printing-bucket-hats\/"]}]},{"@type":"ImageObject","inLanguage":"pt-PT","@id":"https:\/\/sumkcaps.com\/product\/sufox-2712-custom-rubber-patch-full-printing-bucket-hats\/#primaryimage","url":"https:\/\/sumkcaps.com\/wp-content\/uploads\/2022\/09\/full_printing_bucket_hat-1.jpg","contentUrl":"https:\/\/sumkcaps.com\/wp-content\/uploads\/2022\/09\/full_printing_bucket_hat-1.jpg","width":1000,"height":1000},{"@type":"BreadcrumbList","@id":"https:\/\/sumkcaps.com\/product\/sufox-2712-custom-rubber-patch-full-printing-bucket-hats\/#breadcrumb","itemListElement":[{"@type":"ListItem","position":1,"name":"Home","item":"https:\/\/sumkcaps.com\/"},{"@type":"ListItem","position":2,"name":"Products","item":"https:\/\/sumkcaps.com\/product\/"},{"@type":"ListItem","position":3,"name":"Sumkcaps 2712 Custom Rubber Patch Full Printing Bucket Hats"}]},{"@type":"WebSite","@id":"https:\/\/sumkcaps.com\/#website","url":"https:\/\/sumkcaps.com\/","name":"Sumkcaps-China Original Headwear Fabricante e fornecedores","description":"Somos a F\u00e1brica Original de Bon\u00e9s e Chap\u00e9us da China, cujo principal neg\u00f3cio \u00e9 personalizar bon\u00e9s e chap\u00e9us de acordo com o LOGOTIPO do cliente. Qualquer estilo de bon\u00e9, qualquer cor de bon\u00e9, qualquer quantidade, qualquer material e quantidade n\u00e3o \u00e9 problema. Por outras palavras, todos os pequenos detalhes podem ser personalizados a seu pedido.","publisher":{"@id":"https:\/\/sumkcaps.com\/#organization"},"potentialAction":[{"@type":"SearchAction","target":{"@type":"EntryPoint","urlTemplate":"https:\/\/sumkcaps.com\/?s={search_term_string}"},"query-input":{"@type":"PropertyValueSpecification","valueRequired":true,"valueName":"search_term_string"}}],"inLanguage":"pt-PT"},{"@type":"Organization","@id":"https:\/\/sumkcaps.com\/#organization","name":"Sumkcaps-China Original Headwear Fabricante e fornecedores","url":"https:\/\/sumkcaps.com\/","logo":{"@type":"ImageObject","inLanguage":"pt-PT","@id":"https:\/\/sumkcaps.com\/#\/schema\/logo\/image\/","url":"https:\/\/sumkcaps.com\/wp-content\/uploads\/2025\/12\/1234.jpg","contentUrl":"https:\/\/sumkcaps.com\/wp-content\/uploads\/2025\/12\/1234.jpg","width":800,"height":800,"caption":"Sumkcaps-China Original Headwear Manufacturer and Suppliers"},"image":{"@id":"https:\/\/sumkcaps.com\/#\/schema\/logo\/image\/"},"sameAs":["https:\/\/www.facebook.com\/sumkcap","https:\/\/www.instagram.com\/sumkcaps7\/","https:\/\/www.pinterest.com\/sumkcapschina\/"]}]}},"taxonomy_info":{"product_cat":[{"value":55,"label":"Bucket Hat Wholesale"}]},"featured_image_src_large":["https:\/\/sumkcaps.com\/wp-content\/uploads\/2022\/09\/full_printing_bucket_hat-1.jpg",800,800,false],"author_info":[],"comment_info":"","_links":{"self":[{"href":"https:\/\/sumkcaps.com\/pt\/wp-json\/wp\/v2\/product\/14763","targetHints":{"allow":["GET"]}}],"collection":[{"href":"https:\/\/sumkcaps.com\/pt\/wp-json\/wp\/v2\/product"}],"about":[{"href":"https:\/\/sumkcaps.com\/pt\/wp-json\/wp\/v2\/types\/product"}],"wp:featuredmedia":[{"embeddable":true,"href":"https:\/\/sumkcaps.com\/pt\/wp-json\/wp\/v2\/media\/14764"}],"wp:attachment":[{"href":"https:\/\/sumkcaps.com\/pt\/wp-json\/wp\/v2\/media?parent=14763"}],"wp:term":[{"taxonomy":"product_brand","embeddable":true,"href":"https:\/\/sumkcaps.com\/pt\/wp-json\/wp\/v2\/product_brand?post=14763"},{"taxonomy":"product_cat","embeddable":true,"href":"https:\/\/sumkcaps.com\/pt\/wp-json\/wp\/v2\/product_cat?post=14763"},{"taxonomy":"product_tag","embeddable":true,"href":"https:\/\/sumkcaps.com\/pt\/wp-json\/wp\/v2\/product_tag?post=14763"}],"curies":[{"name":"wp","href":"https:\/\/api.w.org\/{rel}","templated":true}]}}