{"id":14200,"date":"2022-09-06T08:07:32","date_gmt":"2022-09-06T00:07:32","guid":{"rendered":"https:\/\/sumkcaps.com\/?post_type=product&#038;p=14200"},"modified":"2024-03-27T16:58:39","modified_gmt":"2024-03-27T08:58:39","slug":"sufox-custom-leather-patch-trucker-hats","status":"publish","type":"product","link":"https:\/\/sumkcaps.com\/pt\/produto\/sufox-chapeus-de-camionista-com-remendos-de-couro-personalizados\/","title":{"rendered":"Chap\u00e9us de camionista com remendos de couro personalizados Sumkcaps"},"content":{"rendered":"<h2 style=\"text-align: center;\"><b>Re chap\u00e9u de camionista com remendo de couro personalizado que podemos fazer para voc\u00ea como abaixo:<\/b><\/h2>\n<p>&nbsp;<\/p>\n<p>1.  Coloca\u00e7\u00e3o do remendo de couro como mostra a imagem abaixo:                     2. Cor do remendo de couro como abaixo:                                                 3. Forma do remendo de couro:<\/p>\n<p><img fetchpriority=\"high\" decoding=\"async\" class=\"alignnone size-medium wp-image-14207\" src=\"https:\/\/sumkcaps.com\/wp-content\/uploads\/2022\/09\/A3-\u76ae\u6807\u4f4d\u7f6e-300x300.jpg\" alt=\"\" width=\"300\" height=\"300\" srcset=\"https:\/\/sumkcaps.com\/wp-content\/uploads\/2022\/09\/A3-\u76ae\u6807\u4f4d\u7f6e-300x300.jpg 300w, https:\/\/sumkcaps.com\/wp-content\/uploads\/2022\/09\/A3-\u76ae\u6807\u4f4d\u7f6e-100x100.jpg 100w, https:\/\/sumkcaps.com\/wp-content\/uploads\/2022\/09\/A3-\u76ae\u6807\u4f4d\u7f6e-510x510.jpg 510w, https:\/\/sumkcaps.com\/wp-content\/uploads\/2022\/09\/A3-\u76ae\u6807\u4f4d\u7f6e-150x150.jpg 150w, https:\/\/sumkcaps.com\/wp-content\/uploads\/2022\/09\/A3-\u76ae\u6807\u4f4d\u7f6e-50x50.jpg 50w, https:\/\/sumkcaps.com\/wp-content\/uploads\/2022\/09\/A3-\u76ae\u6807\u4f4d\u7f6e.jpg 750w\" sizes=\"(max-width: 300px) 100vw, 300px\" \/>\u00a0 \u00a0 \u00a0 \u00a0 \u00a0 \u00a0 \u00a0 \u00a0 \u00a0 \u00a0 \u00a0 \u00a0 \u00a0 \u00a0 \u00a0 <img decoding=\"async\" class=\"alignnone size-medium wp-image-14208\" src=\"https:\/\/sumkcaps.com\/wp-content\/uploads\/2022\/09\/A4-\u76ae\u6807\u989c\u8272-300x300.jpg\" alt=\"cor do remendo de couro\" width=\"300\" height=\"300\" srcset=\"https:\/\/sumkcaps.com\/wp-content\/uploads\/2022\/09\/A4-\u76ae\u6807\u989c\u8272-300x300.jpg 300w, https:\/\/sumkcaps.com\/wp-content\/uploads\/2022\/09\/A4-\u76ae\u6807\u989c\u8272-100x100.jpg 100w, https:\/\/sumkcaps.com\/wp-content\/uploads\/2022\/09\/A4-\u76ae\u6807\u989c\u8272-510x510.jpg 510w, https:\/\/sumkcaps.com\/wp-content\/uploads\/2022\/09\/A4-\u76ae\u6807\u989c\u8272-150x150.jpg 150w, https:\/\/sumkcaps.com\/wp-content\/uploads\/2022\/09\/A4-\u76ae\u6807\u989c\u8272-50x50.jpg 50w, https:\/\/sumkcaps.com\/wp-content\/uploads\/2022\/09\/A4-\u76ae\u6807\u989c\u8272.jpg 750w\" sizes=\"(max-width: 300px) 100vw, 300px\" \/>\u00a0 \u00a0 \u00a0 \u00a0 \u00a0 \u00a0 \u00a0 \u00a0 \u00a0 \u00a0 \u00a0 \u00a0 \u00a0 \u00a0 <img decoding=\"async\" class=\"alignnone size-medium wp-image-14209\" src=\"https:\/\/sumkcaps.com\/wp-content\/uploads\/2022\/09\/A9-\u76ae\u6807\u5f62\u72b6-300x300.jpg\" alt=\"\" width=\"300\" height=\"300\" srcset=\"https:\/\/sumkcaps.com\/wp-content\/uploads\/2022\/09\/A9-\u76ae\u6807\u5f62\u72b6-300x300.jpg 300w, https:\/\/sumkcaps.com\/wp-content\/uploads\/2022\/09\/A9-\u76ae\u6807\u5f62\u72b6-100x100.jpg 100w, https:\/\/sumkcaps.com\/wp-content\/uploads\/2022\/09\/A9-\u76ae\u6807\u5f62\u72b6-510x510.jpg 510w, https:\/\/sumkcaps.com\/wp-content\/uploads\/2022\/09\/A9-\u76ae\u6807\u5f62\u72b6-150x150.jpg 150w, https:\/\/sumkcaps.com\/wp-content\/uploads\/2022\/09\/A9-\u76ae\u6807\u5f62\u72b6-50x50.jpg 50w, https:\/\/sumkcaps.com\/wp-content\/uploads\/2022\/09\/A9-\u76ae\u6807\u5f62\u72b6.jpg 750w\" sizes=\"(max-width: 300px) 100vw, 300px\" \/><\/p>\n<p>4. Cores dos chap\u00e9us 5. Os nossos trabalhos:<\/p>\n<p><img loading=\"lazy\" decoding=\"async\" class=\"alignnone size-medium wp-image-14214\" src=\"https:\/\/sumkcaps.com\/wp-content\/uploads\/2022\/09\/SKU-\u5e3d\u5b50\u989c\u8272-300x300.jpg\" alt=\"cores de chap\u00e9us de camionista personalizados\" width=\"300\" height=\"300\" srcset=\"https:\/\/sumkcaps.com\/wp-content\/uploads\/2022\/09\/SKU-\u5e3d\u5b50\u989c\u8272-300x300.jpg 300w, https:\/\/sumkcaps.com\/wp-content\/uploads\/2022\/09\/SKU-\u5e3d\u5b50\u989c\u8272-100x100.jpg 100w, https:\/\/sumkcaps.com\/wp-content\/uploads\/2022\/09\/SKU-\u5e3d\u5b50\u989c\u8272-510x510.jpg 510w, https:\/\/sumkcaps.com\/wp-content\/uploads\/2022\/09\/SKU-\u5e3d\u5b50\u989c\u8272-150x150.jpg 150w, https:\/\/sumkcaps.com\/wp-content\/uploads\/2022\/09\/SKU-\u5e3d\u5b50\u989c\u8272-50x50.jpg 50w, https:\/\/sumkcaps.com\/wp-content\/uploads\/2022\/09\/SKU-\u5e3d\u5b50\u989c\u8272.jpg 750w\" sizes=\"(max-width: 300px) 100vw, 300px\" \/>\u00a0 \u00a0 \u00a0 \u00a0 \u00a0 \u00a0 \u00a0 \u00a0 \u00a0 \u00a0 \u00a0 \u00a0 \u00a0 \u00a0 \u00a0 \u00a0 \u00a0 \u00a0 \u00a0 \u00a0 \u00a0 \u00a0 \u00a0 \u00a0 \u00a0 \u00a0 \u00a0 \u00a0 \u00a0 \u00a0 \u00a0 \u00a0<img loading=\"lazy\" decoding=\"async\" class=\"alignnone size-medium wp-image-14210\" src=\"https:\/\/sumkcaps.com\/wp-content\/uploads\/2022\/09\/A7-300x300.jpg\" alt=\"\" width=\"300\" height=\"300\" srcset=\"https:\/\/sumkcaps.com\/wp-content\/uploads\/2022\/09\/A7-300x300.jpg 300w, https:\/\/sumkcaps.com\/wp-content\/uploads\/2022\/09\/A7-100x100.jpg 100w, https:\/\/sumkcaps.com\/wp-content\/uploads\/2022\/09\/A7-510x510.jpg 510w, https:\/\/sumkcaps.com\/wp-content\/uploads\/2022\/09\/A7-150x150.jpg 150w, https:\/\/sumkcaps.com\/wp-content\/uploads\/2022\/09\/A7-50x50.jpg 50w, https:\/\/sumkcaps.com\/wp-content\/uploads\/2022\/09\/A7.jpg 750w\" sizes=\"(max-width: 300px) 100vw, 300px\" \/> <img loading=\"lazy\" decoding=\"async\" class=\"alignnone size-medium wp-image-14211\" src=\"https:\/\/sumkcaps.com\/wp-content\/uploads\/2022\/09\/custom_trucker_hat_leather_patch-5-1-300x300.jpg\" alt=\"\" width=\"300\" height=\"300\" srcset=\"https:\/\/sumkcaps.com\/wp-content\/uploads\/2022\/09\/custom_trucker_hat_leather_patch-5-1-300x300.jpg 300w, https:\/\/sumkcaps.com\/wp-content\/uploads\/2022\/09\/custom_trucker_hat_leather_patch-5-1-100x100.jpg 100w, https:\/\/sumkcaps.com\/wp-content\/uploads\/2022\/09\/custom_trucker_hat_leather_patch-5-1-510x510.jpg 510w, https:\/\/sumkcaps.com\/wp-content\/uploads\/2022\/09\/custom_trucker_hat_leather_patch-5-1-150x150.jpg 150w, https:\/\/sumkcaps.com\/wp-content\/uploads\/2022\/09\/custom_trucker_hat_leather_patch-5-1-50x50.jpg 50w, https:\/\/sumkcaps.com\/wp-content\/uploads\/2022\/09\/custom_trucker_hat_leather_patch-5-1.jpg 750w\" sizes=\"(max-width: 300px) 100vw, 300px\" \/><\/p>","protected":false},"excerpt":{"rendered":"<p>Chap\u00e9us de camionista de 6 pain\u00e9is com remendo de couro personalizado \u00e9 o estilo de bon\u00e9 mais popular e cl\u00e1ssico, \u00e9 o mesmo estilo de chap\u00e9u Richard 112. Pode mudar o seu log\u00f3tipo facilmente.<\/p>","protected":false},"featured_media":14201,"template":"","meta":{"_acf_changed":false,"_kad_blocks_custom_css":"","_kad_blocks_head_custom_js":"","_kad_blocks_body_custom_js":"","_kad_blocks_footer_custom_js":""},"product_brand":[],"product_cat":[693],"product_tag":[],"class_list":{"0":"post-14200","1":"product","2":"type-product","3":"status-publish","4":"has-post-thumbnail","6":"product_cat-hat","8":"first","9":"outofstock","10":"featured","11":"shipping-taxable","12":"product-type-simple"},"acf":[],"yoast_head":"<!-- This site is optimized with the Yoast SEO Premium plugin v20.8 (Yoast SEO v25.9) - https:\/\/yoast.com\/wordpress\/plugins\/seo\/ -->\n<title>Sufox Custom Leather Patch Trucker Hats<\/title>\n<meta name=\"description\" content=\"Promote Your Brand With Custom Leather Patch Trucker Hats. Low Minimums (200). 13 Years In Business. Fast Shipping. Satisfaction Guaranteed. Shop Online Now\" \/>\n<meta name=\"robots\" content=\"index, follow, max-snippet:-1, max-image-preview:large, max-video-preview:-1\" \/>\n<link rel=\"canonical\" href=\"https:\/\/sumkcaps.com\/pt\/produto\/sufox-chapeus-de-camionista-com-remendos-de-couro-personalizados\/\" \/>\n<meta property=\"og:locale\" content=\"pt_PT\" \/>\n<meta property=\"og:type\" content=\"article\" \/>\n<meta property=\"og:title\" content=\"Sumkcaps Custom Leather Patch Trucker Hats - Sumkcaps\" \/>\n<meta property=\"og:description\" content=\"Promote Your Brand With Custom Leather Patch Trucker Hats. Low Minimums (200). 13 Years In Business. Fast Shipping. Satisfaction Guaranteed. Shop Online Now\" \/>\n<meta property=\"og:url\" content=\"https:\/\/sumkcaps.com\/pt\/produto\/sufox-chapeus-de-camionista-com-remendos-de-couro-personalizados\/\" \/>\n<meta property=\"og:site_name\" content=\"Sumkcaps-China Original Headwear Manufacturer and Suppliers\" \/>\n<meta property=\"article:publisher\" content=\"https:\/\/www.facebook.com\/sumkcap\" \/>\n<meta property=\"article:modified_time\" content=\"2024-03-27T08:58:39+00:00\" \/>\n<meta property=\"og:image\" content=\"https:\/\/sumkcaps.com\/wp-content\/uploads\/2022\/09\/custom_trucker_hat_leather_patch-1.jpg\" \/>\n\t<meta property=\"og:image:width\" content=\"750\" \/>\n\t<meta property=\"og:image:height\" content=\"750\" \/>\n\t<meta property=\"og:image:type\" content=\"image\/jpeg\" \/>\n<meta name=\"twitter:card\" content=\"summary_large_image\" \/>\n<meta name=\"twitter:label1\" content=\"Tempo estimado de leitura\" \/>\n\t<meta name=\"twitter:data1\" content=\"2 minutos\" \/>\n<script type=\"application\/ld+json\" class=\"yoast-schema-graph\">{\"@context\":\"https:\/\/schema.org\",\"@graph\":[{\"@type\":\"WebPage\",\"@id\":\"https:\/\/sumkcaps.com\/product\/sufox-custom-leather-patch-trucker-hats\/\",\"url\":\"https:\/\/sumkcaps.com\/product\/sufox-custom-leather-patch-trucker-hats\/\",\"name\":\"Sufox Custom Leather Patch Trucker Hats\",\"isPartOf\":{\"@id\":\"https:\/\/sumkcaps.com\/#website\"},\"primaryImageOfPage\":{\"@id\":\"https:\/\/sumkcaps.com\/product\/sufox-custom-leather-patch-trucker-hats\/#primaryimage\"},\"image\":{\"@id\":\"https:\/\/sumkcaps.com\/product\/sufox-custom-leather-patch-trucker-hats\/#primaryimage\"},\"thumbnailUrl\":\"https:\/\/sumkcaps.com\/wp-content\/uploads\/2022\/09\/custom_trucker_hat_leather_patch-1.jpg\",\"datePublished\":\"2022-09-06T00:07:32+00:00\",\"dateModified\":\"2024-03-27T08:58:39+00:00\",\"description\":\"Promote Your Brand With Custom Leather Patch Trucker Hats. Low Minimums (200). 13 Years In Business. Fast Shipping. Satisfaction Guaranteed. Shop Online Now\",\"breadcrumb\":{\"@id\":\"https:\/\/sumkcaps.com\/product\/sufox-custom-leather-patch-trucker-hats\/#breadcrumb\"},\"inLanguage\":\"pt-PT\",\"potentialAction\":[{\"@type\":\"ReadAction\",\"target\":[\"https:\/\/sumkcaps.com\/product\/sufox-custom-leather-patch-trucker-hats\/\"]}]},{\"@type\":\"ImageObject\",\"inLanguage\":\"pt-PT\",\"@id\":\"https:\/\/sumkcaps.com\/product\/sufox-custom-leather-patch-trucker-hats\/#primaryimage\",\"url\":\"https:\/\/sumkcaps.com\/wp-content\/uploads\/2022\/09\/custom_trucker_hat_leather_patch-1.jpg\",\"contentUrl\":\"https:\/\/sumkcaps.com\/wp-content\/uploads\/2022\/09\/custom_trucker_hat_leather_patch-1.jpg\",\"width\":750,\"height\":750},{\"@type\":\"BreadcrumbList\",\"@id\":\"https:\/\/sumkcaps.com\/product\/sufox-custom-leather-patch-trucker-hats\/#breadcrumb\",\"itemListElement\":[{\"@type\":\"ListItem\",\"position\":1,\"name\":\"Home\",\"item\":\"https:\/\/sumkcaps.com\/\"},{\"@type\":\"ListItem\",\"position\":2,\"name\":\"Products\",\"item\":\"https:\/\/sumkcaps.com\/product\/\"},{\"@type\":\"ListItem\",\"position\":3,\"name\":\"Sufox Custom Leather Patch Trucker Hats\"}]},{\"@type\":\"WebSite\",\"@id\":\"https:\/\/sumkcaps.com\/#website\",\"url\":\"https:\/\/sumkcaps.com\/\",\"name\":\"Sumkcaps-China Original Headwear Manufacturer and Suppliers\",\"description\":\"We are China Cap And Hat Original Factory, whose main business is to custom cap and hat as client&#039;s LOGO. Any cap style, any cap color, any qty, any material and qty is no problem. In one words, any small details can be customized as your request.\",\"publisher\":{\"@id\":\"https:\/\/sumkcaps.com\/#organization\"},\"potentialAction\":[{\"@type\":\"SearchAction\",\"target\":{\"@type\":\"EntryPoint\",\"urlTemplate\":\"https:\/\/sumkcaps.com\/?s={search_term_string}\"},\"query-input\":{\"@type\":\"PropertyValueSpecification\",\"valueRequired\":true,\"valueName\":\"search_term_string\"}}],\"inLanguage\":\"pt-PT\"},{\"@type\":\"Organization\",\"@id\":\"https:\/\/sumkcaps.com\/#organization\",\"name\":\"Sumkcaps-China Original Headwear Manufacturer and Suppliers\",\"url\":\"https:\/\/sumkcaps.com\/\",\"logo\":{\"@type\":\"ImageObject\",\"inLanguage\":\"pt-PT\",\"@id\":\"https:\/\/sumkcaps.com\/#\/schema\/logo\/image\/\",\"url\":\"https:\/\/sumkcaps.com\/wp-content\/uploads\/2025\/12\/1234.jpg\",\"contentUrl\":\"https:\/\/sumkcaps.com\/wp-content\/uploads\/2025\/12\/1234.jpg\",\"width\":800,\"height\":800,\"caption\":\"Sumkcaps-China Original Headwear Manufacturer and Suppliers\"},\"image\":{\"@id\":\"https:\/\/sumkcaps.com\/#\/schema\/logo\/image\/\"},\"sameAs\":[\"https:\/\/www.facebook.com\/sumkcap\",\"https:\/\/www.instagram.com\/sumkcaps7\/\",\"https:\/\/www.pinterest.com\/sumkcapschina\/\"]}]}<\/script>\n<!-- \/ Yoast SEO Premium plugin. -->","yoast_head_json":{"title":"Sufox Custom Leather Patch Trucker Hats","description":"Promova a sua marca com chap\u00e9us de camionista com remendos em pele personalizados. M\u00ednimos baixos (200). 13 anos de atividade. Envio r\u00e1pido. Satisfa\u00e7\u00e3o garantida. Compre online agora","robots":{"index":"index","follow":"follow","max-snippet":"max-snippet:-1","max-image-preview":"max-image-preview:large","max-video-preview":"max-video-preview:-1"},"canonical":"https:\/\/sumkcaps.com\/pt\/produto\/sufox-chapeus-de-camionista-com-remendos-de-couro-personalizados\/","og_locale":"pt_PT","og_type":"article","og_title":"Sumkcaps Custom Leather Patch Trucker Hats - Sumkcaps","og_description":"Promote Your Brand With Custom Leather Patch Trucker Hats. Low Minimums (200). 13 Years In Business. Fast Shipping. Satisfaction Guaranteed. Shop Online Now","og_url":"https:\/\/sumkcaps.com\/pt\/produto\/sufox-chapeus-de-camionista-com-remendos-de-couro-personalizados\/","og_site_name":"Sumkcaps-China Original Headwear Manufacturer and Suppliers","article_publisher":"https:\/\/www.facebook.com\/sumkcap","article_modified_time":"2024-03-27T08:58:39+00:00","og_image":[{"width":750,"height":750,"url":"https:\/\/sumkcaps.com\/wp-content\/uploads\/2022\/09\/custom_trucker_hat_leather_patch-1.jpg","type":"image\/jpeg"}],"twitter_card":"summary_large_image","twitter_misc":{"Tempo estimado de leitura":"2 minutos"},"schema":{"@context":"https:\/\/schema.org","@graph":[{"@type":"WebPage","@id":"https:\/\/sumkcaps.com\/product\/sufox-custom-leather-patch-trucker-hats\/","url":"https:\/\/sumkcaps.com\/product\/sufox-custom-leather-patch-trucker-hats\/","name":"Sufox Custom Leather Patch Trucker Hats","isPartOf":{"@id":"https:\/\/sumkcaps.com\/#website"},"primaryImageOfPage":{"@id":"https:\/\/sumkcaps.com\/product\/sufox-custom-leather-patch-trucker-hats\/#primaryimage"},"image":{"@id":"https:\/\/sumkcaps.com\/product\/sufox-custom-leather-patch-trucker-hats\/#primaryimage"},"thumbnailUrl":"https:\/\/sumkcaps.com\/wp-content\/uploads\/2022\/09\/custom_trucker_hat_leather_patch-1.jpg","datePublished":"2022-09-06T00:07:32+00:00","dateModified":"2024-03-27T08:58:39+00:00","description":"Promova a sua marca com chap\u00e9us de camionista com remendos em pele personalizados. M\u00ednimos baixos (200). 13 anos de atividade. Envio r\u00e1pido. Satisfa\u00e7\u00e3o garantida. Compre online agora","breadcrumb":{"@id":"https:\/\/sumkcaps.com\/product\/sufox-custom-leather-patch-trucker-hats\/#breadcrumb"},"inLanguage":"pt-PT","potentialAction":[{"@type":"ReadAction","target":["https:\/\/sumkcaps.com\/product\/sufox-custom-leather-patch-trucker-hats\/"]}]},{"@type":"ImageObject","inLanguage":"pt-PT","@id":"https:\/\/sumkcaps.com\/product\/sufox-custom-leather-patch-trucker-hats\/#primaryimage","url":"https:\/\/sumkcaps.com\/wp-content\/uploads\/2022\/09\/custom_trucker_hat_leather_patch-1.jpg","contentUrl":"https:\/\/sumkcaps.com\/wp-content\/uploads\/2022\/09\/custom_trucker_hat_leather_patch-1.jpg","width":750,"height":750},{"@type":"BreadcrumbList","@id":"https:\/\/sumkcaps.com\/product\/sufox-custom-leather-patch-trucker-hats\/#breadcrumb","itemListElement":[{"@type":"ListItem","position":1,"name":"Home","item":"https:\/\/sumkcaps.com\/"},{"@type":"ListItem","position":2,"name":"Products","item":"https:\/\/sumkcaps.com\/product\/"},{"@type":"ListItem","position":3,"name":"Sufox Custom Leather Patch Trucker Hats"}]},{"@type":"WebSite","@id":"https:\/\/sumkcaps.com\/#website","url":"https:\/\/sumkcaps.com\/","name":"Sumkcaps-China Original Headwear Fabricante e fornecedores","description":"Somos a F\u00e1brica Original de Bon\u00e9s e Chap\u00e9us da China, cujo principal neg\u00f3cio \u00e9 personalizar bon\u00e9s e chap\u00e9us de acordo com o LOGOTIPO do cliente. Qualquer estilo de bon\u00e9, qualquer cor de bon\u00e9, qualquer quantidade, qualquer material e quantidade n\u00e3o \u00e9 problema. Por outras palavras, todos os pequenos detalhes podem ser personalizados a seu pedido.","publisher":{"@id":"https:\/\/sumkcaps.com\/#organization"},"potentialAction":[{"@type":"SearchAction","target":{"@type":"EntryPoint","urlTemplate":"https:\/\/sumkcaps.com\/?s={search_term_string}"},"query-input":{"@type":"PropertyValueSpecification","valueRequired":true,"valueName":"search_term_string"}}],"inLanguage":"pt-PT"},{"@type":"Organization","@id":"https:\/\/sumkcaps.com\/#organization","name":"Sumkcaps-China Original Headwear Fabricante e fornecedores","url":"https:\/\/sumkcaps.com\/","logo":{"@type":"ImageObject","inLanguage":"pt-PT","@id":"https:\/\/sumkcaps.com\/#\/schema\/logo\/image\/","url":"https:\/\/sumkcaps.com\/wp-content\/uploads\/2025\/12\/1234.jpg","contentUrl":"https:\/\/sumkcaps.com\/wp-content\/uploads\/2025\/12\/1234.jpg","width":800,"height":800,"caption":"Sumkcaps-China Original Headwear Manufacturer and Suppliers"},"image":{"@id":"https:\/\/sumkcaps.com\/#\/schema\/logo\/image\/"},"sameAs":["https:\/\/www.facebook.com\/sumkcap","https:\/\/www.instagram.com\/sumkcaps7\/","https:\/\/www.pinterest.com\/sumkcapschina\/"]}]}},"taxonomy_info":{"product_cat":[{"value":693,"label":"Hat"}]},"featured_image_src_large":["https:\/\/sumkcaps.com\/wp-content\/uploads\/2022\/09\/custom_trucker_hat_leather_patch-1.jpg",750,750,false],"author_info":[],"comment_info":"","_links":{"self":[{"href":"https:\/\/sumkcaps.com\/pt\/wp-json\/wp\/v2\/product\/14200","targetHints":{"allow":["GET"]}}],"collection":[{"href":"https:\/\/sumkcaps.com\/pt\/wp-json\/wp\/v2\/product"}],"about":[{"href":"https:\/\/sumkcaps.com\/pt\/wp-json\/wp\/v2\/types\/product"}],"wp:featuredmedia":[{"embeddable":true,"href":"https:\/\/sumkcaps.com\/pt\/wp-json\/wp\/v2\/media\/14201"}],"wp:attachment":[{"href":"https:\/\/sumkcaps.com\/pt\/wp-json\/wp\/v2\/media?parent=14200"}],"wp:term":[{"taxonomy":"product_brand","embeddable":true,"href":"https:\/\/sumkcaps.com\/pt\/wp-json\/wp\/v2\/product_brand?post=14200"},{"taxonomy":"product_cat","embeddable":true,"href":"https:\/\/sumkcaps.com\/pt\/wp-json\/wp\/v2\/product_cat?post=14200"},{"taxonomy":"product_tag","embeddable":true,"href":"https:\/\/sumkcaps.com\/pt\/wp-json\/wp\/v2\/product_tag?post=14200"}],"curies":[{"name":"wp","href":"https:\/\/api.w.org\/{rel}","templated":true}]}}