{"id":10629,"date":"2022-07-17T16:39:24","date_gmt":"2022-07-17T08:39:24","guid":{"rendered":"https:\/\/sumkcaps.com\/?post_type=product&#038;p=10629"},"modified":"2024-03-27T16:58:42","modified_gmt":"2024-03-27T08:58:42","slug":"puff-printing-logo-trucker-hat","status":"publish","type":"product","link":"https:\/\/sumkcaps.com\/pt\/produto\/bone-de-camionista-com-logotipo-impresso-em-puff\/","title":{"rendered":"Chap\u00e9u de camionista com log\u00f3tipo de impress\u00e3o Puff"},"content":{"rendered":"","protected":false},"excerpt":{"rendered":"<p>O log\u00f3tipo de impress\u00e3o de puff \u00e9 uma tend\u00eancia popular, o chap\u00e9u da marinha com log\u00f3tipo rosa parece \u00fanico e popular. pode ser personalizado como o seu pr\u00f3prio log\u00f3tipo. o log\u00f3tipo e a cor do chap\u00e9u podem ser personalizados conforme o seu pedido.<\/p>","protected":false},"featured_media":10630,"template":"","meta":{"_acf_changed":false,"_kad_blocks_custom_css":"","_kad_blocks_head_custom_js":"","_kad_blocks_body_custom_js":"","_kad_blocks_footer_custom_js":""},"product_brand":[],"product_cat":[693],"product_tag":[],"class_list":{"0":"post-10629","1":"product","2":"type-product","3":"status-publish","4":"has-post-thumbnail","6":"product_cat-hat","8":"first","9":"outofstock","10":"featured","11":"shipping-taxable","12":"product-type-simple"},"acf":[],"yoast_head":"<!-- This site is optimized with the Yoast SEO Premium plugin v20.8 (Yoast SEO v25.9) - https:\/\/yoast.com\/wordpress\/plugins\/seo\/ -->\n<title>Puff Printing Logo Trucker Hat - Sumkcaps<\/title>\n<meta name=\"robots\" content=\"index, follow, max-snippet:-1, max-image-preview:large, max-video-preview:-1\" \/>\n<link rel=\"canonical\" href=\"https:\/\/sumkcaps.com\/pt\/produto\/bone-de-camionista-com-logotipo-impresso-em-puff\/\" \/>\n<meta property=\"og:locale\" content=\"pt_PT\" \/>\n<meta property=\"og:type\" content=\"article\" \/>\n<meta property=\"og:title\" content=\"Puff Printing Logo Trucker Hat - Sumkcaps\" \/>\n<meta property=\"og:description\" content=\"Puff printing logo is one popular trend, navy hat with pink logo looks unique and popular. can custom as your own logo. logo and hat color can be customized as your request.\" \/>\n<meta property=\"og:url\" content=\"https:\/\/sumkcaps.com\/pt\/produto\/bone-de-camionista-com-logotipo-impresso-em-puff\/\" \/>\n<meta property=\"og:site_name\" content=\"Sumkcaps-China Original Headwear Manufacturer and Suppliers\" \/>\n<meta property=\"article:publisher\" content=\"https:\/\/www.facebook.com\/sumkcap\" \/>\n<meta property=\"article:modified_time\" content=\"2024-03-27T08:58:42+00:00\" \/>\n<meta property=\"og:image\" content=\"https:\/\/sumkcaps.com\/wp-content\/uploads\/2022\/07\/A1.jpg\" \/>\n\t<meta property=\"og:image:width\" content=\"750\" \/>\n\t<meta property=\"og:image:height\" content=\"750\" \/>\n\t<meta property=\"og:image:type\" content=\"image\/jpeg\" \/>\n<meta name=\"twitter:card\" content=\"summary_large_image\" \/>\n<script type=\"application\/ld+json\" class=\"yoast-schema-graph\">{\"@context\":\"https:\/\/schema.org\",\"@graph\":[{\"@type\":\"WebPage\",\"@id\":\"https:\/\/sumkcaps.com\/product\/puff-printing-logo-trucker-hat\/\",\"url\":\"https:\/\/sumkcaps.com\/product\/puff-printing-logo-trucker-hat\/\",\"name\":\"Puff Printing Logo Trucker Hat - Sumkcaps\",\"isPartOf\":{\"@id\":\"https:\/\/sumkcaps.com\/#website\"},\"primaryImageOfPage\":{\"@id\":\"https:\/\/sumkcaps.com\/product\/puff-printing-logo-trucker-hat\/#primaryimage\"},\"image\":{\"@id\":\"https:\/\/sumkcaps.com\/product\/puff-printing-logo-trucker-hat\/#primaryimage\"},\"thumbnailUrl\":\"https:\/\/sumkcaps.com\/wp-content\/uploads\/2022\/07\/A1.jpg\",\"datePublished\":\"2022-07-17T08:39:24+00:00\",\"dateModified\":\"2024-03-27T08:58:42+00:00\",\"breadcrumb\":{\"@id\":\"https:\/\/sumkcaps.com\/product\/puff-printing-logo-trucker-hat\/#breadcrumb\"},\"inLanguage\":\"pt-PT\",\"potentialAction\":[{\"@type\":\"ReadAction\",\"target\":[\"https:\/\/sumkcaps.com\/product\/puff-printing-logo-trucker-hat\/\"]}]},{\"@type\":\"ImageObject\",\"inLanguage\":\"pt-PT\",\"@id\":\"https:\/\/sumkcaps.com\/product\/puff-printing-logo-trucker-hat\/#primaryimage\",\"url\":\"https:\/\/sumkcaps.com\/wp-content\/uploads\/2022\/07\/A1.jpg\",\"contentUrl\":\"https:\/\/sumkcaps.com\/wp-content\/uploads\/2022\/07\/A1.jpg\",\"width\":750,\"height\":750},{\"@type\":\"BreadcrumbList\",\"@id\":\"https:\/\/sumkcaps.com\/product\/puff-printing-logo-trucker-hat\/#breadcrumb\",\"itemListElement\":[{\"@type\":\"ListItem\",\"position\":1,\"name\":\"Home\",\"item\":\"https:\/\/sumkcaps.com\/\"},{\"@type\":\"ListItem\",\"position\":2,\"name\":\"Products\",\"item\":\"https:\/\/sumkcaps.com\/product\/\"},{\"@type\":\"ListItem\",\"position\":3,\"name\":\"Puff Printing Logo Trucker Hat\"}]},{\"@type\":\"WebSite\",\"@id\":\"https:\/\/sumkcaps.com\/#website\",\"url\":\"https:\/\/sumkcaps.com\/\",\"name\":\"Sumkcaps-China Original Headwear Manufacturer and Suppliers\",\"description\":\"We are China Cap And Hat Original Factory, whose main business is to custom cap and hat as client&#039;s LOGO. Any cap style, any cap color, any qty, any material and qty is no problem. In one words, any small details can be customized as your request.\",\"publisher\":{\"@id\":\"https:\/\/sumkcaps.com\/#organization\"},\"potentialAction\":[{\"@type\":\"SearchAction\",\"target\":{\"@type\":\"EntryPoint\",\"urlTemplate\":\"https:\/\/sumkcaps.com\/?s={search_term_string}\"},\"query-input\":{\"@type\":\"PropertyValueSpecification\",\"valueRequired\":true,\"valueName\":\"search_term_string\"}}],\"inLanguage\":\"pt-PT\"},{\"@type\":\"Organization\",\"@id\":\"https:\/\/sumkcaps.com\/#organization\",\"name\":\"Sumkcaps-China Original Headwear Manufacturer and Suppliers\",\"url\":\"https:\/\/sumkcaps.com\/\",\"logo\":{\"@type\":\"ImageObject\",\"inLanguage\":\"pt-PT\",\"@id\":\"https:\/\/sumkcaps.com\/#\/schema\/logo\/image\/\",\"url\":\"https:\/\/sumkcaps.com\/wp-content\/uploads\/2025\/12\/1234.jpg\",\"contentUrl\":\"https:\/\/sumkcaps.com\/wp-content\/uploads\/2025\/12\/1234.jpg\",\"width\":800,\"height\":800,\"caption\":\"Sumkcaps-China Original Headwear Manufacturer and Suppliers\"},\"image\":{\"@id\":\"https:\/\/sumkcaps.com\/#\/schema\/logo\/image\/\"},\"sameAs\":[\"https:\/\/www.facebook.com\/sumkcap\",\"https:\/\/www.instagram.com\/sumkcaps7\/\",\"https:\/\/www.pinterest.com\/sumkcapschina\/\"]}]}<\/script>\n<!-- \/ Yoast SEO Premium plugin. -->","yoast_head_json":{"title":"Chap\u00e9u de camionista com log\u00f3tipo de impress\u00e3o Puff - Sumkcaps","robots":{"index":"index","follow":"follow","max-snippet":"max-snippet:-1","max-image-preview":"max-image-preview:large","max-video-preview":"max-video-preview:-1"},"canonical":"https:\/\/sumkcaps.com\/pt\/produto\/bone-de-camionista-com-logotipo-impresso-em-puff\/","og_locale":"pt_PT","og_type":"article","og_title":"Puff Printing Logo Trucker Hat - Sumkcaps","og_description":"Puff printing logo is one popular trend, navy hat with pink logo looks unique and popular. can custom as your own logo. logo and hat color can be customized as your request.","og_url":"https:\/\/sumkcaps.com\/pt\/produto\/bone-de-camionista-com-logotipo-impresso-em-puff\/","og_site_name":"Sumkcaps-China Original Headwear Manufacturer and Suppliers","article_publisher":"https:\/\/www.facebook.com\/sumkcap","article_modified_time":"2024-03-27T08:58:42+00:00","og_image":[{"width":750,"height":750,"url":"https:\/\/sumkcaps.com\/wp-content\/uploads\/2022\/07\/A1.jpg","type":"image\/jpeg"}],"twitter_card":"summary_large_image","schema":{"@context":"https:\/\/schema.org","@graph":[{"@type":"WebPage","@id":"https:\/\/sumkcaps.com\/product\/puff-printing-logo-trucker-hat\/","url":"https:\/\/sumkcaps.com\/product\/puff-printing-logo-trucker-hat\/","name":"Chap\u00e9u de camionista com log\u00f3tipo de impress\u00e3o Puff - Sumkcaps","isPartOf":{"@id":"https:\/\/sumkcaps.com\/#website"},"primaryImageOfPage":{"@id":"https:\/\/sumkcaps.com\/product\/puff-printing-logo-trucker-hat\/#primaryimage"},"image":{"@id":"https:\/\/sumkcaps.com\/product\/puff-printing-logo-trucker-hat\/#primaryimage"},"thumbnailUrl":"https:\/\/sumkcaps.com\/wp-content\/uploads\/2022\/07\/A1.jpg","datePublished":"2022-07-17T08:39:24+00:00","dateModified":"2024-03-27T08:58:42+00:00","breadcrumb":{"@id":"https:\/\/sumkcaps.com\/product\/puff-printing-logo-trucker-hat\/#breadcrumb"},"inLanguage":"pt-PT","potentialAction":[{"@type":"ReadAction","target":["https:\/\/sumkcaps.com\/product\/puff-printing-logo-trucker-hat\/"]}]},{"@type":"ImageObject","inLanguage":"pt-PT","@id":"https:\/\/sumkcaps.com\/product\/puff-printing-logo-trucker-hat\/#primaryimage","url":"https:\/\/sumkcaps.com\/wp-content\/uploads\/2022\/07\/A1.jpg","contentUrl":"https:\/\/sumkcaps.com\/wp-content\/uploads\/2022\/07\/A1.jpg","width":750,"height":750},{"@type":"BreadcrumbList","@id":"https:\/\/sumkcaps.com\/product\/puff-printing-logo-trucker-hat\/#breadcrumb","itemListElement":[{"@type":"ListItem","position":1,"name":"Home","item":"https:\/\/sumkcaps.com\/"},{"@type":"ListItem","position":2,"name":"Products","item":"https:\/\/sumkcaps.com\/product\/"},{"@type":"ListItem","position":3,"name":"Puff Printing Logo Trucker Hat"}]},{"@type":"WebSite","@id":"https:\/\/sumkcaps.com\/#website","url":"https:\/\/sumkcaps.com\/","name":"Sumkcaps-China Original Headwear Fabricante e fornecedores","description":"Somos a F\u00e1brica Original de Bon\u00e9s e Chap\u00e9us da China, cujo principal neg\u00f3cio \u00e9 personalizar bon\u00e9s e chap\u00e9us de acordo com o LOGOTIPO do cliente. Qualquer estilo de bon\u00e9, qualquer cor de bon\u00e9, qualquer quantidade, qualquer material e quantidade n\u00e3o \u00e9 problema. Por outras palavras, todos os pequenos detalhes podem ser personalizados a seu pedido.","publisher":{"@id":"https:\/\/sumkcaps.com\/#organization"},"potentialAction":[{"@type":"SearchAction","target":{"@type":"EntryPoint","urlTemplate":"https:\/\/sumkcaps.com\/?s={search_term_string}"},"query-input":{"@type":"PropertyValueSpecification","valueRequired":true,"valueName":"search_term_string"}}],"inLanguage":"pt-PT"},{"@type":"Organization","@id":"https:\/\/sumkcaps.com\/#organization","name":"Sumkcaps-China Original Headwear Fabricante e fornecedores","url":"https:\/\/sumkcaps.com\/","logo":{"@type":"ImageObject","inLanguage":"pt-PT","@id":"https:\/\/sumkcaps.com\/#\/schema\/logo\/image\/","url":"https:\/\/sumkcaps.com\/wp-content\/uploads\/2025\/12\/1234.jpg","contentUrl":"https:\/\/sumkcaps.com\/wp-content\/uploads\/2025\/12\/1234.jpg","width":800,"height":800,"caption":"Sumkcaps-China Original Headwear Manufacturer and Suppliers"},"image":{"@id":"https:\/\/sumkcaps.com\/#\/schema\/logo\/image\/"},"sameAs":["https:\/\/www.facebook.com\/sumkcap","https:\/\/www.instagram.com\/sumkcaps7\/","https:\/\/www.pinterest.com\/sumkcapschina\/"]}]}},"taxonomy_info":{"product_cat":[{"value":693,"label":"Hat"}]},"featured_image_src_large":["https:\/\/sumkcaps.com\/wp-content\/uploads\/2022\/07\/A1.jpg",750,750,false],"author_info":[],"comment_info":"","_links":{"self":[{"href":"https:\/\/sumkcaps.com\/pt\/wp-json\/wp\/v2\/product\/10629","targetHints":{"allow":["GET"]}}],"collection":[{"href":"https:\/\/sumkcaps.com\/pt\/wp-json\/wp\/v2\/product"}],"about":[{"href":"https:\/\/sumkcaps.com\/pt\/wp-json\/wp\/v2\/types\/product"}],"wp:featuredmedia":[{"embeddable":true,"href":"https:\/\/sumkcaps.com\/pt\/wp-json\/wp\/v2\/media\/10630"}],"wp:attachment":[{"href":"https:\/\/sumkcaps.com\/pt\/wp-json\/wp\/v2\/media?parent=10629"}],"wp:term":[{"taxonomy":"product_brand","embeddable":true,"href":"https:\/\/sumkcaps.com\/pt\/wp-json\/wp\/v2\/product_brand?post=10629"},{"taxonomy":"product_cat","embeddable":true,"href":"https:\/\/sumkcaps.com\/pt\/wp-json\/wp\/v2\/product_cat?post=10629"},{"taxonomy":"product_tag","embeddable":true,"href":"https:\/\/sumkcaps.com\/pt\/wp-json\/wp\/v2\/product_tag?post=10629"}],"curies":[{"name":"wp","href":"https:\/\/api.w.org\/{rel}","templated":true}]}}