{"id":22856,"date":"2023-06-01T11:33:59","date_gmt":"2023-06-01T03:33:59","guid":{"rendered":"https:\/\/sumkcaps.com\/?page_id=22856"},"modified":"2025-07-29T15:34:09","modified_gmt":"2025-07-29T07:34:09","slug":"terms-of-use","status":"publish","type":"page","link":"https:\/\/sumkcaps.com\/pt\/termos-de-utilizacao\/","title":{"rendered":"Termos de utiliza\u00e7\u00e3o"},"content":{"rendered":"<div data-elementor-type=\"wp-page\" data-elementor-id=\"22856\" class=\"elementor elementor-22856\" data-elementor-post-type=\"page\">\n\t\t\t\t\t\t<section class=\"elementor-section elementor-top-section elementor-element elementor-element-9d2d261 elementor-section-full_width elementor-section-height-default elementor-section-height-default\" data-id=\"9d2d261\" data-element_type=\"section\" data-e-type=\"section\" data-settings=\"{&quot;background_background&quot;:&quot;classic&quot;}\">\n\t\t\t\t\t\t<div class=\"elementor-container elementor-column-gap-default\">\n\t\t\t\t\t<div class=\"elementor-column elementor-col-100 elementor-top-column elementor-element elementor-element-6459fc0\" data-id=\"6459fc0\" data-element_type=\"column\" data-e-type=\"column\">\n\t\t\t<div class=\"elementor-widget-wrap elementor-element-populated\">\n\t\t\t\t\t\t<div class=\"elementor-element elementor-element-3acc3f5 elementor-widget elementor-widget-heading\" data-id=\"3acc3f5\" data-element_type=\"widget\" data-e-type=\"widget\" data-widget_type=\"heading.default\">\n\t\t\t\t<div class=\"elementor-widget-container\">\n\t\t\t\t\t<h1 class=\"elementor-heading-title elementor-size-default\">Termos de utiliza\u00e7\u00e3o<\/h1>\t\t\t\t<\/div>\n\t\t\t\t<\/div>\n\t\t\t\t\t<\/div>\n\t\t<\/div>\n\t\t\t\t\t<\/div>\n\t\t<\/section>\n\t\t\t\t<section class=\"elementor-section elementor-top-section elementor-element elementor-element-183f71f elementor-section-boxed elementor-section-height-default elementor-section-height-default\" data-id=\"183f71f\" data-element_type=\"section\" data-e-type=\"section\" data-settings=\"{&quot;background_background&quot;:&quot;classic&quot;}\">\n\t\t\t\t\t\t<div class=\"elementor-container elementor-column-gap-default\">\n\t\t\t\t\t<div class=\"elementor-column elementor-col-100 elementor-top-column elementor-element elementor-element-1f215e0\" data-id=\"1f215e0\" data-element_type=\"column\" data-e-type=\"column\">\n\t\t\t<div class=\"elementor-widget-wrap elementor-element-populated\">\n\t\t\t\t\t\t<div class=\"elementor-element elementor-element-6dba8c7 elementor-widget elementor-widget-text-editor\" data-id=\"6dba8c7\" data-element_type=\"widget\" data-e-type=\"widget\" data-widget_type=\"text-editor.default\">\n\t\t\t\t<div class=\"elementor-widget-container\">\n\t\t\t\t\t\t\t\t\t<h3>1. Geral, Interpreta\u00e7\u00e3o<\/h3><p>Este s\u00edtio Web \u00e9 propriedade e \u00e9 gerido pela Sumkcaps.<\/p><p>Para efeitos dos presentes Termos e Condi\u00e7\u00f5es: as refer\u00eancias a \"Voc\u00ea\" e \"Seu\" referem-se \u00e0s pessoas que acedem a este site (incluindo pessoas que acedem a este site em nome de outras pessoas) e \"site\" inclui tamb\u00e9m o site m\u00f3vel e a aplica\u00e7\u00e3o m\u00f3vel Sumkcaps.<\/p><h3>2. Utiliza\u00e7\u00e3o do s\u00edtio Web<\/h3><p>A utiliza\u00e7\u00e3o deste s\u00edtio Web indica que o Utilizador concorda em respeitar e agir em conformidade com os presentes Termos e Condi\u00e7\u00f5es, tendo em considera\u00e7\u00e3o o acesso fornecido ao s\u00edtio Web, tal como descrito abaixo. Se o Utilizador n\u00e3o concordar com os presentes Termos e Condi\u00e7\u00f5es, n\u00e3o est\u00e1 autorizado e aceita n\u00e3o utilizar ou aceder a este s\u00edtio Web.<\/p><h3>3. Utiliza\u00e7\u00e3o permitida<\/h3><p>O objetivo deste website \u00e9 apenas permitir-lhe ver a disponibilidade dos bens e servi\u00e7os da Sumkcaps e contactar a Sumkcaps, e para nenhum outro fim.<\/p><p>O utilizador s\u00f3 pode utilizar este s\u00edtio Web em conformidade com os presentes Termos e Condi\u00e7\u00f5es e apenas para fins privados e n\u00e3o comerciais.<\/p><p>Em particular, o Utilizador n\u00e3o est\u00e1 autorizado a:<\/p><ul><li>sem o consentimento pr\u00e9vio por escrito da Sumkcaps, utilizar qualquer sistema automatizado, algoritmo ou software para monitorizar, extrair, pesquisar ou copiar qualquer material ou dados (no todo ou em parte) de ou atrav\u00e9s da utiliza\u00e7\u00e3o deste website (\"screen scraping\");<\/li><li>utilizar qualquer software, rotina ou dispositivo ou tomar qualquer medida para interferir ou tentar interferir de qualquer forma com o funcionamento deste s\u00edtio Web ou para criar uma carga excessivamente grande neste s\u00edtio Web, quer isso tenha sido feito intencionalmente ou n\u00e3o;<\/li><li>tentar obter ou obter acesso n\u00e3o autorizado a qualquer das redes ou contas do Sumkcaps ou a informa\u00e7\u00f5es sobre outros utilizadores; ou<\/li><li>estabelecer uma liga\u00e7\u00e3o a este site sem o consentimento pr\u00e9vio por escrito da Sumkcaps.<\/li><\/ul><p>Em caso de viola\u00e7\u00e3o destes Termos e Condi\u00e7\u00f5es por parte do utilizador, sem preju\u00edzo de quaisquer outros direitos da Sumkcaps, a Sumkcaps pode cancelar os seus pedidos e compras sem aviso pr\u00e9vio; e\/ou negar ou bloquear o seu acesso a este website; ou estabelecer condi\u00e7\u00f5es especiais para o seu acesso ou utiliza\u00e7\u00e3o deste website.<\/p><h3>4. Direitos de propriedade<\/h3><p>Todas as informacoes, dados e materiais neste site (incluindo, mas nao limitado a quaisquer logotipos, a aparencia, estrutura, esquema de cores e layout deste site, o codigo de software e os dados subjacentes e banco de dados) estao sujeitos a direitos de marca registrada, direitos autorais, direitos de banco de dados e \/ ou outros direitos de propriedade intelectual registrados e nao registrados. Qualquer utiliza\u00e7\u00e3o ou reprodu\u00e7\u00e3o das informa\u00e7\u00f5es, dados ou materiais apresentados neste s\u00edtio Web que n\u00e3o seja para uso pessoal e n\u00e3o comercial permitido \u00e9 proibida e constituir\u00e1 uma viola\u00e7\u00e3o dos presentes Termos e Condi\u00e7\u00f5es e poder\u00e1 infringir os direitos de propriedade intelectual da Sumkcaps ou dos seus licenciantes.<\/p><h3>5. Limita\u00e7\u00e3o da responsabilidade<\/h3><p>A Barterus n\u00e3o ser\u00e1 respons\u00e1vel por quaisquer perdas ou danos directos, indirectos, especiais, punitivos ou consequentes, de qualquer tipo, resultantes da utiliza\u00e7\u00e3o deste s\u00edtio Web ou de qualquer informa\u00e7\u00e3o nele contida.<\/p><h3>6. Direito aplic\u00e1vel e jurisdi\u00e7\u00e3o<\/h3><p>Estes Termos e Condicoes e a sua utilizacao deste site e qualquer disputa ou reivindicacao decorrente de ou em associacao com tais assuntos serao regidos e interpretados de acordo com as leis da China e voce concorda em submeter-se a jurisdicao exclusiva dos tribunais da China. A Sumkcaps reserva-se o direito de intentar uma a\u00e7\u00e3o contra qualquer parte que viole estes Termos e Condi\u00e7\u00f5es (\"parte faltosa\") nos tribunais do local da viola\u00e7\u00e3o, os tribunais do pa\u00eds de resid\u00eancia da parte faltosa, a nosso exclusivo crit\u00e9rio.<\/p><h3>7. Geral<\/h3><p>A Sumkcaps reserva-se o direito de alterar quaisquer informa\u00e7\u00f5es ou materiais dispon\u00edveis neste s\u00edtio Web em qualquer altura sem aviso pr\u00e9vio. A Sumkcaps tamb\u00e9m pode alterar estes Termos e Condi\u00e7\u00f5es a qualquer momento sem aviso pr\u00e9vio, e tal modifica\u00e7\u00e3o entrar\u00e1 em vigor imediatamente ap\u00f3s a publica\u00e7\u00e3o dos Termos e Condi\u00e7\u00f5es alterados no site, que \u00e9 considerado aceite pelo utilizador se continuar a utilizar o site.<\/p>\t\t\t\t\t\t\t\t<\/div>\n\t\t\t\t<\/div>\n\t\t\t\t\t<\/div>\n\t\t<\/div>\n\t\t\t\t\t<\/div>\n\t\t<\/section>\n\t\t\t\t<\/div>","protected":false},"excerpt":{"rendered":"<p>Condi\u00e7\u00f5es de utiliza\u00e7\u00e3o 1. Geral, Interpreta\u00e7\u00e3o Este s\u00edtio Web pertence e \u00e9 gerido pela Sumkcaps. Para efeitos dos presentes Termos e Condi\u00e7\u00f5es: as refer\u00eancias a \"Voc\u00ea\" e \"Seu\" referem-se \u00e0s pessoas que acedem a este site (incluindo pessoas que acedem a este site em nome de outras pessoas) e \"site\" inclui tamb\u00e9m o site m\u00f3vel e o [...]<\/p>","protected":false},"author":1,"featured_media":22648,"parent":0,"menu_order":4,"comment_status":"closed","ping_status":"closed","template":"","meta":{"_acf_changed":false,"_kad_blocks_custom_css":"","_kad_blocks_head_custom_js":"","_kad_blocks_body_custom_js":"","_kad_blocks_footer_custom_js":"","footnotes":""},"class_list":["post-22856","page","type-page","status-publish","has-post-thumbnail","hentry"],"acf":[],"yoast_head":"<!-- This site is optimized with the Yoast SEO Premium plugin v20.8 (Yoast SEO v25.9) - https:\/\/yoast.com\/wordpress\/plugins\/seo\/ -->\n<title>Terms Of Use | Sumkcaps<\/title>\n<meta name=\"description\" content=\"Sumkcaps is leading of headwear manufacturer from China. OEMD &amp; ODM Avaible. 200pcs MOQ. Original cap factory. Full custom capacity.\" \/>\n<meta name=\"robots\" content=\"index, follow, max-snippet:-1, max-image-preview:large, max-video-preview:-1\" \/>\n<link rel=\"canonical\" href=\"https:\/\/sumkcaps.com\/pt\/termos-de-utilizacao\/\" \/>\n<meta property=\"og:locale\" content=\"pt_PT\" \/>\n<meta property=\"og:type\" content=\"article\" \/>\n<meta property=\"og:title\" content=\"Terms of Use - Sumkcaps\" \/>\n<meta property=\"og:description\" content=\"Terms of Use - Sumkcaps\" \/>\n<meta property=\"og:url\" content=\"https:\/\/sumkcaps.com\/pt\/termos-de-utilizacao\/\" \/>\n<meta property=\"og:site_name\" content=\"Sumkcaps-China Original Headwear Manufacturer and Suppliers\" \/>\n<meta property=\"article:publisher\" content=\"https:\/\/www.facebook.com\/sumkcap\" \/>\n<meta property=\"article:modified_time\" content=\"2025-07-29T07:34:09+00:00\" \/>\n<meta property=\"og:image\" content=\"https:\/\/sumkcaps.com\/wp-content\/uploads\/2023\/05\/China-hat-manufactuers.png\" \/>\n\t<meta property=\"og:image:width\" content=\"801\" \/>\n\t<meta property=\"og:image:height\" content=\"961\" \/>\n\t<meta property=\"og:image:type\" content=\"image\/png\" \/>\n<meta name=\"twitter:card\" content=\"summary_large_image\" \/>\n<meta name=\"twitter:label1\" content=\"Tempo estimado de leitura\" \/>\n\t<meta name=\"twitter:data1\" content=\"3 minutos\" \/>\n<script type=\"application\/ld+json\" class=\"yoast-schema-graph\">{\"@context\":\"https:\/\/schema.org\",\"@graph\":[{\"@type\":\"WebPage\",\"@id\":\"https:\/\/sumkcaps.com\/terms-of-use\/\",\"url\":\"https:\/\/sumkcaps.com\/terms-of-use\/\",\"name\":\"Terms Of Use | Sumkcaps\",\"isPartOf\":{\"@id\":\"https:\/\/sumkcaps.com\/#website\"},\"primaryImageOfPage\":{\"@id\":\"https:\/\/sumkcaps.com\/terms-of-use\/#primaryimage\"},\"image\":{\"@id\":\"https:\/\/sumkcaps.com\/terms-of-use\/#primaryimage\"},\"thumbnailUrl\":\"https:\/\/sumkcaps.com\/wp-content\/uploads\/2023\/05\/China-hat-manufactuers.png\",\"datePublished\":\"2023-06-01T03:33:59+00:00\",\"dateModified\":\"2025-07-29T07:34:09+00:00\",\"description\":\"Sumkcaps is leading of headwear manufacturer from China. OEMD & ODM Avaible. 200pcs MOQ. Original cap factory. Full custom capacity.\",\"breadcrumb\":{\"@id\":\"https:\/\/sumkcaps.com\/terms-of-use\/#breadcrumb\"},\"inLanguage\":\"pt-PT\",\"potentialAction\":[{\"@type\":\"ReadAction\",\"target\":[\"https:\/\/sumkcaps.com\/terms-of-use\/\"]}]},{\"@type\":\"ImageObject\",\"inLanguage\":\"pt-PT\",\"@id\":\"https:\/\/sumkcaps.com\/terms-of-use\/#primaryimage\",\"url\":\"https:\/\/sumkcaps.com\/wp-content\/uploads\/2023\/05\/China-hat-manufactuers.png\",\"contentUrl\":\"https:\/\/sumkcaps.com\/wp-content\/uploads\/2023\/05\/China-hat-manufactuers.png\",\"width\":801,\"height\":961},{\"@type\":\"BreadcrumbList\",\"@id\":\"https:\/\/sumkcaps.com\/terms-of-use\/#breadcrumb\",\"itemListElement\":[{\"@type\":\"ListItem\",\"position\":1,\"name\":\"Home\",\"item\":\"https:\/\/sumkcaps.com\/\"},{\"@type\":\"ListItem\",\"position\":2,\"name\":\"Terms of Use\"}]},{\"@type\":\"WebSite\",\"@id\":\"https:\/\/sumkcaps.com\/#website\",\"url\":\"https:\/\/sumkcaps.com\/\",\"name\":\"Sumkcaps-China Original Headwear Manufacturer and Suppliers\",\"description\":\"We are China Cap And Hat Original Factory, whose main business is to custom cap and hat as client&#039;s LOGO. Any cap style, any cap color, any qty, any material and qty is no problem. In one words, any small details can be customized as your request.\",\"publisher\":{\"@id\":\"https:\/\/sumkcaps.com\/#organization\"},\"potentialAction\":[{\"@type\":\"SearchAction\",\"target\":{\"@type\":\"EntryPoint\",\"urlTemplate\":\"https:\/\/sumkcaps.com\/?s={search_term_string}\"},\"query-input\":{\"@type\":\"PropertyValueSpecification\",\"valueRequired\":true,\"valueName\":\"search_term_string\"}}],\"inLanguage\":\"pt-PT\"},{\"@type\":\"Organization\",\"@id\":\"https:\/\/sumkcaps.com\/#organization\",\"name\":\"Sumkcaps-China Original Headwear Manufacturer and Suppliers\",\"url\":\"https:\/\/sumkcaps.com\/\",\"logo\":{\"@type\":\"ImageObject\",\"inLanguage\":\"pt-PT\",\"@id\":\"https:\/\/sumkcaps.com\/#\/schema\/logo\/image\/\",\"url\":\"https:\/\/sumkcaps.com\/wp-content\/uploads\/2025\/12\/1234.jpg\",\"contentUrl\":\"https:\/\/sumkcaps.com\/wp-content\/uploads\/2025\/12\/1234.jpg\",\"width\":800,\"height\":800,\"caption\":\"Sumkcaps-China Original Headwear Manufacturer and Suppliers\"},\"image\":{\"@id\":\"https:\/\/sumkcaps.com\/#\/schema\/logo\/image\/\"},\"sameAs\":[\"https:\/\/www.facebook.com\/sumkcap\",\"https:\/\/www.instagram.com\/sumkcaps7\/\",\"https:\/\/www.pinterest.com\/sumkcapschina\/\"]}]}<\/script>\n<!-- \/ Yoast SEO Premium plugin. -->","yoast_head_json":{"title":"Termos de Utiliza\u00e7\u00e3o | Sumkcaps","description":"Sumkcaps \u00e9 o principal fabricante de chap\u00e9us da China. OEMD &amp; ODM dispon\u00edvel. 200pcs MOQ. F\u00e1brica de bon\u00e9s originais. Capacidade total de personaliza\u00e7\u00e3o.","robots":{"index":"index","follow":"follow","max-snippet":"max-snippet:-1","max-image-preview":"max-image-preview:large","max-video-preview":"max-video-preview:-1"},"canonical":"https:\/\/sumkcaps.com\/pt\/termos-de-utilizacao\/","og_locale":"pt_PT","og_type":"article","og_title":"Terms of Use - Sumkcaps","og_description":"Terms of Use - Sumkcaps","og_url":"https:\/\/sumkcaps.com\/pt\/termos-de-utilizacao\/","og_site_name":"Sumkcaps-China Original Headwear Manufacturer and Suppliers","article_publisher":"https:\/\/www.facebook.com\/sumkcap","article_modified_time":"2025-07-29T07:34:09+00:00","og_image":[{"width":801,"height":961,"url":"https:\/\/sumkcaps.com\/wp-content\/uploads\/2023\/05\/China-hat-manufactuers.png","type":"image\/png"}],"twitter_card":"summary_large_image","twitter_misc":{"Tempo estimado de leitura":"3 minutos"},"schema":{"@context":"https:\/\/schema.org","@graph":[{"@type":"WebPage","@id":"https:\/\/sumkcaps.com\/terms-of-use\/","url":"https:\/\/sumkcaps.com\/terms-of-use\/","name":"Termos de Utiliza\u00e7\u00e3o | Sumkcaps","isPartOf":{"@id":"https:\/\/sumkcaps.com\/#website"},"primaryImageOfPage":{"@id":"https:\/\/sumkcaps.com\/terms-of-use\/#primaryimage"},"image":{"@id":"https:\/\/sumkcaps.com\/terms-of-use\/#primaryimage"},"thumbnailUrl":"https:\/\/sumkcaps.com\/wp-content\/uploads\/2023\/05\/China-hat-manufactuers.png","datePublished":"2023-06-01T03:33:59+00:00","dateModified":"2025-07-29T07:34:09+00:00","description":"Sumkcaps \u00e9 o principal fabricante de chap\u00e9us da China. OEMD &amp; ODM dispon\u00edvel. 200pcs MOQ. F\u00e1brica de bon\u00e9s originais. Capacidade total de personaliza\u00e7\u00e3o.","breadcrumb":{"@id":"https:\/\/sumkcaps.com\/terms-of-use\/#breadcrumb"},"inLanguage":"pt-PT","potentialAction":[{"@type":"ReadAction","target":["https:\/\/sumkcaps.com\/terms-of-use\/"]}]},{"@type":"ImageObject","inLanguage":"pt-PT","@id":"https:\/\/sumkcaps.com\/terms-of-use\/#primaryimage","url":"https:\/\/sumkcaps.com\/wp-content\/uploads\/2023\/05\/China-hat-manufactuers.png","contentUrl":"https:\/\/sumkcaps.com\/wp-content\/uploads\/2023\/05\/China-hat-manufactuers.png","width":801,"height":961},{"@type":"BreadcrumbList","@id":"https:\/\/sumkcaps.com\/terms-of-use\/#breadcrumb","itemListElement":[{"@type":"ListItem","position":1,"name":"Home","item":"https:\/\/sumkcaps.com\/"},{"@type":"ListItem","position":2,"name":"Terms of Use"}]},{"@type":"WebSite","@id":"https:\/\/sumkcaps.com\/#website","url":"https:\/\/sumkcaps.com\/","name":"Sumkcaps-China Original Headwear Fabricante e fornecedores","description":"Somos a F\u00e1brica Original de Bon\u00e9s e Chap\u00e9us da China, cujo principal neg\u00f3cio \u00e9 personalizar bon\u00e9s e chap\u00e9us de acordo com o LOGOTIPO do cliente. Qualquer estilo de bon\u00e9, qualquer cor de bon\u00e9, qualquer quantidade, qualquer material e quantidade n\u00e3o \u00e9 problema. Por outras palavras, todos os pequenos detalhes podem ser personalizados a seu pedido.","publisher":{"@id":"https:\/\/sumkcaps.com\/#organization"},"potentialAction":[{"@type":"SearchAction","target":{"@type":"EntryPoint","urlTemplate":"https:\/\/sumkcaps.com\/?s={search_term_string}"},"query-input":{"@type":"PropertyValueSpecification","valueRequired":true,"valueName":"search_term_string"}}],"inLanguage":"pt-PT"},{"@type":"Organization","@id":"https:\/\/sumkcaps.com\/#organization","name":"Sumkcaps-China Original Headwear Fabricante e fornecedores","url":"https:\/\/sumkcaps.com\/","logo":{"@type":"ImageObject","inLanguage":"pt-PT","@id":"https:\/\/sumkcaps.com\/#\/schema\/logo\/image\/","url":"https:\/\/sumkcaps.com\/wp-content\/uploads\/2025\/12\/1234.jpg","contentUrl":"https:\/\/sumkcaps.com\/wp-content\/uploads\/2025\/12\/1234.jpg","width":800,"height":800,"caption":"Sumkcaps-China Original Headwear Manufacturer and Suppliers"},"image":{"@id":"https:\/\/sumkcaps.com\/#\/schema\/logo\/image\/"},"sameAs":["https:\/\/www.facebook.com\/sumkcap","https:\/\/www.instagram.com\/sumkcaps7\/","https:\/\/www.pinterest.com\/sumkcapschina\/"]}]}},"taxonomy_info":[],"featured_image_src_large":["https:\/\/sumkcaps.com\/wp-content\/uploads\/2023\/05\/China-hat-manufactuers.png",800,960,false],"author_info":{"display_name":"Bruce Su","author_link":"https:\/\/sumkcaps.com\/pt\/author\/bruce\/"},"comment_info":0,"_links":{"self":[{"href":"https:\/\/sumkcaps.com\/pt\/wp-json\/wp\/v2\/pages\/22856","targetHints":{"allow":["GET"]}}],"collection":[{"href":"https:\/\/sumkcaps.com\/pt\/wp-json\/wp\/v2\/pages"}],"about":[{"href":"https:\/\/sumkcaps.com\/pt\/wp-json\/wp\/v2\/types\/page"}],"author":[{"embeddable":true,"href":"https:\/\/sumkcaps.com\/pt\/wp-json\/wp\/v2\/users\/1"}],"replies":[{"embeddable":true,"href":"https:\/\/sumkcaps.com\/pt\/wp-json\/wp\/v2\/comments?post=22856"}],"version-history":[{"count":0,"href":"https:\/\/sumkcaps.com\/pt\/wp-json\/wp\/v2\/pages\/22856\/revisions"}],"wp:featuredmedia":[{"embeddable":true,"href":"https:\/\/sumkcaps.com\/pt\/wp-json\/wp\/v2\/media\/22648"}],"wp:attachment":[{"href":"https:\/\/sumkcaps.com\/pt\/wp-json\/wp\/v2\/media?parent=22856"}],"curies":[{"name":"wp","href":"https:\/\/api.w.org\/{rel}","templated":true}]}}