{"id":17005,"date":"2022-10-13T16:44:49","date_gmt":"2022-10-13T08:44:49","guid":{"rendered":"https:\/\/sumkcaps.com\/?post_type=product&#038;p=17005"},"modified":"2026-03-10T15:33:09","modified_gmt":"2026-03-10T07:33:09","slug":"sufox-241086-custom-embossed-seven-panel-snapback-cap","status":"publish","type":"product","link":"https:\/\/sumkcaps.com\/nl\/product\/sufox-241086-custom-relief-zeven-panelen-snapback-pet\/","title":{"rendered":"Sumkcaps 241086 Custom Embossed Seven Panel Snapback Cap"},"content":{"rendered":"<h3 data-start=\"0\" data-end=\"370\"><strong data-start=\"0\" data-end=\"25\">Decoratie<\/strong><\/h3>\n<p data-start=\"0\" data-end=\"370\">Deze snapbackpet heeft een reli\u00ebfversiering die een kenmerkende verhoogde textuur op het voorpaneel cre\u00ebert. Het reli\u00ebfontwerp voegt diepte en een eersteklas visueel effect toe, waardoor logo's of patronen opvallen op een subtiele maar stijlvolle manier. Deze techniek is ideaal voor merken die op zoek zijn naar een moderne en verfijnde look voor hun custom headwear.<\/p>\n<h3 data-start=\"372\" data-end=\"752\"><strong data-start=\"372\" data-end=\"399\">Materiaal<\/strong><\/h3>\n<p data-start=\"372\" data-end=\"752\">Deze pet is gemaakt van 100% acrylstof en biedt een uitstekende duurzaamheid, lichtgewicht comfort en sterk vormbehoud. Dankzij het materiaal behoudt de pet zijn gestructureerde vorm en is hij bestand tegen kreuken en krimpen. Acrylstof is ook gemakkelijk te onderhouden en geschikt voor dagelijks gebruik, waardoor het een praktische keuze is voor zowel mode- als promotiedoeleinden.<\/p>\n<h3 data-start=\"754\" data-end=\"1090\"><strong data-start=\"754\" data-end=\"776\">Kleur<\/strong><\/h3>\n<p data-start=\"754\" data-end=\"1090\">De pet kan volledig in kleur worden aangepast om te voldoen aan verschillende merk- en ontwerpvereisten. Klanten kunnen kiezen uit een groot aantal stofkleuren die passen bij hun logo, merkidentiteit of seizoenscollecties, waardoor de pet geschikt is voor streetwearmerken, evenementen, promotiecampagnes en merchandise in de detailhandel.<\/p>\n<h3 data-start=\"1092\" data-end=\"1387\"><strong data-start=\"1092\" data-end=\"1125\">Pasvorm &amp; Maat<\/strong><\/h3>\n<p data-start=\"1092\" data-end=\"1387\">De pet is ontworpen met een verstelbare snapbacksluiting en heeft een OSFM (One Size Fits Most) pasvorm, waardoor hij geschikt is voor hoofdmaten van 7 tot 7 3\/4. Dankzij het verstelbare ontwerp kunnen gebruikers de pasvorm eenvoudig aanpassen voor comfort en stabiliteit, waardoor de pet geschikt is voor de meeste volwassenen.<\/p>\n<h3 data-start=\"1389\" data-end=\"1699\"><strong data-start=\"1389\" data-end=\"1410\">Vizier<\/strong><\/h3>\n<p data-start=\"1389\" data-end=\"1699\">Het vizier met platte snavel zorgt voor een strakke, moderne look die populair is in streetwear en casual mode. Het gestructureerde ontwerp behoudt een strakke vorm en biedt betrouwbare bescherming tegen de zon. Het vizier kan ook worden aangepast met verschillende kleuren of materialen om bij het algehele ontwerp van de pet te passen.<\/p>\n<h3 data-start=\"1701\" data-end=\"1990\"><strong data-start=\"1701\" data-end=\"1724\">Service<\/strong><\/h3>\n<p data-start=\"1701\" data-end=\"1990\">Sumkcaps biedt professionele OEM- en ODM-diensten voor merken, groothandels en promotionele bedrijven. Van conceptontwikkeling en materiaalselectie tot het plaatsen van logo's en het aanpassen van verpakkingen, ons team helpt klanten bij het cre\u00ebren van unieke caps van hoge kwaliteit.<\/p>\n<h3 data-start=\"1992\" data-end=\"2285\"><strong data-start=\"1992\" data-end=\"2034\">Doorlooptijd<\/strong><\/h3>\n<p data-start=\"1992\" data-end=\"2285\" data-is-last-node=\"\" data-is-only-node=\"\">De productie van monsters neemt meestal 7-9 werkdagen in beslag, zodat klanten ontwerpdetails snel kunnen bekijken en bevestigen. Voor bulkproductie zijn meestal 18-22 werkdagen nodig, zodat een consistente productkwaliteit en tijdige levering voor grote orders gegarandeerd zijn.<\/p>","protected":false},"excerpt":{"rendered":"<p>Sumkcaps 241086 Custom Embossed Seven Panel Snapback Cap is een van de populaire cap stijl, licht van gewicht en goed ademend. Onze Snapbacks komen in een verscheidenheid van Stijlen &amp; Kleuren van Alle Topmerken.<\/p>","protected":false},"featured_media":17006,"template":"","meta":{"_acf_changed":false,"_kad_blocks_custom_css":"","_kad_blocks_head_custom_js":"","_kad_blocks_body_custom_js":"","_kad_blocks_footer_custom_js":""},"product_brand":[],"product_cat":[42],"product_tag":[],"class_list":{"0":"post-17005","1":"product","2":"type-product","3":"status-publish","4":"has-post-thumbnail","6":"product_cat-snapback-cap","8":"first","9":"outofstock","10":"shipping-taxable","11":"product-type-simple"},"acf":[],"yoast_head":"<!-- This site is optimized with the Yoast SEO Premium plugin v20.8 (Yoast SEO v25.9) - https:\/\/yoast.com\/wordpress\/plugins\/seo\/ -->\n<title>Custom Embossed 7 Panel Snapback Cap | China Manufactuer<\/title>\n<meta name=\"description\" content=\"Custom Cap, Logo Cap, Brand Caps, Custom Made Snapback Caps, Custom Snapback Baseball Hats. Premium Cap Manufacturer since 2006. Order Today!\" \/>\n<meta name=\"robots\" content=\"index, follow, max-snippet:-1, max-image-preview:large, max-video-preview:-1\" \/>\n<link rel=\"canonical\" href=\"https:\/\/sumkcaps.com\/nl\/product\/sufox-241086-custom-relief-zeven-panelen-snapback-pet\/\" \/>\n<meta property=\"og:locale\" content=\"nl_NL\" \/>\n<meta property=\"og:type\" content=\"article\" \/>\n<meta property=\"og:title\" content=\"Sumkcaps 241086 Custom Embossed Seven Panel Snapback Cap - Sumkcaps\" \/>\n<meta property=\"og:description\" content=\"Custom Cap, Logo Cap, Brand Caps, Custom Made Snapback Caps, Custom Snapback Baseball Hats. Premium Cap Manufacturer since 2006. Order Today!\" \/>\n<meta property=\"og:url\" content=\"https:\/\/sumkcaps.com\/nl\/product\/sufox-241086-custom-relief-zeven-panelen-snapback-pet\/\" \/>\n<meta property=\"og:site_name\" content=\"Sumkcaps-China Original Headwear Manufacturer and Suppliers\" \/>\n<meta property=\"article:publisher\" content=\"https:\/\/www.facebook.com\/sumkcap\" \/>\n<meta property=\"article:modified_time\" content=\"2026-03-10T07:33:09+00:00\" \/>\n<meta property=\"og:image\" content=\"https:\/\/sumkcaps.com\/wp-content\/uploads\/2022\/10\/custom_flat_bill_embossed_7_panel_snapback_hat-1.jpg\" \/>\n\t<meta property=\"og:image:width\" content=\"800\" \/>\n\t<meta property=\"og:image:height\" content=\"800\" \/>\n\t<meta property=\"og:image:type\" content=\"image\/jpeg\" \/>\n<meta name=\"twitter:card\" content=\"summary_large_image\" \/>\n<meta name=\"twitter:label1\" content=\"Verwachte leestijd\" \/>\n\t<meta name=\"twitter:data1\" content=\"2 minuten\" \/>\n<script type=\"application\/ld+json\" class=\"yoast-schema-graph\">{\"@context\":\"https:\/\/schema.org\",\"@graph\":[{\"@type\":\"WebPage\",\"@id\":\"https:\/\/sumkcaps.com\/product\/sufox-241086-custom-embossed-seven-panel-snapback-cap\/\",\"url\":\"https:\/\/sumkcaps.com\/product\/sufox-241086-custom-embossed-seven-panel-snapback-cap\/\",\"name\":\"Custom Embossed 7 Panel Snapback Cap | China Manufactuer\",\"isPartOf\":{\"@id\":\"https:\/\/sumkcaps.com\/#website\"},\"primaryImageOfPage\":{\"@id\":\"https:\/\/sumkcaps.com\/product\/sufox-241086-custom-embossed-seven-panel-snapback-cap\/#primaryimage\"},\"image\":{\"@id\":\"https:\/\/sumkcaps.com\/product\/sufox-241086-custom-embossed-seven-panel-snapback-cap\/#primaryimage\"},\"thumbnailUrl\":\"https:\/\/sumkcaps.com\/wp-content\/uploads\/2022\/10\/custom_flat_bill_embossed_7_panel_snapback_hat-1.jpg\",\"datePublished\":\"2022-10-13T08:44:49+00:00\",\"dateModified\":\"2026-03-10T07:33:09+00:00\",\"description\":\"Custom Cap, Logo Cap, Brand Caps, Custom Made Snapback Caps, Custom Snapback Baseball Hats. Premium Cap Manufacturer since 2006. Order Today!\",\"breadcrumb\":{\"@id\":\"https:\/\/sumkcaps.com\/product\/sufox-241086-custom-embossed-seven-panel-snapback-cap\/#breadcrumb\"},\"inLanguage\":\"nl-NL\",\"potentialAction\":[{\"@type\":\"ReadAction\",\"target\":[\"https:\/\/sumkcaps.com\/product\/sufox-241086-custom-embossed-seven-panel-snapback-cap\/\"]}]},{\"@type\":\"ImageObject\",\"inLanguage\":\"nl-NL\",\"@id\":\"https:\/\/sumkcaps.com\/product\/sufox-241086-custom-embossed-seven-panel-snapback-cap\/#primaryimage\",\"url\":\"https:\/\/sumkcaps.com\/wp-content\/uploads\/2022\/10\/custom_flat_bill_embossed_7_panel_snapback_hat-1.jpg\",\"contentUrl\":\"https:\/\/sumkcaps.com\/wp-content\/uploads\/2022\/10\/custom_flat_bill_embossed_7_panel_snapback_hat-1.jpg\",\"width\":800,\"height\":800},{\"@type\":\"BreadcrumbList\",\"@id\":\"https:\/\/sumkcaps.com\/product\/sufox-241086-custom-embossed-seven-panel-snapback-cap\/#breadcrumb\",\"itemListElement\":[{\"@type\":\"ListItem\",\"position\":1,\"name\":\"Home\",\"item\":\"https:\/\/sumkcaps.com\/\"},{\"@type\":\"ListItem\",\"position\":2,\"name\":\"Products\",\"item\":\"https:\/\/sumkcaps.com\/product\/\"},{\"@type\":\"ListItem\",\"position\":3,\"name\":\"Sumkcaps 241086 Custom Embossed Seven Panel Snapback Cap\"}]},{\"@type\":\"WebSite\",\"@id\":\"https:\/\/sumkcaps.com\/#website\",\"url\":\"https:\/\/sumkcaps.com\/\",\"name\":\"Sumkcaps-China Original Headwear Manufacturer and Suppliers\",\"description\":\"We are China Cap And Hat Original Factory, whose main business is to custom cap and hat as client&#039;s LOGO. Any cap style, any cap color, any qty, any material and qty is no problem. In one words, any small details can be customized as your request.\",\"publisher\":{\"@id\":\"https:\/\/sumkcaps.com\/#organization\"},\"potentialAction\":[{\"@type\":\"SearchAction\",\"target\":{\"@type\":\"EntryPoint\",\"urlTemplate\":\"https:\/\/sumkcaps.com\/?s={search_term_string}\"},\"query-input\":{\"@type\":\"PropertyValueSpecification\",\"valueRequired\":true,\"valueName\":\"search_term_string\"}}],\"inLanguage\":\"nl-NL\"},{\"@type\":\"Organization\",\"@id\":\"https:\/\/sumkcaps.com\/#organization\",\"name\":\"Sumkcaps-China Original Headwear Manufacturer and Suppliers\",\"url\":\"https:\/\/sumkcaps.com\/\",\"logo\":{\"@type\":\"ImageObject\",\"inLanguage\":\"nl-NL\",\"@id\":\"https:\/\/sumkcaps.com\/#\/schema\/logo\/image\/\",\"url\":\"https:\/\/sumkcaps.com\/wp-content\/uploads\/2025\/12\/1234.jpg\",\"contentUrl\":\"https:\/\/sumkcaps.com\/wp-content\/uploads\/2025\/12\/1234.jpg\",\"width\":800,\"height\":800,\"caption\":\"Sumkcaps-China Original Headwear Manufacturer and Suppliers\"},\"image\":{\"@id\":\"https:\/\/sumkcaps.com\/#\/schema\/logo\/image\/\"},\"sameAs\":[\"https:\/\/www.facebook.com\/sumkcap\",\"https:\/\/www.instagram.com\/sumkcaps7\/\",\"https:\/\/www.pinterest.com\/sumkcapschina\/\"]}]}<\/script>\n<!-- \/ Yoast SEO Premium plugin. -->","yoast_head_json":{"title":"Aangepaste reli\u00ebf 7 panel Snapback Cap | China fabrikant","description":"Custom Cap, Logo Cap, Merk Caps, Custom Made Snapback Caps, Custom Snapback Baseball Hats. Premium Cap Fabrikant sinds 2006. Bestel vandaag nog!","robots":{"index":"index","follow":"follow","max-snippet":"max-snippet:-1","max-image-preview":"max-image-preview:large","max-video-preview":"max-video-preview:-1"},"canonical":"https:\/\/sumkcaps.com\/nl\/product\/sufox-241086-custom-relief-zeven-panelen-snapback-pet\/","og_locale":"nl_NL","og_type":"article","og_title":"Sumkcaps 241086 Custom Embossed Seven Panel Snapback Cap - Sumkcaps","og_description":"Custom Cap, Logo Cap, Brand Caps, Custom Made Snapback Caps, Custom Snapback Baseball Hats. Premium Cap Manufacturer since 2006. Order Today!","og_url":"https:\/\/sumkcaps.com\/nl\/product\/sufox-241086-custom-relief-zeven-panelen-snapback-pet\/","og_site_name":"Sumkcaps-China Original Headwear Manufacturer and Suppliers","article_publisher":"https:\/\/www.facebook.com\/sumkcap","article_modified_time":"2026-03-10T07:33:09+00:00","og_image":[{"width":800,"height":800,"url":"https:\/\/sumkcaps.com\/wp-content\/uploads\/2022\/10\/custom_flat_bill_embossed_7_panel_snapback_hat-1.jpg","type":"image\/jpeg"}],"twitter_card":"summary_large_image","twitter_misc":{"Verwachte leestijd":"2 minuten"},"schema":{"@context":"https:\/\/schema.org","@graph":[{"@type":"WebPage","@id":"https:\/\/sumkcaps.com\/product\/sufox-241086-custom-embossed-seven-panel-snapback-cap\/","url":"https:\/\/sumkcaps.com\/product\/sufox-241086-custom-embossed-seven-panel-snapback-cap\/","name":"Aangepaste reli\u00ebf 7 panel Snapback Cap | China fabrikant","isPartOf":{"@id":"https:\/\/sumkcaps.com\/#website"},"primaryImageOfPage":{"@id":"https:\/\/sumkcaps.com\/product\/sufox-241086-custom-embossed-seven-panel-snapback-cap\/#primaryimage"},"image":{"@id":"https:\/\/sumkcaps.com\/product\/sufox-241086-custom-embossed-seven-panel-snapback-cap\/#primaryimage"},"thumbnailUrl":"https:\/\/sumkcaps.com\/wp-content\/uploads\/2022\/10\/custom_flat_bill_embossed_7_panel_snapback_hat-1.jpg","datePublished":"2022-10-13T08:44:49+00:00","dateModified":"2026-03-10T07:33:09+00:00","description":"Custom Cap, Logo Cap, Merk Caps, Custom Made Snapback Caps, Custom Snapback Baseball Hats. Premium Cap Fabrikant sinds 2006. Bestel vandaag nog!","breadcrumb":{"@id":"https:\/\/sumkcaps.com\/product\/sufox-241086-custom-embossed-seven-panel-snapback-cap\/#breadcrumb"},"inLanguage":"nl-NL","potentialAction":[{"@type":"ReadAction","target":["https:\/\/sumkcaps.com\/product\/sufox-241086-custom-embossed-seven-panel-snapback-cap\/"]}]},{"@type":"ImageObject","inLanguage":"nl-NL","@id":"https:\/\/sumkcaps.com\/product\/sufox-241086-custom-embossed-seven-panel-snapback-cap\/#primaryimage","url":"https:\/\/sumkcaps.com\/wp-content\/uploads\/2022\/10\/custom_flat_bill_embossed_7_panel_snapback_hat-1.jpg","contentUrl":"https:\/\/sumkcaps.com\/wp-content\/uploads\/2022\/10\/custom_flat_bill_embossed_7_panel_snapback_hat-1.jpg","width":800,"height":800},{"@type":"BreadcrumbList","@id":"https:\/\/sumkcaps.com\/product\/sufox-241086-custom-embossed-seven-panel-snapback-cap\/#breadcrumb","itemListElement":[{"@type":"ListItem","position":1,"name":"Home","item":"https:\/\/sumkcaps.com\/"},{"@type":"ListItem","position":2,"name":"Products","item":"https:\/\/sumkcaps.com\/product\/"},{"@type":"ListItem","position":3,"name":"Sumkcaps 241086 Custom Embossed Seven Panel Snapback Cap"}]},{"@type":"WebSite","@id":"https:\/\/sumkcaps.com\/#website","url":"https:\/\/sumkcaps.com\/","name":"Sumkcaps-China Originele Hoofddeksels Fabrikant en Leverancier","description":"Wij zijn China Cap en Hat Original Factory, wiens belangrijkste bedrijf is op maat cap en hoed als client &amp; #039;s LOGO. Om het even welke GLB-stijl, om het even welke GLB-kleur, om het even welke qty, om het even welk materiaal en qty is geen probleem. In \u00e9\u00e9n woord, kunnen om het even welke kleine details als uw verzoek worden aangepast.","publisher":{"@id":"https:\/\/sumkcaps.com\/#organization"},"potentialAction":[{"@type":"SearchAction","target":{"@type":"EntryPoint","urlTemplate":"https:\/\/sumkcaps.com\/?s={search_term_string}"},"query-input":{"@type":"PropertyValueSpecification","valueRequired":true,"valueName":"search_term_string"}}],"inLanguage":"nl-NL"},{"@type":"Organization","@id":"https:\/\/sumkcaps.com\/#organization","name":"Sumkcaps-China Originele Hoofddeksels Fabrikant en Leverancier","url":"https:\/\/sumkcaps.com\/","logo":{"@type":"ImageObject","inLanguage":"nl-NL","@id":"https:\/\/sumkcaps.com\/#\/schema\/logo\/image\/","url":"https:\/\/sumkcaps.com\/wp-content\/uploads\/2025\/12\/1234.jpg","contentUrl":"https:\/\/sumkcaps.com\/wp-content\/uploads\/2025\/12\/1234.jpg","width":800,"height":800,"caption":"Sumkcaps-China Original Headwear Manufacturer and Suppliers"},"image":{"@id":"https:\/\/sumkcaps.com\/#\/schema\/logo\/image\/"},"sameAs":["https:\/\/www.facebook.com\/sumkcap","https:\/\/www.instagram.com\/sumkcaps7\/","https:\/\/www.pinterest.com\/sumkcapschina\/"]}]}},"taxonomy_info":{"product_cat":[{"value":42,"label":"Snapback Hats Wholesale"}]},"featured_image_src_large":["https:\/\/sumkcaps.com\/wp-content\/uploads\/2022\/10\/custom_flat_bill_embossed_7_panel_snapback_hat-1.jpg",800,800,false],"author_info":[],"comment_info":"","_links":{"self":[{"href":"https:\/\/sumkcaps.com\/nl\/wp-json\/wp\/v2\/product\/17005","targetHints":{"allow":["GET"]}}],"collection":[{"href":"https:\/\/sumkcaps.com\/nl\/wp-json\/wp\/v2\/product"}],"about":[{"href":"https:\/\/sumkcaps.com\/nl\/wp-json\/wp\/v2\/types\/product"}],"wp:featuredmedia":[{"embeddable":true,"href":"https:\/\/sumkcaps.com\/nl\/wp-json\/wp\/v2\/media\/17006"}],"wp:attachment":[{"href":"https:\/\/sumkcaps.com\/nl\/wp-json\/wp\/v2\/media?parent=17005"}],"wp:term":[{"taxonomy":"product_brand","embeddable":true,"href":"https:\/\/sumkcaps.com\/nl\/wp-json\/wp\/v2\/product_brand?post=17005"},{"taxonomy":"product_cat","embeddable":true,"href":"https:\/\/sumkcaps.com\/nl\/wp-json\/wp\/v2\/product_cat?post=17005"},{"taxonomy":"product_tag","embeddable":true,"href":"https:\/\/sumkcaps.com\/nl\/wp-json\/wp\/v2\/product_tag?post=17005"}],"curies":[{"name":"wp","href":"https:\/\/api.w.org\/{rel}","templated":true}]}}