{"id":67,"date":"2021-07-03T09:44:41","date_gmt":"2021-07-03T01:44:41","guid":{"rendered":"https:\/\/sumkcaps.com\/?post_type=product&#038;p=67"},"modified":"2025-07-30T15:41:26","modified_gmt":"2025-07-30T07:41:26","slug":"white-6-panel-white-unstructured-dad-hat-baseball-cap","status":"publish","type":"product","link":"https:\/\/sumkcaps.com\/it\/prodotto\/cappellino-da-baseball-bianco-a-6-pannelli-bianco-destrutturato\/","title":{"rendered":"Bianco 6 pannelli bianco destrutturato Dad Hat Cappello da baseball all'ingrosso"},"content":{"rendered":"<p>Il cappellino da baseball White 6 Panel White Unstructured Dad Hat vanta uno stile senza tempo che si abbina perfettamente a qualsiasi abbigliamento casual. Il design di questo berretto \u00e8 caratterizzato da un cinturino regolabile, che assicura una vestibilit\u00e0 comoda e sicura per tutti. Realizzato con materiali di prima qualit\u00e0, garantisce resistenza e lunga durata. Disponibile nel classico colore bianco, \u00e8 una scelta versatile ed elegante per ogni occasione.<\/p>\n<h2 data-start=\"87\" data-end=\"124\"><strong data-start=\"94\" data-end=\"124\">Personalizzazione e decorazione<\/strong><\/h2>\n<ul data-start=\"125\" data-end=\"383\">\n<li data-start=\"125\" data-end=\"209\">\n<p data-start=\"127\" data-end=\"209\"><strong data-start=\"127\" data-end=\"146\">Tipo di decorazione<\/strong>: Ricamo piatto per un posizionamento pulito e classico del logo o del disegno<\/p>\n<\/li>\n<li data-start=\"210\" data-end=\"304\">\n<p data-start=\"212\" data-end=\"304\"><strong data-start=\"212\" data-end=\"231\">Opzioni di servizio<\/strong>: OEM e ODM disponibili per la personalizzazione completa e il marchio privato.<\/p>\n<\/li>\n<li data-start=\"305\" data-end=\"383\">\n<p data-start=\"307\" data-end=\"383\"><strong data-start=\"307\" data-end=\"314\">MOQ<\/strong>200 pezzi per disegno e per colore - ideale per progetti di marchio personalizzati<\/p>\n<\/li>\n<\/ul>\n<h2 data-start=\"390\" data-end=\"424\"><strong data-start=\"397\" data-end=\"424\">Materiale e costruzione<\/strong><\/h2>\n<ul data-start=\"425\" data-end=\"693\">\n<li data-start=\"425\" data-end=\"515\">\n<p data-start=\"427\" data-end=\"515\"><strong data-start=\"427\" data-end=\"439\">Materiale<\/strong>: Realizzato in twill di cotone 100% per una sensazione morbida, traspirante e confortevole.<\/p>\n<\/li>\n<li data-start=\"516\" data-end=\"612\">\n<p data-start=\"518\" data-end=\"612\"><strong data-start=\"518\" data-end=\"539\">Forma e struttura<\/strong>Costruzione destrutturata a 6 pannelli per una silhouette rilassata e casual.<\/p>\n<\/li>\n<li data-start=\"613\" data-end=\"693\">\n<p data-start=\"615\" data-end=\"693\"><strong data-start=\"615\" data-end=\"624\">Colore<\/strong>: Finitura bianca e pulita, ideale per disegni ricamati minimali o audaci.<\/p>\n<\/li>\n<\/ul>\n<h2 data-start=\"700\" data-end=\"723\"><strong data-start=\"707\" data-end=\"723\">Vestibilit\u00e0 e dimensioni<\/strong><\/h2>\n<ul data-start=\"724\" data-end=\"946\">\n<li data-start=\"724\" data-end=\"803\">\n<p data-start=\"726\" data-end=\"803\"><strong data-start=\"726\" data-end=\"733\">In forma<\/strong>: Taglia unica (OSFM), adatta a teste di dimensioni comprese tra 7 e 7 3\/4.<\/p>\n<\/li>\n<li data-start=\"804\" data-end=\"875\">\n<p data-start=\"806\" data-end=\"875\"><strong data-start=\"806\" data-end=\"817\">Chiusura<\/strong>: Il cinturino regolabile assicura una vestibilit\u00e0 personalizzata e sicura<\/p>\n<\/li>\n<li data-start=\"876\" data-end=\"946\">\n<p data-start=\"878\" data-end=\"946\"><strong data-start=\"878\" data-end=\"887\">Visiera<\/strong>: Tesa precurvata per una protezione solare e uno stile senza sforzo<\/p>\n<\/li>\n<\/ul>\n<h2>Contattateci<\/h2>\n<p>Cercate un berretto che offra flessibilit\u00e0 nella personalizzazione? Il cappellino da baseball White 6 Panel White Unstructured Dad Hat \u00e8 perfetto per il ricamo o la stampa personalizzati. La sua struttura destrutturata offre un look rilassato e mantiene la forma con l'aiuto di occhielli ben progettati che assicurano la traspirazione.<\/p>\n<p>Sumkcaps opera nel settore della produzione di tappi da 20 anni ed \u00e8 nota per le sue basse quantit\u00e0 minime d'ordine e per l'eccellente rapporto costo-prestazioni. Ci impegniamo a fornire prodotti di alta qualit\u00e0. <a href=\"https:\/\/sumkcaps.com\/contact\/\">Contattateci<\/a> oggi stesso per le vostre esigenze di vendita all'ingrosso!<\/p>","protected":false},"excerpt":{"rendered":"<p>La forma di base bianca non strutturata \u00e8 realizzata in cotone organico GOTS. Pu\u00f2 essere personalizzata con il proprio logo o marchio per promozioni, eventi o affari...<\/p>\n<p>Scoprite il nostro cappellino da baseball Dad Hat Unstructured bianco a 6 pannelli di alta qualit\u00e0, perfetto per gli acquirenti all'ingrosso.<\/p>","protected":false},"featured_media":68,"template":"","meta":{"_acf_changed":false,"_kad_blocks_custom_css":"","_kad_blocks_head_custom_js":"","_kad_blocks_body_custom_js":"","_kad_blocks_footer_custom_js":""},"product_brand":[],"product_cat":[693,949],"product_tag":[],"class_list":{"0":"post-67","1":"product","2":"type-product","3":"status-publish","4":"has-post-thumbnail","6":"product_cat-hat","7":"product_cat-unstructured-5-panel-hat-wholesale","9":"first","10":"outofstock","11":"shipping-taxable","12":"product-type-simple"},"acf":[],"yoast_head":"<!-- This site is optimized with the Yoast SEO Premium plugin v20.8 (Yoast SEO v25.9) - https:\/\/yoast.com\/wordpress\/plugins\/seo\/ -->\n<title>White 6 Panel White Unstructured Dad Hat Baseball Cap<\/title>\n<meta name=\"description\" content=\"Shop our White 6 Panel Unstructured Dad Hat\u2014premium cotton, adjustable fit. Perfect for custom embroidery, casual wear, and wholesale orders with low MOQ.\" \/>\n<meta name=\"robots\" content=\"index, follow, max-snippet:-1, max-image-preview:large, max-video-preview:-1\" \/>\n<link rel=\"canonical\" href=\"https:\/\/sumkcaps.com\/it\/prodotto\/cappellino-da-baseball-bianco-a-6-pannelli-bianco-destrutturato\/\" \/>\n<meta property=\"og:locale\" content=\"it_IT\" \/>\n<meta property=\"og:type\" content=\"article\" \/>\n<meta property=\"og:title\" content=\"White 6 Panel White Unstructured Dad Hat Baseball Cap Wholesale - Sumkcaps\" \/>\n<meta property=\"og:description\" content=\"Shop our White 6 Panel Unstructured Dad Hat\u2014premium cotton, adjustable fit. Perfect for custom embroidery, casual wear, and wholesale orders with low MOQ.\" \/>\n<meta property=\"og:url\" content=\"https:\/\/sumkcaps.com\/it\/prodotto\/cappellino-da-baseball-bianco-a-6-pannelli-bianco-destrutturato\/\" \/>\n<meta property=\"og:site_name\" content=\"Sumkcaps-China Original Headwear Manufacturer and Suppliers\" \/>\n<meta property=\"article:publisher\" content=\"https:\/\/www.facebook.com\/sumkcap\" \/>\n<meta property=\"article:modified_time\" content=\"2025-07-30T07:41:26+00:00\" \/>\n<meta property=\"og:image\" content=\"https:\/\/sumkcaps.com\/wp-content\/uploads\/2021\/07\/\u7ee3\u82b1\u65e0\u886c\u68d2\u7403\u5e3d-3.jpg\" \/>\n\t<meta property=\"og:image:width\" content=\"800\" \/>\n\t<meta property=\"og:image:height\" content=\"800\" \/>\n\t<meta property=\"og:image:type\" content=\"image\/jpeg\" \/>\n<meta name=\"twitter:card\" content=\"summary_large_image\" \/>\n<meta name=\"twitter:label1\" content=\"Tempo di lettura stimato\" \/>\n\t<meta name=\"twitter:data1\" content=\"2 minuti\" \/>\n<script type=\"application\/ld+json\" class=\"yoast-schema-graph\">{\"@context\":\"https:\/\/schema.org\",\"@graph\":[{\"@type\":\"WebPage\",\"@id\":\"https:\/\/sumkcaps.com\/product\/white-6-panel-white-unstructured-dad-hat-baseball-cap\/\",\"url\":\"https:\/\/sumkcaps.com\/product\/white-6-panel-white-unstructured-dad-hat-baseball-cap\/\",\"name\":\"White 6 Panel White Unstructured Dad Hat Baseball Cap\",\"isPartOf\":{\"@id\":\"https:\/\/sumkcaps.com\/#website\"},\"primaryImageOfPage\":{\"@id\":\"https:\/\/sumkcaps.com\/product\/white-6-panel-white-unstructured-dad-hat-baseball-cap\/#primaryimage\"},\"image\":{\"@id\":\"https:\/\/sumkcaps.com\/product\/white-6-panel-white-unstructured-dad-hat-baseball-cap\/#primaryimage\"},\"thumbnailUrl\":\"https:\/\/sumkcaps.com\/wp-content\/uploads\/2021\/07\/\u7ee3\u82b1\u65e0\u886c\u68d2\u7403\u5e3d-3.jpg\",\"datePublished\":\"2021-07-03T01:44:41+00:00\",\"dateModified\":\"2025-07-30T07:41:26+00:00\",\"description\":\"Shop our White 6 Panel Unstructured Dad Hat\u2014premium cotton, adjustable fit. Perfect for custom embroidery, casual wear, and wholesale orders with low MOQ.\",\"breadcrumb\":{\"@id\":\"https:\/\/sumkcaps.com\/product\/white-6-panel-white-unstructured-dad-hat-baseball-cap\/#breadcrumb\"},\"inLanguage\":\"it-IT\",\"potentialAction\":[{\"@type\":\"ReadAction\",\"target\":[\"https:\/\/sumkcaps.com\/product\/white-6-panel-white-unstructured-dad-hat-baseball-cap\/\"]}]},{\"@type\":\"ImageObject\",\"inLanguage\":\"it-IT\",\"@id\":\"https:\/\/sumkcaps.com\/product\/white-6-panel-white-unstructured-dad-hat-baseball-cap\/#primaryimage\",\"url\":\"https:\/\/sumkcaps.com\/wp-content\/uploads\/2021\/07\/\u7ee3\u82b1\u65e0\u886c\u68d2\u7403\u5e3d-3.jpg\",\"contentUrl\":\"https:\/\/sumkcaps.com\/wp-content\/uploads\/2021\/07\/\u7ee3\u82b1\u65e0\u886c\u68d2\u7403\u5e3d-3.jpg\",\"width\":800,\"height\":800,\"caption\":\"White 6 Panel White Unstructured Dad Hat Baseball Cap Wholesale\"},{\"@type\":\"BreadcrumbList\",\"@id\":\"https:\/\/sumkcaps.com\/product\/white-6-panel-white-unstructured-dad-hat-baseball-cap\/#breadcrumb\",\"itemListElement\":[{\"@type\":\"ListItem\",\"position\":1,\"name\":\"Home\",\"item\":\"https:\/\/sumkcaps.com\/\"},{\"@type\":\"ListItem\",\"position\":2,\"name\":\"Products\",\"item\":\"https:\/\/sumkcaps.com\/product\/\"},{\"@type\":\"ListItem\",\"position\":3,\"name\":\"White 6 Panel White Unstructured Dad Hat Baseball Cap Wholesale\"}]},{\"@type\":\"WebSite\",\"@id\":\"https:\/\/sumkcaps.com\/#website\",\"url\":\"https:\/\/sumkcaps.com\/\",\"name\":\"Sumkcaps-China Original Headwear Manufacturer and Suppliers\",\"description\":\"We are China Cap And Hat Original Factory, whose main business is to custom cap and hat as client&#039;s LOGO. Any cap style, any cap color, any qty, any material and qty is no problem. In one words, any small details can be customized as your request.\",\"publisher\":{\"@id\":\"https:\/\/sumkcaps.com\/#organization\"},\"potentialAction\":[{\"@type\":\"SearchAction\",\"target\":{\"@type\":\"EntryPoint\",\"urlTemplate\":\"https:\/\/sumkcaps.com\/?s={search_term_string}\"},\"query-input\":{\"@type\":\"PropertyValueSpecification\",\"valueRequired\":true,\"valueName\":\"search_term_string\"}}],\"inLanguage\":\"it-IT\"},{\"@type\":\"Organization\",\"@id\":\"https:\/\/sumkcaps.com\/#organization\",\"name\":\"Sumkcaps-China Original Headwear Manufacturer and Suppliers\",\"url\":\"https:\/\/sumkcaps.com\/\",\"logo\":{\"@type\":\"ImageObject\",\"inLanguage\":\"it-IT\",\"@id\":\"https:\/\/sumkcaps.com\/#\/schema\/logo\/image\/\",\"url\":\"https:\/\/sumkcaps.com\/wp-content\/uploads\/2025\/12\/1234.jpg\",\"contentUrl\":\"https:\/\/sumkcaps.com\/wp-content\/uploads\/2025\/12\/1234.jpg\",\"width\":800,\"height\":800,\"caption\":\"Sumkcaps-China Original Headwear Manufacturer and Suppliers\"},\"image\":{\"@id\":\"https:\/\/sumkcaps.com\/#\/schema\/logo\/image\/\"},\"sameAs\":[\"https:\/\/www.facebook.com\/sumkcap\",\"https:\/\/www.instagram.com\/sumkcaps7\/\",\"https:\/\/www.pinterest.com\/sumkcapschina\/\"]}]}<\/script>\n<!-- \/ Yoast SEO Premium plugin. -->","yoast_head_json":{"title":"Cappello da baseball bianco a 6 pannelli bianco destrutturato Dad Hat","description":"Acquista il nostro cappello Dad Hat bianco a 6 pannelli non strutturato: cotone di prima qualit\u00e0, vestibilit\u00e0 regolabile. Perfetto per ricami personalizzati, abbigliamento casual e ordini all'ingrosso con basso MOQ.","robots":{"index":"index","follow":"follow","max-snippet":"max-snippet:-1","max-image-preview":"max-image-preview:large","max-video-preview":"max-video-preview:-1"},"canonical":"https:\/\/sumkcaps.com\/it\/prodotto\/cappellino-da-baseball-bianco-a-6-pannelli-bianco-destrutturato\/","og_locale":"it_IT","og_type":"article","og_title":"White 6 Panel White Unstructured Dad Hat Baseball Cap Wholesale - Sumkcaps","og_description":"Shop our White 6 Panel Unstructured Dad Hat\u2014premium cotton, adjustable fit. Perfect for custom embroidery, casual wear, and wholesale orders with low MOQ.","og_url":"https:\/\/sumkcaps.com\/it\/prodotto\/cappellino-da-baseball-bianco-a-6-pannelli-bianco-destrutturato\/","og_site_name":"Sumkcaps-China Original Headwear Manufacturer and Suppliers","article_publisher":"https:\/\/www.facebook.com\/sumkcap","article_modified_time":"2025-07-30T07:41:26+00:00","og_image":[{"width":800,"height":800,"url":"https:\/\/sumkcaps.com\/wp-content\/uploads\/2021\/07\/\u7ee3\u82b1\u65e0\u886c\u68d2\u7403\u5e3d-3.jpg","type":"image\/jpeg"}],"twitter_card":"summary_large_image","twitter_misc":{"Tempo di lettura stimato":"2 minuti"},"schema":{"@context":"https:\/\/schema.org","@graph":[{"@type":"WebPage","@id":"https:\/\/sumkcaps.com\/product\/white-6-panel-white-unstructured-dad-hat-baseball-cap\/","url":"https:\/\/sumkcaps.com\/product\/white-6-panel-white-unstructured-dad-hat-baseball-cap\/","name":"Cappello da baseball bianco a 6 pannelli bianco destrutturato Dad Hat","isPartOf":{"@id":"https:\/\/sumkcaps.com\/#website"},"primaryImageOfPage":{"@id":"https:\/\/sumkcaps.com\/product\/white-6-panel-white-unstructured-dad-hat-baseball-cap\/#primaryimage"},"image":{"@id":"https:\/\/sumkcaps.com\/product\/white-6-panel-white-unstructured-dad-hat-baseball-cap\/#primaryimage"},"thumbnailUrl":"https:\/\/sumkcaps.com\/wp-content\/uploads\/2021\/07\/\u7ee3\u82b1\u65e0\u886c\u68d2\u7403\u5e3d-3.jpg","datePublished":"2021-07-03T01:44:41+00:00","dateModified":"2025-07-30T07:41:26+00:00","description":"Acquista il nostro cappello Dad Hat bianco a 6 pannelli non strutturato: cotone di prima qualit\u00e0, vestibilit\u00e0 regolabile. Perfetto per ricami personalizzati, abbigliamento casual e ordini all'ingrosso con basso MOQ.","breadcrumb":{"@id":"https:\/\/sumkcaps.com\/product\/white-6-panel-white-unstructured-dad-hat-baseball-cap\/#breadcrumb"},"inLanguage":"it-IT","potentialAction":[{"@type":"ReadAction","target":["https:\/\/sumkcaps.com\/product\/white-6-panel-white-unstructured-dad-hat-baseball-cap\/"]}]},{"@type":"ImageObject","inLanguage":"it-IT","@id":"https:\/\/sumkcaps.com\/product\/white-6-panel-white-unstructured-dad-hat-baseball-cap\/#primaryimage","url":"https:\/\/sumkcaps.com\/wp-content\/uploads\/2021\/07\/\u7ee3\u82b1\u65e0\u886c\u68d2\u7403\u5e3d-3.jpg","contentUrl":"https:\/\/sumkcaps.com\/wp-content\/uploads\/2021\/07\/\u7ee3\u82b1\u65e0\u886c\u68d2\u7403\u5e3d-3.jpg","width":800,"height":800,"caption":"White 6 Panel White Unstructured Dad Hat Baseball Cap Wholesale"},{"@type":"BreadcrumbList","@id":"https:\/\/sumkcaps.com\/product\/white-6-panel-white-unstructured-dad-hat-baseball-cap\/#breadcrumb","itemListElement":[{"@type":"ListItem","position":1,"name":"Home","item":"https:\/\/sumkcaps.com\/"},{"@type":"ListItem","position":2,"name":"Products","item":"https:\/\/sumkcaps.com\/product\/"},{"@type":"ListItem","position":3,"name":"White 6 Panel White Unstructured Dad Hat Baseball Cap Wholesale"}]},{"@type":"WebSite","@id":"https:\/\/sumkcaps.com\/#website","url":"https:\/\/sumkcaps.com\/","name":"Sumkcaps-Cina Produttore e fornitore di copricapi originali","description":"Siamo fabbrica originale del cappello e del cappuccio della Cina, di cui l'affare principale \u00e8 al cappuccio ed al cappello su ordinazione come client&#039;s LOGO. Qualsiasi stile del cappuccio, qualsiasi colore del cappuccio, qualsiasi qty, qualsiasi materiale e qty non \u00e8 un problema. In una parola, qualsiasi piccolo dettaglio pu\u00f2 essere personalizzato come vostra richiesta.","publisher":{"@id":"https:\/\/sumkcaps.com\/#organization"},"potentialAction":[{"@type":"SearchAction","target":{"@type":"EntryPoint","urlTemplate":"https:\/\/sumkcaps.com\/?s={search_term_string}"},"query-input":{"@type":"PropertyValueSpecification","valueRequired":true,"valueName":"search_term_string"}}],"inLanguage":"it-IT"},{"@type":"Organization","@id":"https:\/\/sumkcaps.com\/#organization","name":"Sumkcaps-Cina Produttore e fornitore di copricapi originali","url":"https:\/\/sumkcaps.com\/","logo":{"@type":"ImageObject","inLanguage":"it-IT","@id":"https:\/\/sumkcaps.com\/#\/schema\/logo\/image\/","url":"https:\/\/sumkcaps.com\/wp-content\/uploads\/2025\/12\/1234.jpg","contentUrl":"https:\/\/sumkcaps.com\/wp-content\/uploads\/2025\/12\/1234.jpg","width":800,"height":800,"caption":"Sumkcaps-China Original Headwear Manufacturer and Suppliers"},"image":{"@id":"https:\/\/sumkcaps.com\/#\/schema\/logo\/image\/"},"sameAs":["https:\/\/www.facebook.com\/sumkcap","https:\/\/www.instagram.com\/sumkcaps7\/","https:\/\/www.pinterest.com\/sumkcapschina\/"]}]}},"taxonomy_info":{"product_cat":[{"value":693,"label":"Hat"},{"value":949,"label":"Unstructured 5 Panel Hat Wholesale"}]},"featured_image_src_large":["https:\/\/sumkcaps.com\/wp-content\/uploads\/2021\/07\/\u7ee3\u82b1\u65e0\u886c\u68d2\u7403\u5e3d-3.jpg",800,800,false],"author_info":[],"comment_info":"","_links":{"self":[{"href":"https:\/\/sumkcaps.com\/it\/wp-json\/wp\/v2\/product\/67","targetHints":{"allow":["GET"]}}],"collection":[{"href":"https:\/\/sumkcaps.com\/it\/wp-json\/wp\/v2\/product"}],"about":[{"href":"https:\/\/sumkcaps.com\/it\/wp-json\/wp\/v2\/types\/product"}],"wp:featuredmedia":[{"embeddable":true,"href":"https:\/\/sumkcaps.com\/it\/wp-json\/wp\/v2\/media\/68"}],"wp:attachment":[{"href":"https:\/\/sumkcaps.com\/it\/wp-json\/wp\/v2\/media?parent=67"}],"wp:term":[{"taxonomy":"product_brand","embeddable":true,"href":"https:\/\/sumkcaps.com\/it\/wp-json\/wp\/v2\/product_brand?post=67"},{"taxonomy":"product_cat","embeddable":true,"href":"https:\/\/sumkcaps.com\/it\/wp-json\/wp\/v2\/product_cat?post=67"},{"taxonomy":"product_tag","embeddable":true,"href":"https:\/\/sumkcaps.com\/it\/wp-json\/wp\/v2\/product_tag?post=67"}],"curies":[{"name":"wp","href":"https:\/\/api.w.org\/{rel}","templated":true}]}}