{"id":23885,"date":"2023-09-13T20:59:16","date_gmt":"2023-09-13T12:59:16","guid":{"rendered":"https:\/\/sumkcaps.com\/?post_type=product&#038;p=23885"},"modified":"2026-01-12T11:10:47","modified_gmt":"2026-01-12T03:10:47","slug":"sumkcaps-5-panel-3d-embroidery-canvas-trucker-hats","status":"publish","type":"product","link":"https:\/\/sumkcaps.com\/it\/prodotto\/sumkcaps-cappelli-trucker-in-tela-con-ricamo-3d-a-5-pannelli\/","title":{"rendered":"5 pannelli 3D ricamo Canvas Trucker cappelli all'ingrosso"},"content":{"rendered":"<h3 data-start=\"86\" data-end=\"118\">Decorazione<\/h3>\n<p data-start=\"119\" data-end=\"490\">Questi cappelli trucker sono caratterizzati da ricami 3D di qualit\u00e0 superiore che aggiungono profondit\u00e0 e consistenza ai vostri disegni. Le cuciture in rilievo fanno s\u00ec che loghi, testi o grafiche risaltino, offrendo una finitura professionale e accattivante. Perfetti per il branding, il merchandising di squadra o le collezioni di moda, i ricami migliorano l'appeal visivo e mantengono la durata nel tempo.<\/p>\n<h3 data-start=\"497\" data-end=\"520\">Materiale<\/h3>\n<p data-start=\"521\" data-end=\"899\">Realizzati in tela di alta qualit\u00e0, questi cappelli sono resistenti, traspiranti e progettati per essere indossati tutti i giorni. Il tessuto robusto mantiene bene la forma e offre una vestibilit\u00e0 comoda per un uso prolungato. La tela offre anche una superficie ideale per il ricamo 3D, garantendo che i disegni rimangano nitidi e vivaci nel tempo. Questi cappelli sono pratici ed eleganti per le attivit\u00e0 casual o all'aperto.<\/p>\n<h3 data-start=\"906\" data-end=\"937\">Colore<\/h3>\n<p data-start=\"938\" data-end=\"1291\">Questi cappelli trucker sono disponibili nel classico nero o in colori completamente personalizzabili per adattarsi al vostro marchio o alla vostra visione del design. Che preferiate toni audaci, sfumature delicate o motivi unici, le opzioni di colore personalizzate consentono di creare facilmente una linea di prodotti distintiva. Questa flessibilit\u00e0 \u00e8 perfetta per i marchi di moda, le campagne promozionali e gli ordini personalizzati all'ingrosso.<\/p>\n<h3 data-start=\"1298\" data-end=\"1333\">Vestibilit\u00e0 e dimensioni<\/h3>\n<p data-start=\"1334\" data-end=\"1655\">Caratterizzati da un design a taglia unica, questi cappelli trucker si adattano comodamente a teste di dimensioni comprese tra i 7 e i 7 3\/4. La struttura a 5 pannelli assicura una vestibilit\u00e0 sicura e confortevole per la maggior parte dei portatori. La taglia OSFM semplifica la gestione dell'inventario, rendendo questi cappelli ideali per la distribuzione all'ingrosso, al dettaglio o promozionale.<\/p>\n<h3 data-start=\"1662\" data-end=\"1686\">Visiera<\/h3>\n<p data-start=\"1687\" data-end=\"2012\">La visiera precurvata garantisce una vestibilit\u00e0 classica e confortevole, offrendo al contempo protezione solare e un aspetto elegante. Il design preformato mantiene la forma, eliminando la necessit\u00e0 di regolazioni e garantendo uno stile uniforme. Questa caratteristica aggiunge una finitura professionale al cappello e lo rende adatto a look casual, sportivi o streetwear.<\/p>\n<h3 data-start=\"2019\" data-end=\"2044\">Servizio<\/h3>\n<p data-start=\"2045\" data-end=\"2379\">Questi cappelli supportano servizi sia OEM che ODM, consentendo la completa personalizzazione di ricami, colori, pannelli ed elementi di branding. Sia che si tratti di produrre prodotti a marchio privato o di sviluppare collezioni di moda uniche, questi servizi offrono flessibilit\u00e0, garanzia di qualit\u00e0 e guida alla produzione professionale per i vostri ordini all'ingrosso.<\/p>\n<h3 data-start=\"2386\" data-end=\"2407\">Tempi di consegna<\/h3>\n<p data-start=\"2408\" data-end=\"2700\" data-is-last-node=\"\" data-is-only-node=\"\">La produzione di campioni richiede in genere 7-9 giorni lavorativi per l'approvazione del design. Una volta confermata, la produzione di massa viene completata entro 18-22 giorni lavorativi. Questa efficiente tempistica garantisce una consegna tempestiva per ordini di grandi quantit\u00e0, uscite stagionali o campagne promozionali, senza compromettere la qualit\u00e0 o i dettagli.<\/p>","protected":false},"excerpt":{"rendered":"<p>Questo elegante cappello trucker camo con ricamo personalizzato \u00e8 perfetto per gli appassionati di outdoor e per gli eventi casual. Ideale per acquisti all'ingrosso, per garantirvi i migliori prezzi e la migliore qualit\u00e0. Ordinate ora e godetevi gli sconti premium sugli ordini all'ingrosso<\/p>","protected":false},"featured_media":23886,"template":"","meta":{"_acf_changed":false,"_kad_blocks_custom_css":"","_kad_blocks_head_custom_js":"","_kad_blocks_body_custom_js":"","_kad_blocks_footer_custom_js":""},"product_brand":[],"product_cat":[693,971,942,943],"product_tag":[],"class_list":{"0":"post-23885","1":"product","2":"type-product","3":"status-publish","4":"has-post-thumbnail","6":"product_cat-hat","7":"product_cat-custom-embroidery-trucker-hats-wholesale","8":"product_cat-5-panel-trucker-hat","9":"product_cat-custom-embroidered-5-panel-hats","11":"first","12":"outofstock","13":"shipping-taxable","14":"product-type-simple"},"acf":[],"yoast_head":"<!-- This site is optimized with the Yoast SEO Premium plugin v20.8 (Yoast SEO v25.9) - https:\/\/yoast.com\/wordpress\/plugins\/seo\/ -->\n<title>Custom Embroidery Patch Camo Trucker Hat Wholesale<\/title>\n<meta name=\"description\" content=\"Custom Embroidery Patch Camo Trucker Hat\u2014wholesale-ready with durable materials, adjustable fit, and customizable logos for any occasion.\" \/>\n<meta name=\"robots\" content=\"index, follow, max-snippet:-1, max-image-preview:large, max-video-preview:-1\" \/>\n<link rel=\"canonical\" href=\"https:\/\/sumkcaps.com\/it\/prodotto\/sumkcaps-cappelli-trucker-in-tela-con-ricamo-3d-a-5-pannelli\/\" \/>\n<meta property=\"og:locale\" content=\"it_IT\" \/>\n<meta property=\"og:type\" content=\"article\" \/>\n<meta property=\"og:title\" content=\"Custom 5 Panel 3D Logo Canvas Trucker Hats | Sumkcaps\" \/>\n<meta property=\"og:description\" content=\"High Quality China Custom Headwear Manufacturer. Top Quality Products At Best Prices. Add Your Logo or Custom Design Online. Expert Service. Bulk Discount.\" \/>\n<meta property=\"og:url\" content=\"https:\/\/sumkcaps.com\/it\/prodotto\/sumkcaps-cappelli-trucker-in-tela-con-ricamo-3d-a-5-pannelli\/\" \/>\n<meta property=\"og:site_name\" content=\"Sumkcaps-China Original Headwear Manufacturer and Suppliers\" \/>\n<meta property=\"article:publisher\" content=\"https:\/\/www.facebook.com\/sumkcap\" \/>\n<meta property=\"article:modified_time\" content=\"2026-01-12T03:10:47+00:00\" \/>\n<meta property=\"og:image\" content=\"https:\/\/sumkcaps.com\/wp-content\/uploads\/2023\/09\/sumkcaps-5-panel-canvas-trucker-hats-1.jpg\" \/>\n\t<meta property=\"og:image:width\" content=\"750\" \/>\n\t<meta property=\"og:image:height\" content=\"750\" \/>\n\t<meta property=\"og:image:type\" content=\"image\/jpeg\" \/>\n<meta name=\"twitter:card\" content=\"summary_large_image\" \/>\n<meta name=\"twitter:title\" content=\"Custom 5 Panel 3D Logo Canvas Trucker Hats | Sumkcaps\" \/>\n<meta name=\"twitter:description\" content=\"High Quality China Custom Headwear Manufacturer. Top Quality Products At Best Prices. Add Your Logo or Custom Design Online. Expert Service. Bulk Discount.\" \/>\n<meta name=\"twitter:label1\" content=\"Tempo di lettura stimato\" \/>\n\t<meta name=\"twitter:data1\" content=\"2 minuti\" \/>\n<script type=\"application\/ld+json\" class=\"yoast-schema-graph\">{\"@context\":\"https:\/\/schema.org\",\"@graph\":[{\"@type\":\"WebPage\",\"@id\":\"https:\/\/sumkcaps.com\/product\/sumkcaps-5-panel-3d-embroidery-canvas-trucker-hats\/\",\"url\":\"https:\/\/sumkcaps.com\/product\/sumkcaps-5-panel-3d-embroidery-canvas-trucker-hats\/\",\"name\":\"Custom Embroidery Patch Camo Trucker Hat Wholesale\",\"isPartOf\":{\"@id\":\"https:\/\/sumkcaps.com\/#website\"},\"primaryImageOfPage\":{\"@id\":\"https:\/\/sumkcaps.com\/product\/sumkcaps-5-panel-3d-embroidery-canvas-trucker-hats\/#primaryimage\"},\"image\":{\"@id\":\"https:\/\/sumkcaps.com\/product\/sumkcaps-5-panel-3d-embroidery-canvas-trucker-hats\/#primaryimage\"},\"thumbnailUrl\":\"https:\/\/sumkcaps.com\/wp-content\/uploads\/2023\/09\/sumkcaps-5-panel-canvas-trucker-hats-1.jpg\",\"datePublished\":\"2023-09-13T12:59:16+00:00\",\"dateModified\":\"2026-01-12T03:10:47+00:00\",\"description\":\"Custom Embroidery Patch Camo Trucker Hat\u2014wholesale-ready with durable materials, adjustable fit, and customizable logos for any occasion.\",\"breadcrumb\":{\"@id\":\"https:\/\/sumkcaps.com\/product\/sumkcaps-5-panel-3d-embroidery-canvas-trucker-hats\/#breadcrumb\"},\"inLanguage\":\"it-IT\",\"potentialAction\":[{\"@type\":\"ReadAction\",\"target\":[\"https:\/\/sumkcaps.com\/product\/sumkcaps-5-panel-3d-embroidery-canvas-trucker-hats\/\"]}]},{\"@type\":\"ImageObject\",\"inLanguage\":\"it-IT\",\"@id\":\"https:\/\/sumkcaps.com\/product\/sumkcaps-5-panel-3d-embroidery-canvas-trucker-hats\/#primaryimage\",\"url\":\"https:\/\/sumkcaps.com\/wp-content\/uploads\/2023\/09\/sumkcaps-5-panel-canvas-trucker-hats-1.jpg\",\"contentUrl\":\"https:\/\/sumkcaps.com\/wp-content\/uploads\/2023\/09\/sumkcaps-5-panel-canvas-trucker-hats-1.jpg\",\"width\":750,\"height\":750,\"caption\":\"Sumkcaps 5 Panel Canvas Trucker Hats 1\"},{\"@type\":\"BreadcrumbList\",\"@id\":\"https:\/\/sumkcaps.com\/product\/sumkcaps-5-panel-3d-embroidery-canvas-trucker-hats\/#breadcrumb\",\"itemListElement\":[{\"@type\":\"ListItem\",\"position\":1,\"name\":\"Home\",\"item\":\"https:\/\/sumkcaps.com\/\"},{\"@type\":\"ListItem\",\"position\":2,\"name\":\"Products\",\"item\":\"https:\/\/sumkcaps.com\/product\/\"},{\"@type\":\"ListItem\",\"position\":3,\"name\":\"5 Panel 3D Embroidery Canvas Trucker Hats Wholesale\"}]},{\"@type\":\"WebSite\",\"@id\":\"https:\/\/sumkcaps.com\/#website\",\"url\":\"https:\/\/sumkcaps.com\/\",\"name\":\"Sumkcaps-China Original Headwear Manufacturer and Suppliers\",\"description\":\"We are China Cap And Hat Original Factory, whose main business is to custom cap and hat as client&#039;s LOGO. Any cap style, any cap color, any qty, any material and qty is no problem. In one words, any small details can be customized as your request.\",\"publisher\":{\"@id\":\"https:\/\/sumkcaps.com\/#organization\"},\"potentialAction\":[{\"@type\":\"SearchAction\",\"target\":{\"@type\":\"EntryPoint\",\"urlTemplate\":\"https:\/\/sumkcaps.com\/?s={search_term_string}\"},\"query-input\":{\"@type\":\"PropertyValueSpecification\",\"valueRequired\":true,\"valueName\":\"search_term_string\"}}],\"inLanguage\":\"it-IT\"},{\"@type\":\"Organization\",\"@id\":\"https:\/\/sumkcaps.com\/#organization\",\"name\":\"Sumkcaps-China Original Headwear Manufacturer and Suppliers\",\"url\":\"https:\/\/sumkcaps.com\/\",\"logo\":{\"@type\":\"ImageObject\",\"inLanguage\":\"it-IT\",\"@id\":\"https:\/\/sumkcaps.com\/#\/schema\/logo\/image\/\",\"url\":\"https:\/\/sumkcaps.com\/wp-content\/uploads\/2025\/12\/1234.jpg\",\"contentUrl\":\"https:\/\/sumkcaps.com\/wp-content\/uploads\/2025\/12\/1234.jpg\",\"width\":800,\"height\":800,\"caption\":\"Sumkcaps-China Original Headwear Manufacturer and Suppliers\"},\"image\":{\"@id\":\"https:\/\/sumkcaps.com\/#\/schema\/logo\/image\/\"},\"sameAs\":[\"https:\/\/www.facebook.com\/sumkcap\",\"https:\/\/www.instagram.com\/sumkcaps7\/\",\"https:\/\/www.pinterest.com\/sumkcapschina\/\"]}]}<\/script>\n<!-- \/ Yoast SEO Premium plugin. -->","yoast_head_json":{"title":"Personalizzato ricamo Patch Camo Trucker Hat all'ingrosso","description":"Cappello Trucker Camo con ricamo personalizzato - pronto all'ingrosso con materiali resistenti, vestibilit\u00e0 regolabile e loghi personalizzabili per ogni occasione.","robots":{"index":"index","follow":"follow","max-snippet":"max-snippet:-1","max-image-preview":"max-image-preview:large","max-video-preview":"max-video-preview:-1"},"canonical":"https:\/\/sumkcaps.com\/it\/prodotto\/sumkcaps-cappelli-trucker-in-tela-con-ricamo-3d-a-5-pannelli\/","og_locale":"it_IT","og_type":"article","og_title":"Custom 5 Panel 3D Logo Canvas Trucker Hats | Sumkcaps","og_description":"High Quality China Custom Headwear Manufacturer. Top Quality Products At Best Prices. Add Your Logo or Custom Design Online. Expert Service. Bulk Discount.","og_url":"https:\/\/sumkcaps.com\/it\/prodotto\/sumkcaps-cappelli-trucker-in-tela-con-ricamo-3d-a-5-pannelli\/","og_site_name":"Sumkcaps-China Original Headwear Manufacturer and Suppliers","article_publisher":"https:\/\/www.facebook.com\/sumkcap","article_modified_time":"2026-01-12T03:10:47+00:00","og_image":[{"width":750,"height":750,"url":"https:\/\/sumkcaps.com\/wp-content\/uploads\/2023\/09\/sumkcaps-5-panel-canvas-trucker-hats-1.jpg","type":"image\/jpeg"}],"twitter_card":"summary_large_image","twitter_title":"Custom 5 Panel 3D Logo Canvas Trucker Hats | Sumkcaps","twitter_description":"High Quality China Custom Headwear Manufacturer. Top Quality Products At Best Prices. Add Your Logo or Custom Design Online. Expert Service. Bulk Discount.","twitter_misc":{"Tempo di lettura stimato":"2 minuti"},"schema":{"@context":"https:\/\/schema.org","@graph":[{"@type":"WebPage","@id":"https:\/\/sumkcaps.com\/product\/sumkcaps-5-panel-3d-embroidery-canvas-trucker-hats\/","url":"https:\/\/sumkcaps.com\/product\/sumkcaps-5-panel-3d-embroidery-canvas-trucker-hats\/","name":"Personalizzato ricamo Patch Camo Trucker Hat all'ingrosso","isPartOf":{"@id":"https:\/\/sumkcaps.com\/#website"},"primaryImageOfPage":{"@id":"https:\/\/sumkcaps.com\/product\/sumkcaps-5-panel-3d-embroidery-canvas-trucker-hats\/#primaryimage"},"image":{"@id":"https:\/\/sumkcaps.com\/product\/sumkcaps-5-panel-3d-embroidery-canvas-trucker-hats\/#primaryimage"},"thumbnailUrl":"https:\/\/sumkcaps.com\/wp-content\/uploads\/2023\/09\/sumkcaps-5-panel-canvas-trucker-hats-1.jpg","datePublished":"2023-09-13T12:59:16+00:00","dateModified":"2026-01-12T03:10:47+00:00","description":"Cappello Trucker Camo con ricamo personalizzato - pronto all'ingrosso con materiali resistenti, vestibilit\u00e0 regolabile e loghi personalizzabili per ogni occasione.","breadcrumb":{"@id":"https:\/\/sumkcaps.com\/product\/sumkcaps-5-panel-3d-embroidery-canvas-trucker-hats\/#breadcrumb"},"inLanguage":"it-IT","potentialAction":[{"@type":"ReadAction","target":["https:\/\/sumkcaps.com\/product\/sumkcaps-5-panel-3d-embroidery-canvas-trucker-hats\/"]}]},{"@type":"ImageObject","inLanguage":"it-IT","@id":"https:\/\/sumkcaps.com\/product\/sumkcaps-5-panel-3d-embroidery-canvas-trucker-hats\/#primaryimage","url":"https:\/\/sumkcaps.com\/wp-content\/uploads\/2023\/09\/sumkcaps-5-panel-canvas-trucker-hats-1.jpg","contentUrl":"https:\/\/sumkcaps.com\/wp-content\/uploads\/2023\/09\/sumkcaps-5-panel-canvas-trucker-hats-1.jpg","width":750,"height":750,"caption":"Sumkcaps 5 Panel Canvas Trucker Hats 1"},{"@type":"BreadcrumbList","@id":"https:\/\/sumkcaps.com\/product\/sumkcaps-5-panel-3d-embroidery-canvas-trucker-hats\/#breadcrumb","itemListElement":[{"@type":"ListItem","position":1,"name":"Home","item":"https:\/\/sumkcaps.com\/"},{"@type":"ListItem","position":2,"name":"Products","item":"https:\/\/sumkcaps.com\/product\/"},{"@type":"ListItem","position":3,"name":"5 Panel 3D Embroidery Canvas Trucker Hats Wholesale"}]},{"@type":"WebSite","@id":"https:\/\/sumkcaps.com\/#website","url":"https:\/\/sumkcaps.com\/","name":"Sumkcaps-Cina Produttore e fornitore di copricapi originali","description":"Siamo fabbrica originale del cappello e del cappuccio della Cina, di cui l'affare principale \u00e8 al cappuccio ed al cappello su ordinazione come client&#039;s LOGO. Qualsiasi stile del cappuccio, qualsiasi colore del cappuccio, qualsiasi qty, qualsiasi materiale e qty non \u00e8 un problema. In una parola, qualsiasi piccolo dettaglio pu\u00f2 essere personalizzato come vostra richiesta.","publisher":{"@id":"https:\/\/sumkcaps.com\/#organization"},"potentialAction":[{"@type":"SearchAction","target":{"@type":"EntryPoint","urlTemplate":"https:\/\/sumkcaps.com\/?s={search_term_string}"},"query-input":{"@type":"PropertyValueSpecification","valueRequired":true,"valueName":"search_term_string"}}],"inLanguage":"it-IT"},{"@type":"Organization","@id":"https:\/\/sumkcaps.com\/#organization","name":"Sumkcaps-Cina Produttore e fornitore di copricapi originali","url":"https:\/\/sumkcaps.com\/","logo":{"@type":"ImageObject","inLanguage":"it-IT","@id":"https:\/\/sumkcaps.com\/#\/schema\/logo\/image\/","url":"https:\/\/sumkcaps.com\/wp-content\/uploads\/2025\/12\/1234.jpg","contentUrl":"https:\/\/sumkcaps.com\/wp-content\/uploads\/2025\/12\/1234.jpg","width":800,"height":800,"caption":"Sumkcaps-China Original Headwear Manufacturer and Suppliers"},"image":{"@id":"https:\/\/sumkcaps.com\/#\/schema\/logo\/image\/"},"sameAs":["https:\/\/www.facebook.com\/sumkcap","https:\/\/www.instagram.com\/sumkcaps7\/","https:\/\/www.pinterest.com\/sumkcapschina\/"]}]}},"taxonomy_info":{"product_cat":[{"value":693,"label":"Hat"},{"value":971,"label":"Embroidery Trucker Hats Wholesale"},{"value":942,"label":"5 Panel Trucker Hat"},{"value":943,"label":"Custom Embroidered 5 Panel Hats"}]},"featured_image_src_large":["https:\/\/sumkcaps.com\/wp-content\/uploads\/2023\/09\/sumkcaps-5-panel-canvas-trucker-hats-1.jpg",750,750,false],"author_info":[],"comment_info":"","_links":{"self":[{"href":"https:\/\/sumkcaps.com\/it\/wp-json\/wp\/v2\/product\/23885","targetHints":{"allow":["GET"]}}],"collection":[{"href":"https:\/\/sumkcaps.com\/it\/wp-json\/wp\/v2\/product"}],"about":[{"href":"https:\/\/sumkcaps.com\/it\/wp-json\/wp\/v2\/types\/product"}],"wp:featuredmedia":[{"embeddable":true,"href":"https:\/\/sumkcaps.com\/it\/wp-json\/wp\/v2\/media\/23886"}],"wp:attachment":[{"href":"https:\/\/sumkcaps.com\/it\/wp-json\/wp\/v2\/media?parent=23885"}],"wp:term":[{"taxonomy":"product_brand","embeddable":true,"href":"https:\/\/sumkcaps.com\/it\/wp-json\/wp\/v2\/product_brand?post=23885"},{"taxonomy":"product_cat","embeddable":true,"href":"https:\/\/sumkcaps.com\/it\/wp-json\/wp\/v2\/product_cat?post=23885"},{"taxonomy":"product_tag","embeddable":true,"href":"https:\/\/sumkcaps.com\/it\/wp-json\/wp\/v2\/product_tag?post=23885"}],"curies":[{"name":"wp","href":"https:\/\/api.w.org\/{rel}","templated":true}]}}