{"id":19870,"date":"2022-11-11T09:20:00","date_gmt":"2022-11-11T01:20:00","guid":{"rendered":"https:\/\/sumkcaps.com\/?post_type=product&#038;p=19870"},"modified":"2026-01-22T09:35:12","modified_gmt":"2026-01-22T01:35:12","slug":"sufox-231278-custom-seven-panel-rubber-patch-snapback-cap","status":"publish","type":"product","link":"https:\/\/sumkcaps.com\/it\/prodotto\/sufox-231278-cappellino-snapback-con-patch-in-gomma-a-sette-pannelli-personalizzato\/","title":{"rendered":"Sumkcaps 231278 Cappello snapback a sette pannelli in gomma con patch personalizzate"},"content":{"rendered":"<h3 data-start=\"66\" data-end=\"400\"><strong data-start=\"66\" data-end=\"80\">Decorazione<\/strong><\/h3>\n<p data-start=\"66\" data-end=\"400\">Questo cappellino snapback a sette pannelli presenta una toppa in gomma completamente personalizzabile, che offre una soluzione di branding moderna, durevole e accattivante. Le toppe in gomma offrono un effetto 3D pulito, una texture forte e un'eccellente resistenza all'usura, all'umidit\u00e0 e alla deformazione, rendendole ideali per i marchi streetwear e per l'uso promozionale.<\/p>\n<h3 data-start=\"402\" data-end=\"679\"><strong data-start=\"402\" data-end=\"414\">Materiale<\/strong><\/h3>\n<p data-start=\"402\" data-end=\"679\">Realizzato in cotone 100% di alta qualit\u00e0, il berretto offre una mano morbida, una buona traspirabilit\u00e0 e una durata affidabile. Il tessuto di cotone assicura il comfort per tutto il giorno mantenendo la struttura, rendendolo adatto sia all'abbigliamento casual che all'uso prolungato in diverse stagioni.<\/p>\n<h3 data-start=\"681\" data-end=\"933\"><strong data-start=\"681\" data-end=\"690\">Colore<\/strong><\/h3>\n<p data-start=\"681\" data-end=\"933\">Disponibile in un'elegante base grigia con possibilit\u00e0 di personalizzazione a colori. Sia che abbiate bisogno di tinte unite, di toni specifici per il vostro marchio o di tonalit\u00e0 abbinate a Pantone, il cappuccio pu\u00f2 essere prodotto per allinearsi perfettamente all'identit\u00e0 del vostro marchio o al tema della vostra collezione.<\/p>\n<h3 data-start=\"935\" data-end=\"1164\"><strong data-start=\"935\" data-end=\"949\">Vestibilit\u00e0 e dimensioni<\/strong><\/h3>\n<p data-start=\"935\" data-end=\"1164\">Progettato con una vestibilit\u00e0 OSFM (7 - 7 3\/4), questo cappellino snapback si adatta a un'ampia gamma di dimensioni della testa. La chiusura a scatto regolabile assicura una vestibilit\u00e0 sicura e confortevole, pur mantenendo la classica silhouette snapback.<\/p>\n<h3 data-start=\"1166\" data-end=\"1379\"><strong data-start=\"1166\" data-end=\"1175\">Visiera<\/strong><\/h3>\n<p data-start=\"1166\" data-end=\"1379\">La visiera flat bill offre un look audace e contemporaneo, molto apprezzato dallo streetwear e dalla moda urbana. Offre inoltre un'efficace protezione solare, esaltando al contempo l'aspetto nitido e strutturato del berretto.<\/p>\n<h3 data-start=\"1381\" data-end=\"1619\"><strong data-start=\"1381\" data-end=\"1392\">Servizio<\/strong><\/h3>\n<p data-start=\"1381\" data-end=\"1619\">Sumkcaps offre servizi professionali OEM e ODM, supportando la personalizzazione completa dallo sviluppo del design alla produzione di massa. Il nostro team di esperti aiuta i marchi a trasformare i concetti creativi in tappi finiti di alta qualit\u00e0 in modo efficiente.<\/p>\n<h3 data-start=\"1621\" data-end=\"1861\"><strong data-start=\"1621\" data-end=\"1640\">Tempi di consegna<\/strong><\/h3>\n<p data-start=\"1621\" data-end=\"1861\" data-is-last-node=\"\" data-is-only-node=\"\">La produzione di campioni richiede circa 7-9 giorni lavorativi, consentendo una rapida convalida del design. La produzione in serie viene completata entro 18-22 giorni lavorativi, garantendo tempi di consegna affidabili per i lanci stagionali e gli ordini all'ingrosso.<\/p>","protected":false},"excerpt":{"rendered":"<p>Sumkcaps 231278 Custom Seven Panel Rubber Patch Snapback Cap \u00e8 uno degli stili pi\u00f9 popolari di berretto, leggero e traspirante. I nostri Snapback sono disponibili in una variet\u00e0 di stili e colori di tutte le migliori marche.<\/p>","protected":false},"featured_media":19871,"template":"","meta":{"_acf_changed":false,"_kad_blocks_custom_css":"","_kad_blocks_head_custom_js":"","_kad_blocks_body_custom_js":"","_kad_blocks_footer_custom_js":""},"product_brand":[],"product_cat":[42],"product_tag":[],"class_list":{"0":"post-19870","1":"product","2":"type-product","3":"status-publish","4":"has-post-thumbnail","6":"product_cat-snapback-cap","8":"first","9":"outofstock","10":"shipping-taxable","11":"product-type-simple"},"acf":[],"yoast_head":"<!-- This site is optimized with the Yoast SEO Premium plugin v20.8 (Yoast SEO v25.9) - https:\/\/yoast.com\/wordpress\/plugins\/seo\/ -->\n<title>Custom 7 Panel Rubber Patch Snapback Cap | China Manufactuer<\/title>\n<meta name=\"description\" content=\"High Quality China Custom Headwear Manufacturer. Top Quality Products At Best Prices. Add Your Logo or Custom Design Online. Expert Service. Bulk Discount.\" \/>\n<meta name=\"robots\" content=\"index, follow, max-snippet:-1, max-image-preview:large, max-video-preview:-1\" \/>\n<link rel=\"canonical\" href=\"https:\/\/sumkcaps.com\/it\/prodotto\/sufox-231278-cappellino-snapback-con-patch-in-gomma-a-sette-pannelli-personalizzato\/\" \/>\n<meta property=\"og:locale\" content=\"it_IT\" \/>\n<meta property=\"og:type\" content=\"article\" \/>\n<meta property=\"og:title\" content=\"Sumkcaps 231278 Custom Seven Panel Rubber Patch Snapback Cap - Sumkcaps\" \/>\n<meta property=\"og:description\" content=\"High Quality China Custom Headwear Manufacturer. Top Quality Products At Best Prices. Add Your Logo or Custom Design Online. Expert Service. Bulk Discount.\" \/>\n<meta property=\"og:url\" content=\"https:\/\/sumkcaps.com\/it\/prodotto\/sufox-231278-cappellino-snapback-con-patch-in-gomma-a-sette-pannelli-personalizzato\/\" \/>\n<meta property=\"og:site_name\" content=\"Sumkcaps-China Original Headwear Manufacturer and Suppliers\" \/>\n<meta property=\"article:publisher\" content=\"https:\/\/www.facebook.com\/sumkcap\" \/>\n<meta property=\"article:modified_time\" content=\"2026-01-22T01:35:12+00:00\" \/>\n<meta property=\"og:image\" content=\"https:\/\/sumkcaps.com\/wp-content\/uploads\/2022\/11\/rubber_patch_7_panel_snapback_cap-1-1.jpg\" \/>\n\t<meta property=\"og:image:width\" content=\"1000\" \/>\n\t<meta property=\"og:image:height\" content=\"1000\" \/>\n\t<meta property=\"og:image:type\" content=\"image\/jpeg\" \/>\n<meta name=\"twitter:card\" content=\"summary_large_image\" \/>\n<meta name=\"twitter:label1\" content=\"Tempo di lettura stimato\" \/>\n\t<meta name=\"twitter:data1\" content=\"2 minuti\" \/>\n<script type=\"application\/ld+json\" class=\"yoast-schema-graph\">{\"@context\":\"https:\/\/schema.org\",\"@graph\":[{\"@type\":\"WebPage\",\"@id\":\"https:\/\/sumkcaps.com\/product\/sufox-231278-custom-seven-panel-rubber-patch-snapback-cap\/\",\"url\":\"https:\/\/sumkcaps.com\/product\/sufox-231278-custom-seven-panel-rubber-patch-snapback-cap\/\",\"name\":\"Custom 7 Panel Rubber Patch Snapback Cap | China Manufactuer\",\"isPartOf\":{\"@id\":\"https:\/\/sumkcaps.com\/#website\"},\"primaryImageOfPage\":{\"@id\":\"https:\/\/sumkcaps.com\/product\/sufox-231278-custom-seven-panel-rubber-patch-snapback-cap\/#primaryimage\"},\"image\":{\"@id\":\"https:\/\/sumkcaps.com\/product\/sufox-231278-custom-seven-panel-rubber-patch-snapback-cap\/#primaryimage\"},\"thumbnailUrl\":\"https:\/\/sumkcaps.com\/wp-content\/uploads\/2022\/11\/rubber_patch_7_panel_snapback_cap-1-1.jpg\",\"datePublished\":\"2022-11-11T01:20:00+00:00\",\"dateModified\":\"2026-01-22T01:35:12+00:00\",\"description\":\"High Quality China Custom Headwear Manufacturer. Top Quality Products At Best Prices. Add Your Logo or Custom Design Online. Expert Service. Bulk Discount.\",\"breadcrumb\":{\"@id\":\"https:\/\/sumkcaps.com\/product\/sufox-231278-custom-seven-panel-rubber-patch-snapback-cap\/#breadcrumb\"},\"inLanguage\":\"it-IT\",\"potentialAction\":[{\"@type\":\"ReadAction\",\"target\":[\"https:\/\/sumkcaps.com\/product\/sufox-231278-custom-seven-panel-rubber-patch-snapback-cap\/\"]}]},{\"@type\":\"ImageObject\",\"inLanguage\":\"it-IT\",\"@id\":\"https:\/\/sumkcaps.com\/product\/sufox-231278-custom-seven-panel-rubber-patch-snapback-cap\/#primaryimage\",\"url\":\"https:\/\/sumkcaps.com\/wp-content\/uploads\/2022\/11\/rubber_patch_7_panel_snapback_cap-1-1.jpg\",\"contentUrl\":\"https:\/\/sumkcaps.com\/wp-content\/uploads\/2022\/11\/rubber_patch_7_panel_snapback_cap-1-1.jpg\",\"width\":1000,\"height\":1000},{\"@type\":\"BreadcrumbList\",\"@id\":\"https:\/\/sumkcaps.com\/product\/sufox-231278-custom-seven-panel-rubber-patch-snapback-cap\/#breadcrumb\",\"itemListElement\":[{\"@type\":\"ListItem\",\"position\":1,\"name\":\"Home\",\"item\":\"https:\/\/sumkcaps.com\/\"},{\"@type\":\"ListItem\",\"position\":2,\"name\":\"Products\",\"item\":\"https:\/\/sumkcaps.com\/product\/\"},{\"@type\":\"ListItem\",\"position\":3,\"name\":\"Sumkcaps 231278 Custom Seven Panel Rubber Patch Snapback Cap\"}]},{\"@type\":\"WebSite\",\"@id\":\"https:\/\/sumkcaps.com\/#website\",\"url\":\"https:\/\/sumkcaps.com\/\",\"name\":\"Sumkcaps-China Original Headwear Manufacturer and Suppliers\",\"description\":\"We are China Cap And Hat Original Factory, whose main business is to custom cap and hat as client&#039;s LOGO. Any cap style, any cap color, any qty, any material and qty is no problem. In one words, any small details can be customized as your request.\",\"publisher\":{\"@id\":\"https:\/\/sumkcaps.com\/#organization\"},\"potentialAction\":[{\"@type\":\"SearchAction\",\"target\":{\"@type\":\"EntryPoint\",\"urlTemplate\":\"https:\/\/sumkcaps.com\/?s={search_term_string}\"},\"query-input\":{\"@type\":\"PropertyValueSpecification\",\"valueRequired\":true,\"valueName\":\"search_term_string\"}}],\"inLanguage\":\"it-IT\"},{\"@type\":\"Organization\",\"@id\":\"https:\/\/sumkcaps.com\/#organization\",\"name\":\"Sumkcaps-China Original Headwear Manufacturer and Suppliers\",\"url\":\"https:\/\/sumkcaps.com\/\",\"logo\":{\"@type\":\"ImageObject\",\"inLanguage\":\"it-IT\",\"@id\":\"https:\/\/sumkcaps.com\/#\/schema\/logo\/image\/\",\"url\":\"https:\/\/sumkcaps.com\/wp-content\/uploads\/2025\/12\/1234.jpg\",\"contentUrl\":\"https:\/\/sumkcaps.com\/wp-content\/uploads\/2025\/12\/1234.jpg\",\"width\":800,\"height\":800,\"caption\":\"Sumkcaps-China Original Headwear Manufacturer and Suppliers\"},\"image\":{\"@id\":\"https:\/\/sumkcaps.com\/#\/schema\/logo\/image\/\"},\"sameAs\":[\"https:\/\/www.facebook.com\/sumkcap\",\"https:\/\/www.instagram.com\/sumkcaps7\/\",\"https:\/\/www.pinterest.com\/sumkcapschina\/\"]}]}<\/script>\n<!-- \/ Yoast SEO Premium plugin. -->","yoast_head_json":{"title":"Personalizzato 7 pannello di gomma Patch Snapback Cap | Cina Manufactuer","description":"Alta qualit\u00e0 Cina Produttore di copricapi personalizzati. Prodotti di alta qualit\u00e0 ai migliori prezzi. Aggiungete il vostro logo o il vostro design personalizzato online. Servizio esperto. Sconto in blocco.","robots":{"index":"index","follow":"follow","max-snippet":"max-snippet:-1","max-image-preview":"max-image-preview:large","max-video-preview":"max-video-preview:-1"},"canonical":"https:\/\/sumkcaps.com\/it\/prodotto\/sufox-231278-cappellino-snapback-con-patch-in-gomma-a-sette-pannelli-personalizzato\/","og_locale":"it_IT","og_type":"article","og_title":"Sumkcaps 231278 Custom Seven Panel Rubber Patch Snapback Cap - Sumkcaps","og_description":"High Quality China Custom Headwear Manufacturer. Top Quality Products At Best Prices. Add Your Logo or Custom Design Online. Expert Service. Bulk Discount.","og_url":"https:\/\/sumkcaps.com\/it\/prodotto\/sufox-231278-cappellino-snapback-con-patch-in-gomma-a-sette-pannelli-personalizzato\/","og_site_name":"Sumkcaps-China Original Headwear Manufacturer and Suppliers","article_publisher":"https:\/\/www.facebook.com\/sumkcap","article_modified_time":"2026-01-22T01:35:12+00:00","og_image":[{"width":1000,"height":1000,"url":"https:\/\/sumkcaps.com\/wp-content\/uploads\/2022\/11\/rubber_patch_7_panel_snapback_cap-1-1.jpg","type":"image\/jpeg"}],"twitter_card":"summary_large_image","twitter_misc":{"Tempo di lettura stimato":"2 minuti"},"schema":{"@context":"https:\/\/schema.org","@graph":[{"@type":"WebPage","@id":"https:\/\/sumkcaps.com\/product\/sufox-231278-custom-seven-panel-rubber-patch-snapback-cap\/","url":"https:\/\/sumkcaps.com\/product\/sufox-231278-custom-seven-panel-rubber-patch-snapback-cap\/","name":"Personalizzato 7 pannello di gomma Patch Snapback Cap | Cina Manufactuer","isPartOf":{"@id":"https:\/\/sumkcaps.com\/#website"},"primaryImageOfPage":{"@id":"https:\/\/sumkcaps.com\/product\/sufox-231278-custom-seven-panel-rubber-patch-snapback-cap\/#primaryimage"},"image":{"@id":"https:\/\/sumkcaps.com\/product\/sufox-231278-custom-seven-panel-rubber-patch-snapback-cap\/#primaryimage"},"thumbnailUrl":"https:\/\/sumkcaps.com\/wp-content\/uploads\/2022\/11\/rubber_patch_7_panel_snapback_cap-1-1.jpg","datePublished":"2022-11-11T01:20:00+00:00","dateModified":"2026-01-22T01:35:12+00:00","description":"Alta qualit\u00e0 Cina Produttore di copricapi personalizzati. Prodotti di alta qualit\u00e0 ai migliori prezzi. Aggiungete il vostro logo o il vostro design personalizzato online. Servizio esperto. Sconto in blocco.","breadcrumb":{"@id":"https:\/\/sumkcaps.com\/product\/sufox-231278-custom-seven-panel-rubber-patch-snapback-cap\/#breadcrumb"},"inLanguage":"it-IT","potentialAction":[{"@type":"ReadAction","target":["https:\/\/sumkcaps.com\/product\/sufox-231278-custom-seven-panel-rubber-patch-snapback-cap\/"]}]},{"@type":"ImageObject","inLanguage":"it-IT","@id":"https:\/\/sumkcaps.com\/product\/sufox-231278-custom-seven-panel-rubber-patch-snapback-cap\/#primaryimage","url":"https:\/\/sumkcaps.com\/wp-content\/uploads\/2022\/11\/rubber_patch_7_panel_snapback_cap-1-1.jpg","contentUrl":"https:\/\/sumkcaps.com\/wp-content\/uploads\/2022\/11\/rubber_patch_7_panel_snapback_cap-1-1.jpg","width":1000,"height":1000},{"@type":"BreadcrumbList","@id":"https:\/\/sumkcaps.com\/product\/sufox-231278-custom-seven-panel-rubber-patch-snapback-cap\/#breadcrumb","itemListElement":[{"@type":"ListItem","position":1,"name":"Home","item":"https:\/\/sumkcaps.com\/"},{"@type":"ListItem","position":2,"name":"Products","item":"https:\/\/sumkcaps.com\/product\/"},{"@type":"ListItem","position":3,"name":"Sumkcaps 231278 Custom Seven Panel Rubber Patch Snapback Cap"}]},{"@type":"WebSite","@id":"https:\/\/sumkcaps.com\/#website","url":"https:\/\/sumkcaps.com\/","name":"Sumkcaps-Cina Produttore e fornitore di copricapi originali","description":"Siamo fabbrica originale del cappello e del cappuccio della Cina, di cui l'affare principale \u00e8 al cappuccio ed al cappello su ordinazione come client&#039;s LOGO. Qualsiasi stile del cappuccio, qualsiasi colore del cappuccio, qualsiasi qty, qualsiasi materiale e qty non \u00e8 un problema. In una parola, qualsiasi piccolo dettaglio pu\u00f2 essere personalizzato come vostra richiesta.","publisher":{"@id":"https:\/\/sumkcaps.com\/#organization"},"potentialAction":[{"@type":"SearchAction","target":{"@type":"EntryPoint","urlTemplate":"https:\/\/sumkcaps.com\/?s={search_term_string}"},"query-input":{"@type":"PropertyValueSpecification","valueRequired":true,"valueName":"search_term_string"}}],"inLanguage":"it-IT"},{"@type":"Organization","@id":"https:\/\/sumkcaps.com\/#organization","name":"Sumkcaps-Cina Produttore e fornitore di copricapi originali","url":"https:\/\/sumkcaps.com\/","logo":{"@type":"ImageObject","inLanguage":"it-IT","@id":"https:\/\/sumkcaps.com\/#\/schema\/logo\/image\/","url":"https:\/\/sumkcaps.com\/wp-content\/uploads\/2025\/12\/1234.jpg","contentUrl":"https:\/\/sumkcaps.com\/wp-content\/uploads\/2025\/12\/1234.jpg","width":800,"height":800,"caption":"Sumkcaps-China Original Headwear Manufacturer and Suppliers"},"image":{"@id":"https:\/\/sumkcaps.com\/#\/schema\/logo\/image\/"},"sameAs":["https:\/\/www.facebook.com\/sumkcap","https:\/\/www.instagram.com\/sumkcaps7\/","https:\/\/www.pinterest.com\/sumkcapschina\/"]}]}},"taxonomy_info":{"product_cat":[{"value":42,"label":"Snapback Hats Wholesale"}]},"featured_image_src_large":["https:\/\/sumkcaps.com\/wp-content\/uploads\/2022\/11\/rubber_patch_7_panel_snapback_cap-1-1.jpg",800,800,false],"author_info":[],"comment_info":"","_links":{"self":[{"href":"https:\/\/sumkcaps.com\/it\/wp-json\/wp\/v2\/product\/19870","targetHints":{"allow":["GET"]}}],"collection":[{"href":"https:\/\/sumkcaps.com\/it\/wp-json\/wp\/v2\/product"}],"about":[{"href":"https:\/\/sumkcaps.com\/it\/wp-json\/wp\/v2\/types\/product"}],"wp:featuredmedia":[{"embeddable":true,"href":"https:\/\/sumkcaps.com\/it\/wp-json\/wp\/v2\/media\/19871"}],"wp:attachment":[{"href":"https:\/\/sumkcaps.com\/it\/wp-json\/wp\/v2\/media?parent=19870"}],"wp:term":[{"taxonomy":"product_brand","embeddable":true,"href":"https:\/\/sumkcaps.com\/it\/wp-json\/wp\/v2\/product_brand?post=19870"},{"taxonomy":"product_cat","embeddable":true,"href":"https:\/\/sumkcaps.com\/it\/wp-json\/wp\/v2\/product_cat?post=19870"},{"taxonomy":"product_tag","embeddable":true,"href":"https:\/\/sumkcaps.com\/it\/wp-json\/wp\/v2\/product_tag?post=19870"}],"curies":[{"name":"wp","href":"https:\/\/api.w.org\/{rel}","templated":true}]}}