{"id":19685,"date":"2022-11-10T14:56:01","date_gmt":"2022-11-10T06:56:01","guid":{"rendered":"https:\/\/sumkcaps.com\/?post_type=product&#038;p=19685"},"modified":"2025-07-30T14:57:01","modified_gmt":"2025-07-30T06:57:01","slug":"sufox-231255-custom-five-panel-3d-embroidery-trucker-hat","status":"publish","type":"product","link":"https:\/\/sumkcaps.com\/it\/prodotto\/sufox-231255-cappello-trucker-personalizzato-a-cinque-pannelli-con-ricamo-3d\/","title":{"rendered":"Cappello Trucker personalizzato a cinque pannelli con ricamo 3D all'ingrosso"},"content":{"rendered":"<p>Il cappello Trucker Custom Five Panel 3D Embroidery incarna lo stile moderno con il suo design elegante. L'intricato ricamo 3D aggiunge un tocco di raffinatezza, rendendolo un accessorio di spicco per qualsiasi abbigliamento. Realizzato con materiali di alta qualit\u00e0, questo cappello garantisce una lunga durata e una vestibilit\u00e0 confortevole per un uso duraturo. La vestibilit\u00e0 regolabile consente di personalizzare le dimensioni, assicurando un comfort ottimale per ogni forma e dimensione della testa. Disponibile in vari colori, questo cappello offre qualcosa per tutti.<\/p>\n<h3 data-start=\"86\" data-end=\"123\"><strong data-start=\"93\" data-end=\"123\">Personalizzazione e decorazione<\/strong><\/h3>\n<ul data-start=\"124\" data-end=\"384\">\n<li data-start=\"124\" data-end=\"203\">\n<p data-start=\"126\" data-end=\"203\"><strong data-start=\"126\" data-end=\"148\">Opzioni di decorazione<\/strong>: Ricamo 3D, disponibile con disegni completamente personalizzabili<\/p>\n<\/li>\n<li data-start=\"204\" data-end=\"285\">\n<p data-start=\"206\" data-end=\"285\"><strong data-start=\"206\" data-end=\"227\">Servizio OEM e ODM<\/strong>: Supporto completo per il marchio privato e la personalizzazione del marchio<\/p>\n<\/li>\n<li data-start=\"286\" data-end=\"384\">\n<p data-start=\"288\" data-end=\"384\"><strong data-start=\"288\" data-end=\"305\">Scelte di colore<\/strong>: Disponibile nel classico colore nero o completamente personalizzato per adattarsi all'identit\u00e0 del vostro marchio.<\/p>\n<\/li>\n<\/ul>\n<h3 data-start=\"391\" data-end=\"425\"><strong data-start=\"398\" data-end=\"425\">Materiale e costruzione<\/strong><\/h3>\n<ul data-start=\"426\" data-end=\"663\">\n<li data-start=\"426\" data-end=\"525\">\n<p data-start=\"428\" data-end=\"525\"><strong data-start=\"428\" data-end=\"440\">Materiale<\/strong>: Pannelli anteriori in cotone resistente e retro in rete traspirante per il comfort e la ventilazione.<\/p>\n<\/li>\n<li data-start=\"526\" data-end=\"595\">\n<p data-start=\"528\" data-end=\"595\"><strong data-start=\"528\" data-end=\"541\">Struttura<\/strong>: Struttura a 5 pannelli che offre un look elegante e moderno<\/p>\n<\/li>\n<li data-start=\"596\" data-end=\"663\">\n<p data-start=\"598\" data-end=\"663\"><strong data-start=\"598\" data-end=\"607\">Visiera<\/strong>: Tesa precurvata per una vestibilit\u00e0 classica e protezione solare<\/p>\n<\/li>\n<\/ul>\n<h3 data-start=\"670\" data-end=\"693\"><strong data-start=\"677\" data-end=\"693\">Vestibilit\u00e0 e dimensioni<\/strong><\/h3>\n<ul data-start=\"694\" data-end=\"837\">\n<li data-start=\"694\" data-end=\"767\">\n<p data-start=\"696\" data-end=\"767\"><strong data-start=\"696\" data-end=\"703\">In forma<\/strong>: Taglia unica (OSFM), adatta per teste di dimensioni 7 - 7 3\/4.<\/p>\n<\/li>\n<li data-start=\"768\" data-end=\"837\">\n<p data-start=\"770\" data-end=\"837\"><strong data-start=\"770\" data-end=\"781\">Chiusura<\/strong>: Cinghia regolabile per una misura flessibile e una vestibilit\u00e0 sicura<\/p>\n<\/li>\n<\/ul>\n<h3 data-start=\"844\" data-end=\"871\"><strong data-start=\"851\" data-end=\"871\">MOQ e produzione<\/strong><\/h3>\n<ul data-start=\"872\" data-end=\"1060\">\n<li data-start=\"872\" data-end=\"963\">\n<p data-start=\"874\" data-end=\"963\"><strong data-start=\"874\" data-end=\"881\">MOQ<\/strong>200 pezzi per disegno e per colore - ideale per i marchi in crescita e i progetti personalizzati<\/p>\n<\/li>\n<li data-start=\"964\" data-end=\"1060\">\n<p data-start=\"966\" data-end=\"1060\"><strong data-start=\"966\" data-end=\"985\">Tipo di produzione<\/strong>: Supporto per gli ordini di massa con tempi di consegna rapidi ed evasione scalabile<\/p>\n<\/li>\n<\/ul>\n<p>Lasciatevi andare alla personalizzazione con il <strong>Cappello Trucker personalizzato con ricamo 3D a cinque pannelli<\/strong>su misura per l'identit\u00e0 del vostro marchio. Perfetti per qualsiasi scena applicabile, sia che si tratti di abbigliamento casual che di eventi promozionali. Gli occhielli strategicamente posizionati garantiscono un'eccellente ventilazione, mantenendo la testa fresca e confortevole. La tesa robusta offre un'ampia protezione solare, rendendolo una scelta pratica per le attivit\u00e0 all'aperto.<\/p>\n<p><strong>Sumkcaps, con 20 anni di esperienza<\/strong>offre una qualit\u00e0 di alto livello con un basso MOQ, garantendo il miglior valore per il vostro investimento. Scoprite perch\u00e9 le aziende di tutto il mondo si affidano a noi per le loro esigenze di copricapo. Contattateci oggi stesso per effettuare il vostro ordine all'ingrosso!<\/p>","protected":false},"excerpt":{"rendered":"<p>Sumkcaps 231255 Custom Five Panel 3D Embroidery Trucker Hat \u00e8 uno dei cappelli pi\u00f9 popolari, leggero e traspirante. Cappello perfetto per la vostra piccola impresa, squadra sportiva, evento speciale e altro. Cambia facilmente il tuo logo. Scoprite il nostro cappello trucker personalizzato con ricamo 3D a cinque pannelli. Perfettamente progettato per il comfort e lo stile. Materiali di alta qualit\u00e0 e vestibilit\u00e0 regolabile. Ordinate subito all'ingrosso!<\/p>","protected":false},"featured_media":19686,"template":"","meta":{"_acf_changed":false,"_kad_blocks_custom_css":"","_kad_blocks_head_custom_js":"","_kad_blocks_body_custom_js":"","_kad_blocks_footer_custom_js":""},"product_brand":[],"product_cat":[693,942,943],"product_tag":[],"class_list":{"0":"post-19685","1":"product","2":"type-product","3":"status-publish","4":"has-post-thumbnail","6":"product_cat-hat","7":"product_cat-5-panel-trucker-hat","8":"product_cat-custom-embroidered-5-panel-hats","10":"first","11":"outofstock","12":"shipping-taxable","13":"product-type-simple"},"acf":[],"yoast_head":"<!-- This site is optimized with the Yoast SEO Premium plugin v20.8 (Yoast SEO v25.9) - https:\/\/yoast.com\/wordpress\/plugins\/seo\/ -->\n<title>Custom Five Panel 3D Embroidery Trucker Hat Wholesale<\/title>\n<meta name=\"description\" content=\"Discover our Custom 5 Panel 3D Embroidery Trucker Hat\u2014premium comfort, breathable mesh, and stylish fit. Perfect for branding. Order wholesale today!\" \/>\n<meta name=\"robots\" content=\"index, follow, max-snippet:-1, max-image-preview:large, max-video-preview:-1\" \/>\n<link rel=\"canonical\" href=\"https:\/\/sumkcaps.com\/it\/prodotto\/sufox-231255-cappello-trucker-personalizzato-a-cinque-pannelli-con-ricamo-3d\/\" \/>\n<meta property=\"og:locale\" content=\"it_IT\" \/>\n<meta property=\"og:type\" content=\"article\" \/>\n<meta property=\"og:title\" content=\"Custom Five Panel 3D Embroidery Trucker Hat Wholesale - Sumkcaps\" \/>\n<meta property=\"og:description\" content=\"Discover our Custom 5 Panel 3D Embroidery Trucker Hat\u2014premium comfort, breathable mesh, and stylish fit. Perfect for branding. Order wholesale today!\" \/>\n<meta property=\"og:url\" content=\"https:\/\/sumkcaps.com\/it\/prodotto\/sufox-231255-cappello-trucker-personalizzato-a-cinque-pannelli-con-ricamo-3d\/\" \/>\n<meta property=\"og:site_name\" content=\"Sumkcaps-China Original Headwear Manufacturer and Suppliers\" \/>\n<meta property=\"article:publisher\" content=\"https:\/\/www.facebook.com\/sumkcap\" \/>\n<meta property=\"article:modified_time\" content=\"2025-07-30T06:57:01+00:00\" \/>\n<meta property=\"og:image\" content=\"https:\/\/sumkcaps.com\/wp-content\/uploads\/2022\/11\/5_panel_3d_embroidery_trucker_hat-1.jpg\" \/>\n\t<meta property=\"og:image:width\" content=\"1000\" \/>\n\t<meta property=\"og:image:height\" content=\"1000\" \/>\n\t<meta property=\"og:image:type\" content=\"image\/jpeg\" \/>\n<meta name=\"twitter:card\" content=\"summary_large_image\" \/>\n<meta name=\"twitter:label1\" content=\"Tempo di lettura stimato\" \/>\n\t<meta name=\"twitter:data1\" content=\"2 minuti\" \/>\n<script type=\"application\/ld+json\" class=\"yoast-schema-graph\">{\"@context\":\"https:\/\/schema.org\",\"@graph\":[{\"@type\":\"WebPage\",\"@id\":\"https:\/\/sumkcaps.com\/product\/sufox-231255-custom-five-panel-3d-embroidery-trucker-hat\/\",\"url\":\"https:\/\/sumkcaps.com\/product\/sufox-231255-custom-five-panel-3d-embroidery-trucker-hat\/\",\"name\":\"Custom Five Panel 3D Embroidery Trucker Hat Wholesale\",\"isPartOf\":{\"@id\":\"https:\/\/sumkcaps.com\/#website\"},\"primaryImageOfPage\":{\"@id\":\"https:\/\/sumkcaps.com\/product\/sufox-231255-custom-five-panel-3d-embroidery-trucker-hat\/#primaryimage\"},\"image\":{\"@id\":\"https:\/\/sumkcaps.com\/product\/sufox-231255-custom-five-panel-3d-embroidery-trucker-hat\/#primaryimage\"},\"thumbnailUrl\":\"https:\/\/sumkcaps.com\/wp-content\/uploads\/2022\/11\/5_panel_3d_embroidery_trucker_hat-1.jpg\",\"datePublished\":\"2022-11-10T06:56:01+00:00\",\"dateModified\":\"2025-07-30T06:57:01+00:00\",\"description\":\"Discover our Custom 5 Panel 3D Embroidery Trucker Hat\u2014premium comfort, breathable mesh, and stylish fit. Perfect for branding. Order wholesale today!\",\"breadcrumb\":{\"@id\":\"https:\/\/sumkcaps.com\/product\/sufox-231255-custom-five-panel-3d-embroidery-trucker-hat\/#breadcrumb\"},\"inLanguage\":\"it-IT\",\"potentialAction\":[{\"@type\":\"ReadAction\",\"target\":[\"https:\/\/sumkcaps.com\/product\/sufox-231255-custom-five-panel-3d-embroidery-trucker-hat\/\"]}]},{\"@type\":\"ImageObject\",\"inLanguage\":\"it-IT\",\"@id\":\"https:\/\/sumkcaps.com\/product\/sufox-231255-custom-five-panel-3d-embroidery-trucker-hat\/#primaryimage\",\"url\":\"https:\/\/sumkcaps.com\/wp-content\/uploads\/2022\/11\/5_panel_3d_embroidery_trucker_hat-1.jpg\",\"contentUrl\":\"https:\/\/sumkcaps.com\/wp-content\/uploads\/2022\/11\/5_panel_3d_embroidery_trucker_hat-1.jpg\",\"width\":1000,\"height\":1000,\"caption\":\"Custom Five Panel 3D Embroidery Trucker Hat Wholesale\"},{\"@type\":\"BreadcrumbList\",\"@id\":\"https:\/\/sumkcaps.com\/product\/sufox-231255-custom-five-panel-3d-embroidery-trucker-hat\/#breadcrumb\",\"itemListElement\":[{\"@type\":\"ListItem\",\"position\":1,\"name\":\"Home\",\"item\":\"https:\/\/sumkcaps.com\/\"},{\"@type\":\"ListItem\",\"position\":2,\"name\":\"Products\",\"item\":\"https:\/\/sumkcaps.com\/product\/\"},{\"@type\":\"ListItem\",\"position\":3,\"name\":\"Custom Five Panel 3D Embroidery Trucker Hat Wholesale\"}]},{\"@type\":\"WebSite\",\"@id\":\"https:\/\/sumkcaps.com\/#website\",\"url\":\"https:\/\/sumkcaps.com\/\",\"name\":\"Sumkcaps-China Original Headwear Manufacturer and Suppliers\",\"description\":\"We are China Cap And Hat Original Factory, whose main business is to custom cap and hat as client&#039;s LOGO. Any cap style, any cap color, any qty, any material and qty is no problem. In one words, any small details can be customized as your request.\",\"publisher\":{\"@id\":\"https:\/\/sumkcaps.com\/#organization\"},\"potentialAction\":[{\"@type\":\"SearchAction\",\"target\":{\"@type\":\"EntryPoint\",\"urlTemplate\":\"https:\/\/sumkcaps.com\/?s={search_term_string}\"},\"query-input\":{\"@type\":\"PropertyValueSpecification\",\"valueRequired\":true,\"valueName\":\"search_term_string\"}}],\"inLanguage\":\"it-IT\"},{\"@type\":\"Organization\",\"@id\":\"https:\/\/sumkcaps.com\/#organization\",\"name\":\"Sumkcaps-China Original Headwear Manufacturer and Suppliers\",\"url\":\"https:\/\/sumkcaps.com\/\",\"logo\":{\"@type\":\"ImageObject\",\"inLanguage\":\"it-IT\",\"@id\":\"https:\/\/sumkcaps.com\/#\/schema\/logo\/image\/\",\"url\":\"https:\/\/sumkcaps.com\/wp-content\/uploads\/2025\/12\/1234.jpg\",\"contentUrl\":\"https:\/\/sumkcaps.com\/wp-content\/uploads\/2025\/12\/1234.jpg\",\"width\":800,\"height\":800,\"caption\":\"Sumkcaps-China Original Headwear Manufacturer and Suppliers\"},\"image\":{\"@id\":\"https:\/\/sumkcaps.com\/#\/schema\/logo\/image\/\"},\"sameAs\":[\"https:\/\/www.facebook.com\/sumkcap\",\"https:\/\/www.instagram.com\/sumkcaps7\/\",\"https:\/\/www.pinterest.com\/sumkcapschina\/\"]}]}<\/script>\n<!-- \/ Yoast SEO Premium plugin. -->","yoast_head_json":{"title":"Cappello Trucker personalizzato a cinque pannelli con ricamo 3D all'ingrosso","description":"Scoprite il nostro cappello Trucker personalizzato con ricamo 3D a 5 pannelli: comfort di prima qualit\u00e0, rete traspirante e vestibilit\u00e0 elegante. Perfetto per il branding. Ordinate oggi all'ingrosso!","robots":{"index":"index","follow":"follow","max-snippet":"max-snippet:-1","max-image-preview":"max-image-preview:large","max-video-preview":"max-video-preview:-1"},"canonical":"https:\/\/sumkcaps.com\/it\/prodotto\/sufox-231255-cappello-trucker-personalizzato-a-cinque-pannelli-con-ricamo-3d\/","og_locale":"it_IT","og_type":"article","og_title":"Custom Five Panel 3D Embroidery Trucker Hat Wholesale - Sumkcaps","og_description":"Discover our Custom 5 Panel 3D Embroidery Trucker Hat\u2014premium comfort, breathable mesh, and stylish fit. Perfect for branding. Order wholesale today!","og_url":"https:\/\/sumkcaps.com\/it\/prodotto\/sufox-231255-cappello-trucker-personalizzato-a-cinque-pannelli-con-ricamo-3d\/","og_site_name":"Sumkcaps-China Original Headwear Manufacturer and Suppliers","article_publisher":"https:\/\/www.facebook.com\/sumkcap","article_modified_time":"2025-07-30T06:57:01+00:00","og_image":[{"width":1000,"height":1000,"url":"https:\/\/sumkcaps.com\/wp-content\/uploads\/2022\/11\/5_panel_3d_embroidery_trucker_hat-1.jpg","type":"image\/jpeg"}],"twitter_card":"summary_large_image","twitter_misc":{"Tempo di lettura stimato":"2 minuti"},"schema":{"@context":"https:\/\/schema.org","@graph":[{"@type":"WebPage","@id":"https:\/\/sumkcaps.com\/product\/sufox-231255-custom-five-panel-3d-embroidery-trucker-hat\/","url":"https:\/\/sumkcaps.com\/product\/sufox-231255-custom-five-panel-3d-embroidery-trucker-hat\/","name":"Cappello Trucker personalizzato a cinque pannelli con ricamo 3D all'ingrosso","isPartOf":{"@id":"https:\/\/sumkcaps.com\/#website"},"primaryImageOfPage":{"@id":"https:\/\/sumkcaps.com\/product\/sufox-231255-custom-five-panel-3d-embroidery-trucker-hat\/#primaryimage"},"image":{"@id":"https:\/\/sumkcaps.com\/product\/sufox-231255-custom-five-panel-3d-embroidery-trucker-hat\/#primaryimage"},"thumbnailUrl":"https:\/\/sumkcaps.com\/wp-content\/uploads\/2022\/11\/5_panel_3d_embroidery_trucker_hat-1.jpg","datePublished":"2022-11-10T06:56:01+00:00","dateModified":"2025-07-30T06:57:01+00:00","description":"Scoprite il nostro cappello Trucker personalizzato con ricamo 3D a 5 pannelli: comfort di prima qualit\u00e0, rete traspirante e vestibilit\u00e0 elegante. Perfetto per il branding. Ordinate oggi all'ingrosso!","breadcrumb":{"@id":"https:\/\/sumkcaps.com\/product\/sufox-231255-custom-five-panel-3d-embroidery-trucker-hat\/#breadcrumb"},"inLanguage":"it-IT","potentialAction":[{"@type":"ReadAction","target":["https:\/\/sumkcaps.com\/product\/sufox-231255-custom-five-panel-3d-embroidery-trucker-hat\/"]}]},{"@type":"ImageObject","inLanguage":"it-IT","@id":"https:\/\/sumkcaps.com\/product\/sufox-231255-custom-five-panel-3d-embroidery-trucker-hat\/#primaryimage","url":"https:\/\/sumkcaps.com\/wp-content\/uploads\/2022\/11\/5_panel_3d_embroidery_trucker_hat-1.jpg","contentUrl":"https:\/\/sumkcaps.com\/wp-content\/uploads\/2022\/11\/5_panel_3d_embroidery_trucker_hat-1.jpg","width":1000,"height":1000,"caption":"Custom Five Panel 3D Embroidery Trucker Hat Wholesale"},{"@type":"BreadcrumbList","@id":"https:\/\/sumkcaps.com\/product\/sufox-231255-custom-five-panel-3d-embroidery-trucker-hat\/#breadcrumb","itemListElement":[{"@type":"ListItem","position":1,"name":"Home","item":"https:\/\/sumkcaps.com\/"},{"@type":"ListItem","position":2,"name":"Products","item":"https:\/\/sumkcaps.com\/product\/"},{"@type":"ListItem","position":3,"name":"Custom Five Panel 3D Embroidery Trucker Hat Wholesale"}]},{"@type":"WebSite","@id":"https:\/\/sumkcaps.com\/#website","url":"https:\/\/sumkcaps.com\/","name":"Sumkcaps-Cina Produttore e fornitore di copricapi originali","description":"Siamo fabbrica originale del cappello e del cappuccio della Cina, di cui l'affare principale \u00e8 al cappuccio ed al cappello su ordinazione come client&#039;s LOGO. Qualsiasi stile del cappuccio, qualsiasi colore del cappuccio, qualsiasi qty, qualsiasi materiale e qty non \u00e8 un problema. In una parola, qualsiasi piccolo dettaglio pu\u00f2 essere personalizzato come vostra richiesta.","publisher":{"@id":"https:\/\/sumkcaps.com\/#organization"},"potentialAction":[{"@type":"SearchAction","target":{"@type":"EntryPoint","urlTemplate":"https:\/\/sumkcaps.com\/?s={search_term_string}"},"query-input":{"@type":"PropertyValueSpecification","valueRequired":true,"valueName":"search_term_string"}}],"inLanguage":"it-IT"},{"@type":"Organization","@id":"https:\/\/sumkcaps.com\/#organization","name":"Sumkcaps-Cina Produttore e fornitore di copricapi originali","url":"https:\/\/sumkcaps.com\/","logo":{"@type":"ImageObject","inLanguage":"it-IT","@id":"https:\/\/sumkcaps.com\/#\/schema\/logo\/image\/","url":"https:\/\/sumkcaps.com\/wp-content\/uploads\/2025\/12\/1234.jpg","contentUrl":"https:\/\/sumkcaps.com\/wp-content\/uploads\/2025\/12\/1234.jpg","width":800,"height":800,"caption":"Sumkcaps-China Original Headwear Manufacturer and Suppliers"},"image":{"@id":"https:\/\/sumkcaps.com\/#\/schema\/logo\/image\/"},"sameAs":["https:\/\/www.facebook.com\/sumkcap","https:\/\/www.instagram.com\/sumkcaps7\/","https:\/\/www.pinterest.com\/sumkcapschina\/"]}]}},"taxonomy_info":{"product_cat":[{"value":693,"label":"Hat"},{"value":942,"label":"5 Panel Trucker Hat"},{"value":943,"label":"Custom Embroidered 5 Panel Hats"}]},"featured_image_src_large":["https:\/\/sumkcaps.com\/wp-content\/uploads\/2022\/11\/5_panel_3d_embroidery_trucker_hat-1.jpg",800,800,false],"author_info":[],"comment_info":"","_links":{"self":[{"href":"https:\/\/sumkcaps.com\/it\/wp-json\/wp\/v2\/product\/19685","targetHints":{"allow":["GET"]}}],"collection":[{"href":"https:\/\/sumkcaps.com\/it\/wp-json\/wp\/v2\/product"}],"about":[{"href":"https:\/\/sumkcaps.com\/it\/wp-json\/wp\/v2\/types\/product"}],"wp:featuredmedia":[{"embeddable":true,"href":"https:\/\/sumkcaps.com\/it\/wp-json\/wp\/v2\/media\/19686"}],"wp:attachment":[{"href":"https:\/\/sumkcaps.com\/it\/wp-json\/wp\/v2\/media?parent=19685"}],"wp:term":[{"taxonomy":"product_brand","embeddable":true,"href":"https:\/\/sumkcaps.com\/it\/wp-json\/wp\/v2\/product_brand?post=19685"},{"taxonomy":"product_cat","embeddable":true,"href":"https:\/\/sumkcaps.com\/it\/wp-json\/wp\/v2\/product_cat?post=19685"},{"taxonomy":"product_tag","embeddable":true,"href":"https:\/\/sumkcaps.com\/it\/wp-json\/wp\/v2\/product_tag?post=19685"}],"curies":[{"name":"wp","href":"https:\/\/api.w.org\/{rel}","templated":true}]}}