{"id":18380,"date":"2022-11-03T09:18:24","date_gmt":"2022-11-03T01:18:24","guid":{"rendered":"https:\/\/sumkcaps.com\/?post_type=product&#038;p=18380"},"modified":"2025-11-04T15:44:19","modified_gmt":"2025-11-04T07:44:19","slug":"sufox-231166-custom-six-panel-embroidery-vintage-wash-baseball-cap","status":"publish","type":"product","link":"https:\/\/sumkcaps.com\/it\/prodotto\/sufox-231166-cappellino-da-baseball-a-sei-pannelli-con-ricamo-vintage-wash\/","title":{"rendered":"Sumkcaps 231166 Cappello da baseball a sei pannelli personalizzato con ricamo vintage Wash"},"content":{"rendered":"<h3 data-start=\"108\" data-end=\"309\"><strong data-start=\"108\" data-end=\"129\">Design a sei pannelli:<\/strong><\/h3>\n<p data-start=\"108\" data-end=\"309\">La classica struttura a sei pannelli garantisce una forma strutturata e resistente, dando al <a href=\"https:\/\/sumkcaps.com\/product\/sufox-231166-custom-six-panel-embroidery-vintage-wash-baseball-cap\/\">tappo<\/a> uno stile da baseball senza tempo, garantendo al tempo stesso stabilit\u00e0 e una calzata confortevole per essere indossate tutto il giorno.<\/p>\n<h3 data-start=\"313\" data-end=\"513\"><strong data-start=\"313\" data-end=\"337\">Finitura Vintage Wash:<\/strong><\/h3>\n<p data-start=\"313\" data-end=\"513\">Ogni berretto viene accuratamente lavato per creare un aspetto vintage morbido e consumato, conferendogli un carattere unico e sottili variazioni di colore che esaltano il fascino della moda e lo stile individuale.<\/p>\n<h3 data-start=\"517\" data-end=\"735\"><strong data-start=\"517\" data-end=\"545\">Cotone Premium Materiale:<\/strong><\/h3>\n<p data-start=\"517\" data-end=\"735\">Realizzato in cotone 100% di alta qualit\u00e0, offre traspirabilit\u00e0, morbidezza e durata nel tempo, rendendolo ideale per l'abbigliamento quotidiano, le attivit\u00e0 all'aria aperta e l'uso prolungato senza disagi.<\/p>\n<h3 data-start=\"739\" data-end=\"941\"><strong data-start=\"739\" data-end=\"768\">Leggero e traspirante:<\/strong><\/h3>\n<p data-start=\"739\" data-end=\"941\">Progettato per essere leggero sulla testa, questo berretto garantisce un flusso d'aria e un comfort ottimali anche quando fa caldo, rendendolo perfetto per le uscite casual, lo sport e i lunghi eventi all'aperto.<\/p>\n<h3 data-start=\"945\" data-end=\"1152\"><strong data-start=\"945\" data-end=\"966\">Visiera precurvata:<\/strong><\/h3>\n<p data-start=\"945\" data-end=\"1152\">La tesa naturalmente ricurva protegge gli occhi dal sole mantenendo un look rilassato ed elegante. Mantiene bene la forma e aggiunge una finitura professionale al design complessivo del berretto.<\/p>\n<h3 data-start=\"1156\" data-end=\"1365\"><strong data-start=\"1156\" data-end=\"1182\">Vestibilit\u00e0 regolabile (OSFM):<\/strong><\/h3>\n<p data-start=\"1156\" data-end=\"1365\">Una taglia unica (7 - 7 3\/4) con cinturino regolabile, che garantisce una vestibilit\u00e0 sicura e personalizzabile per le diverse dimensioni della testa, mantenendo il comfort e la stabilit\u00e0 per tutto il giorno.<\/p>\n<h3 data-start=\"1369\" data-end=\"1579\"><strong data-start=\"1369\" data-end=\"1397\">Ricamo personalizzato pronto:<\/strong><\/h3>\n<p data-start=\"1369\" data-end=\"1579\">Perfetto per l'aggiunta di loghi, testi o motivi unici, consente a marchi, squadre o progetti personali di personalizzare completamente il berretto, rendendolo una scelta ideale per il merchandising promozionale.<\/p>\n<h3 data-start=\"1583\" data-end=\"1798\"><strong data-start=\"1583\" data-end=\"1610\">Molteplici opzioni di colore:<\/strong><\/h3>\n<p data-start=\"1583\" data-end=\"1798\">Disponibili nel classico nero o in colori completamente personalizzati, offrono la flessibilit\u00e0 necessaria per abbinare il marchio, le uniformi o le preferenze di stile personale, mantenendo un aspetto coerente e di alta qualit\u00e0.<\/p>\n<h3 data-start=\"1802\" data-end=\"2013\"><strong data-start=\"1802\" data-end=\"1824\">Servizio OEM e ODM:<\/strong><\/h3>\n<p data-start=\"1802\" data-end=\"2013\">Supporta sia la produzione di apparecchiature originali (OEM) sia la produzione di progetti originali (ODM), offrendo una guida professionale e una produzione su misura per ordini di grandi quantit\u00e0 o progetti esclusivi.<\/p>\n<h3 data-start=\"2017\" data-end=\"2223\"><strong data-start=\"2017\" data-end=\"2039\">Cuciture resistenti:<\/strong><\/h3>\n<p data-start=\"2017\" data-end=\"2223\">Le cuciture rinforzate su tutto il berretto assicurano una lunga durata, evitando sfilacciamenti o usura, mentre i ricami sono resistenti ai lavaggi e mantengono un look di qualit\u00e0 nel tempo.<\/p>\n<h3 data-start=\"2227\" data-end=\"2435\"><strong data-start=\"2227\" data-end=\"2247\">Stile versatile:<\/strong><\/h3>\n<p data-start=\"2227\" data-end=\"2435\">Questo berretto unisce l'estetica vintage alla moda casual, rendendolo adatto allo streetwear, allo sport, alle avventure all'aperto, agli eventi promozionali o agli outfit casual di tutti i giorni per tutte le fasce d'et\u00e0.<\/p>\n<h3 data-start=\"2439\" data-end=\"2643\"><strong data-start=\"2439\" data-end=\"2470\">Quantit\u00e0 minima d'ordine bassa:<\/strong><\/h3>\n<p data-start=\"2439\" data-end=\"2643\">Con un MOQ di soli 200 pezzi per design e per colore, i marchi medio-piccoli o le startup possono facilmente effettuare un ordine senza grandi costi iniziali, rendendolo altamente accessibile.<\/p>\n<h3 data-start=\"2647\" data-end=\"2845\"><strong data-start=\"2647\" data-end=\"2668\">Tempi rapidi:<\/strong><\/h3>\n<p data-start=\"2647\" data-end=\"2845\">Produzione rapida di campioni in 7-9 giorni lavorativi e produzione di massa in 18-22 giorni lavorativi, per consentire ai marchi di lanciare rapidamente i prodotti o di soddisfare le richieste urgenti del mercato senza ritardi.<\/p>","protected":false},"excerpt":{"rendered":"<p>Sumkcaps 231166 Custom Six Panel Embroidery Vintage Wash Baseball Cap \u00e8 uno degli stili pi\u00f9 popolari di berretto, leggero e traspirante. I nostri Snapback sono disponibili in una variet\u00e0 di stili e colori di tutte le migliori marche.<\/p>","protected":false},"featured_media":18381,"template":"","meta":{"_acf_changed":false,"_kad_blocks_custom_css":"","_kad_blocks_head_custom_js":"","_kad_blocks_body_custom_js":"","_kad_blocks_footer_custom_js":""},"product_brand":[],"product_cat":[38],"product_tag":[],"class_list":{"0":"post-18380","1":"product","2":"type-product","3":"status-publish","4":"has-post-thumbnail","6":"product_cat-baseball-cap-supplier","8":"first","9":"outofstock","10":"shipping-taxable","11":"product-type-simple"},"acf":[],"yoast_head":"<!-- This site is optimized with the Yoast SEO Premium plugin v20.8 (Yoast SEO v25.9) - https:\/\/yoast.com\/wordpress\/plugins\/seo\/ -->\n<title>Custom Embroidery Wash Baseball Cap | China Manufactuer<\/title>\n<meta name=\"description\" content=\"We are dedicated to manufacturing Premium Custom Caps, beanies and bucket hats. Patches available. Many custom options. Expert Service. Quick delivery.\" \/>\n<meta name=\"robots\" content=\"index, follow, max-snippet:-1, max-image-preview:large, max-video-preview:-1\" \/>\n<link rel=\"canonical\" href=\"https:\/\/sumkcaps.com\/it\/prodotto\/sufox-231166-cappellino-da-baseball-a-sei-pannelli-con-ricamo-vintage-wash\/\" \/>\n<meta property=\"og:locale\" content=\"it_IT\" \/>\n<meta property=\"og:type\" content=\"article\" \/>\n<meta property=\"og:title\" content=\"Sumkcaps 231166 Custom Six Panel Embroidery Vintage Wash Baseball Cap - Sumkcaps\" \/>\n<meta property=\"og:description\" content=\"We are dedicated to manufacturing Premium Custom Caps, beanies and bucket hats. Patches available. Many custom options. Expert Service. Quick delivery.\" \/>\n<meta property=\"og:url\" content=\"https:\/\/sumkcaps.com\/it\/prodotto\/sufox-231166-cappellino-da-baseball-a-sei-pannelli-con-ricamo-vintage-wash\/\" \/>\n<meta property=\"og:site_name\" content=\"Sumkcaps-China Original Headwear Manufacturer and Suppliers\" \/>\n<meta property=\"article:publisher\" content=\"https:\/\/www.facebook.com\/sumkcap\" \/>\n<meta property=\"article:modified_time\" content=\"2025-11-04T07:44:19+00:00\" \/>\n<meta property=\"og:image\" content=\"https:\/\/sumkcaps.com\/wp-content\/uploads\/2022\/11\/6_panel_embroidery_Vintage_Wash_baseball_cap-1.jpg\" \/>\n\t<meta property=\"og:image:width\" content=\"1000\" \/>\n\t<meta property=\"og:image:height\" content=\"1000\" \/>\n\t<meta property=\"og:image:type\" content=\"image\/jpeg\" \/>\n<meta name=\"twitter:card\" content=\"summary_large_image\" \/>\n<meta name=\"twitter:label1\" content=\"Tempo di lettura stimato\" \/>\n\t<meta name=\"twitter:data1\" content=\"2 minuti\" \/>\n<script type=\"application\/ld+json\" class=\"yoast-schema-graph\">{\"@context\":\"https:\/\/schema.org\",\"@graph\":[{\"@type\":\"WebPage\",\"@id\":\"https:\/\/sumkcaps.com\/product\/sufox-231166-custom-six-panel-embroidery-vintage-wash-baseball-cap\/\",\"url\":\"https:\/\/sumkcaps.com\/product\/sufox-231166-custom-six-panel-embroidery-vintage-wash-baseball-cap\/\",\"name\":\"Custom Embroidery Wash Baseball Cap | China Manufactuer\",\"isPartOf\":{\"@id\":\"https:\/\/sumkcaps.com\/#website\"},\"primaryImageOfPage\":{\"@id\":\"https:\/\/sumkcaps.com\/product\/sufox-231166-custom-six-panel-embroidery-vintage-wash-baseball-cap\/#primaryimage\"},\"image\":{\"@id\":\"https:\/\/sumkcaps.com\/product\/sufox-231166-custom-six-panel-embroidery-vintage-wash-baseball-cap\/#primaryimage\"},\"thumbnailUrl\":\"https:\/\/sumkcaps.com\/wp-content\/uploads\/2022\/11\/6_panel_embroidery_Vintage_Wash_baseball_cap-1.jpg\",\"datePublished\":\"2022-11-03T01:18:24+00:00\",\"dateModified\":\"2025-11-04T07:44:19+00:00\",\"description\":\"We are dedicated to manufacturing Premium Custom Caps, beanies and bucket hats. Patches available. Many custom options. Expert Service. Quick delivery.\",\"breadcrumb\":{\"@id\":\"https:\/\/sumkcaps.com\/product\/sufox-231166-custom-six-panel-embroidery-vintage-wash-baseball-cap\/#breadcrumb\"},\"inLanguage\":\"it-IT\",\"potentialAction\":[{\"@type\":\"ReadAction\",\"target\":[\"https:\/\/sumkcaps.com\/product\/sufox-231166-custom-six-panel-embroidery-vintage-wash-baseball-cap\/\"]}]},{\"@type\":\"ImageObject\",\"inLanguage\":\"it-IT\",\"@id\":\"https:\/\/sumkcaps.com\/product\/sufox-231166-custom-six-panel-embroidery-vintage-wash-baseball-cap\/#primaryimage\",\"url\":\"https:\/\/sumkcaps.com\/wp-content\/uploads\/2022\/11\/6_panel_embroidery_Vintage_Wash_baseball_cap-1.jpg\",\"contentUrl\":\"https:\/\/sumkcaps.com\/wp-content\/uploads\/2022\/11\/6_panel_embroidery_Vintage_Wash_baseball_cap-1.jpg\",\"width\":1000,\"height\":1000},{\"@type\":\"BreadcrumbList\",\"@id\":\"https:\/\/sumkcaps.com\/product\/sufox-231166-custom-six-panel-embroidery-vintage-wash-baseball-cap\/#breadcrumb\",\"itemListElement\":[{\"@type\":\"ListItem\",\"position\":1,\"name\":\"Home\",\"item\":\"https:\/\/sumkcaps.com\/\"},{\"@type\":\"ListItem\",\"position\":2,\"name\":\"Products\",\"item\":\"https:\/\/sumkcaps.com\/product\/\"},{\"@type\":\"ListItem\",\"position\":3,\"name\":\"Sumkcaps 231166 Custom Six Panel Embroidery Vintage Wash Baseball Cap\"}]},{\"@type\":\"WebSite\",\"@id\":\"https:\/\/sumkcaps.com\/#website\",\"url\":\"https:\/\/sumkcaps.com\/\",\"name\":\"Sumkcaps-China Original Headwear Manufacturer and Suppliers\",\"description\":\"We are China Cap And Hat Original Factory, whose main business is to custom cap and hat as client&#039;s LOGO. Any cap style, any cap color, any qty, any material and qty is no problem. In one words, any small details can be customized as your request.\",\"publisher\":{\"@id\":\"https:\/\/sumkcaps.com\/#organization\"},\"potentialAction\":[{\"@type\":\"SearchAction\",\"target\":{\"@type\":\"EntryPoint\",\"urlTemplate\":\"https:\/\/sumkcaps.com\/?s={search_term_string}\"},\"query-input\":{\"@type\":\"PropertyValueSpecification\",\"valueRequired\":true,\"valueName\":\"search_term_string\"}}],\"inLanguage\":\"it-IT\"},{\"@type\":\"Organization\",\"@id\":\"https:\/\/sumkcaps.com\/#organization\",\"name\":\"Sumkcaps-China Original Headwear Manufacturer and Suppliers\",\"url\":\"https:\/\/sumkcaps.com\/\",\"logo\":{\"@type\":\"ImageObject\",\"inLanguage\":\"it-IT\",\"@id\":\"https:\/\/sumkcaps.com\/#\/schema\/logo\/image\/\",\"url\":\"https:\/\/sumkcaps.com\/wp-content\/uploads\/2025\/12\/1234.jpg\",\"contentUrl\":\"https:\/\/sumkcaps.com\/wp-content\/uploads\/2025\/12\/1234.jpg\",\"width\":800,\"height\":800,\"caption\":\"Sumkcaps-China Original Headwear Manufacturer and Suppliers\"},\"image\":{\"@id\":\"https:\/\/sumkcaps.com\/#\/schema\/logo\/image\/\"},\"sameAs\":[\"https:\/\/www.facebook.com\/sumkcap\",\"https:\/\/www.instagram.com\/sumkcaps7\/\",\"https:\/\/www.pinterest.com\/sumkcapschina\/\"]}]}<\/script>\n<!-- \/ Yoast SEO Premium plugin. -->","yoast_head_json":{"title":"Personalizzato ricamo Wash Baseball Cap | Cina Manufactuer","description":"Ci dedichiamo alla produzione di cappellini, berretti e cappelli a secchiello personalizzati di alta qualit\u00e0. Sono disponibili toppe. Molte opzioni personalizzate. Servizio esperto. Consegna rapida.","robots":{"index":"index","follow":"follow","max-snippet":"max-snippet:-1","max-image-preview":"max-image-preview:large","max-video-preview":"max-video-preview:-1"},"canonical":"https:\/\/sumkcaps.com\/it\/prodotto\/sufox-231166-cappellino-da-baseball-a-sei-pannelli-con-ricamo-vintage-wash\/","og_locale":"it_IT","og_type":"article","og_title":"Sumkcaps 231166 Custom Six Panel Embroidery Vintage Wash Baseball Cap - Sumkcaps","og_description":"We are dedicated to manufacturing Premium Custom Caps, beanies and bucket hats. Patches available. Many custom options. Expert Service. Quick delivery.","og_url":"https:\/\/sumkcaps.com\/it\/prodotto\/sufox-231166-cappellino-da-baseball-a-sei-pannelli-con-ricamo-vintage-wash\/","og_site_name":"Sumkcaps-China Original Headwear Manufacturer and Suppliers","article_publisher":"https:\/\/www.facebook.com\/sumkcap","article_modified_time":"2025-11-04T07:44:19+00:00","og_image":[{"width":1000,"height":1000,"url":"https:\/\/sumkcaps.com\/wp-content\/uploads\/2022\/11\/6_panel_embroidery_Vintage_Wash_baseball_cap-1.jpg","type":"image\/jpeg"}],"twitter_card":"summary_large_image","twitter_misc":{"Tempo di lettura stimato":"2 minuti"},"schema":{"@context":"https:\/\/schema.org","@graph":[{"@type":"WebPage","@id":"https:\/\/sumkcaps.com\/product\/sufox-231166-custom-six-panel-embroidery-vintage-wash-baseball-cap\/","url":"https:\/\/sumkcaps.com\/product\/sufox-231166-custom-six-panel-embroidery-vintage-wash-baseball-cap\/","name":"Personalizzato ricamo Wash Baseball Cap | Cina Manufactuer","isPartOf":{"@id":"https:\/\/sumkcaps.com\/#website"},"primaryImageOfPage":{"@id":"https:\/\/sumkcaps.com\/product\/sufox-231166-custom-six-panel-embroidery-vintage-wash-baseball-cap\/#primaryimage"},"image":{"@id":"https:\/\/sumkcaps.com\/product\/sufox-231166-custom-six-panel-embroidery-vintage-wash-baseball-cap\/#primaryimage"},"thumbnailUrl":"https:\/\/sumkcaps.com\/wp-content\/uploads\/2022\/11\/6_panel_embroidery_Vintage_Wash_baseball_cap-1.jpg","datePublished":"2022-11-03T01:18:24+00:00","dateModified":"2025-11-04T07:44:19+00:00","description":"Ci dedichiamo alla produzione di cappellini, berretti e cappelli a secchiello personalizzati di alta qualit\u00e0. Sono disponibili toppe. Molte opzioni personalizzate. Servizio esperto. Consegna rapida.","breadcrumb":{"@id":"https:\/\/sumkcaps.com\/product\/sufox-231166-custom-six-panel-embroidery-vintage-wash-baseball-cap\/#breadcrumb"},"inLanguage":"it-IT","potentialAction":[{"@type":"ReadAction","target":["https:\/\/sumkcaps.com\/product\/sufox-231166-custom-six-panel-embroidery-vintage-wash-baseball-cap\/"]}]},{"@type":"ImageObject","inLanguage":"it-IT","@id":"https:\/\/sumkcaps.com\/product\/sufox-231166-custom-six-panel-embroidery-vintage-wash-baseball-cap\/#primaryimage","url":"https:\/\/sumkcaps.com\/wp-content\/uploads\/2022\/11\/6_panel_embroidery_Vintage_Wash_baseball_cap-1.jpg","contentUrl":"https:\/\/sumkcaps.com\/wp-content\/uploads\/2022\/11\/6_panel_embroidery_Vintage_Wash_baseball_cap-1.jpg","width":1000,"height":1000},{"@type":"BreadcrumbList","@id":"https:\/\/sumkcaps.com\/product\/sufox-231166-custom-six-panel-embroidery-vintage-wash-baseball-cap\/#breadcrumb","itemListElement":[{"@type":"ListItem","position":1,"name":"Home","item":"https:\/\/sumkcaps.com\/"},{"@type":"ListItem","position":2,"name":"Products","item":"https:\/\/sumkcaps.com\/product\/"},{"@type":"ListItem","position":3,"name":"Sumkcaps 231166 Custom Six Panel Embroidery Vintage Wash Baseball Cap"}]},{"@type":"WebSite","@id":"https:\/\/sumkcaps.com\/#website","url":"https:\/\/sumkcaps.com\/","name":"Sumkcaps-Cina Produttore e fornitore di copricapi originali","description":"Siamo fabbrica originale del cappello e del cappuccio della Cina, di cui l'affare principale \u00e8 al cappuccio ed al cappello su ordinazione come client&#039;s LOGO. Qualsiasi stile del cappuccio, qualsiasi colore del cappuccio, qualsiasi qty, qualsiasi materiale e qty non \u00e8 un problema. In una parola, qualsiasi piccolo dettaglio pu\u00f2 essere personalizzato come vostra richiesta.","publisher":{"@id":"https:\/\/sumkcaps.com\/#organization"},"potentialAction":[{"@type":"SearchAction","target":{"@type":"EntryPoint","urlTemplate":"https:\/\/sumkcaps.com\/?s={search_term_string}"},"query-input":{"@type":"PropertyValueSpecification","valueRequired":true,"valueName":"search_term_string"}}],"inLanguage":"it-IT"},{"@type":"Organization","@id":"https:\/\/sumkcaps.com\/#organization","name":"Sumkcaps-Cina Produttore e fornitore di copricapi originali","url":"https:\/\/sumkcaps.com\/","logo":{"@type":"ImageObject","inLanguage":"it-IT","@id":"https:\/\/sumkcaps.com\/#\/schema\/logo\/image\/","url":"https:\/\/sumkcaps.com\/wp-content\/uploads\/2025\/12\/1234.jpg","contentUrl":"https:\/\/sumkcaps.com\/wp-content\/uploads\/2025\/12\/1234.jpg","width":800,"height":800,"caption":"Sumkcaps-China Original Headwear Manufacturer and Suppliers"},"image":{"@id":"https:\/\/sumkcaps.com\/#\/schema\/logo\/image\/"},"sameAs":["https:\/\/www.facebook.com\/sumkcap","https:\/\/www.instagram.com\/sumkcaps7\/","https:\/\/www.pinterest.com\/sumkcapschina\/"]}]}},"taxonomy_info":{"product_cat":[{"value":38,"label":"Baseball Cap"}]},"featured_image_src_large":["https:\/\/sumkcaps.com\/wp-content\/uploads\/2022\/11\/6_panel_embroidery_Vintage_Wash_baseball_cap-1.jpg",800,800,false],"author_info":[],"comment_info":"","_links":{"self":[{"href":"https:\/\/sumkcaps.com\/it\/wp-json\/wp\/v2\/product\/18380","targetHints":{"allow":["GET"]}}],"collection":[{"href":"https:\/\/sumkcaps.com\/it\/wp-json\/wp\/v2\/product"}],"about":[{"href":"https:\/\/sumkcaps.com\/it\/wp-json\/wp\/v2\/types\/product"}],"wp:featuredmedia":[{"embeddable":true,"href":"https:\/\/sumkcaps.com\/it\/wp-json\/wp\/v2\/media\/18381"}],"wp:attachment":[{"href":"https:\/\/sumkcaps.com\/it\/wp-json\/wp\/v2\/media?parent=18380"}],"wp:term":[{"taxonomy":"product_brand","embeddable":true,"href":"https:\/\/sumkcaps.com\/it\/wp-json\/wp\/v2\/product_brand?post=18380"},{"taxonomy":"product_cat","embeddable":true,"href":"https:\/\/sumkcaps.com\/it\/wp-json\/wp\/v2\/product_cat?post=18380"},{"taxonomy":"product_tag","embeddable":true,"href":"https:\/\/sumkcaps.com\/it\/wp-json\/wp\/v2\/product_tag?post=18380"}],"curies":[{"name":"wp","href":"https:\/\/api.w.org\/{rel}","templated":true}]}}